

{"id":14184,"date":"2024-01-26T16:40:53","date_gmt":"2024-01-26T19:40:53","guid":{"rendered":"https:\/\/siteshom.goias.gov.br\/agricultura\/agenda-de-autoridades\/"},"modified":"2026-01-28T09:08:04","modified_gmt":"2026-01-28T12:08:04","slug":"agenda-de-autoridades-2","status":"publish","type":"page","link":"https:\/\/goias.gov.br\/agricultura\/agenda-de-autoridades-2\/","title":{"rendered":"Agenda de Autoridades"},"content":{"rendered":"\n<p><strong style=\"margin-block-end: -1.8rem\"><a href=\"https:\/\/goias.gov.br\/agricultura\/secretario-de-estado\/\">Secret\u00e1rio de Estado<\/a><\/strong><br>PEDRO LEONARDO DE PAULA REZENDE<\/p>\n\n\n\n<p><strong style=\"margin-block-end: -1.8rem\"><a href=\"https:\/\/goias.gov.br\/agricultura\/subsecretaria-de-agricultura-familiar-producao-rural-e-inclusao-produtiva\/\">Subsecret\u00e1ria de Agricultura Familiar, Produ\u00e7\u00e3o Rural e Inclus\u00e3o Produtiva<\/a><\/strong><br>GLAUCILENE DUARTE CARVALHO<\/p>\n\n\n\n<p><strong style=\"margin-block-end: -1.8rem\"><a href=\"https:\/\/goias.gov.br\/agricultura\/chefe-de-gabinete\/\">Chefe de Gabinete<\/a><\/strong><br>PAULA STELLA ROSA COELHO<\/p>\n\n\n\n<p><strong style=\"margin-block-end: -1.8rem\"><a href=\"https:\/\/goias.gov.br\/agricultura\/chefe-de-comunicacao-setorial\/\">Chefe de Comunica\u00e7\u00e3o Setorial<\/a><\/strong><br>ANA FLAVIA OLIVEIRA MARINHO<\/p>\n\n\n\n<p><strong style=\"margin-block-end: -1.8rem\"><a href=\"https:\/\/goias.gov.br\/agricultura\/chefe-da-procuradoria-setorial\/\">Chefe da Procuradoria Setorial<\/a><\/strong><br>ALERTE MARTINS DE JESUS<\/p>\n\n\n\n<p><strong style=\"margin-block-end: -1.8rem\"><a href=\"https:\/\/goias.gov.br\/agricultura\/superintendente-de-producao-rural\/\">Superintendente de Produ\u00e7\u00e3o Rural<\/a><\/strong><br>PATRICIA HONORATO DE CARVALHO<\/p>\n\n\n\n<p><strong style=\"margin-block-end: -1.8rem\"><a href=\"https:\/\/goias.gov.br\/agricultura\/superintendente-de-engenharia-agricola-e-desenvolvimento-sustentavel\/\">Superintendente de Engenharia Agr\u00edcola e Desenvolvimento Sustent\u00e1vel<\/a><\/strong><br>JOAO ASMAR JUNIOR<\/p>\n\n\n\n<p><strong style=\"margin-block-end: -1.8rem\"><a href=\"https:\/\/goias.gov.br\/agricultura\/superintendente-de-gestao-integrada\/\">Superintendente de Gest\u00e3o Integrada<\/a><\/strong><br>RENATO DE SOUSA FARIA<\/p>\n\n\n\n<p><strong style=\"margin-block-end: -1.8rem\"><a href=\"https:\/\/goias.gov.br\/agricultura\/assessor-de-apoio-as-jurisdicionadas\/\">Assessor de Apoio \u00e0s Jurisdicionadas<\/a><\/strong><br>MANOEL PEREIRA MACHADO NETO<\/p>\n\n\n\n<p><strong style=\"margin-block-end: -1.8rem\"><a href=\"https:\/\/goias.gov.br\/agricultura\/chefe-do-escritorio-de-projetos-setorial\/\">Chefe do Escrit\u00f3rio de Projetos Setorial<\/a><\/strong><br>FERNANDA DE QUEIROZ FR\u00d3ES<\/p>\n","protected":false},"excerpt":{"rendered":"<p>Secret\u00e1rio de EstadoPEDRO LEONARDO DE PAULA REZENDE Subsecret\u00e1ria de Agricultura Familiar, Produ\u00e7\u00e3o Rural e Inclus\u00e3o ProdutivaGLAUCILENE DUARTE CARVALHO Chefe de GabinetePAULA STELLA ROSA COELHO Chefe de Comunica\u00e7\u00e3o SetorialANA FLAVIA OLIVEIRA MARINHO Chefe da Procuradoria SetorialALERTE MARTINS DE JESUS Superintendente de Produ\u00e7\u00e3o RuralPATRICIA HONORATO DE CARVALHO Superintendente de Engenharia Agr\u00edcola e Desenvolvimento Sustent\u00e1velJOAO ASMAR JUNIOR Superintendente [&hellip;]<\/p>\n","protected":false},"author":295,"featured_media":0,"parent":0,"menu_order":0,"comment_status":"closed","ping_status":"closed","template":"","meta":{"footnotes":""},"class_list":["post-14184","page","type-page","status-publish","hentry"],"rttpg_featured_image_url":null,"rttpg_author":{"display_name":"rafaelcorreia","author_link":"https:\/\/goias.gov.br\/agricultura\/author\/rafaelcorreia\/"},"rttpg_comment":0,"rttpg_category":null,"rttpg_excerpt":"Secret\u00e1rio de EstadoPEDRO LEONARDO DE PAULA REZENDE Subsecret\u00e1ria de Agricultura Familiar, Produ\u00e7\u00e3o Rural e Inclus\u00e3o ProdutivaGLAUCILENE DUARTE CARVALHO Chefe de GabinetePAULA STELLA ROSA COELHO Chefe de Comunica\u00e7\u00e3o SetorialANA FLAVIA OLIVEIRA MARINHO Chefe da Procuradoria SetorialALERTE MARTINS DE JESUS Superintendente de Produ\u00e7\u00e3o RuralPATRICIA HONORATO DE CARVALHO Superintendente de Engenharia Agr\u00edcola e Desenvolvimento Sustent\u00e1velJOAO ASMAR JUNIOR Superintendente&hellip;","_links":{"self":[{"href":"https:\/\/goias.gov.br\/agricultura\/wp-json\/wp\/v2\/pages\/14184","targetHints":{"allow":["GET"]}}],"collection":[{"href":"https:\/\/goias.gov.br\/agricultura\/wp-json\/wp\/v2\/pages"}],"about":[{"href":"https:\/\/goias.gov.br\/agricultura\/wp-json\/wp\/v2\/types\/page"}],"author":[{"embeddable":true,"href":"https:\/\/goias.gov.br\/agricultura\/wp-json\/wp\/v2\/users\/295"}],"replies":[{"embeddable":true,"href":"https:\/\/goias.gov.br\/agricultura\/wp-json\/wp\/v2\/comments?post=14184"}],"version-history":[{"count":2,"href":"https:\/\/goias.gov.br\/agricultura\/wp-json\/wp\/v2\/pages\/14184\/revisions"}],"predecessor-version":[{"id":72649,"href":"https:\/\/goias.gov.br\/agricultura\/wp-json\/wp\/v2\/pages\/14184\/revisions\/72649"}],"wp:attachment":[{"href":"https:\/\/goias.gov.br\/agricultura\/wp-json\/wp\/v2\/media?parent=14184"}],"curies":[{"name":"wp","href":"https:\/\/api.w.org\/{rel}","templated":true}]}}