

{"id":14159,"date":"2024-01-26T14:47:38","date_gmt":"2024-01-26T17:47:38","guid":{"rendered":"https:\/\/siteshom.goias.gov.br\/agricultura\/?page_id=14159"},"modified":"2024-01-26T14:47:38","modified_gmt":"2024-01-26T17:47:38","slug":"regularizacao-fundiaria","status":"publish","type":"page","link":"https:\/\/goias.gov.br\/agricultura\/regularizacao-fundiaria\/","title":{"rendered":"Regulariza\u00e7\u00e3o Fundi\u00e1ria"},"content":{"rendered":"","protected":false},"excerpt":{"rendered":"","protected":false},"author":7,"featured_media":0,"parent":0,"menu_order":0,"comment_status":"closed","ping_status":"closed","template":"wppb_theme_template","meta":{"footnotes":""},"class_list":["post-14159","page","type-page","status-publish","hentry"],"rttpg_featured_image_url":null,"rttpg_author":{"display_name":"gustavogoncalves","author_link":"https:\/\/goias.gov.br\/agricultura\/author\/gustavogoncalves\/"},"rttpg_comment":0,"rttpg_category":null,"rttpg_excerpt":null,"_links":{"self":[{"href":"https:\/\/goias.gov.br\/agricultura\/wp-json\/wp\/v2\/pages\/14159","targetHints":{"allow":["GET"]}}],"collection":[{"href":"https:\/\/goias.gov.br\/agricultura\/wp-json\/wp\/v2\/pages"}],"about":[{"href":"https:\/\/goias.gov.br\/agricultura\/wp-json\/wp\/v2\/types\/page"}],"author":[{"embeddable":true,"href":"https:\/\/goias.gov.br\/agricultura\/wp-json\/wp\/v2\/users\/7"}],"replies":[{"embeddable":true,"href":"https:\/\/goias.gov.br\/agricultura\/wp-json\/wp\/v2\/comments?post=14159"}],"version-history":[{"count":1,"href":"https:\/\/goias.gov.br\/agricultura\/wp-json\/wp\/v2\/pages\/14159\/revisions"}],"predecessor-version":[{"id":14160,"href":"https:\/\/goias.gov.br\/agricultura\/wp-json\/wp\/v2\/pages\/14159\/revisions\/14160"}],"wp:attachment":[{"href":"https:\/\/goias.gov.br\/agricultura\/wp-json\/wp\/v2\/media?parent=14159"}],"curies":[{"name":"wp","href":"https:\/\/api.w.org\/{rel}","templated":true}]}}