

{"id":78777,"date":"2024-07-08T11:03:41","date_gmt":"2024-07-08T14:03:41","guid":{"rendered":"https:\/\/goias.gov.br\/agr\/?page_id=78777"},"modified":"2026-01-21T15:55:40","modified_gmt":"2026-01-21T18:55:40","slug":"projeto-acertar","status":"publish","type":"page","link":"https:\/\/goias.gov.br\/agr\/saneamento-basico\/projeto-acertar\/","title":{"rendered":"Projeto Acertar"},"content":{"rendered":"\n<div class=\"wp-block-columns is-layout-flex wp-container-core-columns-is-layout-9d6595d7 wp-block-columns-is-layout-flex\">\n<div class=\"wp-block-column is-layout-flow wp-block-column-is-layout-flow\">\n<div style=\"text-align: justify;\"><strong>Conhecendo o Acertar<\/strong><\/div>\n<div style=\"text-align: justify;\">\u00a0<\/div>\n<div style=\"text-align: justify;\">O foco do Projeto Acertar \u00e9 desenvolver metodologias para auditorar e certificar informa\u00e7\u00f5es registradas no Sistema Nacional de Informa\u00e7\u00f5es sobre Saneamento (Snis). O Snis \u00e9 o maior sistema de informa\u00e7\u00f5es sobre o saneamento b\u00e1sico no Brasil, alimentado de forma autodeclarat\u00f3ria pelos pr\u00f3prios prestadores de servi\u00e7o.<\/div>\n<div style=\"text-align: justify;\">\u00a0<\/div>\n<div style=\"text-align: justify;\">Executado no \u00e2mbito do Programa de Desenvolvimento do Setor \u00c1gua \u2013 Inter\u00e1guas, numa parceria entre o Minist\u00e9rio do Desenvolvimento Regional e a Associa\u00e7\u00e3o Brasileira de Ag\u00eancias de Regula\u00e7\u00e3o (Abar), a metodologia Acertar busca aprimorar os processos de gera\u00e7\u00e3o e gest\u00e3o das informa\u00e7\u00f5es sobre servi\u00e7os de abastecimento de \u00e1gua e esgotamento sanit\u00e1rio.<\/div>\n<div style=\"text-align: justify;\">\u00a0<\/div>\n<div style=\"text-align: justify;\">Informa\u00e7\u00f5es consistentes geram confian\u00e7a e s\u00e3o imprescind\u00edveis para a tomada de decis\u00f5es gerenciais e operacionais, melhoram a presta\u00e7\u00e3o dos servi\u00e7os e d\u00e3o maior transpar\u00eancia para o setor.<\/div>\n<\/div>\n\n\n\n<div class=\"wp-block-column is-layout-flow wp-block-column-is-layout-flow\">\n<ul>\n<li style=\"text-align: justify;\"><span style=\"color: #00ccff;\"><strong><a style=\"color: #00ccff;\" href=\"https:\/\/goias.gov.br\/agr\/wp-content\/uploads\/sites\/43\/2024\/07\/Relatorio_de_Certificacao_SNIS___SANEAGO.pdf\">Relat\u00f3rio de Certifica\u00e7\u00e3o das Informa\u00e7\u00f5es do SNIS &#8211; ano 2021.<\/a><\/strong><\/span><\/li>\n<li style=\"text-align: justify;\"><span style=\"color: #00ccff;\"> <a style=\"color: #00ccff;\" title=\"Resolu\u00e7\u00e3o do Conselho Regulador 563, de 27 de junho de 2024\" href=\"https:\/\/goias.gov.br\/agr\/wp-content\/uploads\/sites\/43\/2024\/07\/Resolucao-do-Conselho-Regulador-563-2024.pdf\"><strong><span style=\"color: #00ccff;\">Resolu\u00e7\u00e3o do Conselho Regulador 563, de 27\u00a0de junho de 2024<\/span><\/strong><\/a> &#8211;<\/span> Disp\u00f5e sobre An\u00e1lise do Resultado Final da Certifica\u00e7\u00e3o ACERTAR &#8211; CICLO 2021, conforme processo n\u00ba 202400029002228.<\/li>\n<\/ul>\n<hr \/>\n<ul style=\"text-align: justify;\">\n<li><span style=\"color: #00ccff;\"><strong><a style=\"color: #00ccff;\" href=\"https:\/\/goias.gov.br\/agr\/wp-content\/uploads\/sites\/43\/2025\/01\/Relatorio_de_Certificacao_das_Informacoes_do_SNIS-2022.pdf\">Relat\u00f3rio de Certifica\u00e7\u00e3o das Informa\u00e7\u00f5es do SNIS &#8211; ano 2022.<\/a><\/strong><\/span><\/li>\n<li><span style=\"color: #00ccff;\"><a style=\"color: #00ccff;\" title=\"Resolu\u00e7\u00e3o do Conselho Regulador 563, de 27 de junho de 2024\" href=\"https:\/\/goias.gov.br\/agr\/wp-content\/uploads\/sites\/43\/2024\/12\/Resolucao-do-Conselho-Regulador-1353-2024.pdf\"><strong><span style=\"color: #00ccff;\">Resolu\u00e7\u00e3o do Conselho Regulador 1353, de 27 de dezembro de 2024<\/span><\/strong><\/a> &#8211;<\/span> Disp\u00f5e sobre An\u00e1lise do Resultado Final da Certifica\u00e7\u00e3o ACERTAR &#8211; CICLO 2022, conforme processo n\u00ba 202400029005436.<\/li>\n<\/ul>\n<hr \/>\n<ul style=\"text-align: justify;\">\n<li><span style=\"color: #00ccff;\"><strong><a style=\"color: #00ccff;\" href=\"https:\/\/goias.gov.br\/agr\/wp-content\/uploads\/sites\/43\/2026\/01\/Relatorio-de-Certificacao-ACERTAR-Ciclo-2023.pdf\">Relat\u00f3rio de Certifica\u00e7\u00e3o das Informa\u00e7\u00f5es do SNIS &#8211; ano 2023.<\/a><\/strong><\/span><\/li>\n<li><span style=\"color: #00ccff;\"><a style=\"color: #00ccff;\" title=\"Resolu\u00e7\u00e3o do Conselho Regulador 563, de 27 de junho de 2024\" href=\"https:\/\/goias.gov.br\/agr\/wp-content\/uploads\/sites\/43\/2026\/01\/Resolucao-do-Conselho-Regulador-1534-2025.pdf\"><strong><span style=\"color: #00ccff;\">Resolu\u00e7\u00e3o do Conselho Regulador 1534, de 17 de novembro de 2025<\/span><\/strong><\/a> &#8211;<\/span> Disp\u00f5e sobre An\u00e1lise do Resultado Final da Certifica\u00e7\u00e3o ACERTAR &#8211; CICLO 2023, conforme processo n\u00ba 202500029003620.<\/li>\n<\/ul>\n<div style=\"text-align: justify;\"><strong>Metodologias de auditoria e certifica\u00e7\u00e3o de informa\u00e7\u00f5es no Sistema Nacional de Informa\u00e7\u00f5es sobre Saneamento (Snis)<\/strong><\/div>\n<div style=\"text-align: justify;\">\u00a0<\/div>\n<div style=\"text-align: justify;\">O m\u00e9todo desenvolvido para auditar e certificar as informa\u00e7\u00f5es declaradas ao Snis pelos prestadores de servi\u00e7o de abastecimento de \u00e1gua e esgotamento sanit\u00e1rio compreende cinco etapas:<\/div>\n<div>\n<ul>\n<li style=\"text-align: justify;\">Mapeamento de Processos,<\/li>\n<li style=\"text-align: justify;\">Identifica\u00e7\u00e3o de Riscos,<\/li>\n<li style=\"text-align: justify;\">Avalia\u00e7\u00e3o de Confian\u00e7a,<\/li>\n<li style=\"text-align: justify;\">Avalia\u00e7\u00e3o de Exatid\u00e3o e<\/li>\n<li style=\"text-align: justify;\">Certifica\u00e7\u00e3o das Informa\u00e7\u00f5es do SNIS.<\/li>\n<\/ul>\n<\/div>\n<\/div>\n<\/div>\n\n\n<div class=\"wp-block-image\">\n<figure class=\"aligncenter size-full\"><img fetchpriority=\"high\" decoding=\"async\" width=\"946\" height=\"523\" src=\"https:\/\/goias.gov.br\/agr\/wp-content\/uploads\/sites\/43\/2024\/07\/projeto_acertar_01.jpg\" alt=\"\" class=\"wp-image-78798\"\/><\/figure>\n<\/div>\n\n\n<div class=\"wp-block-columns is-layout-flex wp-container-core-columns-is-layout-9d6595d7 wp-block-columns-is-layout-flex\">\n<div class=\"wp-block-column is-layout-flow wp-block-column-is-layout-flow\">\n<div style=\"text-align: justify;\">O\u00a0<strong>mapeamento dos processos<\/strong>\u00a0de gera\u00e7\u00e3o das informa\u00e7\u00f5es caracteriza as atividades existentes e suas inter-rela\u00e7\u00f5es, permitindo\u00a0<strong>identificar fragilidades, riscos associados a cada etapa, controles existentes e fatores que poderiam causar impactos negativos<\/strong>\u00a0aos objetivos de neg\u00f3cio das prestadoras de servi\u00e7o de abastecimento de \u00e1gua e esgotamento sanit\u00e1rio. Uma vez conclu\u00edda a an\u00e1lise dos riscos, definem-se os<strong>\u00a0controles internos<\/strong>, isto \u00e9: os mecanismos que evitam que os riscos identificados ocorram.\u200b<\/div>\n<\/div>\n\n\n\n<div class=\"wp-block-column is-layout-flow wp-block-column-is-layout-flow\">\n<p style=\"text-align: justify;\"><span style=\"color: #339966;\"><em><strong>N\u00edvel de Confian\u00e7a:<br \/><\/strong><\/em><strong>O n\u00edvel de confian\u00e7a indica o grau de seguran\u00e7a de que o prestador de servi\u00e7os \u00e9 capaz de gerar informa\u00e7\u00f5es confi\u00e1veis.<\/strong><\/span><br \/><span style=\"color: #339966;\"><em><strong>N\u00edvel de Exatid\u00e3o:<br \/><\/strong><\/em><strong>O n\u00edvel de exatid\u00e3o determina o quanto os n\u00fameros informados refletem com precis\u00e3o os eventos ocorridos.<\/strong><\/span><\/p>\n<\/div>\n<\/div>\n\n\n<div style=\"text-align: justify;\">A\u00a0<strong>avalia\u00e7\u00e3o de confian\u00e7a<\/strong>\u00a0\u00e9 feita por meio de testes de controle que ajudam a verificar o n\u00edvel de implementa\u00e7\u00e3o dos controles considerados essenciais para gerar informa\u00e7\u00f5es confi\u00e1veis. Desse modo, uma certifica\u00e7\u00e3o \u00e9 atribu\u00edda a cada informa\u00e7\u00e3o a partir da avalia\u00e7\u00e3o dos seus controles relacionados.<\/div>\n<div style=\"text-align: justify;\">\u00a0<\/div>\n<div style=\"text-align: justify;\">A\u00a0<strong>avalia\u00e7\u00e3o de exatid\u00e3o\u00a0<\/strong>se d\u00e1 a partir da aplica\u00e7\u00e3o de testes substantivos que verificam a precis\u00e3o de cada informa\u00e7\u00e3o declarada ao SNIS pelo prestador de servi\u00e7os.<\/div>\n<div style=\"text-align: justify;\">\u00a0<\/div>\n<div style=\"text-align: justify;\">A Certifica\u00e7\u00e3o obtida a partir da aplica\u00e7\u00e3o desta metodologia permite avaliar a qualidade das informa\u00e7\u00f5es registradas no SNIS nas dimens\u00f5es de confian\u00e7a e exatid\u00e3o. \u00c9 importante compreender que uma informa\u00e7\u00e3o pode ter sido gerada por fontes confi\u00e1veis e, ainda assim, n\u00e3o ser exata. Por outro lado, pode ter sido gerada por fontes que n\u00e3o fornecem a confian\u00e7a necess\u00e1ria, mas possuir exatid\u00e3o.<\/div>\n<div style=\"text-align: justify;\">\u00a0<\/div>\n<div style=\"text-align: justify;\">A certifica\u00e7\u00e3o final de cada informa\u00e7\u00e3o vai depender, ent\u00e3o, da combina\u00e7\u00e3o desses dois crit\u00e9rios (dimens\u00f5es), a fim de que se alcance uma avalia\u00e7\u00e3o \u00fanica, conforme mostrado na matriz abaixo.<\/div>\n<div>\u00a0<\/div>\n<div><img decoding=\"async\" class=\"size-full wp-image-81093 aligncenter\" src=\"https:\/\/goias.gov.br\/agr\/wp-content\/uploads\/sites\/43\/2024\/07\/projeto_acertar_03.jpg\" alt=\"\" width=\"626\" height=\"565\" \/><\/div>","protected":false},"excerpt":{"rendered":"<p>Conhecendo o Acertar \u00a0 O foco do Projeto Acertar \u00e9 desenvolver metodologias para auditorar e certificar informa\u00e7\u00f5es registradas no Sistema Nacional de Informa\u00e7\u00f5es sobre Saneamento (Snis). O Snis \u00e9 o maior sistema de informa\u00e7\u00f5es sobre o saneamento b\u00e1sico no Brasil, alimentado de forma autodeclarat\u00f3ria pelos pr\u00f3prios prestadores de servi\u00e7o. \u00a0 Executado no \u00e2mbito do Programa [&hellip;]<\/p>\n","protected":false},"author":391,"featured_media":0,"parent":35615,"menu_order":0,"comment_status":"closed","ping_status":"closed","template":"","meta":{"footnotes":""},"class_list":["post-78777","page","type-page","status-publish","hentry"],"rttpg_featured_image_url":null,"rttpg_author":{"display_name":"joaorferreira@goias.gov.br","author_link":"https:\/\/goias.gov.br\/agr\/author\/joao-rferreiragoias-gov-br\/"},"rttpg_comment":0,"rttpg_category":null,"rttpg_excerpt":"Conhecendo o Acertar \u00a0 O foco do Projeto Acertar \u00e9 desenvolver metodologias para auditorar e certificar informa\u00e7\u00f5es registradas no Sistema Nacional de Informa\u00e7\u00f5es sobre Saneamento (Snis). O Snis \u00e9 o maior sistema de informa\u00e7\u00f5es sobre o saneamento b\u00e1sico no Brasil, alimentado de forma autodeclarat\u00f3ria pelos pr\u00f3prios prestadores de servi\u00e7o. \u00a0 Executado no \u00e2mbito do Programa&hellip;","_links":{"self":[{"href":"https:\/\/goias.gov.br\/agr\/wp-json\/wp\/v2\/pages\/78777","targetHints":{"allow":["GET"]}}],"collection":[{"href":"https:\/\/goias.gov.br\/agr\/wp-json\/wp\/v2\/pages"}],"about":[{"href":"https:\/\/goias.gov.br\/agr\/wp-json\/wp\/v2\/types\/page"}],"author":[{"embeddable":true,"href":"https:\/\/goias.gov.br\/agr\/wp-json\/wp\/v2\/users\/391"}],"replies":[{"embeddable":true,"href":"https:\/\/goias.gov.br\/agr\/wp-json\/wp\/v2\/comments?post=78777"}],"version-history":[{"count":2,"href":"https:\/\/goias.gov.br\/agr\/wp-json\/wp\/v2\/pages\/78777\/revisions"}],"predecessor-version":[{"id":287646,"href":"https:\/\/goias.gov.br\/agr\/wp-json\/wp\/v2\/pages\/78777\/revisions\/287646"}],"up":[{"embeddable":true,"href":"https:\/\/goias.gov.br\/agr\/wp-json\/wp\/v2\/pages\/35615"}],"wp:attachment":[{"href":"https:\/\/goias.gov.br\/agr\/wp-json\/wp\/v2\/media?parent=78777"}],"curies":[{"name":"wp","href":"https:\/\/api.w.org\/{rel}","templated":true}]}}