

{"id":76637,"date":"2024-06-10T11:20:50","date_gmt":"2024-06-10T14:20:50","guid":{"rendered":"https:\/\/goias.gov.br\/agr\/?page_id=76637"},"modified":"2025-11-10T13:58:20","modified_gmt":"2025-11-10T16:58:20","slug":"artigos","status":"publish","type":"page","link":"https:\/\/goias.gov.br\/agr\/artigos\/","title":{"rendered":"Artigos"},"content":{"rendered":"<ul class=\"wp-block-list\">\n<li><strong><strong><strong><b style=\"font-size: medium; font-family: Arial, sans-serif; color: initial;\"><a href=\"https:\/\/goias.gov.br\/agr\/wp-content\/uploads\/sites\/43\/2025\/11\/A-regulacao-como-mediadora-da-justica-economica-e-social-1-1.pdf\">A regula\u00e7\u00e3o como mediadora da justi\u00e7a econ\u00f4mica e social <\/a>&#8211; <\/b><\/strong><\/strong><\/strong>Rafael Barbosa de Carvalho<strong><strong><br \/><\/strong><\/strong><strong><a href=\"https:\/\/www.jota.info\/opiniao-e-analise\/colunas\/infra\/eventos-climaticos-extremos-e-a-atracao-do-mercado-segurador\" target=\"_blank\" rel=\"noopener\">Eventos clim\u00e1ticos extremos e a atra\u00e7\u00e3o do mercado segurador<\/a><\/strong>\u00a0\u2013 Isadora Cohen, Pedro Henrique Machado e Thiago Nepomuceno Carvalho<\/li>\n<li><strong><a href=\"https:\/\/www.jota.info\/opiniao-e-analise\/colunas\/infra\/como-agencias-reguladoras-infranacionais-devem-acompanhar-universalizacao\" target=\"_blank\" rel=\"noopener\">Como ag\u00eancias reguladoras infranacionais devem acompanhar universaliza\u00e7\u00e3o?<\/a><\/strong> \u2013 Isadora Cohen e Thiago Nepomuceno Carvalho<\/li>\n<li><strong><a href=\"https:\/\/goias.gov.br\/agr\/wp-content\/uploads\/sites\/43\/2024\/03\/Regulacao-terminais-Rodoviarios-Passageiros.pdf\">Regula\u00e7\u00e3o em terminais rodovi\u00e1rios de passageiros: Como promover melhorias<\/a><\/strong> \u2013 Sinnara Gomes Godoy e Graciela Aparecida Profeta<\/li>\n<li><strong><a href=\"https:\/\/goias.gov.br\/agr\/wp-content\/uploads\/sites\/43\/2024\/01\/Regionalizacao-dos-Servicos-Saneamento-Basico.pdf\">A Regionaliza\u00e7\u00e3o dos Servi\u00e7os de Saneamento B\u00e1sico \u2013 Eestudo de Caso<\/a>\u00a0\u2013\u00a0<\/strong>Eduardo Henrique da Cunha e\u00a0Alessandra Francisca dos Santos<\/li>\n<li><strong><a href=\"https:\/\/goias.gov.br\/agr\/wp-content\/uploads\/sites\/43\/2024\/01\/novo-marco-legal-alessandra-eduardo.pdf\">Novo Marco Legal: O que muda na presta\u00e7\u00e3o dos servi\u00e7os de saneamento b\u00e1sico a n\u00edvel estadual e seus efeitos futuros<\/a><\/strong>\u00a0\u2013 Alessandra Francisca dos Santos e Eduardo Henrique da Cunha\u00a0<\/li>\n<\/ul>\n\n\n<p><\/p>\n","protected":false},"excerpt":{"rendered":"<p>A regula\u00e7\u00e3o como mediadora da justi\u00e7a econ\u00f4mica e social &#8211; Rafael Barbosa de CarvalhoEventos clim\u00e1ticos extremos e a atra\u00e7\u00e3o do mercado segurador\u00a0\u2013 Isadora Cohen, Pedro Henrique Machado e Thiago Nepomuceno Carvalho Como ag\u00eancias reguladoras infranacionais devem acompanhar universaliza\u00e7\u00e3o? \u2013 Isadora Cohen e Thiago Nepomuceno Carvalho Regula\u00e7\u00e3o em terminais rodovi\u00e1rios de passageiros: Como promover melhorias \u2013 [&hellip;]<\/p>\n","protected":false},"author":391,"featured_media":0,"parent":0,"menu_order":0,"comment_status":"closed","ping_status":"closed","template":"","meta":{"footnotes":""},"class_list":["post-76637","page","type-page","status-publish","hentry"],"rttpg_featured_image_url":null,"rttpg_author":{"display_name":"joaorferreira@goias.gov.br","author_link":"https:\/\/goias.gov.br\/agr\/author\/joao-rferreiragoias-gov-br\/"},"rttpg_comment":0,"rttpg_category":null,"rttpg_excerpt":"A regula\u00e7\u00e3o como mediadora da justi\u00e7a econ\u00f4mica e social &#8211; Rafael Barbosa de CarvalhoEventos clim\u00e1ticos extremos e a atra\u00e7\u00e3o do mercado segurador\u00a0\u2013 Isadora Cohen, Pedro Henrique Machado e Thiago Nepomuceno Carvalho Como ag\u00eancias reguladoras infranacionais devem acompanhar universaliza\u00e7\u00e3o? \u2013 Isadora Cohen e Thiago Nepomuceno Carvalho Regula\u00e7\u00e3o em terminais rodovi\u00e1rios de passageiros: Como promover melhorias \u2013&hellip;","_links":{"self":[{"href":"https:\/\/goias.gov.br\/agr\/wp-json\/wp\/v2\/pages\/76637","targetHints":{"allow":["GET"]}}],"collection":[{"href":"https:\/\/goias.gov.br\/agr\/wp-json\/wp\/v2\/pages"}],"about":[{"href":"https:\/\/goias.gov.br\/agr\/wp-json\/wp\/v2\/types\/page"}],"author":[{"embeddable":true,"href":"https:\/\/goias.gov.br\/agr\/wp-json\/wp\/v2\/users\/391"}],"replies":[{"embeddable":true,"href":"https:\/\/goias.gov.br\/agr\/wp-json\/wp\/v2\/comments?post=76637"}],"version-history":[{"count":2,"href":"https:\/\/goias.gov.br\/agr\/wp-json\/wp\/v2\/pages\/76637\/revisions"}],"predecessor-version":[{"id":270481,"href":"https:\/\/goias.gov.br\/agr\/wp-json\/wp\/v2\/pages\/76637\/revisions\/270481"}],"wp:attachment":[{"href":"https:\/\/goias.gov.br\/agr\/wp-json\/wp\/v2\/media?parent=76637"}],"curies":[{"name":"wp","href":"https:\/\/api.w.org\/{rel}","templated":true}]}}