

{"id":75118,"date":"2024-04-24T16:01:50","date_gmt":"2024-04-24T19:01:50","guid":{"rendered":"https:\/\/goias.gov.br\/agr\/?page_id=75118"},"modified":"2025-11-18T17:02:03","modified_gmt":"2025-11-18T20:02:03","slug":"comissoes-de-processos-administrativos","status":"publish","type":"page","link":"https:\/\/goias.gov.br\/agr\/programa-de-compliance-publico\/comissoes-de-processos-administrativos\/","title":{"rendered":"Comiss\u00f5es de Processos Administrativos"},"content":{"rendered":"\n<figure class=\"wp-block-image size-large\"><img fetchpriority=\"high\" decoding=\"async\" width=\"1024\" height=\"341\" src=\"https:\/\/goias.gov.br\/agr\/wp-content\/uploads\/sites\/43\/2025\/01\/Diamante-Transparenciasozinho-2024-1024x341.jpg\" alt=\"\" class=\"wp-image-152168\" srcset=\"https:\/\/goias.gov.br\/agr\/wp-content\/uploads\/sites\/43\/2025\/01\/Diamante-Transparenciasozinho-2024-1024x341.jpg 1024w, https:\/\/goias.gov.br\/agr\/wp-content\/uploads\/sites\/43\/2025\/01\/Diamante-Transparenciasozinho-2024-300x100.jpg 300w, https:\/\/goias.gov.br\/agr\/wp-content\/uploads\/sites\/43\/2025\/01\/Diamante-Transparenciasozinho-2024-768x255.jpg 768w, https:\/\/goias.gov.br\/agr\/wp-content\/uploads\/sites\/43\/2025\/01\/Diamante-Transparenciasozinho-2024.jpg 1449w\" sizes=\"(max-width: 1024px) 100vw, 1024px\" \/><\/figure>\n\n\n<p style=\"text-align: justify;\">No Estado de Goi\u00e1s, as institui\u00e7\u00f5es governamentais contam com diversos instrumentos e comiss\u00f5es que garantem a aplica\u00e7\u00e3o de normas \u00e9ticas, a responsabiliza\u00e7\u00e3o administrativa e a transpar\u00eancia nos processos p\u00fablicos.<\/p>\n<p style=\"text-align: justify;\">Essas comiss\u00f5es desempenham pap\u00e9is estrat\u00e9gicos na consolida\u00e7\u00e3o da integridade e da responsabilidade no \u00e2mbito da gest\u00e3o p\u00fablica estadual, al\u00e9m de obedecer a crit\u00e9rios dos eixos \u00e9tica e responsabilidade do Programa de Compliance P\u00fablico do Estado de Goi\u00e1s.<\/p>\n<p style=\"text-align: justify;\">Na AGR, as comiss\u00f5es est\u00e3o divididas em:<\/p>\n<ul>\n<li style=\"text-align: justify;\"><span style=\"color: #0563c1;\"><u><a href=\"https:\/\/goias.gov.br\/agr\/wp-content\/uploads\/sites\/43\/2025\/04\/Comissao-de-Processo-Administrativo-Disciplinar-de-Empregados-Publicos-2.pdf\"><b>Comiss\u00e3o de Processo Administrativo Disciplinar de Empregados P\u00fablicos<\/b><\/a><\/u><\/span><b>:<\/b> respons\u00e1vel por apurar poss\u00edveis infra\u00e7\u00f5es cometidas por empregados p\u00fablicos, assegurando o direito \u00e0 ampla defesa e ao contradit\u00f3rio.<\/li>\n<li style=\"text-align: justify;\"><span style=\"color: #0563c1;\"><u><a href=\"https:\/\/goias.gov.br\/agr\/wp-content\/uploads\/sites\/43\/2025\/04\/Comissao-de-Processo-Administrativo-Disciplinar-de-Servidores-Publicos-2.pdf\"><b>Comiss\u00e3o de Processo Administrativo Disciplinar de Servidores P\u00fablicos<\/b><\/a><\/u><\/span><b>:<\/b> dedicada a investigar irregularidades atribu\u00eddas a servidores p\u00fablicos, em conformidade com os princ\u00edpios legais e \u00e9ticos.<\/li>\n<li style=\"text-align: justify;\"><span style=\"color: #0563c1;\"><u><a href=\"https:\/\/goias.gov.br\/agr\/wp-content\/uploads\/sites\/43\/2025\/04\/Comissao-de-Sindicancia-e-Processo-Preliminar-Invesgatorio-PPI-2.pdf\"><b>Comiss\u00e3o de Sindic\u00e2ncia<\/b><\/a><\/u><\/span><b>:<\/b> institu\u00edda para averiguar preliminarmente fatos que possam configurar irregularidades administrativas, orientando a ado\u00e7\u00e3o de medidas corretivas ou preventivas.<\/li>\n<li style=\"text-align: justify;\"><span style=\"color: #0563c1;\"><u><a href=\"https:\/\/goias.gov.br\/agr\/wp-content\/uploads\/sites\/43\/2025\/04\/Comissao-de-Processo-Administrativo-de-Fornecedor-PAF-2.pdf\"><b>Comiss\u00e3o de Processo Administrativo de Fornecedor (PAF)<\/b><\/a><\/u><\/span><b>:<\/b> destinada a avaliar e sancionar eventuais descumprimentos contratuais ou outras infra\u00e7\u00f5es por parte de fornecedores de bens e servi\u00e7os ao Estado.<\/li>\n<li style=\"text-align: justify;\">\n<p style=\"text-align: justify;\"><span style=\"color: #0563c1;\"><u><a href=\"https:\/\/goias.gov.br\/agr\/wp-content\/uploads\/sites\/43\/2025\/04\/Comissao-de-Processo-Administrativo-de-Responsabilizacao-PAR-2.pdf\"><b>Comiss\u00e3o de Processo Administrativo de Responsabiliza\u00e7\u00e3o (PAR)<\/b><\/a><\/u><\/span><b>:<\/b> encarregada de apurar e responsabilizar empresas que pratiquem atos lesivos \u00e0 administra\u00e7\u00e3o p\u00fablica.<\/p>\n<\/li>\n<li style=\"text-align: justify;\"><span style=\"text-decoration: underline;\"><strong><a href=\"https:\/\/goias.gov.br\/agr\/wp-content\/uploads\/sites\/43\/2025\/08\/SEI_59253720__Mediacao___Portaria_de_Instauracao_1.pdf\">Comiss\u00e3o Permanente de Media\u00e7\u00e3o:<\/a><\/strong> <\/span>respons\u00e1vel por promover a media\u00e7\u00e3o voltada a solucionar a controv\u00e9rsia e\/ou conflito interpessoal ocorrido neste \u00f3rg\u00e3o\/entidade, envolvendo dois ou mais servidores\/empregados p\u00fablicos, com o objetivo de evitar o in\u00edcio da persecu\u00e7\u00e3o disciplinar.<\/li>\n<\/ul>\n\n\n<p><\/p>\n","protected":false},"excerpt":{"rendered":"<p>No Estado de Goi\u00e1s, as institui\u00e7\u00f5es governamentais contam com diversos instrumentos e comiss\u00f5es que garantem a aplica\u00e7\u00e3o de normas \u00e9ticas, a responsabiliza\u00e7\u00e3o administrativa e a transpar\u00eancia nos processos p\u00fablicos. Essas comiss\u00f5es desempenham pap\u00e9is estrat\u00e9gicos na consolida\u00e7\u00e3o da integridade e da responsabilidade no \u00e2mbito da gest\u00e3o p\u00fablica estadual, al\u00e9m de obedecer a crit\u00e9rios dos eixos \u00e9tica [&hellip;]<\/p>\n","protected":false},"author":242,"featured_media":0,"parent":35628,"menu_order":0,"comment_status":"closed","ping_status":"closed","template":"","meta":{"footnotes":""},"class_list":["post-75118","page","type-page","status-publish","hentry"],"rttpg_featured_image_url":null,"rttpg_author":{"display_name":"josegcribeiro","author_link":"https:\/\/goias.gov.br\/agr\/author\/josegcribeiro\/"},"rttpg_comment":0,"rttpg_category":null,"rttpg_excerpt":"No Estado de Goi\u00e1s, as institui\u00e7\u00f5es governamentais contam com diversos instrumentos e comiss\u00f5es que garantem a aplica\u00e7\u00e3o de normas \u00e9ticas, a responsabiliza\u00e7\u00e3o administrativa e a transpar\u00eancia nos processos p\u00fablicos. Essas comiss\u00f5es desempenham pap\u00e9is estrat\u00e9gicos na consolida\u00e7\u00e3o da integridade e da responsabilidade no \u00e2mbito da gest\u00e3o p\u00fablica estadual, al\u00e9m de obedecer a crit\u00e9rios dos eixos \u00e9tica&hellip;","_links":{"self":[{"href":"https:\/\/goias.gov.br\/agr\/wp-json\/wp\/v2\/pages\/75118","targetHints":{"allow":["GET"]}}],"collection":[{"href":"https:\/\/goias.gov.br\/agr\/wp-json\/wp\/v2\/pages"}],"about":[{"href":"https:\/\/goias.gov.br\/agr\/wp-json\/wp\/v2\/types\/page"}],"author":[{"embeddable":true,"href":"https:\/\/goias.gov.br\/agr\/wp-json\/wp\/v2\/users\/242"}],"replies":[{"embeddable":true,"href":"https:\/\/goias.gov.br\/agr\/wp-json\/wp\/v2\/comments?post=75118"}],"version-history":[{"count":2,"href":"https:\/\/goias.gov.br\/agr\/wp-json\/wp\/v2\/pages\/75118\/revisions"}],"predecessor-version":[{"id":272312,"href":"https:\/\/goias.gov.br\/agr\/wp-json\/wp\/v2\/pages\/75118\/revisions\/272312"}],"up":[{"embeddable":true,"href":"https:\/\/goias.gov.br\/agr\/wp-json\/wp\/v2\/pages\/35628"}],"wp:attachment":[{"href":"https:\/\/goias.gov.br\/agr\/wp-json\/wp\/v2\/media?parent=75118"}],"curies":[{"name":"wp","href":"https:\/\/api.w.org\/{rel}","templated":true}]}}