

{"id":74545,"date":"2024-04-04T14:39:42","date_gmt":"2024-04-04T17:39:42","guid":{"rendered":"https:\/\/goias.gov.br\/agr\/?page_id=74545"},"modified":"2025-11-18T16:59:43","modified_gmt":"2025-11-18T19:59:43","slug":"etica-e-transparencia","status":"publish","type":"page","link":"https:\/\/goias.gov.br\/agr\/programa-de-compliance-publico\/etica-e-transparencia\/","title":{"rendered":"\u00c9tica e\u00a0Transpar\u00eancia"},"content":{"rendered":"\n<figure class=\"wp-block-image size-large\"><img fetchpriority=\"high\" decoding=\"async\" width=\"1024\" height=\"341\" src=\"https:\/\/goias.gov.br\/agr\/wp-content\/uploads\/sites\/43\/2025\/01\/selos-Compliance-prata-1024x341.jpg\" alt=\"\" class=\"wp-image-152203\" srcset=\"https:\/\/goias.gov.br\/agr\/wp-content\/uploads\/sites\/43\/2025\/01\/selos-Compliance-prata-1024x341.jpg 1024w, https:\/\/goias.gov.br\/agr\/wp-content\/uploads\/sites\/43\/2025\/01\/selos-Compliance-prata-300x100.jpg 300w, https:\/\/goias.gov.br\/agr\/wp-content\/uploads\/sites\/43\/2025\/01\/selos-Compliance-prata-768x255.jpg 768w, https:\/\/goias.gov.br\/agr\/wp-content\/uploads\/sites\/43\/2025\/01\/selos-Compliance-prata.jpg 1449w\" sizes=\"(max-width: 1024px) 100vw, 1024px\" \/><\/figure>\n\n\n<p><\/p>\n<p style=\"text-align: justify;\">Eixos do Programa de Compliance P\u00fablico do Governo de Goi\u00e1s, a \u00e9tica e a\u00a0<strong>transpar\u00eancia<\/strong>\u00a0s\u00e3o fundamentais para um servi\u00e7o p\u00fablico de qualidade e para o exerc\u00edcio do controle social pelos cidad\u00e3os goianos.<\/p>\n<p style=\"text-align: justify;\"> <\/p>\n<p style=\"text-align: justify;\">No Estado de Goi\u00e1s, as institui\u00e7\u00f5es governamentais contam com dois instrumentos espec\u00edficos no que se refere a esses dois eixos do programa: o C\u00f3digo de \u00c9tica dos Servidores P\u00fablicos do Poder Executivo e a Lei de Acesso \u00e0 Informa\u00e7\u00e3o (LAI) que regulamenta a Lei Federal 12.527\/2011, cujo teor prev\u00ea a ado\u00e7\u00e3o de mecanismos de garantia de\u00a0<strong>transpar\u00eancia<\/strong>\u00a0ativa pelo poder p\u00fablico, e de\u00a0<strong>transpar\u00eancia<\/strong>\u00a0passiva, exercida pelos cidad\u00e3os.<\/p>\n<p style=\"text-align: justify;\"> <\/p>\n<p style=\"text-align: justify;\">Atualizado recentemente, o C\u00f3digo de \u00c9tica, na sua nova vers\u00e3o, foi lan\u00e7ado em mar\u00e7o deste ano pelo Governo do Estado. J\u00e1 a Lei de Acesso \u00e0 Informa\u00e7\u00e3o est\u00e1 sendo revisada pela Controladoria-Geral do Estado (CGE), em parceria com o New Instituto de Compliance, e dever\u00e1 ser enviada em breve \u00e0 Assembleia Legislativa para ser votada.<br \/>Veja aqui os dois documentos:<\/p>\n<p><\/p>\n\n<ul>\n<li><a href=\"https:\/\/goias.gov.br\/controladoria\/wp-content\/uploads\/sites\/31\/2020\/02\/Codigo_de_Etica_e_Conduta_Profissional_do_Servidor_Goias-cd8.pdf\">C\u00f3digo de \u00c9tica do Estado de Goi\u00e1s<\/a><\/li>\n<li><a href=\"https:\/\/goias.gov.br\/agr\/wp-content\/uploads\/sites\/43\/2023\/10\/Resolucao-Normativa-n-224.2023-CR-a41.pdf\">C\u00f3digo de \u00c9tica da AGR<\/a><\/li>\n<li><a href=\"https:\/\/goias.gov.br\/agr\/wp-content\/uploads\/sites\/43\/2023\/10\/portaria-359-2023-934.pdf\">Comiss\u00e3o de \u00c9tica da AGR<\/a><\/li>\n<li><a href=\"https:\/\/goias.gov.br\/agr\/wp-content\/uploads\/sites\/43\/2024\/08\/Comite-Permanente-para-Questoes-da-Mulher-e-da-Diversidade-da-AGR.pdf\">Comit\u00ea Permanente para Quest\u00f5es da Mulher e da Diversidade da AGR<\/a><\/li>\n<\/ul>","protected":false},"excerpt":{"rendered":"<p>Eixos do Programa de Compliance P\u00fablico do Governo de Goi\u00e1s, a \u00e9tica e a\u00a0transpar\u00eancia\u00a0s\u00e3o fundamentais para um servi\u00e7o p\u00fablico de qualidade e para o exerc\u00edcio do controle social pelos cidad\u00e3os goianos. No Estado de Goi\u00e1s, as institui\u00e7\u00f5es governamentais contam com dois instrumentos espec\u00edficos no que se refere a esses dois eixos do programa: o C\u00f3digo [&hellip;]<\/p>\n","protected":false},"author":391,"featured_media":0,"parent":35628,"menu_order":0,"comment_status":"closed","ping_status":"closed","template":"","meta":{"footnotes":""},"class_list":["post-74545","page","type-page","status-publish","hentry"],"rttpg_featured_image_url":null,"rttpg_author":{"display_name":"joaorferreira@goias.gov.br","author_link":"https:\/\/goias.gov.br\/agr\/author\/joao-rferreiragoias-gov-br\/"},"rttpg_comment":0,"rttpg_category":null,"rttpg_excerpt":"Eixos do Programa de Compliance P\u00fablico do Governo de Goi\u00e1s, a \u00e9tica e a\u00a0transpar\u00eancia\u00a0s\u00e3o fundamentais para um servi\u00e7o p\u00fablico de qualidade e para o exerc\u00edcio do controle social pelos cidad\u00e3os goianos. No Estado de Goi\u00e1s, as institui\u00e7\u00f5es governamentais contam com dois instrumentos espec\u00edficos no que se refere a esses dois eixos do programa: o C\u00f3digo&hellip;","_links":{"self":[{"href":"https:\/\/goias.gov.br\/agr\/wp-json\/wp\/v2\/pages\/74545","targetHints":{"allow":["GET"]}}],"collection":[{"href":"https:\/\/goias.gov.br\/agr\/wp-json\/wp\/v2\/pages"}],"about":[{"href":"https:\/\/goias.gov.br\/agr\/wp-json\/wp\/v2\/types\/page"}],"author":[{"embeddable":true,"href":"https:\/\/goias.gov.br\/agr\/wp-json\/wp\/v2\/users\/391"}],"replies":[{"embeddable":true,"href":"https:\/\/goias.gov.br\/agr\/wp-json\/wp\/v2\/comments?post=74545"}],"version-history":[{"count":2,"href":"https:\/\/goias.gov.br\/agr\/wp-json\/wp\/v2\/pages\/74545\/revisions"}],"predecessor-version":[{"id":272304,"href":"https:\/\/goias.gov.br\/agr\/wp-json\/wp\/v2\/pages\/74545\/revisions\/272304"}],"up":[{"embeddable":true,"href":"https:\/\/goias.gov.br\/agr\/wp-json\/wp\/v2\/pages\/35628"}],"wp:attachment":[{"href":"https:\/\/goias.gov.br\/agr\/wp-json\/wp\/v2\/media?parent=74545"}],"curies":[{"name":"wp","href":"https:\/\/api.w.org\/{rel}","templated":true}]}}