

{"id":73521,"date":"2024-03-13T14:21:10","date_gmt":"2024-03-13T17:21:10","guid":{"rendered":"https:\/\/goias.gov.br\/agr\/?page_id=73521"},"modified":"2026-04-16T13:40:20","modified_gmt":"2026-04-16T16:40:20","slug":"guias-de-servicos","status":"publish","type":"page","link":"https:\/\/goias.gov.br\/agr\/guias-de-servicos\/","title":{"rendered":"Guias de Servi\u00e7os"},"content":{"rendered":"\n<div class=\"wp-block-columns is-layout-flex wp-container-core-columns-is-layout-9d6595d7 wp-block-columns-is-layout-flex\">\n<div class=\"wp-block-column is-layout-flow wp-block-column-is-layout-flow\">\n<div class=\"wp-block-columns is-layout-flex wp-container-core-columns-is-layout-9d6595d7 wp-block-columns-is-layout-flex\">\n<div class=\"wp-block-column is-layout-flow wp-block-column-is-layout-flow\">\n<div class=\"wp-block-media-text is-stacked-on-mobile\"><figure class=\"wp-block-media-text__media\"><a href=\"https:\/\/goias.gov.br\/agr\/wp-content\/uploads\/sites\/43\/2024\/06\/Guia-Tarifa-Social-de-Energia.pdf\"><img fetchpriority=\"high\" decoding=\"async\" width=\"1080\" height=\"1080\" src=\"https:\/\/goias.gov.br\/agr\/wp-content\/uploads\/sites\/43\/2024\/06\/capa-tarifa-social.png\" alt=\"\" class=\"wp-image-76634 size-full\"\/><\/a><\/figure><div class=\"wp-block-media-text__content\">\n<p class=\"has-medium-font-size\"><strong>Tarifa Social de Energia:<\/strong><br>Saiba quais os seus direitos a esse benef\u00edcio<\/p>\n<\/div><\/div>\n<\/div>\n\n\n\n<div class=\"wp-block-column is-layout-flow wp-block-column-is-layout-flow\">\n<div class=\"wp-block-media-text is-stacked-on-mobile\"><figure class=\"wp-block-media-text__media\"><a href=\"https:\/\/goias.gov.br\/agr\/wp-content\/uploads\/sites\/43\/2024\/04\/Agua-Social-Garantindo-Direitos-Fundamentais.pdf\"><img decoding=\"async\" width=\"1080\" height=\"1080\" src=\"https:\/\/goias.gov.br\/agr\/wp-content\/uploads\/sites\/43\/2024\/04\/agua-social-th.jpg\" alt=\"\" class=\"wp-image-74690 size-full\"\/><\/a><\/figure><div class=\"wp-block-media-text__content\">\n<p class=\"has-medium-font-size\"><strong>\u00c1gua Social: Garantindo Direitos Fundamentais<\/strong><\/p>\n<\/div><\/div>\n<\/div>\n<\/div>\n<\/div>\n<\/div>\n\n\n\n<div class=\"wp-block-columns is-layout-flex wp-container-core-columns-is-layout-9d6595d7 wp-block-columns-is-layout-flex\">\n<div class=\"wp-block-column is-layout-flow wp-block-column-is-layout-flow\">\n<div class=\"wp-block-columns is-layout-flex wp-container-core-columns-is-layout-9d6595d7 wp-block-columns-is-layout-flex\">\n<div class=\"wp-block-column is-layout-flow wp-block-column-is-layout-flow\">\n<div class=\"wp-block-media-text is-stacked-on-mobile\"><figure class=\"wp-block-media-text__media\"><a href=\"https:\/\/goias.gov.br\/agr\/wp-content\/uploads\/sites\/43\/2026\/04\/GUIA-ATUALIZADO-2026-Recuperado.pdf\"><img decoding=\"async\" width=\"1080\" height=\"1080\" src=\"https:\/\/goias.gov.br\/agr\/wp-content\/uploads\/sites\/43\/2024\/03\/cadastro-pref-th.png\" alt=\"\" class=\"wp-image-73538 size-full\"\/><\/a><\/figure><div class=\"wp-block-media-text__content\">\n<p class=\"has-medium-font-size\"><strong>Cadastramento de \u00d3rg\u00e3os P\u00fablicos e de Ve\u00edculos <\/strong><\/p>\n<\/div><\/div>\n<\/div>\n\n\n\n<div class=\"wp-block-column is-layout-flow wp-block-column-is-layout-flow\">\n<div class=\"wp-block-media-text is-stacked-on-mobile\"><figure class=\"wp-block-media-text__media\"><a href=\"https:\/\/goias.gov.br\/agr\/wp-content\/uploads\/sites\/43\/2024\/04\/Ressarcimento-danos-eletricos-3.pdf\"><img loading=\"lazy\" decoding=\"async\" width=\"1080\" height=\"1080\" src=\"https:\/\/goias.gov.br\/agr\/wp-content\/uploads\/sites\/43\/2024\/03\/Ressarcimento-danos-eletricos-th.png\" alt=\"\" class=\"wp-image-73536 size-full\"\/><\/a><\/figure><div class=\"wp-block-media-text__content\">\n<p class=\"has-medium-font-size\"><strong>Ressarcimento de Danos El\u00e9tricos<\/strong><\/p>\n<\/div><\/div>\n<\/div>\n<\/div>\n<\/div>\n<\/div>\n\n\n\n<p><\/p>\n","protected":false},"excerpt":{"rendered":"<p>Tarifa Social de Energia:Saiba quais os seus direitos a esse benef\u00edcio \u00c1gua Social: Garantindo Direitos Fundamentais Cadastramento de \u00d3rg\u00e3os P\u00fablicos e de Ve\u00edculos Ressarcimento de Danos El\u00e9tricos<\/p>\n","protected":false},"author":391,"featured_media":0,"parent":0,"menu_order":0,"comment_status":"closed","ping_status":"closed","template":"","meta":{"footnotes":""},"class_list":["post-73521","page","type-page","status-publish","hentry"],"rttpg_featured_image_url":null,"rttpg_author":{"display_name":"joaorferreira@goias.gov.br","author_link":"https:\/\/goias.gov.br\/agr\/author\/joao-rferreiragoias-gov-br\/"},"rttpg_comment":0,"rttpg_category":null,"rttpg_excerpt":"Tarifa Social de Energia:Saiba quais os seus direitos a esse benef\u00edcio \u00c1gua Social: Garantindo Direitos Fundamentais Cadastramento de \u00d3rg\u00e3os P\u00fablicos e de Ve\u00edculos Ressarcimento de Danos El\u00e9tricos","_links":{"self":[{"href":"https:\/\/goias.gov.br\/agr\/wp-json\/wp\/v2\/pages\/73521","targetHints":{"allow":["GET"]}}],"collection":[{"href":"https:\/\/goias.gov.br\/agr\/wp-json\/wp\/v2\/pages"}],"about":[{"href":"https:\/\/goias.gov.br\/agr\/wp-json\/wp\/v2\/types\/page"}],"author":[{"embeddable":true,"href":"https:\/\/goias.gov.br\/agr\/wp-json\/wp\/v2\/users\/391"}],"replies":[{"embeddable":true,"href":"https:\/\/goias.gov.br\/agr\/wp-json\/wp\/v2\/comments?post=73521"}],"version-history":[{"count":2,"href":"https:\/\/goias.gov.br\/agr\/wp-json\/wp\/v2\/pages\/73521\/revisions"}],"predecessor-version":[{"id":311477,"href":"https:\/\/goias.gov.br\/agr\/wp-json\/wp\/v2\/pages\/73521\/revisions\/311477"}],"wp:attachment":[{"href":"https:\/\/goias.gov.br\/agr\/wp-json\/wp\/v2\/media?parent=73521"}],"curies":[{"name":"wp","href":"https:\/\/api.w.org\/{rel}","templated":true}]}}