

{"id":73222,"date":"2024-02-07T12:38:44","date_gmt":"2024-02-07T15:38:44","guid":{"rendered":"https:\/\/siteshom.goias.gov.br\/agr\/?page_id=73222"},"modified":"2026-04-10T16:32:31","modified_gmt":"2026-04-10T19:32:31","slug":"bens-desestatizados","status":"publish","type":"page","link":"https:\/\/goias.gov.br\/agr\/bens-desestatizados\/","title":{"rendered":"Terminais Rodovi\u00e1rios de Passageiros"},"content":{"rendered":"\t\t<div data-elementor-type=\"wp-page\" data-elementor-id=\"73222\" class=\"elementor elementor-73222\">\n\t\t\t\t<div class=\"elementor-element elementor-element-4e7964d e-flex e-con-boxed e-con e-parent\" data-id=\"4e7964d\" data-element_type=\"container\" data-e-type=\"container\">\n\t\t\t\t\t<div class=\"e-con-inner\">\n\t\t<div class=\"elementor-element elementor-element-85ef08b e-con-full e-flex e-con e-child\" data-id=\"85ef08b\" data-element_type=\"container\" data-e-type=\"container\">\n\t\t\t\t<div class=\"elementor-element elementor-element-f46a047 elementor-widget elementor-widget-image\" data-id=\"f46a047\" data-element_type=\"widget\" data-e-type=\"widget\" data-widget_type=\"image.default\">\n\t\t\t\t\t\t\t\t\t\t\t\t\t\t\t<img decoding=\"async\" src=\"https:\/\/goias.gov.br\/agr\/wp-content\/uploads\/sites\/43\/2025\/01\/terminais-banner.jpg\" title=\"\" alt=\"\" loading=\"lazy\" \/>\t\t\t\t\t\t\t\t\t\t\t\t\t\t\t<\/div>\n\t\t\t\t<div class=\"elementor-element elementor-element-a3472da elementor-widget elementor-widget-text-editor\" data-id=\"a3472da\" data-element_type=\"widget\" data-e-type=\"widget\" data-widget_type=\"text-editor.default\">\n\t\t\t\t\t\t\t\t\t<div class=\"x_elementToProof\" style=\"text-align: justify;\" data-olk-copy-source=\"MessageBody\">O Estado de Goi\u00e1s, como edificador e gestor de um patrim\u00f4nio composto de 194 terminais rodovi\u00e1rios de passageiros, t\u00eam o desafio administrativo de possibilitar a oferta de conforto e seguran\u00e7a aos usu\u00e1rios do sistema de transporte coletivo de passageiros e, dos equipamentos de transporte.<\/div><div style=\"text-align: justify;\" data-olk-copy-source=\"MessageBody\">\u00a0<\/div><div style=\"text-align: justify;\">Com a aprova\u00e7\u00e3o da Lei N\u00ba 21.297\/2022 compete \u00e0 Secretaria-Geral da Governadoria (SGG), formalizar com os munic\u00edpios os termos de cess\u00e3o de uso, n\u00e3o remunerados, dos terminais rodovi\u00e1rios de passageiros de propriedade do Estado de Goi\u00e1s. Com os termos, prefeituras ou empresas t\u00eam o direito de usar, administrar e explorar, inclusive comercialmente, os terminais, devendo zelar pelo seu funcionamento, conserva\u00e7\u00e3o, manuten\u00e7\u00e3o e limpeza.<\/div><div style=\"text-align: justify;\">\u00a0<\/div><div style=\"text-align: justify;\">Em rela\u00e7\u00e3o \u00e0 AGR, cabe a regula\u00e7\u00e3o, controle e fiscaliza\u00e7\u00e3o de todos os terminais rodovi\u00e1rios de passageiros e do cumprimento dos termos de cess\u00e3o, permiss\u00e3o ou concess\u00e3o de uso, conforme as disposi\u00e7\u00f5es da Lei n\u00ba 13.569\/99 e Resolu\u00e7\u00e3o Normativa n\u00ba 018\/2014-CR.<\/div><div aria-hidden=\"true\">\u00a0<\/div>\t\t\t\t\t\t\t\t<\/div>\n\t\t\t\t<div class=\"elementor-element elementor-element-0cad2ab elementor-widget elementor-widget-n-accordion\" data-id=\"0cad2ab\" data-element_type=\"widget\" data-e-type=\"widget\" data-settings=\"{&quot;default_state&quot;:&quot;all_collapsed&quot;,&quot;max_items_expended&quot;:&quot;one&quot;,&quot;n_accordion_animation_duration&quot;:{&quot;unit&quot;:&quot;ms&quot;,&quot;size&quot;:400,&quot;sizes&quot;:[]}}\" data-widget_type=\"nested-accordion.default\">\n\t\t\t\t\t\t\t<div class=\"e-n-accordion\" aria-label=\"Accordion. Open links with Enter or Space, close with Escape, and navigate with Arrow Keys\">\n\t\t\t\t\t\t<details id=\"e-n-accordion-item-1320\" class=\"e-n-accordion-item\" >\n\t\t\t\t<summary class=\"e-n-accordion-item-title\" data-accordion-index=\"1\" tabindex=\"0\" aria-expanded=\"false\" aria-controls=\"e-n-accordion-item-1320\" >\n\t\t\t\t\t<span class='e-n-accordion-item-title-header'><div class=\"e-n-accordion-item-title-text\"> Panorama dos Terminais Rodovi\u00e1rios de Passageiros <\/div><\/span>\n\t\t\t\t\t\t\t<span class='e-n-accordion-item-title-icon'>\n\t\t\t<span class='e-opened' ><svg aria-hidden=\"true\" class=\"e-font-icon-svg e-fas-angle-down\" viewBox=\"0 0 320 512\" xmlns=\"http:\/\/www.w3.org\/2000\/svg\"><path d=\"M143 352.3L7 216.3c-9.4-9.4-9.4-24.6 0-33.9l22.6-22.6c9.4-9.4 24.6-9.4 33.9 0l96.4 96.4 96.4-96.4c9.4-9.4 24.6-9.4 33.9 0l22.6 22.6c9.4 9.4 9.4 24.6 0 33.9l-136 136c-9.2 9.4-24.4 9.4-33.8 0z\"><\/path><\/svg><\/span>\n\t\t\t<span class='e-closed'><svg aria-hidden=\"true\" class=\"e-font-icon-svg e-fas-angle-right\" viewBox=\"0 0 256 512\" xmlns=\"http:\/\/www.w3.org\/2000\/svg\"><path d=\"M224.3 273l-136 136c-9.4 9.4-24.6 9.4-33.9 0l-22.6-22.6c-9.4-9.4-9.4-24.6 0-33.9l96.4-96.4-96.4-96.4c-9.4-9.4-9.4-24.6 0-33.9L54.3 103c9.4-9.4 24.6-9.4 33.9 0l136 136c9.5 9.4 9.5 24.6.1 34z\"><\/path><\/svg><\/span>\n\t\t<\/span>\n\n\t\t\t\t\t\t<\/summary>\n\t\t\t\t<div role=\"region\" aria-labelledby=\"e-n-accordion-item-1320\" class=\"elementor-element elementor-element-45f43dd e-con-full e-flex e-con e-child\" data-id=\"45f43dd\" data-element_type=\"container\" data-e-type=\"container\">\n\t\t\t\t<div class=\"elementor-element elementor-element-51b0063 elementor-widget elementor-widget-text-editor\" data-id=\"51b0063\" data-element_type=\"widget\" data-e-type=\"widget\" data-widget_type=\"text-editor.default\">\n\t\t\t\t\t\t\t\t\t<ul><li><p style=\"text-align: justify;\"><span data-olk-copy-source=\"MessageBody\">Conforme levantamento realizado pela equipe de vistoria da GEBD e da equipe da GEPIT\/SGG, foram contabilizados em 2024, 193 TRPs e uma concess\u00e3o (TRP de Goi\u00e2nia e Subterminal de Campinas). Na figura abaixo apresenta-se o panorama dos TRPs do estado considerando o propriet\u00e1rio e a entidade gestora.<\/span><\/p><p style=\"text-align: justify;\"><img fetchpriority=\"high\" decoding=\"async\" class=\"alignnone wp-image-153789 size-full\" src=\"https:\/\/goias.gov.br\/agr\/wp-content\/uploads\/sites\/43\/2025\/01\/grafico-terminais.jpg\" alt=\"\" width=\"2226\" height=\"1186\" srcset=\"https:\/\/goias.gov.br\/agr\/wp-content\/uploads\/sites\/43\/2025\/01\/grafico-terminais.jpg 2226w, https:\/\/goias.gov.br\/agr\/wp-content\/uploads\/sites\/43\/2025\/01\/grafico-terminais-300x160.jpg 300w, https:\/\/goias.gov.br\/agr\/wp-content\/uploads\/sites\/43\/2025\/01\/grafico-terminais-1024x546.jpg 1024w, https:\/\/goias.gov.br\/agr\/wp-content\/uploads\/sites\/43\/2025\/01\/grafico-terminais-768x409.jpg 768w, https:\/\/goias.gov.br\/agr\/wp-content\/uploads\/sites\/43\/2025\/01\/grafico-terminais-1536x818.jpg 1536w, https:\/\/goias.gov.br\/agr\/wp-content\/uploads\/sites\/43\/2025\/01\/grafico-terminais-2048x1091.jpg 2048w\" sizes=\"(max-width: 2226px) 100vw, 2226px\" \/><\/p><p style=\"text-align: justify;\"><sub>Fonte: GERED\/AGR (2024)<br \/><\/sub><\/p><p style=\"text-align: justify;\"><span data-olk-copy-source=\"MessageBody\">Conforme a figura acima, observa-se que 6\u00a0(3,09%) s\u00e3o particulares; 4\u00a0(2,06%) pertencem ao Estado mas s\u00e3o administrados por Associa\u00e7\u00f5es; 10 (5,15%)\u00a0s\u00e3o administrados pela GEPIT e pertencem ao estado; 41 (21,13%) s\u00e3o TRPs pertencentes e administrados pelos munic\u00edpios; 132 (75,77%) pertencem ao estado e s\u00e3o administrados, via termo de cess\u00e3o ou permiss\u00e3o de uso, pelos munic\u00edpios e 1 (0,52%) pertencente ao Estado e concedido para explora\u00e7\u00e3o.<\/span><\/p><\/li><\/ul>\t\t\t\t\t\t\t\t<\/div>\n\t\t\t\t<\/div>\n\t\t\t\t\t<\/details>\n\t\t\t\t\t<\/div>\n\t\t\t\t\t\t<\/div>\n\t\t\t\t<\/div>\n\t\t<div class=\"elementor-element elementor-element-8207dd2 e-con-full e-flex e-con e-child\" data-id=\"8207dd2\" data-element_type=\"container\" data-e-type=\"container\">\n\t\t\t\t<div class=\"elementor-element elementor-element-3bd469d elementor-widget elementor-widget-image\" data-id=\"3bd469d\" data-element_type=\"widget\" data-e-type=\"widget\" data-widget_type=\"image.default\">\n\t\t\t\t\t\t\t\t\t\t\t\t\t\t\t\t<a href=\"\/agr\/prestacao-de-contas-trps\/\" target=\"_blank\">\n\t\t\t\t\t\t\t<img decoding=\"async\" src=\"https:\/\/goias.gov.br\/agr\/wp-content\/uploads\/sites\/43\/2024\/02\/prestacao-contas.png\" title=\"\" alt=\"\" loading=\"lazy\" \/>\t\t\t\t\t\t\t\t<\/a>\n\t\t\t\t\t\t\t\t\t\t\t\t\t\t\t<\/div>\n\t\t\t\t<div class=\"elementor-element elementor-element-a5bb943 elementor-widget elementor-widget-image\" data-id=\"a5bb943\" data-element_type=\"widget\" data-e-type=\"widget\" data-widget_type=\"image.default\">\n\t\t\t\t\t\t\t\t\t\t\t\t\t\t\t\t<a href=\"https:\/\/www.portal.agr.go.gov.br\/ouvidoria\/login.jsp\" target=\"_blank\">\n\t\t\t\t\t\t\t<img decoding=\"async\" src=\"https:\/\/goias.gov.br\/agr\/wp-content\/uploads\/sites\/43\/2024\/02\/manifestacoes-reclamacoes.png\" title=\"\" alt=\"\" loading=\"lazy\" \/>\t\t\t\t\t\t\t\t<\/a>\n\t\t\t\t\t\t\t\t\t\t\t\t\t\t\t<\/div>\n\t\t\t\t<div class=\"elementor-element elementor-element-1679262 elementor-widget elementor-widget-image\" data-id=\"1679262\" data-element_type=\"widget\" data-e-type=\"widget\" data-widget_type=\"image.default\">\n\t\t\t\t\t\t\t\t\t\t\t\t\t\t\t\t<a href=\"\/agr\/terminais-rodoviarios-lista\/\" target=\"_blank\">\n\t\t\t\t\t\t\t<img decoding=\"async\" src=\"https:\/\/goias.gov.br\/agr\/wp-content\/uploads\/sites\/43\/2024\/02\/terminais-rodoviarios.png\" title=\"\" alt=\"\" loading=\"lazy\" \/>\t\t\t\t\t\t\t\t<\/a>\n\t\t\t\t\t\t\t\t\t\t\t\t\t\t\t<\/div>\n\t\t\t\t<div class=\"elementor-element elementor-element-3a63c91 elementor-widget elementor-widget-image\" data-id=\"3a63c91\" data-element_type=\"widget\" data-e-type=\"widget\" data-widget_type=\"image.default\">\n\t\t\t\t\t\t\t\t\t\t\t\t\t\t\t\t<a href=\"\/agr\/manuais-para-cadastro\/\" target=\"_blank\">\n\t\t\t\t\t\t\t<img decoding=\"async\" src=\"https:\/\/goias.gov.br\/agr\/wp-content\/uploads\/sites\/43\/2024\/02\/icones-relatorio.png\" title=\"\" alt=\"\" loading=\"lazy\" \/>\t\t\t\t\t\t\t\t<\/a>\n\t\t\t\t\t\t\t\t\t\t\t\t\t\t\t<\/div>\n\t\t\t\t<div class=\"elementor-element elementor-element-36404a3 elementor-widget__width-initial elementor-widget elementor-widget-image\" data-id=\"36404a3\" data-element_type=\"widget\" data-e-type=\"widget\" data-widget_type=\"image.default\">\n\t\t\t\t\t\t\t\t\t\t\t\t\t\t\t\t<a href=\"https:\/\/goias.gov.br\/goiasparcerias\/pmi-terminais-rodoviarios-estaduais-de-passageiros\/\" target=\"_blank\">\n\t\t\t\t\t\t\t<img decoding=\"async\" src=\"https:\/\/goias.gov.br\/agr\/wp-content\/uploads\/sites\/43\/2024\/02\/edital-gered-1.png\" title=\"\" alt=\"\" loading=\"lazy\" \/>\t\t\t\t\t\t\t\t<\/a>\n\t\t\t\t\t\t\t\t\t\t\t\t\t\t\t<\/div>\n\t\t\t\t<div class=\"elementor-element elementor-element-579b00b elementor-widget elementor-widget-image\" data-id=\"579b00b\" data-element_type=\"widget\" data-e-type=\"widget\" data-widget_type=\"image.default\">\n\t\t\t\t\t\t\t\t\t\t\t\t\t\t\t\t<a href=\"https:\/\/goias.gov.br\/agr\/cronograma-exercicio-2026\/\" target=\"_blank\">\n\t\t\t\t\t\t\t<img decoding=\"async\" width=\"1024\" height=\"341\" src=\"https:\/\/goias.gov.br\/agr\/wp-content\/uploads\/sites\/43\/2026\/04\/111-1024x341.jpg\" class=\"attachment-large size-large wp-image-310115\" alt=\"\" srcset=\"https:\/\/goias.gov.br\/agr\/wp-content\/uploads\/sites\/43\/2026\/04\/111-1024x341.jpg 1024w, https:\/\/goias.gov.br\/agr\/wp-content\/uploads\/sites\/43\/2026\/04\/111-300x100.jpg 300w, https:\/\/goias.gov.br\/agr\/wp-content\/uploads\/sites\/43\/2026\/04\/111-768x256.jpg 768w, https:\/\/goias.gov.br\/agr\/wp-content\/uploads\/sites\/43\/2026\/04\/111-1536x511.jpg 1536w, https:\/\/goias.gov.br\/agr\/wp-content\/uploads\/sites\/43\/2026\/04\/111.jpg 1790w\" sizes=\"(max-width: 1024px) 100vw, 1024px\" \/>\t\t\t\t\t\t\t\t<\/a>\n\t\t\t\t\t\t\t\t\t\t\t\t\t\t\t<\/div>\n\t\t\t\t<\/div>\n\t\t\t\t\t<\/div>\n\t\t\t\t<\/div>\n\t\t\t\t<\/div>\n\t\t","protected":false},"excerpt":{"rendered":"<p>O Estado de Goi\u00e1s, como edificador e gestor de um patrim\u00f4nio composto de 194 terminais rodovi\u00e1rios de passageiros, t\u00eam o desafio administrativo de possibilitar a oferta de conforto e seguran\u00e7a aos usu\u00e1rios do sistema de transporte coletivo de passageiros e, dos equipamentos de transporte.\u00a0Com a aprova\u00e7\u00e3o da Lei N\u00ba 21.297\/2022 compete \u00e0 Secretaria-Geral da Governadoria [&hellip;]<\/p>\n","protected":false},"author":7,"featured_media":0,"parent":0,"menu_order":0,"comment_status":"closed","ping_status":"closed","template":"","meta":{"footnotes":""},"class_list":["post-73222","page","type-page","status-publish","hentry"],"rttpg_featured_image_url":null,"rttpg_author":{"display_name":"gustavogoncalves","author_link":"https:\/\/goias.gov.br\/agr\/author\/gustavogoncalves\/"},"rttpg_comment":0,"rttpg_category":null,"rttpg_excerpt":"O Estado de Goi\u00e1s, como edificador e gestor de um patrim\u00f4nio composto de 194 terminais rodovi\u00e1rios de passageiros, t\u00eam o desafio administrativo de possibilitar a oferta de conforto e seguran\u00e7a aos usu\u00e1rios do sistema de transporte coletivo de passageiros e, dos equipamentos de transporte.\u00a0Com a aprova\u00e7\u00e3o da Lei N\u00ba 21.297\/2022 compete \u00e0 Secretaria-Geral da Governadoria&hellip;","_links":{"self":[{"href":"https:\/\/goias.gov.br\/agr\/wp-json\/wp\/v2\/pages\/73222","targetHints":{"allow":["GET"]}}],"collection":[{"href":"https:\/\/goias.gov.br\/agr\/wp-json\/wp\/v2\/pages"}],"about":[{"href":"https:\/\/goias.gov.br\/agr\/wp-json\/wp\/v2\/types\/page"}],"author":[{"embeddable":true,"href":"https:\/\/goias.gov.br\/agr\/wp-json\/wp\/v2\/users\/7"}],"replies":[{"embeddable":true,"href":"https:\/\/goias.gov.br\/agr\/wp-json\/wp\/v2\/comments?post=73222"}],"version-history":[{"count":2,"href":"https:\/\/goias.gov.br\/agr\/wp-json\/wp\/v2\/pages\/73222\/revisions"}],"predecessor-version":[{"id":310125,"href":"https:\/\/goias.gov.br\/agr\/wp-json\/wp\/v2\/pages\/73222\/revisions\/310125"}],"wp:attachment":[{"href":"https:\/\/goias.gov.br\/agr\/wp-json\/wp\/v2\/media?parent=73222"}],"curies":[{"name":"wp","href":"https:\/\/api.w.org\/{rel}","templated":true}]}}