

{"id":35712,"date":"2024-01-22T14:14:39","date_gmt":"2024-01-22T17:14:39","guid":{"rendered":"https:\/\/siteshom.goias.gov.br\/agr\/agenda-de-autoridades\/"},"modified":"2026-04-20T18:43:19","modified_gmt":"2026-04-20T21:43:19","slug":"agenda-de-autoridades","status":"publish","type":"page","link":"https:\/\/goias.gov.br\/agr\/agenda-de-autoridades\/","title":{"rendered":"Agenda de Autoridades"},"content":{"rendered":"<p><strong style='margin-block-end: -1.8rem'><a href='https:\/\/goias.gov.br\/agr\/presidente-do-conselho-regulador\/'>Presidente do Conselho Regulador<\/a><\/strong><br \/>WAGNER OLIVEIRA GOMES<\/p>\n<p><strong style='margin-block-end: -1.8rem'><a href='https:\/\/goias.gov.br\/agr\/diretoria-de-gestao-integrada\/'>Diretoria de Gest\u00e3o Integrada<\/a><\/strong><br \/>ANDREA BONANATO ESTRELA<\/p>\n<p><strong style='margin-block-end: -1.8rem'><a href='https:\/\/goias.gov.br\/agr\/chefia-de-gabinete\/'>Chefia de Gabinete<\/a><\/strong><br \/>BRENO PEREIRA DA SILVA<\/p>\n<p><strong style='margin-block-end: -1.8rem'><a href='https:\/\/goias.gov.br\/agr\/diretoria-de-regulacao-e-fiscalizacao\/'>Diretoria de Regula\u00e7\u00e3o e Fiscaliza\u00e7\u00e3o<\/a><\/strong><br \/>EDUARDO HENRIQUE DA CUNHA<\/p>\n<p><strong style='margin-block-end: -1.8rem'><a href='https:\/\/goias.gov.br\/agr\/conselheiro-do-conselho-regulador-i\/'>Conselheiro do Conselho Regulador I<\/a><\/strong><br \/>PAULO TIAGO TOLEDO CARVALHO<\/p>\n<p><strong style='margin-block-end: -1.8rem'><a href='https:\/\/goias.gov.br\/agr\/conselheiro-do-conselho-regulador-iii\/'>Conselheiro do Conselho Regulador III<\/a><\/strong><br \/>MARIA SILVIA DE LIMA HASTSCHBACH<\/p>\n<p><strong style='margin-block-end: -1.8rem'><a href='https:\/\/goias.gov.br\/agr\/conselheiro-do-conselho-regulador-iv\/'>Conselheiro do Conselho Regulador IV<\/a><\/strong><br \/>NAT\u00c1LIA MARIA BRICE\u00d1O SPADONI<\/p>\n<p><strong style='margin-block-end: -1.8rem'><a href='https:\/\/goias.gov.br\/agr\/chefe-da-procuradoria-setorial\/'>Chefe da Procuradoria Setorial<\/a><\/strong><br \/>GUSTAVO HENRIQUE MARANH\u00c3O LIMA<\/p>\n","protected":false},"excerpt":{"rendered":"<p>Presidente do Conselho ReguladorWAGNER OLIVEIRA GOMES Diretoria de Gest\u00e3o IntegradaANDREA BONANATO ESTRELA Chefia de GabineteBRENO PEREIRA DA SILVA Diretoria de Regula\u00e7\u00e3o e Fiscaliza\u00e7\u00e3oEDUARDO HENRIQUE DA CUNHA Conselheiro do Conselho Regulador IPAULO TIAGO TOLEDO CARVALHO Conselheiro do Conselho Regulador IIIMARIA SILVIA DE LIMA HASTSCHBACH Conselheiro do Conselho Regulador IVNAT\u00c1LIA MARIA BRICE\u00d1O SPADONI Chefe da Procuradoria SetorialGUSTAVO [&hellip;]<\/p>\n","protected":false},"author":2,"featured_media":0,"parent":0,"menu_order":0,"comment_status":"closed","ping_status":"closed","template":"","meta":{"footnotes":""},"class_list":["post-35712","page","type-page","status-publish","hentry"],"rttpg_featured_image_url":null,"rttpg_author":{"display_name":"rogerioduarte","author_link":"https:\/\/goias.gov.br\/agr\/author\/rogerioduarte\/"},"rttpg_comment":0,"rttpg_category":null,"rttpg_excerpt":"Presidente do Conselho ReguladorWAGNER OLIVEIRA GOMES Diretoria de Gest\u00e3o IntegradaANDREA BONANATO ESTRELA Chefia de GabineteBRENO PEREIRA DA SILVA Diretoria de Regula\u00e7\u00e3o e Fiscaliza\u00e7\u00e3oEDUARDO HENRIQUE DA CUNHA Conselheiro do Conselho Regulador IPAULO TIAGO TOLEDO CARVALHO Conselheiro do Conselho Regulador IIIMARIA SILVIA DE LIMA HASTSCHBACH Conselheiro do Conselho Regulador IVNAT\u00c1LIA MARIA BRICE\u00d1O SPADONI Chefe da Procuradoria SetorialGUSTAVO&hellip;","_links":{"self":[{"href":"https:\/\/goias.gov.br\/agr\/wp-json\/wp\/v2\/pages\/35712","targetHints":{"allow":["GET"]}}],"collection":[{"href":"https:\/\/goias.gov.br\/agr\/wp-json\/wp\/v2\/pages"}],"about":[{"href":"https:\/\/goias.gov.br\/agr\/wp-json\/wp\/v2\/types\/page"}],"author":[{"embeddable":true,"href":"https:\/\/goias.gov.br\/agr\/wp-json\/wp\/v2\/users\/2"}],"replies":[{"embeddable":true,"href":"https:\/\/goias.gov.br\/agr\/wp-json\/wp\/v2\/comments?post=35712"}],"version-history":[{"count":2,"href":"https:\/\/goias.gov.br\/agr\/wp-json\/wp\/v2\/pages\/35712\/revisions"}],"predecessor-version":[{"id":312465,"href":"https:\/\/goias.gov.br\/agr\/wp-json\/wp\/v2\/pages\/35712\/revisions\/312465"}],"wp:attachment":[{"href":"https:\/\/goias.gov.br\/agr\/wp-json\/wp\/v2\/media?parent=35712"}],"curies":[{"name":"wp","href":"https:\/\/api.w.org\/{rel}","templated":true}]}}