

{"id":35627,"date":"2023-01-13T20:25:07","date_gmt":"2023-01-13T23:25:07","guid":{"rendered":"https:\/\/wwwdesenv.joomlamultidesenv.go.gov.br\/agr\/?page_id=30533"},"modified":"2026-01-29T10:31:27","modified_gmt":"2026-01-29T13:31:27","slug":"procuradoria-setorial","status":"publish","type":"page","link":"https:\/\/goias.gov.br\/agr\/procuradoria-setorial\/","title":{"rendered":"Procuradoria Setorial"},"content":{"rendered":"\t\t<div data-elementor-type=\"wp-page\" data-elementor-id=\"35627\" class=\"elementor elementor-35627\">\n\t\t\t\t<div class=\"elementor-element elementor-element-4126740 e-flex e-con-boxed e-con e-parent\" data-id=\"4126740\" data-element_type=\"container\" data-e-type=\"container\">\n\t\t\t\t\t<div class=\"e-con-inner\">\n\t\t\t\t<div class=\"elementor-element elementor-element-a2a5e5e elementor-widget elementor-widget-text-editor\" data-id=\"a2a5e5e\" data-element_type=\"widget\" data-e-type=\"widget\" data-widget_type=\"text-editor.default\">\n\t\t\t\t\t\t\t\t\t<p><strong>Os atendimentos pela Procuradoria Setorial da AGR\u00a0s\u00e3o feitos mediante agendamento pr\u00e9vio, via<em>\u00a0<\/em><em>e-mail\u00a0<\/em> (<a href=\"mailto:juridico.agr@goias.gov.br\">juridico.agr@goias.gov.br<\/a>) ou telefone (3226 6440), ocasi\u00e3o em que o interessado dever\u00e1 informar o n\u00famero do processo administrativo ou judicial a ser tratado, e telefone para contato.<br \/><\/strong><\/p><p><strong>PROCURADORIA SETORIAL<\/strong><br \/>Dr. Gustavo Henrique Maranh\u00e3o Lima \u2013 Procurador do Estado de Goi\u00e1s<br \/>Avenida Goi\u00e1s, n\u00ba 305, Edif\u00edcio Visconde de Mau\u00e1 \u2013 Setor Central<br \/>Goi\u00e2nia \u2013 Goi\u00e1s \u2013 CEP: 74.005-010<br \/>Telefone: 62 3226 6440<br \/><a href=\"mailto:gustavo.malima@goias.br\">gustavo.malima@goias.br<\/a><\/p>\t\t\t\t\t\t\t\t<\/div>\n\t\t\t\t<div class=\"elementor-element elementor-element-1d0e3df elementor-widget elementor-widget-n-accordion\" data-id=\"1d0e3df\" data-element_type=\"widget\" data-e-type=\"widget\" data-settings=\"{&quot;default_state&quot;:&quot;all_collapsed&quot;,&quot;max_items_expended&quot;:&quot;one&quot;,&quot;n_accordion_animation_duration&quot;:{&quot;unit&quot;:&quot;ms&quot;,&quot;size&quot;:400,&quot;sizes&quot;:[]}}\" data-widget_type=\"nested-accordion.default\">\n\t\t\t\t\t\t\t<div class=\"e-n-accordion\" aria-label=\"Accordion. Open links with Enter or Space, close with Escape, and navigate with Arrow Keys\">\n\t\t\t\t\t\t<details id=\"e-n-accordion-item-3040\" class=\"e-n-accordion-item\" >\n\t\t\t\t<summary class=\"e-n-accordion-item-title\" data-accordion-index=\"1\" tabindex=\"0\" aria-expanded=\"false\" aria-controls=\"e-n-accordion-item-3040\" >\n\t\t\t\t\t<span class='e-n-accordion-item-title-header'><div class=\"e-n-accordion-item-title-text\"> Equipe <\/div><\/span>\n\t\t\t\t\t\t\t<span class='e-n-accordion-item-title-icon'>\n\t\t\t<span class='e-opened' ><svg aria-hidden=\"true\" class=\"e-font-icon-svg e-fas-angle-down\" viewBox=\"0 0 320 512\" xmlns=\"http:\/\/www.w3.org\/2000\/svg\"><path d=\"M143 352.3L7 216.3c-9.4-9.4-9.4-24.6 0-33.9l22.6-22.6c9.4-9.4 24.6-9.4 33.9 0l96.4 96.4 96.4-96.4c9.4-9.4 24.6-9.4 33.9 0l22.6 22.6c9.4 9.4 9.4 24.6 0 33.9l-136 136c-9.2 9.4-24.4 9.4-33.8 0z\"><\/path><\/svg><\/span>\n\t\t\t<span class='e-closed'><svg aria-hidden=\"true\" class=\"e-font-icon-svg e-fas-angle-right\" viewBox=\"0 0 256 512\" xmlns=\"http:\/\/www.w3.org\/2000\/svg\"><path d=\"M224.3 273l-136 136c-9.4 9.4-24.6 9.4-33.9 0l-22.6-22.6c-9.4-9.4-9.4-24.6 0-33.9l96.4-96.4-96.4-96.4c-9.4-9.4-9.4-24.6 0-33.9L54.3 103c9.4-9.4 24.6-9.4 33.9 0l136 136c9.5 9.4 9.5 24.6.1 34z\"><\/path><\/svg><\/span>\n\t\t<\/span>\n\n\t\t\t\t\t\t<\/summary>\n\t\t\t\t<div role=\"region\" aria-labelledby=\"e-n-accordion-item-3040\" class=\"elementor-element elementor-element-988cea4 e-con-full e-flex e-con e-child\" data-id=\"988cea4\" data-element_type=\"container\" data-e-type=\"container\">\n\t\t\t\t<div class=\"elementor-element elementor-element-37bbad6 elementor-widget elementor-widget-text-editor\" data-id=\"37bbad6\" data-element_type=\"widget\" data-e-type=\"widget\" data-widget_type=\"text-editor.default\">\n\t\t\t\t\t\t\t\t\t<ul><li>Adilson Augusto Duarte Silva \u00a062 3226 6540 <a href=\"mailto:adilson.dsilva@goias.gov.br\">adilson.dsilva@goias.gov.br<\/a><br \/>Gustavo Henrique Cipriano Aguiar Mut\u00e3o \u00a062 3226 6540 <a href=\"mailto:gustavo.mutao@goias.gov.br\">gustavo.mutao@goias.gov.br<\/a><br \/>Joelma Inara Bueno \u00a0 62 3226 6540 <a href=\"mailto:joelma.bueno@goias.gov.br\">joelma.bueno@goias.gov.br<\/a><br \/>Lais Ferreira de Andrade 62 3226 6540 <a href=\"mailto:lais.andrade@goias.gov.br\">lais.andrade@goias.gov.br<\/a><br \/>Luana Alves Oliveia Rezende 62 3226 6443 <a href=\"mailto:luana.rezende@goias.gov.br\">luana.rezende@goias.gov.br<\/a><br \/>Luiz Felipe Sales Ferreira 62 3226 6443 <a href=\"mailto:luiz.saferreira@goias.gov.br\">luiz.saferreira@goias.gov.br<\/a><br \/>Mariane do Carmo de Jesus Pimenta 62 3226 6443 <a href=\"mailto:mariane.pimenta@goias.gov.br\">mariane.pimenta@goias.gov.br<\/a><br \/>Thalyssa Braga Ribeiro \u00a062 3226 6444 <a href=\"mailto:thalyssa.ribeiro@goias.gov.br\">thalyssa.ribeiro@goias.gov.br<\/a><br \/>Tiago Fernandes Pinheiro Cardoso 62 3226 6443 <a href=\"mailto:tiago.cardoso@goias.gov.br\">tiago.cardoso@goias.gov.br<\/a><\/li><\/ul>\t\t\t\t\t\t\t\t<\/div>\n\t\t\t\t<\/div>\n\t\t\t\t\t<\/details>\n\t\t\t\t\t\t<details id=\"e-n-accordion-item-3041\" class=\"e-n-accordion-item\" >\n\t\t\t\t<summary class=\"e-n-accordion-item-title\" data-accordion-index=\"2\" tabindex=\"-1\" aria-expanded=\"false\" aria-controls=\"e-n-accordion-item-3041\" >\n\t\t\t\t\t<span class='e-n-accordion-item-title-header'><div class=\"e-n-accordion-item-title-text\"> Compet\u00eancias da Procuradoria Setorial <\/div><\/span>\n\t\t\t\t\t\t\t<span class='e-n-accordion-item-title-icon'>\n\t\t\t<span class='e-opened' ><svg aria-hidden=\"true\" class=\"e-font-icon-svg e-fas-angle-down\" viewBox=\"0 0 320 512\" xmlns=\"http:\/\/www.w3.org\/2000\/svg\"><path d=\"M143 352.3L7 216.3c-9.4-9.4-9.4-24.6 0-33.9l22.6-22.6c9.4-9.4 24.6-9.4 33.9 0l96.4 96.4 96.4-96.4c9.4-9.4 24.6-9.4 33.9 0l22.6 22.6c9.4 9.4 9.4 24.6 0 33.9l-136 136c-9.2 9.4-24.4 9.4-33.8 0z\"><\/path><\/svg><\/span>\n\t\t\t<span class='e-closed'><svg aria-hidden=\"true\" class=\"e-font-icon-svg e-fas-angle-right\" viewBox=\"0 0 256 512\" xmlns=\"http:\/\/www.w3.org\/2000\/svg\"><path d=\"M224.3 273l-136 136c-9.4 9.4-24.6 9.4-33.9 0l-22.6-22.6c-9.4-9.4-9.4-24.6 0-33.9l96.4-96.4-96.4-96.4c-9.4-9.4-9.4-24.6 0-33.9L54.3 103c9.4-9.4 24.6-9.4 33.9 0l136 136c9.5 9.4 9.5 24.6.1 34z\"><\/path><\/svg><\/span>\n\t\t<\/span>\n\n\t\t\t\t\t\t<\/summary>\n\t\t\t\t<div role=\"region\" aria-labelledby=\"e-n-accordion-item-3041\" class=\"elementor-element elementor-element-77e5dfb e-con-full e-flex e-con e-child\" data-id=\"77e5dfb\" data-element_type=\"container\" data-e-type=\"container\">\n\t\t\t\t<div class=\"elementor-element elementor-element-b6e227e elementor-widget elementor-widget-text-editor\" data-id=\"b6e227e\" data-element_type=\"widget\" data-e-type=\"widget\" data-widget_type=\"text-editor.default\">\n\t\t\t\t\t\t\t\t\t<ul><li><p><strong>Decreto n\u00ba 10.319\/2023<\/strong><\/p><p>Art. 42. Compete \u00e0 Procuradoria Setorial:<\/p><p>I &#8211; emitir manifesta\u00e7\u00e3o pr\u00e9via e incidental em licita\u00e7\u00f5es, contrata\u00e7\u00f5es diretas, parcerias diversas, conv\u00eanios e quaisquer outros ajustes em que o Estado de Goi\u00e1s seja parte, interveniente ou interessado;<\/p><p>II &#8211; elaborar informa\u00e7\u00f5es e\/ou contesta\u00e7\u00f5es em mandados de seguran\u00e7a e\u00a0habeas\u00a0data, cuja autoridade coatora seja agente p\u00fablico em atua\u00e7\u00e3o na respectiva pasta, bem como orientar o cumprimento das decis\u00f5es liminares proferidas nessas a\u00e7\u00f5es e interpor as medidas recursais cab\u00edveis para \u00e0 impugna\u00e7\u00e3o delas;<\/p><p>III &#8211; orientar o cumprimento de decis\u00f5es de tutela provis\u00f3ria quando, intimado pessoalmente, o agente p\u00fablico encarregado de faz\u00ea-lo for integrante da estrutura do \u00f3rg\u00e3o ao qual a Procuradoria Setorial esteja ligada;<\/p><p>IV &#8211; realizar a consultoria jur\u00eddica sobre mat\u00e9ria j\u00e1 assentada na Procuradoria-Geral do Estado \u2013 PGE;<\/p><p>V &#8211; realizar a consultoria jur\u00eddica delegada pelo Procurador-Geral do Estado relativa \u00e0s demandas do \u00f3rg\u00e3o a que se vincula;<\/p><p>VI &#8211; adotar, em coordena\u00e7\u00e3o com as Procuradorias Especializadas, as medidas necess\u00e1rias \u00e0 otimiza\u00e7\u00e3o da representa\u00e7\u00e3o judicial do Estado, em assuntos de interesse da respectiva pasta;<\/p><p>VII &#8211; encarregar-se de outras compet\u00eancias decorrentes do pleno exerc\u00edcio do cargo e as que lhe forem destinadas por ato do Procurador-Geral do Estado; e<\/p><p>VIII &#8211; participar das reuni\u00f5es do Conselho Regulador.<\/p><ul><li>1\u00ba Na hip\u00f3tese do inciso II do\u00a0caput, se houver mais de uma autoridade coatora, integrante de \u00f3rg\u00e3os ou entidades diversas, a resposta dever\u00e1 ser elaborada pela Procuradoria Setorial que tiver maior pertin\u00eancia tem\u00e1tica com a quest\u00e3o de m\u00e9rito.<\/li><li>2\u00ba O Procurador-Geral do Estado poder\u00e1 restringir a compet\u00eancia prevista no inciso II do\u00a0caput\u00a0a determinadas mat\u00e9rias, atento \u00e0s peculiaridades de cada \u00f3rg\u00e3o setorial e o volume de trabalho.<\/li><li>3\u00ba A discrimina\u00e7\u00e3o, em raz\u00e3o da mat\u00e9ria, da natureza do processo e do volume de servi\u00e7o, de outros feitos judiciais em rela\u00e7\u00e3o aos quais a representa\u00e7\u00e3o do Estado ficar\u00e1 a cargo da Chefia da Procuradoria Setorial poder\u00e1 ser estabelecida em ato normativo espec\u00edfico do Procurador-Geral do Estado.<\/li><li>4\u00ba A par da compet\u00eancia prevista no inciso IV do\u00a0caput\u00a0deste artigo, a Procuradoria Setorial poder\u00e1 resolver consultas de baixa complexidade da AGR, a crit\u00e9rio do Procurador-Chefe.<\/li><li>5\u00ba A ju\u00edzo do Procurador-Geral do Estado, a Procuradoria Setorial poder\u00e1 prestar aux\u00edlio tempor\u00e1rio \u00e0 Procuradoria Setorial de outro \u00f3rg\u00e3o ou entidade nas atividades de consultoria jur\u00eddica ou representa\u00e7\u00e3o judicial, sem preju\u00edzo \u00e0 atua\u00e7\u00e3o no pr\u00f3prio \u00f3rg\u00e3o.<\/li><li>6\u00ba Compete ao Procurador-Geral do Estado expedir normas complementares ao disposto neste artigo, em aten\u00e7\u00e3o \u00e0s peculiaridades de cada \u00f3rg\u00e3o e \u00e0 necessidade de equacionar ac\u00famulos excepcionais de servi\u00e7o.<\/li><li>7\u00ba A Procuradoria Setorial fica subordinada t\u00e9cnica e normativamente \u00e0 PGE, sem preju\u00edzo \u00e0 subordina\u00e7\u00e3o administrativa ao Gabinete do Conselheiro Presidente.<\/li><\/ul><\/li><\/ul>\t\t\t\t\t\t\t\t<\/div>\n\t\t\t\t<\/div>\n\t\t\t\t\t<\/details>\n\t\t\t\t\t<\/div>\n\t\t\t\t\t\t<\/div>\n\t\t\t\t\t<\/div>\n\t\t\t\t<\/div>\n\t\t\t\t<\/div>\n\t\t","protected":false},"excerpt":{"rendered":"<p>Os atendimentos pela Procuradoria Setorial da AGR\u00a0s\u00e3o feitos mediante agendamento pr\u00e9vio, via\u00a0e-mail\u00a0 (juridico.agr@goias.gov.br) ou telefone (3226 6440), ocasi\u00e3o em que o interessado dever\u00e1 informar o n\u00famero do processo administrativo ou judicial a ser tratado, e telefone para contato. PROCURADORIA SETORIALDr. Gustavo Henrique Maranh\u00e3o Lima \u2013 Procurador do Estado de Goi\u00e1sAvenida Goi\u00e1s, n\u00ba 305, Edif\u00edcio Visconde [&hellip;]<\/p>\n","protected":false},"author":33,"featured_media":0,"parent":0,"menu_order":0,"comment_status":"closed","ping_status":"closed","template":"","meta":{"footnotes":""},"class_list":["post-35627","page","type-page","status-publish","hentry"],"rttpg_featured_image_url":null,"rttpg_author":{"display_name":"ricardocosta","author_link":"https:\/\/goias.gov.br\/agr\/author\/ricardocosta\/"},"rttpg_comment":0,"rttpg_category":null,"rttpg_excerpt":"Os atendimentos pela Procuradoria Setorial da AGR\u00a0s\u00e3o feitos mediante agendamento pr\u00e9vio, via\u00a0e-mail\u00a0 (juridico.agr@goias.gov.br) ou telefone (3226 6440), ocasi\u00e3o em que o interessado dever\u00e1 informar o n\u00famero do processo administrativo ou judicial a ser tratado, e telefone para contato. PROCURADORIA SETORIALDr. Gustavo Henrique Maranh\u00e3o Lima \u2013 Procurador do Estado de Goi\u00e1sAvenida Goi\u00e1s, n\u00ba 305, Edif\u00edcio Visconde&hellip;","_links":{"self":[{"href":"https:\/\/goias.gov.br\/agr\/wp-json\/wp\/v2\/pages\/35627","targetHints":{"allow":["GET"]}}],"collection":[{"href":"https:\/\/goias.gov.br\/agr\/wp-json\/wp\/v2\/pages"}],"about":[{"href":"https:\/\/goias.gov.br\/agr\/wp-json\/wp\/v2\/types\/page"}],"author":[{"embeddable":true,"href":"https:\/\/goias.gov.br\/agr\/wp-json\/wp\/v2\/users\/33"}],"replies":[{"embeddable":true,"href":"https:\/\/goias.gov.br\/agr\/wp-json\/wp\/v2\/comments?post=35627"}],"version-history":[{"count":2,"href":"https:\/\/goias.gov.br\/agr\/wp-json\/wp\/v2\/pages\/35627\/revisions"}],"predecessor-version":[{"id":288662,"href":"https:\/\/goias.gov.br\/agr\/wp-json\/wp\/v2\/pages\/35627\/revisions\/288662"}],"wp:attachment":[{"href":"https:\/\/goias.gov.br\/agr\/wp-json\/wp\/v2\/media?parent=35627"}],"curies":[{"name":"wp","href":"https:\/\/api.w.org\/{rel}","templated":true}]}}