

{"id":35624,"date":"2023-01-13T19:37:32","date_gmt":"2023-01-13T22:37:32","guid":{"rendered":"https:\/\/wwwdesenv.joomlamultidesenv.go.gov.br\/agr\/?page_id=30494"},"modified":"2026-01-07T17:09:00","modified_gmt":"2026-01-07T20:09:00","slug":"fiscalizacao-das-oss","status":"publish","type":"page","link":"https:\/\/goias.gov.br\/agr\/fiscalizacao-das-oss\/","title":{"rendered":"Organiza\u00e7\u00f5es Sociais de Sa\u00fade e Sociedade Civil"},"content":{"rendered":"\t\t<div data-elementor-type=\"wp-page\" data-elementor-id=\"35624\" class=\"elementor elementor-35624\">\n\t\t\t\t<div class=\"elementor-element elementor-element-2801e72 e-flex e-con-boxed e-con e-parent\" data-id=\"2801e72\" data-element_type=\"container\" data-e-type=\"container\">\n\t\t\t\t\t<div class=\"e-con-inner\">\n\t\t<div class=\"elementor-element elementor-element-a5c0751 e-con-full e-flex e-con e-child\" data-id=\"a5c0751\" data-element_type=\"container\" data-e-type=\"container\">\n\t\t\t\t<div class=\"elementor-element elementor-element-21a6035 elementor-widget elementor-widget-image\" data-id=\"21a6035\" data-element_type=\"widget\" data-e-type=\"widget\" data-widget_type=\"image.default\">\n\t\t\t\t\t\t\t\t\t\t\t\t\t\t\t<img decoding=\"async\" src=\"https:\/\/goias.gov.br\/agr\/wp-content\/uploads\/sites\/43\/2025\/02\/banner-os.jpg\" title=\"\" alt=\"\" loading=\"lazy\" \/>\t\t\t\t\t\t\t\t\t\t\t\t\t\t\t<\/div>\n\t\t\t\t<div class=\"elementor-element elementor-element-696f29d elementor-widget elementor-widget-text-editor\" data-id=\"696f29d\" data-element_type=\"widget\" data-e-type=\"widget\" data-widget_type=\"text-editor.default\">\n\t\t\t\t\t\t\t\t\t<div style=\"text-align: justify;\" data-olk-copy-source=\"MessageBody\">\u00a0<\/div><div style=\"text-align: justify;\" data-olk-copy-source=\"MessageBody\">Conforme <a href=\"https:\/\/legisla.casacivil.go.gov.br\/api\/v2\/pesquisa\/legislacoes\/108211\/pdf\">Decreto N\u00ba 10.356\/2023<\/a> a Secretaria de Estado da Sa\u00fade \u2013 SES e as organiza\u00e7\u00f5es da sociedade civil \u2013 OSCs atuam em regime de m\u00fatua coopera\u00e7\u00e3o, para a consecu\u00e7\u00e3o de finalidades de interesse p\u00fablico e rec\u00edproco e a execu\u00e7\u00e3o de atividades ou de projetos, inclusive reforma, obra, servi\u00e7o, evento ou aquisi\u00e7\u00e3o de bens, previamente estabelecidos em planos de trabalho anexos a termos de colabora\u00e7\u00e3o ou de fomento ou a acordos de coopera\u00e7\u00e3o.<\/div><div style=\"text-align: justify;\" data-olk-copy-source=\"MessageBody\">\u00a0<\/div><div style=\"text-align: justify;\">\u00c9 atribui\u00e7\u00e3o da Ag\u00eancia Goiana de Regula\u00e7\u00e3o, Controle e Fiscaliza\u00e7\u00e3o de Servi\u00e7os P\u00fablicos AGR, conforme <a href=\"https:\/\/legisla.casacivil.go.gov.br\/api\/v2\/pesquisa\/legislacoes\/81411\/pdf\">Lei N\u00ba 13.569\/99<\/a> e <a href=\"https:\/\/legisla.casacivil.go.gov.br\/api\/v2\/pesquisa\/legislacoes\/98576\/pdf\">Lei N\u00ba 19.265\/16<\/a> promover a regula\u00e7\u00e3o, o controle e a fiscaliza\u00e7\u00e3o dos servi\u00e7os p\u00fablicos prestados que s\u00e3o objeto de contratos de concess\u00e3o, permiss\u00e3o, autoriza\u00e7\u00e3o, parceria p\u00fablico-privada, contrato de gest\u00e3o com organiza\u00e7\u00e3o social (OS) e termo de parceria com Organiza\u00e7\u00e3o da Sociedade Civil de Interesse P\u00fablico (Oscip), com vistas a garantir a qualidade, regularidade e continuidade na presta\u00e7\u00e3o dos servi\u00e7os.<\/div><div style=\"text-align: justify;\">\u00a0<\/div><div style=\"text-align: justify;\">\u00c9 tamb\u00e9m responsabilidade da Ag\u00eancia Goiana de Regula\u00e7\u00e3o, Controle e Fiscaliza\u00e7\u00e3o de Servi\u00e7os P\u00fablicos (AGR) o controle e a fiscaliza\u00e7\u00e3o do uso ou explora\u00e7\u00e3o de bens e direitos pertencentes ao Estado de Goi\u00e1s procedidos ou n\u00e3o da execu\u00e7\u00e3o de servi\u00e7os e\/ou obras p\u00fablicas das atividades inerentes \u00e0 sa\u00fade.<\/div>\t\t\t\t\t\t\t\t<\/div>\n\t\t\t\t<div class=\"elementor-element elementor-element-2c34dec elementor-widget elementor-widget-n-accordion\" data-id=\"2c34dec\" data-element_type=\"widget\" data-e-type=\"widget\" data-settings=\"{&quot;default_state&quot;:&quot;all_collapsed&quot;,&quot;max_items_expended&quot;:&quot;one&quot;,&quot;n_accordion_animation_duration&quot;:{&quot;unit&quot;:&quot;ms&quot;,&quot;size&quot;:400,&quot;sizes&quot;:[]}}\" data-widget_type=\"nested-accordion.default\">\n\t\t\t\t\t\t\t<div class=\"e-n-accordion\" aria-label=\"Accordion. Open links with Enter or Space, close with Escape, and navigate with Arrow Keys\">\n\t\t\t\t\t\t<details id=\"e-n-accordion-item-4630\" class=\"e-n-accordion-item\" >\n\t\t\t\t<summary class=\"e-n-accordion-item-title\" data-accordion-index=\"1\" tabindex=\"0\" aria-expanded=\"false\" aria-controls=\"e-n-accordion-item-4630\" >\n\t\t\t\t\t<span class='e-n-accordion-item-title-header'><div class=\"e-n-accordion-item-title-text\"> A AGR Fiscaliza <\/div><\/span>\n\t\t\t\t\t\t\t<span class='e-n-accordion-item-title-icon'>\n\t\t\t<span class='e-opened' ><svg aria-hidden=\"true\" class=\"e-font-icon-svg e-fas-angle-down\" viewBox=\"0 0 320 512\" xmlns=\"http:\/\/www.w3.org\/2000\/svg\"><path d=\"M143 352.3L7 216.3c-9.4-9.4-9.4-24.6 0-33.9l22.6-22.6c9.4-9.4 24.6-9.4 33.9 0l96.4 96.4 96.4-96.4c9.4-9.4 24.6-9.4 33.9 0l22.6 22.6c9.4 9.4 9.4 24.6 0 33.9l-136 136c-9.2 9.4-24.4 9.4-33.8 0z\"><\/path><\/svg><\/span>\n\t\t\t<span class='e-closed'><svg aria-hidden=\"true\" class=\"e-font-icon-svg e-fas-angle-right\" viewBox=\"0 0 256 512\" xmlns=\"http:\/\/www.w3.org\/2000\/svg\"><path d=\"M224.3 273l-136 136c-9.4 9.4-24.6 9.4-33.9 0l-22.6-22.6c-9.4-9.4-9.4-24.6 0-33.9l96.4-96.4-96.4-96.4c-9.4-9.4-9.4-24.6 0-33.9L54.3 103c9.4-9.4 24.6-9.4 33.9 0l136 136c9.5 9.4 9.5 24.6.1 34z\"><\/path><\/svg><\/span>\n\t\t<\/span>\n\n\t\t\t\t\t\t<\/summary>\n\t\t\t\t<div role=\"region\" aria-labelledby=\"e-n-accordion-item-4630\" class=\"elementor-element elementor-element-1c04eeb e-con-full e-flex e-con e-child\" data-id=\"1c04eeb\" data-element_type=\"container\" data-e-type=\"container\">\n\t\t\t\t<div class=\"elementor-element elementor-element-fa0d079 elementor-widget elementor-widget-text-editor\" data-id=\"fa0d079\" data-element_type=\"widget\" data-e-type=\"widget\" data-widget_type=\"text-editor.default\">\n\t\t\t\t\t\t\t\t\t<ul><li style=\"text-align: justify;\">As condi\u00e7\u00f5es f\u00edsicas dos bens im\u00f3veis pertencentes ao estado de Goi\u00e1s que est\u00e3o cedidos \u00e0s organiza\u00e7\u00f5es sociais por meio de termo de permiss\u00e3o de uso e\u00a0<\/li><li style=\"text-align: justify;\">A presta\u00e7\u00e3o do servi\u00e7o p\u00fablico de sa\u00fade, por meio de indicadores de desempenho da qualidade do servi\u00e7o prestado.<\/li><\/ul>\t\t\t\t\t\t\t\t<\/div>\n\t\t\t\t<\/div>\n\t\t\t\t\t<\/details>\n\t\t\t\t\t\t<details id=\"e-n-accordion-item-4631\" class=\"e-n-accordion-item\" >\n\t\t\t\t<summary class=\"e-n-accordion-item-title\" data-accordion-index=\"2\" tabindex=\"-1\" aria-expanded=\"false\" aria-controls=\"e-n-accordion-item-4631\" >\n\t\t\t\t\t<span class='e-n-accordion-item-title-header'><div class=\"e-n-accordion-item-title-text\"> Resolu\u00e7\u00f5es Aplicadas <\/div><\/span>\n\t\t\t\t\t\t\t<span class='e-n-accordion-item-title-icon'>\n\t\t\t<span class='e-opened' ><svg aria-hidden=\"true\" class=\"e-font-icon-svg e-fas-angle-down\" viewBox=\"0 0 320 512\" xmlns=\"http:\/\/www.w3.org\/2000\/svg\"><path d=\"M143 352.3L7 216.3c-9.4-9.4-9.4-24.6 0-33.9l22.6-22.6c9.4-9.4 24.6-9.4 33.9 0l96.4 96.4 96.4-96.4c9.4-9.4 24.6-9.4 33.9 0l22.6 22.6c9.4 9.4 9.4 24.6 0 33.9l-136 136c-9.2 9.4-24.4 9.4-33.8 0z\"><\/path><\/svg><\/span>\n\t\t\t<span class='e-closed'><svg aria-hidden=\"true\" class=\"e-font-icon-svg e-fas-angle-right\" viewBox=\"0 0 256 512\" xmlns=\"http:\/\/www.w3.org\/2000\/svg\"><path d=\"M224.3 273l-136 136c-9.4 9.4-24.6 9.4-33.9 0l-22.6-22.6c-9.4-9.4-9.4-24.6 0-33.9l96.4-96.4-96.4-96.4c-9.4-9.4-9.4-24.6 0-33.9L54.3 103c9.4-9.4 24.6-9.4 33.9 0l136 136c9.5 9.4 9.5 24.6.1 34z\"><\/path><\/svg><\/span>\n\t\t<\/span>\n\n\t\t\t\t\t\t<\/summary>\n\t\t\t\t<div role=\"region\" aria-labelledby=\"e-n-accordion-item-4631\" class=\"elementor-element elementor-element-7b8aa93 e-con-full e-flex e-con e-child\" data-id=\"7b8aa93\" data-element_type=\"container\" data-e-type=\"container\">\n\t\t\t\t<div class=\"elementor-element elementor-element-0de57b1 elementor-widget elementor-widget-text-editor\" data-id=\"0de57b1\" data-element_type=\"widget\" data-e-type=\"widget\" data-widget_type=\"text-editor.default\">\n\t\t\t\t\t\t\t\t\t<ul><li style=\"text-align: justify;\"><a href=\"https:\/\/diariooficial.abc.go.gov.br\/portal\/visualizacoes\/pdf\/5968\/#\/p:81\/e:5968\">Termo de Corresponsabilidade<\/a> &#8211; Termo de procedimento de corresponsabilidade no monitoramento e avalia\u00e7\u00e3o dos contratos de Gest\u00e3o celebrado entre a Ag\u00eancia Goiana de Regula\u00e7\u00e3o, Controle e Fiscaliza\u00e7\u00e3o de Servi\u00e7os P\u00fablicos &#8211; AGR e a Secretaria de Estado da Sa\u00fade de Goi\u00e1s &#8211; SES, conforme processo n\u00ba 202200029002240.<\/li><li style=\"text-align: justify;\"><a href=\"https:\/\/legisla.casacivil.go.gov.br\/pesquisa_ato_infralegal\/392\/resolucao-7\">Resolu\u00e7\u00e3o Normativa n\u00ba 007\/2013 &#8211; CR AGR<\/a>\u00a0&#8211;\u00a0Disp\u00f5e sobre procedimentos para aplica\u00e7\u00e3o de penalidades \u00e0s entidades sociais,\u00a0Organiza\u00e7\u00f5es Sociais (OS) e as Organiza\u00e7\u00f5es da Sociedade Civil de Interesse P\u00fablico (OSCIP) em que o\u00a0Estado de Goi\u00e1s seja parte, direto ou indiretamente e d\u00e1 outras provid\u00eancias.<\/li><li style=\"text-align: justify;\"><a href=\"https:\/\/goias.gov.br\/agr\/wp-content\/uploads\/sites\/43\/images\/imagens_migradas\/upload\/arquivos\/2016-04\/resolucao-normativa-no_-0048_2016---cr.pdf\">Resolu\u00e7\u00e3o\u00a0Normativa\u00a0n\u00b0 0048\/2016 &#8211; CR AGR<\/a>\u00a0&#8211;\u00a0Disp\u00f5e sobre o estabelecimento de a\u00e7\u00f5es de transpar\u00eancia a serem cumpridas pelas Organiza\u00e7\u00f5es Sociais (OS) e as Organiza\u00e7\u00f5es da Sociedade Civil de Interesse P\u00fablico (OSCIP) com contrato de gest\u00e3o ou termo de parceria, respectivamente, em que o Estado de Goi\u00e1s seja parte.<\/li><\/ul>\t\t\t\t\t\t\t\t<\/div>\n\t\t\t\t<\/div>\n\t\t\t\t\t<\/details>\n\t\t\t\t\t<\/div>\n\t\t\t\t\t\t<\/div>\n\t\t\t\t<\/div>\n\t\t<div class=\"elementor-element elementor-element-8307a5e e-con-full e-flex e-con e-child\" data-id=\"8307a5e\" data-element_type=\"container\" data-e-type=\"container\">\n\t\t\t\t<div class=\"elementor-element elementor-element-1c1723f elementor-widget elementor-widget-image\" data-id=\"1c1723f\" data-element_type=\"widget\" data-e-type=\"widget\" data-widget_type=\"image.default\">\n\t\t\t\t\t\t\t\t\t\t\t\t\t\t\t\t<a href=\"https:\/\/goias.gov.br\/saude\/selecionar-acesso-as-informacoes-das-organizacoes-sociais\/\" target=\"_blank\">\n\t\t\t\t\t\t\t<img decoding=\"async\" src=\"https:\/\/goias.gov.br\/agr\/wp-content\/uploads\/sites\/43\/2024\/02\/unidades-saude-geridas-oss.png\" title=\"\" alt=\"\" loading=\"lazy\" \/>\t\t\t\t\t\t\t\t<\/a>\n\t\t\t\t\t\t\t\t\t\t\t\t\t\t\t<\/div>\n\t\t\t\t<div class=\"elementor-element elementor-element-dbc0848 elementor-widget elementor-widget-image\" data-id=\"dbc0848\" data-element_type=\"widget\" data-e-type=\"widget\" data-widget_type=\"image.default\">\n\t\t\t\t\t\t\t\t\t\t\t\t\t\t\t\t<a href=\"https:\/\/goias.gov.br\/saude\/hospitais-e-policlinicas\/\" target=\"_blank\">\n\t\t\t\t\t\t\t<img decoding=\"async\" src=\"https:\/\/goias.gov.br\/agr\/wp-content\/uploads\/sites\/43\/2024\/02\/orientacao-usuarios-saude.png\" title=\"\" alt=\"\" loading=\"lazy\" \/>\t\t\t\t\t\t\t\t<\/a>\n\t\t\t\t\t\t\t\t\t\t\t\t\t\t\t<\/div>\n\t\t\t\t<div class=\"elementor-element elementor-element-bd5f96f elementor-widget elementor-widget-image\" data-id=\"bd5f96f\" data-element_type=\"widget\" data-e-type=\"widget\" data-widget_type=\"image.default\">\n\t\t\t\t\t\t\t\t\t\t\t\t\t\t\t\t<a href=\"https:\/\/goias.gov.br\/agr\/vistorias-presenciais-os\/\" target=\"_blank\">\n\t\t\t\t\t\t\t<img decoding=\"async\" src=\"https:\/\/goias.gov.br\/agr\/wp-content\/uploads\/sites\/43\/2024\/08\/Vistorias-Presenciais-2024-1.png\" title=\"\" alt=\"\" loading=\"lazy\" \/>\t\t\t\t\t\t\t\t<\/a>\n\t\t\t\t\t\t\t\t\t\t\t\t\t\t\t<\/div>\n\t\t\t\t<\/div>\n\t\t\t\t\t<\/div>\n\t\t\t\t<\/div>\n\t\t\t\t<\/div>\n\t\t","protected":false},"excerpt":{"rendered":"<p>\u00a0Conforme Decreto N\u00ba 10.356\/2023 a Secretaria de Estado da Sa\u00fade \u2013 SES e as organiza\u00e7\u00f5es da sociedade civil \u2013 OSCs atuam em regime de m\u00fatua coopera\u00e7\u00e3o, para a consecu\u00e7\u00e3o de finalidades de interesse p\u00fablico e rec\u00edproco e a execu\u00e7\u00e3o de atividades ou de projetos, inclusive reforma, obra, servi\u00e7o, evento ou aquisi\u00e7\u00e3o de bens, previamente estabelecidos [&hellip;]<\/p>\n","protected":false},"author":77,"featured_media":0,"parent":0,"menu_order":0,"comment_status":"closed","ping_status":"closed","template":"","meta":{"footnotes":""},"class_list":["post-35624","page","type-page","status-publish","hentry"],"rttpg_featured_image_url":null,"rttpg_author":{"display_name":"barbaragodoy","author_link":"https:\/\/goias.gov.br\/agr\/author\/barbaragodoy\/"},"rttpg_comment":0,"rttpg_category":null,"rttpg_excerpt":"\u00a0Conforme Decreto N\u00ba 10.356\/2023 a Secretaria de Estado da Sa\u00fade \u2013 SES e as organiza\u00e7\u00f5es da sociedade civil \u2013 OSCs atuam em regime de m\u00fatua coopera\u00e7\u00e3o, para a consecu\u00e7\u00e3o de finalidades de interesse p\u00fablico e rec\u00edproco e a execu\u00e7\u00e3o de atividades ou de projetos, inclusive reforma, obra, servi\u00e7o, evento ou aquisi\u00e7\u00e3o de bens, previamente estabelecidos&hellip;","_links":{"self":[{"href":"https:\/\/goias.gov.br\/agr\/wp-json\/wp\/v2\/pages\/35624","targetHints":{"allow":["GET"]}}],"collection":[{"href":"https:\/\/goias.gov.br\/agr\/wp-json\/wp\/v2\/pages"}],"about":[{"href":"https:\/\/goias.gov.br\/agr\/wp-json\/wp\/v2\/types\/page"}],"author":[{"embeddable":true,"href":"https:\/\/goias.gov.br\/agr\/wp-json\/wp\/v2\/users\/77"}],"replies":[{"embeddable":true,"href":"https:\/\/goias.gov.br\/agr\/wp-json\/wp\/v2\/comments?post=35624"}],"version-history":[{"count":2,"href":"https:\/\/goias.gov.br\/agr\/wp-json\/wp\/v2\/pages\/35624\/revisions"}],"predecessor-version":[{"id":284904,"href":"https:\/\/goias.gov.br\/agr\/wp-json\/wp\/v2\/pages\/35624\/revisions\/284904"}],"wp:attachment":[{"href":"https:\/\/goias.gov.br\/agr\/wp-json\/wp\/v2\/media?parent=35624"}],"curies":[{"name":"wp","href":"https:\/\/api.w.org\/{rel}","templated":true}]}}