

{"id":35622,"date":"2023-01-13T17:33:32","date_gmt":"2023-01-13T20:33:32","guid":{"rendered":"https:\/\/wwwdesenv.joomlamultidesenv.go.gov.br\/agr\/?page_id=30472"},"modified":"2026-03-02T14:24:01","modified_gmt":"2026-03-02T17:24:01","slug":"camara-de-julgamento","status":"publish","type":"page","link":"https:\/\/goias.gov.br\/agr\/camara-de-julgamento\/","title":{"rendered":"C\u00e2mara de Julgamento"},"content":{"rendered":"\t\t<div data-elementor-type=\"wp-page\" data-elementor-id=\"35622\" class=\"elementor elementor-35622\">\n\t\t\t\t<div class=\"elementor-element elementor-element-321b7b2 e-flex e-con-boxed e-con e-parent\" data-id=\"321b7b2\" data-element_type=\"container\" data-e-type=\"container\">\n\t\t\t\t\t<div class=\"e-con-inner\">\n\t\t<div class=\"elementor-element elementor-element-3dc7bb9 e-con-full e-flex e-con e-child\" data-id=\"3dc7bb9\" data-element_type=\"container\" data-e-type=\"container\">\n\t\t\t\t<div class=\"elementor-element elementor-element-4f60128 elementor-widget elementor-widget-image\" data-id=\"4f60128\" data-element_type=\"widget\" data-e-type=\"widget\" data-widget_type=\"image.default\">\n\t\t\t\t\t\t\t\t\t\t\t\t\t\t\t<img fetchpriority=\"high\" decoding=\"async\" width=\"1024\" height=\"682\" src=\"https:\/\/goias.gov.br\/agr\/wp-content\/uploads\/sites\/43\/2026\/03\/WhatsApp-Image-2026-03-02-at-14.14.28-1024x682.jpeg\" class=\"attachment-large size-large wp-image-297459\" alt=\"\" srcset=\"https:\/\/goias.gov.br\/agr\/wp-content\/uploads\/sites\/43\/2026\/03\/WhatsApp-Image-2026-03-02-at-14.14.28-1024x682.jpeg 1024w, https:\/\/goias.gov.br\/agr\/wp-content\/uploads\/sites\/43\/2026\/03\/WhatsApp-Image-2026-03-02-at-14.14.28-300x200.jpeg 300w, https:\/\/goias.gov.br\/agr\/wp-content\/uploads\/sites\/43\/2026\/03\/WhatsApp-Image-2026-03-02-at-14.14.28-768x512.jpeg 768w, https:\/\/goias.gov.br\/agr\/wp-content\/uploads\/sites\/43\/2026\/03\/WhatsApp-Image-2026-03-02-at-14.14.28-1536x1024.jpeg 1536w, https:\/\/goias.gov.br\/agr\/wp-content\/uploads\/sites\/43\/2026\/03\/WhatsApp-Image-2026-03-02-at-14.14.28-2048x1365.jpeg 2048w\" sizes=\"(max-width: 1024px) 100vw, 1024px\" \/>\t\t\t\t\t\t\t\t\t\t\t\t\t\t\t<\/div>\n\t\t\t\t<div class=\"elementor-element elementor-element-eceaab3 elementor-widget elementor-widget-text-editor\" data-id=\"eceaab3\" data-element_type=\"widget\" data-e-type=\"widget\" data-widget_type=\"text-editor.default\">\n\t\t\t\t\t\t\t\t\t<div style=\"text-align: justify;\">A C\u00e2mara de Julgamento \u00e9 a 1\u00aa inst\u00e2ncia colegiada de julgamento dos processos administrativos de autos de infra\u00e7\u00e3o da AGR, inclusive dos termos de lan\u00e7amento da Taxa de Regula\u00e7\u00e3o, Controle e Fiscaliza\u00e7\u00e3o de Servi\u00e7os P\u00fablicos\u00a0 (TRCF). \u00c9 composta por 5 (cinco) membros, constitu\u00eddos por servidores efetivos, sendo um deles o seu coordenador e os processos s\u00e3o distribu\u00eddos igualmente entre estes membros. Os membros da C\u00e2mara de Julgamento ser\u00e3o designados pelo Conselho Regulador e ter\u00e3o mandato de 01 (um) ano, permitida a recondu\u00e7\u00e3o por igual per\u00edodo.<\/div>\t\t\t\t\t\t\t\t<\/div>\n\t\t\t\t<div class=\"elementor-element elementor-element-1f17c37 elementor-widget elementor-widget-n-accordion\" data-id=\"1f17c37\" data-element_type=\"widget\" data-e-type=\"widget\" data-settings=\"{&quot;default_state&quot;:&quot;all_collapsed&quot;,&quot;max_items_expended&quot;:&quot;one&quot;,&quot;n_accordion_animation_duration&quot;:{&quot;unit&quot;:&quot;ms&quot;,&quot;size&quot;:400,&quot;sizes&quot;:[]}}\" data-widget_type=\"nested-accordion.default\">\n\t\t\t\t\t\t\t<div class=\"e-n-accordion\" aria-label=\"Accordion. Open links with Enter or Space, close with Escape, and navigate with Arrow Keys\">\n\t\t\t\t\t\t<details id=\"e-n-accordion-item-3260\" class=\"e-n-accordion-item\" >\n\t\t\t\t<summary class=\"e-n-accordion-item-title\" data-accordion-index=\"1\" tabindex=\"0\" aria-expanded=\"false\" aria-controls=\"e-n-accordion-item-3260\" >\n\t\t\t\t\t<span class='e-n-accordion-item-title-header'><div class=\"e-n-accordion-item-title-text\"> Pautas das Sess\u00f5es <\/div><\/span>\n\t\t\t\t\t\t\t<span class='e-n-accordion-item-title-icon'>\n\t\t\t<span class='e-opened' ><svg aria-hidden=\"true\" class=\"e-font-icon-svg e-fas-angle-down\" viewBox=\"0 0 320 512\" xmlns=\"http:\/\/www.w3.org\/2000\/svg\"><path d=\"M143 352.3L7 216.3c-9.4-9.4-9.4-24.6 0-33.9l22.6-22.6c9.4-9.4 24.6-9.4 33.9 0l96.4 96.4 96.4-96.4c9.4-9.4 24.6-9.4 33.9 0l22.6 22.6c9.4 9.4 9.4 24.6 0 33.9l-136 136c-9.2 9.4-24.4 9.4-33.8 0z\"><\/path><\/svg><\/span>\n\t\t\t<span class='e-closed'><svg aria-hidden=\"true\" class=\"e-font-icon-svg e-fas-angle-right\" viewBox=\"0 0 256 512\" xmlns=\"http:\/\/www.w3.org\/2000\/svg\"><path d=\"M224.3 273l-136 136c-9.4 9.4-24.6 9.4-33.9 0l-22.6-22.6c-9.4-9.4-9.4-24.6 0-33.9l96.4-96.4-96.4-96.4c-9.4-9.4-9.4-24.6 0-33.9L54.3 103c9.4-9.4 24.6-9.4 33.9 0l136 136c9.5 9.4 9.5 24.6.1 34z\"><\/path><\/svg><\/span>\n\t\t<\/span>\n\n\t\t\t\t\t\t<\/summary>\n\t\t\t\t<div role=\"region\" aria-labelledby=\"e-n-accordion-item-3260\" class=\"elementor-element elementor-element-af6dd6b e-con-full e-flex e-con e-child\" data-id=\"af6dd6b\" data-element_type=\"container\" data-e-type=\"container\">\n\t\t\t\t<div class=\"elementor-element elementor-element-e4390bd elementor-widget elementor-widget-text-editor\" data-id=\"e4390bd\" data-element_type=\"widget\" data-e-type=\"widget\" data-widget_type=\"text-editor.default\">\n\t\t\t\t\t\t\t\t\t<ul><li><a href=\"https:\/\/goias.gov.br\/agr\/pautas-das-reunioes-2026\/\">Pautas das Reuni\u00f5es 2026<\/a><\/li><li><a href=\"https:\/\/goias.gov.br\/agr\/pautas-das-reunioes-2025\/\">Pautas das Reuni\u00f5es 2025<\/a><\/li><li><a href=\"\/agr\/pautas-das-reunioes-2024\/\">Pautas das Reuni\u00f5es 2024<\/a><\/li><li><a href=\"\/agr\/pautas-das-reunioes-2023\/\">Pautas das Reuni\u00f5es 2023<\/a><\/li><li><a href=\"\/agr\/pautas-das-reunioes-2022\/\">Pautas das Reuni\u00f5es 2022<\/a><\/li><li><a href=\"\/agr\/pautas-das-reunioes-2021\/\">Pautas das Reuni\u00f5es 2021<\/a><\/li><li><a href=\"\/agr\/pautas-das-reunioes\/\">Pautas dos anos anteriores<\/a><\/li><\/ul>\t\t\t\t\t\t\t\t<\/div>\n\t\t\t\t<\/div>\n\t\t\t\t\t<\/details>\n\t\t\t\t\t\t<details id=\"e-n-accordion-item-3261\" class=\"e-n-accordion-item\" >\n\t\t\t\t<summary class=\"e-n-accordion-item-title\" data-accordion-index=\"2\" tabindex=\"-1\" aria-expanded=\"false\" aria-controls=\"e-n-accordion-item-3261\" >\n\t\t\t\t\t<span class='e-n-accordion-item-title-header'><div class=\"e-n-accordion-item-title-text\"> Sorteio de Processo <\/div><\/span>\n\t\t\t\t\t\t\t<span class='e-n-accordion-item-title-icon'>\n\t\t\t<span class='e-opened' ><svg aria-hidden=\"true\" class=\"e-font-icon-svg e-fas-angle-down\" viewBox=\"0 0 320 512\" xmlns=\"http:\/\/www.w3.org\/2000\/svg\"><path d=\"M143 352.3L7 216.3c-9.4-9.4-9.4-24.6 0-33.9l22.6-22.6c9.4-9.4 24.6-9.4 33.9 0l96.4 96.4 96.4-96.4c9.4-9.4 24.6-9.4 33.9 0l22.6 22.6c9.4 9.4 9.4 24.6 0 33.9l-136 136c-9.2 9.4-24.4 9.4-33.8 0z\"><\/path><\/svg><\/span>\n\t\t\t<span class='e-closed'><svg aria-hidden=\"true\" class=\"e-font-icon-svg e-fas-angle-right\" viewBox=\"0 0 256 512\" xmlns=\"http:\/\/www.w3.org\/2000\/svg\"><path d=\"M224.3 273l-136 136c-9.4 9.4-24.6 9.4-33.9 0l-22.6-22.6c-9.4-9.4-9.4-24.6 0-33.9l96.4-96.4-96.4-96.4c-9.4-9.4-9.4-24.6 0-33.9L54.3 103c9.4-9.4 24.6-9.4 33.9 0l136 136c9.5 9.4 9.5 24.6.1 34z\"><\/path><\/svg><\/span>\n\t\t<\/span>\n\n\t\t\t\t\t\t<\/summary>\n\t\t\t\t<div role=\"region\" aria-labelledby=\"e-n-accordion-item-3261\" class=\"elementor-element elementor-element-98b1cdd e-con-full e-flex e-con e-child\" data-id=\"98b1cdd\" data-element_type=\"container\" data-e-type=\"container\">\n\t\t\t\t<div class=\"elementor-element elementor-element-1a3600c elementor-widget elementor-widget-text-editor\" data-id=\"1a3600c\" data-element_type=\"widget\" data-e-type=\"widget\" data-widget_type=\"text-editor.default\">\n\t\t\t\t\t\t\t\t\t<ul><li><a href=\"\/agr\/processos-sorteados\/\">Processos Sorteados<\/a><\/li><li><a href=\"\/agr\/videos-dos-sorteios\/\">V\u00eddeos dos Sorteios<\/a><\/li><\/ul>\t\t\t\t\t\t\t\t<\/div>\n\t\t\t\t<\/div>\n\t\t\t\t\t<\/details>\n\t\t\t\t\t\t<details id=\"e-n-accordion-item-3262\" class=\"e-n-accordion-item\" >\n\t\t\t\t<summary class=\"e-n-accordion-item-title\" data-accordion-index=\"3\" tabindex=\"-1\" aria-expanded=\"false\" aria-controls=\"e-n-accordion-item-3262\" >\n\t\t\t\t\t<span class='e-n-accordion-item-title-header'><div class=\"e-n-accordion-item-title-text\"> Estrutura e Funcionamento da C\u00e2mara de Julgamento <\/div><\/span>\n\t\t\t\t\t\t\t<span class='e-n-accordion-item-title-icon'>\n\t\t\t<span class='e-opened' ><svg aria-hidden=\"true\" class=\"e-font-icon-svg e-fas-angle-down\" viewBox=\"0 0 320 512\" xmlns=\"http:\/\/www.w3.org\/2000\/svg\"><path d=\"M143 352.3L7 216.3c-9.4-9.4-9.4-24.6 0-33.9l22.6-22.6c9.4-9.4 24.6-9.4 33.9 0l96.4 96.4 96.4-96.4c9.4-9.4 24.6-9.4 33.9 0l22.6 22.6c9.4 9.4 9.4 24.6 0 33.9l-136 136c-9.2 9.4-24.4 9.4-33.8 0z\"><\/path><\/svg><\/span>\n\t\t\t<span class='e-closed'><svg aria-hidden=\"true\" class=\"e-font-icon-svg e-fas-angle-right\" viewBox=\"0 0 256 512\" xmlns=\"http:\/\/www.w3.org\/2000\/svg\"><path d=\"M224.3 273l-136 136c-9.4 9.4-24.6 9.4-33.9 0l-22.6-22.6c-9.4-9.4-9.4-24.6 0-33.9l96.4-96.4-96.4-96.4c-9.4-9.4-9.4-24.6 0-33.9L54.3 103c9.4-9.4 24.6-9.4 33.9 0l136 136c9.5 9.4 9.5 24.6.1 34z\"><\/path><\/svg><\/span>\n\t\t<\/span>\n\n\t\t\t\t\t\t<\/summary>\n\t\t\t\t<div role=\"region\" aria-labelledby=\"e-n-accordion-item-3262\" class=\"elementor-element elementor-element-c081f08 e-con-full e-flex e-con e-child\" data-id=\"c081f08\" data-element_type=\"container\" data-e-type=\"container\">\n\t\t\t\t<div class=\"elementor-element elementor-element-2abbefe elementor-widget elementor-widget-text-editor\" data-id=\"2abbefe\" data-element_type=\"widget\" data-e-type=\"widget\" data-widget_type=\"text-editor.default\">\n\t\t\t\t\t\t\t\t\t<ul><li><p><strong>Decreto n\u00ba 10.319, DE 12 DE SETEMBRO DE 2023<\/strong><\/p><p><strong>Se\u00e7\u00e3o V<\/strong><\/p><p><strong>Da C\u00e2mara de Julgamento.<\/strong><\/p><p>\u00a0Art. 35. A C\u00e2mara de Julgamento ser\u00e1 estruturada em grupo t\u00e9cnico \u00fanico e se conformar\u00e1 com o servi\u00e7o p\u00fablico ou a atividade econ\u00f4mica objeto de efetiva regula\u00e7\u00e3o, controle e fiscaliza\u00e7\u00e3o pela AGR.<\/p><ul><li>1\u00ba A C\u00e2mara de Julgamento ser\u00e1 constitu\u00edda por 5 (cinco) servidores efetivos da AGR.<\/li><li>2\u00ba Os membros da C\u00e2mara de Julgamento ser\u00e3o designados pelo Conselho Regulador, ter\u00e3o mandato de 1 (um) ano, permitida a recondu\u00e7\u00e3o por igual per\u00edodo.<\/li><li>3\u00ba Os membros da C\u00e2mara de Julgamento poder\u00e3o ser destitu\u00eddos por decis\u00e3o uniforme do Conselho Regulador da AGR.<\/li><li>4\u00ba O Coordenador da C\u00e2mara de Julgamento, na hip\u00f3tese de aus\u00eancia ou impedimento, ser\u00e1 substitu\u00eddo por outro membro formalmente designado pelo Conselheiro Presidente do Conselho Regulador da AGR.<\/li><li>5\u00ba Os integrantes da C\u00e2mara de Julgamento dever\u00e3o atender ao disposto no art. 8\u00ba deste Regulamento.<\/li><li>6\u00ba O Secret\u00e1rio-Executivo da C\u00e2mara de Julgamento ser\u00e1 designado pelo Conselho Regulador.<\/li><\/ul><p>Art. 36. A C\u00e2mara de Julgamento ser\u00e1 a primeira inst\u00e2ncia de julgamento de processos administrativos de autos de infra\u00e7\u00e3o oriundos das atividades de fiscaliza\u00e7\u00e3o da AGR, inclusive dos termos de lan\u00e7amento da Taxa de Regula\u00e7\u00e3o, Controle e Fiscaliza\u00e7\u00e3o de Servi\u00e7os P\u00fablicos \u2013 TRCF, e de sua decis\u00e3o cabe recurso ao Conselho Regulador, em 10 (dez) dias.<\/p><p>Art. 37.\u00a0A decis\u00e3o que cancelar ou anular auto de infra\u00e7\u00e3o ser\u00e1 objeto de reexame e delibera\u00e7\u00e3o pelo Conselho Regulador da AGR.<\/p><p>Art. 38. A participa\u00e7\u00e3o dos membros da C\u00e2mara de Julgamento, dos Secret\u00e1rios-Executivos deste Colegiado e do Conselho Regulador, limitado seu n\u00famero a 5 (cinco) sess\u00f5es mensais, ser\u00e1 remunerada por jetons no valor de R$ 275,40 (duzentos e setenta e cinco reais e quarenta centavos), reajustado pelo \u00edndice de revis\u00e3o geral anual dos servidores p\u00fablicos.<\/p><p><strong>Se\u00e7\u00e3o I<\/strong><\/p><p><strong>Do Funcionamento da C\u00e2mara de Julgamento<\/strong><\/p><p>\u00a0Art. 39. A C\u00e2mara de Julgamento se reunir\u00e1 semanalmente e extraordinariamente quando houver a autorizada do Conselheiro Presidente da AGR.<\/p><ul><li>1\u00ba Para a realiza\u00e7\u00e3o das reuni\u00f5es ser\u00e1 exigido o qu\u00f3rum m\u00ednimo de 3 (tr\u00eas) de seus membro e todos eles responder\u00e3o em conson\u00e2ncia com seus votos.<\/li><li>2\u00ba As pautas das reuni\u00f5es da C\u00e2mara de Julgamento ser\u00e3o elaboradas pelo coordenador e publicadas com anteced\u00eancia m\u00ednima de 3 (tr\u00eas) dias no s\u00edtio da AGR.<\/li><li>3\u00ba Nas reuni\u00f5es da C\u00e2mara de Julgamento, o seu coordenador:<\/li><\/ul><p>I &#8211; al\u00e9m do seu pr\u00f3prio voto, ter\u00e1 direito ao voto de desempate; e<\/p><p>II &#8211; ser\u00e1, alternadamente com os outros membros, o relator dos processos em julgamento.<\/p><ul><li>4\u00ba As delibera\u00e7\u00f5es da C\u00e2mara de Julgamento ser\u00e3o registradas em ata, a ser assinada pelos seus membros, para o efeito declarat\u00f3rio e de comunica\u00e7\u00e3o e\/ou divulga\u00e7\u00e3o.<\/li><li>5\u00ba As decis\u00f5es da C\u00e2mara de Julgamento ser\u00e3o formalizadas por resolu\u00e7\u00f5es e ser\u00e3o assinadas pelo seu coordenador.<\/li><li>6\u00ba O apoio t\u00e9cnico e administrativo necess\u00e1rio ao funcionamento da C\u00e2mara de Julgamento ser\u00e1 prestado pela respectiva ger\u00eancia, e cabe a ela redigir, supervisionada pela Procuradoria Setorial, as resolu\u00e7\u00f5es das decis\u00f5es de primeira inst\u00e2ncia.<\/li><li>7\u00ba O processo com pedido de vista dever\u00e1 ser analisado e devolvido em 7 (sete) dias, sob pena de o interessado ficar impedido de se valer dessa prerrogativa por 90 (noventa) dias, sem preju\u00edzo \u00e0s demais san\u00e7\u00f5es cab\u00edveis.<\/li><li>8\u00ba Os processos a serem relatados ser\u00e3o distribu\u00eddos por sorteio, sempre que for poss\u00edvel, de forma igualit\u00e1ria pela Ger\u00eancia da Secretaria-Geral.<\/li><\/ul><\/li><\/ul>\t\t\t\t\t\t\t\t<\/div>\n\t\t\t\t<\/div>\n\t\t\t\t\t<\/details>\n\t\t\t\t\t\t<details id=\"e-n-accordion-item-3263\" class=\"e-n-accordion-item\" >\n\t\t\t\t<summary class=\"e-n-accordion-item-title\" data-accordion-index=\"4\" tabindex=\"-1\" aria-expanded=\"false\" aria-controls=\"e-n-accordion-item-3263\" >\n\t\t\t\t\t<span class='e-n-accordion-item-title-header'><div class=\"e-n-accordion-item-title-text\"> Atribui\u00e7\u00f5es dos Membros da C\u00e2mara de Julgamento <\/div><\/span>\n\t\t\t\t\t\t\t<span class='e-n-accordion-item-title-icon'>\n\t\t\t<span class='e-opened' ><svg aria-hidden=\"true\" class=\"e-font-icon-svg e-fas-angle-down\" viewBox=\"0 0 320 512\" xmlns=\"http:\/\/www.w3.org\/2000\/svg\"><path d=\"M143 352.3L7 216.3c-9.4-9.4-9.4-24.6 0-33.9l22.6-22.6c9.4-9.4 24.6-9.4 33.9 0l96.4 96.4 96.4-96.4c9.4-9.4 24.6-9.4 33.9 0l22.6 22.6c9.4 9.4 9.4 24.6 0 33.9l-136 136c-9.2 9.4-24.4 9.4-33.8 0z\"><\/path><\/svg><\/span>\n\t\t\t<span class='e-closed'><svg aria-hidden=\"true\" class=\"e-font-icon-svg e-fas-angle-right\" viewBox=\"0 0 256 512\" xmlns=\"http:\/\/www.w3.org\/2000\/svg\"><path d=\"M224.3 273l-136 136c-9.4 9.4-24.6 9.4-33.9 0l-22.6-22.6c-9.4-9.4-9.4-24.6 0-33.9l96.4-96.4-96.4-96.4c-9.4-9.4-9.4-24.6 0-33.9L54.3 103c9.4-9.4 24.6-9.4 33.9 0l136 136c9.5 9.4 9.5 24.6.1 34z\"><\/path><\/svg><\/span>\n\t\t<\/span>\n\n\t\t\t\t\t\t<\/summary>\n\t\t\t\t<div role=\"region\" aria-labelledby=\"e-n-accordion-item-3263\" class=\"elementor-element elementor-element-50a2457 e-con-full e-flex e-con e-child\" data-id=\"50a2457\" data-element_type=\"container\" data-e-type=\"container\">\n\t\t\t\t<div class=\"elementor-element elementor-element-b0cea19 elementor-widget elementor-widget-text-editor\" data-id=\"b0cea19\" data-element_type=\"widget\" data-e-type=\"widget\" data-widget_type=\"text-editor.default\">\n\t\t\t\t\t\t\t\t\t<ul><li><p><strong>Decreto n\u00ba 10.319, DE 12 DE SETEMBRO DE 2023<\/strong><\/p><p><strong>Se\u00e7\u00e3o VI<\/strong><\/p><p><strong>Das Atribui\u00e7\u00f5es dos Integrantes da C\u00e2mara de Julgamento<\/strong><\/p><p><strong>Subse\u00e7\u00e3o I<\/strong><\/p><p><strong>Dos Membros da C\u00e2mara de Julgamento<\/strong><\/p><p>Art. 40. S\u00e3o atribui\u00e7\u00f5es dos membros da C\u00e2mara de Julgamento:<\/p><p>I &#8211; receber, informar e movimentar processos administrativos encaminhados \u00e0 C\u00e2mara de Julgamento para relatos, mant\u00ea-los sob os seus cuidados e responsabilizar-se por eles;<\/p><p>II &#8211; apreciar e deliberar sobre os assuntos constantes da pauta das reuni\u00f5es;<\/p><p>III &#8211; requerer vista de processos;<\/p><p>IV &#8211; requerer ao coordenador da C\u00e2mara de Julgamento pareceres externos;<\/p><p>V &#8211; participar das sess\u00f5es e votar as mat\u00e9rias em delibera\u00e7\u00e3o, salvo impedimento;<\/p><p>VI &#8211; requerer esclarecimentos adicionais para fundamentar as mat\u00e9rias a serem deliberadas; e<\/p><p>VII &#8211; relatar mat\u00e9rias de sua compet\u00eancia em 10 (dez) dias ou em outro prazo designado, se o assunto exigir isso, e proferir o seu voto na sess\u00e3o imediata ao vencimento do prazo.<\/p><p><strong>Se\u00e7\u00e3o II<\/strong><\/p><p><strong>Do Secret\u00e1rio-Executivo da C\u00e2mara de Julgamento<\/strong><\/p><p>\u00a0Art. 41. S\u00e3o atribui\u00e7\u00f5es do Secret\u00e1rio-Executivo da C\u00e2mara de Julgamento:<\/p><p>I &#8211; receber, informar e movimentar processos administrativos encaminhados para julgamento, mant\u00ea\u2013 los sob os seus cuidados e responsabilizar-se por eles;<\/p><p>II &#8211; secretariar as reuni\u00f5es da C\u00e2mara de Julgamento;<\/p><p>III &#8211; elaborar as atas das reuni\u00f5es, assin\u00e1-las e colher as assinaturas dos integrantes da C\u00e2mara de Julgamento;<\/p><p>IV &#8211; entregar por termo pr\u00f3prio, acompanhar, cobrar e receber os processos com pedido de vistas; e<\/p><p>V &#8211; realizar atividades correlatas.<\/p><\/li><\/ul>\t\t\t\t\t\t\t\t<\/div>\n\t\t\t\t<\/div>\n\t\t\t\t\t<\/details>\n\t\t\t\t\t\t<details id=\"e-n-accordion-item-3264\" class=\"e-n-accordion-item\" >\n\t\t\t\t<summary class=\"e-n-accordion-item-title\" data-accordion-index=\"5\" tabindex=\"-1\" aria-expanded=\"false\" aria-controls=\"e-n-accordion-item-3264\" >\n\t\t\t\t\t<span class='e-n-accordion-item-title-header'><div class=\"e-n-accordion-item-title-text\"> Avisos <\/div><\/span>\n\t\t\t\t\t\t\t<span class='e-n-accordion-item-title-icon'>\n\t\t\t<span class='e-opened' ><svg aria-hidden=\"true\" class=\"e-font-icon-svg e-fas-angle-down\" viewBox=\"0 0 320 512\" xmlns=\"http:\/\/www.w3.org\/2000\/svg\"><path d=\"M143 352.3L7 216.3c-9.4-9.4-9.4-24.6 0-33.9l22.6-22.6c9.4-9.4 24.6-9.4 33.9 0l96.4 96.4 96.4-96.4c9.4-9.4 24.6-9.4 33.9 0l22.6 22.6c9.4 9.4 9.4 24.6 0 33.9l-136 136c-9.2 9.4-24.4 9.4-33.8 0z\"><\/path><\/svg><\/span>\n\t\t\t<span class='e-closed'><svg aria-hidden=\"true\" class=\"e-font-icon-svg e-fas-angle-right\" viewBox=\"0 0 256 512\" xmlns=\"http:\/\/www.w3.org\/2000\/svg\"><path d=\"M224.3 273l-136 136c-9.4 9.4-24.6 9.4-33.9 0l-22.6-22.6c-9.4-9.4-9.4-24.6 0-33.9l96.4-96.4-96.4-96.4c-9.4-9.4-9.4-24.6 0-33.9L54.3 103c9.4-9.4 24.6-9.4 33.9 0l136 136c9.5 9.4 9.5 24.6.1 34z\"><\/path><\/svg><\/span>\n\t\t<\/span>\n\n\t\t\t\t\t\t<\/summary>\n\t\t\t\t<div role=\"region\" aria-labelledby=\"e-n-accordion-item-3264\" class=\"elementor-element elementor-element-57d4676 e-con-full e-flex e-con e-child\" data-id=\"57d4676\" data-element_type=\"container\" data-e-type=\"container\">\n\t\t\t\t<div class=\"elementor-element elementor-element-a828249 elementor-widget elementor-widget-text-editor\" data-id=\"a828249\" data-element_type=\"widget\" data-e-type=\"widget\" data-widget_type=\"text-editor.default\">\n\t\t\t\t\t\t\t\t\t<ul><li><a href=\"https:\/\/goias.gov.br\/agr\/portaria-resolucao-2024\/\">Portaria e Resolu\u00e7\u00e3o de 2024<\/a><\/li><\/ul>\t\t\t\t\t\t\t\t<\/div>\n\t\t\t\t<\/div>\n\t\t\t\t\t<\/details>\n\t\t\t\t\t<\/div>\n\t\t\t\t\t\t<\/div>\n\t\t\t\t<\/div>\n\t\t<div class=\"elementor-element elementor-element-3040539 e-con-full e-flex e-con e-child\" data-id=\"3040539\" data-element_type=\"container\" data-e-type=\"container\">\n\t\t\t\t<div class=\"elementor-element elementor-element-3c2f814 elementor-widget elementor-widget-image\" data-id=\"3c2f814\" data-element_type=\"widget\" data-e-type=\"widget\" data-widget_type=\"image.default\">\n\t\t\t\t\t\t\t\t\t\t\t\t\t\t\t\t<a href=\"\/agr\/resolucoes-da-camara-de-julgamento\/\" target=\"_blank\">\n\t\t\t\t\t\t\t<img decoding=\"async\" src=\"https:\/\/goias.gov.br\/agr\/wp-content\/uploads\/sites\/43\/2024\/02\/resolucoes-1.png\" title=\"\" alt=\"\" loading=\"lazy\" \/>\t\t\t\t\t\t\t\t<\/a>\n\t\t\t\t\t\t\t\t\t\t\t\t\t\t\t<\/div>\n\t\t\t\t<div class=\"elementor-element elementor-element-68580ac elementor-widget elementor-widget-image\" data-id=\"68580ac\" data-element_type=\"widget\" data-e-type=\"widget\" data-widget_type=\"image.default\">\n\t\t\t\t\t\t\t\t\t\t\t\t\t\t\t\t<a href=\"\/agr\/atas-de-reunioes-da-camara-de-julgamento\/\" target=\"_blank\">\n\t\t\t\t\t\t\t<img decoding=\"async\" src=\"https:\/\/goias.gov.br\/agr\/wp-content\/uploads\/sites\/43\/2024\/02\/atas-1.png\" title=\"\" alt=\"\" loading=\"lazy\" \/>\t\t\t\t\t\t\t\t<\/a>\n\t\t\t\t\t\t\t\t\t\t\t\t\t\t\t<\/div>\n\t\t\t\t<div class=\"elementor-element elementor-element-27d26ce elementor-widget elementor-widget-image\" data-id=\"27d26ce\" data-element_type=\"widget\" data-e-type=\"widget\" data-widget_type=\"image.default\">\n\t\t\t\t\t\t\t\t\t\t\t\t\t\t\t\t<a href=\"\/agr\/videos-das-reunioes-camara-julgamento\/\" target=\"_blank\">\n\t\t\t\t\t\t\t<img decoding=\"async\" src=\"https:\/\/goias.gov.br\/agr\/wp-content\/uploads\/sites\/43\/2024\/02\/camara-julgamento.png\" title=\"\" alt=\"\" loading=\"lazy\" \/>\t\t\t\t\t\t\t\t<\/a>\n\t\t\t\t\t\t\t\t\t\t\t\t\t\t\t<\/div>\n\t\t\t\t<\/div>\n\t\t\t\t\t<\/div>\n\t\t\t\t<\/div>\n\t\t\t\t<\/div>\n\t\t","protected":false},"excerpt":{"rendered":"<p>A C\u00e2mara de Julgamento \u00e9 a 1\u00aa inst\u00e2ncia colegiada de julgamento dos processos administrativos de autos de infra\u00e7\u00e3o da AGR, inclusive dos termos de lan\u00e7amento da Taxa de Regula\u00e7\u00e3o, Controle e Fiscaliza\u00e7\u00e3o de Servi\u00e7os P\u00fablicos\u00a0 (TRCF). \u00c9 composta por 5 (cinco) membros, constitu\u00eddos por servidores efetivos, sendo um deles o seu coordenador e os processos [&hellip;]<\/p>\n","protected":false},"author":77,"featured_media":0,"parent":0,"menu_order":0,"comment_status":"closed","ping_status":"closed","template":"","meta":{"footnotes":""},"class_list":["post-35622","page","type-page","status-publish","hentry"],"rttpg_featured_image_url":null,"rttpg_author":{"display_name":"barbaragodoy","author_link":"https:\/\/goias.gov.br\/agr\/author\/barbaragodoy\/"},"rttpg_comment":0,"rttpg_category":null,"rttpg_excerpt":"A C\u00e2mara de Julgamento \u00e9 a 1\u00aa inst\u00e2ncia colegiada de julgamento dos processos administrativos de autos de infra\u00e7\u00e3o da AGR, inclusive dos termos de lan\u00e7amento da Taxa de Regula\u00e7\u00e3o, Controle e Fiscaliza\u00e7\u00e3o de Servi\u00e7os P\u00fablicos\u00a0 (TRCF). \u00c9 composta por 5 (cinco) membros, constitu\u00eddos por servidores efetivos, sendo um deles o seu coordenador e os processos&hellip;","_links":{"self":[{"href":"https:\/\/goias.gov.br\/agr\/wp-json\/wp\/v2\/pages\/35622","targetHints":{"allow":["GET"]}}],"collection":[{"href":"https:\/\/goias.gov.br\/agr\/wp-json\/wp\/v2\/pages"}],"about":[{"href":"https:\/\/goias.gov.br\/agr\/wp-json\/wp\/v2\/types\/page"}],"author":[{"embeddable":true,"href":"https:\/\/goias.gov.br\/agr\/wp-json\/wp\/v2\/users\/77"}],"replies":[{"embeddable":true,"href":"https:\/\/goias.gov.br\/agr\/wp-json\/wp\/v2\/comments?post=35622"}],"version-history":[{"count":2,"href":"https:\/\/goias.gov.br\/agr\/wp-json\/wp\/v2\/pages\/35622\/revisions"}],"predecessor-version":[{"id":297465,"href":"https:\/\/goias.gov.br\/agr\/wp-json\/wp\/v2\/pages\/35622\/revisions\/297465"}],"wp:attachment":[{"href":"https:\/\/goias.gov.br\/agr\/wp-json\/wp\/v2\/media?parent=35622"}],"curies":[{"name":"wp","href":"https:\/\/api.w.org\/{rel}","templated":true}]}}