

{"id":35621,"date":"2023-01-13T17:16:40","date_gmt":"2023-01-13T20:16:40","guid":{"rendered":"https:\/\/wwwdesenv.joomlamultidesenv.go.gov.br\/agr\/?page_id=30466"},"modified":"2025-12-15T10:28:34","modified_gmt":"2025-12-15T13:28:34","slug":"perfil-dos-conselheiros","status":"publish","type":"page","link":"https:\/\/goias.gov.br\/agr\/perfil-dos-conselheiros\/","title":{"rendered":"Perfil dos Conselheiros"},"content":{"rendered":"\t\t<div data-elementor-type=\"wp-page\" data-elementor-id=\"35621\" class=\"elementor elementor-35621\">\n\t\t\t\t<div class=\"elementor-element elementor-element-60306ee e-flex e-con-boxed e-con e-parent\" data-id=\"60306ee\" data-element_type=\"container\" data-e-type=\"container\">\n\t\t\t\t\t<div class=\"e-con-inner\">\n\t\t\t\t<div class=\"elementor-element elementor-element-c2b303f elementor-widget elementor-widget-image\" data-id=\"c2b303f\" data-element_type=\"widget\" data-e-type=\"widget\" data-widget_type=\"image.default\">\n\t\t\t\t\t\t\t\t\t\t\t\t\t\t\t<img decoding=\"async\" src=\"https:\/\/goias.gov.br\/agr\/wp-content\/uploads\/sites\/43\/2023\/01\/wagner-conselheiro-2-1-scaled.jpg\" title=\"\" alt=\"\" loading=\"lazy\" \/>\t\t\t\t\t\t\t\t\t\t\t\t\t\t\t<\/div>\n\t\t\t\t<div class=\"elementor-element elementor-element-b84d943 elementor-widget elementor-widget-text-editor\" data-id=\"b84d943\" data-element_type=\"widget\" data-e-type=\"widget\" data-widget_type=\"text-editor.default\">\n\t\t\t\t\t\t\t\t\t<p style=\"text-align: justify;\"><span style=\"font-family: georgia, palatino, serif;\"><strong>Wagner Oliveira Gomes<\/strong><\/span><br \/><span style=\"font-family: georgia, palatino, serif;\">\u00c9 engenheiro eletricista pela Universidade Federal de Goi\u00e1s (UFG), com p\u00f3s-gradua\u00e7\u00e3o em telecomunica\u00e7\u00f5es pela Universidade de Bras\u00edlia (UnB), Master\u00b4s Certificate \u2013 Project Management pela George Washington University (GWU) e mestre em gest\u00e3o da qualidade pela Universidade de Campinas (Unicamp).<\/span><\/p><p style=\"text-align: justify;\"><span style=\"font-family: georgia, palatino, serif;\">Iniciou carreira em 1986 como engenheiro na Telegoi\u00e1s, onde atuou por 12 anos nas \u00e1reas de engenharia, planejamento e opera\u00e7\u00f5es; posteriormente, com a privatiza\u00e7\u00e3o do setor, trabalhou por mais 18 anos na Brasil Telecom\/Oi, em estruturas <\/span><span style=\"font-family: georgia, palatino, serif;\">comerciais (solu\u00e7\u00f5es corporativas TI\/Telecom) para os segmentos governo e privado.<\/span><\/p><p><span style=\"font-family: georgia, palatino, serif;\">Assessorou projetos de parcerias p\u00fablico-privado (PPP) na Goi\u00e1s Parcerias. No setor el\u00e9trico, atuou na diretoria comercial da Cia Energ\u00e9tica de Bras\u00edlia (CEB \u2013 Distribui\u00e7\u00e3o).<\/span><\/p><p><span style=\"font-family: georgia, palatino, serif;\">No Governo de Goi\u00e1s, desde 2019, atuou na diretoria de gest\u00e3o da ABC, foi superintendente de opera\u00e7\u00f5es e servi\u00e7os de TI na SEDI, tendo tamb\u00e9m participado dos conselhos de administra\u00e7\u00e3o da CELGPAR e do conselho fiscal da Goi\u00e1s Telecom.<\/span><\/p>\t\t\t\t\t\t\t\t<\/div>\n\t\t\t\t\t<\/div>\n\t\t\t\t<\/div>\n\t\t<div class=\"elementor-element elementor-element-798800d e-flex e-con-boxed e-con e-parent\" data-id=\"798800d\" data-element_type=\"container\" data-e-type=\"container\">\n\t\t\t\t\t<div class=\"e-con-inner\">\n\t\t<div class=\"elementor-element elementor-element-afe7c8f e-con-full e-flex e-con e-child\" data-id=\"afe7c8f\" data-element_type=\"container\" data-e-type=\"container\">\n\t\t\t\t<div class=\"elementor-element elementor-element-a442eae elementor-widget elementor-widget-image\" data-id=\"a442eae\" data-element_type=\"widget\" data-e-type=\"widget\" data-widget_type=\"image.default\">\n\t\t\t\t\t\t\t\t\t\t\t\t\t\t\t<img decoding=\"async\" src=\"https:\/\/goias.gov.br\/agr\/wp-content\/uploads\/sites\/43\/2023\/01\/paulo-tiago.jpg\" title=\"\" alt=\"\" loading=\"lazy\" \/>\t\t\t\t\t\t\t\t\t\t\t\t\t\t\t<\/div>\n\t\t\t\t<div class=\"elementor-element elementor-element-775c90f elementor-widget elementor-widget-text-editor\" data-id=\"775c90f\" data-element_type=\"widget\" data-e-type=\"widget\" data-widget_type=\"text-editor.default\">\n\t\t\t\t\t\t\t\t\t<p style=\"text-align: justify;\"><strong>Paulo Tiago Toledo Carvalho<\/strong> \u00e9 conselheiro da Ag\u00eancia Goiana de Regula\u00e7\u00e3o, Controle e Fiscaliza\u00e7\u00e3o de Servi\u00e7os P\u00fablicos (AGR). Advogado OAB\/GO 16.115-GO, graduado em Direito pela CESUT em Jata\u00ed-Go, em Hotelaria pelo Senac\/Coornel University &#8211; S\u00e3o Paulo-SP e em Geografia \u2013 PUC Goi\u00e2nia. Atuou posteriormente como juiz classista da Junta de Concilia\u00e7\u00e3o e Julgamento de Jata\u00ed GO, de 1992\/1995. Atuou ainda como presidente de Licita\u00e7\u00e3o na Metrobus de 2010 a 2011, como gerente de Licita\u00e7\u00e3o da AGR de 2011 a 2014 e de 2017 a 2020. Foi presidente da Comiss\u00e3o Permanente de Sindic\u00e2ncia da Goi\u00e1s Fomento de 2014 a 2016 e \u00e9 conselheiro da AGR desde 2020.<\/p>\t\t\t\t\t\t\t\t<\/div>\n\t\t\t\t<\/div>\n\t\t<div class=\"elementor-element elementor-element-97011c8 e-con-full e-flex e-con e-child\" data-id=\"97011c8\" data-element_type=\"container\" data-e-type=\"container\">\n\t\t\t\t<div class=\"elementor-element elementor-element-4129794 elementor-widget elementor-widget-image\" data-id=\"4129794\" data-element_type=\"widget\" data-e-type=\"widget\" data-widget_type=\"image.default\">\n\t\t\t\t\t\t\t\t\t\t\t\t\t\t\t<img decoding=\"async\" src=\"https:\/\/goias.gov.br\/agr\/wp-content\/uploads\/sites\/43\/2023\/01\/natalia-spadoni.png\" title=\"\" alt=\"\" loading=\"lazy\" \/>\t\t\t\t\t\t\t\t\t\t\t\t\t\t\t<\/div>\n\t\t\t\t<div class=\"elementor-element elementor-element-89d466f elementor-widget elementor-widget-text-editor\" data-id=\"89d466f\" data-element_type=\"widget\" data-e-type=\"widget\" data-widget_type=\"text-editor.default\">\n\t\t\t\t\t\t\t\t\t<p style=\"text-align: justify;\"><strong>Nat\u00e1lia Maria Brice\u00f1o Spadoni<\/strong>\u00a0\u00e9 conselheira\u00a0da Ag\u00eancia Goiana de Regula\u00e7\u00e3o, Controle e Fiscaliza\u00e7\u00e3o de Servi\u00e7os P\u00fablicos (AGR). A\u00a0conselheira \u00e9 graduada em Direito. Tem p\u00f3s-gradua\u00e7\u00e3o em Direito do Trabalho, Processual Trabalhista e Direito Previdenci\u00e1rio, com conhecimento jur\u00eddico nas \u00e1reas trabalhistas, administrativas e de recursos humanos em empresas de presta\u00e7\u00e3o de servi\u00e7os de vigil\u00e2ncia e seguran\u00e7a, e nas empresas de administra\u00e7\u00e3o e manuten\u00e7\u00e3o. Tem tamb\u00e9m experi\u00eancia em administra\u00e7\u00e3o p\u00fablica, documenta\u00e7\u00e3o e processos licitantes .<\/p>\t\t\t\t\t\t\t\t<\/div>\n\t\t\t\t<\/div>\n\t\t\t\t\t<\/div>\n\t\t\t\t<\/div>\n\t\t<div class=\"elementor-element elementor-element-da40881 e-flex e-con-boxed e-con e-parent\" data-id=\"da40881\" data-element_type=\"container\" data-e-type=\"container\">\n\t\t\t\t\t<div class=\"e-con-inner\">\n\t\t<div class=\"elementor-element elementor-element-be1f127 e-con-full e-flex e-con e-child\" data-id=\"be1f127\" data-element_type=\"container\" data-e-type=\"container\">\n\t\t\t\t<div class=\"elementor-element elementor-element-3a36ccb elementor-widget elementor-widget-image\" data-id=\"3a36ccb\" data-element_type=\"widget\" data-e-type=\"widget\" data-widget_type=\"image.default\">\n\t\t\t\t\t\t\t\t\t\t\t\t\t\t\t<img decoding=\"async\" src=\"https:\/\/goias.gov.br\/agr\/wp-content\/uploads\/sites\/43\/2025\/09\/WhatsApp-Image-2025-09-22-at-09.06.25-186x300.jpeg\" title=\"\" alt=\"\" loading=\"lazy\" \/>\t\t\t\t\t\t\t\t\t\t\t\t\t\t\t<\/div>\n\t\t\t\t<div class=\"elementor-element elementor-element-0f595d1 elementor-widget elementor-widget-text-editor\" data-id=\"0f595d1\" data-element_type=\"widget\" data-e-type=\"widget\" data-widget_type=\"text-editor.default\">\n\t\t\t\t\t\t\t\t\t<p style=\"text-align: justify;\"><strong>Maria Silvia de Lima Hatschbach.<\/strong> Graduada em Direito, com p\u00f3s-gradua\u00e7\u00e3o em Direito Administrativo, Direito Constitucional, Direito do Trabalho, Processo do Trabalho e MBA em desenvolvimento de carreira de lideran\u00e7as femininas em grandes empresas. Possui 23 anos<br \/>de experi\u00eancia nas \u00e1reas de direito c\u00edvel, trabalhista, processual, constitucional, administrativo e p\u00fablico, atuando como assessora de promotor de Justi\u00e7a e procurador de Justi\u00e7a no MPGO; como advogada em empresa pertencente ao denominado sistema \u201cS\u201d; como advogada e coordenadora jur\u00eddica regional em empresa de sociedade de economia<br \/>mista federal (Eletrobr\u00e1s); e como advogada da Procuradoria da Mulher da Assembleia Legislativa do Estado de Goi\u00e1s (Alego).<\/p>\t\t\t\t\t\t\t\t<\/div>\n\t\t\t\t<\/div>\n\t\t<div class=\"elementor-element elementor-element-201bc22 e-con-full e-flex e-con e-child\" data-id=\"201bc22\" data-element_type=\"container\" data-e-type=\"container\">\n\t\t\t\t<\/div>\n\t\t\t\t\t<\/div>\n\t\t\t\t<\/div>\n\t\t\t\t<\/div>\n\t\t","protected":false},"excerpt":{"rendered":"<p>Wagner Oliveira Gomes\u00c9 engenheiro eletricista pela Universidade Federal de Goi\u00e1s (UFG), com p\u00f3s-gradua\u00e7\u00e3o em telecomunica\u00e7\u00f5es pela Universidade de Bras\u00edlia (UnB), Master\u00b4s Certificate \u2013 Project Management pela George Washington University (GWU) e mestre em gest\u00e3o da qualidade pela Universidade de Campinas (Unicamp). Iniciou carreira em 1986 como engenheiro na Telegoi\u00e1s, onde atuou por 12 anos nas [&hellip;]<\/p>\n","protected":false},"author":77,"featured_media":0,"parent":0,"menu_order":0,"comment_status":"closed","ping_status":"closed","template":"","meta":{"footnotes":""},"class_list":["post-35621","page","type-page","status-publish","hentry"],"rttpg_featured_image_url":null,"rttpg_author":{"display_name":"barbaragodoy","author_link":"https:\/\/goias.gov.br\/agr\/author\/barbaragodoy\/"},"rttpg_comment":0,"rttpg_category":null,"rttpg_excerpt":"Wagner Oliveira Gomes\u00c9 engenheiro eletricista pela Universidade Federal de Goi\u00e1s (UFG), com p\u00f3s-gradua\u00e7\u00e3o em telecomunica\u00e7\u00f5es pela Universidade de Bras\u00edlia (UnB), Master\u00b4s Certificate \u2013 Project Management pela George Washington University (GWU) e mestre em gest\u00e3o da qualidade pela Universidade de Campinas (Unicamp). Iniciou carreira em 1986 como engenheiro na Telegoi\u00e1s, onde atuou por 12 anos nas&hellip;","_links":{"self":[{"href":"https:\/\/goias.gov.br\/agr\/wp-json\/wp\/v2\/pages\/35621","targetHints":{"allow":["GET"]}}],"collection":[{"href":"https:\/\/goias.gov.br\/agr\/wp-json\/wp\/v2\/pages"}],"about":[{"href":"https:\/\/goias.gov.br\/agr\/wp-json\/wp\/v2\/types\/page"}],"author":[{"embeddable":true,"href":"https:\/\/goias.gov.br\/agr\/wp-json\/wp\/v2\/users\/77"}],"replies":[{"embeddable":true,"href":"https:\/\/goias.gov.br\/agr\/wp-json\/wp\/v2\/comments?post=35621"}],"version-history":[{"count":3,"href":"https:\/\/goias.gov.br\/agr\/wp-json\/wp\/v2\/pages\/35621\/revisions"}],"predecessor-version":[{"id":279928,"href":"https:\/\/goias.gov.br\/agr\/wp-json\/wp\/v2\/pages\/35621\/revisions\/279928"}],"wp:attachment":[{"href":"https:\/\/goias.gov.br\/agr\/wp-json\/wp\/v2\/media?parent=35621"}],"curies":[{"name":"wp","href":"https:\/\/api.w.org\/{rel}","templated":true}]}}