

{"id":35619,"date":"2023-01-12T05:44:11","date_gmt":"2023-01-12T08:44:11","guid":{"rendered":"https:\/\/wwwdesenv.joomlamultidesenv.go.gov.br\/agr\/?page_id=30421"},"modified":"2025-12-15T09:31:00","modified_gmt":"2025-12-15T12:31:00","slug":"fale-conosco","status":"publish","type":"page","link":"https:\/\/goias.gov.br\/agr\/fale-conosco\/","title":{"rendered":"Fale Conosco"},"content":{"rendered":"\t\t<div data-elementor-type=\"wp-page\" data-elementor-id=\"35619\" class=\"elementor elementor-35619\">\n\t\t\t\t<div class=\"elementor-element elementor-element-252d0c0 e-flex e-con-boxed e-con e-parent\" data-id=\"252d0c0\" data-element_type=\"container\" data-e-type=\"container\">\n\t\t\t\t\t<div class=\"e-con-inner\">\n\t\t<div class=\"elementor-element elementor-element-8fb73dc e-con-full e-flex e-con e-child\" data-id=\"8fb73dc\" data-element_type=\"container\" data-e-type=\"container\">\n\t\t\t\t<div class=\"elementor-element elementor-element-a6f3a61 elementor-widget elementor-widget-text-editor\" data-id=\"a6f3a61\" data-element_type=\"widget\" data-e-type=\"widget\" data-widget_type=\"text-editor.default\">\n\t\t\t\t\t\t\t\t\t<p><strong>Aten\u00e7\u00e3o &#8211;\u00a0<\/strong>Quando a reclama\u00e7\u00e3o for sobre\u00a0<strong>\u00e1gua<\/strong>\u00a0e\u00a0<strong>energia<\/strong>\u00a0\u00e9 preciso fazer uma reclama\u00e7\u00e3o formal para a prestadora de servi\u00e7o antes de entrar em contato conosco, informando assim o n\u00famero da instala\u00e7\u00e3o e do protocolo de atendimento.<\/p>\t\t\t\t\t\t\t\t<\/div>\n\t\t\t\t<div class=\"elementor-element elementor-element-e2eb2d9 elementor-widget elementor-widget-shortcode\" data-id=\"e2eb2d9\" data-element_type=\"widget\" data-e-type=\"widget\" data-widget_type=\"shortcode.default\">\n\t\t\t\t\t\t\t<div class=\"elementor-shortcode\">\n<div class=\"wpcf7 no-js\" id=\"wpcf7-f35693-o1\" lang=\"pt-BR\" dir=\"ltr\" data-wpcf7-id=\"35693\">\n<div class=\"screen-reader-response\"><p role=\"status\" aria-live=\"polite\" aria-atomic=\"true\"><\/p> <ul><\/ul><\/div>\n<form action=\"\/agr\/wp-json\/wp\/v2\/pages\/35619#wpcf7-f35693-o1\" method=\"post\" class=\"wpcf7-form init\" aria-label=\"Formul\u00e1rios de contato\" novalidate=\"novalidate\" data-status=\"init\">\n<fieldset class=\"hidden-fields-container\"><input type=\"hidden\" name=\"_wpcf7\" value=\"35693\" \/><input type=\"hidden\" name=\"_wpcf7_version\" value=\"6.1.5\" \/><input type=\"hidden\" name=\"_wpcf7_locale\" value=\"pt_BR\" \/><input type=\"hidden\" name=\"_wpcf7_unit_tag\" value=\"wpcf7-f35693-o1\" \/><input type=\"hidden\" name=\"_wpcf7_container_post\" value=\"0\" \/><input type=\"hidden\" name=\"_wpcf7_posted_data_hash\" value=\"\" \/>\n<\/fieldset>\n<p><label> Seu nome<br \/>\n<span class=\"wpcf7-form-control-wrap\" data-name=\"your-name\"><input size=\"40\" maxlength=\"400\" class=\"wpcf7-form-control wpcf7-text wpcf7-validates-as-required\" autocomplete=\"name\" aria-required=\"true\" aria-invalid=\"false\" value=\"\" type=\"text\" name=\"your-name\" \/><\/span> <\/label>\n<\/p>\n<p><label> Seu e-mail<br \/>\n<span class=\"wpcf7-form-control-wrap\" data-name=\"your-email\"><input size=\"40\" maxlength=\"400\" class=\"wpcf7-form-control wpcf7-email wpcf7-validates-as-required wpcf7-text wpcf7-validates-as-email\" autocomplete=\"email\" aria-required=\"true\" aria-invalid=\"false\" value=\"\" type=\"email\" name=\"your-email\" \/><\/span> <\/label>\n<\/p>\n<p><label> Assunto<br \/>\n<span class=\"wpcf7-form-control-wrap\" data-name=\"your-subject\"><input size=\"40\" maxlength=\"400\" class=\"wpcf7-form-control wpcf7-text wpcf7-validates-as-required\" aria-required=\"true\" aria-invalid=\"false\" value=\"\" type=\"text\" name=\"your-subject\" \/><\/span> <\/label>\n<\/p>\n<p><label> Empresa respons\u00e1vel<br \/>\n<span class=\"wpcf7-form-control-wrap\" data-name=\"your-subject\"><input size=\"40\" maxlength=\"400\" class=\"wpcf7-form-control wpcf7-text wpcf7-validates-as-required\" aria-required=\"true\" aria-invalid=\"false\" value=\"\" type=\"text\" name=\"your-subject\" \/><\/span> <\/label>\n<\/p>\n<p><label> Sua mensagem<br \/>\n<span class=\"wpcf7-form-control-wrap\" data-name=\"your-message\"><textarea cols=\"40\" rows=\"10\" maxlength=\"2000\" class=\"wpcf7-form-control wpcf7-textarea\" aria-invalid=\"false\" name=\"your-message\"><\/textarea><\/span> <\/label>\n<\/p>\n<p><input class=\"wpcf7-form-control wpcf7-submit has-spinner\" type=\"submit\" value=\"Enviar\" \/>\n<\/p><div class=\"wpcf7-response-output\" aria-hidden=\"true\"><\/div>\n<\/form>\n<\/div>\n<\/div>\n\t\t\t\t\t\t<\/div>\n\t\t\t\t<\/div>\n\t\t<div class=\"elementor-element elementor-element-159a82a e-con-full e-flex e-con e-child\" data-id=\"159a82a\" data-element_type=\"container\" data-e-type=\"container\">\n\t\t\t\t<div class=\"elementor-element elementor-element-4d302f7 elementor-widget elementor-widget-text-editor\" data-id=\"4d302f7\" data-element_type=\"widget\" data-e-type=\"widget\" data-widget_type=\"text-editor.default\">\n\t\t\t\t\t\t\t\t\t<h4>Ouvidoria Setorial<\/h4><div><strong>Hor\u00e1rio de Funcionamento: segunda \u00e0 sexta-feira: das 07h00 \u00e0s 18h00, exceto feriados<\/strong>.<\/div><div>WhatsApp: 62 98480 7353<\/div><div>E-mail:<a href=\"mailto:ouvidoria.agr@goias.gov.br\">ouvidoria.agr@goias.gov.br<\/a><\/div><div>Para saneamento b\u00e1sico e transporte intermunicipal de passageiros:<br \/>0800 704 3200<\/div><div><p>Para energia el\u00e9trica:<br \/>0800 727 0167<\/p><p><strong>Francisco Vieira de Macedo<\/strong><br \/>Tel: 62 3226 6436<br \/>E-mail:\u00a0<a href=\"mailto:francisco.macedo@goias.gov.br\">francisco.macedo@goias.gov.br<\/a><\/p><p><strong>Atendimento Presencial<\/strong><br \/><a href=\"https:\/\/goo.gl\/maps\/DejJtDuybAoFYo9Z8\">A Ouvidoria Setorial da AGR funciona no 3\u00ba andar do Edif\u00edcio Visconde de Mau\u00e1, 305, Avenida Goi\u00e1s, Setor Central, Goi\u00e2nia &#8211; Goi\u00e1s<\/a><\/p><p><strong>Comunica\u00e7\u00e3o<br \/><\/strong>Para informa\u00e7\u00f5es de imprensa:<br \/>9 \u00ba andar<br \/>Carmen Cruz<br \/>Telefone: 62 3226 6592<br \/><span id=\"cloakf77529b1dad58a69985b28aac0a7842f\"><a href=\"mailto:carmen.cruz@goias.gov.br\">carmen.cruz@goias.gov.br<\/a><\/span><br \/><a href=\"mailto:comunicacao.agr@goias.gov.br\">comunicacao.agr@goias.gov.br<\/a><\/p><\/div>\t\t\t\t\t\t\t\t<\/div>\n\t\t\t\t<\/div>\n\t\t\t\t\t<\/div>\n\t\t\t\t<\/div>\n\t\t\t\t<\/div>\n\t\t","protected":false},"excerpt":{"rendered":"<p>Aten\u00e7\u00e3o &#8211;\u00a0Quando a reclama\u00e7\u00e3o for sobre\u00a0\u00e1gua\u00a0e\u00a0energia\u00a0\u00e9 preciso fazer uma reclama\u00e7\u00e3o formal para a prestadora de servi\u00e7o antes de entrar em contato conosco, informando assim o n\u00famero da instala\u00e7\u00e3o e do protocolo de atendimento. Ouvidoria Setorial Hor\u00e1rio de Funcionamento: segunda \u00e0 sexta-feira: das 07h00 \u00e0s 18h00, exceto feriados.WhatsApp: 62 98480 7353E-mail:ouvidoria.agr@goias.gov.brPara saneamento b\u00e1sico e transporte intermunicipal [&hellip;]<\/p>\n","protected":false},"author":77,"featured_media":0,"parent":0,"menu_order":0,"comment_status":"closed","ping_status":"closed","template":"","meta":{"footnotes":""},"class_list":["post-35619","page","type-page","status-publish","hentry"],"rttpg_featured_image_url":null,"rttpg_author":{"display_name":"barbaragodoy","author_link":"https:\/\/goias.gov.br\/agr\/author\/barbaragodoy\/"},"rttpg_comment":0,"rttpg_category":null,"rttpg_excerpt":"Aten\u00e7\u00e3o &#8211;\u00a0Quando a reclama\u00e7\u00e3o for sobre\u00a0\u00e1gua\u00a0e\u00a0energia\u00a0\u00e9 preciso fazer uma reclama\u00e7\u00e3o formal para a prestadora de servi\u00e7o antes de entrar em contato conosco, informando assim o n\u00famero da instala\u00e7\u00e3o e do protocolo de atendimento. Ouvidoria Setorial Hor\u00e1rio de Funcionamento: segunda \u00e0 sexta-feira: das 07h00 \u00e0s 18h00, exceto feriados.WhatsApp: 62 98480 7353E-mail:ouvidoria.agr@goias.gov.brPara saneamento b\u00e1sico e transporte intermunicipal&hellip;","_links":{"self":[{"href":"https:\/\/goias.gov.br\/agr\/wp-json\/wp\/v2\/pages\/35619","targetHints":{"allow":["GET"]}}],"collection":[{"href":"https:\/\/goias.gov.br\/agr\/wp-json\/wp\/v2\/pages"}],"about":[{"href":"https:\/\/goias.gov.br\/agr\/wp-json\/wp\/v2\/types\/page"}],"author":[{"embeddable":true,"href":"https:\/\/goias.gov.br\/agr\/wp-json\/wp\/v2\/users\/77"}],"replies":[{"embeddable":true,"href":"https:\/\/goias.gov.br\/agr\/wp-json\/wp\/v2\/comments?post=35619"}],"version-history":[{"count":2,"href":"https:\/\/goias.gov.br\/agr\/wp-json\/wp\/v2\/pages\/35619\/revisions"}],"predecessor-version":[{"id":279353,"href":"https:\/\/goias.gov.br\/agr\/wp-json\/wp\/v2\/pages\/35619\/revisions\/279353"}],"wp:attachment":[{"href":"https:\/\/goias.gov.br\/agr\/wp-json\/wp\/v2\/media?parent=35619"}],"curies":[{"name":"wp","href":"https:\/\/api.w.org\/{rel}","templated":true}]}}