

{"id":35618,"date":"2023-01-12T05:43:59","date_gmt":"2023-01-12T08:43:59","guid":{"rendered":"https:\/\/wwwdesenv.joomlamultidesenv.go.gov.br\/agr\/?page_id=30420"},"modified":"2026-01-08T16:58:21","modified_gmt":"2026-01-08T19:58:21","slug":"regulacao-economica","status":"publish","type":"page","link":"https:\/\/goias.gov.br\/agr\/regulacao-economica\/","title":{"rendered":"Regula\u00e7\u00e3o Econ\u00f4mica"},"content":{"rendered":"\t\t<div data-elementor-type=\"wp-page\" data-elementor-id=\"35618\" class=\"elementor elementor-35618\">\n\t\t\t\t<div class=\"elementor-element elementor-element-88f1f8e e-flex e-con-boxed e-con e-parent\" data-id=\"88f1f8e\" data-element_type=\"container\" data-e-type=\"container\">\n\t\t\t\t\t<div class=\"e-con-inner\">\n\t\t<div class=\"elementor-element elementor-element-8043ab9 e-con-full e-flex e-con e-child\" data-id=\"8043ab9\" data-element_type=\"container\" data-e-type=\"container\">\n\t\t\t\t<div class=\"elementor-element elementor-element-8e36eb0 elementor-widget elementor-widget-image\" data-id=\"8e36eb0\" data-element_type=\"widget\" data-e-type=\"widget\" data-widget_type=\"image.default\">\n\t\t\t\t\t\t\t\t\t\t\t\t\t\t\t<img decoding=\"async\" src=\"https:\/\/goias.gov.br\/agr\/wp-content\/uploads\/sites\/43\/2025\/01\/regulacao-economica.jpg\" title=\"\" alt=\"\" loading=\"lazy\" \/>\t\t\t\t\t\t\t\t\t\t\t\t\t\t\t<\/div>\n\t\t\t\t<div class=\"elementor-element elementor-element-6cd50ac elementor-widget elementor-widget-text-editor\" data-id=\"6cd50ac\" data-element_type=\"widget\" data-e-type=\"widget\" data-widget_type=\"text-editor.default\">\n\t\t\t\t\t\t\t\t\t<div style=\"text-align: justify;\">\u00a0<span data-olk-copy-source=\"MessageBody\">A Ger\u00eancia de Regula\u00e7\u00e3o Econ\u00f4mica \u00e9 uma unidade organizacional que estrutura as atividades desenvolvidas pela Diretoria de Regula\u00e7\u00e3o e Fiscaliza\u00e7\u00e3o, conforme Decreto n\u00ba\u00a0<\/span><a id=\"OWA4e6bbf6a-ba20-eed8-c92d-0191374b22fe\" class=\"x_OWAAutoLink\" title=\"https:\/\/legisla.casacivil.go.gov.br\/pesquisa_legislacao\/107715\/decreto-10319\" href=\"https:\/\/legisla.casacivil.go.gov.br\/pesquisa_legislacao\/107715\/decreto-10319\" target=\"_blank\" rel=\"noopener noreferrer\" data-auth=\"NotApplicable\" data-linkindex=\"0\">10.319<\/a>\u00a0de 12 de setembro de 2023. As suas atribui\u00e7\u00f5es est\u00e3o definidas no artigo 57, em que pode citar dentre as quais:<\/div><ul><li style=\"text-align: justify;\">An\u00e1lise de processos de controle, regula\u00e7\u00e3o e fiscaliza\u00e7\u00e3o dos servi\u00e7os p\u00fablicos regulados;<\/li><li style=\"text-align: justify;\">Acompanhar os c\u00e1lculos para os recebimentos de remunera\u00e7\u00f5es, retribui\u00e7\u00f5es pecuni\u00e1rias e taxas de fiscaliza\u00e7\u00e3o, com a utiliza\u00e7\u00e3o de t\u00e9cnicas cont\u00e1beis;<\/li><li style=\"text-align: justify;\">Coordenar os trabalhos de reajuste e revis\u00e3o tarif\u00e1ria dos servi\u00e7os p\u00fablicos delegados;<\/li><li style=\"text-align: justify;\">Elaborar estudos e propor valores para as tarifas e os demais pre\u00e7os p\u00fablicos utilizados na presta\u00e7\u00e3o dos servi\u00e7os p\u00fablicos delegados.<\/li><\/ul>\t\t\t\t\t\t\t\t<\/div>\n\t\t\t\t<div class=\"elementor-element elementor-element-ebebe81 elementor-widget elementor-widget-n-accordion\" data-id=\"ebebe81\" data-element_type=\"widget\" data-e-type=\"widget\" data-settings=\"{&quot;default_state&quot;:&quot;all_collapsed&quot;,&quot;max_items_expended&quot;:&quot;one&quot;,&quot;n_accordion_animation_duration&quot;:{&quot;unit&quot;:&quot;ms&quot;,&quot;size&quot;:400,&quot;sizes&quot;:[]}}\" data-widget_type=\"nested-accordion.default\">\n\t\t\t\t\t\t\t<div class=\"e-n-accordion\" aria-label=\"Accordion. Open links with Enter or Space, close with Escape, and navigate with Arrow Keys\">\n\t\t\t\t\t\t<details id=\"e-n-accordion-item-2470\" class=\"e-n-accordion-item\" >\n\t\t\t\t<summary class=\"e-n-accordion-item-title\" data-accordion-index=\"1\" tabindex=\"0\" aria-expanded=\"false\" aria-controls=\"e-n-accordion-item-2470\" >\n\t\t\t\t\t<span class='e-n-accordion-item-title-header'><div class=\"e-n-accordion-item-title-text\"> Compet\u00eancias da Ger\u00eancia de Regula\u00e7\u00e3o Econ\u00f4mica <\/div><\/span>\n\t\t\t\t\t\t\t<span class='e-n-accordion-item-title-icon'>\n\t\t\t<span class='e-opened' ><svg aria-hidden=\"true\" class=\"e-font-icon-svg e-fas-angle-down\" viewBox=\"0 0 320 512\" xmlns=\"http:\/\/www.w3.org\/2000\/svg\"><path d=\"M143 352.3L7 216.3c-9.4-9.4-9.4-24.6 0-33.9l22.6-22.6c9.4-9.4 24.6-9.4 33.9 0l96.4 96.4 96.4-96.4c9.4-9.4 24.6-9.4 33.9 0l22.6 22.6c9.4 9.4 9.4 24.6 0 33.9l-136 136c-9.2 9.4-24.4 9.4-33.8 0z\"><\/path><\/svg><\/span>\n\t\t\t<span class='e-closed'><svg aria-hidden=\"true\" class=\"e-font-icon-svg e-fas-angle-right\" viewBox=\"0 0 256 512\" xmlns=\"http:\/\/www.w3.org\/2000\/svg\"><path d=\"M224.3 273l-136 136c-9.4 9.4-24.6 9.4-33.9 0l-22.6-22.6c-9.4-9.4-9.4-24.6 0-33.9l96.4-96.4-96.4-96.4c-9.4-9.4-9.4-24.6 0-33.9L54.3 103c9.4-9.4 24.6-9.4 33.9 0l136 136c9.5 9.4 9.5 24.6.1 34z\"><\/path><\/svg><\/span>\n\t\t<\/span>\n\n\t\t\t\t\t\t<\/summary>\n\t\t\t\t<div role=\"region\" aria-labelledby=\"e-n-accordion-item-2470\" class=\"elementor-element elementor-element-18d5753 e-con-full e-flex e-con e-child\" data-id=\"18d5753\" data-element_type=\"container\" data-e-type=\"container\">\n\t\t\t\t<div class=\"elementor-element elementor-element-144c8bc elementor-widget elementor-widget-text-editor\" data-id=\"144c8bc\" data-element_type=\"widget\" data-e-type=\"widget\" data-widget_type=\"text-editor.default\">\n\t\t\t\t\t\t\t\t\t<ul><li><div class=\"x_elementToProof\" style=\"text-align: justify;\" data-olk-copy-source=\"MessageBody\">As principais atividades desenvolvidas pela Ger\u00eancia de Regula\u00e7\u00e3o Econ\u00f4mica (GERE) consistem em realizar estudos t\u00e9cnicos e an\u00e1lises relacionadas \u00e0 regula\u00e7\u00e3o econ\u00f4mica, com foco no reajuste e revis\u00e3o tarif\u00e1ria de diversos servi\u00e7os p\u00fablicos delegados. A ger\u00eancia \u00e9 respons\u00e1vel por conceber, desenvolver e propor metodologias de c\u00e1lculo e atualiza\u00e7\u00e3o de tarifas, al\u00e9m de analisar as solicita\u00e7\u00f5es apresentadas pelos prestadores de servi\u00e7os, com vistas a assegurar o equil\u00edbrio econ\u00f4mico-financeiro e a modicidade\u00a0tarif\u00e1ria.<\/div><div class=\"x_elementToProof\" style=\"text-align: justify;\">\u00a0<\/div><div class=\"x_elementToProof\" style=\"text-align: justify;\">A GERE tamb\u00e9m acompanha, monitora e audita o desempenho econ\u00f4mico-financeiro dos prestadores de servi\u00e7os p\u00fablicos delegados, desenvolvendo an\u00e1lise de demonstra\u00e7\u00f5es financeiras, planos de contabiliza\u00e7\u00e3o de custos e realizando avalia\u00e7\u00f5es dos indicadores econ\u00f4mico-financeiros e par\u00e2metros operacionais juntamente com as demais ger\u00eancias final\u00edsticas da AGR de forma a garantir a observ\u00e2ncia de normas contratuais e regulamentares.<\/div><div class=\"x_elementToProof\" style=\"text-align: justify;\">\u00a0<\/div><div class=\"x_elementToProof\" style=\"text-align: justify;\">Al\u00e9m disso, a Ger\u00eancia de Regula\u00e7\u00e3o Econ\u00f4mica atua em parceria com todas as \u00e1reas final\u00edsticas da Ag\u00eancia Reguladora no acompanhamento e an\u00e1lise de processos relacionados \u00e0 regula\u00e7\u00e3o econ\u00f4mica, contribuindo para o c\u00e1lculo e a defini\u00e7\u00e3o de remunera\u00e7\u00f5es, retribui\u00e7\u00f5es pecuni\u00e1rias e taxas de fiscaliza\u00e7\u00e3o. A GERE \u00e9 respons\u00e1vel por desenvolver e implementar modelos de acompanhamento e controle do equil\u00edbrio econ\u00f4mico-financeiro dos servi\u00e7os p\u00fablicos delegados com vistas a garantir a sustentabilidade econ\u00f4mico-financeira \u00a0bem como a qualidade dos servi\u00e7os regulados\u00a0aos\u00a0usu\u00e1rios.<\/div><\/li><\/ul>\t\t\t\t\t\t\t\t<\/div>\n\t\t\t\t<\/div>\n\t\t\t\t\t<\/details>\n\t\t\t\t\t<\/div>\n\t\t\t\t\t\t<\/div>\n\t\t\t\t<\/div>\n\t\t<div class=\"elementor-element elementor-element-6c3c3cc e-con-full e-flex e-con e-child\" data-id=\"6c3c3cc\" data-element_type=\"container\" data-e-type=\"container\">\n\t\t\t\t<div class=\"elementor-element elementor-element-3f56ac8 elementor-widget elementor-widget-image\" data-id=\"3f56ac8\" data-element_type=\"widget\" data-e-type=\"widget\" data-widget_type=\"image.default\">\n\t\t\t\t\t\t\t\t\t\t\t\t\t\t\t\t<a href=\"https:\/\/goias.gov.br\/agr\/gestao-tarifaria-2\/\" target=\"_blank\">\n\t\t\t\t\t\t\t<img decoding=\"async\" src=\"https:\/\/goias.gov.br\/agr\/wp-content\/uploads\/sites\/43\/2024\/02\/gestao-tarifaria.png\" title=\"\" alt=\"\" loading=\"lazy\" \/>\t\t\t\t\t\t\t\t<\/a>\n\t\t\t\t\t\t\t\t\t\t\t\t\t\t\t<\/div>\n\t\t\t\t<div class=\"elementor-element elementor-element-3d04f2d elementor-widget elementor-widget-image\" data-id=\"3d04f2d\" data-element_type=\"widget\" data-e-type=\"widget\" data-widget_type=\"image.default\">\n\t\t\t\t\t\t\t\t\t\t\t\t\t\t\t\t<a href=\"https:\/\/goias.gov.br\/agr\/normas-e-procedimentos\/\" target=\"_blank\">\n\t\t\t\t\t\t\t<img decoding=\"async\" src=\"https:\/\/goias.gov.br\/agr\/wp-content\/uploads\/sites\/43\/2025\/01\/normas-procedimentos.png\" title=\"\" alt=\"\" loading=\"lazy\" \/>\t\t\t\t\t\t\t\t<\/a>\n\t\t\t\t\t\t\t\t\t\t\t\t\t\t\t<\/div>\n\t\t\t\t<div class=\"elementor-element elementor-element-4fd6b09 elementor-widget elementor-widget-image\" data-id=\"4fd6b09\" data-element_type=\"widget\" data-e-type=\"widget\" data-widget_type=\"image.default\">\n\t\t\t\t\t\t\t\t\t\t\t\t\t\t\t\t<a href=\"https:\/\/goias.gov.br\/agr\/cronograma-dos-reajustes-tarifarios\/\" target=\"_blank\">\n\t\t\t\t\t\t\t<img decoding=\"async\" src=\"https:\/\/goias.gov.br\/agr\/wp-content\/uploads\/sites\/43\/2025\/06\/Cronograma-de-Atualizacao-de-Valores-e-Reajuste-Tarifario.png\" title=\"\" alt=\"\" loading=\"lazy\" \/>\t\t\t\t\t\t\t\t<\/a>\n\t\t\t\t\t\t\t\t\t\t\t\t\t\t\t<\/div>\n\t\t\t\t<\/div>\n\t\t\t\t\t<\/div>\n\t\t\t\t<\/div>\n\t\t\t\t<\/div>\n\t\t","protected":false},"excerpt":{"rendered":"<p>\u00a0A Ger\u00eancia de Regula\u00e7\u00e3o Econ\u00f4mica \u00e9 uma unidade organizacional que estrutura as atividades desenvolvidas pela Diretoria de Regula\u00e7\u00e3o e Fiscaliza\u00e7\u00e3o, conforme Decreto n\u00ba\u00a010.319\u00a0de 12 de setembro de 2023. As suas atribui\u00e7\u00f5es est\u00e3o definidas no artigo 57, em que pode citar dentre as quais: An\u00e1lise de processos de controle, regula\u00e7\u00e3o e fiscaliza\u00e7\u00e3o dos servi\u00e7os p\u00fablicos regulados; [&hellip;]<\/p>\n","protected":false},"author":77,"featured_media":0,"parent":0,"menu_order":0,"comment_status":"closed","ping_status":"closed","template":"","meta":{"footnotes":""},"class_list":["post-35618","page","type-page","status-publish","hentry"],"rttpg_featured_image_url":null,"rttpg_author":{"display_name":"barbaragodoy","author_link":"https:\/\/goias.gov.br\/agr\/author\/barbaragodoy\/"},"rttpg_comment":0,"rttpg_category":null,"rttpg_excerpt":"\u00a0A Ger\u00eancia de Regula\u00e7\u00e3o Econ\u00f4mica \u00e9 uma unidade organizacional que estrutura as atividades desenvolvidas pela Diretoria de Regula\u00e7\u00e3o e Fiscaliza\u00e7\u00e3o, conforme Decreto n\u00ba\u00a010.319\u00a0de 12 de setembro de 2023. As suas atribui\u00e7\u00f5es est\u00e3o definidas no artigo 57, em que pode citar dentre as quais: An\u00e1lise de processos de controle, regula\u00e7\u00e3o e fiscaliza\u00e7\u00e3o dos servi\u00e7os p\u00fablicos regulados;&hellip;","_links":{"self":[{"href":"https:\/\/goias.gov.br\/agr\/wp-json\/wp\/v2\/pages\/35618","targetHints":{"allow":["GET"]}}],"collection":[{"href":"https:\/\/goias.gov.br\/agr\/wp-json\/wp\/v2\/pages"}],"about":[{"href":"https:\/\/goias.gov.br\/agr\/wp-json\/wp\/v2\/types\/page"}],"author":[{"embeddable":true,"href":"https:\/\/goias.gov.br\/agr\/wp-json\/wp\/v2\/users\/77"}],"replies":[{"embeddable":true,"href":"https:\/\/goias.gov.br\/agr\/wp-json\/wp\/v2\/comments?post=35618"}],"version-history":[{"count":3,"href":"https:\/\/goias.gov.br\/agr\/wp-json\/wp\/v2\/pages\/35618\/revisions"}],"predecessor-version":[{"id":285159,"href":"https:\/\/goias.gov.br\/agr\/wp-json\/wp\/v2\/pages\/35618\/revisions\/285159"}],"wp:attachment":[{"href":"https:\/\/goias.gov.br\/agr\/wp-json\/wp\/v2\/media?parent=35618"}],"curies":[{"name":"wp","href":"https:\/\/api.w.org\/{rel}","templated":true}]}}