

{"id":35617,"date":"2023-01-12T05:33:49","date_gmt":"2023-01-12T08:33:49","guid":{"rendered":"https:\/\/wwwdesenv.joomlamultidesenv.go.gov.br\/agr\/?page_id=30419"},"modified":"2026-01-06T16:26:25","modified_gmt":"2026-01-06T19:26:25","slug":"transporte-de-fretamento","status":"publish","type":"page","link":"https:\/\/goias.gov.br\/agr\/transporte-de-fretamento\/","title":{"rendered":"Transporte de Fretamento"},"content":{"rendered":"\t\t<div data-elementor-type=\"wp-page\" data-elementor-id=\"35617\" class=\"elementor elementor-35617\">\n\t\t\t\t<div class=\"elementor-element elementor-element-8e78f1c e-flex e-con-boxed e-con e-parent\" data-id=\"8e78f1c\" data-element_type=\"container\" data-e-type=\"container\">\n\t\t\t\t\t<div class=\"e-con-inner\">\n\t\t<div class=\"elementor-element elementor-element-a5f69ae e-con-full e-flex e-con e-child\" data-id=\"a5f69ae\" data-element_type=\"container\" data-e-type=\"container\">\n\t\t\t\t<div class=\"elementor-element elementor-element-6a99e68 elementor-widget elementor-widget-image\" data-id=\"6a99e68\" data-element_type=\"widget\" data-e-type=\"widget\" data-widget_type=\"image.default\">\n\t\t\t\t\t\t\t\t\t\t\t\t\t\t\t<img decoding=\"async\" src=\"https:\/\/goias.gov.br\/agr\/wp-content\/uploads\/sites\/43\/2024\/02\/transporte-fretamento-banner.png\" title=\"\" alt=\"\" loading=\"lazy\" \/>\t\t\t\t\t\t\t\t\t\t\t\t\t\t\t<\/div>\n\t\t\t\t<div class=\"elementor-element elementor-element-74c0217 elementor-widget elementor-widget-text-editor\" data-id=\"74c0217\" data-element_type=\"widget\" data-e-type=\"widget\" data-widget_type=\"text-editor.default\">\n\t\t\t\t\t\t\t\t\t<p style=\"text-align: justify;\">Os servi\u00e7os do transporte intermunicipal n\u00e3o regulares foram criados com o objetivo de complementar a oferta pelo transporte regular de passageiros. Tais servi\u00e7os visam atender \u00e0 modalidade de fretamento em car\u00e1ter especial e independem de licita\u00e7\u00e3o para o seu funcionamento. A presta\u00e7\u00e3o desses servi\u00e7os \u00e9 aberta a qualquer pessoa jur\u00eddica legalmente constitu\u00edda, desde que autorizada e cadastrada na AGR. Os ve\u00edculos que se enquadram na presta\u00e7\u00e3o desse servi\u00e7o s\u00e3o unicamente micro\u00f4nibus e \u00f4nibus.<\/p>\t\t\t\t\t\t\t\t<\/div>\n\t\t\t\t<div class=\"elementor-element elementor-element-8359df3 elementor-widget elementor-widget-n-accordion\" data-id=\"8359df3\" data-element_type=\"widget\" data-e-type=\"widget\" data-settings=\"{&quot;default_state&quot;:&quot;all_collapsed&quot;,&quot;max_items_expended&quot;:&quot;one&quot;,&quot;n_accordion_animation_duration&quot;:{&quot;unit&quot;:&quot;ms&quot;,&quot;size&quot;:400,&quot;sizes&quot;:[]}}\" data-widget_type=\"nested-accordion.default\">\n\t\t\t\t\t\t\t<div class=\"e-n-accordion\" aria-label=\"Accordion. Open links with Enter or Space, close with Escape, and navigate with Arrow Keys\">\n\t\t\t\t\t\t<details id=\"e-n-accordion-item-1370\" class=\"e-n-accordion-item\" >\n\t\t\t\t<summary class=\"e-n-accordion-item-title\" data-accordion-index=\"1\" tabindex=\"0\" aria-expanded=\"false\" aria-controls=\"e-n-accordion-item-1370\" >\n\t\t\t\t\t<span class='e-n-accordion-item-title-header'><div class=\"e-n-accordion-item-title-text\"> Saiba Mais <\/div><\/span>\n\t\t\t\t\t\t\t<span class='e-n-accordion-item-title-icon'>\n\t\t\t<span class='e-opened' ><svg aria-hidden=\"true\" class=\"e-font-icon-svg e-fas-angle-down\" viewBox=\"0 0 320 512\" xmlns=\"http:\/\/www.w3.org\/2000\/svg\"><path d=\"M143 352.3L7 216.3c-9.4-9.4-9.4-24.6 0-33.9l22.6-22.6c9.4-9.4 24.6-9.4 33.9 0l96.4 96.4 96.4-96.4c9.4-9.4 24.6-9.4 33.9 0l22.6 22.6c9.4 9.4 9.4 24.6 0 33.9l-136 136c-9.2 9.4-24.4 9.4-33.8 0z\"><\/path><\/svg><\/span>\n\t\t\t<span class='e-closed'><svg aria-hidden=\"true\" class=\"e-font-icon-svg e-fas-angle-right\" viewBox=\"0 0 256 512\" xmlns=\"http:\/\/www.w3.org\/2000\/svg\"><path d=\"M224.3 273l-136 136c-9.4 9.4-24.6 9.4-33.9 0l-22.6-22.6c-9.4-9.4-9.4-24.6 0-33.9l96.4-96.4-96.4-96.4c-9.4-9.4-9.4-24.6 0-33.9L54.3 103c9.4-9.4 24.6-9.4 33.9 0l136 136c9.5 9.4 9.5 24.6.1 34z\"><\/path><\/svg><\/span>\n\t\t<\/span>\n\n\t\t\t\t\t\t<\/summary>\n\t\t\t\t<div role=\"region\" aria-labelledby=\"e-n-accordion-item-1370\" class=\"elementor-element elementor-element-1e0c1c4 e-con-full e-flex e-con e-child\" data-id=\"1e0c1c4\" data-element_type=\"container\" data-e-type=\"container\">\n\t\t\t\t<div class=\"elementor-element elementor-element-3110951 elementor-widget elementor-widget-text-editor\" data-id=\"3110951\" data-element_type=\"widget\" data-e-type=\"widget\" data-widget_type=\"text-editor.default\">\n\t\t\t\t\t\t\t\t\t<ul><li><p style=\"text-align: justify;\">Os citados servi\u00e7os quando executados por pessoa jur\u00eddica sem a autoriza\u00e7\u00e3o legal, ou por pessoa f\u00edsica, s\u00e3o tipificados como transporte irregular, conforme o disposto na\u00a0<a href=\"https:\/\/www.gabinetecivil.goias.gov.br\/leis_ordinarias\/2014\/lei_18673.htm\" target=\"_blank\" rel=\"noopener noreferrer\">Lei n\u00ba 18.673\/2014<\/a>. Tamb\u00e9m \u00e9 tipificada como transporte irregular a empresa habilitada na AGR que execute servi\u00e7o em modalidade diferente da especificada em seu certificado de registro cadastral.<\/p><\/li><\/ul>\t\t\t\t\t\t\t\t<\/div>\n\t\t\t\t<\/div>\n\t\t\t\t\t<\/details>\n\t\t\t\t\t<\/div>\n\t\t\t\t\t\t<\/div>\n\t\t\t\t<div class=\"elementor-element elementor-element-b9b01d2 elementor-widget elementor-widget-text-editor\" data-id=\"b9b01d2\" data-element_type=\"widget\" data-e-type=\"widget\" data-widget_type=\"text-editor.default\">\n\t\t\t\t\t\t\t\t\t<p><strong><img decoding=\"async\" class=\"pull-left\" src=\"https:\/\/goias.gov.br\/agr\/wp-content\/uploads\/sites\/43\/images\/2023\/07\/21\/whats-app-fretamento.png\" alt=\"\" width=\"137\" height=\"137\" \/>\u00a0 COORDENA\u00c7\u00c3O DE CADASTRO E LICENCIAMENTO<\/strong><br \/>\u00a0 Ger\u00eancia de Transportes<br \/>\u00a0 ccl.agr@goias.gov.br<br \/>\u00a0 (62) 3226 6482 \/ (62) 3226 6484 \/ (62) 3226 6585<br \/><a href=\"https:\/\/api.whatsapp.com\/send?phone=5562981040022&amp;text=Oi,%20estou%20com%20d%C3%BAvidas%20sobre%20o%20transporte\">\u00a0 WhatsApp (62) 98104 0022<\/a><\/p>\t\t\t\t\t\t\t\t<\/div>\n\t\t\t\t<\/div>\n\t\t<div class=\"elementor-element elementor-element-556bc3b e-con-full e-flex e-con e-child\" data-id=\"556bc3b\" data-element_type=\"container\" data-e-type=\"container\">\n\t\t\t\t<div class=\"elementor-element elementor-element-6c87670 elementor-widget elementor-widget-image\" data-id=\"6c87670\" data-element_type=\"widget\" data-e-type=\"widget\" data-widget_type=\"image.default\">\n\t\t\t\t\t\t\t\t\t\t\t\t\t\t\t\t<a href=\"https:\/\/www.go.gov.br\/servicos\/servico\/cadastrar--recadastrar-empresas-para-prestacao-de-servicos-de-fretamento\" target=\"_blank\">\n\t\t\t\t\t\t\t<img decoding=\"async\" src=\"https:\/\/goias.gov.br\/agr\/wp-content\/uploads\/sites\/43\/2024\/02\/cadastro-empresa-fretamento.png\" title=\"\" alt=\"\" loading=\"lazy\" \/>\t\t\t\t\t\t\t\t<\/a>\n\t\t\t\t\t\t\t\t\t\t\t\t\t\t\t<\/div>\n\t\t\t\t<div class=\"elementor-element elementor-element-a527013 elementor-widget elementor-widget-image\" data-id=\"a527013\" data-element_type=\"widget\" data-e-type=\"widget\" data-widget_type=\"image.default\">\n\t\t\t\t\t\t\t\t\t\t\t\t\t\t\t\t<a href=\"https:\/\/goias.gov.br\/agr\/wp-content\/uploads\/sites\/43\/2025\/02\/Cadasto-de-veiculo-2025.pdf\" target=\"_blank\">\n\t\t\t\t\t\t\t<img decoding=\"async\" src=\"https:\/\/goias.gov.br\/agr\/wp-content\/uploads\/sites\/43\/2024\/02\/cadastro-veiculo-intituicao.png\" title=\"\" alt=\"\" loading=\"lazy\" \/>\t\t\t\t\t\t\t\t<\/a>\n\t\t\t\t\t\t\t\t\t\t\t\t\t\t\t<\/div>\n\t\t\t\t<div class=\"elementor-element elementor-element-f65d647 elementor-widget elementor-widget-image\" data-id=\"f65d647\" data-element_type=\"widget\" data-e-type=\"widget\" data-widget_type=\"image.default\">\n\t\t\t\t\t\t\t\t\t\t\t\t\t\t\t\t<a href=\"https:\/\/www.go.gov.br\/servicos\/servico\/cadastrar-ou-recadastrar-veiculo-para-prestacao-de-servico-de-fretamento\" target=\"_blank\">\n\t\t\t\t\t\t\t<img decoding=\"async\" src=\"https:\/\/goias.gov.br\/agr\/wp-content\/uploads\/sites\/43\/2024\/02\/cadastrar-veiculo-fretamento.png\" title=\"\" alt=\"\" loading=\"lazy\" \/>\t\t\t\t\t\t\t\t<\/a>\n\t\t\t\t\t\t\t\t\t\t\t\t\t\t\t<\/div>\n\t\t\t\t<div class=\"elementor-element elementor-element-4457ce2 elementor-widget elementor-widget-image\" data-id=\"4457ce2\" data-element_type=\"widget\" data-e-type=\"widget\" data-widget_type=\"image.default\">\n\t\t\t\t\t\t\t\t\t\t\t\t\t\t\t\t<a href=\"https:\/\/www.go.gov.br\/servicos\/servico\/solicitar-licencas-para-prestacao-de-servicos-de-fretamento\" target=\"_blank\">\n\t\t\t\t\t\t\t<img decoding=\"async\" src=\"https:\/\/goias.gov.br\/agr\/wp-content\/uploads\/sites\/43\/2024\/02\/solicitar-licenca-transporte-fretamento.png\" title=\"\" alt=\"\" loading=\"lazy\" \/>\t\t\t\t\t\t\t\t<\/a>\n\t\t\t\t\t\t\t\t\t\t\t\t\t\t\t<\/div>\n\t\t\t\t<div class=\"elementor-element elementor-element-60373fa elementor-widget elementor-widget-image\" data-id=\"60373fa\" data-element_type=\"widget\" data-e-type=\"widget\" data-widget_type=\"image.default\">\n\t\t\t\t\t\t\t\t\t\t\t\t\t\t\t\t<a href=\"https:\/\/www.go.gov.br\/servicos\/servico\/solicitar-emplacamento-para-veiculos-de-aluguel\" target=\"_blank\">\n\t\t\t\t\t\t\t<img decoding=\"async\" src=\"https:\/\/goias.gov.br\/agr\/wp-content\/uploads\/sites\/43\/2024\/02\/solicitar-emplacamento-fretamento.png\" title=\"\" alt=\"\" loading=\"lazy\" \/>\t\t\t\t\t\t\t\t<\/a>\n\t\t\t\t\t\t\t\t\t\t\t\t\t\t\t<\/div>\n\t\t\t\t<div class=\"elementor-element elementor-element-4001a2c elementor-widget elementor-widget-image\" data-id=\"4001a2c\" data-element_type=\"widget\" data-e-type=\"widget\" data-widget_type=\"image.default\">\n\t\t\t\t\t\t\t\t\t\t\t\t\t\t\t\t<a href=\"https:\/\/www.go.gov.br\/servicos\/servico\/solicitar-liberacao-de-veiculo-removido-por-realizar-transporte-em-desconformidade-com-a-legislacao\" target=\"_blank\">\n\t\t\t\t\t\t\t<img decoding=\"async\" src=\"https:\/\/goias.gov.br\/agr\/wp-content\/uploads\/sites\/43\/2024\/02\/solicitar-liberacao-veiculo-1.png\" title=\"\" alt=\"\" loading=\"lazy\" \/>\t\t\t\t\t\t\t\t<\/a>\n\t\t\t\t\t\t\t\t\t\t\t\t\t\t\t<\/div>\n\t\t\t\t<div class=\"elementor-element elementor-element-85296d4 elementor-widget elementor-widget-image\" data-id=\"85296d4\" data-element_type=\"widget\" data-e-type=\"widget\" data-widget_type=\"image.default\">\n\t\t\t\t\t\t\t\t\t\t\t\t\t\t\t\t<a href=\"https:\/\/www.go.gov.br\/servicos\/servico\/baixar-cadastro-de-veiculos-de-empresas-autorizatarias\" target=\"_blank\">\n\t\t\t\t\t\t\t<img decoding=\"async\" src=\"https:\/\/goias.gov.br\/agr\/wp-content\/uploads\/sites\/43\/2024\/02\/baixar-cadastro-veiculo-fretamento.png\" title=\"\" alt=\"\" loading=\"lazy\" \/>\t\t\t\t\t\t\t\t<\/a>\n\t\t\t\t\t\t\t\t\t\t\t\t\t\t\t<\/div>\n\t\t\t\t<div class=\"elementor-element elementor-element-d5e4ec2 elementor-widget elementor-widget-image\" data-id=\"d5e4ec2\" data-element_type=\"widget\" data-e-type=\"widget\" data-widget_type=\"image.default\">\n\t\t\t\t\t\t\t\t\t\t\t\t\t\t\t\t<a href=\"https:\/\/www.go.gov.br\/servicos\/servico\/verificar-regularidade-de-cadastro-para-fins-de-isencao-no-ipva\" target=\"_blank\">\n\t\t\t\t\t\t\t<img decoding=\"async\" src=\"https:\/\/goias.gov.br\/agr\/wp-content\/uploads\/sites\/43\/2024\/02\/incencao-ipva-corr.png\" title=\"\" alt=\"\" loading=\"lazy\" \/>\t\t\t\t\t\t\t\t<\/a>\n\t\t\t\t\t\t\t\t\t\t\t\t\t\t\t<\/div>\n\t\t\t\t<\/div>\n\t\t\t\t\t<\/div>\n\t\t\t\t<\/div>\n\t\t\t\t<\/div>\n\t\t","protected":false},"excerpt":{"rendered":"<p>Os servi\u00e7os do transporte intermunicipal n\u00e3o regulares foram criados com o objetivo de complementar a oferta pelo transporte regular de passageiros. Tais servi\u00e7os visam atender \u00e0 modalidade de fretamento em car\u00e1ter especial e independem de licita\u00e7\u00e3o para o seu funcionamento. A presta\u00e7\u00e3o desses servi\u00e7os \u00e9 aberta a qualquer pessoa jur\u00eddica legalmente constitu\u00edda, desde que autorizada [&hellip;]<\/p>\n","protected":false},"author":77,"featured_media":0,"parent":0,"menu_order":0,"comment_status":"closed","ping_status":"closed","template":"","meta":{"footnotes":""},"class_list":["post-35617","page","type-page","status-publish","hentry"],"rttpg_featured_image_url":null,"rttpg_author":{"display_name":"barbaragodoy","author_link":"https:\/\/goias.gov.br\/agr\/author\/barbaragodoy\/"},"rttpg_comment":0,"rttpg_category":null,"rttpg_excerpt":"Os servi\u00e7os do transporte intermunicipal n\u00e3o regulares foram criados com o objetivo de complementar a oferta pelo transporte regular de passageiros. Tais servi\u00e7os visam atender \u00e0 modalidade de fretamento em car\u00e1ter especial e independem de licita\u00e7\u00e3o para o seu funcionamento. A presta\u00e7\u00e3o desses servi\u00e7os \u00e9 aberta a qualquer pessoa jur\u00eddica legalmente constitu\u00edda, desde que autorizada&hellip;","_links":{"self":[{"href":"https:\/\/goias.gov.br\/agr\/wp-json\/wp\/v2\/pages\/35617","targetHints":{"allow":["GET"]}}],"collection":[{"href":"https:\/\/goias.gov.br\/agr\/wp-json\/wp\/v2\/pages"}],"about":[{"href":"https:\/\/goias.gov.br\/agr\/wp-json\/wp\/v2\/types\/page"}],"author":[{"embeddable":true,"href":"https:\/\/goias.gov.br\/agr\/wp-json\/wp\/v2\/users\/77"}],"replies":[{"embeddable":true,"href":"https:\/\/goias.gov.br\/agr\/wp-json\/wp\/v2\/comments?post=35617"}],"version-history":[{"count":2,"href":"https:\/\/goias.gov.br\/agr\/wp-json\/wp\/v2\/pages\/35617\/revisions"}],"predecessor-version":[{"id":284280,"href":"https:\/\/goias.gov.br\/agr\/wp-json\/wp\/v2\/pages\/35617\/revisions\/284280"}],"wp:attachment":[{"href":"https:\/\/goias.gov.br\/agr\/wp-json\/wp\/v2\/media?parent=35617"}],"curies":[{"name":"wp","href":"https:\/\/api.w.org\/{rel}","templated":true}]}}