

{"id":35616,"date":"2023-01-12T05:18:27","date_gmt":"2023-01-12T08:18:27","guid":{"rendered":"https:\/\/wwwdesenv.joomlamultidesenv.go.gov.br\/agr\/?page_id=30418"},"modified":"2025-12-15T10:00:43","modified_gmt":"2025-12-15T13:00:43","slug":"transporte-regular","status":"publish","type":"page","link":"https:\/\/goias.gov.br\/agr\/transporte-regular\/","title":{"rendered":"Transporte Regular"},"content":{"rendered":"\t\t<div data-elementor-type=\"wp-page\" data-elementor-id=\"35616\" class=\"elementor elementor-35616\">\n\t\t\t\t<div class=\"elementor-element elementor-element-b245f41 e-flex e-con-boxed e-con e-parent\" data-id=\"b245f41\" data-element_type=\"container\" data-e-type=\"container\">\n\t\t\t\t\t<div class=\"e-con-inner\">\n\t\t<div class=\"elementor-element elementor-element-12a6521 e-con-full e-flex e-con e-child\" data-id=\"12a6521\" data-element_type=\"container\" data-e-type=\"container\">\n\t\t\t\t<div class=\"elementor-element elementor-element-7be647b elementor-widget elementor-widget-image\" data-id=\"7be647b\" data-element_type=\"widget\" data-e-type=\"widget\" data-widget_type=\"image.default\">\n\t\t\t\t\t\t\t\t\t\t\t\t\t\t\t<img decoding=\"async\" src=\"https:\/\/goias.gov.br\/agr\/wp-content\/uploads\/sites\/43\/2024\/02\/banner-transporte-regular.png\" title=\"\" alt=\"\" loading=\"lazy\" \/>\t\t\t\t\t\t\t\t\t\t\t\t\t\t\t<\/div>\n\t\t\t\t<div class=\"elementor-element elementor-element-6a2d600 elementor-widget elementor-widget-text-editor\" data-id=\"6a2d600\" data-element_type=\"widget\" data-e-type=\"widget\" data-widget_type=\"text-editor.default\">\n\t\t\t\t\t\t\t\t\t<p style=\"text-align: justify;\">Compete \u00e0 AGR regular, controlar e fiscalizar o transporte rodovi\u00e1rio intermunicipal de passageiros no Estado de Goi\u00e1s. O transporte intermunicipal regular de passageiros \u00e9 o servi\u00e7o\u00a0que atende \u00e0s necessidades de deslocamento da popula\u00e7\u00e3o entre as cidades do Estado de Goi\u00e1s. Sua principal caracter\u00edstica \u00e9 a regularidade na sua opera\u00e7\u00e3o, ou seja, as viagens s\u00e3o programadas para acontecer em dias e hor\u00e1rios fixos, e t\u00eam como ponto de partida e de chegada os terminais rodovi\u00e1rios intermunicipais das cidades goianas.<\/p>\t\t\t\t\t\t\t\t<\/div>\n\t\t\t\t<div class=\"elementor-element elementor-element-22f9a06 elementor-widget elementor-widget-n-accordion\" data-id=\"22f9a06\" data-element_type=\"widget\" data-e-type=\"widget\" data-settings=\"{&quot;default_state&quot;:&quot;all_collapsed&quot;,&quot;max_items_expended&quot;:&quot;one&quot;,&quot;n_accordion_animation_duration&quot;:{&quot;unit&quot;:&quot;ms&quot;,&quot;size&quot;:400,&quot;sizes&quot;:[]}}\" data-widget_type=\"nested-accordion.default\">\n\t\t\t\t\t\t\t<div class=\"e-n-accordion\" aria-label=\"Accordion. Open links with Enter or Space, close with Escape, and navigate with Arrow Keys\">\n\t\t\t\t\t\t<details id=\"e-n-accordion-item-3660\" class=\"e-n-accordion-item\" >\n\t\t\t\t<summary class=\"e-n-accordion-item-title\" data-accordion-index=\"1\" tabindex=\"0\" aria-expanded=\"false\" aria-controls=\"e-n-accordion-item-3660\" >\n\t\t\t\t\t<span class='e-n-accordion-item-title-header'><div class=\"e-n-accordion-item-title-text\"> Saiba Mais <\/div><\/span>\n\t\t\t\t\t\t\t<span class='e-n-accordion-item-title-icon'>\n\t\t\t<span class='e-opened' ><svg aria-hidden=\"true\" class=\"e-font-icon-svg e-fas-angle-down\" viewBox=\"0 0 320 512\" xmlns=\"http:\/\/www.w3.org\/2000\/svg\"><path d=\"M143 352.3L7 216.3c-9.4-9.4-9.4-24.6 0-33.9l22.6-22.6c9.4-9.4 24.6-9.4 33.9 0l96.4 96.4 96.4-96.4c9.4-9.4 24.6-9.4 33.9 0l22.6 22.6c9.4 9.4 9.4 24.6 0 33.9l-136 136c-9.2 9.4-24.4 9.4-33.8 0z\"><\/path><\/svg><\/span>\n\t\t\t<span class='e-closed'><svg aria-hidden=\"true\" class=\"e-font-icon-svg e-fas-angle-right\" viewBox=\"0 0 256 512\" xmlns=\"http:\/\/www.w3.org\/2000\/svg\"><path d=\"M224.3 273l-136 136c-9.4 9.4-24.6 9.4-33.9 0l-22.6-22.6c-9.4-9.4-9.4-24.6 0-33.9l96.4-96.4-96.4-96.4c-9.4-9.4-9.4-24.6 0-33.9L54.3 103c9.4-9.4 24.6-9.4 33.9 0l136 136c9.5 9.4 9.5 24.6.1 34z\"><\/path><\/svg><\/span>\n\t\t<\/span>\n\n\t\t\t\t\t\t<\/summary>\n\t\t\t\t<div role=\"region\" aria-labelledby=\"e-n-accordion-item-3660\" class=\"elementor-element elementor-element-18e41ea e-con-full e-flex e-con e-child\" data-id=\"18e41ea\" data-element_type=\"container\" data-e-type=\"container\">\n\t\t\t\t<div class=\"elementor-element elementor-element-2f31e62 elementor-widget elementor-widget-text-editor\" data-id=\"2f31e62\" data-element_type=\"widget\" data-e-type=\"widget\" data-widget_type=\"text-editor.default\">\n\t\t\t\t\t\t\t\t\t<p style=\"text-align: justify;\">A Ag\u00eancia tem a compet\u00eancia de impor penalidades a concession\u00e1rios, permission\u00e1rios ou autorizat\u00e1rios. Realiza opera\u00e7\u00f5es rotineiras de fiscaliza\u00e7\u00e3o do transporte intermunicipal, nos terminais rodovi\u00e1rios do Estado, em suas imedia\u00e7\u00f5es e nas rodovias, contando com a parceria da Pol\u00edcia Militar e da Ag\u00eancia Nacional de Transportes\u00a0Terrestre\u00a0(ANTT). Realiza tamb\u00e9m opera\u00e7\u00f5es de maior porte com outros parceiros como Pol\u00edcia Rodovi\u00e1ria Federal, Superintend\u00eancia Regional do Trabalho e Emprego (Minist\u00e9rio do Trabalho e Emprego).<\/p><p style=\"text-align: justify;\">A fiscaliza\u00e7\u00e3o da AGR verifica:<\/p><ul><li style=\"list-style-type: none;\"><ul><li style=\"text-align: justify;\">a documenta\u00e7\u00e3o da empresa, do ve\u00edculo e do motorista;<\/li><li style=\"text-align: justify;\">as condi\u00e7\u00f5es gerais do ve\u00edculo (higiene, seguran\u00e7a etc);<\/li><li style=\"text-align: justify;\">al\u00e9m do cumprimento dos quadros de hor\u00e1rios e de tarifas.<\/li><\/ul><\/li><\/ul>\t\t\t\t\t\t\t\t<\/div>\n\t\t\t\t<\/div>\n\t\t\t\t\t<\/details>\n\t\t\t\t\t<\/div>\n\t\t\t\t\t\t<\/div>\n\t\t\t\t<div class=\"elementor-element elementor-element-23373a2 elementor-widget elementor-widget-text-editor\" data-id=\"23373a2\" data-element_type=\"widget\" data-e-type=\"widget\" data-widget_type=\"text-editor.default\">\n\t\t\t\t\t\t\t\t\t<h5>Transporte sem Autoriza\u00e7\u00e3o \u00e9 Crime. Denuncie!!!<\/h5><p style=\"text-align: justify;\">O transporte intermunicipal de passageiros sem autoriza\u00e7\u00e3o da AGR \u00e9 uma atividade ilegal e combatida pela Ag\u00eancia. Al\u00e9m de n\u00e3o oferecer condi\u00e7\u00f5es de seguran\u00e7a para os seus usu\u00e1rios, tais como equipamentos e seguro de vida, \u00e9 uma atividade irregular que tamb\u00e9m coloca em risco outros cidad\u00e3os em tr\u00e2nsito. O problema se agrava por causa da utiliza\u00e7\u00e3o de ve\u00edculos geralmente em condi\u00e7\u00f5es prec\u00e1rias e com motoristas incapacitados para o transporte de passageiros que, muitas vezes, utilizam at\u00e9 carros pequenos e n\u00e3o os modelos autorizados pela AGR \u2013 \u00f4nibus, micro\u00f4nibus.<\/p>\t\t\t\t\t\t\t\t<\/div>\n\t\t\t\t<div class=\"elementor-element elementor-element-fe00e3e elementor-widget elementor-widget-n-accordion\" data-id=\"fe00e3e\" data-element_type=\"widget\" data-e-type=\"widget\" data-settings=\"{&quot;default_state&quot;:&quot;all_collapsed&quot;,&quot;max_items_expended&quot;:&quot;one&quot;,&quot;n_accordion_animation_duration&quot;:{&quot;unit&quot;:&quot;ms&quot;,&quot;size&quot;:400,&quot;sizes&quot;:[]}}\" data-widget_type=\"nested-accordion.default\">\n\t\t\t\t\t\t\t<div class=\"e-n-accordion\" aria-label=\"Accordion. Open links with Enter or Space, close with Escape, and navigate with Arrow Keys\">\n\t\t\t\t\t\t<details id=\"e-n-accordion-item-2660\" class=\"e-n-accordion-item\" >\n\t\t\t\t<summary class=\"e-n-accordion-item-title\" data-accordion-index=\"1\" tabindex=\"0\" aria-expanded=\"false\" aria-controls=\"e-n-accordion-item-2660\" >\n\t\t\t\t\t<span class='e-n-accordion-item-title-header'><div class=\"e-n-accordion-item-title-text\"> Saiba Mais <\/div><\/span>\n\t\t\t\t\t\t\t<span class='e-n-accordion-item-title-icon'>\n\t\t\t<span class='e-opened' ><svg aria-hidden=\"true\" class=\"e-font-icon-svg e-fas-angle-down\" viewBox=\"0 0 320 512\" xmlns=\"http:\/\/www.w3.org\/2000\/svg\"><path d=\"M143 352.3L7 216.3c-9.4-9.4-9.4-24.6 0-33.9l22.6-22.6c9.4-9.4 24.6-9.4 33.9 0l96.4 96.4 96.4-96.4c9.4-9.4 24.6-9.4 33.9 0l22.6 22.6c9.4 9.4 9.4 24.6 0 33.9l-136 136c-9.2 9.4-24.4 9.4-33.8 0z\"><\/path><\/svg><\/span>\n\t\t\t<span class='e-closed'><svg aria-hidden=\"true\" class=\"e-font-icon-svg e-fas-angle-right\" viewBox=\"0 0 256 512\" xmlns=\"http:\/\/www.w3.org\/2000\/svg\"><path d=\"M224.3 273l-136 136c-9.4 9.4-24.6 9.4-33.9 0l-22.6-22.6c-9.4-9.4-9.4-24.6 0-33.9l96.4-96.4-96.4-96.4c-9.4-9.4-9.4-24.6 0-33.9L54.3 103c9.4-9.4 24.6-9.4 33.9 0l136 136c9.5 9.4 9.5 24.6.1 34z\"><\/path><\/svg><\/span>\n\t\t<\/span>\n\n\t\t\t\t\t\t<\/summary>\n\t\t\t\t<div role=\"region\" aria-labelledby=\"e-n-accordion-item-2660\" class=\"elementor-element elementor-element-328f91d e-con-full e-flex e-con e-child\" data-id=\"328f91d\" data-element_type=\"container\" data-e-type=\"container\">\n\t\t\t\t<div class=\"elementor-element elementor-element-4e87650 elementor-widget elementor-widget-text-editor\" data-id=\"4e87650\" data-element_type=\"widget\" data-e-type=\"widget\" data-widget_type=\"text-editor.default\">\n\t\t\t\t\t\t\t\t\t<p style=\"text-align: justify;\">O transporte de passageiros sem autoriza\u00e7\u00e3o \u00e9 uma atividade que implica em concorr\u00eancia desleal com empresas autorizadas, cujos carros s\u00e3o vistoriados e passam por inspe\u00e7\u00e3o veicular, que pagam impostos e, consequentemente, contribuem com a recupera\u00e7\u00e3o da malha, al\u00e9m de gerarem empregos formais.\u00a0O respons\u00e1vel pelo transporte irregular de passageiros fica sujeito \u00e0 aplica\u00e7\u00e3o de multa (vide Lei n\u00ba 18.673\/2014) que se agrava em caso de reincid\u00eancia al\u00e9m de ter o seu ve\u00edculo removido ao p\u00e1tio p\u00fablico. Assim, o passageiro sempre estar\u00e1 correndo o risco de n\u00e3o terminar bem a sua viagem e de n\u00e3o ter nenhum direito garantido.<\/p>\t\t\t\t\t\t\t\t<\/div>\n\t\t\t\t<\/div>\n\t\t\t\t\t<\/details>\n\t\t\t\t\t<\/div>\n\t\t\t\t\t\t<\/div>\n\t\t\t\t<\/div>\n\t\t<div class=\"elementor-element elementor-element-3fca428 e-con-full e-flex e-con e-child\" data-id=\"3fca428\" data-element_type=\"container\" data-e-type=\"container\">\n\t\t\t\t<div class=\"elementor-element elementor-element-0eede4f elementor-widget elementor-widget-image\" data-id=\"0eede4f\" data-element_type=\"widget\" data-e-type=\"widget\" data-widget_type=\"image.default\">\n\t\t\t\t\t\t\t\t\t\t\t\t\t\t\t\t<a href=\"\/agr\/cadastro-de-transporte-regular\/\" target=\"_blank\">\n\t\t\t\t\t\t\t<img decoding=\"async\" src=\"https:\/\/goias.gov.br\/agr\/wp-content\/uploads\/sites\/43\/2024\/02\/cadastro-transporte-regular.png\" title=\"\" alt=\"\" loading=\"lazy\" \/>\t\t\t\t\t\t\t\t<\/a>\n\t\t\t\t\t\t\t\t\t\t\t\t\t\t\t<\/div>\n\t\t\t\t<div class=\"elementor-element elementor-element-d1da8bc elementor-widget elementor-widget-image\" data-id=\"d1da8bc\" data-element_type=\"widget\" data-e-type=\"widget\" data-widget_type=\"image.default\">\n\t\t\t\t\t\t\t\t\t\t\t\t\t\t\t\t<a href=\"\/agr\/termos-de-autorizacao-e-preco-de-passagens\/\" target=\"_blank\">\n\t\t\t\t\t\t\t<img decoding=\"async\" src=\"https:\/\/goias.gov.br\/agr\/wp-content\/uploads\/sites\/43\/2024\/02\/empresas-autorizadas-precos.png\" title=\"\" alt=\"\" loading=\"lazy\" \/>\t\t\t\t\t\t\t\t<\/a>\n\t\t\t\t\t\t\t\t\t\t\t\t\t\t\t<\/div>\n\t\t\t\t<div class=\"elementor-element elementor-element-7c593b4 elementor-widget elementor-widget-image\" data-id=\"7c593b4\" data-element_type=\"widget\" data-e-type=\"widget\" data-widget_type=\"image.default\">\n\t\t\t\t\t\t\t\t\t\t\t\t\t\t\t\t<a href=\"\/agr\/quadro-de-horarios\/\" target=\"_blank\">\n\t\t\t\t\t\t\t<img decoding=\"async\" src=\"https:\/\/goias.gov.br\/agr\/wp-content\/uploads\/sites\/43\/2024\/02\/quadro-horarios-transporte.png\" title=\"\" alt=\"\" loading=\"lazy\" \/>\t\t\t\t\t\t\t\t<\/a>\n\t\t\t\t\t\t\t\t\t\t\t\t\t\t\t<\/div>\n\t\t\t\t<div class=\"elementor-element elementor-element-720599b elementor-widget elementor-widget-image\" data-id=\"720599b\" data-element_type=\"widget\" data-e-type=\"widget\" data-widget_type=\"image.default\">\n\t\t\t\t\t\t\t\t\t\t\t\t\t\t\t\t<a href=\"https:\/\/www.go.gov.br\/servicos\/servico\/solicitar-modificacao-operacional-nas-linhas-intermunicipais\" target=\"_blank\">\n\t\t\t\t\t\t\t<img decoding=\"async\" src=\"https:\/\/goias.gov.br\/agr\/wp-content\/uploads\/sites\/43\/2024\/02\/modificacao-intermunicipal.png\" title=\"\" alt=\"\" loading=\"lazy\" \/>\t\t\t\t\t\t\t\t<\/a>\n\t\t\t\t\t\t\t\t\t\t\t\t\t\t\t<\/div>\n\t\t\t\t<div class=\"elementor-element elementor-element-08e3e00 elementor-widget elementor-widget-image\" data-id=\"08e3e00\" data-element_type=\"widget\" data-e-type=\"widget\" data-widget_type=\"image.default\">\n\t\t\t\t\t\t\t\t\t\t\t\t\t\t\t\t<a href=\"https:\/\/www.go.gov.br\/servicos\/servico\/solicitar-liberacao-de-veiculo-removido-por-realizar-transporte-em-desconformidade-com-a-legislacao\" target=\"_blank\">\n\t\t\t\t\t\t\t<img decoding=\"async\" src=\"https:\/\/goias.gov.br\/agr\/wp-content\/uploads\/sites\/43\/2024\/02\/solicitar-liberacao-veiculo.png\" title=\"\" alt=\"\" loading=\"lazy\" \/>\t\t\t\t\t\t\t\t<\/a>\n\t\t\t\t\t\t\t\t\t\t\t\t\t\t\t<\/div>\n\t\t\t\t<div class=\"elementor-element elementor-element-66c1723 elementor-widget elementor-widget-image\" data-id=\"66c1723\" data-element_type=\"widget\" data-e-type=\"widget\" data-widget_type=\"image.default\">\n\t\t\t\t\t\t\t\t\t\t\t\t\t\t\t\t<a href=\"\/agr\/direitos-e-deveres-dos-usuarios-do-transporte-intermunicipal\/\" target=\"_blank\">\n\t\t\t\t\t\t\t<img decoding=\"async\" src=\"https:\/\/goias.gov.br\/agr\/wp-content\/uploads\/sites\/43\/2024\/02\/direitos-deveres.png\" title=\"\" alt=\"\" loading=\"lazy\" \/>\t\t\t\t\t\t\t\t<\/a>\n\t\t\t\t\t\t\t\t\t\t\t\t\t\t\t<\/div>\n\t\t\t\t<div class=\"elementor-element elementor-element-f7a6773 elementor-widget elementor-widget-image\" data-id=\"f7a6773\" data-element_type=\"widget\" data-e-type=\"widget\" data-widget_type=\"image.default\">\n\t\t\t\t\t\t\t\t\t\t\t\t\t\t\t\t<a href=\"\/agr\/canais-para-denuncia\/\" target=\"_blank\">\n\t\t\t\t\t\t\t<img decoding=\"async\" src=\"https:\/\/goias.gov.br\/agr\/wp-content\/uploads\/sites\/43\/2024\/02\/denuncie-transporte-aqui.png\" title=\"\" alt=\"\" loading=\"lazy\" \/>\t\t\t\t\t\t\t\t<\/a>\n\t\t\t\t\t\t\t\t\t\t\t\t\t\t\t<\/div>\n\t\t\t\t<div class=\"elementor-element elementor-element-fb3fc6d elementor-widget elementor-widget-image\" data-id=\"fb3fc6d\" data-element_type=\"widget\" data-e-type=\"widget\" data-widget_type=\"image.default\">\n\t\t\t\t\t\t\t\t\t\t\t\t\t\t\t\t<a href=\"\/agr\/passe-livre-intermunicipal\/\" target=\"_blank\">\n\t\t\t\t\t\t\t<img decoding=\"async\" src=\"https:\/\/goias.gov.br\/agr\/wp-content\/uploads\/sites\/43\/2024\/02\/passe-livre.png\" title=\"\" alt=\"\" loading=\"lazy\" \/>\t\t\t\t\t\t\t\t<\/a>\n\t\t\t\t\t\t\t\t\t\t\t\t\t\t\t<\/div>\n\t\t\t\t<div class=\"elementor-element elementor-element-b124f37 elementor-widget elementor-widget-image\" data-id=\"b124f37\" data-element_type=\"widget\" data-e-type=\"widget\" data-widget_type=\"image.default\">\n\t\t\t\t\t\t\t\t\t\t\t\t\t\t\t\t<a href=\"\/agr\/reajuste-de-tarifas-de-transporte\/\" target=\"_blank\">\n\t\t\t\t\t\t\t<img decoding=\"async\" src=\"https:\/\/goias.gov.br\/agr\/wp-content\/uploads\/sites\/43\/2024\/02\/reajuste-tarifas-transporte.png\" title=\"\" alt=\"\" loading=\"lazy\" \/>\t\t\t\t\t\t\t\t<\/a>\n\t\t\t\t\t\t\t\t\t\t\t\t\t\t\t<\/div>\n\t\t\t\t<\/div>\n\t\t\t\t\t<\/div>\n\t\t\t\t<\/div>\n\t\t\t\t<\/div>\n\t\t","protected":false},"excerpt":{"rendered":"<p>Compete \u00e0 AGR regular, controlar e fiscalizar o transporte rodovi\u00e1rio intermunicipal de passageiros no Estado de Goi\u00e1s. O transporte intermunicipal regular de passageiros \u00e9 o servi\u00e7o\u00a0que atende \u00e0s necessidades de deslocamento da popula\u00e7\u00e3o entre as cidades do Estado de Goi\u00e1s. Sua principal caracter\u00edstica \u00e9 a regularidade na sua opera\u00e7\u00e3o, ou seja, as viagens s\u00e3o programadas [&hellip;]<\/p>\n","protected":false},"author":77,"featured_media":0,"parent":0,"menu_order":0,"comment_status":"closed","ping_status":"closed","template":"wppb_theme_template","meta":{"footnotes":""},"class_list":["post-35616","page","type-page","status-publish","hentry"],"rttpg_featured_image_url":null,"rttpg_author":{"display_name":"barbaragodoy","author_link":"https:\/\/goias.gov.br\/agr\/author\/barbaragodoy\/"},"rttpg_comment":0,"rttpg_category":null,"rttpg_excerpt":"Compete \u00e0 AGR regular, controlar e fiscalizar o transporte rodovi\u00e1rio intermunicipal de passageiros no Estado de Goi\u00e1s. O transporte intermunicipal regular de passageiros \u00e9 o servi\u00e7o\u00a0que atende \u00e0s necessidades de deslocamento da popula\u00e7\u00e3o entre as cidades do Estado de Goi\u00e1s. Sua principal caracter\u00edstica \u00e9 a regularidade na sua opera\u00e7\u00e3o, ou seja, as viagens s\u00e3o programadas&hellip;","_links":{"self":[{"href":"https:\/\/goias.gov.br\/agr\/wp-json\/wp\/v2\/pages\/35616","targetHints":{"allow":["GET"]}}],"collection":[{"href":"https:\/\/goias.gov.br\/agr\/wp-json\/wp\/v2\/pages"}],"about":[{"href":"https:\/\/goias.gov.br\/agr\/wp-json\/wp\/v2\/types\/page"}],"author":[{"embeddable":true,"href":"https:\/\/goias.gov.br\/agr\/wp-json\/wp\/v2\/users\/77"}],"replies":[{"embeddable":true,"href":"https:\/\/goias.gov.br\/agr\/wp-json\/wp\/v2\/comments?post=35616"}],"version-history":[{"count":2,"href":"https:\/\/goias.gov.br\/agr\/wp-json\/wp\/v2\/pages\/35616\/revisions"}],"predecessor-version":[{"id":279618,"href":"https:\/\/goias.gov.br\/agr\/wp-json\/wp\/v2\/pages\/35616\/revisions\/279618"}],"wp:attachment":[{"href":"https:\/\/goias.gov.br\/agr\/wp-json\/wp\/v2\/media?parent=35616"}],"curies":[{"name":"wp","href":"https:\/\/api.w.org\/{rel}","templated":true}]}}