

{"id":35613,"date":"2023-01-12T04:40:54","date_gmt":"2023-01-12T07:40:54","guid":{"rendered":"https:\/\/wwwdesenv.joomlamultidesenv.go.gov.br\/agr\/?page_id=30389"},"modified":"2026-01-15T17:52:47","modified_gmt":"2026-01-15T20:52:47","slug":"financas-e-divida-ativa","status":"publish","type":"page","link":"https:\/\/goias.gov.br\/agr\/financas-e-divida-ativa\/","title":{"rendered":"Finan\u00e7as e D\u00edvida Ativa"},"content":{"rendered":"\t\t<div data-elementor-type=\"wp-page\" data-elementor-id=\"35613\" class=\"elementor elementor-35613\">\n\t\t\t\t<div class=\"elementor-element elementor-element-fc8b04e e-flex e-con-boxed e-con e-parent\" data-id=\"fc8b04e\" data-element_type=\"container\" data-e-type=\"container\">\n\t\t\t\t\t<div class=\"e-con-inner\">\n\t\t<div class=\"elementor-element elementor-element-e0c784a e-con-full e-flex e-con e-child\" data-id=\"e0c784a\" data-element_type=\"container\" data-e-type=\"container\">\n\t\t\t\t<div class=\"elementor-element elementor-element-968ccd1 elementor-widget elementor-widget-image\" data-id=\"968ccd1\" data-element_type=\"widget\" data-e-type=\"widget\" data-widget_type=\"image.default\">\n\t\t\t\t\t\t\t\t\t\t\t\t\t\t\t<img decoding=\"async\" src=\"https:\/\/goias.gov.br\/agr\/wp-content\/uploads\/sites\/43\/2023\/01\/financas-divida-ativa-banner.jpg\" title=\"\" alt=\"\" loading=\"lazy\" \/>\t\t\t\t\t\t\t\t\t\t\t\t\t\t\t<\/div>\n\t\t\t\t<div class=\"elementor-element elementor-element-00c1b0e elementor-widget elementor-widget-text-editor\" data-id=\"00c1b0e\" data-element_type=\"widget\" data-e-type=\"widget\" data-widget_type=\"text-editor.default\">\n\t\t\t\t\t\t\t\t\t<p style=\"text-align: justify;\">A Ger\u00eancia de Finan\u00e7as e D\u00edvida Ativa (Gefda) \u00e9 respons\u00e1vel pela gest\u00e3o dos cr\u00e9ditos tribut\u00e1rios e n\u00e3o tribut\u00e1rios constitu\u00eddos em favor da Ag\u00eancia Goiana de Regula\u00e7\u00e3o, Controle e Fiscaliza\u00e7\u00e3o de Servi\u00e7os P\u00fablicos (AGR) e pela gest\u00e3o e operacionaliza\u00e7\u00e3o da execu\u00e7\u00e3o or\u00e7ament\u00e1ria, financeira e cont\u00e1bil, no \u00e2mbito da AGR.<\/p><p style=\"text-align: justify;\">O atendimento ao p\u00fablico \u00e9 realizado de forma presencial, na sede da autarquia, bem como atrav\u00e9s do e-mail institucional:\u00a0\u00a0<a href=\"mailto:dividaativa@agr.go.gov.br\">dividaativa@agr.go.gov.br<\/a>\u00a0e ainda, atrav\u00e9s da Central de Contato com o usu\u00e1rio AGR pelos seguintes canais:<br \/>Telefone &#8211; (62) 3226 6430 e (62) 3226 6436<br \/>WhatsApp &#8211;\u00a0 98156 8070<\/p>\t\t\t\t\t\t\t\t<\/div>\n\t\t\t\t<div class=\"elementor-element elementor-element-b887365 elementor-widget elementor-widget-n-accordion\" data-id=\"b887365\" data-element_type=\"widget\" data-e-type=\"widget\" data-settings=\"{&quot;default_state&quot;:&quot;all_collapsed&quot;,&quot;max_items_expended&quot;:&quot;one&quot;,&quot;n_accordion_animation_duration&quot;:{&quot;unit&quot;:&quot;ms&quot;,&quot;size&quot;:400,&quot;sizes&quot;:[]}}\" data-widget_type=\"nested-accordion.default\">\n\t\t\t\t\t\t\t<div class=\"e-n-accordion\" aria-label=\"Accordion. Open links with Enter or Space, close with Escape, and navigate with Arrow Keys\">\n\t\t\t\t\t\t<details id=\"e-n-accordion-item-1930\" class=\"e-n-accordion-item\" >\n\t\t\t\t<summary class=\"e-n-accordion-item-title\" data-accordion-index=\"1\" tabindex=\"0\" aria-expanded=\"false\" aria-controls=\"e-n-accordion-item-1930\" >\n\t\t\t\t\t<span class='e-n-accordion-item-title-header'><div class=\"e-n-accordion-item-title-text\"> Compet\u00eancias da Ger\u00eancia de Finan\u00e7as e D\u00edvida Ativa <\/div><\/span>\n\t\t\t\t\t\t\t<span class='e-n-accordion-item-title-icon'>\n\t\t\t<span class='e-opened' ><svg aria-hidden=\"true\" class=\"e-font-icon-svg e-fas-angle-down\" viewBox=\"0 0 320 512\" xmlns=\"http:\/\/www.w3.org\/2000\/svg\"><path d=\"M143 352.3L7 216.3c-9.4-9.4-9.4-24.6 0-33.9l22.6-22.6c9.4-9.4 24.6-9.4 33.9 0l96.4 96.4 96.4-96.4c9.4-9.4 24.6-9.4 33.9 0l22.6 22.6c9.4 9.4 9.4 24.6 0 33.9l-136 136c-9.2 9.4-24.4 9.4-33.8 0z\"><\/path><\/svg><\/span>\n\t\t\t<span class='e-closed'><svg aria-hidden=\"true\" class=\"e-font-icon-svg e-fas-angle-right\" viewBox=\"0 0 256 512\" xmlns=\"http:\/\/www.w3.org\/2000\/svg\"><path d=\"M224.3 273l-136 136c-9.4 9.4-24.6 9.4-33.9 0l-22.6-22.6c-9.4-9.4-9.4-24.6 0-33.9l96.4-96.4-96.4-96.4c-9.4-9.4-9.4-24.6 0-33.9L54.3 103c9.4-9.4 24.6-9.4 33.9 0l136 136c9.5 9.4 9.5 24.6.1 34z\"><\/path><\/svg><\/span>\n\t\t<\/span>\n\n\t\t\t\t\t\t<\/summary>\n\t\t\t\t<div role=\"region\" aria-labelledby=\"e-n-accordion-item-1930\" class=\"elementor-element elementor-element-55bd91d e-con-full e-flex e-con e-child\" data-id=\"55bd91d\" data-element_type=\"container\" data-e-type=\"container\">\n\t\t\t\t<div class=\"elementor-element elementor-element-49d16b4 elementor-widget elementor-widget-text-editor\" data-id=\"49d16b4\" data-element_type=\"widget\" data-e-type=\"widget\" data-widget_type=\"text-editor.default\">\n\t\t\t\t\t\t\t\t\t<ul><li><p style=\"text-align: justify;\"><strong>Decreto n\u00ba 9533\/2019<\/strong><\/p><p style=\"text-align: justify;\"><strong>Art. 47. Compete \u00e0 Ger\u00eancia de Finan\u00e7as e D\u00edvida Ativa:<\/strong><\/p><p style=\"text-align: justify;\">I &#8211; promover o controle das contas a pagar;<\/p><p style=\"text-align: justify;\">II &#8211; gerenciar a movimenta\u00e7\u00e3o das contas banc\u00e1rias referentes \u00e0s unidades or\u00e7ament\u00e1rias espec\u00edficas da AGR;<\/p><p style=\"text-align: justify;\">III &#8211; acompanhar e supervisionar a utiliza\u00e7\u00e3o dos recursos referentes aos adiantamentos concedidos a servidores, no \u00e2mbito da AGR;<\/p><p style=\"text-align: justify;\">IV &#8211; acompanhar e controlar a receita e a despesa, atendendo \u00e0s necessidades de gerenciamento e as demandas legais;<\/p><p style=\"text-align: justify;\">V &#8211; gerir os processos de execu\u00e7\u00e3o or\u00e7ament\u00e1ria e financeira relativos a empenho, liquida\u00e7\u00e3o e pagamento das despesas no \u00e2mbito da AGR;<\/p><p style=\"text-align: justify;\">VI &#8211; acompanhar e supervisionar a execu\u00e7\u00e3o financeira de conv\u00eanios e contratos da AGR;<\/p><p style=\"text-align: justify;\">VII &#8211; administrar o processo de concess\u00e3o de di\u00e1rias, no \u00e2mbito da AGR;<\/p><p style=\"text-align: justify;\">VIII &#8211; executar os procedimentos de quita\u00e7\u00e3o da folha de pagamento de servidores ativos e inativos da AGR;<\/p><p style=\"text-align: justify;\">IX &#8211; elaborar a presta\u00e7\u00e3o de contas mensal da folha de pagamento de pessoal, da execu\u00e7\u00e3o or\u00e7ament\u00e1ria e financeira, e encaminh\u00e1-la ao \u00f3rg\u00e3o de compet\u00eancia;<\/p><p style=\"text-align: justify;\">X &#8211; controlar e manter atualizados os documentos comprobat\u00f3rios das opera\u00e7\u00f5es financeiras sob a responsabilidade da Ger\u00eancia;<\/p><p style=\"text-align: justify;\">XI &#8211; auxiliar na elabora\u00e7\u00e3o da Proposta Or\u00e7ament\u00e1ria Anual e do Plano Plurianual &#8211; PPA da AGR.<\/p><p style=\"text-align: justify;\">XII &#8211; propor a abertura de cr\u00e9ditos adicionais necess\u00e1rios \u00e0 execu\u00e7\u00e3o dos programas, projetos e atividades da AGR;<\/p><p style=\"text-align: justify;\">XIII &#8211; manter atualizado o arquivo de leis, normas e instru\u00e7\u00f5es que disciplinem a aplica\u00e7\u00e3o de recursos financeiros e zelar pela observ\u00e2ncia da legisla\u00e7\u00e3o referente \u00e0 execu\u00e7\u00e3o financeira;<\/p><p style=\"text-align: justify;\">XIV &#8211; coordenar e controlar a inscri\u00e7\u00e3o dos cr\u00e9ditos de natureza tribut\u00e1ria e n\u00e3o tribut\u00e1ria em d\u00edvida ativa.<\/p><p style=\"text-align: justify;\">XV &#8211; emitir certid\u00f5es de inscri\u00e7\u00e3o de d\u00e9bitos em d\u00edvida ativa;<\/p><p style=\"text-align: justify;\">XVI &#8211; encaminhar d\u00e9bitos inscritos em d\u00edvida ativa \u00e0 Procuradoria Setorial para promo\u00e7\u00e3o de execu\u00e7\u00e3o fiscal;<\/p><p style=\"text-align: justify;\">XVII &#8211; emitir termo de acordo de parcelamento de d\u00e9bito;<\/p><p style=\"text-align: justify;\">XVIII &#8211; emitir relat\u00f3rio mensal de d\u00e9bitos inscritos em d\u00edvida ativa e ajuizados para fins de contabiliza\u00e7\u00e3o;<\/p><p style=\"text-align: justify;\">XIX &#8211; inserir o nome do sujeito passivo com d\u00e9bito inscrito em d\u00edvida ativa no cadastro da Centraliza\u00e7\u00e3o dos Servi\u00e7os Banc\u00e1rios S\/A. (SERASA) e\/ou no Servi\u00e7o de Prote\u00e7\u00e3o ao Cr\u00e9dito &#8211; (SPC);<\/p><p style=\"text-align: justify;\">XX &#8211; realizar outras atividades correlatas.<\/p><\/li><\/ul>\t\t\t\t\t\t\t\t<\/div>\n\t\t\t\t<\/div>\n\t\t\t\t\t<\/details>\n\t\t\t\t\t<\/div>\n\t\t\t\t\t\t<\/div>\n\t\t\t\t<\/div>\n\t\t<div class=\"elementor-element elementor-element-a6dec57 e-con-full e-flex e-con e-child\" data-id=\"a6dec57\" data-element_type=\"container\" data-e-type=\"container\">\n\t\t\t\t<div class=\"elementor-element elementor-element-ee5cae0 elementor-widget elementor-widget-image\" data-id=\"ee5cae0\" data-element_type=\"widget\" data-e-type=\"widget\" data-widget_type=\"image.default\">\n\t\t\t\t\t\t\t\t\t\t\t\t\t\t\t\t<a href=\"\/agr\/emitir-dare\/\" target=\"_blank\">\n\t\t\t\t\t\t\t<img decoding=\"async\" src=\"https:\/\/goias.gov.br\/agr\/wp-content\/uploads\/sites\/43\/2023\/01\/emiti-dare.png\" title=\"\" alt=\"\" loading=\"lazy\" \/>\t\t\t\t\t\t\t\t<\/a>\n\t\t\t\t\t\t\t\t\t\t\t\t\t\t\t<\/div>\n\t\t\t\t<div class=\"elementor-element elementor-element-a9d79fc elementor-widget elementor-widget-image\" data-id=\"a9d79fc\" data-element_type=\"widget\" data-e-type=\"widget\" data-widget_type=\"image.default\">\n\t\t\t\t\t\t\t\t\t\t\t\t\t\t\t\t<a href=\"https:\/\/arr.economia.go.gov.br\/arr-www\/view\/consultaDocumentos.jsf\" target=\"_blank\">\n\t\t\t\t\t\t\t<img decoding=\"async\" src=\"https:\/\/goias.gov.br\/agr\/wp-content\/uploads\/sites\/43\/2023\/01\/consultar-dare.png\" title=\"\" alt=\"\" loading=\"lazy\" \/>\t\t\t\t\t\t\t\t<\/a>\n\t\t\t\t\t\t\t\t\t\t\t\t\t\t\t<\/div>\n\t\t\t\t<div class=\"elementor-element elementor-element-fda50d7 elementor-widget elementor-widget-image\" data-id=\"fda50d7\" data-element_type=\"widget\" data-e-type=\"widget\" data-widget_type=\"image.default\">\n\t\t\t\t\t\t\t\t\t\t\t\t\t\t\t\t<a href=\"https:\/\/www.go.gov.br\/servicos\/servico\/solicitar-certidao-negativa-de-debitos\" target=\"_blank\">\n\t\t\t\t\t\t\t<img decoding=\"async\" src=\"https:\/\/goias.gov.br\/agr\/wp-content\/uploads\/sites\/43\/2023\/01\/solicitar-certidao-negat-debito.png\" title=\"\" alt=\"\" loading=\"lazy\" \/>\t\t\t\t\t\t\t\t<\/a>\n\t\t\t\t\t\t\t\t\t\t\t\t\t\t\t<\/div>\n\t\t\t\t<div class=\"elementor-element elementor-element-093cbab elementor-widget elementor-widget-image\" data-id=\"093cbab\" data-element_type=\"widget\" data-e-type=\"widget\" data-widget_type=\"image.default\">\n\t\t\t\t\t\t\t\t\t\t\t\t\t\t\t\t<a href=\"https:\/\/www.go.gov.br\/servicos\/servico\/parcelar-debito-inscrito-ou-nao-em-divida-ativa-da-agr\" target=\"_blank\">\n\t\t\t\t\t\t\t<img decoding=\"async\" src=\"https:\/\/goias.gov.br\/agr\/wp-content\/uploads\/sites\/43\/2023\/01\/consulta-debitos.png\" title=\"\" alt=\"\" loading=\"lazy\" \/>\t\t\t\t\t\t\t\t<\/a>\n\t\t\t\t\t\t\t\t\t\t\t\t\t\t\t<\/div>\n\t\t\t\t<div class=\"elementor-element elementor-element-aacef5d elementor-widget elementor-widget-image\" data-id=\"aacef5d\" data-element_type=\"widget\" data-e-type=\"widget\" data-widget_type=\"image.default\">\n\t\t\t\t\t\t\t\t\t\t\t\t\t\t\t\t<a href=\"\/agr\/execucao-orcamentaria-e-financeira\/\" target=\"_blank\">\n\t\t\t\t\t\t\t<img decoding=\"async\" src=\"https:\/\/goias.gov.br\/agr\/wp-content\/uploads\/sites\/43\/2023\/01\/execucao-orcamentaria-financeira.png\" title=\"\" alt=\"\" loading=\"lazy\" \/>\t\t\t\t\t\t\t\t<\/a>\n\t\t\t\t\t\t\t\t\t\t\t\t\t\t\t<\/div>\n\t\t\t\t<div class=\"elementor-element elementor-element-c5b0b6a elementor-widget elementor-widget-image\" data-id=\"c5b0b6a\" data-element_type=\"widget\" data-e-type=\"widget\" data-widget_type=\"image.default\">\n\t\t\t\t\t\t\t\t\t\t\t\t\t\t\t\t<a href=\"\/agr\/legislacao-divida-ativa\/\" target=\"_blank\">\n\t\t\t\t\t\t\t<img decoding=\"async\" src=\"https:\/\/goias.gov.br\/agr\/wp-content\/uploads\/sites\/43\/2023\/01\/legislacao-gered.png\" title=\"\" alt=\"\" loading=\"lazy\" \/>\t\t\t\t\t\t\t\t<\/a>\n\t\t\t\t\t\t\t\t\t\t\t\t\t\t\t<\/div>\n\t\t\t\t<div class=\"elementor-element elementor-element-7561323 elementor-widget elementor-widget-image\" data-id=\"7561323\" data-element_type=\"widget\" data-e-type=\"widget\" data-widget_type=\"image.default\">\n\t\t\t\t\t\t\t\t\t\t\t\t\t\t\t\t<a href=\"\/agr\/canais-de-atendimento-divida-ativa\/\" target=\"_blank\">\n\t\t\t\t\t\t\t<img decoding=\"async\" src=\"https:\/\/goias.gov.br\/agr\/wp-content\/uploads\/sites\/43\/2023\/01\/canal-atendimento.png\" title=\"\" alt=\"\" loading=\"lazy\" \/>\t\t\t\t\t\t\t\t<\/a>\n\t\t\t\t\t\t\t\t\t\t\t\t\t\t\t<\/div>\n\t\t\t\t<\/div>\n\t\t\t\t\t<\/div>\n\t\t\t\t<\/div>\n\t\t\t\t<\/div>\n\t\t","protected":false},"excerpt":{"rendered":"<p>A Ger\u00eancia de Finan\u00e7as e D\u00edvida Ativa (Gefda) \u00e9 respons\u00e1vel pela gest\u00e3o dos cr\u00e9ditos tribut\u00e1rios e n\u00e3o tribut\u00e1rios constitu\u00eddos em favor da Ag\u00eancia Goiana de Regula\u00e7\u00e3o, Controle e Fiscaliza\u00e7\u00e3o de Servi\u00e7os P\u00fablicos (AGR) e pela gest\u00e3o e operacionaliza\u00e7\u00e3o da execu\u00e7\u00e3o or\u00e7ament\u00e1ria, financeira e cont\u00e1bil, no \u00e2mbito da AGR. O atendimento ao p\u00fablico \u00e9 realizado de [&hellip;]<\/p>\n","protected":false},"author":77,"featured_media":0,"parent":0,"menu_order":0,"comment_status":"closed","ping_status":"closed","template":"","meta":{"footnotes":""},"class_list":["post-35613","page","type-page","status-publish","hentry"],"rttpg_featured_image_url":null,"rttpg_author":{"display_name":"barbaragodoy","author_link":"https:\/\/goias.gov.br\/agr\/author\/barbaragodoy\/"},"rttpg_comment":0,"rttpg_category":null,"rttpg_excerpt":"A Ger\u00eancia de Finan\u00e7as e D\u00edvida Ativa (Gefda) \u00e9 respons\u00e1vel pela gest\u00e3o dos cr\u00e9ditos tribut\u00e1rios e n\u00e3o tribut\u00e1rios constitu\u00eddos em favor da Ag\u00eancia Goiana de Regula\u00e7\u00e3o, Controle e Fiscaliza\u00e7\u00e3o de Servi\u00e7os P\u00fablicos (AGR) e pela gest\u00e3o e operacionaliza\u00e7\u00e3o da execu\u00e7\u00e3o or\u00e7ament\u00e1ria, financeira e cont\u00e1bil, no \u00e2mbito da AGR. O atendimento ao p\u00fablico \u00e9 realizado de&hellip;","_links":{"self":[{"href":"https:\/\/goias.gov.br\/agr\/wp-json\/wp\/v2\/pages\/35613","targetHints":{"allow":["GET"]}}],"collection":[{"href":"https:\/\/goias.gov.br\/agr\/wp-json\/wp\/v2\/pages"}],"about":[{"href":"https:\/\/goias.gov.br\/agr\/wp-json\/wp\/v2\/types\/page"}],"author":[{"embeddable":true,"href":"https:\/\/goias.gov.br\/agr\/wp-json\/wp\/v2\/users\/77"}],"replies":[{"embeddable":true,"href":"https:\/\/goias.gov.br\/agr\/wp-json\/wp\/v2\/comments?post=35613"}],"version-history":[{"count":2,"href":"https:\/\/goias.gov.br\/agr\/wp-json\/wp\/v2\/pages\/35613\/revisions"}],"predecessor-version":[{"id":286674,"href":"https:\/\/goias.gov.br\/agr\/wp-json\/wp\/v2\/pages\/35613\/revisions\/286674"}],"wp:attachment":[{"href":"https:\/\/goias.gov.br\/agr\/wp-json\/wp\/v2\/media?parent=35613"}],"curies":[{"name":"wp","href":"https:\/\/api.w.org\/{rel}","templated":true}]}}