

{"id":35610,"date":"2023-01-11T00:02:03","date_gmt":"2023-01-11T03:02:03","guid":{"rendered":"https:\/\/wwwdesenv.joomlamultidesenv.go.gov.br\/agr\/?page_id=30358"},"modified":"2025-12-15T10:11:55","modified_gmt":"2025-12-15T13:11:55","slug":"saude-do-servidor","status":"publish","type":"page","link":"https:\/\/goias.gov.br\/agr\/saude-do-servidor\/","title":{"rendered":"Sa\u00fade do Servidor"},"content":{"rendered":"\t\t<div data-elementor-type=\"wp-page\" data-elementor-id=\"35610\" class=\"elementor elementor-35610\">\n\t\t\t\t<div class=\"elementor-element elementor-element-eccaf64 e-flex e-con-boxed e-con e-parent\" data-id=\"eccaf64\" data-element_type=\"container\" data-e-type=\"container\">\n\t\t\t\t\t<div class=\"e-con-inner\">\n\t\t\t\t<div class=\"elementor-element elementor-element-b71e715 elementor-widget elementor-widget-n-accordion\" data-id=\"b71e715\" data-element_type=\"widget\" data-e-type=\"widget\" data-settings=\"{&quot;default_state&quot;:&quot;all_collapsed&quot;,&quot;max_items_expended&quot;:&quot;one&quot;,&quot;n_accordion_animation_duration&quot;:{&quot;unit&quot;:&quot;ms&quot;,&quot;size&quot;:400,&quot;sizes&quot;:[]}}\" data-widget_type=\"nested-accordion.default\">\n\t\t\t\t\t\t\t<div class=\"e-n-accordion\" aria-label=\"Accordion. Open links with Enter or Space, close with Escape, and navigate with Arrow Keys\">\n\t\t\t\t\t\t<details id=\"e-n-accordion-item-1920\" class=\"e-n-accordion-item\" >\n\t\t\t\t<summary class=\"e-n-accordion-item-title\" data-accordion-index=\"1\" tabindex=\"0\" aria-expanded=\"false\" aria-controls=\"e-n-accordion-item-1920\" >\n\t\t\t\t\t<span class='e-n-accordion-item-title-header'><div class=\"e-n-accordion-item-title-text\"> Atestado <\/div><\/span>\n\t\t\t\t\t\t\t<span class='e-n-accordion-item-title-icon'>\n\t\t\t<span class='e-opened' ><svg aria-hidden=\"true\" class=\"e-font-icon-svg e-fas-angle-down\" viewBox=\"0 0 320 512\" xmlns=\"http:\/\/www.w3.org\/2000\/svg\"><path d=\"M143 352.3L7 216.3c-9.4-9.4-9.4-24.6 0-33.9l22.6-22.6c9.4-9.4 24.6-9.4 33.9 0l96.4 96.4 96.4-96.4c9.4-9.4 24.6-9.4 33.9 0l22.6 22.6c9.4 9.4 9.4 24.6 0 33.9l-136 136c-9.2 9.4-24.4 9.4-33.8 0z\"><\/path><\/svg><\/span>\n\t\t\t<span class='e-closed'><svg aria-hidden=\"true\" class=\"e-font-icon-svg e-fas-angle-right\" viewBox=\"0 0 256 512\" xmlns=\"http:\/\/www.w3.org\/2000\/svg\"><path d=\"M224.3 273l-136 136c-9.4 9.4-24.6 9.4-33.9 0l-22.6-22.6c-9.4-9.4-9.4-24.6 0-33.9l96.4-96.4-96.4-96.4c-9.4-9.4-9.4-24.6 0-33.9L54.3 103c9.4-9.4 24.6-9.4 33.9 0l136 136c9.5 9.4 9.5 24.6.1 34z\"><\/path><\/svg><\/span>\n\t\t<\/span>\n\n\t\t\t\t\t\t<\/summary>\n\t\t\t\t<div role=\"region\" aria-labelledby=\"e-n-accordion-item-1920\" class=\"elementor-element elementor-element-ee04756 e-con-full e-flex e-con e-child\" data-id=\"ee04756\" data-element_type=\"container\" data-e-type=\"container\">\n\t\t\t\t<div class=\"elementor-element elementor-element-c442913 elementor-widget elementor-widget-text-editor\" data-id=\"c442913\" data-element_type=\"widget\" data-e-type=\"widget\" data-widget_type=\"text-editor.default\">\n\t\t\t\t\t\t\t\t\t<ul><li><p>Em cada m\u00eas civil poder\u00e3o ser abonadas at\u00e9 3 (tr\u00eas) faltas do servidor, desde que devidamente justificadas por atestado m\u00e9dico e n\u00e3o excedam a 24 (vinte e quatro) horas no m\u00eas e a 18 (dezoito) faltas em cada exerc\u00edcio.\u00a0<\/p><p>O atestado m\u00e9dico que prescinda de homologa\u00e7\u00e3o pela Junta M\u00e9dica Oficial do Estado dever\u00e1 ser apresentado \u00e0 chefia imediata no prazo m\u00e1ximo de 5 (cinco) dias contados da data do in\u00edcio do afastamento do servidor.\u00a0<\/p><p>Ultrapassado este limite, os atestados m\u00e9dicos particulares dever\u00e3o ser submetidos \u00e0 Junta M\u00e9dica Oficial do Estado.<\/p><p>Saiba mais<br \/><a href=\"https:\/\/goias.gov.br\/administracao\/licencas-e-afastamentos\/\">goias.gov.br\/administracao<\/a><\/p><p>Lei \/ Normativa:<\/p><p>&#8211; Lei n\u00ba 20.756\/2020 \u2013 Art. 83 , \u00a7 5\u00ba e \u00a7 6\u00ba<br \/><a href=\"https:\/\/legisla.casacivil.go.gov.br\/pesquisa_legislacao\/100979\/lei-20756\">legisla.casacivil.go.gov.br<\/a><\/p><\/li><\/ul>\t\t\t\t\t\t\t\t<\/div>\n\t\t\t\t<\/div>\n\t\t\t\t\t<\/details>\n\t\t\t\t\t\t<details id=\"e-n-accordion-item-1921\" class=\"e-n-accordion-item\" >\n\t\t\t\t<summary class=\"e-n-accordion-item-title\" data-accordion-index=\"2\" tabindex=\"-1\" aria-expanded=\"false\" aria-controls=\"e-n-accordion-item-1921\" >\n\t\t\t\t\t<span class='e-n-accordion-item-title-header'><div class=\"e-n-accordion-item-title-text\"> Licen\u00e7a M\u00e9dica <\/div><\/span>\n\t\t\t\t\t\t\t<span class='e-n-accordion-item-title-icon'>\n\t\t\t<span class='e-opened' ><svg aria-hidden=\"true\" class=\"e-font-icon-svg e-fas-angle-down\" viewBox=\"0 0 320 512\" xmlns=\"http:\/\/www.w3.org\/2000\/svg\"><path d=\"M143 352.3L7 216.3c-9.4-9.4-9.4-24.6 0-33.9l22.6-22.6c9.4-9.4 24.6-9.4 33.9 0l96.4 96.4 96.4-96.4c9.4-9.4 24.6-9.4 33.9 0l22.6 22.6c9.4 9.4 9.4 24.6 0 33.9l-136 136c-9.2 9.4-24.4 9.4-33.8 0z\"><\/path><\/svg><\/span>\n\t\t\t<span class='e-closed'><svg aria-hidden=\"true\" class=\"e-font-icon-svg e-fas-angle-right\" viewBox=\"0 0 256 512\" xmlns=\"http:\/\/www.w3.org\/2000\/svg\"><path d=\"M224.3 273l-136 136c-9.4 9.4-24.6 9.4-33.9 0l-22.6-22.6c-9.4-9.4-9.4-24.6 0-33.9l96.4-96.4-96.4-96.4c-9.4-9.4-9.4-24.6 0-33.9L54.3 103c9.4-9.4 24.6-9.4 33.9 0l136 136c9.5 9.4 9.5 24.6.1 34z\"><\/path><\/svg><\/span>\n\t\t<\/span>\n\n\t\t\t\t\t\t<\/summary>\n\t\t\t\t<div role=\"region\" aria-labelledby=\"e-n-accordion-item-1921\" class=\"elementor-element elementor-element-f7d295b e-con-full e-flex e-con e-child\" data-id=\"f7d295b\" data-element_type=\"container\" data-e-type=\"container\">\n\t\t\t\t<div class=\"elementor-element elementor-element-fd7acf9 elementor-widget elementor-widget-text-editor\" data-id=\"fd7acf9\" data-element_type=\"widget\" data-e-type=\"widget\" data-widget_type=\"text-editor.default\">\n\t\t\t\t\t\t\t\t\t<ul><li><p>Ap\u00f3s o limite de 3 faltas por m\u00eas e\/ou 18 por ano abonadas pela apresenta\u00e7\u00e3o de atestado m\u00e9dico, o servidor deve passar por per\u00edcia m\u00e9dica na Junta M\u00e9dica Oficial do Estado de Goi\u00e1s.<\/p><p>A per\u00edcia m\u00e9dica oficial do Estado dever\u00e1 ser solicitada obrigatoriamente pelo servidor ou por representante ou procurador, no prazo de 10 (dez) dias \u00fateis contados da data de in\u00edcio de seu afastamento.\u00a0<\/p><p>Saiba mais\u00a0\u00a0 \u00a0<br \/><a href=\"https:\/\/goias.gov.br\/administracao\/licencas-e-afastamentos\/\">goias.gov.br\/administracao<\/a><\/p><p>Lei \/ Normativa:<\/p><p>&#8211; \u00a0Decreto 9802\/2021 &#8211; \u00a0Art. 34<br \/><a href=\"https:\/\/legisla.casacivil.go.gov.br\/pesquisa_legislacao\/103717\/decreto-9802\">legisla.casacivil.go.gov.br<\/a><\/p><\/li><\/ul>\t\t\t\t\t\t\t\t<\/div>\n\t\t\t\t<\/div>\n\t\t\t\t\t<\/details>\n\t\t\t\t\t\t<details id=\"e-n-accordion-item-1922\" class=\"e-n-accordion-item\" >\n\t\t\t\t<summary class=\"e-n-accordion-item-title\" data-accordion-index=\"3\" tabindex=\"-1\" aria-expanded=\"false\" aria-controls=\"e-n-accordion-item-1922\" >\n\t\t\t\t\t<span class='e-n-accordion-item-title-header'><div class=\"e-n-accordion-item-title-text\"> Servidor Estatut\u00e1rio <\/div><\/span>\n\t\t\t\t\t\t\t<span class='e-n-accordion-item-title-icon'>\n\t\t\t<span class='e-opened' ><svg aria-hidden=\"true\" class=\"e-font-icon-svg e-fas-angle-down\" viewBox=\"0 0 320 512\" xmlns=\"http:\/\/www.w3.org\/2000\/svg\"><path d=\"M143 352.3L7 216.3c-9.4-9.4-9.4-24.6 0-33.9l22.6-22.6c9.4-9.4 24.6-9.4 33.9 0l96.4 96.4 96.4-96.4c9.4-9.4 24.6-9.4 33.9 0l22.6 22.6c9.4 9.4 9.4 24.6 0 33.9l-136 136c-9.2 9.4-24.4 9.4-33.8 0z\"><\/path><\/svg><\/span>\n\t\t\t<span class='e-closed'><svg aria-hidden=\"true\" class=\"e-font-icon-svg e-fas-angle-right\" viewBox=\"0 0 256 512\" xmlns=\"http:\/\/www.w3.org\/2000\/svg\"><path d=\"M224.3 273l-136 136c-9.4 9.4-24.6 9.4-33.9 0l-22.6-22.6c-9.4-9.4-9.4-24.6 0-33.9l96.4-96.4-96.4-96.4c-9.4-9.4-9.4-24.6 0-33.9L54.3 103c9.4-9.4 24.6-9.4 33.9 0l136 136c9.5 9.4 9.5 24.6.1 34z\"><\/path><\/svg><\/span>\n\t\t<\/span>\n\n\t\t\t\t\t\t<\/summary>\n\t\t\t\t<div role=\"region\" aria-labelledby=\"e-n-accordion-item-1922\" class=\"elementor-element elementor-element-eccf23c e-con-full e-flex e-con e-child\" data-id=\"eccf23c\" data-element_type=\"container\" data-e-type=\"container\">\n\t\t\t\t<div class=\"elementor-element elementor-element-5a37829 elementor-widget elementor-widget-text-editor\" data-id=\"5a37829\" data-element_type=\"widget\" data-e-type=\"widget\" data-widget_type=\"text-editor.default\">\n\t\t\t\t\t\t\t\t\t<ul><li><p>Licen\u00e7a que o servidor faz jus quando acometido de doen\u00e7a que n\u00e3o lhe permita exercer as atividades do cargo, sendo poss\u00edvel sua concess\u00e3o a pedido ou de of\u00edcio, mediante per\u00edcia m\u00e9dica oficial, sem preju\u00edzo de sua remunera\u00e7\u00e3o.\u00a0<\/p><p>Saiba Mais<br \/><a href=\"https:\/\/goias.gov.br\/administracao\/licencas-e-afastamentos\/\">goias.gov.br\/administracao<\/a><\/p><\/li><\/ul>\t\t\t\t\t\t\t\t<\/div>\n\t\t\t\t<\/div>\n\t\t\t\t\t<\/details>\n\t\t\t\t\t\t<details id=\"e-n-accordion-item-1923\" class=\"e-n-accordion-item\" >\n\t\t\t\t<summary class=\"e-n-accordion-item-title\" data-accordion-index=\"4\" tabindex=\"-1\" aria-expanded=\"false\" aria-controls=\"e-n-accordion-item-1923\" >\n\t\t\t\t\t<span class='e-n-accordion-item-title-header'><div class=\"e-n-accordion-item-title-text\"> Servidor Comissionado, Celetista e Contratado Temporariamente <\/div><\/span>\n\t\t\t\t\t\t\t<span class='e-n-accordion-item-title-icon'>\n\t\t\t<span class='e-opened' ><svg aria-hidden=\"true\" class=\"e-font-icon-svg e-fas-angle-down\" viewBox=\"0 0 320 512\" xmlns=\"http:\/\/www.w3.org\/2000\/svg\"><path d=\"M143 352.3L7 216.3c-9.4-9.4-9.4-24.6 0-33.9l22.6-22.6c9.4-9.4 24.6-9.4 33.9 0l96.4 96.4 96.4-96.4c9.4-9.4 24.6-9.4 33.9 0l22.6 22.6c9.4 9.4 9.4 24.6 0 33.9l-136 136c-9.2 9.4-24.4 9.4-33.8 0z\"><\/path><\/svg><\/span>\n\t\t\t<span class='e-closed'><svg aria-hidden=\"true\" class=\"e-font-icon-svg e-fas-angle-right\" viewBox=\"0 0 256 512\" xmlns=\"http:\/\/www.w3.org\/2000\/svg\"><path d=\"M224.3 273l-136 136c-9.4 9.4-24.6 9.4-33.9 0l-22.6-22.6c-9.4-9.4-9.4-24.6 0-33.9l96.4-96.4-96.4-96.4c-9.4-9.4-9.4-24.6 0-33.9L54.3 103c9.4-9.4 24.6-9.4 33.9 0l136 136c9.5 9.4 9.5 24.6.1 34z\"><\/path><\/svg><\/span>\n\t\t<\/span>\n\n\t\t\t\t\t\t<\/summary>\n\t\t\t\t<div role=\"region\" aria-labelledby=\"e-n-accordion-item-1923\" class=\"elementor-element elementor-element-f3021c8 e-con-full e-flex e-con e-child\" data-id=\"f3021c8\" data-element_type=\"container\" data-e-type=\"container\">\n\t\t\t\t<div class=\"elementor-element elementor-element-28f3270 elementor-widget elementor-widget-text-editor\" data-id=\"28f3270\" data-element_type=\"widget\" data-e-type=\"widget\" data-widget_type=\"text-editor.default\">\n\t\t\t\t\t\t\t\t\t<ul><li><p>At\u00e9 15 dias: Os servidores comissionados e empregados p\u00fablicos poder\u00e3o ter a licen\u00e7a m\u00e9dica concedida pela Ger\u00eancia de Qualidade de Vida Ocupacional, concedida entre o 4\u00ba e o 15\u00ba dia do afastamento. Saiba Mais<br \/><a href=\"https:\/\/goias.gov.br\/administracao\/licencas-e-afastamentos\/\">goias.gov.br\/administracao<\/a><\/p><p>Superior a 15 dias: Para afastamentos superiores a 15 dias o colaborador dever\u00e1 agendar per\u00edcia m\u00e9dica junto ao INSS pelo n\u00famero 135 ou pelo site\u00a0<a href=\"https:\/\/meu.inss.gov.br\/\">meu.inss.gov.br<\/a>\/\u00a0<a href=\"https:\/\/meu.inss.gov.br\/\">meu.inss.gov.br\/<\/a><\/p><\/li><\/ul>\t\t\t\t\t\t\t\t<\/div>\n\t\t\t\t<\/div>\n\t\t\t\t\t<\/details>\n\t\t\t\t\t\t<details id=\"e-n-accordion-item-1924\" class=\"e-n-accordion-item\" >\n\t\t\t\t<summary class=\"e-n-accordion-item-title\" data-accordion-index=\"5\" tabindex=\"-1\" aria-expanded=\"false\" aria-controls=\"e-n-accordion-item-1924\" >\n\t\t\t\t\t<span class='e-n-accordion-item-title-header'><div class=\"e-n-accordion-item-title-text\"> Declara\u00e7\u00e3o <\/div><\/span>\n\t\t\t\t\t\t\t<span class='e-n-accordion-item-title-icon'>\n\t\t\t<span class='e-opened' ><svg aria-hidden=\"true\" class=\"e-font-icon-svg e-fas-angle-down\" viewBox=\"0 0 320 512\" xmlns=\"http:\/\/www.w3.org\/2000\/svg\"><path d=\"M143 352.3L7 216.3c-9.4-9.4-9.4-24.6 0-33.9l22.6-22.6c9.4-9.4 24.6-9.4 33.9 0l96.4 96.4 96.4-96.4c9.4-9.4 24.6-9.4 33.9 0l22.6 22.6c9.4 9.4 9.4 24.6 0 33.9l-136 136c-9.2 9.4-24.4 9.4-33.8 0z\"><\/path><\/svg><\/span>\n\t\t\t<span class='e-closed'><svg aria-hidden=\"true\" class=\"e-font-icon-svg e-fas-angle-right\" viewBox=\"0 0 256 512\" xmlns=\"http:\/\/www.w3.org\/2000\/svg\"><path d=\"M224.3 273l-136 136c-9.4 9.4-24.6 9.4-33.9 0l-22.6-22.6c-9.4-9.4-9.4-24.6 0-33.9l96.4-96.4-96.4-96.4c-9.4-9.4-9.4-24.6 0-33.9L54.3 103c9.4-9.4 24.6-9.4 33.9 0l136 136c9.5 9.4 9.5 24.6.1 34z\"><\/path><\/svg><\/span>\n\t\t<\/span>\n\n\t\t\t\t\t\t<\/summary>\n\t\t\t\t<div role=\"region\" aria-labelledby=\"e-n-accordion-item-1924\" class=\"elementor-element elementor-element-4a89272 e-con-full e-flex e-con e-child\" data-id=\"4a89272\" data-element_type=\"container\" data-e-type=\"container\">\n\t\t\t\t<div class=\"elementor-element elementor-element-3f6b0ab elementor-widget elementor-widget-text-editor\" data-id=\"3f6b0ab\" data-element_type=\"widget\" data-e-type=\"widget\" data-widget_type=\"text-editor.default\">\n\t\t\t\t\t\t\t\t\t<ul><li><p>Poder\u00e3o ser tamb\u00e9m abonados, desde que justificados e devidamente comprovados, os afastamentos do servidor motivados por: comparecimento a consulta m\u00e9dica, odontol\u00f3gica ou a outro profissional da sa\u00fade; comparecimento para atendimento em unidade hospitalar ou ambulatorial, submiss\u00e3o a sess\u00f5es de tratamento de sa\u00fade cont\u00ednuo, bem como realiza\u00e7\u00e3o de exames prescritos por profissional habilitado; acompanhamento de dependentes legais, c\u00f4njuge ou companheiro, filhos e pais em consulta m\u00e9dica, odontol\u00f3gica ou a outro profissional da sa\u00fade, bem como em atendimento em unidade hospitalar ou ambulatorial e realiza\u00e7\u00e3o de exames prescritos por profissional habilitado, quando necess\u00e1rio;<\/p><p>Os eventos acima poder\u00e3o ser justificados, dentro do m\u00eas das ocorr\u00eancias, at\u00e9 o limite de horas correspondente \u00e0 jornada di\u00e1ria de trabalho do servidor, ou seja 6 ou 8h, obrigando-se este a comunicar, previamente, ao superior hier\u00e1rquico a data dos eventos.\u00a0<\/p><p>Lei \/ Normativa:<\/p><p>&#8211; Decreto n\u00ba 8.465\/2015 &#8211; Art. 9\u00ba\u00a0<br \/><a href=\"https:\/\/www.desenvolvimento.go.gov.br\/images\/imagens_migradas\/upload\/arquivos\/2018-02\/decreto-no_-8_465-de-05-de-outubro-de-de-2015.pdf\">www.desenvolvimento.go.gov.br<\/a><\/p><\/li><\/ul>\t\t\t\t\t\t\t\t<\/div>\n\t\t\t\t<\/div>\n\t\t\t\t\t<\/details>\n\t\t\t\t\t<\/div>\n\t\t\t\t\t\t<\/div>\n\t\t\t\t\t<\/div>\n\t\t\t\t<\/div>\n\t\t\t\t<\/div>\n\t\t","protected":false},"excerpt":{"rendered":"<p>Atestado Em cada m\u00eas civil poder\u00e3o ser abonadas at\u00e9 3 (tr\u00eas) faltas do servidor, desde que devidamente justificadas por atestado m\u00e9dico e n\u00e3o excedam a 24 (vinte e quatro) horas no m\u00eas e a 18 (dezoito) faltas em cada exerc\u00edcio.\u00a0 O atestado m\u00e9dico que prescinda de homologa\u00e7\u00e3o pela Junta M\u00e9dica Oficial do Estado dever\u00e1 ser [&hellip;]<\/p>\n","protected":false},"author":77,"featured_media":0,"parent":0,"menu_order":0,"comment_status":"closed","ping_status":"closed","template":"","meta":{"footnotes":""},"class_list":["post-35610","page","type-page","status-publish","hentry"],"rttpg_featured_image_url":null,"rttpg_author":{"display_name":"barbaragodoy","author_link":"https:\/\/goias.gov.br\/agr\/author\/barbaragodoy\/"},"rttpg_comment":0,"rttpg_category":null,"rttpg_excerpt":"Atestado Em cada m\u00eas civil poder\u00e3o ser abonadas at\u00e9 3 (tr\u00eas) faltas do servidor, desde que devidamente justificadas por atestado m\u00e9dico e n\u00e3o excedam a 24 (vinte e quatro) horas no m\u00eas e a 18 (dezoito) faltas em cada exerc\u00edcio.\u00a0 O atestado m\u00e9dico que prescinda de homologa\u00e7\u00e3o pela Junta M\u00e9dica Oficial do Estado dever\u00e1 ser&hellip;","_links":{"self":[{"href":"https:\/\/goias.gov.br\/agr\/wp-json\/wp\/v2\/pages\/35610","targetHints":{"allow":["GET"]}}],"collection":[{"href":"https:\/\/goias.gov.br\/agr\/wp-json\/wp\/v2\/pages"}],"about":[{"href":"https:\/\/goias.gov.br\/agr\/wp-json\/wp\/v2\/types\/page"}],"author":[{"embeddable":true,"href":"https:\/\/goias.gov.br\/agr\/wp-json\/wp\/v2\/users\/77"}],"replies":[{"embeddable":true,"href":"https:\/\/goias.gov.br\/agr\/wp-json\/wp\/v2\/comments?post=35610"}],"version-history":[{"count":2,"href":"https:\/\/goias.gov.br\/agr\/wp-json\/wp\/v2\/pages\/35610\/revisions"}],"predecessor-version":[{"id":279734,"href":"https:\/\/goias.gov.br\/agr\/wp-json\/wp\/v2\/pages\/35610\/revisions\/279734"}],"wp:attachment":[{"href":"https:\/\/goias.gov.br\/agr\/wp-json\/wp\/v2\/media?parent=35610"}],"curies":[{"name":"wp","href":"https:\/\/api.w.org\/{rel}","templated":true}]}}