

{"id":35608,"date":"2023-01-10T23:36:18","date_gmt":"2023-01-11T02:36:18","guid":{"rendered":"https:\/\/wwwdesenv.joomlamultidesenv.go.gov.br\/agr\/?page_id=30353"},"modified":"2025-12-15T09:35:17","modified_gmt":"2025-12-15T12:35:17","slug":"fiscalizacao","status":"publish","type":"page","link":"https:\/\/goias.gov.br\/agr\/fiscalizacao\/","title":{"rendered":"Fiscaliza\u00e7\u00e3o"},"content":{"rendered":"\t\t<div data-elementor-type=\"wp-page\" data-elementor-id=\"35608\" class=\"elementor elementor-35608\">\n\t\t\t\t<div class=\"elementor-element elementor-element-160b42d e-flex e-con-boxed e-con e-parent\" data-id=\"160b42d\" data-element_type=\"container\" data-e-type=\"container\">\n\t\t\t\t\t<div class=\"e-con-inner\">\n\t\t\t\t<div class=\"elementor-element elementor-element-f749bd1 elementor-widget elementor-widget-n-accordion\" data-id=\"f749bd1\" data-element_type=\"widget\" data-e-type=\"widget\" data-settings=\"{&quot;default_state&quot;:&quot;all_collapsed&quot;,&quot;max_items_expended&quot;:&quot;one&quot;,&quot;n_accordion_animation_duration&quot;:{&quot;unit&quot;:&quot;ms&quot;,&quot;size&quot;:400,&quot;sizes&quot;:[]}}\" data-widget_type=\"nested-accordion.default\">\n\t\t\t\t\t\t\t<div class=\"e-n-accordion\" aria-label=\"Accordion. Open links with Enter or Space, close with Escape, and navigate with Arrow Keys\">\n\t\t\t\t\t\t<details id=\"e-n-accordion-item-2590\" class=\"e-n-accordion-item\" >\n\t\t\t\t<summary class=\"e-n-accordion-item-title\" data-accordion-index=\"1\" tabindex=\"0\" aria-expanded=\"false\" aria-controls=\"e-n-accordion-item-2590\" >\n\t\t\t\t\t<span class='e-n-accordion-item-title-header'><div class=\"e-n-accordion-item-title-text\"> Fiscaliza\u00e7\u00e3o da Distribui\u00e7\u00e3o <\/div><\/span>\n\t\t\t\t\t\t\t<span class='e-n-accordion-item-title-icon'>\n\t\t\t<span class='e-opened' ><svg aria-hidden=\"true\" class=\"e-font-icon-svg e-fas-angle-double-down\" viewBox=\"0 0 320 512\" xmlns=\"http:\/\/www.w3.org\/2000\/svg\"><path d=\"M143 256.3L7 120.3c-9.4-9.4-9.4-24.6 0-33.9l22.6-22.6c9.4-9.4 24.6-9.4 33.9 0l96.4 96.4 96.4-96.4c9.4-9.4 24.6-9.4 33.9 0L313 86.3c9.4 9.4 9.4 24.6 0 33.9l-136 136c-9.4 9.5-24.6 9.5-34 .1zm34 192l136-136c9.4-9.4 9.4-24.6 0-33.9l-22.6-22.6c-9.4-9.4-24.6-9.4-33.9 0L160 352.1l-96.4-96.4c-9.4-9.4-24.6-9.4-33.9 0L7 278.3c-9.4 9.4-9.4 24.6 0 33.9l136 136c9.4 9.5 24.6 9.5 34 .1z\"><\/path><\/svg><\/span>\n\t\t\t<span class='e-closed'><svg aria-hidden=\"true\" class=\"e-font-icon-svg e-fas-angle-double-right\" viewBox=\"0 0 448 512\" xmlns=\"http:\/\/www.w3.org\/2000\/svg\"><path d=\"M224.3 273l-136 136c-9.4 9.4-24.6 9.4-33.9 0l-22.6-22.6c-9.4-9.4-9.4-24.6 0-33.9l96.4-96.4-96.4-96.4c-9.4-9.4-9.4-24.6 0-33.9L54.3 103c9.4-9.4 24.6-9.4 33.9 0l136 136c9.5 9.4 9.5 24.6.1 34zm192-34l-136-136c-9.4-9.4-24.6-9.4-33.9 0l-22.6 22.6c-9.4 9.4-9.4 24.6 0 33.9l96.4 96.4-96.4 96.4c-9.4 9.4-9.4 24.6 0 33.9l22.6 22.6c9.4 9.4 24.6 9.4 33.9 0l136-136c9.4-9.2 9.4-24.4 0-33.8z\"><\/path><\/svg><\/span>\n\t\t<\/span>\n\n\t\t\t\t\t\t<\/summary>\n\t\t\t\t<div role=\"region\" aria-labelledby=\"e-n-accordion-item-2590\" class=\"elementor-element elementor-element-25cd238 e-con-full e-flex e-con e-child\" data-id=\"25cd238\" data-element_type=\"container\" data-e-type=\"container\">\n\t\t\t\t<div class=\"elementor-element elementor-element-de6e461 elementor-widget elementor-widget-text-editor\" data-id=\"de6e461\" data-element_type=\"widget\" data-e-type=\"widget\" data-widget_type=\"text-editor.default\">\n\t\t\t\t\t\t\t\t\t<p><span class=\"TextRun SCXP117735566 BCX0\" lang=\"PT-BR\" xml:lang=\"PT-BR\" data-usefontface=\"false\" data-contrast=\"none\"><span class=\"NormalTextRun SCXP117735566 BCX0\"><span class=\"TextRun SCXP142949723 BCX0\" lang=\"PT-BR\" xml:lang=\"PT-BR\" data-usefontface=\"false\" data-contrast=\"none\"><span class=\"NormalTextRun SCXP142949723 BCX0\">A fiscaliza\u00e7\u00e3o tem por objetivo o cumprimento do contrato de concess\u00e3o e das normas do setor el\u00e9trico, buscando <\/span><\/span><span class=\"TextRun SCXP142949723 BCX0\" lang=\"PT-BR\" xml:lang=\"PT-BR\" data-usefontface=\"false\" data-contrast=\"none\"><span class=\"NormalTextRun SCXP142949723 BCX0\">assegurar a adequada presta\u00e7\u00e3o do servi\u00e7o p\u00fablico de fornecimento de energia el\u00e9trica pelas distribuidoras de <\/span><\/span><span class=\"TextRun SCXP142949723 BCX0\" lang=\"PT-BR\" xml:lang=\"PT-BR\" data-usefontface=\"false\" data-contrast=\"none\"><span class=\"NormalTextRun SCXP142949723 BCX0\">energia el\u00e9trica instaladas no estado de Goi\u00e1s. Destaca-se que o processo fiscalizat\u00f3rio segue os princ\u00edpios da<\/span><\/span>\u00a0<a href=\"https:\/\/www.gov.br\/aneel\/pt-br\/assuntos\/distribuicao\/fiscalizacao\" target=\"_blank\" rel=\"noopener\">Regula\u00e7\u00e3o Responsiva.<\/a><\/span><\/span><\/p><ul><li><p><strong>Distribuidoras de Energia:<\/strong><\/p><\/li><\/ul><p style=\"text-align: center;\"><strong><span class=\"TextRun SCXP144886877 BCX0\" lang=\"PT-BR\" style=\"font-size: 24pt;\" xml:lang=\"PT-BR\" data-usefontface=\"false\" data-contrast=\"none\"><span class=\"NormalTextRun SCXP144886877 BCX0\">Distribui\u00e7\u00e3o de energia el\u00e9trica no estado de Goi\u00e1s<\/span><\/span><\/strong><span class=\"EOP SCXP144886877 BCX0\">\u200b<\/span><\/p><p><img fetchpriority=\"high\" decoding=\"async\" class=\"alignnone size-full wp-image-147576\" src=\"https:\/\/goias.gov.br\/agr\/wp-content\/uploads\/sites\/43\/2025\/01\/MAPA_DE_AREA-2025.jpg\" alt=\"\" width=\"1920\" height=\"1219\" srcset=\"https:\/\/goias.gov.br\/agr\/wp-content\/uploads\/sites\/43\/2025\/01\/MAPA_DE_AREA-2025.jpg 1920w, https:\/\/goias.gov.br\/agr\/wp-content\/uploads\/sites\/43\/2025\/01\/MAPA_DE_AREA-2025-300x190.jpg 300w, https:\/\/goias.gov.br\/agr\/wp-content\/uploads\/sites\/43\/2025\/01\/MAPA_DE_AREA-2025-1024x650.jpg 1024w, https:\/\/goias.gov.br\/agr\/wp-content\/uploads\/sites\/43\/2025\/01\/MAPA_DE_AREA-2025-768x488.jpg 768w, https:\/\/goias.gov.br\/agr\/wp-content\/uploads\/sites\/43\/2025\/01\/MAPA_DE_AREA-2025-1536x975.jpg 1536w\" sizes=\"(max-width: 1920px) 100vw, 1920px\" \/><\/p><ul><li><p><strong>Tabela de Fiscaliza\u00e7\u00f5es e Penalidades:<\/strong><\/p><\/li><\/ul><table border=\"1\" cellspacing=\"1\" cellpadding=\"1\" align=\"center\"><tbody><tr><td><strong>Termo de Notifica\u00e7\u00e3o<\/strong><\/td><td><strong>Fiscaliza\u00e7\u00e3o<\/strong><\/td><td><strong>Instru\u00e7\u00e3o do Processo Decis\u00f3rio<\/strong><\/td><td><strong>Exposi\u00e7\u00e3o de motivos<\/strong><\/td><td><strong>Penalidade Aplicada<\/strong><\/td><\/tr><tr><td>TN 0002\/2017<\/td><td>Indicadores comerciais DER e FER<\/td><td><a href=\"https:\/\/goias.gov.br\/agr\/wp-content\/uploads\/sites\/43\/files\/docs\/Energia\/2019\/Outros\/AI_0001_2018_AGR_SFE_DER_e_FER_CELG_D.pdf\">AI-0001\/2018<\/a><\/td><td><a href=\"https:\/\/goias.gov.br\/agr\/wp-content\/uploads\/sites\/43\/files\/docs\/Energia\/2019\/Outros\/EM_0001_2018_AGR_DER_e_FER-1.pdf\">EM-0001\/2018<\/a><\/td><td>R$ 1.184.775,94<\/td><\/tr><tr><td>TN 0001\/2018<\/td><td>Ocorr\u00eancia em subesta\u00e7\u00f5es<\/td><td><a href=\"https:\/\/goias.gov.br\/agr\/wp-content\/uploads\/sites\/43\/files\/docs\/Energia\/2019\/Outros\/AI_0002_2018_AGR_SFE_ENEL_Ocorrencias-1.pdf\">AI-0002\/2018<\/a><\/td><td><a href=\"https:\/\/goias.gov.br\/agr\/wp-content\/uploads\/sites\/43\/files\/docs\/Energia\/2019\/Outros\/EM_0002_2018_Ocorrencias_Enel_GO.pdf\">EM-0002\/2018<\/a><\/td><td>R$ 4.699.723,81<\/td><\/tr><tr><td>TN 1001\/2018<\/td><td>Fiscaliza\u00e7\u00e3o T\u00e9cnica<\/td><td><a href=\"https:\/\/goias.gov.br\/agr\/wp-content\/uploads\/sites\/43\/files\/docs\/Energia\/2019\/Outros\/AI_n_0001_de_2019_AGR_SFE.pdf\">AI-0001\/2019<\/a><\/td><td><a href=\"https:\/\/goias.gov.br\/agr\/wp-content\/uploads\/sites\/43\/files\/docs\/Energia\/2019\/Outros\/EM_001_2019_Tecnica.pdf\">EM-0001\/2019<\/a><\/td><td>R$ 7.915.238,22<\/td><\/tr><tr><td>TN 0001\/2019<\/td><td>Procedimentos de Acesso<\/td><td><a href=\"https:\/\/goias.gov.br\/agr\/wp-content\/uploads\/sites\/43\/files\/docs\/Energia\/2019\/Outros\/AI_n_0002_de_2019_AGR_SFE.pdf\">AI-0002\/2019<\/a><\/td><td><a href=\"https:\/\/goias.gov.br\/agr\/wp-content\/uploads\/sites\/43\/files\/docs\/Energia\/2019\/Outros\/EM_0002_2019_Pedidos_de_Acessos.pdf\">EM-0002\/2019<\/a><\/td><td>R$ 5.553.907,12<\/td><\/tr><tr><td>TN 0002\/2019<\/td><td>Indicado de Continuidade Individual<\/td><td><a href=\"https:\/\/goias.gov.br\/agr\/wp-content\/uploads\/sites\/43\/files\/docs\/Energia\/2019\/Outros\/AI_n_0003_2019_AGR_SFE.pdf\">AI-0003\/2019<\/a><\/td><td><a href=\"https:\/\/goias.gov.br\/agr\/wp-content\/uploads\/sites\/43\/files\/docs\/Energia\/2019\/Outros\/EM_0003_2019_Fiscalizacao_ICI_CHESP.pdf\">EM-0003\/2019<\/a><\/td><td>R$ 4.563,20<\/td><\/tr><tr><td>TN 0003\/2019<\/td><td>Fiscaliza\u00e7\u00e3o Comercial<\/td><td><a href=\"https:\/\/goias.gov.br\/agr\/wp-content\/uploads\/sites\/43\/files\/docs\/Energia\/2019\/Outros\/AI_n_0004_de_2019_AGR_SFE.pdf\">AI-0004\/2019<\/a><\/td><td><a href=\"https:\/\/goias.gov.br\/agr\/wp-content\/uploads\/sites\/43\/files\/docs\/Energia\/2019\/Outros\/EM_004_2019_Comercial_EDG.pdf\">EM-0004\/2019<\/a><\/td><td>R$ 62.115.208,17<\/td><\/tr><tr><td>TN 0004\/2019<\/td><td>Fiscaliza\u00e7\u00e3o T\u00e9cnica<\/td><td><a href=\"https:\/\/goias.gov.br\/agr\/wp-content\/uploads\/sites\/43\/files\/docs\/Energia\/2020\/Outros\/AI-0001-2020-AGR-SFE.pdf\">AI-0001\/2020<\/a><\/td><td><a href=\"https:\/\/goias.gov.br\/agr\/wp-content\/uploads\/sites\/43\/files\/docs\/Energia\/2020\/Outros\/EM_001_2020_Tecnica_ENEL.pdf\">EM-0001\/2020<\/a><\/td><td>R$ 44.171.530,87<\/td><\/tr><tr><td>TN 0001\/2022<\/td><td>Fiscaliza\u00e7\u00e3o T\u00e9cnica<\/td><td><a href=\"https:\/\/goias.gov.br\/agr\/wp-content\/uploads\/sites\/43\/files\/docs\/Energia\/2022\/AI-001-de-2022-AGR-SFE.pdf\">AI-0001\/2022<\/a><\/td><td><a href=\"https:\/\/goias.gov.br\/agr\/wp-content\/uploads\/sites\/43\/files\/docs\/Energia\/2022\/EM-001-2022-Tecnica-ENEL.pdf\">EM-0001\/2022<\/a><\/td><td>R$ 27.314.902,36<\/td><\/tr><tr><td><p>TN 0001\/2024\u00a0<\/p><p>TN 0002\/2024<\/p><\/td><td>Fiscaliza\u00e7\u00e3o T\u00e9cnica e Comercial<\/td><td><a href=\"https:\/\/goias.gov.br\/agr\/wp-content\/uploads\/sites\/43\/2025\/06\/AI-no-0001-de-2024-AGR-SFT.pdf\">AI-0001\/2024<\/a><\/td><td><a href=\"https:\/\/goias.gov.br\/agr\/wp-content\/uploads\/sites\/43\/2025\/06\/EM-001-Tecnica_Comercial-2024-EQTL-GO.pdf\">EM 0001\/2024<\/a><\/td><td>R$ 43.950.278,90<\/td><\/tr><tr><td><p>TN 0003\/2024<\/p><\/td><td>Ocorr\u00eancia SE Caraj\u00e1s<\/td><td><a href=\"https:\/\/goias.gov.br\/agr\/wp-content\/uploads\/sites\/43\/2025\/06\/AI-no-0002-de-2024-AGR-SFT.pdf\">AI-0002\/2024<\/a><\/td><td><a href=\"https:\/\/goias.gov.br\/agr\/wp-content\/uploads\/sites\/43\/2025\/06\/EM-002-2024-Ocorrencia-Carajas.pdf\">EM 0002\/2024<\/a><\/td><td>R$ 35.457.563,00<\/td><\/tr><\/tbody><\/table>\t\t\t\t\t\t\t\t<\/div>\n\t\t\t\t<\/div>\n\t\t\t\t\t<\/details>\n\t\t\t\t\t\t<details id=\"e-n-accordion-item-2591\" class=\"e-n-accordion-item\" >\n\t\t\t\t<summary class=\"e-n-accordion-item-title\" data-accordion-index=\"2\" tabindex=\"-1\" aria-expanded=\"false\" aria-controls=\"e-n-accordion-item-2591\" >\n\t\t\t\t\t<span class='e-n-accordion-item-title-header'><div class=\"e-n-accordion-item-title-text\"> Fiscaliza\u00e7\u00e3o da Gera\u00e7\u00e3o <\/div><\/span>\n\t\t\t\t\t\t\t<span class='e-n-accordion-item-title-icon'>\n\t\t\t<span class='e-opened' ><svg aria-hidden=\"true\" class=\"e-font-icon-svg e-fas-angle-double-down\" viewBox=\"0 0 320 512\" xmlns=\"http:\/\/www.w3.org\/2000\/svg\"><path d=\"M143 256.3L7 120.3c-9.4-9.4-9.4-24.6 0-33.9l22.6-22.6c9.4-9.4 24.6-9.4 33.9 0l96.4 96.4 96.4-96.4c9.4-9.4 24.6-9.4 33.9 0L313 86.3c9.4 9.4 9.4 24.6 0 33.9l-136 136c-9.4 9.5-24.6 9.5-34 .1zm34 192l136-136c9.4-9.4 9.4-24.6 0-33.9l-22.6-22.6c-9.4-9.4-24.6-9.4-33.9 0L160 352.1l-96.4-96.4c-9.4-9.4-24.6-9.4-33.9 0L7 278.3c-9.4 9.4-9.4 24.6 0 33.9l136 136c9.4 9.5 24.6 9.5 34 .1z\"><\/path><\/svg><\/span>\n\t\t\t<span class='e-closed'><svg aria-hidden=\"true\" class=\"e-font-icon-svg e-fas-angle-double-right\" viewBox=\"0 0 448 512\" xmlns=\"http:\/\/www.w3.org\/2000\/svg\"><path d=\"M224.3 273l-136 136c-9.4 9.4-24.6 9.4-33.9 0l-22.6-22.6c-9.4-9.4-9.4-24.6 0-33.9l96.4-96.4-96.4-96.4c-9.4-9.4-9.4-24.6 0-33.9L54.3 103c9.4-9.4 24.6-9.4 33.9 0l136 136c9.5 9.4 9.5 24.6.1 34zm192-34l-136-136c-9.4-9.4-24.6-9.4-33.9 0l-22.6 22.6c-9.4 9.4-9.4 24.6 0 33.9l96.4 96.4-96.4 96.4c-9.4 9.4-9.4 24.6 0 33.9l22.6 22.6c9.4 9.4 24.6 9.4 33.9 0l136-136c9.4-9.2 9.4-24.4 0-33.8z\"><\/path><\/svg><\/span>\n\t\t<\/span>\n\n\t\t\t\t\t\t<\/summary>\n\t\t\t\t<div role=\"region\" aria-labelledby=\"e-n-accordion-item-2591\" class=\"elementor-element elementor-element-f582d01 e-con-full e-flex e-con e-child\" data-id=\"f582d01\" data-element_type=\"container\" data-e-type=\"container\">\n\t\t\t\t<div class=\"elementor-element elementor-element-c80f93c elementor-widget elementor-widget-text-editor\" data-id=\"c80f93c\" data-element_type=\"widget\" data-e-type=\"widget\" data-widget_type=\"text-editor.default\">\n\t\t\t\t\t\t\t\t\t<p>O trabalho de fiscaliza\u00e7\u00e3o \u00e9 executado por equipe t\u00e9cnica de engenheiros civis e eletricistas, previamente avaliados pela Aneel, que verificam\u00a0as condi\u00e7\u00f5es de implanta\u00e7\u00e3o e opera\u00e7\u00e3o, e\u00a0orientam contra condutas que violem leis e contratos. As a\u00e7\u00f5es de fiscaliza\u00e7\u00e3o abrangem as seguintes atividades:<\/p><ul><li>Verifica\u00e7\u00e3o do cumprimento dos contratos de concess\u00e3o e atos de autoriza\u00e7\u00e3o;<\/li><li>Cadastrar e regularizar as usinas geradoras de energia el\u00e9trica;<\/li><li>Identificar n\u00e3o conformidades nos procedimentos de opera\u00e7\u00e3o e manuten\u00e7\u00e3o de usinas, avalia\u00e7\u00e3o de suas consequ\u00eancias e determina\u00e7\u00e3o de medidas corretivas aos agentes;<\/li><li>Acompanhamento do andamento das obras de usinas;<\/li><li>Fiscaliza\u00e7\u00e3o de pr\u00e9-obras:\u00a0Uniformizar o tratamento dado \u00e0s atividades de fiscaliza\u00e7\u00e3o destinadas \u00e0s usinas que possuem outorga de gera\u00e7\u00e3o emitida, por\u00e9m n\u00e3o tiveram suas obras de implanta\u00e7\u00e3o iniciadas;<\/li><li>Fiscaliza\u00e7\u00e3o de Barragem:\u00a0Seguran\u00e7a em barragens fiscalizadas pela Aneel, de acordo com o que determina a Lei n\u00ba. 12.334, de 20 de setembro de 2010.<\/li><\/ul><p>fonte: <a href=\"https:\/\/app.powerbi.com\/view?r=eyJrIjoiNGE3NjVmYjAtNDFkZC00MDY4LTliNTItMTVkZTU4NWYzYzFmIiwidCI6IjQwZDZmOWI4LWVjYTctNDZhMi05MmQ0LWVhNGU5YzAxNzBlMSIsImMiOjR9\">Aneel<\/a><\/p><table border=\"1\" cellspacing=\"1\" cellpadding=\"1\"><tbody><tr><td colspan=\"5\"><strong>N\u00famero de Empreendimentos: 324<\/strong><\/td><\/tr><tr><td>Fonte<\/td><td>Pot\u00eancia Outorga<\/td><td>Pot\u00eancia Fiscalizada<\/td><td>Qtde.<\/td><td>% (Pot. Fiscaliza\u00e7\u00e3o)<\/td><\/tr><tr><td>CGH<\/td><td>11.750,94<\/td><td>11.750,94 8<\/td><td>08<\/td><td>0,15%<\/td><\/tr><tr><td>PCH<\/td><td>649.517,00<\/td><td>520.427,00<\/td><td>32<\/td><td>6,69%<\/td><\/tr><tr><td>UFV<\/td><td>6.170.280,6<\/td><td>12.212,60<\/td><td>161<\/td><td>0,16%<\/td><\/tr><tr><td>UHE<\/td><td>5.485 .027,00<\/td><td>5.388.963,00<\/td><td>18<\/td><td>69,30%<\/td><\/tr><tr><td>UTE<\/td><td>1.991.405,59<\/td><td>1.842.955,59<\/td><td>105<\/td><td>23,70%<\/td><\/tr><\/tbody><\/table><p><br \/><br \/><\/p>\t\t\t\t\t\t\t\t<\/div>\n\t\t\t\t<\/div>\n\t\t\t\t\t<\/details>\n\t\t\t\t\t\t<details id=\"e-n-accordion-item-2592\" class=\"e-n-accordion-item\" >\n\t\t\t\t<summary class=\"e-n-accordion-item-title\" data-accordion-index=\"3\" tabindex=\"-1\" aria-expanded=\"false\" aria-controls=\"e-n-accordion-item-2592\" >\n\t\t\t\t\t<span class='e-n-accordion-item-title-header'><div class=\"e-n-accordion-item-title-text\"> Plano de Resultados <\/div><\/span>\n\t\t\t\t\t\t\t<span class='e-n-accordion-item-title-icon'>\n\t\t\t<span class='e-opened' ><svg aria-hidden=\"true\" class=\"e-font-icon-svg e-fas-angle-double-down\" viewBox=\"0 0 320 512\" xmlns=\"http:\/\/www.w3.org\/2000\/svg\"><path d=\"M143 256.3L7 120.3c-9.4-9.4-9.4-24.6 0-33.9l22.6-22.6c9.4-9.4 24.6-9.4 33.9 0l96.4 96.4 96.4-96.4c9.4-9.4 24.6-9.4 33.9 0L313 86.3c9.4 9.4 9.4 24.6 0 33.9l-136 136c-9.4 9.5-24.6 9.5-34 .1zm34 192l136-136c9.4-9.4 9.4-24.6 0-33.9l-22.6-22.6c-9.4-9.4-24.6-9.4-33.9 0L160 352.1l-96.4-96.4c-9.4-9.4-24.6-9.4-33.9 0L7 278.3c-9.4 9.4-9.4 24.6 0 33.9l136 136c9.4 9.5 24.6 9.5 34 .1z\"><\/path><\/svg><\/span>\n\t\t\t<span class='e-closed'><svg aria-hidden=\"true\" class=\"e-font-icon-svg e-fas-angle-double-right\" viewBox=\"0 0 448 512\" xmlns=\"http:\/\/www.w3.org\/2000\/svg\"><path d=\"M224.3 273l-136 136c-9.4 9.4-24.6 9.4-33.9 0l-22.6-22.6c-9.4-9.4-9.4-24.6 0-33.9l96.4-96.4-96.4-96.4c-9.4-9.4-9.4-24.6 0-33.9L54.3 103c9.4-9.4 24.6-9.4 33.9 0l136 136c9.5 9.4 9.5 24.6.1 34zm192-34l-136-136c-9.4-9.4-24.6-9.4-33.9 0l-22.6 22.6c-9.4 9.4-9.4 24.6 0 33.9l96.4 96.4-96.4 96.4c-9.4 9.4-9.4 24.6 0 33.9l22.6 22.6c9.4 9.4 24.6 9.4 33.9 0l136-136c9.4-9.2 9.4-24.4 0-33.8z\"><\/path><\/svg><\/span>\n\t\t<\/span>\n\n\t\t\t\t\t\t<\/summary>\n\t\t\t\t<div role=\"region\" aria-labelledby=\"e-n-accordion-item-2592\" class=\"elementor-element elementor-element-428afcf e-con-full e-flex e-con e-child\" data-id=\"428afcf\" data-element_type=\"container\" data-e-type=\"container\">\n\t\t\t\t<div class=\"elementor-element elementor-element-e36c9ed elementor-widget elementor-widget-text-editor\" data-id=\"e36c9ed\" data-element_type=\"widget\" data-e-type=\"widget\" data-widget_type=\"text-editor.default\">\n\t\t\t\t\t\t\t\t\t<table border=\"1\" cellspacing=\"1\" cellpadding=\"1\"><tbody><tr style=\"height: 24px;\"><td style=\"width: 75.8835px; height: 24px; text-align: center;\" colspan=\"2\">Plano de Resultados de Continuidade do Fornecimento<\/td><\/tr><tr style=\"height: 24px;\"><td style=\"width: 24.582px; height: 24px;\">Distribuidora:<\/td><td style=\"width: 51.3015px; height: 24px;\">Equatorial Energia Goi\u00e1s \u2013 EQTL-GO<\/td><\/tr><tr><td style=\"width: 24.582px;\">Plano de Resultados:<\/td><td style=\"width: 51.3015px; height: 24px;\"><a href=\"https:\/\/goias.gov.br\/agr\/wp-content\/uploads\/sites\/43\/2025\/03\/NT-003-2025-Avaliacao-anual-das-metas-do-plano-de-resultados-de-continuidade-1.pdf\">Nota T\u00e9cnica N\u00ba 003\/2025-GE\/AGR<\/a><\/td><\/tr><tr style=\"height: 24px;\"><td style=\"width: 24.582px; height: 24px;\">Plano de Resultados:<\/td><td style=\"width: 51.3015px; height: 24px;\"><a href=\"https:\/\/goias.gov.br\/agr\/wp-content\/uploads\/sites\/43\/2024\/06\/Nota-Tecnica-N-023-2023-GE-AGR.pdf\">Nota T\u00e9cnica N\u00ba 023\/2023-GE\/AGR<\/a><\/td><\/tr><\/tbody><\/table><p><br \/><br \/><\/p>\t\t\t\t\t\t\t\t<\/div>\n\t\t\t\t<\/div>\n\t\t\t\t\t<\/details>\n\t\t\t\t\t<\/div>\n\t\t\t\t\t\t<\/div>\n\t\t\t\t\t<\/div>\n\t\t\t\t<\/div>\n\t\t\t\t<\/div>\n\t\t","protected":false},"excerpt":{"rendered":"<p>Fiscaliza\u00e7\u00e3o da Distribui\u00e7\u00e3o A fiscaliza\u00e7\u00e3o tem por objetivo o cumprimento do contrato de concess\u00e3o e das normas do setor el\u00e9trico, buscando assegurar a adequada presta\u00e7\u00e3o do servi\u00e7o p\u00fablico de fornecimento de energia el\u00e9trica pelas distribuidoras de energia el\u00e9trica instaladas no estado de Goi\u00e1s. Destaca-se que o processo fiscalizat\u00f3rio segue os princ\u00edpios da\u00a0Regula\u00e7\u00e3o Responsiva. Distribuidoras de [&hellip;]<\/p>\n","protected":false},"author":77,"featured_media":0,"parent":0,"menu_order":0,"comment_status":"closed","ping_status":"closed","template":"","meta":{"footnotes":""},"class_list":["post-35608","page","type-page","status-publish","hentry"],"rttpg_featured_image_url":null,"rttpg_author":{"display_name":"barbaragodoy","author_link":"https:\/\/goias.gov.br\/agr\/author\/barbaragodoy\/"},"rttpg_comment":0,"rttpg_category":null,"rttpg_excerpt":"Fiscaliza\u00e7\u00e3o da Distribui\u00e7\u00e3o A fiscaliza\u00e7\u00e3o tem por objetivo o cumprimento do contrato de concess\u00e3o e das normas do setor el\u00e9trico, buscando assegurar a adequada presta\u00e7\u00e3o do servi\u00e7o p\u00fablico de fornecimento de energia el\u00e9trica pelas distribuidoras de energia el\u00e9trica instaladas no estado de Goi\u00e1s. Destaca-se que o processo fiscalizat\u00f3rio segue os princ\u00edpios da\u00a0Regula\u00e7\u00e3o Responsiva. Distribuidoras de&hellip;","_links":{"self":[{"href":"https:\/\/goias.gov.br\/agr\/wp-json\/wp\/v2\/pages\/35608","targetHints":{"allow":["GET"]}}],"collection":[{"href":"https:\/\/goias.gov.br\/agr\/wp-json\/wp\/v2\/pages"}],"about":[{"href":"https:\/\/goias.gov.br\/agr\/wp-json\/wp\/v2\/types\/page"}],"author":[{"embeddable":true,"href":"https:\/\/goias.gov.br\/agr\/wp-json\/wp\/v2\/users\/77"}],"replies":[{"embeddable":true,"href":"https:\/\/goias.gov.br\/agr\/wp-json\/wp\/v2\/comments?post=35608"}],"version-history":[{"count":3,"href":"https:\/\/goias.gov.br\/agr\/wp-json\/wp\/v2\/pages\/35608\/revisions"}],"predecessor-version":[{"id":279400,"href":"https:\/\/goias.gov.br\/agr\/wp-json\/wp\/v2\/pages\/35608\/revisions\/279400"}],"wp:attachment":[{"href":"https:\/\/goias.gov.br\/agr\/wp-json\/wp\/v2\/media?parent=35608"}],"curies":[{"name":"wp","href":"https:\/\/api.w.org\/{rel}","templated":true}]}}