

{"id":35607,"date":"2023-01-10T23:08:11","date_gmt":"2023-01-11T02:08:11","guid":{"rendered":"https:\/\/wwwdesenv.joomlamultidesenv.go.gov.br\/agr\/?page_id=30343"},"modified":"2026-02-09T14:31:08","modified_gmt":"2026-02-09T17:31:08","slug":"energia","status":"publish","type":"page","link":"https:\/\/goias.gov.br\/agr\/energia\/","title":{"rendered":"Energia El\u00e9trica"},"content":{"rendered":"\t\t<div data-elementor-type=\"wp-page\" data-elementor-id=\"35607\" class=\"elementor elementor-35607\">\n\t\t\t\t<div class=\"elementor-element elementor-element-960b20f e-flex e-con-boxed e-con e-parent\" data-id=\"960b20f\" data-element_type=\"container\" data-e-type=\"container\">\n\t\t\t\t\t<div class=\"e-con-inner\">\n\t\t<div class=\"elementor-element elementor-element-79cd3f9 e-con-full e-flex e-con e-child\" data-id=\"79cd3f9\" data-element_type=\"container\" data-e-type=\"container\">\n\t\t\t\t<div class=\"elementor-element elementor-element-e2916a1 elementor-widget elementor-widget-image\" data-id=\"e2916a1\" data-element_type=\"widget\" data-e-type=\"widget\" data-widget_type=\"image.default\">\n\t\t\t\t\t\t\t\t\t\t\t\t\t\t\t<img decoding=\"async\" src=\"https:\/\/goias.gov.br\/agr\/wp-content\/uploads\/sites\/43\/2025\/01\/energia-banner-2025.jpg\" title=\"\" alt=\"\" loading=\"lazy\" \/>\t\t\t\t\t\t\t\t\t\t\t\t\t\t\t<\/div>\n\t\t\t\t<div class=\"elementor-element elementor-element-daea988 elementor-widget elementor-widget-text-editor\" data-id=\"daea988\" data-element_type=\"widget\" data-e-type=\"widget\" data-widget_type=\"text-editor.default\">\n\t\t\t\t\t\t\t\t\t<p style=\"text-align: justify;\">A partir do\u00a0<a href=\"https:\/\/goias.gov.br\/agr\/wp-content\/uploads\/sites\/43\/2024\/06\/convenio-cooperacao-008-2002.pdf\" target=\"_blank\" rel=\"noopener noreferrer\">Conv\u00eanio de Coopera\u00e7\u00e3o n\u00ba 008\/2002, firmado com a Ag\u00eancia Nacional de Energia El\u00e9trica (Aneel)<\/a>, a AGR assumiu a incumb\u00eancia de fiscalizar os servi\u00e7os de distribui\u00e7\u00e3o de energia el\u00e9trica no estado de Goi\u00e1s e de realizar as atividades complementares de Ouvidoria. Posteriormente, assumiu as atividades de fiscaliza\u00e7\u00e3o dos servi\u00e7os de gera\u00e7\u00e3o de energia e fiscaliza\u00e7\u00e3o econ\u00f4mica, financeira e de mercado. Atualmente as atividades descentralizadas est\u00e3o sob a vig\u00eancia do <a href=\"https:\/\/goias.gov.br\/agr\/wp-content\/uploads\/sites\/43\/2024\/06\/convenio-cooperacao-026-2011.pdf\" target=\"_blank\" rel=\"noopener noreferrer\">Conv\u00eanio de Coopera\u00e7\u00e3o n\u00ba 026\/2011 .<\/a><\/p>\t\t\t\t\t\t\t\t<\/div>\n\t\t\t\t<div class=\"elementor-element elementor-element-a4b69b3 elementor-widget elementor-widget-n-accordion\" data-id=\"a4b69b3\" data-element_type=\"widget\" data-e-type=\"widget\" data-settings=\"{&quot;default_state&quot;:&quot;all_collapsed&quot;,&quot;max_items_expended&quot;:&quot;one&quot;,&quot;n_accordion_animation_duration&quot;:{&quot;unit&quot;:&quot;ms&quot;,&quot;size&quot;:400,&quot;sizes&quot;:[]}}\" data-widget_type=\"nested-accordion.default\">\n\t\t\t\t\t\t\t<div class=\"e-n-accordion\" aria-label=\"Accordion. Open links with Enter or Space, close with Escape, and navigate with Arrow Keys\">\n\t\t\t\t\t\t<details id=\"e-n-accordion-item-1720\" class=\"e-n-accordion-item\" >\n\t\t\t\t<summary class=\"e-n-accordion-item-title\" data-accordion-index=\"1\" tabindex=\"0\" aria-expanded=\"false\" aria-controls=\"e-n-accordion-item-1720\" >\n\t\t\t\t\t<span class='e-n-accordion-item-title-header'><div class=\"e-n-accordion-item-title-text\"> Compet\u00eancias da Ger\u00eancia de Energia <\/div><\/span>\n\t\t\t\t\t\t\t<span class='e-n-accordion-item-title-icon'>\n\t\t\t<span class='e-opened' ><svg aria-hidden=\"true\" class=\"e-font-icon-svg e-fas-angle-down\" viewBox=\"0 0 320 512\" xmlns=\"http:\/\/www.w3.org\/2000\/svg\"><path d=\"M143 352.3L7 216.3c-9.4-9.4-9.4-24.6 0-33.9l22.6-22.6c9.4-9.4 24.6-9.4 33.9 0l96.4 96.4 96.4-96.4c9.4-9.4 24.6-9.4 33.9 0l22.6 22.6c9.4 9.4 9.4 24.6 0 33.9l-136 136c-9.2 9.4-24.4 9.4-33.8 0z\"><\/path><\/svg><\/span>\n\t\t\t<span class='e-closed'><svg aria-hidden=\"true\" class=\"e-font-icon-svg e-fas-angle-right\" viewBox=\"0 0 256 512\" xmlns=\"http:\/\/www.w3.org\/2000\/svg\"><path d=\"M224.3 273l-136 136c-9.4 9.4-24.6 9.4-33.9 0l-22.6-22.6c-9.4-9.4-9.4-24.6 0-33.9l96.4-96.4-96.4-96.4c-9.4-9.4-9.4-24.6 0-33.9L54.3 103c9.4-9.4 24.6-9.4 33.9 0l136 136c9.5 9.4 9.5 24.6.1 34z\"><\/path><\/svg><\/span>\n\t\t<\/span>\n\n\t\t\t\t\t\t<\/summary>\n\t\t\t\t<div role=\"region\" aria-labelledby=\"e-n-accordion-item-1720\" class=\"elementor-element elementor-element-b7a6f59 e-con-full e-flex e-con e-child\" data-id=\"b7a6f59\" data-element_type=\"container\" data-e-type=\"container\">\n\t\t\t\t<div class=\"elementor-element elementor-element-79cf06d elementor-widget elementor-widget-text-editor\" data-id=\"79cf06d\" data-element_type=\"widget\" data-e-type=\"widget\" data-widget_type=\"text-editor.default\">\n\t\t\t\t\t\t\t\t\t<p style=\"text-align: justify;\"><strong>Decreto n\u00ba 10.319\/2023<\/strong><\/p><p style=\"text-align: justify;\">Art. 54. Compete \u00e0 Ger\u00eancia de Energia:<\/p><p style=\"text-align: justify;\">I &#8211; encarregar-se das atividades pertinentes \u00e0 sua compet\u00eancia;<\/p><p style=\"text-align: justify;\">II &#8211; atuar, na forma legal, nas seguintes \u00e1reas:<\/p><p style=\"padding-left: 80px; text-align: justify;\">a) gera\u00e7\u00e3o de energia el\u00e9trica;<br \/>b) distribui\u00e7\u00e3o de energia el\u00e9trica;<br \/>c) g\u00e1s canalizado;<\/p><p style=\"text-align: justify;\">III &#8211; acompanhar, controlar e fiscalizar as atividades na \u00e1rea de energia;<\/p><p style=\"text-align: justify;\">IV &#8211; promover a notifica\u00e7\u00e3o dos processos oriundos de termos de notifica\u00e7\u00e3o e de autos de infra\u00e7\u00e3o, al\u00e9m de outros atos na \u00e1rea de energia;<\/p><p style=\"text-align: justify;\">V &#8211; aplicar, conforme a legisla\u00e7\u00e3o, penalidades na \u00e1rea de energia, na forma legal;<\/p><p style=\"text-align: justify;\">VI &#8211; elaborar, conforme a legisla\u00e7\u00e3o, o plano de trabalho para as atividades de fiscaliza\u00e7\u00e3o e controle dos servi\u00e7os de energia, na forma legal;<\/p><p style=\"text-align: justify;\">VII &#8211; fiscalizar as instala\u00e7\u00f5es e os servi\u00e7os prestados pelas concession\u00e1rias, permission\u00e1rias e autorizat\u00e1rias de energia;<\/p><p style=\"text-align: justify;\">VIII &#8211; elaborar plano de trabalho para as atividades espec\u00edficas de g\u00e1s canalizado;<\/p><p style=\"text-align: justify;\">IX &#8211; acompanhar e subsidiar a \u00e1rea t\u00e9cnica espec\u00edfica na an\u00e1lise da proposta de reajuste e revis\u00e3o tarif\u00e1ria de g\u00e1s canalizado;<\/p><p style=\"text-align: justify;\">X &#8211; acompanhar e subsidiar a \u00e1rea t\u00e9cnica espec\u00edfica a conceber, desenvolver e propor metodologia de reajuste e revis\u00e3o tarif\u00e1ria de g\u00e1s canalizado;<\/p><p style=\"text-align: justify;\">XI &#8211; manter registros atualizados e arquivo f\u00edsico dos instrumentos contratuais e legais inerentes \u00e0 sua atua\u00e7\u00e3o;<\/p><p style=\"text-align: justify;\">XII &#8211; coordenar, executar e avaliar os conv\u00eanios espec\u00edficos da \u00e1rea de energia;<\/p><p style=\"text-align: justify;\">XIII &#8211; avaliar, com base nos indicadores de qualidade, os servi\u00e7os prestados pelas concession\u00e1rias, permission\u00e1rias e autorizat\u00e1rias de energia, tendo por base os indicadores de qualidade;<\/p><p style=\"text-align: justify;\">XIV &#8211; propor a contrata\u00e7\u00e3o de servi\u00e7os t\u00e9cnicos especializados inerentes \u00e0 sua compet\u00eancia;<\/p><p style=\"text-align: justify;\">XV &#8211; acompanhar, monitorar e fiscalizar os servi\u00e7os de gera\u00e7\u00e3o de energia el\u00e9trica;<\/p><p style=\"text-align: justify;\">XVI &#8211; acompanhar, monitorar e fiscalizar os servi\u00e7os de distribui\u00e7\u00e3o de energia el\u00e9trica;<\/p><p style=\"text-align: justify;\">XVII &#8211; emitir e assinar termos de notifica\u00e7\u00e3o;<\/p><p style=\"text-align: justify;\">XVIII &#8211; emitir parecer t\u00e9cnico sobre as atividades de distribui\u00e7\u00e3o de energia el\u00e9trica;<\/p><p style=\"text-align: justify;\">XIX &#8211; instruir os processos oriundos do servi\u00e7o de distribui\u00e7\u00e3o de energia el\u00e9trica;<\/p><p style=\"text-align: justify;\">XX &#8211; encarregar &#8211; se de compet\u00eancias correlatas.<\/p>\t\t\t\t\t\t\t\t<\/div>\n\t\t\t\t<\/div>\n\t\t\t\t\t<\/details>\n\t\t\t\t\t<\/div>\n\t\t\t\t\t\t<\/div>\n\t\t\t\t<\/div>\n\t\t<div class=\"elementor-element elementor-element-7102c77 e-con-full e-flex e-con e-child\" data-id=\"7102c77\" data-element_type=\"container\" data-e-type=\"container\">\n\t\t\t\t<div class=\"elementor-element elementor-element-ca95db8 elementor-widget elementor-widget-image\" data-id=\"ca95db8\" data-element_type=\"widget\" data-e-type=\"widget\" data-widget_type=\"image.default\">\n\t\t\t\t\t\t\t\t\t\t\t\t\t\t\t\t<a href=\"https:\/\/goias.gov.br\/agr\/wp-content\/uploads\/sites\/43\/2025\/01\/Ressarcimento-de-danos-eletricos.pdf\" target=\"_blank\">\n\t\t\t\t\t\t\t<img decoding=\"async\" src=\"https:\/\/goias.gov.br\/agr\/wp-content\/uploads\/sites\/43\/2024\/06\/ressarcimento-de-danos-1.png\" title=\"\" alt=\"\" loading=\"lazy\" \/>\t\t\t\t\t\t\t\t<\/a>\n\t\t\t\t\t\t\t\t\t\t\t\t\t\t\t<\/div>\n\t\t\t\t<div class=\"elementor-element elementor-element-4daf77e elementor-widget elementor-widget-image\" data-id=\"4daf77e\" data-element_type=\"widget\" data-e-type=\"widget\" data-widget_type=\"image.default\">\n\t\t\t\t\t\t\t\t\t\t\t\t\t\t\t\t<a href=\"https:\/\/transparencia.go.gov.br\/wp-content\/uploads\/sites\/2\/painel\/linkrodape.php?p1=energia&#038;p2=true\" target=\"_blank\">\n\t\t\t\t\t\t\t<img decoding=\"async\" src=\"https:\/\/goias.gov.br\/agr\/wp-content\/uploads\/sites\/43\/2025\/02\/painel-energetico.png\" title=\"\" alt=\"\" loading=\"lazy\" \/>\t\t\t\t\t\t\t\t<\/a>\n\t\t\t\t\t\t\t\t\t\t\t\t\t\t\t<\/div>\n\t\t\t\t<div class=\"elementor-element elementor-element-8c28901 elementor-widget elementor-widget-image\" data-id=\"8c28901\" data-element_type=\"widget\" data-e-type=\"widget\" data-widget_type=\"image.default\">\n\t\t\t\t\t\t\t\t\t\t\t\t\t\t\t\t<a href=\"https:\/\/goias.gov.br\/agr\/fiscalizacao\/\" target=\"_blank\">\n\t\t\t\t\t\t\t<img decoding=\"async\" src=\"https:\/\/goias.gov.br\/agr\/wp-content\/uploads\/sites\/43\/2023\/01\/fiscalizacao-button.png\" title=\"\" alt=\"\" loading=\"lazy\" \/>\t\t\t\t\t\t\t\t<\/a>\n\t\t\t\t\t\t\t\t\t\t\t\t\t\t\t<\/div>\n\t\t\t\t<div class=\"elementor-element elementor-element-91f9daa elementor-widget elementor-widget-image\" data-id=\"91f9daa\" data-element_type=\"widget\" data-e-type=\"widget\" data-widget_type=\"image.default\">\n\t\t\t\t\t\t\t\t\t\t\t\t\t\t\t\t<a href=\"https:\/\/goias.gov.br\/agr\/revisao-e-reajustes-de-tarifas\/\" target=\"_blank\">\n\t\t\t\t\t\t\t<img decoding=\"async\" src=\"https:\/\/goias.gov.br\/agr\/wp-content\/uploads\/sites\/43\/2023\/01\/reajustes-tarifas.png\" title=\"\" alt=\"\" loading=\"lazy\" \/>\t\t\t\t\t\t\t\t<\/a>\n\t\t\t\t\t\t\t\t\t\t\t\t\t\t\t<\/div>\n\t\t\t\t<div class=\"elementor-element elementor-element-ef11c3e elementor-widget elementor-widget-image\" data-id=\"ef11c3e\" data-element_type=\"widget\" data-e-type=\"widget\" data-widget_type=\"image.default\">\n\t\t\t\t\t\t\t\t\t\t\t\t\t\t\t\t<a href=\"https:\/\/goias.gov.br\/agr\/legisl\/\" target=\"_blank\">\n\t\t\t\t\t\t\t<img decoding=\"async\" src=\"https:\/\/goias.gov.br\/agr\/wp-content\/uploads\/sites\/43\/2025\/02\/legislacao-energia-corr.png\" title=\"\" alt=\"\" loading=\"lazy\" \/>\t\t\t\t\t\t\t\t<\/a>\n\t\t\t\t\t\t\t\t\t\t\t\t\t\t\t<\/div>\n\t\t\t\t<div class=\"elementor-element elementor-element-024f06f elementor-widget elementor-widget-image\" data-id=\"024f06f\" data-element_type=\"widget\" data-e-type=\"widget\" data-widget_type=\"image.default\">\n\t\t\t\t\t\t\t\t\t\t\t\t\t\t\t\t<a href=\"https:\/\/goias.gov.br\/agr\/contratos-de-metas-energia\/\" target=\"_blank\">\n\t\t\t\t\t\t\t<img decoding=\"async\" src=\"https:\/\/goias.gov.br\/agr\/wp-content\/uploads\/sites\/43\/2023\/01\/convenio-aneel.png\" title=\"\" alt=\"\" loading=\"lazy\" \/>\t\t\t\t\t\t\t\t<\/a>\n\t\t\t\t\t\t\t\t\t\t\t\t\t\t\t<\/div>\n\t\t\t\t<div class=\"elementor-element elementor-element-8dd2d8c elementor-widget elementor-widget-image\" data-id=\"8dd2d8c\" data-element_type=\"widget\" data-e-type=\"widget\" data-widget_type=\"image.default\">\n\t\t\t\t\t\t\t\t\t\t\t\t\t\t\t\t<a href=\"https:\/\/goias.gov.br\/agr\/orientacao-aos-usuarios-energia\/\" target=\"_blank\">\n\t\t\t\t\t\t\t<img decoding=\"async\" src=\"https:\/\/goias.gov.br\/agr\/wp-content\/uploads\/sites\/43\/2023\/01\/orientacao-usuarios.png\" title=\"\" alt=\"\" loading=\"lazy\" \/>\t\t\t\t\t\t\t\t<\/a>\n\t\t\t\t\t\t\t\t\t\t\t\t\t\t\t<\/div>\n\t\t\t\t<div class=\"elementor-element elementor-element-945ebc3 elementor-widget elementor-widget-image\" data-id=\"945ebc3\" data-element_type=\"widget\" data-e-type=\"widget\" data-widget_type=\"image.default\">\n\t\t\t\t\t\t\t\t\t\t\t\t\t\t\t\t<a href=\"https:\/\/goias.gov.br\/agr\/canais-de-atendimento-energia\/\" target=\"_blank\">\n\t\t\t\t\t\t\t<img decoding=\"async\" src=\"https:\/\/goias.gov.br\/agr\/wp-content\/uploads\/sites\/43\/2023\/01\/canais-atendimento-button-1.png\" title=\"\" alt=\"\" loading=\"lazy\" \/>\t\t\t\t\t\t\t\t<\/a>\n\t\t\t\t\t\t\t\t\t\t\t\t\t\t\t<\/div>\n\t\t\t\t<\/div>\n\t\t\t\t\t<\/div>\n\t\t\t\t<\/div>\n\t\t\t\t<\/div>\n\t\t","protected":false},"excerpt":{"rendered":"<p>A partir do\u00a0Conv\u00eanio de Coopera\u00e7\u00e3o n\u00ba 008\/2002, firmado com a Ag\u00eancia Nacional de Energia El\u00e9trica (Aneel), a AGR assumiu a incumb\u00eancia de fiscalizar os servi\u00e7os de distribui\u00e7\u00e3o de energia el\u00e9trica no estado de Goi\u00e1s e de realizar as atividades complementares de Ouvidoria. Posteriormente, assumiu as atividades de fiscaliza\u00e7\u00e3o dos servi\u00e7os de gera\u00e7\u00e3o de energia e [&hellip;]<\/p>\n","protected":false},"author":77,"featured_media":0,"parent":0,"menu_order":0,"comment_status":"closed","ping_status":"closed","template":"","meta":{"footnotes":""},"class_list":["post-35607","page","type-page","status-publish","hentry"],"rttpg_featured_image_url":null,"rttpg_author":{"display_name":"barbaragodoy","author_link":"https:\/\/goias.gov.br\/agr\/author\/barbaragodoy\/"},"rttpg_comment":0,"rttpg_category":null,"rttpg_excerpt":"A partir do\u00a0Conv\u00eanio de Coopera\u00e7\u00e3o n\u00ba 008\/2002, firmado com a Ag\u00eancia Nacional de Energia El\u00e9trica (Aneel), a AGR assumiu a incumb\u00eancia de fiscalizar os servi\u00e7os de distribui\u00e7\u00e3o de energia el\u00e9trica no estado de Goi\u00e1s e de realizar as atividades complementares de Ouvidoria. Posteriormente, assumiu as atividades de fiscaliza\u00e7\u00e3o dos servi\u00e7os de gera\u00e7\u00e3o de energia e&hellip;","_links":{"self":[{"href":"https:\/\/goias.gov.br\/agr\/wp-json\/wp\/v2\/pages\/35607","targetHints":{"allow":["GET"]}}],"collection":[{"href":"https:\/\/goias.gov.br\/agr\/wp-json\/wp\/v2\/pages"}],"about":[{"href":"https:\/\/goias.gov.br\/agr\/wp-json\/wp\/v2\/types\/page"}],"author":[{"embeddable":true,"href":"https:\/\/goias.gov.br\/agr\/wp-json\/wp\/v2\/users\/77"}],"replies":[{"embeddable":true,"href":"https:\/\/goias.gov.br\/agr\/wp-json\/wp\/v2\/comments?post=35607"}],"version-history":[{"count":2,"href":"https:\/\/goias.gov.br\/agr\/wp-json\/wp\/v2\/pages\/35607\/revisions"}],"predecessor-version":[{"id":291499,"href":"https:\/\/goias.gov.br\/agr\/wp-json\/wp\/v2\/pages\/35607\/revisions\/291499"}],"wp:attachment":[{"href":"https:\/\/goias.gov.br\/agr\/wp-json\/wp\/v2\/media?parent=35607"}],"curies":[{"name":"wp","href":"https:\/\/api.w.org\/{rel}","templated":true}]}}