

{"id":35606,"date":"2023-01-10T21:17:23","date_gmt":"2023-01-11T00:17:23","guid":{"rendered":"https:\/\/wwwdesenv.joomlamultidesenv.go.gov.br\/agr\/?page_id=30338"},"modified":"2025-12-15T09:59:42","modified_gmt":"2025-12-15T12:59:42","slug":"transporte","status":"publish","type":"page","link":"https:\/\/goias.gov.br\/agr\/transporte\/","title":{"rendered":"Transporte"},"content":{"rendered":"\t\t<div data-elementor-type=\"wp-page\" data-elementor-id=\"35606\" class=\"elementor elementor-35606\">\n\t\t\t\t<div class=\"elementor-element elementor-element-a6d3409 e-flex e-con-boxed e-con e-parent\" data-id=\"a6d3409\" data-element_type=\"container\" data-e-type=\"container\">\n\t\t\t\t\t<div class=\"e-con-inner\">\n\t\t<div class=\"elementor-element elementor-element-4c176ae e-con-full e-flex e-con e-child\" data-id=\"4c176ae\" data-element_type=\"container\" data-e-type=\"container\">\n\t\t\t\t<div class=\"elementor-element elementor-element-efffbe0 elementor-widget elementor-widget-image\" data-id=\"efffbe0\" data-element_type=\"widget\" data-e-type=\"widget\" data-widget_type=\"image.default\">\n\t\t\t\t\t\t\t\t\t\t\t\t\t\t\t<img decoding=\"async\" src=\"https:\/\/goias.gov.br\/agr\/wp-content\/uploads\/sites\/43\/2024\/02\/banner-transporte-perpective.png\" title=\"\" alt=\"\" loading=\"lazy\" \/>\t\t\t\t\t\t\t\t\t\t\t\t\t\t\t<\/div>\n\t\t\t\t<div class=\"elementor-element elementor-element-d273dee elementor-widget elementor-widget-text-editor\" data-id=\"d273dee\" data-element_type=\"widget\" data-e-type=\"widget\" data-widget_type=\"text-editor.default\">\n\t\t\t\t\t\t\t\t\t<p style=\"text-align: justify;\">A AGR, por meio da Ger\u00eancia de Transportes,\u00a0\u00e9 respons\u00e1vel pela regula\u00e7\u00e3o, controle e fiscaliza\u00e7\u00e3o do servi\u00e7o de transporte rodovi\u00e1rio intermunicipal de passageiros, compreendido como o conjunto de atividades que possibilita a oferta de transporte entre munic\u00edpios situados no Estado de Goi\u00e1s, classificados em:<\/p>\t\t\t\t\t\t\t\t<\/div>\n\t\t\t\t<div class=\"elementor-element elementor-element-c14af9f elementor-align-justify elementor-widget elementor-widget-button\" data-id=\"c14af9f\" data-element_type=\"widget\" data-e-type=\"widget\" data-widget_type=\"button.default\">\n\t\t\t\t\t\t\t\t\t\t<a class=\"elementor-button elementor-button-link elementor-size-sm\" href=\"https:\/\/goias.gov.br\/agr\/transporte-regular\/\" target=\"_blank\">\n\t\t\t\t\t\t<span class=\"elementor-button-content-wrapper\">\n\t\t\t\t\t\t\t\t\t<span class=\"elementor-button-text\">Transporte Regular<\/span>\n\t\t\t\t\t<\/span>\n\t\t\t\t\t<\/a>\n\t\t\t\t\t\t\t\t<\/div>\n\t\t\t\t<div class=\"elementor-element elementor-element-0f71803 elementor-align-justify elementor-widget elementor-widget-button\" data-id=\"0f71803\" data-element_type=\"widget\" data-e-type=\"widget\" data-widget_type=\"button.default\">\n\t\t\t\t\t\t\t\t\t\t<a class=\"elementor-button elementor-button-link elementor-size-sm\" href=\"https:\/\/goias.gov.br\/agr\/transporte-de-fretamento\/\" target=\"_blank\">\n\t\t\t\t\t\t<span class=\"elementor-button-content-wrapper\">\n\t\t\t\t\t\t\t\t\t<span class=\"elementor-button-text\">Transporte de Fretamento<\/span>\n\t\t\t\t\t<\/span>\n\t\t\t\t\t<\/a>\n\t\t\t\t\t\t\t\t<\/div>\n\t\t\t\t<\/div>\n\t\t<div class=\"elementor-element elementor-element-fdbe706 e-con-full e-flex e-con e-child\" data-id=\"fdbe706\" data-element_type=\"container\" data-e-type=\"container\">\n\t\t\t\t<div class=\"elementor-element elementor-element-8a61c6f elementor-widget elementor-widget-image\" data-id=\"8a61c6f\" data-element_type=\"widget\" data-e-type=\"widget\" data-widget_type=\"image.default\">\n\t\t\t\t\t\t\t\t\t\t\t\t\t\t\t\t<a href=\"https:\/\/www.portal.agr.go.gov.br\/portal\/#\/auth\" target=\"_blank\">\n\t\t\t\t\t\t\t<img decoding=\"async\" src=\"https:\/\/goias.gov.br\/agr\/wp-content\/uploads\/sites\/43\/2024\/02\/servicos-eletronicos-agr-.png\" title=\"\" alt=\"\" loading=\"lazy\" \/>\t\t\t\t\t\t\t\t<\/a>\n\t\t\t\t\t\t\t\t\t\t\t\t\t\t\t<\/div>\n\t\t\t\t<div class=\"elementor-element elementor-element-7349020 elementor-widget elementor-widget-image\" data-id=\"7349020\" data-element_type=\"widget\" data-e-type=\"widget\" data-widget_type=\"image.default\">\n\t\t\t\t\t\t\t\t\t\t\t\t\t\t\t\t<a href=\"\/agr\/legislacao-do-transporte\/\" target=\"_blank\">\n\t\t\t\t\t\t\t<img decoding=\"async\" src=\"https:\/\/goias.gov.br\/agr\/wp-content\/uploads\/sites\/43\/2024\/02\/legislacao.png\" title=\"\" alt=\"\" loading=\"lazy\" \/>\t\t\t\t\t\t\t\t<\/a>\n\t\t\t\t\t\t\t\t\t\t\t\t\t\t\t<\/div>\n\t\t\t\t<div class=\"elementor-element elementor-element-ac1e44a elementor-widget elementor-widget-image\" data-id=\"ac1e44a\" data-element_type=\"widget\" data-e-type=\"widget\" data-widget_type=\"image.default\">\n\t\t\t\t\t\t\t\t\t\t\t\t\t\t\t\t<a href=\"https:\/\/goias.gov.br\/agr\/wp-content\/uploads\/sites\/43\/2024\/02\/cadastrar-agr-folder.pdf\" target=\"_blank\">\n\t\t\t\t\t\t\t<img decoding=\"async\" src=\"https:\/\/goias.gov.br\/agr\/wp-content\/uploads\/sites\/43\/2024\/02\/cadastro-veiculo-intituicao.png\" title=\"\" alt=\"\" loading=\"lazy\" \/>\t\t\t\t\t\t\t\t<\/a>\n\t\t\t\t\t\t\t\t\t\t\t\t\t\t\t<\/div>\n\t\t\t\t<\/div>\n\t\t\t\t\t<\/div>\n\t\t\t\t<\/div>\n\t\t\t\t<\/div>\n\t\t","protected":false},"excerpt":{"rendered":"<p>A AGR, por meio da Ger\u00eancia de Transportes,\u00a0\u00e9 respons\u00e1vel pela regula\u00e7\u00e3o, controle e fiscaliza\u00e7\u00e3o do servi\u00e7o de transporte rodovi\u00e1rio intermunicipal de passageiros, compreendido como o conjunto de atividades que possibilita a oferta de transporte entre munic\u00edpios situados no Estado de Goi\u00e1s, classificados em: Transporte Regular Transporte de Fretamento<\/p>\n","protected":false},"author":77,"featured_media":0,"parent":0,"menu_order":0,"comment_status":"closed","ping_status":"closed","template":"wppb_theme_template","meta":{"footnotes":""},"class_list":["post-35606","page","type-page","status-publish","hentry"],"rttpg_featured_image_url":null,"rttpg_author":{"display_name":"barbaragodoy","author_link":"https:\/\/goias.gov.br\/agr\/author\/barbaragodoy\/"},"rttpg_comment":0,"rttpg_category":null,"rttpg_excerpt":"A AGR, por meio da Ger\u00eancia de Transportes,\u00a0\u00e9 respons\u00e1vel pela regula\u00e7\u00e3o, controle e fiscaliza\u00e7\u00e3o do servi\u00e7o de transporte rodovi\u00e1rio intermunicipal de passageiros, compreendido como o conjunto de atividades que possibilita a oferta de transporte entre munic\u00edpios situados no Estado de Goi\u00e1s, classificados em: Transporte Regular Transporte de Fretamento","_links":{"self":[{"href":"https:\/\/goias.gov.br\/agr\/wp-json\/wp\/v2\/pages\/35606","targetHints":{"allow":["GET"]}}],"collection":[{"href":"https:\/\/goias.gov.br\/agr\/wp-json\/wp\/v2\/pages"}],"about":[{"href":"https:\/\/goias.gov.br\/agr\/wp-json\/wp\/v2\/types\/page"}],"author":[{"embeddable":true,"href":"https:\/\/goias.gov.br\/agr\/wp-json\/wp\/v2\/users\/77"}],"replies":[{"embeddable":true,"href":"https:\/\/goias.gov.br\/agr\/wp-json\/wp\/v2\/comments?post=35606"}],"version-history":[{"count":2,"href":"https:\/\/goias.gov.br\/agr\/wp-json\/wp\/v2\/pages\/35606\/revisions"}],"predecessor-version":[{"id":279606,"href":"https:\/\/goias.gov.br\/agr\/wp-json\/wp\/v2\/pages\/35606\/revisions\/279606"}],"wp:attachment":[{"href":"https:\/\/goias.gov.br\/agr\/wp-json\/wp\/v2\/media?parent=35606"}],"curies":[{"name":"wp","href":"https:\/\/api.w.org\/{rel}","templated":true}]}}