

{"id":35580,"date":"2024-01-09T14:32:07","date_gmt":"2024-01-09T17:32:07","guid":{"rendered":"https:\/\/siteshom.goias.gov.br\/agr\/?page_id=35580"},"modified":"2024-07-09T03:41:33","modified_gmt":"2024-07-09T06:41:33","slug":"mapa-do-site","status":"publish","type":"page","link":"https:\/\/goias.gov.br\/agr\/mapa-do-site\/","title":{"rendered":"Mapa do Site"},"content":{"rendered":"<div id=\"custom-sitemap\" class=\"sitemap-container\"><div class='sitemap-group'><h3>A<\/h3><ul><li><a href='https:\/\/goias.gov.br\/agr\/audiencia-e-consultas-publicas\/' target='_blank'>AUDI\u00caNCIAS E CONSULTAS P\u00daBLICAS<\/a><\/li><li><a href='https:\/\/goias.gov.br\/agr\/acesso-a-informacao\/' target='_blank'>ACESSO \u00c0 INFORMA\u00c7\u00c3O<\/a><\/li><li><a href='https:\/\/goias.gov.br\/agr\/acessibilidade\/' target='_blank'>ACESSIBILIDADE<\/a><\/li><li><a href='https:\/\/goias.gov.br\/agr\/revista-agr-em-foco\/' target='_blank'>AGR EM FOCO<\/a><\/li><li><a href='https:\/\/goias.gov.br\/agr\/artigos\/' target='_blank'>ARTIGOS<\/a><\/li><li><a href='https:\/\/www.portal.agr.go.gov.br\/ouvidoria\/pages\/externo\/acompanharManifestacao.xhtml' target='_blank'>ACOMPANHAR PROTOCOLO<\/a><\/li><li><a href='https:\/\/portal.al.go.leg.br\/' target='_blank'>ASSEMBLEIA LEGISLATIVA DO ESTADO DE GOI\u00c1S<\/a><\/li><li><a href='https:\/\/goias.gov.br\/agr\/agenda-de-autoridades\/' target='_blank'>AGENDA DE AUTORIDADES<\/a><\/li><li><a href='https:\/\/goias.gov.br\/agr\/acordos-sem-transferencia-de-recursos\/' target='_blank'>ACORDOS SEM TRANSFER\u00caNCIA DE RECURSOS<\/a><\/li><li><a href='https:\/\/goias.gov.br\/agr\/autoridade-de-monitoramento-de-pedidos-de-acesso-a-informacao-2\/' target='_blank'>\n AUTORIDADE DE MONITORAMENTO DE APLICA\u00c7\u00c3O DA LAI<\/a><\/li><li><a href='https:\/\/goias.gov.br\/agr\/autoridade-de-monitoramento-de-pedidos-de-acesso-a-informacao-2\/' target='_blank'>AUTORIDADE DE MONITORAMENTO DE APLICA\u00c7\u00c3O DA LAI<\/a><\/li><li><a href='https:\/\/goias.gov.br\/agr\/participacao-publica\/' target='_blank'>AUDI\u00caNCIAS P\u00daBLICAS<\/a><\/li><li><a href='https:\/\/www.administracao.go.gov.br\/?option=com_content&view=article&id=18243' target='_blank'>AG\u00caNCIA GOIANA DE REGULA\u00c7\u00c3O, CONTROLE E FISCALIZA\u00c7\u00c3O DE SERVI\u00c7OS P\u00daBLICOS<\/a><\/li><\/ul><\/div><div class='sitemap-group'><h3>B<\/h3><ul><li><a href='https:\/\/goias.gov.br\/agr\/wp-content\/uploads\/sites\/43\/2025\/06\/Relatorio-de-bens-moveis-2025.pdf' target='_blank'>BENS M\u00d3VEIS<\/a><\/li><li><a href='https:\/\/www.transparencia.go.gov.br\/wp-content\/uploads\/sites\/2\/painel\/lai.php?painel=bens_imoveis&orgao=agr' target='_blank'>BENS IM\u00d3VEIS<\/a><\/li><li><a href='https:\/\/goias.gov.br\/economia\/prestacao-de-contas-de-governo\/' target='_blank'>BALAN\u00c7O GERAL DO ESTADO<\/a><\/li><\/ul><\/div><div class='sitemap-group'><h3>C<\/h3><ul><li><a href='https:\/\/goias.gov.br\/agr\/cargos-e-seus-ocupantes\/' target='_blank'>CARGOS E SEUS OCUPANTES<\/a><\/li><li><a href='https:\/\/goias.gov.br\/agr\/codigo-de-etica-daagr\/' target='_blank'>C\u00d3DIGO DE \u00c9TICA DA AGR<\/a><\/li><li><a href='https:\/\/goias.gov.br\/agr\/telefones-enderecos-e-horarios-de-atendimento\/' target='_blank'>CANAIS DE ATENDIMENTO<\/a><\/li><li><a href='https:\/\/www.go.gov.br\/servicos\/servicos-por-orgao\/agencia-goiana-de-regulacao-controle-e-fiscalizacao-de-servicos-publicos' target='_blank'>CARTA DE SERVI\u00c7OS<\/a><\/li><li><a href='https:\/\/goias.gov.br\/agr\/contratos-de-concessao\/' target='_blank'>CONTRATOS DE CONCESS\u00c3O<\/a><\/li><li><a href='https:\/\/goias.gov.br\/agr\/conselho-regulador\/' target='_blank'>CONSELHO REGULADOR<\/a><\/li><li><a href='https:\/\/goias.gov.br\/agr\/camara-de-julgamento\/' target='_blank'>C\u00c2MARA DE JULGAMENTO<\/a><\/li><li><a href='https:\/\/goias.gov.br\/agr\/contabilidade\/' target='_blank'>CONTABILIDADE<\/a><\/li><li><a href='https:\/\/www.portal.agr.go.gov.br\/ouvidoria\/login.jsp' target='_blank'>CADASTRAR MANIFESTA\u00c7\u00c3O<\/a><\/li><li><a href='https:\/\/legisla.casacivil.go.gov.br\/pesquisa_legislacao\/103904\/decreto-9837' target='_blank'>C\u00d3DIGO DE \u00c9TICA<\/a><\/li><li><a href='https:\/\/goias.gov.br\/controladoria' target='_blank'>CONTROLADORIA-GERAL DO ESTADO DE GOI\u00c1S<\/a><\/li><li><a href='https:\/\/arr.economia.go.gov.br\/arr-www\/view\/consultaDocumentos.jsf' target='_blank'>CONSULTAR DARE PAGO<\/a><\/li><li><a href='https:\/\/goias.gov.br\/agr\/cadastro-de-transporte-regular\/' target='_blank'>CADASTRO DE TRANSPORTE REGULAR<\/a><\/li><li><a href='https:\/\/goias.gov.br\/agr\/cadastro-transporte-fretamento-2\/' target='_blank'>CADASTRO DE TRANSPORTE PARA FRETAMENTO<\/a><\/li><li><a href='https:\/\/goias.gov.br\/agr\/competencias\/' target='_blank'>COMPET\u00caNCIAS<\/a><\/li><li><a href='https:\/\/goias.gov.br\/agr\/cargos-e-seus-ocupantes\/' target='_blank'>CARGOS E SEUS OCUPANTES<\/a><\/li><li><a href='https:\/\/goias.gov.br\/agr\/wp-content\/uploads\/sites\/43\/2025\/06\/SEI-202400029001967-conselhos.pdf' target='_blank'>CONSELHOS<\/a><\/li><li><a href='https:\/\/goias.gov.br\/agr\/convenios-recebidos\/' target='_blank'>CONV\u00caNIOS RECEBIDOS<\/a><\/li><li><a href='https:\/\/goias.gov.br\/agr\/convenios-e-transferencias-realizadas\/' target='_blank'>CONV\u00caNIOS CONCEDIDOS<\/a><\/li><li><a href='https:\/\/www.comprasnet.go.gov.br\/' target='_blank'>COMPRASNET COMPRASNET<\/a><\/li><li><a href='https:\/\/www.comprasnet.go.gov.br\/' target='_blank'>COMPRASNET \u00a0<\/a><\/li><li><a href='https:\/\/www.transparencia.go.gov.br\/wp-content\/uploads\/sites\/2\/painel\/lai.php?painel=contratos_detalhamento&orgao=agr' target='_blank'>CONTRATOS<\/a><\/li><li><a href='https:\/\/goias.gov.br\/agr\/contratos-emergenciais\/' target='_blank'>CONTRATOS EMERGENCIAIS<\/a><\/li><li><a href='https:\/\/goias.gov.br\/agr\/wp-content\/uploads\/sites\/43\/2025\/06\/Declaracao-locacao-de-imoveis.pdf' target='_blank'>CONTRATOS DE LOCA\u00c7\u00c3O DE IM\u00d3VEIS<\/a><\/li><li><a href='https:\/\/goias.gov.br\/agr\/classificacao-das-informacoes-sigilosas-2\/' target='_blank'>\n CLASSIFICA\u00c7\u00c3O DAS INFORMA\u00c7\u00d5ES SIGILOSAS<\/a><\/li><li><a href='https:\/\/goias.gov.br\/agr\/classificacao-das-informacoes-sigilosas-2\/' target='_blank'>CLASSIFICA\u00c7\u00c3O DAS INFORMA\u00c7\u00d5ES SIGILOSAS<\/a><\/li><li><a href='https:\/\/goias.gov.br\/agr\/participacao-publica\/' target='_blank'>CONSULTAS P\u00daBLICAS<\/a><\/li><\/ul><\/div><div class='sitemap-group'><h3>D<\/h3><ul><li><a href='https:\/\/dadosabertos.go.gov.br\/' target='_blank'>DADOS ABERTOS<\/a><\/li><li><a href='https:\/\/www.go.gov.br\/servicos-digitais\/cge\/nova-ouvidoria\/nova-manifestacao\/tela-negativo?orgao=3' target='_blank'>DEN\u00daNCIAS CONTRA CORRUP\u00c7\u00c3O<\/a><\/li><li><a href='http:\/\/diariooficial.abc.go.gov.br\/' target='_blank'>DI\u00c1RIO OFICIAL<\/a><\/li><li><a href='https:\/\/dadosabertos.go.gov.br\/' target='_blank'>DADOS ABERTOS GOI\u00c1S<\/a><\/li><li><a href='https:\/\/goias.gov.br\/agr\/doacoes\/' target='_blank'>DOA\u00c7\u00d5ES<\/a><\/li><li><a href='https:\/\/www.transparencia.go.gov.br\/lai.php?painel=diarias&orgao=agr' target='_blank'>DI\u00c1RIAS DI\u00c1RIAS<\/a><\/li><li><a href='https:\/\/www.transparencia.go.gov.br\/lai.php?painel=diarias&orgao=agr' target='_blank'>DI\u00c1RIAS \u00a0<\/a><\/li><\/ul><\/div><div class='sitemap-group'><h3>E<\/h3><ul><li><a href='https:\/\/goias.gov.br\/agr\/energia-new\/' target='_blank'>ENERGIA<\/a><\/li><li><a href='https:\/\/goias.gov.br\/agr\/energia\/' target='_blank'>ENERGIA EL\u00c9TRICA<\/a><\/li><li><a href='https:\/\/www.go.gov.br\/servicos-digitais\/cge\/nova-ouvidoria\/pedido-informacao-publica?orgao=3&tipo_manifestacao=7' target='_blank'>E-SIC<\/a><\/li><li><a href='https:\/\/www.go.gov.br\/servicos-digitais\/cge\/nova-ouvidoria\/pedido-informacao-publica?orgao=3&tipo_manifestacao=7' target='_blank'>E-SIC - SERVI\u00c7O ELETR\u00d4NICO DE INFORMA\u00c7\u00c3O AO CIDAD\u00c3O<\/a><\/li><li><a href='https:\/\/goias.gov.br\/agr\/emitir-dare\/' target='_blank'>EMISS\u00c3O DARE<\/a><\/li><li><a href='https:\/\/goias.gov.br\/administracao\/agencia-goiana-de-regulacao-controle-e-fiscalizacao-de-servicos-publicos-agr-dados-gerais\/' target='_blank'>ESTRUTURA ORGANIZACIONAL<\/a><\/li><li><a href='https:\/\/goias.gov.br\/agr\/telefones-enderecos-e-horarios-de-atendimento\/' target='_blank'>ENDERE\u00c7OS, TELEFONES, E-MAILS E HOR\u00c1RIOS DE ATENDIMENTO<\/a><\/li><li><a href='https:\/\/www.transparencia.go.gov.br\/lai.php?painel=empenhos&orgao=agr' target='_blank'>EMPENHOS E PAGAMENTOS<\/a><\/li><li><a href='https:\/\/www.transparencia.go.gov.br\/wp-content\/uploads\/sites\/2\/painel\/lai.php?painel=execucao_orcamentaria_visao_geral&orgao=agr' target='_blank'>EXECU\u00c7\u00c3O OR\u00c7AMENT\u00c1RIA<\/a><\/li><li><a href='https:\/\/goias.gov.br\/agr\/wp-content\/uploads\/sites\/43\/2025\/06\/Declaracao-sobre-emendas.pdf' target='_blank'>EMENDAS PARLAMENTARES ESTADUAIS<\/a><\/li><li><a href='https:\/\/goias.gov.br\/agr\/wp-content\/uploads\/sites\/43\/2025\/06\/Declaracao-sobre-emendas.pdf' target='_blank'>EMENDAS PARLAMENTARES FEDERAIS<\/a><\/li><li><a href='https:\/\/www.go.gov.br\/servicos-digitais\/cge\/nova-ouvidoria\/nova-manifestacao?orgao=3' target='_blank'>\n E-SIC ELETR\u00d4NICO<\/a><\/li><li><a href='https:\/\/goias.gov.br\/agr\/encarregado-pelo-tratamento-dos-dados-pessoais\/' target='_blank'>\n ENCARREGADO PELO TRATAMENTO DOS DADOS PESSOAIS<\/a><\/li><li><a href='https:\/\/www.go.gov.br\/' target='_blank'>\n EXPRESSO GOI\u00c1S<\/a><\/li><li><a href='https:\/\/www.go.gov.br\/servicos-digitais\/cge\/nova-ouvidoria\/nova-manifestacao?orgao=3' target='_blank'>E-SIC ELETR\u00d4NICO<\/a><\/li><li><a href='https:\/\/goias.gov.br\/agr\/encarregado-pelo-tratamento-dos-dados-pessoais\/' target='_blank'>ENCARREGADO PELO TRATAMENTO DOS DADOS PESSOAIS<\/a><\/li><li><a href='https:\/\/www.go.gov.br\/' target='_blank'>EXPRESSO GOI\u00c1S<\/a><\/li><\/ul><\/div><div class='sitemap-group'><h3>F<\/h3><ul><li><a href='https:\/\/goias.gov.br\/agr\/financas-e-divida-ativa\/' target='_blank'>FINAN\u00c7AS E D\u00cdVIDA ATIVA<\/a><\/li><li><a href='https:\/\/goias.gov.br\/agr\/fale-conosco\/' target='_blank'>FALE CONOSCO<\/a><\/li><li><a href='https:\/\/www.facebook.com\/agrgoias' target='_blank'>FACEBOOK<\/a><\/li><li><a href='https:\/\/www.transparencia.go.gov.br\/lai.php?painel=folha_de_pagamento_salarios_de_servidores_ativos&orgao=agr' target='_blank'>FOLHA DE PAGAMENTO<\/a><\/li><\/ul><\/div><div class='sitemap-group'><h3>G<\/h3><ul><li><a href='https:\/\/goias.gov.br\/agr\/galeria-de-secretarios\/' target='_blank'>GALERIA DE SECRET\u00c1RIOS<\/a><\/li><li><a href='https:\/\/goias.gov.br\/agr\/gestao-de-pessoas\/' target='_blank'>GEST\u00c3O DE PESSOAS<\/a><\/li><li><a href='https:\/\/goias.gov.br\/agr\/gerencia-de-tecnologia\/' target='_blank'>GER\u00caNCIA DE TECNOLOGIA<\/a><\/li><li><a href='https:\/\/www.gov.br\/' target='_blank'>GOVERNO FEDERAL<\/a><\/li><li><a href='https:\/\/transparencia.go.gov.br\/' target='_blank'>GOI\u00c1S TRANSPAR\u00caNCIA<\/a><\/li><li><a href='https:\/\/www.transparencia.go.gov.br\/lai.php?painel=gastos_governamentais&orgao=agr' target='_blank'>GASTOS GOVERNAMENTAIS<\/a><\/li><li><a href='https:\/\/www.transparencia.go.gov.br\/lai.php?painel=publicidade_propaganda&orgao=agr' target='_blank'>GASTOS COM PUBLICIDADE E PROPAGANDA<\/a><\/li><\/ul><\/div><div class='sitemap-group'><h3>I<\/h3><ul><li><a href='https:\/\/goias.gov.br\/agr\/a-agencia\/' target='_blank'>INSTITUCIONAL<\/a><\/li><li><a href='https:\/\/www.instagram.com\/agrgoias\/' target='_blank'>INSTAGRAM<\/a><\/li><li><a href='https:\/\/www.transparencia.go.gov.br\/wp-content\/uploads\/sites\/2\/painel\/lai.php?painel=pda&orgao=agr' target='_blank'>INVENT\u00c1RIO DE DADOS<\/a><\/li><\/ul><\/div><div class='sitemap-group'><h3>J<\/h3><ul><li><a href='https:\/\/goias.gov.br\/agr\/julgamento-das-contas-plo-tce-go\/' target='_blank'>JULGAMENTO DAS CONTAS PELO TCE-GO<\/a><\/li><\/ul><\/div><div class='sitemap-group'><h3>L<\/h3><ul><li><a href='https:\/\/goias.gov.br\/agr\/licitacoes\/' target='_blank'>LICITA\u00c7\u00d5ES, CONTRATOS E CONV\u00caNIOS<\/a><\/li><li><a href='https:\/\/legisla.casacivil.go.gov.br\/pesquisa_legislacao\/81411\/lei-13569' target='_blank'>LEI DE CRIA\u00c7\u00c3O<\/a><\/li><li><a href='https:\/\/goias.gov.br\/agr\/lei-geral-de-protecao-de-dados\/' target='_blank'>LGPD<\/a><\/li><li><a href='https:\/\/goias.gov.br\/agr\/logotipo-de-adesivos\/' target='_blank'>LOGOTIPO DE ADESIVOS<\/a><\/li><li><a href='https:\/\/goias.gov.br\/agr\/legislacao\/' target='_blank'>LEGISLA\u00c7\u00c3O APLIC\u00c1VEL<\/a><\/li><li><a href='https:\/\/goias.gov.br\/agr\/lista-de-estagiarios\/' target='_blank'>LISTA DE ESTAGI\u00c1RIOS<\/a><\/li><li><a href='https:\/\/www.transparencia.go.gov.br\/wp-content\/uploads\/sites\/2\/painel\/lai.php?painel=licitacoes_licitacoes_concluidas&orgao=agr' target='_blank'>LICITA\u00c7\u00d5ES - COMPRASNET<\/a><\/li><li><a href='https:\/\/www.transparencia.go.gov.br\/wp-content\/uploads\/sites\/2\/painel\/lai.php?painel=licitacoes_concluidas_sislog&orgao=agr' target='_blank'>LICITA\u00c7\u00d5ES - SISLOG<\/a><\/li><li><a href='https:\/\/transparencia.go.gov.br\/fornecedores-impedidos\/' target='_blank'>LICITANTES SANCIONADOS ADMINISTRATIVAMENTE<\/a><\/li><li><a href='https:\/\/transparencia.go.gov.br\/orcamento-e-planejamento-pecas\/' target='_blank'>LDO\/LOA<\/a><\/li><li><a href='https:\/\/legisla.casacivil.go.gov.br\/pesquisa_legislacao\/90142\/lei-18025' target='_blank'>\n LEI DE ACESSO \u00c0 INFORMA\u00c7\u00c3O ESTADUAL<\/a><\/li><li><a href='https:\/\/legisla.casacivil.go.gov.br\/pesquisa_legislacao\/90142\/lei-18025' target='_blank'>LEI DE ACESSO \u00c0 INFORMA\u00c7\u00c3O ESTADUAL<\/a><\/li><\/ul><\/div><div class='sitemap-group'><h3>M<\/h3><ul><li><a href='https:\/\/www.mpgo.mp.br\/portal\/' target='_blank'>MINIST\u00c9RIO P\u00daBLICO DO ESTADO DE GOI\u00c1S<\/a><\/li><li><a href='https:\/\/goias.gov.br\/agr\/monitoramento-de-programas-projetos-acoes-e-atividades\/' target='_blank'>MONITORAMENTO DE PROGRAMAS, PROJETOS, A\u00c7\u00d5ES E ATIVIDADES<\/a><\/li><\/ul><\/div><div class='sitemap-group'><h3>N<\/h3><ul><li><a href='https:\/\/goias.gov.br\/agr\/categoria\/noticias\/' target='_blank'>NOT\u00cdCIAS<\/a><\/li><li><a href='https:\/\/goias.gov.br\/agr\/nossa-historia\/' target='_blank'>NOSSA HIST\u00d3RIA<\/a><\/li><\/ul><\/div><div class='sitemap-group'><h3>O<\/h3><ul><li><a href='https:\/\/goias.gov.br\/agr\/ouvidoria-itinerante\/' target='_blank'>OUVIDORIA ITINERANTE<\/a><\/li><li><a href='https:\/\/goias.gov.br\/agr\/fiscalizacao-das-oss\/' target='_blank'>ORGANIZA\u00c7\u00d5ES SOCIAIS DE SA\u00daDE E SOCIEDADE CIVIL<\/a><\/li><li><a href='https:\/\/goias.gov.br\/agr\/ouvidoria-setorial\/' target='_blank'>OUVIDORIA SETORIAL<\/a><\/li><li><a href='https:\/\/www.go.gov.br\/servicos-digitais\/cge\/nova-ouvidoria?orgao=3' target='_blank'>OUVIDORIA<\/a><\/li><li><a href='https:\/\/www.go.gov.br\/servicos-digitais\/cge\/nova-ouvidoria?orgao=3' target='_blank'>OUVIDORIA SETORIAL (EXPRESSO)<\/a><\/li><li><a href='https:\/\/goias.gov.br\/agr\/ouvidoria-setorial\/' target='_blank'>OUVIDORIA SETORIAL (PRESENCIAL)<\/a><\/li><li><a href='https:\/\/www.transparencia.go.gov.br\/lai.php?painel=ordem_cronologica_despesas&orgao=agr' target='_blank'>ORDEM CRONOL\u00d3GICA DE PAGAMENTOS<\/a><\/li><li><a href='https:\/\/goias.gov.br\/agr\/obras\/' target='_blank'>OBRAS<\/a><\/li><li><a href='https:\/\/goias.gov.br\/agr\/obras-paralisadas\/' target='_blank'>OBRAS PARALISADAS<\/a><\/li><li><a href='https:\/\/goias.gov.br\/agr\/obras-audiencias-consultas-publicas\/' target='_blank'>OBRAS - AUDI\u00caNCIAS\/CONSULTAS P\u00daBLICAS<\/a><\/li><li><a href='https:\/\/goias.gov.br\/agr\/atendimento-presencial-ouvidoria\/' target='_blank'>\n OUVIDORIA - ATENDIMENTO PRESENCIAL<\/a><\/li><li><a href='https:\/\/goias.gov.br\/agr\/atendimento-presencial-ouvidoria\/' target='_blank'>OUVIDORIA - ATENDIMENTO PRESENCIAL<\/a><\/li><\/ul><\/div><div class='sitemap-group'><h3>P<\/h3><ul><li><a href='https:\/\/www.agr.go.gov.br\/component\/content\/article\/2-institucional\/2291-processo-seletivo-simplificado-contrato-tempor%C3%A1rio.html' target='_blank'>PROCESSOS SELETIVOS<\/a><\/li><li><a href='https:\/\/goias.gov.br\/agr\/planejamento-estrategico\/' target='_blank'>PLANEJAMENTO ESTRAT\u00c9GICO<\/a><\/li><li><a href='https:\/\/goias.gov.br\/agr\/participacao-publica\/' target='_blank'>PARTICIPA\u00c7\u00c3O P\u00daBLICA<\/a><\/li><li><a href='https:\/\/goias.gov.br\/agr\/processo-seletivo-simplificado-contrato-temporario\/' target='_blank'>PROCESSO SELETIVO SIMPLIFICADO \u2013 CONTRATO TEMPOR\u00c1RIO<\/a><\/li><li><a href='https:\/\/goias.gov.br\/agr\/programa-de-compliance-publico\/' target='_blank'>PROGRAMA DE COMPLIANCE P\u00daBLICO<\/a><\/li><li><a href='https:\/\/transparencia.go.gov.br\/' target='_blank'>PORTAL DA TRANSPAR\u00caNCIA<\/a><\/li><li><a href='https:\/\/goias.gov.br\/controladoria\/programa-de-compliance-publico-do-governo-de-goias\/' target='_blank'>PCP<\/a><\/li><li><a href='https:\/\/goias.gov.br\/procuradoria\/' target='_blank'>PROCURADORIA-GERAL DO ESTADO DE GOI\u00c1S<\/a><\/li><li><a href='https:\/\/goias.gov.br\/agr\/procuradoria-setorial\/' target='_blank'>PROCURADORIA SETORIAL<\/a><\/li><li><a href='https:\/\/goias.gov.br\/agr\/programa-de-compliance-publico\/' target='_blank'>PROGRAMA DE COMPLIANCE P\u00daBLICO - PCP<\/a><\/li><li><a href='https:\/\/sislog.go.gov.br\/Pca' target='_blank'>PCA - PLANO DE CONTRATA\u00c7\u00d5ES ANUAL<\/a><\/li><li><a href='https:\/\/www.gov.br\/pncp\/pt-br\/acesso-a-informacao\/painel-pncp-em-numeros\/pncp-em-numeros-contratacoes\/pncp-em-numeros-municipio' target='_blank'>PNCP<\/a><\/li><li><a href='https:\/\/goias.gov.br\/agr\/parcerias-com-oscs\/' target='_blank'>PARCERIAS COM OSCS<\/a><\/li><li><a href='https:\/\/goias.gov.br\/agr\/plano-estrategico-institucional\/' target='_blank'>PLANO ESTRAT\u00c9GICO INSTITUCIONAL<\/a><\/li><li><a href='https:\/\/ppa.go.gov.br\/' target='_blank'>PPA<\/a><\/li><li><a href='https:\/\/www.planalto.gov.br\/ccivil_03\/_ato2015-2018\/2018\/lei\/l13709.htm' target='_blank'>\n POL\u00cdTICA DE PRIVACIDADE E PROTE\u00c7\u00c3O DE DADOS<\/a><\/li><li><a href='https:\/\/app.powerbi.com\/view?r=eyJrIjoiNmRhN2MzZmYtMWZkMi00ODdmLWJhNGQtYTJkODcwNDJlMTU4IiwidCI6IjY3ZmQ0MzFjLWIyYWQtNDg2Ny04MWJjLWQ3NTYyMjBiNTZkNCJ9' target='_blank'>\n PESQUISAS DE SATISFA\u00c7\u00c3O<\/a><\/li><li><a href='https:\/\/www.planalto.gov.br\/ccivil_03\/_ato2015-2018\/2018\/lei\/l13709.htm' target='_blank'>POL\u00cdTICA DE PRIVACIDADE E PROTE\u00c7\u00c3O DE DADOS<\/a><\/li><li><a href='https:\/\/app.powerbi.com\/view?r=eyJrIjoiNmRhN2MzZmYtMWZkMi00ODdmLWJhNGQtYTJkODcwNDJlMTU4IiwidCI6IjY3ZmQ0MzFjLWIyYWQtNDg2Ny04MWJjLWQ3NTYyMjBiNTZkNCJ9' target='_blank'>PESQUISAS DE SATISFA\u00c7\u00c3O<\/a><\/li><li><a href='https:\/\/www.transparencia.go.gov.br\/' target='_blank'>PORTAL GOI\u00c1S TRANSPARENTE<\/a><\/li><li><a href='https:\/\/goias.gov.br\/agr\/projetos-de-participacao-social\/' target='_blank'>PROJETOS DE PARTICIPA\u00c7\u00c3O SOCIAL<\/a><\/li><li><a href='https:\/\/goias.gov.br\/agr\/projetos-de-inovacao-no-servico-publico\/' target='_blank'>PROJETOS DE INOVA\u00c7\u00c3O NO SERVI\u00c7O P\u00daBLICO<\/a><\/li><\/ul><\/div><div class='sitemap-group'><h3>R<\/h3><ul><li><a href='https:\/\/legisla.casacivil.go.gov.br\/pesquisa_legislacao\/107715\/decreto-10319' target='_blank'>REGULAMENTO<\/a><\/li><li><a href='https:\/\/goias.gov.br\/agr\/reajuste-tarifario-saneamento\/' target='_blank'>REAJUSTE TARIF\u00c1RIO SANEAMENTO<\/a><\/li><li><a href='https:\/\/goias.gov.br\/agr\/regulacao-economica\/' target='_blank'>REGULA\u00c7\u00c3O ECON\u00d4MICA<\/a><\/li><li><a href='https:\/\/goias.gov.br\/agr\/revista-agr-em-foco\/' target='_blank'>REVISTA AGR EM FOCO<\/a><\/li><li><a href='https:\/\/radardatransparencia.atricon.org.br\/' target='_blank'>RADAR DA TRANSPAR\u00caNCIA<\/a><\/li><li><a href='https:\/\/www.transparencia.go.gov.br\/lai.php?painel=receitas_estaduais&orgao=agr' target='_blank'>RECEITA ESTADUAL<\/a><\/li><li><a href='https:\/\/goias.gov.br\/agr\/relacao-de-terceirizados\/' target='_blank'>RELA\u00c7\u00c3O DE TERCEIRIZADOS<\/a><\/li><li><a href='https:\/\/www.transparencia.go.gov.br\/wp-content\/uploads\/sites\/2\/painel\/lai.php?painel=contratos_fiscais_e_gestores&orgao=agr' target='_blank'>RELA\u00c7\u00c3O DOS FISCAIS DOS CONTRATOS<\/a><\/li><li><a href='https:\/\/goias.gov.br\/agr\/wp-content\/uploads\/sites\/43\/2025\/06\/SEI_75888824_Planilha-de-veiculos.pdf' target='_blank'>RELA\u00c7\u00c3O DE VE\u00cdCULOS<\/a><\/li><li><a href='https:\/\/goias.gov.br\/agr\/relatorio-de-gestao-ou-atividades\/' target='_blank'>RELAT\u00d3RIO DE GEST\u00c3O OU ATIVIDADES<\/a><\/li><li><a href='https:\/\/transparencia.go.gov.br\/gestao-fiscal-e-governamental-rgf\/' target='_blank'>RGF<\/a><\/li><li><a href='https:\/\/transparencia.go.gov.br\/rreo\/' target='_blank'>RREO<\/a><\/li><li><a href='https:\/\/goias.gov.br\/agr\/wp-content\/uploads\/sites\/43\/2026\/02\/Relatorio-de-Gestao-de-Ouvidoria-2025.pdf' target='_blank'>\n RELAT\u00d3RIO DE GEST\u00c3O DE OUVIDORIA<\/a><\/li><li><a href='https:\/\/goias.gov.br\/agr\/wp-content\/uploads\/sites\/43\/2026\/02\/Relatorio-de-Gestao-de-Ouvidoria-2025.pdf' target='_blank'>RELAT\u00d3RIO DE GEST\u00c3O DE OUVIDORIA<\/a><\/li><\/ul><\/div><div class='sitemap-group'><h3>S<\/h3><ul><li><a href='https:\/\/goias.gov.br\/agr\/saneamento-basico\/' target='_blank'>SANEAMENTO B\u00c1SICO<\/a><\/li><li><a href='https:\/\/goias.gov.br\/administracao\/siga-eng\/' target='_blank'>SIGA<\/a><\/li><li><a href='https:\/\/www.go.gov.br\/unidadesvaptvupt' target='_blank'>SIC - SERVI\u00c7O DE INFORMA\u00c7\u00c3O AO CIDAD\u00c3O<\/a><\/li><li><a href='https:\/\/goias.gov.br\/agr\/perguntas-frequentes-energia-eletrica\/' target='_blank'>SOBRE ENERGIA<\/a><\/li><li><a href='https:\/\/goias.gov.br\/agr\/perguntas-frequentes-protocolo-de-ouvidoria\/' target='_blank'>SOBRE OUVIDORIA<\/a><\/li><li><a href='https:\/\/goias.gov.br\/agr\/perguntas-frequentes-regulacao-economica-e-desestatizacao\/' target='_blank'>SOBRE REGULA\u00c7\u00c3O ECON\u00d4MICA E DESESTATIZA\u00c7\u00c3O<\/a><\/li><li><a href='https:\/\/goias.gov.br\/agr\/perguntas-frequentes-saneamento\/' target='_blank'>SOBRE\u00a0SANEAMENTO<\/a><\/li><li><a href='https:\/\/goias.gov.br\/agr\/perguntas-frequentes-transporte-intermunicipal\/' target='_blank'>SOBRE TRANSPORTE<\/a><\/li><li><a href='https:\/\/goias.gov.br\/agr\/transparencia-publica\/' target='_blank'>SOBRE TRANSPAR\u00caNCIA P\u00daBLICA<\/a><\/li><li><a href='https:\/\/goias.gov.br\/agr\/sobre-o-protocolo\/' target='_blank'>SOBRE O PROTOCOLO<\/a><\/li><li><a href='https:\/\/sislog.go.gov.br\/' target='_blank'>SISLOG<\/a><\/li><li><a href='https:\/\/www.go.gov.br\/servicos-digitais\/vapt-vupt\/unidades-e-filas\/unidades' target='_blank'>\n SIC F\u00cdSICO - UNIDADES DO VAPT VUPT<\/a><\/li><li><a href='https:\/\/www.go.gov.br\/servicos-digitais\/vapt-vupt\/unidades-e-filas\/unidades' target='_blank'>SIC F\u00cdSICO - UNIDADES DO VAPT VUPT<\/a><\/li><\/ul><\/div><div class='sitemap-group'><h3>T<\/h3><ul><li><a href='https:\/\/goias.gov.br\/agr\/transporte\/' target='_blank'>TRANSPORTE DE PASSAGEIROS<\/a><\/li><li><a href='https:\/\/goias.gov.br\/agr\/bens-desestatizados\/' target='_blank'>TERMINAIS RODOVI\u00c1RIOS DE PASSAGEIROS<\/a><\/li><li><a href='https:\/\/www.tjgo.jus.br\/' target='_blank'>TRIBUNAL DE JUSTI\u00c7A DO ESTADO DE GOI\u00c1S<\/a><\/li><li><a href='https:\/\/twitter.com\/agrgoias' target='_blank'>TWITTER<\/a><\/li><\/ul><\/div><div class='sitemap-group'><h3>Y<\/h3><ul><li><a href='https:\/\/www.youtube.com\/@agrgoias' target='_blank'>YOUTUBE<\/a><\/li><\/ul><\/div><\/div>\n","protected":false},"excerpt":{"rendered":"","protected":false},"author":1,"featured_media":0,"parent":0,"menu_order":0,"comment_status":"closed","ping_status":"closed","template":"","meta":{"footnotes":""},"class_list":["post-35580","page","type-page","status-publish","hentry"],"rttpg_featured_image_url":null,"rttpg_author":{"display_name":"wagner.viana","author_link":"https:\/\/goias.gov.br\/agr\/author\/wagner-viana\/"},"rttpg_comment":0,"rttpg_category":null,"rttpg_excerpt":null,"_links":{"self":[{"href":"https:\/\/goias.gov.br\/agr\/wp-json\/wp\/v2\/pages\/35580","targetHints":{"allow":["GET"]}}],"collection":[{"href":"https:\/\/goias.gov.br\/agr\/wp-json\/wp\/v2\/pages"}],"about":[{"href":"https:\/\/goias.gov.br\/agr\/wp-json\/wp\/v2\/types\/page"}],"author":[{"embeddable":true,"href":"https:\/\/goias.gov.br\/agr\/wp-json\/wp\/v2\/users\/1"}],"replies":[{"embeddable":true,"href":"https:\/\/goias.gov.br\/agr\/wp-json\/wp\/v2\/comments?post=35580"}],"version-history":[{"count":2,"href":"https:\/\/goias.gov.br\/agr\/wp-json\/wp\/v2\/pages\/35580\/revisions"}],"predecessor-version":[{"id":79326,"href":"https:\/\/goias.gov.br\/agr\/wp-json\/wp\/v2\/pages\/35580\/revisions\/79326"}],"wp:attachment":[{"href":"https:\/\/goias.gov.br\/agr\/wp-json\/wp\/v2\/media?parent=35580"}],"curies":[{"name":"wp","href":"https:\/\/api.w.org\/{rel}","templated":true}]}}