

{"id":210598,"date":"2025-06-27T11:06:54","date_gmt":"2025-06-27T14:06:54","guid":{"rendered":"https:\/\/goias.gov.br\/agr\/?page_id=210598"},"modified":"2025-12-15T09:47:59","modified_gmt":"2025-12-15T12:47:59","slug":"organograma-da-gerencia-de-tecnologia","status":"publish","type":"page","link":"https:\/\/goias.gov.br\/agr\/organograma-da-gerencia-de-tecnologia\/","title":{"rendered":"Organograma da Ger\u00eancia de Tecnologia"},"content":{"rendered":"\t\t<div data-elementor-type=\"wp-page\" data-elementor-id=\"210598\" class=\"elementor elementor-210598\">\n\t\t\t\t<div class=\"elementor-element elementor-element-c2041db e-flex e-con-boxed e-con e-parent\" data-id=\"c2041db\" data-element_type=\"container\" data-e-type=\"container\">\n\t\t\t\t\t<div class=\"e-con-inner\">\n\t\t\t\t<div class=\"elementor-element elementor-element-a821739 elementor-widget elementor-widget-text-editor\" data-id=\"a821739\" data-element_type=\"widget\" data-e-type=\"widget\" data-widget_type=\"text-editor.default\">\n\t\t\t\t\t\t\t\t\t<p style=\"text-align: justify;\"><span style=\"font-weight: 400;\">A Ger\u00eancia de Tecnologia (GETEC) \u00e9 a unidade respons\u00e1vel pelo planejamento estrat\u00e9gico de Tecnologia da Informa\u00e7\u00e3o (TI), pela gest\u00e3o de sistemas, infraestrutura tecnol\u00f3gica e servi\u00e7os de comunica\u00e7\u00e3o da AGR. Atua diretamente no suporte \u00e0s \u00e1reas final\u00edsticas da Ag\u00eancia, promovendo a moderniza\u00e7\u00e3o, automa\u00e7\u00e3o de processos e o fortalecimento da governan\u00e7a digital.<\/span><\/p><h1 style=\"text-align: center;\"><b>Estrutura Organizacional da GETEC<\/b><\/h1><p><img fetchpriority=\"high\" decoding=\"async\" class=\"aligncenter wp-image-210611 size-large\" src=\"https:\/\/goias.gov.br\/agr\/wp-content\/uploads\/sites\/43\/2025\/06\/Organograma-1024x933.png\" alt=\"\" width=\"1024\" height=\"933\" srcset=\"https:\/\/goias.gov.br\/agr\/wp-content\/uploads\/sites\/43\/2025\/06\/Organograma-1024x933.png 1024w, https:\/\/goias.gov.br\/agr\/wp-content\/uploads\/sites\/43\/2025\/06\/Organograma-300x273.png 300w, https:\/\/goias.gov.br\/agr\/wp-content\/uploads\/sites\/43\/2025\/06\/Organograma-768x700.png 768w, https:\/\/goias.gov.br\/agr\/wp-content\/uploads\/sites\/43\/2025\/06\/Organograma-1536x1400.png 1536w, https:\/\/goias.gov.br\/agr\/wp-content\/uploads\/sites\/43\/2025\/06\/Organograma-2048x1866.png 2048w\" sizes=\"(max-width: 1024px) 100vw, 1024px\" \/><\/p><h1 style=\"text-align: center;\"><b>Atribui\u00e7\u00f5es da Ger\u00eancia de Tecnologia<\/b><\/h1><p style=\"padding-left: 40px; text-align: justify;\"><span style=\"font-weight: 400;\">Planejamento estrat\u00e9gico de TI;<\/span><\/p><p style=\"padding-left: 40px; text-align: justify;\"><span style=\"font-weight: 400;\">Apoio \u00e0s Coordena\u00e7\u00f5es subordinadas;<\/span><\/p><p style=\"padding-left: 40px; text-align: justify;\"><span style=\"font-weight: 400;\">Gest\u00e3o de contratos de TI e acompanhamento de indicadores de desempenho (SLA);<\/span><\/p><p style=\"padding-left: 40px; text-align: justify;\"><span style=\"font-weight: 400;\">Elabora\u00e7\u00e3o de termos de refer\u00eancia e especifica\u00e7\u00f5es t\u00e9cnicas para aquisi\u00e7\u00f5es de solu\u00e7\u00f5es de tecnologia;<\/span><\/p><p style=\"padding-left: 40px; text-align: justify;\"><span style=\"font-weight: 400;\">Estudos e defini\u00e7\u00f5es de equipamentos, sistemas e servi\u00e7os em processos licitat\u00f3rios;<\/span><\/p><p style=\"padding-left: 40px; text-align: justify;\"><span style=\"font-weight: 400;\">Promo\u00e7\u00e3o de a\u00e7\u00f5es de inova\u00e7\u00e3o tecnol\u00f3gica e transforma\u00e7\u00e3o digital;<\/span><\/p><p style=\"padding-left: 40px; text-align: justify;\"><span style=\"font-weight: 400;\">Apoio \u00e0 Elabora\u00e7\u00e3o e Defini\u00e7\u00e3o de Procedimentos Operacionais Padr\u00e3o.<\/span><\/p><h1 style=\"text-align: center;\"><b>Atribui\u00e7\u00f5es da Coordena\u00e7\u00e3o de Sistemas e Inova\u00e7\u00e3o<\/b><\/h1><p><span style=\"font-weight: 400;\">Respons\u00e1vel por:<\/span><\/p><p style=\"padding-left: 40px; text-align: justify;\"><span style=\"font-weight: 400;\">Desenvolvimento e manuten\u00e7\u00e3o dos sistemas corporativos e final\u00edsticos da AGR;<\/span><\/p><p style=\"padding-left: 40px; text-align: justify;\"><span style=\"font-weight: 400;\">Levantamento de requisitos t\u00e9cnicos e funcionais junto \u00e0s \u00e1reas demandantes;<\/span><\/p><p style=\"padding-left: 40px; text-align: justify;\"><span style=\"font-weight: 400;\">Integra\u00e7\u00e3o entre sistemas institucionais (SEI, portais, APIs);<\/span><\/p><p style=\"padding-left: 40px; text-align: justify;\"><span style=\"font-weight: 400;\">Apoio \u00e0 automa\u00e7\u00e3o de processos e solu\u00e7\u00f5es de inova\u00e7\u00e3o tecnol\u00f3gica;<\/span><\/p><p style=\"padding-left: 40px; text-align: justify;\"><span style=\"font-weight: 400;\">Apoio \u00e0 modelagem de dados e constru\u00e7\u00e3o de relat\u00f3rios gerenciais, dashboards em plataformas de Business Intelligence (BI);<\/span><\/p><p style=\"padding-left: 40px; text-align: justify;\"><span style=\"font-weight: 400;\">Apoio t\u00e9cnico \u00e0s aquisi\u00e7\u00f5es de softwares e servi\u00e7os especializados.<\/span><\/p><p style=\"padding-left: 40px; text-align: justify;\"><span style=\"font-weight: 400;\">Suporte T\u00e9cnico \u00e0 Gest\u00e3o da intranet e Site Institucionais;<\/span><\/p><p style=\"padding-left: 40px; text-align: justify;\"><span style=\"font-weight: 400;\">Implementa\u00e7\u00e3o de solu\u00e7\u00f5es digitais, incluindo sistemas web e aplicativos;<\/span><\/p><p style=\"padding-left: 40px; text-align: justify;\"><span style=\"font-weight: 400;\">Apoio \u00e0 an\u00e1lise de dados corporativos e indicadores estrat\u00e9gicos.<\/span><\/p><h1 style=\"text-align: center;\"><b>Atribui\u00e7\u00f5es Coordena\u00e7\u00e3o de Telecomunica\u00e7\u00e3o, Infraestrutura e Suporte<\/b><\/h1><p><span style=\"font-weight: 400;\">Respons\u00e1vel por:<\/span><\/p><p style=\"padding-left: 40px; text-align: justify;\"><span style=\"font-weight: 400;\">Administra\u00e7\u00e3o de redes, telefonia e servi\u00e7os de conectividade institucional;<\/span><\/p><p style=\"padding-left: 40px; text-align: justify;\"><span style=\"font-weight: 400;\">Instala\u00e7\u00e3o e manuten\u00e7\u00e3o de equipamentos de inform\u00e1tica;<\/span><\/p><p style=\"padding-left: 40px; text-align: justify;\"><span style=\"font-weight: 400;\">Suporte t\u00e9cnico aos usu\u00e1rios internos;<\/span><\/p><p style=\"padding-left: 40px; text-align: justify;\"><span style=\"font-weight: 400;\">Monitoramento da infraestrutura tecnol\u00f3gica, ciberseguran\u00e7a da informa\u00e7\u00e3o;<\/span><\/p><p style=\"padding-left: 40px; text-align: justify;\"><span style=\"font-weight: 400;\">Triagem e atendimento de liga\u00e7\u00f5es externas da Ag\u00eancia;<\/span><\/p><p style=\"padding-left: 40px; text-align: justify;\"><span style=\"font-weight: 400;\">Apoio t\u00e9cnico \u00e0s aquisi\u00e7\u00f5es de equipamentos e servi\u00e7os de infraestrutura de TI.<\/span><\/p><p style=\"text-align: justify;\"><span style=\"font-weight: 400;\">Para garantir a execu\u00e7\u00e3o eficiente dessas atividades, a \u00e1rea de Tecnologia da Informa\u00e7\u00e3o da AGR conta com equipe multidisciplinar, mista de servidores especializados em presta\u00e7\u00e3o de servi\u00e7os de TIC. Atua integradamente no desenvolvimento de solu\u00e7\u00f5es inovadoras, suporte aos usu\u00e1rios e manuten\u00e7\u00e3o da infraestrutura tecnol\u00f3gica.<\/span><\/p><p style=\"text-align: justify;\"><span style=\"font-weight: 400;\">A equipe mista especializada amplia a capacidade t\u00e9cnica da AGR, assegurando a continuidade dos servi\u00e7os de TI, o atendimento eficiente das demandas e o suporte cont\u00ednuo \u00e0 inova\u00e7\u00e3o tecnol\u00f3gica, sempre dentro dos crit\u00e9rios de qualidade, economicidade e seguran\u00e7a. A equipe trabalha com mentalidade e princ\u00edpios \u00e1geis, proporcionando \u00e0 AGR maior flexibilidade t\u00e9cnica, agilidade na execu\u00e7\u00e3o das atividades e capacidade de resposta \u00e0s necessidades institucionais. A \u00e1rea de Tecnologia da Informa\u00e7\u00e3o permanece comprometida com a entrega de solu\u00e7\u00f5es eficientes, seguras e inovadoras, contribuindo para a moderniza\u00e7\u00e3o da gest\u00e3o p\u00fablica e para o fortalecimento dos servi\u00e7os prestados \u00e0 sociedade.<\/span><\/p>\t\t\t\t\t\t\t\t<\/div>\n\t\t\t\t\t<\/div>\n\t\t\t\t<\/div>\n\t\t\t\t<\/div>\n\t\t","protected":false},"excerpt":{"rendered":"<p>A Ger\u00eancia de Tecnologia (GETEC) \u00e9 a unidade respons\u00e1vel pelo planejamento estrat\u00e9gico de Tecnologia da Informa\u00e7\u00e3o (TI), pela gest\u00e3o de sistemas, infraestrutura tecnol\u00f3gica e servi\u00e7os de comunica\u00e7\u00e3o da AGR. Atua diretamente no suporte \u00e0s \u00e1reas final\u00edsticas da Ag\u00eancia, promovendo a moderniza\u00e7\u00e3o, automa\u00e7\u00e3o de processos e o fortalecimento da governan\u00e7a digital. Estrutura Organizacional da GETEC Atribui\u00e7\u00f5es [&hellip;]<\/p>\n","protected":false},"author":242,"featured_media":0,"parent":0,"menu_order":0,"comment_status":"closed","ping_status":"closed","template":"","meta":{"footnotes":""},"class_list":["post-210598","page","type-page","status-publish","hentry"],"rttpg_featured_image_url":null,"rttpg_author":{"display_name":"josegcribeiro","author_link":"https:\/\/goias.gov.br\/agr\/author\/josegcribeiro\/"},"rttpg_comment":0,"rttpg_category":null,"rttpg_excerpt":"A Ger\u00eancia de Tecnologia (GETEC) \u00e9 a unidade respons\u00e1vel pelo planejamento estrat\u00e9gico de Tecnologia da Informa\u00e7\u00e3o (TI), pela gest\u00e3o de sistemas, infraestrutura tecnol\u00f3gica e servi\u00e7os de comunica\u00e7\u00e3o da AGR. Atua diretamente no suporte \u00e0s \u00e1reas final\u00edsticas da Ag\u00eancia, promovendo a moderniza\u00e7\u00e3o, automa\u00e7\u00e3o de processos e o fortalecimento da governan\u00e7a digital. Estrutura Organizacional da GETEC Atribui\u00e7\u00f5es&hellip;","_links":{"self":[{"href":"https:\/\/goias.gov.br\/agr\/wp-json\/wp\/v2\/pages\/210598","targetHints":{"allow":["GET"]}}],"collection":[{"href":"https:\/\/goias.gov.br\/agr\/wp-json\/wp\/v2\/pages"}],"about":[{"href":"https:\/\/goias.gov.br\/agr\/wp-json\/wp\/v2\/types\/page"}],"author":[{"embeddable":true,"href":"https:\/\/goias.gov.br\/agr\/wp-json\/wp\/v2\/users\/242"}],"replies":[{"embeddable":true,"href":"https:\/\/goias.gov.br\/agr\/wp-json\/wp\/v2\/comments?post=210598"}],"version-history":[{"count":3,"href":"https:\/\/goias.gov.br\/agr\/wp-json\/wp\/v2\/pages\/210598\/revisions"}],"predecessor-version":[{"id":279524,"href":"https:\/\/goias.gov.br\/agr\/wp-json\/wp\/v2\/pages\/210598\/revisions\/279524"}],"wp:attachment":[{"href":"https:\/\/goias.gov.br\/agr\/wp-json\/wp\/v2\/media?parent=210598"}],"curies":[{"name":"wp","href":"https:\/\/api.w.org\/{rel}","templated":true}]}}