

{"id":201393,"date":"2025-06-05T14:39:44","date_gmt":"2025-06-05T17:39:44","guid":{"rendered":"https:\/\/goias.gov.br\/agr\/?page_id=201393"},"modified":"2026-01-13T16:13:34","modified_gmt":"2026-01-13T19:13:34","slug":"gerencia-de-tecnologia","status":"publish","type":"page","link":"https:\/\/goias.gov.br\/agr\/gerencia-de-tecnologia\/","title":{"rendered":"Ger\u00eancia de Tecnologia"},"content":{"rendered":"\t\t<div data-elementor-type=\"wp-page\" data-elementor-id=\"201393\" class=\"elementor elementor-201393\">\n\t\t\t\t<div class=\"elementor-element elementor-element-ea49cdc e-flex e-con-boxed e-con e-parent\" data-id=\"ea49cdc\" data-element_type=\"container\" data-e-type=\"container\">\n\t\t\t\t\t<div class=\"e-con-inner\">\n\t\t<div class=\"elementor-element elementor-element-22816bf e-con-full e-flex e-con e-child\" data-id=\"22816bf\" data-element_type=\"container\" data-e-type=\"container\">\n\t\t\t\t<div class=\"elementor-element elementor-element-0349479 elementor-widget elementor-widget-image\" data-id=\"0349479\" data-element_type=\"widget\" data-e-type=\"widget\" data-widget_type=\"image.default\">\n\t\t\t\t\t\t\t\t\t\t\t\t\t\t\t<img decoding=\"async\" src=\"https:\/\/goias.gov.br\/agr\/wp-content\/uploads\/sites\/43\/2025\/06\/imag_21.jpg\" title=\"\" alt=\"\" loading=\"lazy\" \/>\t\t\t\t\t\t\t\t\t\t\t\t\t\t\t<\/div>\n\t\t\t\t<div class=\"elementor-element elementor-element-9b2f797 elementor-widget elementor-widget-text-editor\" data-id=\"9b2f797\" data-element_type=\"widget\" data-e-type=\"widget\" data-widget_type=\"text-editor.default\">\n\t\t\t\t\t\t\t\t\t<p style=\"text-align: justify;\"><span style=\"font-weight: 400;\">A Ger\u00eancia de Tecnologia (GETEC) \u00e9 a unidade da Ag\u00eancia Goiana de Regula\u00e7\u00e3o, Controle e Fiscaliza\u00e7\u00e3o de Servi\u00e7os P\u00fablicos (AGR) respons\u00e1vel por planejar, coordenar e executar as a\u00e7\u00f5es relacionadas \u00e0 infraestrutura de TI, ao desenvolvimento e manuten\u00e7\u00e3o de sistemas, \u00e0 seguran\u00e7a da informa\u00e7\u00e3o e \u00e0 gest\u00e3o de dados institucionais. Sua atua\u00e7\u00e3o garante a continuidade dos servi\u00e7os tecnol\u00f3gicos internos e contribui diretamente para a efici\u00eancia e moderniza\u00e7\u00e3o da presta\u00e7\u00e3o dos servi\u00e7os p\u00fablicos regulados pela Ag\u00eancia.<\/span><\/p><p style=\"text-align: justify;\"><span style=\"font-weight: 400;\">Com foco na transforma\u00e7\u00e3o digital, a GETEC viabiliza a cria\u00e7\u00e3o e manuten\u00e7\u00e3o de sistemas informatizados, a automa\u00e7\u00e3o de processos, o fortalecimento da governan\u00e7a tecnol\u00f3gica e a an\u00e1lise de dados estrat\u00e9gicos, al\u00e9m da produ\u00e7\u00e3o de relat\u00f3rios e pain\u00e9is que subsidiam a tomada de decis\u00e3o gerencial.<\/span><\/p><p style=\"text-align: justify;\"><span style=\"font-weight: 400;\">Por meio de iniciativas de inova\u00e7\u00e3o tecnol\u00f3gica e da ado\u00e7\u00e3o de solu\u00e7\u00f5es alinhadas \u00e0s melhores pr\u00e1ticas do setor p\u00fablico, a Ger\u00eancia de Tecnologia contribui para o aprimoramento dos servi\u00e7os prestados \u00e0 sociedade, o aumento da efici\u00eancia institucional e a transpar\u00eancia das informa\u00e7\u00f5es.<\/span><\/p><p style=\"text-align: justify;\"><span style=\"font-weight: 400;\">Tamb\u00e9m \u00e9 de sua responsabilidade garantir o pleno funcionamento da infraestrutura de rede, telefonia e sistemas corporativos, prestando suporte t\u00e9cnico aos usu\u00e1rios e assegurando a seguran\u00e7a e a continuidade dos servi\u00e7os tecnol\u00f3gicos da AGR.<\/span><\/p><p style=\"text-align: justify;\"><span style=\"font-weight: 400;\">O trabalho desenvolvido pela equipe da GETEC \u00e9 essencial para que a AGR avance em sua miss\u00e3o de regular, fiscalizar e promover o acesso a servi\u00e7os p\u00fablicos de qualidade, apoiando a transforma\u00e7\u00e3o digital do Estado e a moderniza\u00e7\u00e3o da gest\u00e3o p\u00fablica<\/span><\/p><p style=\"text-align: justify;\"><b>Atendimento \u00e0s empresas de transporte municipal de passageiros para integra\u00e7\u00f5es de sistemas:<\/b><\/p><p style=\"text-align: justify;\"><span style=\"font-weight: 400;\">Para demandas relacionadas \u00e0 integra\u00e7\u00e3o de sistemas e suporte t\u00e9cnico:<\/span><\/p><p style=\"padding-left: 40px;\"><strong>E-mail institucional:<\/strong> <a href=\"mailto:sistemas.inovacao.agr@goias.gov.br\"><span style=\"font-weight: 400;\">sistemas.inovacao.agr@goias.gov.br<\/span><\/a><\/p><p style=\"padding-left: 40px;\"><b>WhatsApp (apenas mensagens de texto):<\/b><span style=\"font-weight: 400;\"> +55 62 8156-8177<\/span><\/p><ul><li><a href=\"https:\/\/goias.gov.br\/agr\/wp-content\/uploads\/sites\/43\/2025\/06\/Decreto-Numerado-10.678.pdf\">DECRETO N\u00ba 10.678, DE 16 DE ABRIL DE 2025<\/a><\/li><\/ul>\t\t\t\t\t\t\t\t<\/div>\n\t\t\t\t<div class=\"elementor-element elementor-element-8977202 elementor-widget elementor-widget-n-accordion\" data-id=\"8977202\" data-element_type=\"widget\" data-e-type=\"widget\" data-settings=\"{&quot;default_state&quot;:&quot;all_collapsed&quot;,&quot;max_items_expended&quot;:&quot;one&quot;,&quot;n_accordion_animation_duration&quot;:{&quot;unit&quot;:&quot;ms&quot;,&quot;size&quot;:400,&quot;sizes&quot;:[]}}\" data-widget_type=\"nested-accordion.default\">\n\t\t\t\t\t\t\t<div class=\"e-n-accordion\" aria-label=\"Accordion. Open links with Enter or Space, close with Escape, and navigate with Arrow Keys\">\n\t\t\t\t\t\t<details id=\"e-n-accordion-item-1440\" class=\"e-n-accordion-item\" >\n\t\t\t\t<summary class=\"e-n-accordion-item-title\" data-accordion-index=\"1\" tabindex=\"0\" aria-expanded=\"false\" aria-controls=\"e-n-accordion-item-1440\" >\n\t\t\t\t\t<span class='e-n-accordion-item-title-header'><div class=\"e-n-accordion-item-title-text\"> Compet\u00eancias da Ger\u00eancia de Tecnologia <\/div><\/span>\n\t\t\t\t\t\t\t<span class='e-n-accordion-item-title-icon'>\n\t\t\t<span class='e-opened' ><svg aria-hidden=\"true\" class=\"e-font-icon-svg e-fas-angle-down\" viewBox=\"0 0 320 512\" xmlns=\"http:\/\/www.w3.org\/2000\/svg\"><path d=\"M143 352.3L7 216.3c-9.4-9.4-9.4-24.6 0-33.9l22.6-22.6c9.4-9.4 24.6-9.4 33.9 0l96.4 96.4 96.4-96.4c9.4-9.4 24.6-9.4 33.9 0l22.6 22.6c9.4 9.4 9.4 24.6 0 33.9l-136 136c-9.2 9.4-24.4 9.4-33.8 0z\"><\/path><\/svg><\/span>\n\t\t\t<span class='e-closed'><svg aria-hidden=\"true\" class=\"e-font-icon-svg e-fas-angle-right\" viewBox=\"0 0 256 512\" xmlns=\"http:\/\/www.w3.org\/2000\/svg\"><path d=\"M224.3 273l-136 136c-9.4 9.4-24.6 9.4-33.9 0l-22.6-22.6c-9.4-9.4-9.4-24.6 0-33.9l96.4-96.4-96.4-96.4c-9.4-9.4-9.4-24.6 0-33.9L54.3 103c9.4-9.4 24.6-9.4 33.9 0l136 136c9.5 9.4 9.5 24.6.1 34z\"><\/path><\/svg><\/span>\n\t\t<\/span>\n\n\t\t\t\t\t\t<\/summary>\n\t\t\t\t<div role=\"region\" aria-labelledby=\"e-n-accordion-item-1440\" class=\"elementor-element elementor-element-9d97f51 e-con-full e-flex e-con e-child\" data-id=\"9d97f51\" data-element_type=\"container\" data-e-type=\"container\">\n\t\t\t\t<div class=\"elementor-element elementor-element-6f3b8cf elementor-widget elementor-widget-text-editor\" data-id=\"6f3b8cf\" data-element_type=\"widget\" data-e-type=\"widget\" data-widget_type=\"text-editor.default\">\n\t\t\t\t\t\t\t\t\t<ul><li><p style=\"text-align: justify;\">I \u2013 cumprir as obriga\u00e7\u00f5es e as diretrizes definidas pela unidade central de Tecnologia da Informa\u00e7\u00e3o e Comunica\u00e7\u00e3o \u2013 TIC;<\/p><p style=\"text-align: justify;\">II \u2013 conduzir ou participar das contrata\u00e7\u00f5es de produtos e servi\u00e7os de TIC;<\/p><p style=\"text-align: justify;\">III \u2013 desenvolver o plano anual de contrata\u00e7\u00e3o de TIC alinhado com a unidade central de TIC;<\/p><p style=\"text-align: justify;\">IV \u2013 reportar periodicamente \u00e0 unidade central de TIC as a\u00e7\u00f5es de sua responsabilidade;<\/p><p style=\"text-align: justify;\">V \u2013 desenvolver e disponibilizar sistemas e servi\u00e7os na estrutura computacional definida pela unidade central de TIC;<br \/>VI \u2013 monitorar e evidenciar a execu\u00e7\u00e3o dos projetos de TIC;<\/p><p style=\"text-align: justify;\">VII \u2013 implantar e manter as redes locais de comunica\u00e7\u00e3o elinks de dados;<\/p><p style=\"text-align: justify;\">VIII \u2013 implantar e manter a pol\u00edtica de ciberseguran\u00e7a da AGR;<\/p><p style=\"text-align: justify;\">IX \u2013 gerir as redes, os links e os recursos de comunica\u00e7\u00e3o de dados, os links de dados e os recursos existentes disponibilizados na nuvem privada estadual;<\/p><p style=\"text-align: justify;\">X \u2013 gerenciar os ativos e os servi\u00e7os de rede de dados e infraestrutura de TIC;<\/p><p style=\"text-align: justify;\">XI \u2013 prestar suporte t\u00e9cnico aos usu\u00e1rios;<\/p><p style=\"text-align: justify;\">XII \u2013 prover mecanismos para a governan\u00e7a de dados;<\/p><p style=\"text-align: justify;\">XIII \u2013 promover a inova\u00e7\u00e3o, a dissemina\u00e7\u00e3o do conhecimento, a alfabetiza\u00e7\u00e3o de dados, o uso da intelig\u00eancia anal\u00edtica, da ci\u00eancia de dados e\/ou da intelig\u00eancia artificial;<\/p><p style=\"text-align: justify;\">XIV \u2013 integrar os dados institucionais\/corporativos ao reposit\u00f3rio de grandes volumes de dados estadual ( Big Data Estadual);<\/p><p style=\"text-align: justify;\">XV \u2013 gerir os bancos de dados, os dados mestres \u2013 MDM, os data marts e o cat\u00e1logo de dados sob responsabilidade da AGR;<\/p><p style=\"text-align: justify;\">XVI \u2013 promover o compartilhamento e a reusabilidade dos dados corporativos;<\/p><p style=\"text-align: justify;\">XVII \u2013 apoiar as equipes de sistemas na elabora\u00e7\u00e3o da modelagem dos dados nos projetos;<\/p><p style=\"text-align: justify;\">XVIII \u2013 utilizar normas e padr\u00f5es de acessibilidade, usabilidade, experi\u00eancia do usu\u00e1rio, produtos e solu\u00e7\u00f5es definidos no portf\u00f3lio;<\/p><p style=\"text-align: justify;\">XIX \u2013 dar suporte \u00e0s unidades administrativas na utiliza\u00e7\u00e3o de solu\u00e7\u00f5es de TIC;<\/p><p style=\"text-align: justify;\">XX \u2013 manter a padroniza\u00e7\u00e3o dos conte\u00fados dos canais pr\u00f3prios de comunica\u00e7\u00e3o digital, sites e redes digitais;<\/p><p style=\"text-align: justify;\">XXI \u2013 conceber, desenvolver, implantar e sustentar solu\u00e7\u00f5es tecnol\u00f3gicas para a informatiza\u00e7\u00e3o dos processos de trabalho e rotinas com a aplica\u00e7\u00e3o dos padr\u00f5es de desenvolvimento de produtos e solu\u00e7\u00f5es; e<\/p><p style=\"text-align: justify;\">XXII \u2013 transformar digitalmente os servi\u00e7os oferecidos com a utiliza\u00e7\u00e3o das boas pr\u00e1ticas de Governo Digital.<\/p><\/li><\/ul>\t\t\t\t\t\t\t\t<\/div>\n\t\t\t\t<\/div>\n\t\t\t\t\t<\/details>\n\t\t\t\t\t<\/div>\n\t\t\t\t\t\t<\/div>\n\t\t\t\t<\/div>\n\t\t<div class=\"elementor-element elementor-element-be4cae9 e-con-full e-flex e-con e-child\" data-id=\"be4cae9\" data-element_type=\"container\" data-e-type=\"container\">\n\t\t\t\t<div class=\"elementor-element elementor-element-dd6d9c1 elementor-widget elementor-widget-image\" data-id=\"dd6d9c1\" data-element_type=\"widget\" data-e-type=\"widget\" data-widget_type=\"image.default\">\n\t\t\t\t\t\t\t\t\t\t\t\t\t\t\t\t<a href=\"https:\/\/goias.gov.br\/agr\/organograma-da-gerencia-de-tecnologia\/\" target=\"_blank\">\n\t\t\t\t\t\t\t<img decoding=\"async\" src=\"https:\/\/goias.gov.br\/agr\/wp-content\/uploads\/sites\/43\/2025\/06\/Organograma-da-Gerencia-de-Tecnologia-1.png\" title=\"\" alt=\"\" loading=\"lazy\" \/>\t\t\t\t\t\t\t\t<\/a>\n\t\t\t\t\t\t\t\t\t\t\t\t\t\t\t<\/div>\n\t\t\t\t<\/div>\n\t\t\t\t\t<\/div>\n\t\t\t\t<\/div>\n\t\t\t\t<\/div>\n\t\t","protected":false},"excerpt":{"rendered":"<p>A Ger\u00eancia de Tecnologia (GETEC) \u00e9 a unidade da Ag\u00eancia Goiana de Regula\u00e7\u00e3o, Controle e Fiscaliza\u00e7\u00e3o de Servi\u00e7os P\u00fablicos (AGR) respons\u00e1vel por planejar, coordenar e executar as a\u00e7\u00f5es relacionadas \u00e0 infraestrutura de TI, ao desenvolvimento e manuten\u00e7\u00e3o de sistemas, \u00e0 seguran\u00e7a da informa\u00e7\u00e3o e \u00e0 gest\u00e3o de dados institucionais. Sua atua\u00e7\u00e3o garante a continuidade dos [&hellip;]<\/p>\n","protected":false},"author":242,"featured_media":0,"parent":0,"menu_order":0,"comment_status":"closed","ping_status":"closed","template":"","meta":{"footnotes":""},"class_list":["post-201393","page","type-page","status-publish","hentry"],"rttpg_featured_image_url":null,"rttpg_author":{"display_name":"josegcribeiro","author_link":"https:\/\/goias.gov.br\/agr\/author\/josegcribeiro\/"},"rttpg_comment":0,"rttpg_category":null,"rttpg_excerpt":"A Ger\u00eancia de Tecnologia (GETEC) \u00e9 a unidade da Ag\u00eancia Goiana de Regula\u00e7\u00e3o, Controle e Fiscaliza\u00e7\u00e3o de Servi\u00e7os P\u00fablicos (AGR) respons\u00e1vel por planejar, coordenar e executar as a\u00e7\u00f5es relacionadas \u00e0 infraestrutura de TI, ao desenvolvimento e manuten\u00e7\u00e3o de sistemas, \u00e0 seguran\u00e7a da informa\u00e7\u00e3o e \u00e0 gest\u00e3o de dados institucionais. Sua atua\u00e7\u00e3o garante a continuidade dos&hellip;","_links":{"self":[{"href":"https:\/\/goias.gov.br\/agr\/wp-json\/wp\/v2\/pages\/201393","targetHints":{"allow":["GET"]}}],"collection":[{"href":"https:\/\/goias.gov.br\/agr\/wp-json\/wp\/v2\/pages"}],"about":[{"href":"https:\/\/goias.gov.br\/agr\/wp-json\/wp\/v2\/types\/page"}],"author":[{"embeddable":true,"href":"https:\/\/goias.gov.br\/agr\/wp-json\/wp\/v2\/users\/242"}],"replies":[{"embeddable":true,"href":"https:\/\/goias.gov.br\/agr\/wp-json\/wp\/v2\/comments?post=201393"}],"version-history":[{"count":3,"href":"https:\/\/goias.gov.br\/agr\/wp-json\/wp\/v2\/pages\/201393\/revisions"}],"predecessor-version":[{"id":285848,"href":"https:\/\/goias.gov.br\/agr\/wp-json\/wp\/v2\/pages\/201393\/revisions\/285848"}],"wp:attachment":[{"href":"https:\/\/goias.gov.br\/agr\/wp-json\/wp\/v2\/media?parent=201393"}],"curies":[{"name":"wp","href":"https:\/\/api.w.org\/{rel}","templated":true}]}}