
{"id":26426,"date":"2025-09-01T12:29:42","date_gmt":"2025-09-01T15:29:42","guid":{"rendered":"https:\/\/goias.gov.br\/agehab\/?page_id=26426"},"modified":"2026-01-26T09:20:13","modified_gmt":"2026-01-26T12:20:13","slug":"pra-ter-onde-morar-edital-geral-no-001-2023-corumba-de-goias","status":"publish","type":"page","link":"https:\/\/goias.gov.br\/agehab\/pra-ter-onde-morar-edital-geral-no-001-2023-corumba-de-goias\/","title":{"rendered":"Pra Ter Onde Morar &#8211; Edital Geral n\u00ba 001\/2023 &#8211; Corumb\u00e1 de Goi\u00e1s"},"content":{"rendered":"<p style=\"text-align: justify\"><strong>Aqui est\u00e3o as informa\u00e7\u00f5es principais sobre o Programa de Aluguel Social em sua cidade:<\/strong><br \/>\n1. Primeiro, inscreva-se no programa at\u00e9 a data de encerramento das inscri\u00e7\u00f5es.<br \/>\n2. Ap\u00f3s a an\u00e1lise dos documentos, se houver algum erro, voc\u00ea ser\u00e1 informado para corrigi-los.<br \/>\n3. Se os documentos estiverem corretos, voc\u00ea ser\u00e1 convocado para receber o benef\u00edcio em um dia e hor\u00e1rio marcados pela Agehab e disponibilizado no site.<br \/>\n4. Ap\u00f3s receber o cart\u00e3o, baixe o aplicativo &#8220;Inttegra Social&#8221; em seu celular. Ap\u00f3s o cadastro, seu primeiro benef\u00edcio ser\u00e1 creditado em at\u00e9 7 dias \u00fateis.<br \/>\n5. Voc\u00ea deve transferir o valor do benef\u00edcio apenas para o propriet\u00e1rio do im\u00f3vel ou a quem ele tenha autorizado. N\u00e3o \u00e9 poss\u00edvel sacar o dinheiro, e nunca o transfira para sua conta ou outra pessoa n\u00e3o autorizada, pois isso pode resultar na suspens\u00e3o ou cancelamento do benef\u00edcio.<br \/>\n6. Ap\u00f3s receber o cart\u00e3o, voc\u00ea tem at\u00e9 60 dias para anexar o contrato de aluguel no aplicativo &#8220;Aluguel Social&#8221; ou pelo site aluguelsocial.agehab.go.gov.br<br \/>\n7. A cada, pelo menos, 3 meses, \u00e9 necess\u00e1rio anexar os comprovantes de transfer\u00eancia do aluguel no Portal do Usu\u00e1rio no site da Agehab, caso contr\u00e1rio, o benef\u00edcio pode ser suspenso ou cancelado.<\/p>\n<table style=\"width: 100%;height: 141px\" border=\"0\" width=\"643\" cellspacing=\"0\" cellpadding=\"0\">\n<tbody>\n<tr style=\"height: 23px\">\n<td style=\"text-align: center;background-color: #eeeeee;height: 23px;width: 99.881%\" colspan=\"3\"><b>INSCRI\u00c7\u00d5ES \/ ENVIO DE DOCUMENTOS \/ ENTREGA DE DOCUMENTOS<\/b><\/td>\n<\/tr>\n<tr style=\"height: 23px\">\n<td style=\"text-align: center;height: 23px;width: 25.7143%\"><strong>DESCRI\u00c7\u00c3O<\/strong><\/td>\n<td style=\"text-align: center;height: 23px;width: 10%\"><strong>STATUS<\/strong><\/td>\n<td style=\"text-align: center;height: 23px;width: 64.1667%\"><strong>LINK<\/strong><\/td>\n<\/tr>\n<tr style=\"height: 23px\">\n<td style=\"text-align: center;background-color: #ccffcc;height: 25px;width: 25.7143%\">Inscri\u00e7\u00f5es<\/td>\n<td style=\"text-align: center;background-color: #ccffcc;height: 25px;width: 10%\">Encerradas<\/td>\n<td style=\"text-align: center;background-color: #ccffcc;height: 25px;width: 64.1667%\">&#8211;<\/td>\n<\/tr>\n<tr style=\"height: 70px\">\n<td style=\"width: 25.7143%;text-align: center;height: 70px\">Assist\u00eancia para realizar inscri\u00e7\u00f5es e apresentar documenta\u00e7\u00e3o<\/td>\n<td style=\"width: 10%;text-align: center;height: 70px\">\u2013<\/td>\n<td style=\"width: 64.1667%;text-align: center;height: 70px\">Sede da Secretaria da Cidadania e Justi\u00e7a Social &#8211; Assist\u00eancia Social (Rua S\u00e3o Bento n\u00ba 81, Centro, de segunda \u00e0 sexta-feira, das 7h \u00e0s 11h e de 13h \u00e0s 16h)<\/td>\n<\/tr>\n<\/tbody>\n<\/table>\n<table style=\"width: 100%;height: 92px\" border=\"0\" width=\"965\" cellspacing=\"0\" cellpadding=\"0\">\n<tbody>\n<tr style=\"height: 23px\">\n<td style=\"text-align: center;background-color: #eeeeee;height: 23px;width: 99.8809%\" colspan=\"3\"><strong>PUBLICA\u00c7\u00d5ES OFICIAIS<\/strong><\/td>\n<\/tr>\n<tr style=\"height: 23px\">\n<td style=\"text-align: center;height: 23px;width: 14.2856%\"><b>DATA<\/b><\/td>\n<td style=\"text-align: center;height: 23px;width: 52.5%\"><strong>DESCRI\u00c7\u00c3O<\/strong><\/td>\n<td style=\"text-align: center;height: 23px;width: 33.0953%\"><strong>OBSERVA\u00c7\u00c3O \/ DOWNLOAD<\/strong><\/td>\n<\/tr>\n<tr>\n<td style=\"text-align: center;width: 14.2856%;background-color: #ccffcc\">26\/01\/2026<\/td>\n<td style=\"text-align: center;width: 52.5%;background-color: #ccffcc\">1\u00aa Convoca\u00e7\u00e3o para a entrega de benef\u00edcios de 2026<\/td>\n<td style=\"text-align: center;width: 33.0953%;background-color: #ccffcc\"><a id=\"\" title=\"\" href=\"http:\/\/static.agehab.go.gov.br\/aluguel.social\/editais\/geral\/corumba.de.goias\/003.convocacao.entrega.beneficios2026.pdf\" target=\"_blank\" rel=\"noopener\">Clique aqui para baixar<\/a><\/td>\n<\/tr>\n<tr style=\"height: 23px\">\n<td style=\"text-align: center;width: 14.2856%;height: 23px;background-color: #ffffff\">02\/10\/2025<\/td>\n<td style=\"text-align: center;width: 52.5%;height: 23px;background-color: #ffffff\">1\u00ba Comunicado de Prorroga\u00e7\u00e3o das Inscri\u00e7\u00f5es<\/td>\n<td style=\"text-align: center;width: 33.0953%;height: 23px;background-color: #ffffff\"><a id=\"\" title=\"\" href=\"http:\/\/static.agehab.go.gov.br\/aluguel.social\/editais\/geral\/corumba.de.goias\/002.comunicado.prorrogacao.inscricao2025.pdf\" target=\"_blank\" rel=\"noopener\">Clique aqui para baixar<\/a><\/td>\n<\/tr>\n<tr style=\"height: 23px\">\n<td style=\"text-align: center;width: 14.2856%;height: 23px;background-color: #ffffff\">01\/09\/2025<\/td>\n<td style=\"text-align: center;width: 52.5%;height: 23px;background-color: #ffffff\">Comunicado de Abertura de Vagas &#8211; 2025<\/td>\n<td style=\"text-align: center;width: 33.0953%;height: 23px;background-color: #ffffff\"><a id=\"\" title=\"\" href=\"http:\/\/static.agehab.go.gov.br\/aluguel.social\/editais\/geral\/corumba.de.goias\/001.comunicado.abertura.vagas2025.pdf\" target=\"_blank\" rel=\"noopener\">Clique aqui para baixar<\/a><\/td>\n<\/tr>\n<\/tbody>\n<\/table>\n<p>O Governo de Goi\u00e1s, por meio da Ag\u00eancia Goiana de Habita\u00e7\u00e3o (Agehab), com sede na Rua 18-A, n\u00ba 541, Setor Aeroporto, Goi\u00e2nia \u2013 GO,\u00a0com base no Edital Geral n\u00ba 001\/2023, publicado no Di\u00e1rio Oficial do Estado n\u00ba 24.122, de 14 de setembro de 2023, processo SEI n\u00ba 202300031005519, <strong>torna p\u00fablico aos interessados o Comunicado de Abertura de Vagas n\u00ba 18\/2025<\/strong> com o Regulamento de Inscri\u00e7\u00e3o ara Sele\u00e7\u00e3o de Fam\u00edlias do \u201cPrograma Pra Ter Onde Morar \u2013 Aluguel.<\/p>\n<p style=\"text-align: justify\">Todas as informa\u00e7\u00f5es relacionadas ao tr\u00e2mite podem ser acompanhadas nesta p\u00e1gina, pelo whatsapp (Marilar) no n\u00famero (62) 3096-5000, nos telefones (62) 3096-5005\/5050, no Instagram @agehabgoias ou na sede da Agehab, Rua 18-A, n\u00famero 541, Setor Aeroporto, das 7h30 \u00e0s 17h30.<\/p>\n<p style=\"text-align: justify\">Modelo do contrato e documentos relacionados ao Aluguel Social podem ser obtidos por meio\u00a0do <a href=\"\/agehab\/pra-ter-onde-morar-modelo-de-contrato-de-aluguel-e-declaracoes\/\">link<\/a>.<\/p>\n","protected":false},"excerpt":{"rendered":"<p>Aqui est\u00e3o as informa\u00e7\u00f5es principais sobre o Programa de Aluguel Social em sua cidade: 1. Primeiro, inscreva-se no programa at\u00e9 a data de encerramento das inscri\u00e7\u00f5es. 2. Ap\u00f3s a an\u00e1lise dos documentos, se houver algum erro, voc\u00ea ser\u00e1 informado para corrigi-los. 3. Se os documentos estiverem corretos, voc\u00ea ser\u00e1 convocado para receber o benef\u00edcio em [&hellip;]<\/p>\n","protected":false},"author":726,"featured_media":0,"parent":0,"menu_order":0,"comment_status":"closed","ping_status":"closed","template":"","meta":{"footnotes":""},"class_list":["post-26426","page","type-page","status-publish","hentry"],"rttpg_featured_image_url":null,"rttpg_author":{"display_name":"luanrsilva","author_link":"https:\/\/goias.gov.br\/agehab\/author\/luanrsilva\/"},"rttpg_comment":0,"rttpg_category":null,"rttpg_excerpt":"Aqui est\u00e3o as informa\u00e7\u00f5es principais sobre o Programa de Aluguel Social em sua cidade: 1. Primeiro, inscreva-se no programa at\u00e9 a data de encerramento das inscri\u00e7\u00f5es. 2. Ap\u00f3s a an\u00e1lise dos documentos, se houver algum erro, voc\u00ea ser\u00e1 informado para corrigi-los. 3. Se os documentos estiverem corretos, voc\u00ea ser\u00e1 convocado para receber o benef\u00edcio em&hellip;","_links":{"self":[{"href":"https:\/\/goias.gov.br\/agehab\/wp-json\/wp\/v2\/pages\/26426","targetHints":{"allow":["GET"]}}],"collection":[{"href":"https:\/\/goias.gov.br\/agehab\/wp-json\/wp\/v2\/pages"}],"about":[{"href":"https:\/\/goias.gov.br\/agehab\/wp-json\/wp\/v2\/types\/page"}],"author":[{"embeddable":true,"href":"https:\/\/goias.gov.br\/agehab\/wp-json\/wp\/v2\/users\/726"}],"replies":[{"embeddable":true,"href":"https:\/\/goias.gov.br\/agehab\/wp-json\/wp\/v2\/comments?post=26426"}],"version-history":[{"count":2,"href":"https:\/\/goias.gov.br\/agehab\/wp-json\/wp\/v2\/pages\/26426\/revisions"}],"predecessor-version":[{"id":29362,"href":"https:\/\/goias.gov.br\/agehab\/wp-json\/wp\/v2\/pages\/26426\/revisions\/29362"}],"wp:attachment":[{"href":"https:\/\/goias.gov.br\/agehab\/wp-json\/wp\/v2\/media?parent=26426"}],"curies":[{"name":"wp","href":"https:\/\/api.w.org\/{rel}","templated":true}]}}