
{"id":11777,"date":"2023-09-20T11:15:46","date_gmt":"2023-09-20T14:15:46","guid":{"rendered":"https:\/\/siteshom.goias.gov.br\/agehab\/?page_id=11777"},"modified":"2026-04-22T17:17:04","modified_gmt":"2026-04-22T20:17:04","slug":"institucional","status":"publish","type":"page","link":"https:\/\/goias.gov.br\/agehab\/institucional\/","title":{"rendered":"Institucional"},"content":{"rendered":"\t\t<div data-elementor-type=\"wp-page\" data-elementor-id=\"11777\" class=\"elementor elementor-11777\">\n\t\t\t\t<div class=\"elementor-element elementor-element-4bddcc2 e-flex e-con-boxed e-con e-parent\" data-id=\"4bddcc2\" data-element_type=\"container\" data-e-type=\"container\">\n\t\t\t\t\t<div class=\"e-con-inner\">\n\t\t\t\t<div class=\"elementor-element elementor-element-4ef0766 elementor-widget elementor-widget-shortcode\" data-id=\"4ef0766\" data-element_type=\"widget\" data-e-type=\"widget\" data-widget_type=\"shortcode.default\">\n\t\t\t\t\t\t\t<div class=\"elementor-shortcode\"><div data-post-id=\"1869\" class=\"insert-page insert-page-1869 \"><h1 class='insert-page-title'>A  Agehab<\/h1><p dir=\"ltr\">A Ag\u00eancia Goiana de Habita\u00e7\u00e3o (Agehab) \u00e9 o \u00f3rg\u00e3o estadual do Governo de Goi\u00e1s cuja miss\u00e3o \u00e9 proporcionar o acesso \u00e0 moradia digna e qualidade de vida \u00e0s fam\u00edlias com vulnerabilidade social. Seu compromisso \u00e9 estabelecer parcerias entre os setores p\u00fablico e privado, ao executar as metas estabelecidas no programa \u201cPra Ter Onde Morar\u201d, que entre outras finalidades tem o objetivo de construir novas moradias de interesse social e regularizar im\u00f3veis constru\u00eddos em \u00e1rea do Estado.<\/p>\n<div>\n<p><strong>Miss\u00e3o<\/strong><br \/>\nImplementar e gerir a pol\u00edtica habitacional e de regulariza\u00e7\u00e3o fundi\u00e1ria de interesse social, promovendo o acesso \u00e0 moradia digna, contribuindo para a qualidade de vida da sociedade.<\/p>\n<p><strong>Princ\u00edpios\u00a0<\/strong><\/p>\n<p>A Agehab tem como princ\u00edpios norteadores a legalidade, impessoalidade, moralidade, publicidade e efici\u00eancia.<\/p>\n<p><strong>Vis\u00e3o<\/strong><br \/>\nAlcan\u00e7ar a dignidade social por meio de pol\u00edticas habitacionais e fundi\u00e1rias.<\/p>\n<p><strong>Valores<\/strong><br \/>\nInova\u00e7\u00e3o, \u00c9tica, Efici\u00eancia, Integridade, Comprometimento, Transpar\u00eancia, Humaniza\u00e7\u00e3o e Responsabilidade Social.<\/p>\n<\/div>\n<div style=\"text-align: justify\"><\/div>\n<div style=\"text-align: justify\"><a id=\"\" title=\"\" href=\"http:\/\/static.agehab.go.gov.br\/acesso.a.informacao\/governanca\/2023.001.codigo.etica.pdf\" target=\"_blank\" rel=\"noopener\">C\u00f3digo de \u00c9tica e Conduta<\/a><\/div>\n<div style=\"text-align: justify\"><a href=\"https:\/\/static.agehab.go.gov.br\/acesso.a.informacao\/governanca\/2025.001.carta.anual.pdf\" target=\"_blank\" rel=\"noopener\">Carta Anual de Pol\u00edticas P\u00fablicas e Governan\u00e7a Corporativa<\/a><\/div>\n<div style=\"text-align: justify\"><a href=\"https:\/\/goias.gov.br\/agehab\/nossa-historia\/\">Conhe\u00e7a a hist\u00f3ria da Agehab<\/a><\/div>\n<div><a href=\"https:\/\/app.powerbi.com\/view?r=eyJrIjoiOWQzYzYyNDEtNzM1ZS00YzNlLWJjMDUtNzZhYzY5MmIzZjYxIiwidCI6IjY3ZmQ0MzFjLWIyYWQtNDg2Ny04MWJjLWQ3NTYyMjBiNTZkNCJ9\" target=\"_blank\" rel=\"noopener\">Legisla\u00e7\u00e3o Aplic\u00e1vel<\/a><\/div>\n<p style=\"text-align: left\">\n<ul class='post-meta'>\n<li><span class='post-meta-key'>tpg-post-view-count:<\/span> 3202<\/li>\n<li><span class='post-meta-key'>footnotes:<\/span> <\/li>\n<li><span class='post-meta-key'>ao_post_optimize:<\/span> a:6:{s:16:\"ao_post_optimize\";s:2:\"on\";s:19:\"ao_post_js_optimize\";s:2:\"on\";s:20:\"ao_post_css_optimize\";s:2:\"on\";s:12:\"ao_post_ccss\";s:2:\"on\";s:16:\"ao_post_lazyload\";s:2:\"on\";s:15:\"ao_post_preload\";s:0:\"\";}<\/li>\n<\/ul>\n<\/div><\/div>\n\t\t\t\t\t\t<\/div>\n\t\t\t\t\t<\/div>\n\t\t\t\t<\/div>\n\t\t<div class=\"elementor-element elementor-element-361b300 e-flex e-con-boxed e-con e-parent\" data-id=\"361b300\" data-element_type=\"container\" data-e-type=\"container\">\n\t\t\t\t\t<div class=\"e-con-inner\">\n\t\t<div class=\"elementor-element elementor-element-9f4c276 e-con-full e-flex e-con e-child\" data-id=\"9f4c276\" data-element_type=\"container\" data-e-type=\"container\">\n\t\t\t\t<div class=\"elementor-element elementor-element-4308afc elementor-widget elementor-widget-shortcode\" data-id=\"4308afc\" data-element_type=\"widget\" data-e-type=\"widget\" data-widget_type=\"shortcode.default\">\n\t\t\t\t\t\t\t<div class=\"elementor-shortcode\"><div data-post-id=\"22\" class=\"insert-page insert-page-22 \"><h1 class='insert-page-title'>Compet\u00eancias<\/h1><p style=\"text-align: justify\">Descri\u00e7\u00e3o das compet\u00eancias da Agehab. Trecho extra\u00eddo do Estatuto Social da Agehab, in\u00edcio de vig\u00eancia em 01\/08\/2025, conforme ATA 132\u00ba da Assembleia Geral Extraordin\u00e1ria dos Acionistas da AGEHAB. (<a href=\"https:\/\/static.agehab.go.gov.br\/acesso.a.informacao\/legislacao.aplicavel\/2025.132.ata.conselho.pdf\">ATA<\/a>)<\/p>\n<p style=\"text-align: justify\">&#8230;<\/p>\n<p style=\"text-align: justify\">Art. 3\u00ba. Constitui objeto da AGEHAB:<br \/>\nI. elaborar, empreender e implantar solu\u00e7\u00f5es habitacionais e de regulariza\u00e7\u00e3o fundi\u00e1ria de interesse social que visem a redu\u00e7\u00e3o do d\u00e9ficit habitacional do Estado de Goi\u00e1s;<br \/>\nII. administrar a Carteira Imobili\u00e1ria pertencente ao Estado de Goi\u00e1s;<br \/>\nIII. elaborar programas, planejar, projetar, executar, produzir obras de constru\u00e7\u00f5es de unidades habitacionais, reformas, equipamentos comunit\u00e1rios, de infraestrutura urbana em lotes urbanizados e rurais;<br \/>\nIV. empreender atividades de desenvolvimento social em zona urbana, rural ou comunit\u00e1ria;<br \/>\nV. prospectar e atrair as melhores solu\u00e7\u00f5es tecnol\u00f3gicas de mercado referentes \u00e0 habita\u00e7\u00e3o e regulariza\u00e7\u00e3o fundi\u00e1ria de interesse social para o Estado de Goi\u00e1s;<br \/>\nVI. transferir recursos financeiros que assegurem o direito social \u00e0 moradia digna por interm\u00e9dio da transfer\u00eancia direta de renda para custear a loca\u00e7\u00e3o de im\u00f3veis ou o pagamento da presta\u00e7\u00e3o da casa pr\u00f3pria, por tempo determinado, a segmentos inscritos no Cadastro \u00danico para Programas Sociais do Governo Federal \u2013 Cad\u00danico;<br \/>\nVII. identificar e mobilizar fontes para financiamento dos planos de habita\u00e7\u00e3o social, inclusive, aqueles destinados a equipamentos e \u00e0 investidura de apoio ao desenvolvimento da comunidade;<br \/>\nVIII. empreender constru\u00e7\u00f5es, para si ou para terceiros, e participar de transa\u00e7\u00f5es comerciais e industriais ou, ainda, de sociedades correlatas, desde que vinculadas \u00e0s suas finalidades;<br \/>\nIX. exercer a comercializa\u00e7\u00e3o e, quando entender oportuno, a industrializa\u00e7\u00e3o de materiais de constru\u00e7\u00e3o, desde que vinculada \u00e0 sua finalidade;<br \/>\nX. preservar, manter atualizado e protegido, nos termos das legisla\u00e7\u00f5es vigentes, todos os dados e informa\u00e7\u00f5es relacionados a execu\u00e7\u00e3o dos programas habitacionais e de regulariza\u00e7\u00e3o fundi\u00e1ria de interesse social, inclusive de benefici\u00e1rios;<br \/>\nXI. promover a regulariza\u00e7\u00e3o fundi\u00e1ria das ocupa\u00e7\u00f5es de interesse social, na forma da legisla\u00e7\u00e3o vigente, bem como estabelecer parcerias com Munic\u00edpios, entidades, associa\u00e7\u00f5es e outros para capacita\u00e7\u00e3o t\u00e9cnica e outros servi\u00e7os na \u00e1rea em quest\u00e3o;<br \/>\nXII. firmar ajustes diversos, tais como, conv\u00eanios, acordos ou contratos com pessoas f\u00edsicas e jur\u00eddicas de direito p\u00fablico ou privado, bem como ajustes de parceria com a Uni\u00e3o, Estados e Munic\u00edpios, inclusive por meio da Caixa Econ\u00f4mica Federal, Banco do Brasil, ou outra institui\u00e7\u00e3o financeira credenciada, para execu\u00e7\u00e3o do objeto social da empresa;<br \/>\nXIII. adquirir e alienar terrenos, receber doa\u00e7\u00f5es, subven\u00e7\u00f5es e aux\u00edlios, permutar, arrendar, alugar bens im\u00f3veis de sua propriedade, administrar im\u00f3veis, e, eventualmente, sugerir desapropria\u00e7\u00f5es ao Poder P\u00fablico a fim de atender \u00e0s necessidades b\u00e1sicas de produ\u00e7\u00e3o de unidades habitacionais de interesse social;<br \/>\nXIV. adquirir im\u00f3veis prontos, sejam eles novos ou usados, em constru\u00e7\u00e3o, na planta, ou de loteamento para implanta\u00e7\u00e3o de empreendimentos habitacionais de interesse social, todos para posterior doa\u00e7\u00e3o das unidades habitacionais de interesse social em benef\u00edcio de fam\u00edlias de baixa renda, vulner\u00e1veis social e economicamente;<br \/>\nXV. cobrar taxas de fiscaliza\u00e7\u00e3o, bem como comercializar seus projetos arquitet\u00f4nicos de unidades habitacionais junto a empresas e\/ou particulares;<br \/>\nXVI. articular com os Munic\u00edpios, sindicatos, entidades associativas e cooperativas, visando desenvolver programas de cartas de cr\u00e9ditos para o atendimento das necessidades de habita\u00e7\u00e3o de grupos sociais espec\u00edficos que tenham no associativismo uma modalidade de aquisi\u00e7\u00e3o de casa pr\u00f3pria;<br \/>\nXVII. prestar assist\u00eancia t\u00e9cnica gratuita \u00e0 munic\u00edpios e entidades diversas, desde que relacionadas ao objeto social da empresa;<br \/>\nXVIII. abrir, instalar, extinguir filiais, depend\u00eancias, ag\u00eancias, sucursais, escrit\u00f3rios e representa\u00e7\u00f5es, relacionados \u00e0 programas habitacionais e regulariza\u00e7\u00e3o fundi\u00e1ria de interesse social.<\/p>\n<p>&#8230;<\/p>\n<ul class='post-meta'>\n<li><span class='post-meta-key'>tpg-post-view-count:<\/span> 781<\/li>\n<li><span class='post-meta-key'>rank_math_internal_links_processed:<\/span> 1<\/li>\n<\/ul>\n<\/div><\/div>\n\t\t\t\t\t\t<\/div>\n\t\t\t\t<div class=\"elementor-element elementor-element-0724582 elementor-widget elementor-widget-shortcode\" data-id=\"0724582\" data-element_type=\"widget\" data-e-type=\"widget\" data-widget_type=\"shortcode.default\">\n\t\t\t\t\t\t\t<div class=\"elementor-shortcode\"><div data-post-id=\"12\" class=\"insert-page insert-page-12 \"><h1 class='insert-page-title'>Canais de Atendimento<\/h1><p class=\"nomargintop\">O atendimento presencial acontece das <b>8h \u00e0s <\/b><b>18h<\/b>.<\/p>\n<p class=\"nomargintop\">Telefone: (62) 3096-5000<\/p>\n<p>Ouvidoria: (62) 3096-5049<\/p>\n<p><span id=\"more-12\"><\/span><\/p>\n<hr \/>\n<p><a href=\"\/agehab\/telefones-enderecos-e-horarios-de-atendimento\/\">Saiba mais informa\u00e7\u00f5es sobre telefones, endere\u00e7os e hor\u00e1rios de atendimentos das\u00a0unidades<\/a>.<\/p>\n<ul class='post-meta'>\n<li><span class='post-meta-key'>tpg-post-view-count:<\/span> 759<\/li>\n<li><span class='post-meta-key'>ao_post_optimize:<\/span> a:6:{s:16:\"ao_post_optimize\";s:2:\"on\";s:19:\"ao_post_js_optimize\";s:2:\"on\";s:20:\"ao_post_css_optimize\";s:2:\"on\";s:12:\"ao_post_ccss\";s:2:\"on\";s:16:\"ao_post_lazyload\";s:2:\"on\";s:15:\"ao_post_preload\";s:0:\"\";}<\/li>\n<li><span class='post-meta-key'>rank_math_internal_links_processed:<\/span> 1<\/li>\n<\/ul>\n<\/div><\/div>\n\t\t\t\t\t\t<\/div>\n\t\t\t\t<\/div>\n\t\t<div class=\"elementor-element elementor-element-120e296 e-con-full e-flex e-con e-child\" data-id=\"120e296\" data-element_type=\"container\" data-e-type=\"container\">\n\t\t\t\t<div class=\"elementor-element elementor-element-d917349 elementor-widget elementor-widget-shortcode\" data-id=\"d917349\" data-element_type=\"widget\" data-e-type=\"widget\" data-widget_type=\"shortcode.default\">\n\t\t\t\t\t\t\t<div class=\"elementor-shortcode\"><div data-post-id=\"2367\" class=\"insert-page insert-page-2367 \"><h1 class='insert-page-title'>Perfil do Presidente<\/h1><p style=\"text-align: justify\">Juliano Ricardo Fuganti Mendes nasceu em Curitiba (PR), \u00e9 casado e pai de duas filhas. Formado em Administra\u00e7\u00e3o de Empresas, construiu sua trajet\u00f3ria profissional como empres\u00e1rio e gestor p\u00fablico, com experi\u00eancia em \u00e1reas estrat\u00e9gicas do desenvolvimento econ\u00f4mico e cultural.<\/p>\n<p style=\"text-align: justify\">Entre 2022 e mar\u00e7o de 2026, exerceu o cargo de Subsecret\u00e1rio de Atra\u00e7\u00e3o de Investimentos e Neg\u00f3cios na Secretaria de Estado de Ind\u00fastria e Com\u00e9rcio (SIC), atuando na prospec\u00e7\u00e3o de investimentos e no fortalecimento do ambiente de neg\u00f3cios em Goi\u00e1s.<\/p>\n<p style=\"text-align: justify\">De 2019 a 2021, foi Superintendente de Fomento e Incentivo \u00e0 Cultura na Secretaria de Estado de Cultura, contribuindo para a implementa\u00e7\u00e3o de pol\u00edticas p\u00fablicas voltadas ao setor cultural.<\/p>\n<p style=\"text-align: justify\">Tamb\u00e9m integrou a Secretaria de Estado de Ind\u00fastria e Com\u00e9rcio entre 2011 e 2013, como Assessor Especial. Em 2013, assumiu a Chefia de Gabinete da Junta Comercial do Estado de Goi\u00e1s, ampliando sua experi\u00eancia na gest\u00e3o p\u00fablica e institucional.<\/p>\n<p><img fetchpriority=\"high\" fetchpriority=\"high\" decoding=\"async\" class=\"aligncenter wp-image-30798 size-full\" src=\"https:\/\/goias.gov.br\/agehab\/wp-content\/uploads\/sites\/18\/2012\/10\/foto_presidente.jpeg\" alt=\"Presidente da AGEHAB Juliano Ricardo Fuganti Mendes\" width=\"3568\" height=\"5352\" srcset=\"https:\/\/goias.gov.br\/agehab\/wp-content\/uploads\/sites\/18\/2012\/10\/foto_presidente.jpeg 3568w, https:\/\/goias.gov.br\/agehab\/wp-content\/uploads\/sites\/18\/2012\/10\/foto_presidente-200x300.jpeg 200w, https:\/\/goias.gov.br\/agehab\/wp-content\/uploads\/sites\/18\/2012\/10\/foto_presidente-683x1024.jpeg 683w, https:\/\/goias.gov.br\/agehab\/wp-content\/uploads\/sites\/18\/2012\/10\/foto_presidente-768x1152.jpeg 768w, https:\/\/goias.gov.br\/agehab\/wp-content\/uploads\/sites\/18\/2012\/10\/foto_presidente-1024x1536.jpeg 1024w, https:\/\/goias.gov.br\/agehab\/wp-content\/uploads\/sites\/18\/2012\/10\/foto_presidente-1365x2048.jpeg 1365w\" sizes=\"(max-width: 3568px) 100vw, 3568px\" \/><\/p>\n<ul class='post-meta'>\n<li><span class='post-meta-key'>tpg-post-view-count:<\/span> 717<\/li>\n<\/ul>\n<\/div><\/div>\n\t\t\t\t\t\t<\/div>\n\t\t\t\t<\/div>\n\t\t\t\t\t<\/div>\n\t\t\t\t<\/div>\n\t\t<div class=\"elementor-element elementor-element-33202e8 e-flex e-con-boxed e-con e-parent\" data-id=\"33202e8\" data-element_type=\"container\" data-e-type=\"container\">\n\t\t\t\t\t<div class=\"e-con-inner\">\n\t\t\t\t<div class=\"elementor-element elementor-element-1cd438a elementor-widget elementor-widget-shortcode\" data-id=\"1cd438a\" data-element_type=\"widget\" data-e-type=\"widget\" data-widget_type=\"shortcode.default\">\n\t\t\t\t\t\t\t<div class=\"elementor-shortcode\"><div data-post-id=\"28\" class=\"insert-page insert-page-28 \"><h1 class='insert-page-title'>Estrutura Organizacional<\/h1>\n<figure class=\"wp-block-image size-full\"><img decoding=\"async\" width=\"1500\" height=\"2424\" src=\"https:\/\/goias.gov.br\/agehab\/wp-content\/uploads\/sites\/18\/2018\/07\/organograma_agehab_v1_site-6.png\" alt=\"\" class=\"wp-image-27931\" srcset=\"https:\/\/goias.gov.br\/agehab\/wp-content\/uploads\/sites\/18\/2018\/07\/organograma_agehab_v1_site-6.png 1500w, https:\/\/goias.gov.br\/agehab\/wp-content\/uploads\/sites\/18\/2018\/07\/organograma_agehab_v1_site-6-186x300.png 186w, https:\/\/goias.gov.br\/agehab\/wp-content\/uploads\/sites\/18\/2018\/07\/organograma_agehab_v1_site-6-634x1024.png 634w, https:\/\/goias.gov.br\/agehab\/wp-content\/uploads\/sites\/18\/2018\/07\/organograma_agehab_v1_site-6-768x1241.png 768w, https:\/\/goias.gov.br\/agehab\/wp-content\/uploads\/sites\/18\/2018\/07\/organograma_agehab_v1_site-6-950x1536.png 950w, https:\/\/goias.gov.br\/agehab\/wp-content\/uploads\/sites\/18\/2018\/07\/organograma_agehab_v1_site-6-1267x2048.png 1267w\" sizes=\"(max-width: 1500px) 100vw, 1500px\" \/><\/figure>\n\n\n\n<p><a href=\"https:\/\/static.agehab.go.gov.br\/acesso.a.informacao\/legislacao.aplicavel\/2025.organograma.pdf\" target=\"_blank\" rel=\"noreferrer noopener\">ORGANOGRAMA em PDF<\/a><\/p>\n\n\n\n<div>\n<div style=\"text-align: left\"><a href=\"https:\/\/goias.gov.br\/agehab\/wp-content\/uploads\/sites\/18\/2018\/07\/2025.01.declaracao.regimento.pdf\" target=\"_blank\" rel=\"noopener\">Declara\u00e7\u00e3o de Atualiza\u00e7\u00e3o do Regimento Interno da AGEHAB.<\/a><\/div>\n<div>\u00a0<\/div>\n<div>\u00a0<\/div>\n<div><strong>Documentos da AGEHAB<\/strong><\/div>\n<\/div>\n\n\n\n<p><a href=\"https:\/\/static.agehab.go.gov.br\/acesso.a.informacao\/legislacao.aplicavel\/2025.001.estatuto.social.pdf\" target=\"_blank\" rel=\"noreferrer noopener\">Estatuto Social <\/a><\/p>\n\n\n\n<p><a href=\"https:\/\/static.agehab.go.gov.br\/acesso.a.informacao\/legislacao.aplicavel\/2025.005.regulamento.licitacao.pdf\" target=\"_blank\" rel=\"noreferrer noopener\">Regulamento Interno de Licita\u00e7\u00f5es, Contratos e Conv\u00eanios<\/a><\/p>\n\n\n\n<p><a id=\"\" title=\"\" href=\"https:\/\/goias.gov.br\/agehab\/wp-content\/uploads\/sites\/18\/2018\/07\/2023.001.codigo.etica-530.pdf\" target=\"_blank\" rel=\"noopener\">C\u00f3digo de \u00c9tica e Conduta<\/a><\/p>\n\n\n\n<p><a href=\"https:\/\/goias.gov.br\/agehab\/cargos-e-seus-ocupantes\/\" target=\"_blank\" rel=\"noreferrer noopener\">Conselho de Administra\u00e7\u00e3o e Conselho Fiscal<\/a><\/p>\n\n\n\n<p><a href=\"http:\/\/static.agehab.go.gov.br\/acesso.a.informacao\/resolucoes\/2024.001.resolucao.pdf\" target=\"_blank\" rel=\"noreferrer noopener\">Resolu\u00e7\u00e3o n\u00b0 001\/2024, de 09 de dezembro de 2024<\/a><\/p>\n\n\n\n<p><a href=\"http:\/\/static.agehab.go.gov.br\/acesso.a.informacao\/resolucoes\/2024.002.resolucao.pdf\" target=\"_blank\" rel=\"noreferrer noopener\">Resolu\u00e7\u00e3o n\u00b0 002\/2024, de 10 de dezembro de 2024 &#8211; Altera a Resolu\u00e7\u00e3o n\u00b0 001\/2024<\/a><\/p>\n\n\n\n<p><a href=\"http:\/\/static.agehab.go.gov.br\/acesso.a.informacao\/resolucoes\/2024.003.resolucao.pdf\" target=\"_blank\" rel=\"noreferrer noopener\">Resolu\u00e7\u00e3o n\u00b0 003\/2024, de 27 de dezembro de 2024 &#8211; Altera a Resolu\u00e7\u00e3o n\u00b0 001\/2024<\/a><\/p>\n\n\n\n<p><a href=\"http:\/\/static.agehab.go.gov.br\/acesso.a.informacao\/resolucoes\/2025.001.resolucao.pdf\" target=\"_blank\" rel=\"noreferrer noopener\">Resolu\u00e7\u00e3o n\u00b0 001\/2025, de 03 de julho de 2025 &#8211; Altera a Resolu\u00e7\u00e3o n\u00b0 001\/2024<\/a><\/p>\n\n\n\n<p><a href=\"http:\/\/static.agehab.go.gov.br\/acesso.a.informacao\/resolucoes\/2025.002.resolucao.pdf\" target=\"_blank\" rel=\"noreferrer noopener\">Resolu\u00e7\u00e3o n\u00b0 002\/2025, de 02 de outubro de 2025 &#8211; Altera a Resolu\u00e7\u00e3o n\u00b0 001\/2024<\/a><\/p>\n\n\n\n<p><a href=\"http:\/\/static.agehab.go.gov.br\/acesso.a.informacao\/resolucoes\/2025.003.resolucao.pdf\" target=\"_blank\" rel=\"noreferrer noopener\">Resolu\u00e7\u00e3o n\u00b0 003\/2025, de 13 de outubro de 2025 &#8211; Altera a Resolu\u00e7\u00e3o n\u00b0 001\/2024<\/a><\/p>\n<ul class='post-meta'>\n<li><span class='post-meta-key'>tpg-post-view-count:<\/span> 1481<\/li>\n<li><span class='post-meta-key'>footnotes:<\/span> <\/li>\n<li><span class='post-meta-key'>ao_post_optimize:<\/span> a:6:{s:16:\"ao_post_optimize\";s:2:\"on\";s:19:\"ao_post_js_optimize\";s:2:\"on\";s:20:\"ao_post_css_optimize\";s:2:\"on\";s:12:\"ao_post_ccss\";s:2:\"on\";s:16:\"ao_post_lazyload\";s:2:\"on\";s:15:\"ao_post_preload\";s:0:\"\";}<\/li>\n<li><span class='post-meta-key'>rank_math_og_content_image:<\/span> a:2:{s:5:\"check\";s:32:\"aac41619e492feebe8b003aa6eab8385\";s:6:\"images\";a:1:{i:0;i:22286;}}<\/li>\n<li><span class='post-meta-key'>rank_math_internal_links_processed:<\/span> 1<\/li>\n<\/ul>\n<\/div><\/div>\n\t\t\t\t\t\t<\/div>\n\t\t\t\t\t<\/div>\n\t\t\t\t<\/div>\n\t\t\t\t<\/div>\n\t\t","protected":false},"excerpt":{"rendered":"","protected":false},"author":7,"featured_media":0,"parent":0,"menu_order":0,"comment_status":"closed","ping_status":"closed","template":"wppb_theme_template","meta":{"footnotes":""},"class_list":["post-11777","page","type-page","status-publish","hentry"],"rttpg_featured_image_url":null,"rttpg_author":{"display_name":"gustavogoncalves","author_link":"https:\/\/goias.gov.br\/agehab\/author\/gustavogoncalves\/"},"rttpg_comment":0,"rttpg_category":"","rttpg_excerpt":null,"_links":{"self":[{"href":"https:\/\/goias.gov.br\/agehab\/wp-json\/wp\/v2\/pages\/11777","targetHints":{"allow":["GET"]}}],"collection":[{"href":"https:\/\/goias.gov.br\/agehab\/wp-json\/wp\/v2\/pages"}],"about":[{"href":"https:\/\/goias.gov.br\/agehab\/wp-json\/wp\/v2\/types\/page"}],"author":[{"embeddable":true,"href":"https:\/\/goias.gov.br\/agehab\/wp-json\/wp\/v2\/users\/7"}],"replies":[{"embeddable":true,"href":"https:\/\/goias.gov.br\/agehab\/wp-json\/wp\/v2\/comments?post=11777"}],"version-history":[{"count":2,"href":"https:\/\/goias.gov.br\/agehab\/wp-json\/wp\/v2\/pages\/11777\/revisions"}],"predecessor-version":[{"id":30795,"href":"https:\/\/goias.gov.br\/agehab\/wp-json\/wp\/v2\/pages\/11777\/revisions\/30795"}],"wp:attachment":[{"href":"https:\/\/goias.gov.br\/agehab\/wp-json\/wp\/v2\/media?parent=11777"}],"curies":[{"name":"wp","href":"https:\/\/api.w.org\/{rel}","templated":true}]}}