
{"id":11773,"date":"2023-09-20T11:10:33","date_gmt":"2023-09-20T14:10:33","guid":{"rendered":"https:\/\/siteshom.goias.gov.br\/agehab\/?page_id=11773"},"modified":"2024-07-08T21:30:34","modified_gmt":"2024-07-09T00:30:34","slug":"mapa-do-site","status":"publish","type":"page","link":"https:\/\/goias.gov.br\/agehab\/mapa-do-site\/","title":{"rendered":"Mapa do Site"},"content":{"rendered":"<div id=\"custom-sitemap\" class=\"sitemap-container\"><div class='sitemap-group'><h3>A<\/h3><ul><li><a href='https:\/\/goias.gov.br\/agehab\/a-agehab\/' target='_blank'>A AG\u00caNCIA<\/a><\/li><li><a href='https:\/\/goias.gov.br\/agehab\/a-agehab\/' target='_blank'>A  AGEHAB<\/a><\/li><li><a href='https:\/\/goias.gov.br\/agehab\/pra-ter-onde-morar\/' target='_blank'>ALUGUEL SOCIAL<\/a><\/li><li><a href='https:\/\/goias.gov.br\/agehab\/convocacao-para-buscar-ou-assinar-escrituras-2\/' target='_blank'>ASSINAR ESCRITURAS<\/a><\/li><li><a href='https:\/\/goias.gov.br\/agehab\/acesso-a-informacao\/' target='_blank'>ACESSO \u00c0 INFORMA\u00c7\u00c3O<\/a><\/li><li><a href='https:\/\/portal.al.go.leg.br\/' target='_blank'>ASSEMBLEIA LEGISLATIVA DO ESTADO DE GOI\u00c1S<\/a><\/li><li><a href='https:\/\/goias.gov.br\/agehab\/agenda-de-autoridades\/' target='_blank'>AGENDA DE AUTORIDADES<\/a><\/li><li><a href='https:\/\/app.powerbi.com\/view?r=eyJrIjoiMWM2N2E2MmQtMjgwMC00NjcyLTlmNDktZjc2YWUxZmUyNzU4IiwidCI6IjY3ZmQ0MzFjLWIyYWQtNDg2Ny04MWJjLWQ3NTYyMjBiNTZkNCJ9' target='_blank'>ACORDOS SEM TRANSFER\u00caNCIA DE RECURSOS<\/a><\/li><li><a href='https:\/\/goias.gov.br\/agehab\/autoridade-de-monitoramento-de-aplicacao-da-lei\/' target='_blank'>AUTORIDADE DE MONITORAMENTO DA APLICA\u00c7\u00c3O DA LAI<\/a><\/li><li><a href='https:\/\/goias.gov.br\/agehab\/audiencias-publicas\/' target='_blank'>AUDI\u00caNCIAS P\u00daBLICAS<\/a><\/li><\/ul><\/div><div class='sitemap-group'><h3>B<\/h3><ul><li><a href='https:\/\/goias.gov.br\/agehab\/convocacao-para-buscar-ou-assinar-escrituras-2\/' target='_blank'>BUSCAR ESCRITURAS<\/a><\/li><li><a href='https:\/\/app.powerbi.com\/view?r=eyJrIjoiNjM3YzA1NDQtMTQ5MS00YTIyLWFkNDAtNGYwNjNiNWNmNDU3IiwidCI6IjY3ZmQ0MzFjLWIyYWQtNDg2Ny04MWJjLWQ3NTYyMjBiNTZkNCJ9' target='_blank'>BENS M\u00d3VEIS<\/a><\/li><li><a href='https:\/\/app.powerbi.com\/view?r=eyJrIjoiYTcwMWUyNWMtOWM4OC00MTAxLWEyNGQtYjYwYzkxZDA5OTg5IiwidCI6IjY3ZmQ0MzFjLWIyYWQtNDg2Ny04MWJjLWQ3NTYyMjBiNTZkNCJ9' target='_blank'>BENS IM\u00d3VEIS<\/a><\/li><li><a href='https:\/\/goias.gov.br\/agehab\/balanco-geral-do-estado\/' target='_blank'>BALAN\u00c7O GERAL DO ESTADO<\/a><\/li><\/ul><\/div><div class='sitemap-group'><h3>C<\/h3><ul><li><a href='https:\/\/goias.gov.br\/agehab\/intimacoes-e-citacoes\/' target='_blank'>CITA\u00c7\u00d5ES<\/a><\/li><li><a href='https:\/\/www.go.gov.br\/servicos\/servicos-por-orgao\/agencia-goiana-de-habitacao' target='_blank'>CARTA DE SERVI\u00c7OS<\/a><\/li><li><a href='https:\/\/goias.gov.br\/agehab\/aluguel-social-como-funciona\/' target='_blank'>COMO FUNCIONA?<\/a><\/li><li><a href='https:\/\/goias.gov.br\/agehab\/casas-a-custo-zero\/' target='_blank'>CASAS A CUSTO ZERO<\/a><\/li><li><a href='https:\/\/sicap.agehab.go.gov.br\/Account\/LoginSemGuid' target='_blank'>COMO SOLICITAR?<\/a><\/li><li><a href='https:\/\/goias.gov.br\/agehab\/credito-parceria\/' target='_blank'>CR\u00c9DITO PARCERIA<\/a><\/li><li><a href='https:\/\/goias.gov.br\/agehab\/pra-ter-onde-morar-credito-parceria-construtoras\/' target='_blank'>CONSTRUTORAS<\/a><\/li><li><a href='https:\/\/goias.gov.br\/agehab\/contemplados-regularizacao-fundiaria\/' target='_blank'>CONTEMPLADOS<\/a><\/li><li><a href='https:\/\/legisla.casacivil.go.gov.br\/pesquisa_legislacao\/103904\/decreto-9837' target='_blank'>C\u00d3DIGO DE \u00c9TICA<\/a><\/li><li><a href='https:\/\/goias.gov.br\/controladoria' target='_blank'>CONTROLADORIA-GERAL DO ESTADO DE GOI\u00c1S<\/a><\/li><li><a href='https:\/\/goias.gov.br\/governo\/cadastro-de-autoridade\/' target='_blank'>CADASTRO DE AUTORIDADES<\/a><\/li><li><a href='https:\/\/goias.gov.br\/agehab\/competencias\/' target='_blank'>COMPET\u00caNCIAS<\/a><\/li><li><a href='https:\/\/goias.gov.br\/agehab\/cargos-e-seus-ocupantes\/' target='_blank'>CARGOS E SEUS OCUPANTES<\/a><\/li><li><a href='https:\/\/goias.gov.br\/agehab\/comite-estatutario\/' target='_blank'>COMIT\u00ca DE AUDITORIA ESTATUT\u00c1RIO<\/a><\/li><li><a href='https:\/\/goias.gov.br\/agehab\/comite-de-elegibilidade\/' target='_blank'>COMIT\u00ca DE ELEGIBILIDADE<\/a><\/li><li><a href='https:\/\/app.powerbi.com\/view?r=eyJrIjoiNTZmODE5YmQtZTQ1YS00MDVkLTlhY2QtODY5NTIxMjk0YjE0IiwidCI6IjY3ZmQ0MzFjLWIyYWQtNDg2Ny04MWJjLWQ3NTYyMjBiNTZkNCJ9' target='_blank'>CONV\u00caNIOS RECEBIDOS<\/a><\/li><li><a href='https:\/\/app.powerbi.com\/view?r=eyJrIjoiMzNlNDQyMjUtZTFhNi00NGVhLWI0NTktNmNjMmY5Y2YyZDE1IiwidCI6IjY3ZmQ0MzFjLWIyYWQtNDg2Ny04MWJjLWQ3NTYyMjBiNTZkNCJ9' target='_blank'>CONV\u00caNIOS CONCEDIDOS<\/a><\/li><li><a href='https:\/\/goias.gov.br\/agehab\/convenios-para-exploracao-de-atividade-economica\/' target='_blank'>CONV\u00caNIOS PARA EXPLORA\u00c7\u00c3O DE ATIVIDADES ECON\u00d4MICA<\/a><\/li><li><a href='https:\/\/app.powerbi.com\/view?r=eyJrIjoiMjAxYjAzM2MtNjA0Mi00NTM1LWI5NGMtYTExYjExNzA2OGI4IiwidCI6IjY3ZmQ0MzFjLWIyYWQtNDg2Ny04MWJjLWQ3NTYyMjBiNTZkNCJ9' target='_blank'>CONCURSOS P\u00daBLICOS E SELE\u00c7\u00d5ES<\/a><\/li><li><a href='https:\/\/goias.gov.br\/agehab\/convenio-instituto-de-assistencia-dos-servidores-publicos-do-estado-de-goias-ipasgo\/' target='_blank'>CONV\u00caNIO - IPASGO<\/a><\/li><li><a href='https:\/\/app.powerbi.com\/view?r=eyJrIjoiYWMwMjRmYTEtMjQ1ZS00MTgwLTk3YTAtOGMwMzE4ZDMwYWZmIiwidCI6IjY3ZmQ0MzFjLWIyYWQtNDg2Ny04MWJjLWQ3NTYyMjBiNTZkNCJ9' target='_blank'>CONTRATOS<\/a><\/li><li><a href='https:\/\/goias.gov.br\/agehab\/contratos-emergenciais\/' target='_blank'>CONTRATOS EMERGENCIAIS<\/a><\/li><li><a href='https:\/\/goias.gov.br\/agehab\/contratos-para-exploracao-da-atividade-economica\/' target='_blank'>CONTRATOS PARA EXPLORA\u00c7\u00c3O DA ATIVIDADE ECON\u00d4MICA<\/a><\/li><li><a href='https:\/\/app.powerbi.com\/view?r=eyJrIjoiYTllMTkwNTMtOWNhZS00ODhkLTllOGMtYWY4ZTlmZDM4M2E0IiwidCI6IjY3ZmQ0MzFjLWIyYWQtNDg2Ny04MWJjLWQ3NTYyMjBiNTZkNCJ9' target='_blank'>CONTRATOS DE LOCA\u00c7\u00c3O DE IM\u00d3VEIS<\/a><\/li><li><a href='https:\/\/goias.gov.br\/agehab\/classificacao-das-informacoes-sigilosas\/' target='_blank'>CLASSIFICA\u00c7\u00c3O DAS INFORMA\u00c7\u00d5ES SIGILOSAS<\/a><\/li><li><a href='https:\/\/goias.gov.br\/agehab\/carta-anual-de-governanca-corporativa\/' target='_blank'>CARTA ANUAL DE GOVERNAN\u00c7A<\/a><\/li><li><a href='https:\/\/goias.gov.br\/agehab\/codigo-de-conduta-e-integridade\/' target='_blank'>C\u00d3DIGO DE CONDUTA E INTEGRIDADE<\/a><\/li><li><a href='https:\/\/goias.gov.br\/agehab\/consultas-publicas\/' target='_blank'>CONSULTAS P\u00daBLICAS\u00a0<\/a><\/li><\/ul><\/div><div class='sitemap-group'><h3>D<\/h3><ul><li><a href='https:\/\/sicap.agehab.go.gov.br\/Account\/LoginSemGuid' target='_blank'>DOCUMENTA\u00c7\u00c3O<\/a><\/li><li><a href='https:\/\/goias.gov.br\/agehab\/perguntas-e-respostas-frequentes-sobre-regularizacao-fundiaria\/' target='_blank'>D\u00daVIDAS FREQUENTES<\/a><\/li><li><a href='https:\/\/dadosabertos.go.gov.br\/' target='_blank'>DADOS ABERTOS<\/a><\/li><li><a href='https:\/\/www.go.gov.br\/servicos-digitais\/cge\/nova-ouvidoria\/nova-manifestacao\/tela-negativo?orgao=2' target='_blank'>DEN\u00daNCIAS CONTRA CORRUP\u00c7\u00c3O<\/a><\/li><li><a href='http:\/\/diariooficial.abc.go.gov.br\/' target='_blank'>DI\u00c1RIO OFICIAL<\/a><\/li><li><a href='https:\/\/dadosabertos.go.gov.br\/' target='_blank'>DADOS ABERTOS GOI\u00c1S<\/a><\/li><li><a href='https:\/\/app.powerbi.com\/view?r=eyJrIjoiMmQ5ODFhZmYtMTk0Ni00Yzg3LTg5N2ItNTQ5NTZjZDcwMmM5IiwidCI6IjY3ZmQ0MzFjLWIyYWQtNDg2Ny04MWJjLWQ3NTYyMjBiNTZkNCJ9' target='_blank'>DOA\u00c7\u00d5ES<\/a><\/li><li><a href='https:\/\/goias.gov.br\/agehab\/despesas\/' target='_blank'>DESPESAS<\/a><\/li><li><a href='https:\/\/static.agehab.go.gov.br\/acesso.a.informacao\/declaracoes\/2025.004.declaracao.contabilidade.pdf' target='_blank'>DECLARA\u00c7\u00c3O DE EMPRESA DEPENDENTE (LEI DE RESPONSABILIDADE FISCAL)<\/a><\/li><li><a href='https:\/\/app.powerbi.com\/view?r=eyJrIjoiYzViMjUyM2YtM2YzNS00Y2ZjLTg1MzktZTQ5ODZmNGQwYWYyIiwidCI6IjY3ZmQ0MzFjLWIyYWQtNDg2Ny04MWJjLWQ3NTYyMjBiNTZkNCJ9' target='_blank'>DI\u00c1RIAS<\/a><\/li><li><a href='https:\/\/goias.gov.br\/agehab\/demonstracoes-contabeis\/' target='_blank'>DEMONSTRA\u00c7\u00d5ES FINANCEIRAS<\/a><\/li><\/ul><\/div><div class='sitemap-group'><h3>E<\/h3><ul><li><a href='https:\/\/goias.gov.br\/agehab\/programa-pra-ter-onde-morar-residenciais-entregues\/' target='_blank'>ENTREGUES<\/a><\/li><li><a href='https:\/\/goias.gov.br\/agehab\/programa-pra-ter-onde-morar-residenciais-entregues\/' target='_blank'>EM ANDAMENTO<\/a><\/li><li><a href='https:\/\/goias.gov.br\/agehab\/escrituras\/' target='_blank'>ESCRITURAS<\/a><\/li><li><a href='https:\/\/goias.gov.br\/agehab\/processos-seletivos-simplificados\/' target='_blank'>EDITAIS<\/a><\/li><li><a href='https:\/\/goias.gov.br\/agehab\/governanca-corporativa\/' target='_blank'>ESTRUTURA<\/a><\/li><li><a href='https:\/\/www.go.gov.br\/servicos-digitais\/cge\/nova-ouvidoria\/pedido-informacao-publica?orgao=2&tipo_manifestacao=7' target='_blank'>E-SIC<\/a><\/li><li><a href='https:\/\/www.go.gov.br\/servicos-digitais\/cge\/nova-ouvidoria\/pedido-informacao-publica?orgao=2&tipo_manifestacao=7' target='_blank'>E-SIC - SERVI\u00c7O ELETR\u00d4NICO DE INFORMA\u00c7\u00c3O AO CIDAD\u00c3O<\/a><\/li><li><a href='https:\/\/www.go.gov.br\/' target='_blank'>EXPRESSO GOI\u00c1S<\/a><\/li><li><a href='https:\/\/portal.go.gov.br\/' target='_blank'>EXPRESSO APLICA\u00c7\u00d5ES<\/a><\/li><li><a href='https:\/\/www.go.gov.br\/' target='_blank'>EXPRESSO SERVIDOR<\/a><\/li><li><a href='https:\/\/goias.gov.br\/escoladegoverno\/' target='_blank'>ESCOLA DE GOVERNO<\/a><\/li><li><a href='https:\/\/goias.gov.br\/agehab\/estrutura-organizacional\/' target='_blank'>ESTRUTURA ORGANIZACIONAL<\/a><\/li><li><a href='https:\/\/goias.gov.br\/agehab\/telefones-enderecos-e-horarios-de-atendimento\/' target='_blank'>ENDERE\u00c7OS, TELEFONES, E-MAILS E HOR\u00c1RIOS DE ATENDIMENTO<\/a><\/li><li><a href='https:\/\/www.go.gov.br\/servicos-digitais\/cge\/nova-ouvidoria\/nova-manifestacao?agehab=2' target='_blank'>E-SIC ELETR\u00d4NICO E OUVIDORIA ELETR\u00d4NICA <\/a><\/li><li><a href='https:\/\/goias.gov.br\/agehab\/encarregado-pelo-tratamento-dos-dados-pessoais\/' target='_blank'>ENCARREGADO PELO TRATAMENTO DOS DADOS PESSOAIS<\/a><\/li><\/ul><\/div><div class='sitemap-group'><h3>F<\/h3><ul><li><a href='https:\/\/goias.gov.br\/agehab\/fale-conosco\/' target='_blank'>FALE CONOSCO<\/a><\/li><li><a href='https:\/\/www.facebook.com\/Agehab.Goias' target='_blank'>FACEBOOK<\/a><\/li><li><a href='https:\/\/app.powerbi.com\/view?r=eyJrIjoiOGFmMjE4Y2MtM2ZiYi00ZDI2LThiZDctYjM2NmFjNGI2OWQzIiwidCI6IjY3ZmQ0MzFjLWIyYWQtNDg2Ny04MWJjLWQ3NTYyMjBiNTZkNCJ9' target='_blank'>FOLHA DE PAGAMENTO<\/a><\/li><li><a href='https:\/\/goias.gov.br\/agehab\/fatos-relevantes-2\/' target='_blank'>FATOS RELEVANTES<\/a><\/li><\/ul><\/div><div class='sitemap-group'><h3>G<\/h3><ul><li><a href='https:\/\/goias.gov.br\/agehab\/governanca-corporativa\/' target='_blank'>GOVERNAN\u00c7A CORPORATIVA E COMPLIANCE<\/a><\/li><li><a href='https:\/\/www.gov.br\/' target='_blank'>GOVERNO FEDERAL<\/a><\/li><li><a href='http:\/\/www.transparencia.go.gov.br\/portaldatransparencia\/' target='_blank'>GOI\u00c1S TRANSPAR\u00caNCIA<\/a><\/li><li><a href='https:\/\/goias.gov.br\/agehab\/gastos-com-publicidade-e-propaganda\/' target='_blank'>GASTOS COM PUBLICIDADE E PROPAGANDA<\/a><\/li><li><a href='https:\/\/goias.gov.br\/agehab\/gastos-com-patrocinios\/' target='_blank'>GASTO COM PATROC\u00cdNIO<\/a><\/li><\/ul><\/div><div class='sitemap-group'><h3>I<\/h3><ul><li><a href='https:\/\/goias.gov.br\/agehab\/institucional\/' target='_blank'>INSTITUCIONAL<\/a><\/li><li><a href='https:\/\/sicap.agehab.go.gov.br\/Account\/LoginSemGuid' target='_blank'>INSCRI\u00c7\u00d5ES<\/a><\/li><li><a href='https:\/\/www.instagram.com\/agehabgoias\/' target='_blank'>INSTAGRAM<\/a><\/li><li><a href='https:\/\/www.transparencia.go.gov.br\/wp-content\/uploads\/sites\/2\/painel\/lai.php?painel=pda&orgao=agehab' target='_blank'>INVENT\u00c1RIO DE DADOS<\/a><\/li><\/ul><\/div><div class='sitemap-group'><h3>J<\/h3><ul><li><a href='https:\/\/goias.gov.br\/agehab\/julgamento-das-contas-pelo-tce-go\/' target='_blank'>JULGAMENTO DAS CONTAS PELO TCE-GO<\/a><\/li><\/ul><\/div><div class='sitemap-group'><h3>L<\/h3><ul><li><a href='https:\/\/goias.gov.br\/agehab\/licitacoes\/' target='_blank'>LICITA\u00c7\u00d5ES<\/a><\/li><li><a href='https:\/\/goias.gov.br\/agehab\/programa-pra-ter-onde-morar-aluguel-social\/' target='_blank'>LISTAS E EDITAIS<\/a><\/li><li><a href='https:\/\/goias.gov.br\/agehab\/assistencia-para-realizar-inscricoes-e-apresentar-documentacao\/' target='_blank'>LISTA DE APOIO (MUNIC\u00cdPIOS)<\/a><\/li><li><a href='https:\/\/goias.gov.br\/agehab\/pra-ter-onde-morar-regularizacao-fundiaria-legislacao-aplicada\/' target='_blank'>LEGISLA\u00c7\u00c3O APLICADA<\/a><\/li><li><a href='https:\/\/goias.gov.br\/agehab\/encarregado-pelo-tratamento-de-dados-pessoais-agehab-go\/' target='_blank'>LGPD<\/a><\/li><li><a href='https:\/\/app.powerbi.com\/view?r=eyJrIjoiOWQzYzYyNDEtNzM1ZS00YzNlLWJjMDUtNzZhYzY5MmIzZjYxIiwidCI6IjY3ZmQ0MzFjLWIyYWQtNDg2Ny04MWJjLWQ3NTYyMjBiNTZkNCJ9' target='_blank'>LEGISLA\u00c7\u00c3O APLIC\u00c1VEL<\/a><\/li><li><a href='https:\/\/app.powerbi.com\/view?r=eyJrIjoiYzlmYmM0ZGQtOGYwZi00MDI0LTgzZmYtNDVmZTUyZGZiYWQ3IiwidCI6IjY3ZmQ0MzFjLWIyYWQtNDg2Ny04MWJjLWQ3NTYyMjBiNTZkNCJ9' target='_blank'>LISTA DE ESTAGI\u00c1RIOS<\/a><\/li><li><a href='https:\/\/app.powerbi.com\/view?r=eyJrIjoiNmY3YjFmMzgtNDAyMi00NGEwLTlmOTEtZDVkYWU0NDBiOWY3IiwidCI6IjY3ZmQ0MzFjLWIyYWQtNDg2Ny04MWJjLWQ3NTYyMjBiNTZkNCJ9' target='_blank'>LICITANTES SANCIONADOS ADMINISTRATIVAMENTE<\/a><\/li><li><a href='https:\/\/goias.gov.br\/agehab\/ldo-e-loa\/' target='_blank'>LDO E LOA<\/a><\/li><li><a href='https:\/\/goias.gov.br\/agehab\/lei-de-acesso-a-informacao-estadual\/' target='_blank'>LEI DE ACESSO \u00c0 INFORMA\u00c7\u00c3O ESTADUAL<\/a><\/li><li><a href='https:\/\/transparencia.go.gov.br\/governo-digital\/' target='_blank'>LEI DO GOVERNO DIGITAL<\/a><\/li><\/ul><\/div><div class='sitemap-group'><h3>M<\/h3><ul><li><a href='http:\/\/www.mpgo.mp.br\/' target='_blank'>MINIST\u00c9RIO P\u00daBLICO DO ESTADO DE GOI\u00c1S<\/a><\/li><li><a href='https:\/\/goias.gov.br\/agehab\/institucional\/' target='_blank'>MISS\u00c3O, PRINC\u00cdPIOS E VALORES<\/a><\/li><li><a href='https:\/\/static.agehab.go.gov.br\/acesso.a.informacao\/relatorios\/2025.01.relatorio. monitoramento.pdf' target='_blank'>MONITORAMENTO DE PROGRAMAS, PROJETOS, A\u00c7\u00d5ES E ATIVIDADES<\/a><\/li><\/ul><\/div><div class='sitemap-group'><h3>O<\/h3><ul><li><a href='https:\/\/www.go.gov.br\/servicos-digitais\/cge\/nova-ouvidoria?orgao=2' target='_blank'>OUVIDORIA<\/a><\/li><li><a href='https:\/\/www.go.gov.br\/servicos-digitais\/cge\/nova-ouvidoria?orgao=2' target='_blank'>OUVIDORIA SETORIAL (EXPRESSO)<\/a><\/li><li><a href='https:\/\/goias.gov.br\/agehab\/ouvidoria-setorial\/' target='_blank'>OUVIDORIA SETORIAL (PRESENCIAL)<\/a><\/li><li><a href='http:\/\/www.transparencia.go.gov.br\/lai.php?painel=ordem_cronologica_despesas&orgao=agehab' target='_blank'>ORDEM CRONOL\u00d3GICA DE PAGAMENTOS<\/a><\/li><li><a href='https:\/\/mapadeobras.seinfra.go.gov.br\/landing\/Site\/bi' target='_blank'>OBRAS<\/a><\/li><li><a href='https:\/\/mapadeobras.seinfra.go.gov.br\/landing\/Site\/bi' target='_blank'>OBRAS PARALISADAS<\/a><\/li><li><a href='https:\/\/goias.gov.br\/agehab\/orcamento-de-investimentos\/' target='_blank'>OR\u00c7AMENTO DE INVESTIMENTOS\u00a0<\/a><\/li><li><a href='https:\/\/goias.gov.br\/agehab\/atendimento-presencial-ouvidoria\/' target='_blank'>OUVIDORIA - ATENDIMENTO PRESENCIAL <\/a><\/li><\/ul><\/div><div class='sitemap-group'><h3>P<\/h3><ul><li><a href='https:\/\/goias.gov.br\/agehab\/premiacoes-da-agehab\/' target='_blank'>PREMIA\u00c7\u00d5ES<\/a><\/li><li><a href='https:\/\/www.economia.go.gov.br\/planejamento\/plano-plurianual.html' target='_blank'>PLANO PLURIANUAL<\/a><\/li><li><a href='https:\/\/goias.gov.br\/agehab\/processos-seletivos-simplificados\/' target='_blank'>PROCESSOS SELETIVOS<\/a><\/li><li><a href='https:\/\/palladioweb.agehab.go.gov.br\/noautentic\/dadosiniciais.aspx' target='_blank'>PORTAL DO BENEFICI\u00c1RIO<\/a><\/li><li><a href='https:\/\/transparencia.go.gov.br\/' target='_blank'>PORTAL DA TRANSPAR\u00caNCIA<\/a><\/li><li><a href='https:\/\/goias.gov.br\/controladoria\/programa-de-compliance-publico-do-governo-de-goias\/' target='_blank'>PCP<\/a><\/li><li><a href='https:\/\/goias.gov.br\/procuradoria\/' target='_blank'>PROCURADORIA-GERAL DO ESTADO DE GOI\u00c1S<\/a><\/li><li><a href='https:\/\/app.powerbi.com\/view?r=eyJrIjoiYzBiOTRmYjYtM2NmOC00OGVhLWFmZmUtMWQxNmVlMmU2NzE5IiwidCI6IjY3ZmQ0MzFjLWIyYWQtNDg2Ny04MWJjLWQ3NTYyMjBiNTZkNCJ9&pageName=ReportSection7765beba28765a9ded12' target='_blank'>PAINEL DAS ESTATAIS<\/a><\/li><li><a href='https:\/\/goias.gov.br\/agehab\/politica-de-remuneracao\/' target='_blank'>POL\u00cdTICA DE REMUNERA\u00c7\u00c3O<\/a><\/li><li><a href='https:\/\/goias.gov.br\/agehab\/parceria-com-oscs\/' target='_blank'>PARCERIA COM OSCS<\/a><\/li><li><a href='https:\/\/goias.gov.br\/agehab\/17444-2\/' target='_blank'>PARECER DO CONSELHO FISCAL<\/a><\/li><li><a href='https:\/\/goias.gov.br\/agehab\/estrategica-de-longo-prazo\/' target='_blank'>PLANO ESTRAT\u00c9GICO INSTITUCIONAL<\/a><\/li><li><a href='https:\/\/goias.gov.br\/agehab\/plano-de-negocios\/' target='_blank'>PLANO DE NEG\u00d3CIOS<\/a><\/li><li><a href='https:\/\/ppa.go.gov.br\/' target='_blank'>PPA<\/a><\/li><li><a href='https:\/\/goias.gov.br\/agehab\/politica-de-privacidade-e-protecao-de-dados\/' target='_blank'>POL\u00cdTICA DE PRIVACIDADE E PROTE\u00c7\u00c3O DE DADOS<\/a><\/li><li><a href='https:\/\/app.powerbi.com\/view?r=eyJrIjoiNmRhN2MzZmYtMWZkMi00ODdmLWJhNGQtYTJkODcwNDJlMTU4IiwidCI6IjY3ZmQ0MzFjLWIyYWQtNDg2Ny04MWJjLWQ3NTYyMjBiNTZkNCJ9' target='_blank'>PESQUISAS DE SATISFA\u00c7\u00c3O\u00a0<\/a><\/li><li><a href='https:\/\/goias.gov.br\/agehab\/politica-de-divulgacao-de-informacoes\/' target='_blank'>POL\u00cdTICA DE DIVULGA\u00c7\u00c3O DE INFORMA\u00c7\u00d5ES<\/a><\/li><li><a href='https:\/\/goias.gov.br\/agehab\/politica-de-distribuicao-de-dividendos\/' target='_blank'>POL\u00cdTICA DE DISTRIBUI\u00c7\u00c3O DE DIVIDENDOS<\/a><\/li><li><a href='https:\/\/goias.gov.br\/agehab\/politica-de-transacoes-com-partes-relacionadas\/' target='_blank'>POL\u00cdTICA DE TRANSA\u00c7\u00d5ES COM PARTES RELACIONADAS<\/a><\/li><li><a href='https:\/\/goias.gov.br\/agehab\/projetos-de-parcipacao-social\/' target='_blank'>PROJETOS DE PARTICIPA\u00c7\u00c3O SOCIAL<\/a><\/li><li><a href='https:\/\/goias.gov.br\/agehab\/projetos-de-inovacao-no-servico-publico\/' target='_blank'>PROJETOS DE INOVA\u00c7\u00c3O NO SERVI\u00c7O P\u00daBLICO<\/a><\/li><\/ul><\/div><div class='sitemap-group'><h3>R<\/h3><ul><li><a href='https:\/\/radardatransparencia.atricon.org.br\/' target='_blank'>RADAR DA TRANSPAR\u00caNCIA<\/a><\/li><li><a href='https:\/\/radardatransparencia.atricon.org.br\/' target='_blank'>RADAR PNTP<\/a><\/li><li><a href='https:\/\/goias.gov.br\/agehab\/receita-prevista-realizada\/' target='_blank'>RECEITA PREVIS\u00c3O E REALIZA\u00c7\u00c3O<\/a><\/li><li><a href='https:\/\/app.powerbi.com\/view?r=eyJrIjoiNzJkOThkOWItZWI0Mi00OTVlLTg5MzQtZjgwM2UwNzM0NmFmIiwidCI6IjY3ZmQ0MzFjLWIyYWQtNDg2Ny04MWJjLWQ3NTYyMjBiNTZkNCJ9' target='_blank'>RELA\u00c7\u00c3O DE TERCEIRIZADOS<\/a><\/li><li><a href='https:\/\/goias.gov.br\/agehab\/relatorio-de-transparencia-e-igualdade-salarial-de-mulheres-e-homens\/' target='_blank'>RELAT\u00d3RIO DE TRANSPAR\u00caNCIA E IGUALDADE SALARIAL<\/a><\/li><li><a href='https:\/\/goias.gov.br\/agehab\/regulamento-interno-de-licitacoes-e-contratos\/' target='_blank'>REGULAMENTO INTERNO DE LICITA\u00c7\u00d5ES E CONTRATOS<\/a><\/li><li><a href='https:\/\/app.powerbi.com\/view?r=eyJrIjoiNDNiMGUyZjEtMmRiNy00M2RhLTg3MmEtM2IwMDY2NjBmODAzIiwidCI6IjY3ZmQ0MzFjLWIyYWQtNDg2Ny04MWJjLWQ3NTYyMjBiNTZkNCJ9' target='_blank'>RELA\u00c7\u00c3O DOS FISCAIS DOS CONTRATOS<\/a><\/li><li><a href='https:\/\/goias.gov.br\/agehab\/relatorio-de-gestao-ou-atividades\/' target='_blank'>RELAT\u00d3RIO DA ADMINISTRA\u00c7\u00c3O <\/a><\/li><li><a href='https:\/\/goias.gov.br\/agehab\/relatorio-de-auditoria-independente\/' target='_blank'>RELAT\u00d3RIO DE AUDITORIA INDEPENDENTE<\/a><\/li><li><a href='https:\/\/goias.gov.br\/agehab\/relatorio-integrado-ou-de-sustentabilidade\/' target='_blank'>RELAT\u00d3RIO INTEGRADO OU DE SUSTENTABILIDADE<\/a><\/li><li><a href='https:\/\/transparencia.go.gov.br\/gestao-fiscal-e-governamental-rgf\/' target='_blank'>RGF<\/a><\/li><li><a href='https:\/\/transparencia.go.gov.br\/rreo\/' target='_blank'>RREO<\/a><\/li><li><a href='https:\/\/www.ouvidoriageral.go.gov.br\/api\/relatorio_gestao.php?tipo=7&orgao=2' target='_blank'>RELAT\u00d3RIOS E PEDIDOS DE ACESSO \u00c0 INFORMA\u00c7\u00c3O<\/a><\/li><li><a href='https:\/\/goias.gov.br\/agehab\/relatorios-de-gestao-de-ouvidoria\/' target='_blank'>RELAT\u00d3RIOS DE GEST\u00c3O DE OUVIDORIA\u00a0<\/a><\/li><li><a href='https:\/\/goias.gov.br\/agehab\/regularizacao-fundiaria-em-andamento\/' target='_blank'>REGULARIZA\u00c7\u00c3O FUNDI\u00c1RIA EM ANDAMENTO<\/a><\/li><\/ul><\/div><div class='sitemap-group'><h3>S<\/h3><ul><li><a href='https:\/\/goias.gov.br\/administracao\/siga-eng\/' target='_blank'>SIGA<\/a><\/li><li><a href='https:\/\/www.go.gov.br\/unidadesvaptvupt' target='_blank'>SIC - SERVI\u00c7O DE INFORMA\u00c7\u00c3O AO CIDAD\u00c3O<\/a><\/li><li><a href='https:\/\/sei.go.gov.br\/sei\/modulos\/goias\/login-sei\/MdGoiasLoginSEI.php?acao=md_goias_login_SEI&sigla_orgao_sistema=GOVERNADORIA&sigla_sistema=SEI&infra_url=L3NlaS8=' target='_blank'>SEI GOVERNADORIA<\/a><\/li><li><a href='https:\/\/goias.gov.br\/agehab\/aluguel-social-como-funciona\/' target='_blank'>SOBRE ALUGUEL SOCIAL<\/a><\/li><li><a href='https:\/\/goias.gov.br\/agehab\/perguntas-e-respostas-frequentes-sobre-regularizacao-fundiaria\/' target='_blank'>SOBRE REGULARIZA\u00c7\u00c3O FUNDI\u00c1RIA<\/a><\/li><li><a href='https:\/\/goias.gov.br\/agehab\/perguntas-e-respostas-frequentes-sobre-moradias\/' target='_blank'>SOBRE CASAS A CUSTO ZERO<\/a><\/li><li><a href='https:\/\/goias.gov.br\/agehab\/perguntas-e-respostas-frequentes-sobre-casas-a-custo-zero\/' target='_blank'>SOBRE CR\u00c9DITO PARCERIA - FINANCIAMENTO<\/a><\/li><li><a href='https:\/\/vaptvupt.go.gov.br\/unidades' target='_blank'>SIC F\u00cdSICO - UNIDADES DO VAPT VUPT<\/a><\/li><\/ul><\/div><div class='sitemap-group'><h3>T<\/h3><ul><li><a href='https:\/\/www.tjgo.jus.br\/' target='_blank'>TRIBUNAL DE JUSTI\u00c7A DO ESTADO DE GOI\u00c1S<\/a><\/li><li><a href='https:\/\/twitter.com\/agehab_go' target='_blank'>TWITTER<\/a><\/li><li><a href='https:\/\/app.powerbi.com\/view?r=eyJrIjoiYWE0ODk4NjItYmVkMS00YWRhLTkzNWQtODAyOGU2ZGQ1OGUzIiwidCI6IjY3ZmQ0MzFjLWIyYWQtNDg2Ny04MWJjLWQ3NTYyMjBiNTZkNCJ9' target='_blank'>TABELA REMUNERAT\u00d3RIA<\/a><\/li><\/ul><\/div><div class='sitemap-group'><h3>V<\/h3><ul><li><a href='https:\/\/app.powerbi.com\/view?r=eyJrIjoiMzc2NDk3YzctZWMyMS00ZjNlLThhNDUtMDM1MDVmNjM0MGU0IiwidCI6IjY3ZmQ0MzFjLWIyYWQtNDg2Ny04MWJjLWQ3NTYyMjBiNTZkNCJ9' target='_blank'>VALORES DE DI\u00c1RIAS<\/a><\/li><\/ul><\/div><\/div>\n","protected":false},"excerpt":{"rendered":"","protected":false},"author":7,"featured_media":0,"parent":0,"menu_order":0,"comment_status":"closed","ping_status":"closed","template":"","meta":{"footnotes":""},"class_list":["post-11773","page","type-page","status-publish","hentry"],"rttpg_featured_image_url":null,"rttpg_author":{"display_name":"gustavogoncalves","author_link":"https:\/\/goias.gov.br\/agehab\/author\/gustavogoncalves\/"},"rttpg_comment":0,"rttpg_category":null,"rttpg_excerpt":null,"_links":{"self":[{"href":"https:\/\/goias.gov.br\/agehab\/wp-json\/wp\/v2\/pages\/11773","targetHints":{"allow":["GET"]}}],"collection":[{"href":"https:\/\/goias.gov.br\/agehab\/wp-json\/wp\/v2\/pages"}],"about":[{"href":"https:\/\/goias.gov.br\/agehab\/wp-json\/wp\/v2\/types\/page"}],"author":[{"embeddable":true,"href":"https:\/\/goias.gov.br\/agehab\/wp-json\/wp\/v2\/users\/7"}],"replies":[{"embeddable":true,"href":"https:\/\/goias.gov.br\/agehab\/wp-json\/wp\/v2\/comments?post=11773"}],"version-history":[{"count":2,"href":"https:\/\/goias.gov.br\/agehab\/wp-json\/wp\/v2\/pages\/11773\/revisions"}],"predecessor-version":[{"id":18886,"href":"https:\/\/goias.gov.br\/agehab\/wp-json\/wp\/v2\/pages\/11773\/revisions\/18886"}],"wp:attachment":[{"href":"https:\/\/goias.gov.br\/agehab\/wp-json\/wp\/v2\/media?parent=11773"}],"curies":[{"name":"wp","href":"https:\/\/api.w.org\/{rel}","templated":true}]}}