

{"id":97700,"date":"2025-07-09T14:58:45","date_gmt":"2025-07-09T17:58:45","guid":{"rendered":"https:\/\/goias.gov.br\/administracao\/?page_id=97700"},"modified":"2026-02-25T08:32:33","modified_gmt":"2026-02-25T11:32:33","slug":"gestao-do-conhecimento-gc","status":"publish","type":"page","link":"https:\/\/goias.gov.br\/administracao\/gestao-do-conhecimento-gc\/","title":{"rendered":"Gest\u00e3o do Conhecimento 3"},"content":{"rendered":"\t\t<div data-elementor-type=\"wp-page\" data-elementor-id=\"97700\" class=\"elementor elementor-97700\">\n\t\t\t\t<div class=\"elementor-element elementor-element-da3b90f e-flex e-con-boxed e-con e-parent\" data-id=\"da3b90f\" data-element_type=\"container\" data-e-type=\"container\">\n\t\t\t\t\t<div class=\"e-con-inner\">\n\t\t\t\t<div class=\"elementor-element elementor-element-b1ec1c2 elementor-widget elementor-widget-heading\" data-id=\"b1ec1c2\" data-element_type=\"widget\" data-e-type=\"widget\" data-widget_type=\"heading.default\">\n\t\t\t\t\t<h2 class=\"elementor-heading-title elementor-size-default\"><a href=\"https:\/\/goias.gov.br\/administracao\/gestao-do-conhecimento-gc\/\">O que \u00e9 Gest\u00e3o do Conhecimento?<\/a><\/h2>\t\t\t\t<\/div>\n\t\t\t\t<div class=\"elementor-element elementor-element-10766d8 elementor-widget elementor-widget-text-editor\" data-id=\"10766d8\" data-element_type=\"widget\" data-e-type=\"widget\" data-widget_type=\"text-editor.default\">\n\t\t\t\t\t\t\t\t\t<p>A \u201c<strong><em>Gest\u00e3o do Conhecimento<\/em><\/strong>\u201d visa \u00e0 melhoria da performance organizacional por meio do conhecimento das pessoas, ou seja, busca identificar como as pessoas criam, representam e utilizam o conhecimento, integrando-o de forma inteligente nas atividades desenvolvidas pela organiza\u00e7\u00e3o.<\/p><p>Gerir conhecimento refere-se assim, ao processo de identificar, capturar, armazenar, organizar, compartilhar e aplicar o conhecimento, em um processo cont\u00ednuo e sistematizado denominado Ciclo de Gest\u00e3o do Conhecimento, proposto por Karl Wigg, em 1993, como mostra a figura a seguir.<\/p>\t\t\t\t\t\t\t\t<\/div>\n\t\t\t\t\t<\/div>\n\t\t\t\t<\/div>\n\t\t<div class=\"elementor-element elementor-element-fea974e e-flex e-con-boxed e-con e-parent\" data-id=\"fea974e\" data-element_type=\"container\" data-e-type=\"container\">\n\t\t\t\t\t<div class=\"e-con-inner\">\n\t\t\t\t<div class=\"elementor-element elementor-element-35cc20a elementor-widget elementor-widget-image\" data-id=\"35cc20a\" data-element_type=\"widget\" data-e-type=\"widget\" data-widget_type=\"image.default\">\n\t\t\t\t\t\t\t\t\t\t\t\t\t\t\t<img decoding=\"async\" src=\"https:\/\/goias.gov.br\/administracao\/wp-content\/uploads\/sites\/27\/2025\/06\/Ciclo-de-GC-Verde.png\" title=\"\" alt=\"\" loading=\"lazy\" \/>\t\t\t\t\t\t\t\t\t\t\t\t\t\t\t<\/div>\n\t\t\t\t\t<\/div>\n\t\t\t\t<\/div>\n\t\t<div class=\"elementor-element elementor-element-b80eefd e-flex e-con-boxed e-con e-parent\" data-id=\"b80eefd\" data-element_type=\"container\" data-e-type=\"container\">\n\t\t\t\t\t<div class=\"e-con-inner\">\n\t\t\t\t<div class=\"elementor-element elementor-element-a84749c elementor-widget elementor-widget-text-editor\" data-id=\"a84749c\" data-element_type=\"widget\" data-e-type=\"widget\" data-widget_type=\"text-editor.default\">\n\t\t\t\t\t\t\t\t\t<p>Na pr\u00e1tica, a <strong><em>gest\u00e3o do conhecimento<\/em> consiste em um conjunto de boas pr\u00e1ticas<\/strong> para facilitar o entendimento do conhecimento t\u00e1cito presente na mente das pessoas e expl\u00edcito nos documentos da organiza\u00e7\u00e3o. Dentre estas boas pr\u00e1ticas podem ser citadas <strong>cinco pr\u00e1ticas essenciais<\/strong>:<\/p><p><strong>Mapeamento de Conhecimento<\/strong> \u00e9 uma t\u00e9cnica que visa identificar, organizar e visualizar o conhecimento existente dentro da organiza\u00e7\u00e3o, com objetivo de entender como o conhecimento flui, onde ele est\u00e1 localizado, quem o det\u00e9m e como pode ser utilizado. Os mapas conceituais, mapas mentais, mapas de processos, mapas de compet\u00eancias e mapas de fluxo de conhecimento s\u00e3o exemplos de ferramentas para a realiza\u00e7\u00e3o do mapeamento de conhecimento da organiza\u00e7\u00e3o.<\/p><p><strong>Li\u00e7\u00f5es Aprendidas<\/strong> s\u00e3o experi\u00eancias vividas pelas pessoas em atividades e projetos, transformadas em ativos de conhecimento. A t\u00e9cnica \u00e9 aplicada em reuni\u00f5es de <em>feedback<\/em>, sendo registrado o que deu certo, o que deu errado e o que poderia ser melhorado, gerando bases de conhecimento para serem utilizadas em projetos futuros.<\/p><p><strong>Mentorias <\/strong>s\u00e3o relacionamentos de trabalho com objetivo de transferir conhecimento e experi\u00eancia entre pessoas mais experientes (mentor \/ s\u00eanior) e menos experientes (mentee \/ J\u00fanior), com o prop\u00f3sito de acelerar o aprendizado na organiza\u00e7\u00e3o. A mentoria permite estabelecer uma rela\u00e7\u00e3o mais pr\u00f3xima, de orienta\u00e7\u00e3o, aconselhamento e feedback, reduzindo a perda de conhecimento cr\u00edtico.<\/p><p><strong>Gamifica\u00e7\u00e3o<\/strong> consiste da aplica\u00e7\u00e3o do conceito de jogos em contextos corporativos. Trata-se de uma estrat\u00e9gia l\u00fadica para estimular a aprendizagem, compartilhamento, colabora\u00e7\u00e3o e aplica\u00e7\u00e3o do conhecimento organizacional, por meio de din\u00e2micas de jogos, transformando o ambiente em experi\u00eancias inclusivas e atrativas.<\/p><p><strong>Comunidade de Pr\u00e1tica (Cop) <\/strong>s\u00e3o grupos de pessoas que compartilham um interesse ou expertise sobre um mesmo tema, se reunindo periodicamente para aprender, trocar experi\u00eancias e desenvolver conhecimento coletivo, criando um ambiente de colabora\u00e7\u00e3o cont\u00ednua.<\/p>\t\t\t\t\t\t\t\t<\/div>\n\t\t\t\t\t<\/div>\n\t\t\t\t<\/div>\n\t\t<div class=\"elementor-element elementor-element-70e9931 e-flex e-con-boxed e-con e-parent\" data-id=\"70e9931\" data-element_type=\"container\" data-e-type=\"container\">\n\t\t\t\t\t<div class=\"e-con-inner\">\n\t\t\t\t<div class=\"elementor-element elementor-element-f57f94e elementor-widget elementor-widget-heading\" data-id=\"f57f94e\" data-element_type=\"widget\" data-e-type=\"widget\" data-widget_type=\"heading.default\">\n\t\t\t\t\t<h3 class=\"elementor-heading-title elementor-size-default\">Pilares da Gest\u00e3o do Conhecimento<\/h3>\t\t\t\t<\/div>\n\t\t\t\t<div class=\"elementor-element elementor-element-12abd6e elementor-widget elementor-widget-text-editor\" data-id=\"12abd6e\" data-element_type=\"widget\" data-e-type=\"widget\" data-widget_type=\"text-editor.default\">\n\t\t\t\t\t\t\t\t\t<p>A gest\u00e3o do conhecimento \u00e9 fundamentada em tr\u00eas componentes intrinsecamente relacionados, <strong>pessoas, processos e tecnologias<\/strong>, os quais, viabilizam o desenvolvimento e implanta\u00e7\u00e3o de programas de GC na organiza\u00e7\u00e3o.<\/p>\t\t\t\t\t\t\t\t<\/div>\n\t\t\t\t\t<\/div>\n\t\t\t\t<\/div>\n\t\t<div class=\"elementor-element elementor-element-a3f5a04 e-flex e-con-boxed e-con e-parent\" data-id=\"a3f5a04\" data-element_type=\"container\" data-e-type=\"container\">\n\t\t\t\t\t<div class=\"e-con-inner\">\n\t\t<div class=\"elementor-element elementor-element-278b9e3 e-con-full e-flex e-con e-child\" data-id=\"278b9e3\" data-element_type=\"container\" data-e-type=\"container\">\n\t\t\t\t<div class=\"elementor-element elementor-element-f23e392 elementor-widget elementor-widget-image\" data-id=\"f23e392\" data-element_type=\"widget\" data-e-type=\"widget\" data-widget_type=\"image.default\">\n\t\t\t\t\t\t\t\t\t\t\t\t\t\t\t<img decoding=\"async\" src=\"https:\/\/goias.gov.br\/administracao\/wp-content\/uploads\/sites\/27\/2025\/06\/GC_envolve-verde.png\" title=\"\" alt=\"\" loading=\"lazy\" \/>\t\t\t\t\t\t\t\t\t\t\t\t\t\t\t<\/div>\n\t\t\t\t<\/div>\n\t\t<div class=\"elementor-element elementor-element-a2ba24b e-con-full e-flex e-con e-child\" data-id=\"a2ba24b\" data-element_type=\"container\" data-e-type=\"container\">\n\t\t\t\t<div class=\"elementor-element elementor-element-265fc52 elementor-widget elementor-widget-text-editor\" data-id=\"265fc52\" data-element_type=\"widget\" data-e-type=\"widget\" data-widget_type=\"text-editor.default\">\n\t\t\t\t\t\t\t\t\t<ul><li>As<strong> Pessoas<\/strong> s\u00e3o o centro da gest\u00e3o do conhecimento, pois s\u00e3o elas que produzem, compartilham e utilizam o conhecimento no dia a dia. Desta forma, valorizar as pessoas como agentes do conhecimento \u00e9 essencial para promover uma cultura de colabora\u00e7\u00e3o e aprendizagem organizacional.<\/li><li>Os<strong> Processos<\/strong> representam os m\u00e9todos e pr\u00e1ticas que organizam o fluxo do conhecimento. Por essa raz\u00e3o, processos bem definidos permitem capturar, registrar, disseminar e aplicar o conhecimento de forma eficaz no ambiente institucional.<\/li><li>As<strong> Tecnologias, <\/strong>tais como ferramentas digitais, softwares, plataformas colaborativas e a Intelig\u00eancia Artificial, funcionam como suporte para armazenar, acessar e compartilhar o conhecimento, ampliado as possibilidades e acelerando os programas de gest\u00e3o do conhecimento.<\/li><\/ul>\t\t\t\t\t\t\t\t<\/div>\n\t\t\t\t<\/div>\n\t\t\t\t\t<\/div>\n\t\t\t\t<\/div>\n\t\t<div class=\"elementor-element elementor-element-a0cd6c1 e-flex e-con-boxed e-con e-parent\" data-id=\"a0cd6c1\" data-element_type=\"container\" data-e-type=\"container\">\n\t\t\t\t\t<div class=\"e-con-inner\">\n\t\t\t\t<div class=\"elementor-element elementor-element-5e66db2 elementor-widget elementor-widget-heading\" data-id=\"5e66db2\" data-element_type=\"widget\" data-e-type=\"widget\" data-widget_type=\"heading.default\">\n\t\t\t\t\t<h3 class=\"elementor-heading-title elementor-size-default\">Como saber mais sobre Gest\u00e3o do Conhecimento?<\/h3>\t\t\t\t<\/div>\n\t\t\t\t<div class=\"elementor-element elementor-element-7909258 elementor-widget elementor-widget-text-editor\" data-id=\"7909258\" data-element_type=\"widget\" data-e-type=\"widget\" data-widget_type=\"text-editor.default\">\n\t\t\t\t\t\t\t\t\t<p>A Ger\u00eancia de Gest\u00e3o do Conhecimento e Compet\u00eancias (G2C2) promove o Curso de Gest\u00e3o do Conhecimento, a cada dois meses, para os servidores do Estado de Goi\u00e1s, por meio da Diretoria da Escola de Governo de Goi\u00e1s. Para participar, servidores efetivos deve realizar a inscri\u00e7\u00e3o acessando o Portal do Aluno pelo link <a href=\"https:\/\/sgc.escoladegoverno.go.gov.br\">https:\/\/sgc.escoladegoverno.go.gov.br<\/a>.\u00a0<\/p>\t\t\t\t\t\t\t\t<\/div>\n\t\t\t\t\t<\/div>\n\t\t\t\t<\/div>\n\t\t<div class=\"elementor-element elementor-element-154fc9e e-flex e-con-boxed e-con e-parent\" data-id=\"154fc9e\" data-element_type=\"container\" data-e-type=\"container\">\n\t\t\t\t\t<div class=\"e-con-inner\">\n\t\t\t\t<div class=\"elementor-element elementor-element-88c4984 elementor-widget elementor-widget-heading\" data-id=\"88c4984\" data-element_type=\"widget\" data-e-type=\"widget\" data-widget_type=\"heading.default\">\n\t\t\t\t\t<h3 class=\"elementor-heading-title elementor-size-default\">Refer\u00eancia Bibliogr\u00e1fica<\/h3>\t\t\t\t<\/div>\n\t\t\t\t<div class=\"elementor-element elementor-element-cbe64ca elementor-widget elementor-widget-text-editor\" data-id=\"cbe64ca\" data-element_type=\"widget\" data-e-type=\"widget\" data-widget_type=\"text-editor.default\">\n\t\t\t\t\t\t\t\t\t<p>WIIG, Karl M. Knowledge management foundations: thinking about thinking-how people and organizations represent, create, and use knowledge. Schema Press, Limited, 1993.<\/p>\t\t\t\t\t\t\t\t<\/div>\n\t\t\t\t\t<\/div>\n\t\t\t\t<\/div>\n\t\t\t\t<\/div>\n\t\t","protected":false},"excerpt":{"rendered":"<p>O que \u00e9 Gest\u00e3o do Conhecimento? A \u201cGest\u00e3o do Conhecimento\u201d visa \u00e0 melhoria da performance organizacional por meio do conhecimento das pessoas, ou seja, busca identificar como as pessoas criam, representam e utilizam o conhecimento, integrando-o de forma inteligente nas atividades desenvolvidas pela organiza\u00e7\u00e3o. Gerir conhecimento refere-se assim, ao processo de identificar, capturar, armazenar, organizar, [&hellip;]<\/p>\n","protected":false},"author":704,"featured_media":0,"parent":0,"menu_order":0,"comment_status":"closed","ping_status":"closed","template":"wppb_theme_template","meta":{"footnotes":""},"class_list":["post-97700","page","type-page","status-publish","hentry"],"rttpg_featured_image_url":null,"rttpg_author":{"display_name":"andreosorio","author_link":"https:\/\/goias.gov.br\/administracao\/author\/andreosorio\/"},"rttpg_comment":0,"rttpg_category":null,"rttpg_excerpt":"O que \u00e9 Gest\u00e3o do Conhecimento? A \u201cGest\u00e3o do Conhecimento\u201d visa \u00e0 melhoria da performance organizacional por meio do conhecimento das pessoas, ou seja, busca identificar como as pessoas criam, representam e utilizam o conhecimento, integrando-o de forma inteligente nas atividades desenvolvidas pela organiza\u00e7\u00e3o. Gerir conhecimento refere-se assim, ao processo de identificar, capturar, armazenar, organizar,&hellip;","_links":{"self":[{"href":"https:\/\/goias.gov.br\/administracao\/wp-json\/wp\/v2\/pages\/97700","targetHints":{"allow":["GET"]}}],"collection":[{"href":"https:\/\/goias.gov.br\/administracao\/wp-json\/wp\/v2\/pages"}],"about":[{"href":"https:\/\/goias.gov.br\/administracao\/wp-json\/wp\/v2\/types\/page"}],"author":[{"embeddable":true,"href":"https:\/\/goias.gov.br\/administracao\/wp-json\/wp\/v2\/users\/704"}],"replies":[{"embeddable":true,"href":"https:\/\/goias.gov.br\/administracao\/wp-json\/wp\/v2\/comments?post=97700"}],"version-history":[{"count":2,"href":"https:\/\/goias.gov.br\/administracao\/wp-json\/wp\/v2\/pages\/97700\/revisions"}],"predecessor-version":[{"id":202304,"href":"https:\/\/goias.gov.br\/administracao\/wp-json\/wp\/v2\/pages\/97700\/revisions\/202304"}],"wp:attachment":[{"href":"https:\/\/goias.gov.br\/administracao\/wp-json\/wp\/v2\/media?parent=97700"}],"curies":[{"name":"wp","href":"https:\/\/api.w.org\/{rel}","templated":true}]}}