

{"id":72184,"date":"2025-04-08T09:20:49","date_gmt":"2025-04-08T12:20:49","guid":{"rendered":"https:\/\/goias.gov.br\/administracao\/?page_id=72184"},"modified":"2025-05-07T15:29:57","modified_gmt":"2025-05-07T18:29:57","slug":"leilao-2025","status":"publish","type":"page","link":"https:\/\/goias.gov.br\/administracao\/diretoria-executiva-de-liquidacao-de-estatais-2\/leilao-2025\/","title":{"rendered":"Leil\u00e3o 2025"},"content":{"rendered":"\n<p><strong>Leil\u00e3o n\u00b0 001\/2025<\/strong><\/p>\n\n\n\n<p>EMPRESA&nbsp;ESTADUAL DE&nbsp;PROCESSAMENTO DE DADOS DE GOI\u00c1S<strong>&nbsp;\u2013 PRODAGO&nbsp;<\/strong>em liquida\u00e7\u00e3o<\/p>\n\n\n\n<p><strong>Objeto:<\/strong>&nbsp;Leil\u00e3o de bens m\u00f3veis im\u00f3veis de propriedade da PRODAGO em liquida\u00e7\u00e3o.<br><strong>Data de abertura:&nbsp;<\/strong>Ocorrer\u00e1 exclusivamente de forma ON-LINE atrav\u00e9s da da plataforma www.leiloesfederal.com.br, no dia 30 de abril de 2025, a partir das 14h00min (hor\u00e1rio de Bras\u00edlia).<\/p>\n\n\n\n<ul class=\"wp-block-list\">\n<li><a href=\"https:\/\/goias.gov.br\/administracao\/wp-content\/uploads\/sites\/27\/2025\/04\/Edital-leilao-2025.1.pdf\">Edital de Leil\u00e3o n\u00ba 001\/2025<\/a><\/li>\n<\/ul>\n","protected":false},"excerpt":{"rendered":"<p>Leil\u00e3o n\u00b0 001\/2025 EMPRESA&nbsp;ESTADUAL DE&nbsp;PROCESSAMENTO DE DADOS DE GOI\u00c1S&nbsp;\u2013 PRODAGO&nbsp;em liquida\u00e7\u00e3o Objeto:&nbsp;Leil\u00e3o de bens m\u00f3veis im\u00f3veis de propriedade da PRODAGO em liquida\u00e7\u00e3o.Data de abertura:&nbsp;Ocorrer\u00e1 exclusivamente de forma ON-LINE atrav\u00e9s da da plataforma www.leiloesfederal.com.br, no dia 30 de abril de 2025, a partir das 14h00min (hor\u00e1rio de Bras\u00edlia).<\/p>\n","protected":false},"author":266,"featured_media":0,"parent":18465,"menu_order":0,"comment_status":"closed","ping_status":"closed","template":"","meta":{"footnotes":""},"class_list":["post-72184","page","type-page","status-publish","hentry"],"rttpg_featured_image_url":null,"rttpg_author":{"display_name":"cinthiagsilva","author_link":"https:\/\/goias.gov.br\/administracao\/author\/cinthiagsilva\/"},"rttpg_comment":0,"rttpg_category":null,"rttpg_excerpt":"Leil\u00e3o n\u00b0 001\/2025 EMPRESA&nbsp;ESTADUAL DE&nbsp;PROCESSAMENTO DE DADOS DE GOI\u00c1S&nbsp;\u2013 PRODAGO&nbsp;em liquida\u00e7\u00e3o Objeto:&nbsp;Leil\u00e3o de bens m\u00f3veis im\u00f3veis de propriedade da PRODAGO em liquida\u00e7\u00e3o.Data de abertura:&nbsp;Ocorrer\u00e1 exclusivamente de forma ON-LINE atrav\u00e9s da da plataforma www.leiloesfederal.com.br, no dia 30 de abril de 2025, a partir das 14h00min (hor\u00e1rio de Bras\u00edlia).","_links":{"self":[{"href":"https:\/\/goias.gov.br\/administracao\/wp-json\/wp\/v2\/pages\/72184","targetHints":{"allow":["GET"]}}],"collection":[{"href":"https:\/\/goias.gov.br\/administracao\/wp-json\/wp\/v2\/pages"}],"about":[{"href":"https:\/\/goias.gov.br\/administracao\/wp-json\/wp\/v2\/types\/page"}],"author":[{"embeddable":true,"href":"https:\/\/goias.gov.br\/administracao\/wp-json\/wp\/v2\/users\/266"}],"replies":[{"embeddable":true,"href":"https:\/\/goias.gov.br\/administracao\/wp-json\/wp\/v2\/comments?post=72184"}],"version-history":[{"count":2,"href":"https:\/\/goias.gov.br\/administracao\/wp-json\/wp\/v2\/pages\/72184\/revisions"}],"predecessor-version":[{"id":72430,"href":"https:\/\/goias.gov.br\/administracao\/wp-json\/wp\/v2\/pages\/72184\/revisions\/72430"}],"up":[{"embeddable":true,"href":"https:\/\/goias.gov.br\/administracao\/wp-json\/wp\/v2\/pages\/18465"}],"wp:attachment":[{"href":"https:\/\/goias.gov.br\/administracao\/wp-json\/wp\/v2\/media?parent=72184"}],"curies":[{"name":"wp","href":"https:\/\/api.w.org\/{rel}","templated":true}]}}