

{"id":66421,"date":"2025-07-09T14:58:27","date_gmt":"2025-07-09T17:58:27","guid":{"rendered":"https:\/\/goias.gov.br\/administracao\/?page_id=66421"},"modified":"2026-02-25T07:49:47","modified_gmt":"2026-02-25T10:49:47","slug":"gestao-do-conhecimento-home","status":"publish","type":"page","link":"https:\/\/goias.gov.br\/administracao\/gestao-do-conhecimento-home\/","title":{"rendered":"Gest\u00e3o do Conhecimento"},"content":{"rendered":"\t\t<div data-elementor-type=\"wp-page\" data-elementor-id=\"66421\" class=\"elementor elementor-66421\">\n\t\t\t\t<div class=\"elementor-element elementor-element-40067fd e-flex e-con-boxed e-con e-parent\" data-id=\"40067fd\" data-element_type=\"container\" data-e-type=\"container\">\n\t\t\t\t\t<div class=\"e-con-inner\">\n\t\t<div class=\"elementor-element elementor-element-6da3071 e-con-full e-flex e-con e-child\" data-id=\"6da3071\" data-element_type=\"container\" data-e-type=\"container\">\n\t\t\t\t<div class=\"elementor-element elementor-element-01ff02a elementor-widget elementor-widget-text-editor\" data-id=\"01ff02a\" data-element_type=\"widget\" data-e-type=\"widget\" data-widget_type=\"text-editor.default\">\n\t\t\t\t\t\t\t\t\t<p>A <strong>Ger\u00eancia de Gest\u00e3o do Conhecimento e Compet\u00eancias (G2C2)<\/strong> \u00e9 uma unidade estrat\u00e9gica da Secretaria de Estado da Administra\u00e7\u00e3o (SEAD), respons\u00e1vel por difundir a cultura de Gest\u00e3o do Conhecimento no Governo de Goi\u00e1s.<\/p><p>A G2C2 desenvolve estrat\u00e9gias para valorizar o <strong>servidor como agente de conhecimento<\/strong>, estimulando a aprendizagem organizacional, a inova\u00e7\u00e3o p\u00fablica e o compartilhamento de boas pr\u00e1ticas entre \u00f3rg\u00e3os e entidades estaduais.<\/p><p>Pioneira na <strong>aplica\u00e7\u00e3o de Intelig\u00eancia Artificial Generativa (IAGen)<\/strong> para potencializar os processos de Gest\u00e3o do Conhecimento na Gest\u00e3o de Pessoas, a G2C2 contribui com solu\u00e7\u00f5es que aumentam a efici\u00eancia e a qualidade dos servi\u00e7os governamentais.<\/p><p>Para conhecer mais sobre a atua\u00e7\u00e3o da G2C2 e sobre a Gest\u00e3o do Conhecimento no Governo de Goi\u00e1s, <strong>explore nossas p\u00e1ginas clicando nos bot\u00f5es ao lado.<\/strong><\/p>\t\t\t\t\t\t\t\t<\/div>\n\t\t\t\t<\/div>\n\t\t<div class=\"elementor-element elementor-element-ac1d8fd e-con-full e-flex e-con e-child\" data-id=\"ac1d8fd\" data-element_type=\"container\" data-e-type=\"container\">\n\t\t\t\t<div class=\"elementor-element elementor-element-3153650 elementor-widget elementor-widget-image\" data-id=\"3153650\" data-element_type=\"widget\" data-e-type=\"widget\" data-widget_type=\"image.default\">\n\t\t\t\t\t\t\t\t\t\t\t\t\t\t\t\t<a href=\"https:\/\/goias.gov.br\/administracao\/gestao-do-conhecimento-g2c2\/\" target=\"_blank\">\n\t\t\t\t\t\t\t<img decoding=\"async\" src=\"https:\/\/goias.gov.br\/administracao\/wp-content\/uploads\/sites\/27\/2025\/05\/botao1.png\" title=\"\" alt=\"\" loading=\"lazy\" \/>\t\t\t\t\t\t\t\t<\/a>\n\t\t\t\t\t\t\t\t\t\t\t\t\t\t\t<\/div>\n\t\t\t\t<div class=\"elementor-element elementor-element-783675d elementor-widget elementor-widget-image\" data-id=\"783675d\" data-element_type=\"widget\" data-e-type=\"widget\" data-widget_type=\"image.default\">\n\t\t\t\t\t\t\t\t\t\t\t\t\t\t\t\t<a href=\"https:\/\/goias.gov.br\/administracao\/gestao-do-conhecimento-gc\/\" target=\"_blank\">\n\t\t\t\t\t\t\t<img decoding=\"async\" src=\"https:\/\/goias.gov.br\/administracao\/wp-content\/uploads\/sites\/27\/2025\/06\/Botao2.png\" title=\"\" alt=\"\" loading=\"lazy\" \/>\t\t\t\t\t\t\t\t<\/a>\n\t\t\t\t\t\t\t\t\t\t\t\t\t\t\t<\/div>\n\t\t\t\t<div class=\"elementor-element elementor-element-39054bf elementor-widget elementor-widget-image\" data-id=\"39054bf\" data-element_type=\"widget\" data-e-type=\"widget\" data-widget_type=\"image.default\">\n\t\t\t\t\t\t\t\t\t\t\t\t\t\t\t\t<a href=\"https:\/\/goias.gov.br\/administracao\/gestao-do-conhecimento-ia\/\" target=\"_blank\">\n\t\t\t\t\t\t\t<img decoding=\"async\" src=\"https:\/\/goias.gov.br\/administracao\/wp-content\/uploads\/sites\/27\/2025\/05\/botao3.png\" title=\"\" alt=\"\" loading=\"lazy\" \/>\t\t\t\t\t\t\t\t<\/a>\n\t\t\t\t\t\t\t\t\t\t\t\t\t\t\t<\/div>\n\t\t\t\t<\/div>\n\t\t\t\t\t<\/div>\n\t\t\t\t<\/div>\n\t\t\t\t<\/div>\n\t\t","protected":false},"excerpt":{"rendered":"<p>A Ger\u00eancia de Gest\u00e3o do Conhecimento e Compet\u00eancias (G2C2) \u00e9 uma unidade estrat\u00e9gica da Secretaria de Estado da Administra\u00e7\u00e3o (SEAD), respons\u00e1vel por difundir a cultura de Gest\u00e3o do Conhecimento no Governo de Goi\u00e1s. A G2C2 desenvolve estrat\u00e9gias para valorizar o servidor como agente de conhecimento, estimulando a aprendizagem organizacional, a inova\u00e7\u00e3o p\u00fablica e o compartilhamento [&hellip;]<\/p>\n","protected":false},"author":704,"featured_media":0,"parent":0,"menu_order":0,"comment_status":"closed","ping_status":"closed","template":"wppb_theme_template","meta":{"footnotes":""},"class_list":["post-66421","page","type-page","status-publish","hentry"],"rttpg_featured_image_url":null,"rttpg_author":{"display_name":"andreosorio","author_link":"https:\/\/goias.gov.br\/administracao\/author\/andreosorio\/"},"rttpg_comment":0,"rttpg_category":null,"rttpg_excerpt":"A Ger\u00eancia de Gest\u00e3o do Conhecimento e Compet\u00eancias (G2C2) \u00e9 uma unidade estrat\u00e9gica da Secretaria de Estado da Administra\u00e7\u00e3o (SEAD), respons\u00e1vel por difundir a cultura de Gest\u00e3o do Conhecimento no Governo de Goi\u00e1s. A G2C2 desenvolve estrat\u00e9gias para valorizar o servidor como agente de conhecimento, estimulando a aprendizagem organizacional, a inova\u00e7\u00e3o p\u00fablica e o compartilhamento&hellip;","_links":{"self":[{"href":"https:\/\/goias.gov.br\/administracao\/wp-json\/wp\/v2\/pages\/66421","targetHints":{"allow":["GET"]}}],"collection":[{"href":"https:\/\/goias.gov.br\/administracao\/wp-json\/wp\/v2\/pages"}],"about":[{"href":"https:\/\/goias.gov.br\/administracao\/wp-json\/wp\/v2\/types\/page"}],"author":[{"embeddable":true,"href":"https:\/\/goias.gov.br\/administracao\/wp-json\/wp\/v2\/users\/704"}],"replies":[{"embeddable":true,"href":"https:\/\/goias.gov.br\/administracao\/wp-json\/wp\/v2\/comments?post=66421"}],"version-history":[{"count":2,"href":"https:\/\/goias.gov.br\/administracao\/wp-json\/wp\/v2\/pages\/66421\/revisions"}],"predecessor-version":[{"id":202049,"href":"https:\/\/goias.gov.br\/administracao\/wp-json\/wp\/v2\/pages\/66421\/revisions\/202049"}],"wp:attachment":[{"href":"https:\/\/goias.gov.br\/administracao\/wp-json\/wp\/v2\/media?parent=66421"}],"curies":[{"name":"wp","href":"https:\/\/api.w.org\/{rel}","templated":true}]}}