

{"id":54533,"date":"2025-02-04T15:40:08","date_gmt":"2025-02-04T18:40:08","guid":{"rendered":"https:\/\/goias.gov.br\/administracao\/?page_id=54533"},"modified":"2026-02-25T08:46:23","modified_gmt":"2026-02-25T11:46:23","slug":"gft-gestao-da-forca-de-trabalho","status":"publish","type":"page","link":"https:\/\/goias.gov.br\/administracao\/gft-gestao-da-forca-de-trabalho\/","title":{"rendered":"GFT \u2013 Gest\u00e3o da For\u00e7a de Trabalho"},"content":{"rendered":"\t\t<div data-elementor-type=\"wp-page\" data-elementor-id=\"54533\" class=\"elementor elementor-54533\">\n\t\t\t\t<div class=\"elementor-element elementor-element-06ce6ec e-flex e-con-boxed e-con e-parent\" data-id=\"06ce6ec\" data-element_type=\"container\" data-e-type=\"container\">\n\t\t\t\t\t<div class=\"e-con-inner\">\n\t\t\t\t<div class=\"elementor-element elementor-element-2e6c38d elementor-widget elementor-widget-image\" data-id=\"2e6c38d\" data-element_type=\"widget\" data-e-type=\"widget\" data-widget_type=\"image.default\">\n\t\t\t\t\t\t\t\t\t\t\t\t\t\t\t\t<a href=\"https:\/\/goias.gov.br\/administracao\/gestao-da-forca-de-trabalho-gft\/\">\n\t\t\t\t\t\t\t<img decoding=\"async\" src=\"https:\/\/goias.gov.br\/administracao\/wp-content\/uploads\/sites\/27\/2025\/01\/CAPA1.jpg\" title=\"\" alt=\"\" loading=\"lazy\" \/>\t\t\t\t\t\t\t\t<\/a>\n\t\t\t\t\t\t\t\t\t\t\t\t\t\t\t<\/div>\n\t\t\t\t\t<\/div>\n\t\t\t\t<\/div>\n\t\t<div class=\"elementor-element elementor-element-9fb90d5 e-flex e-con-boxed e-con e-parent\" data-id=\"9fb90d5\" data-element_type=\"container\" data-e-type=\"container\">\n\t\t\t\t\t<div class=\"e-con-inner\">\n\t\t<div class=\"elementor-element elementor-element-48d7555 e-con-full e-flex e-con e-child\" data-id=\"48d7555\" data-element_type=\"container\" data-e-type=\"container\">\n\t\t\t\t<div class=\"elementor-element elementor-element-c85f1dc elementor-widget elementor-widget-image\" data-id=\"c85f1dc\" data-element_type=\"widget\" data-e-type=\"widget\" data-widget_type=\"image.default\">\n\t\t\t\t\t\t\t\t\t\t\t\t\t\t\t\t<a href=\"https:\/\/goias.gov.br\/administracao\/gestao-da-forca-de-trabalho-gft\/\">\n\t\t\t\t\t\t\t<img decoding=\"async\" src=\"https:\/\/goias.gov.br\/administracao\/wp-content\/uploads\/sites\/27\/2025\/01\/1.jpeg\" title=\"\" alt=\"\" loading=\"lazy\" \/>\t\t\t\t\t\t\t\t<\/a>\n\t\t\t\t\t\t\t\t\t\t\t\t\t\t\t<\/div>\n\t\t\t\t<div class=\"elementor-element elementor-element-eb96ec2 elementor-widget elementor-widget-text-editor\" data-id=\"eb96ec2\" data-element_type=\"widget\" data-e-type=\"widget\" data-widget_type=\"text-editor.default\">\n\t\t\t\t\t\t\t\t\t<p><span style=\"font-size: 18pt;\"><a href=\"https:\/\/goias.gov.br\/administracao\/gestao-da-forca-de-trabalho-gft\/\" target=\"_blank\" rel=\"noopener\">Gest\u00e3o da For\u00e7a de Trabalho<\/a><\/span><\/p>\t\t\t\t\t\t\t\t<\/div>\n\t\t\t\t<\/div>\n\t\t<div class=\"elementor-element elementor-element-700f067 e-con-full e-flex e-con e-child\" data-id=\"700f067\" data-element_type=\"container\" data-e-type=\"container\">\n\t\t\t\t<div class=\"elementor-element elementor-element-c45c5e8 elementor-widget elementor-widget-image\" data-id=\"c45c5e8\" data-element_type=\"widget\" data-e-type=\"widget\" data-widget_type=\"image.default\">\n\t\t\t\t\t\t\t\t\t\t\t\t\t\t\t\t<a href=\"https:\/\/goias.gov.br\/administracao\/sistema-de-gestao-da-forca-de-trabalho-gft-go\/\">\n\t\t\t\t\t\t\t<img decoding=\"async\" src=\"https:\/\/goias.gov.br\/administracao\/wp-content\/uploads\/sites\/27\/2025\/01\/2-2.gif\" title=\"\" alt=\"\" loading=\"lazy\" \/>\t\t\t\t\t\t\t\t<\/a>\n\t\t\t\t\t\t\t\t\t\t\t\t\t\t\t<\/div>\n\t\t\t\t<div class=\"elementor-element elementor-element-9b00647 elementor-widget elementor-widget-text-editor\" data-id=\"9b00647\" data-element_type=\"widget\" data-e-type=\"widget\" data-widget_type=\"text-editor.default\">\n\t\t\t\t\t\t\t\t\t<p><a href=\"https:\/\/goias.gov.br\/administracao\/sistema-de-gestao-da-forca-de-trabalho-gft-go\/\" target=\"_blank\" rel=\"noopener\"><span style=\"font-size: 24px;\">Sistema GFT-GO<\/span><\/a><\/p>\t\t\t\t\t\t\t\t<\/div>\n\t\t\t\t<\/div>\n\t\t\t\t\t<\/div>\n\t\t\t\t<\/div>\n\t\t<div class=\"elementor-element elementor-element-5d29c20 e-flex e-con-boxed e-con e-parent\" data-id=\"5d29c20\" data-element_type=\"container\" data-e-type=\"container\">\n\t\t\t\t\t<div class=\"e-con-inner\">\n\t\t<div class=\"elementor-element elementor-element-8aa84a1 e-con-full e-flex e-con e-child\" data-id=\"8aa84a1\" data-element_type=\"container\" data-e-type=\"container\">\n\t\t\t\t<div class=\"elementor-element elementor-element-bd2d5a9 elementor-widget elementor-widget-image\" data-id=\"bd2d5a9\" data-element_type=\"widget\" data-e-type=\"widget\" data-widget_type=\"image.default\">\n\t\t\t\t\t\t\t\t\t\t\t\t\t\t\t\t<a href=\"https:\/\/goias.gov.br\/administracao\/capacitacoes-em-dimensionamento-da-forca-de-trabalho\/\">\n\t\t\t\t\t\t\t<img decoding=\"async\" src=\"https:\/\/goias.gov.br\/administracao\/wp-content\/uploads\/sites\/27\/2025\/01\/3.jpeg\" title=\"\" alt=\"\" loading=\"lazy\" \/>\t\t\t\t\t\t\t\t<\/a>\n\t\t\t\t\t\t\t\t\t\t\t\t\t\t\t<\/div>\n\t\t\t\t<div class=\"elementor-element elementor-element-93511a4 elementor-widget elementor-widget-text-editor\" data-id=\"93511a4\" data-element_type=\"widget\" data-e-type=\"widget\" data-widget_type=\"text-editor.default\">\n\t\t\t\t\t\t\t\t\t<p><a href=\"https:\/\/goias.gov.br\/administracao\/capacitacoes-em-dimensionamento-da-forca-de-trabalho\/\" target=\"_blank\" rel=\"noopener\"><span style=\"font-size: 18pt;\">Capacita\u00e7\u00f5es<\/span><\/a><\/p>\t\t\t\t\t\t\t\t<\/div>\n\t\t\t\t<\/div>\n\t\t<div class=\"elementor-element elementor-element-2d11bb8 e-con-full e-flex e-con e-child\" data-id=\"2d11bb8\" data-element_type=\"container\" data-e-type=\"container\">\n\t\t\t\t<div class=\"elementor-element elementor-element-4a802aa elementor-widget elementor-widget-image\" data-id=\"4a802aa\" data-element_type=\"widget\" data-e-type=\"widget\" data-widget_type=\"image.default\">\n\t\t\t\t\t\t\t\t\t\t\t\t\t\t\t\t<a href=\"https:\/\/goias.gov.br\/administracao\/parcerias\/\">\n\t\t\t\t\t\t\t<img decoding=\"async\" src=\"https:\/\/goias.gov.br\/administracao\/wp-content\/uploads\/sites\/27\/2025\/01\/4-3.jpeg\" title=\"\" alt=\"\" loading=\"lazy\" \/>\t\t\t\t\t\t\t\t<\/a>\n\t\t\t\t\t\t\t\t\t\t\t\t\t\t\t<\/div>\n\t\t\t\t<div class=\"elementor-element elementor-element-ca284ed elementor-widget elementor-widget-text-editor\" data-id=\"ca284ed\" data-element_type=\"widget\" data-e-type=\"widget\" data-widget_type=\"text-editor.default\">\n\t\t\t\t\t\t\t\t\t<p><a href=\"https:\/\/goias.gov.br\/administracao\/parcerias\/\" target=\"_blank\" rel=\"noopener\"><span style=\"font-size: 18pt;\">Parcerias<\/span><\/a><\/p>\t\t\t\t\t\t\t\t<\/div>\n\t\t\t\t<\/div>\n\t\t<div class=\"elementor-element elementor-element-a8c78bd e-con-full e-flex e-con e-child\" data-id=\"a8c78bd\" data-element_type=\"container\" data-e-type=\"container\">\n\t\t\t\t<div class=\"elementor-element elementor-element-bcbd69c elementor-widget elementor-widget-image\" data-id=\"bcbd69c\" data-element_type=\"widget\" data-e-type=\"widget\" data-widget_type=\"image.default\">\n\t\t\t\t\t\t\t\t\t\t\t\t\t\t\t\t<a href=\"https:\/\/goias.gov.br\/administracao\/central-de-conteudos\/\">\n\t\t\t\t\t\t\t<img decoding=\"async\" src=\"https:\/\/goias.gov.br\/administracao\/wp-content\/uploads\/sites\/27\/2025\/01\/5.jpeg\" title=\"\" alt=\"\" loading=\"lazy\" \/>\t\t\t\t\t\t\t\t<\/a>\n\t\t\t\t\t\t\t\t\t\t\t\t\t\t\t<\/div>\n\t\t\t\t<div class=\"elementor-element elementor-element-0686f12 elementor-widget elementor-widget-text-editor\" data-id=\"0686f12\" data-element_type=\"widget\" data-e-type=\"widget\" data-widget_type=\"text-editor.default\">\n\t\t\t\t\t\t\t\t\t<p><span style=\"font-size: 18pt;\"><a href=\"https:\/\/goias.gov.br\/administracao\/central-de-conteudos\/\" target=\"_blank\" rel=\"noopener\">Central de Conte\u00fados<\/a><\/span><\/p>\t\t\t\t\t\t\t\t<\/div>\n\t\t\t\t<\/div>\n\t\t\t\t\t<\/div>\n\t\t\t\t<\/div>\n\t\t<div class=\"elementor-element elementor-element-cfad9b0 e-con-full e-flex e-con e-parent\" data-id=\"cfad9b0\" data-element_type=\"container\" data-e-type=\"container\">\n\t\t<div class=\"elementor-element elementor-element-f9becb2 e-con-full e-flex e-con e-child\" data-id=\"f9becb2\" data-element_type=\"container\" data-e-type=\"container\">\n\t\t\t\t<div class=\"elementor-element elementor-element-58eaaf9 elementor-widget elementor-widget-image\" data-id=\"58eaaf9\" data-element_type=\"widget\" data-e-type=\"widget\" data-widget_type=\"image.default\">\n\t\t\t\t\t\t\t\t\t\t\t\t\t\t\t\t<a href=\"https:\/\/goias.gov.br\/administracao\/governo-de-goias-inicia-projeto-que-usa-ferramenta-de-gestao-de-pessoas-para-garantir-eficiencia-na-administracao-publica\/\">\n\t\t\t\t\t\t\t<img decoding=\"async\" src=\"https:\/\/goias.gov.br\/administracao\/wp-content\/uploads\/sites\/27\/2025\/01\/DFT3-7.jpg\" title=\"\" alt=\"\" loading=\"lazy\" \/>\t\t\t\t\t\t\t\t<\/a>\n\t\t\t\t\t\t\t\t\t\t\t\t\t\t\t<\/div>\n\t\t\t\t<\/div>\n\t\t<div class=\"elementor-element elementor-element-05e9ca9 e-flex e-con-boxed e-con e-child\" data-id=\"05e9ca9\" data-element_type=\"container\" data-e-type=\"container\">\n\t\t\t\t\t<div class=\"e-con-inner\">\n\t\t\t\t<div class=\"elementor-element elementor-element-b0a6d80 elementor-widget elementor-widget-text-editor\" data-id=\"b0a6d80\" data-element_type=\"widget\" data-e-type=\"widget\" data-widget_type=\"text-editor.default\">\n\t\t\t\t\t\t\t\t\t<p><span style=\"font-size: 18pt;\"><a href=\"https:\/\/goias.gov.br\/administracao\/governo-de-goias-inicia-projeto-que-usa-ferramenta-de-gestao-de-pessoas-para-garantir-eficiencia-na-administracao-publica\/\" target=\"_blank\" rel=\"noopener\">Governo de Goi\u00e1s inicia projeto que usa ferramenta de gest\u00e3o de pessoas para garantir efici\u00eancia na administra\u00e7\u00e3o p\u00fablica<\/a><\/span><\/p>\t\t\t\t\t\t\t\t<\/div>\n\t\t\t\t\t<\/div>\n\t\t\t\t<\/div>\n\t\t\t\t<\/div>\n\t\t<div class=\"elementor-element elementor-element-6a1f13f e-con-full e-flex e-con e-parent\" data-id=\"6a1f13f\" data-element_type=\"container\" data-e-type=\"container\">\n\t\t<div class=\"elementor-element elementor-element-3a5e83c e-con-full e-flex e-con e-child\" data-id=\"3a5e83c\" data-element_type=\"container\" data-e-type=\"container\">\n\t\t\t\t<div class=\"elementor-element elementor-element-bb41d8d elementor-widget elementor-widget-image\" data-id=\"bb41d8d\" data-element_type=\"widget\" data-e-type=\"widget\" data-widget_type=\"image.default\">\n\t\t\t\t\t\t\t\t\t\t\t\t\t\t\t\t<a href=\"https:\/\/goias.gov.br\/administracao\/governo-de-goias-lanca-projeto-para-aprimorar-gestao-de-pessoas-e-politicas-publicas-no-estado\/\">\n\t\t\t\t\t\t\t<img decoding=\"async\" src=\"https:\/\/goias.gov.br\/administracao\/wp-content\/uploads\/sites\/27\/2025\/01\/Dimensionamento-1.jpg\" title=\"\" alt=\"\" loading=\"lazy\" \/>\t\t\t\t\t\t\t\t<\/a>\n\t\t\t\t\t\t\t\t\t\t\t\t\t\t\t<\/div>\n\t\t\t\t<\/div>\n\t\t<div class=\"elementor-element elementor-element-0b4af91 e-flex e-con-boxed e-con e-child\" data-id=\"0b4af91\" data-element_type=\"container\" data-e-type=\"container\">\n\t\t\t\t\t<div class=\"e-con-inner\">\n\t\t\t\t<div class=\"elementor-element elementor-element-0c1fb08 elementor-widget elementor-widget-text-editor\" data-id=\"0c1fb08\" data-element_type=\"widget\" data-e-type=\"widget\" data-widget_type=\"text-editor.default\">\n\t\t\t\t\t\t\t\t\t<p><span style=\"font-size: 18pt;\"><a href=\"https:\/\/goias.gov.br\/administracao\/governo-de-goias-lanca-projeto-para-aprimorar-gestao-de-pessoas-e-politicas-publicas-no-estado\/\" target=\"_blank\" rel=\"noopener\">Governo de Goi\u00e1s inicia projeto que usa ferramenta de gest\u00e3o de pessoas para garantir efici\u00eancia na administra\u00e7\u00e3o p\u00fablica<\/a><\/span><\/p>\t\t\t\t\t\t\t\t<\/div>\n\t\t\t\t\t<\/div>\n\t\t\t\t<\/div>\n\t\t\t\t<\/div>\n\t\t<div class=\"elementor-element elementor-element-f5dc329 e-con-full e-flex e-con e-parent\" data-id=\"f5dc329\" data-element_type=\"container\" data-e-type=\"container\">\n\t\t<div class=\"elementor-element elementor-element-ddebcb2 e-con-full e-flex e-con e-child\" data-id=\"ddebcb2\" data-element_type=\"container\" data-e-type=\"container\">\n\t\t\t\t<div class=\"elementor-element elementor-element-c90c54b elementor-widget elementor-widget-image\" data-id=\"c90c54b\" data-element_type=\"widget\" data-e-type=\"widget\" data-widget_type=\"image.default\">\n\t\t\t\t\t\t\t\t\t\t\t\t\t\t\t\t<a href=\"https:\/\/goias.gov.br\/administracao\/dimensionamento-da-forca-de-trabalho-dft-chega-a-etapa-quantitativa\/\">\n\t\t\t\t\t\t\t<img decoding=\"async\" src=\"https:\/\/goias.gov.br\/administracao\/wp-content\/uploads\/sites\/27\/2025\/01\/Chefia-de-Gabinete.jpeg\" title=\"\" alt=\"\" loading=\"lazy\" \/>\t\t\t\t\t\t\t\t<\/a>\n\t\t\t\t\t\t\t\t\t\t\t\t\t\t\t<\/div>\n\t\t\t\t<\/div>\n\t\t<div class=\"elementor-element elementor-element-c67d6a4 e-flex e-con-boxed e-con e-child\" data-id=\"c67d6a4\" data-element_type=\"container\" data-e-type=\"container\">\n\t\t\t\t\t<div class=\"e-con-inner\">\n\t\t\t\t<div class=\"elementor-element elementor-element-907a392 elementor-widget elementor-widget-text-editor\" data-id=\"907a392\" data-element_type=\"widget\" data-e-type=\"widget\" data-widget_type=\"text-editor.default\">\n\t\t\t\t\t\t\t\t\t<p><span style=\"font-size: 18pt;\"><a href=\"https:\/\/goias.gov.br\/administracao\/dimensionamento-da-forca-de-trabalho-dft-chega-a-etapa-quantitativa\/\" target=\"_blank\" rel=\"noopener\">Governo de Goi\u00e1s inicia projeto que usa ferramenta de gest\u00e3o de pessoas para garantir efici\u00eancia na administra\u00e7\u00e3o p\u00fablica<\/a><\/span><\/p>\t\t\t\t\t\t\t\t<\/div>\n\t\t\t\t\t<\/div>\n\t\t\t\t<\/div>\n\t\t\t\t<\/div>\n\t\t\t\t<\/div>\n\t\t","protected":false},"excerpt":{"rendered":"<p>Gest\u00e3o da For\u00e7a de Trabalho Sistema GFT-GO Capacita\u00e7\u00f5es Parcerias Central de Conte\u00fados Governo de Goi\u00e1s inicia projeto que usa ferramenta de gest\u00e3o de pessoas para garantir efici\u00eancia na administra\u00e7\u00e3o p\u00fablica Governo de Goi\u00e1s inicia projeto que usa ferramenta de gest\u00e3o de pessoas para garantir efici\u00eancia na administra\u00e7\u00e3o p\u00fablica Governo de Goi\u00e1s inicia projeto que usa [&hellip;]<\/p>\n","protected":false},"author":186,"featured_media":0,"parent":0,"menu_order":0,"comment_status":"closed","ping_status":"closed","template":"","meta":{"footnotes":""},"class_list":["post-54533","page","type-page","status-publish","hentry"],"rttpg_featured_image_url":null,"rttpg_author":{"display_name":"elieserrodrigues","author_link":"https:\/\/goias.gov.br\/administracao\/author\/elieserrodrigues\/"},"rttpg_comment":0,"rttpg_category":null,"rttpg_excerpt":"Gest\u00e3o da For\u00e7a de Trabalho Sistema GFT-GO Capacita\u00e7\u00f5es Parcerias Central de Conte\u00fados Governo de Goi\u00e1s inicia projeto que usa ferramenta de gest\u00e3o de pessoas para garantir efici\u00eancia na administra\u00e7\u00e3o p\u00fablica Governo de Goi\u00e1s inicia projeto que usa ferramenta de gest\u00e3o de pessoas para garantir efici\u00eancia na administra\u00e7\u00e3o p\u00fablica Governo de Goi\u00e1s inicia projeto que usa&hellip;","_links":{"self":[{"href":"https:\/\/goias.gov.br\/administracao\/wp-json\/wp\/v2\/pages\/54533","targetHints":{"allow":["GET"]}}],"collection":[{"href":"https:\/\/goias.gov.br\/administracao\/wp-json\/wp\/v2\/pages"}],"about":[{"href":"https:\/\/goias.gov.br\/administracao\/wp-json\/wp\/v2\/types\/page"}],"author":[{"embeddable":true,"href":"https:\/\/goias.gov.br\/administracao\/wp-json\/wp\/v2\/users\/186"}],"replies":[{"embeddable":true,"href":"https:\/\/goias.gov.br\/administracao\/wp-json\/wp\/v2\/comments?post=54533"}],"version-history":[{"count":2,"href":"https:\/\/goias.gov.br\/administracao\/wp-json\/wp\/v2\/pages\/54533\/revisions"}],"predecessor-version":[{"id":202440,"href":"https:\/\/goias.gov.br\/administracao\/wp-json\/wp\/v2\/pages\/54533\/revisions\/202440"}],"wp:attachment":[{"href":"https:\/\/goias.gov.br\/administracao\/wp-json\/wp\/v2\/media?parent=54533"}],"curies":[{"name":"wp","href":"https:\/\/api.w.org\/{rel}","templated":true}]}}