

{"id":20531,"date":"2024-04-10T17:15:25","date_gmt":"2024-04-10T20:15:25","guid":{"rendered":"https:\/\/goias.gov.br\/administracao\/?page_id=20531"},"modified":"2024-12-11T09:07:59","modified_gmt":"2024-12-11T12:07:59","slug":"pregao-eletronico-2024","status":"publish","type":"page","link":"https:\/\/goias.gov.br\/administracao\/pregao-eletronico-2024\/","title":{"rendered":"Preg\u00e3o Eletr\u00f4nico -2024"},"content":{"rendered":"\n<p><strong>Preg\u00e3o Eletr\u00f4nico n\u00ba 21\/2024<\/strong><\/p>\n\n\n\n<p><strong>Objeto:<\/strong>&nbsp;&nbsp;O presente procedimento tem por objetivo a contrata\u00e7\u00e3o de empresa especializada para totem carregador de celulares e cabos\/chicotes com 4 sa\u00eddas USB.<\/p>\n\n\n\n<p><strong>Data de abertura:<\/strong>&nbsp;03\/07\/2024<\/p>\n\n\n\n<p><strong>Hor\u00e1rio:<\/strong> 09:00 horas<\/p>\n\n\n\n<p><strong>Tipo:<\/strong>&nbsp;Menor Pre\u00e7o por Item<\/p>\n\n\n\n<ul class=\"wp-block-list\">\n<li><a href=\"https:\/\/goias.gov.br\/administracao\/wp-content\/uploads\/sites\/27\/2024\/06\/Edital-21-24.pdf\">Download do Edital<\/a><\/li>\n\n\n\n<li><a href=\"https:\/\/goias.gov.br\/administracao\/wp-content\/uploads\/sites\/27\/2024\/07\/Ata-da-Sessao.pdf\">Ata do Preg\u00e3o<\/a><\/li>\n\n\n\n<li><a href=\"https:\/\/goias.gov.br\/administracao\/wp-content\/uploads\/sites\/27\/2024\/07\/HOMOLOGACAO-TOTEM.pdf\">Termo de julgamento e habilita\u00e7\u00e3o<\/a><\/li>\n<\/ul>\n\n\n\n<p><strong>Preg\u00e3o Eletr\u00f4nico n\u00ba 48\/2024<\/strong><\/p>\n\n\n\n<p><strong>Objeto:<\/strong>&nbsp;&nbsp;O presente procedimento tem por objetivo a contrata\u00e7\u00e3o de empresa especializada em servi\u00e7os de manuten\u00e7\u00e3o preventiva e corretiva em 01(um) elevador e 03 (tr\u00eas) plataformas elevat\u00f3rias, com fornecimento de pe\u00e7as de reposi\u00e7\u00e3o.<\/p>\n\n\n\n<p><strong>Data de abertura:<\/strong>&nbsp;16\/07\/2024<\/p>\n\n\n\n<p><strong>Hor\u00e1rio:<\/strong> 09:00 horas<\/p>\n\n\n\n<p><strong>Tipo:<\/strong>&nbsp;Menor Pre\u00e7o por Item<\/p>\n\n\n\n<ul class=\"wp-block-list\">\n<li><a href=\"https:\/\/goias.gov.br\/administracao\/wp-content\/uploads\/sites\/27\/2024\/07\/edital.pdf\">Download do Edital<\/a><\/li>\n\n\n\n<li><a href=\"https:\/\/goias.gov.br\/administracao\/wp-content\/uploads\/sites\/27\/2024\/07\/Ata-da-Sessao-Eletronica.pdf\">Ata do Preg\u00e3o<\/a><\/li>\n\n\n\n<li><a href=\"https:\/\/goias.gov.br\/administracao\/wp-content\/uploads\/sites\/27\/2024\/07\/Termo-de-Julgamento-e-Homologacao-1.pdf\">Termo de Julgamento e Homologa\u00e7\u00e3o<\/a><\/li>\n<\/ul>\n\n\n\n<p><strong>Preg\u00e3o Eletr\u00f4nico n\u00ba 184\/2024<\/strong><\/p>\n\n\n\n<p><strong>Objeto:<\/strong>&nbsp;&nbsp;Contrata\u00e7\u00e3o de empresa especializada para presta\u00e7\u00e3o de servi\u00e7os de planejamento, apoio log\u00edstico, organiza\u00e7\u00e3o, loca\u00e7\u00e3o, montagem, desmontagem e execu\u00e7\u00e3o de eventos, sob demanda, em car\u00e1ter continuado, visando atender as necessidades desta secretaria, de acordo com as especifica\u00e7\u00f5es contidas no Termo de Refer\u00eancia &#8211; TR, pelo per\u00edodo de 12 (doze) meses.<\/p>\n\n\n\n<p><strong>Data de abertura:<\/strong>&nbsp;06\/12\/2024<\/p>\n\n\n\n<p><strong>Hor\u00e1rio:<\/strong> 08:30 horas<\/p>\n\n\n\n<p><strong>Tipo:<\/strong>&nbsp;Menor Pre\u00e7o por lote<\/p>\n\n\n\n<ul class=\"wp-block-list\">\n<li><a href=\"https:\/\/goias.gov.br\/administracao\/wp-content\/uploads\/sites\/27\/2024\/11\/Edtal-e-Anexos.pdf\">Download do Edital<\/a><\/li>\n\n\n\n<li><a href=\"https:\/\/goias.gov.br\/administracao\/wp-content\/uploads\/sites\/27\/2024\/11\/ERRATA.pdf\">ERRATA do Edital n\u00ba 184\/2024-SEAD<\/a><\/li>\n\n\n\n<li><a href=\"https:\/\/goias.gov.br\/administracao\/wp-content\/uploads\/sites\/27\/2024\/12\/9-Ata-da-Sessao-Eletronica-108038.pdf\">Ata da Sess\u00e3o Eletr\u00f4nica<\/a><\/li>\n\n\n\n<li><a href=\"https:\/\/goias.gov.br\/administracao\/wp-content\/uploads\/sites\/27\/2024\/12\/10-Termo-de-Julgamento-e-Homologacao-108038.pdf\">Termo de julgamento e habilita\u00e7\u00e3o<\/a><\/li>\n<\/ul>\n\n\n\n<p><\/p>\n","protected":false},"excerpt":{"rendered":"<p>Preg\u00e3o Eletr\u00f4nico n\u00ba 21\/2024 Objeto:&nbsp;&nbsp;O presente procedimento tem por objetivo a contrata\u00e7\u00e3o de empresa especializada para totem carregador de celulares e cabos\/chicotes com 4 sa\u00eddas USB. Data de abertura:&nbsp;03\/07\/2024 Hor\u00e1rio: 09:00 horas Tipo:&nbsp;Menor Pre\u00e7o por Item Preg\u00e3o Eletr\u00f4nico n\u00ba 48\/2024 Objeto:&nbsp;&nbsp;O presente procedimento tem por objetivo a contrata\u00e7\u00e3o de empresa especializada em servi\u00e7os de manuten\u00e7\u00e3o [&hellip;]<\/p>\n","protected":false},"author":266,"featured_media":0,"parent":0,"menu_order":0,"comment_status":"closed","ping_status":"closed","template":"","meta":{"footnotes":""},"class_list":["post-20531","page","type-page","status-publish","hentry"],"rttpg_featured_image_url":null,"rttpg_author":{"display_name":"cinthiagsilva","author_link":"https:\/\/goias.gov.br\/administracao\/author\/cinthiagsilva\/"},"rttpg_comment":0,"rttpg_category":null,"rttpg_excerpt":"Preg\u00e3o Eletr\u00f4nico n\u00ba 21\/2024 Objeto:&nbsp;&nbsp;O presente procedimento tem por objetivo a contrata\u00e7\u00e3o de empresa especializada para totem carregador de celulares e cabos\/chicotes com 4 sa\u00eddas USB. Data de abertura:&nbsp;03\/07\/2024 Hor\u00e1rio: 09:00 horas Tipo:&nbsp;Menor Pre\u00e7o por Item Preg\u00e3o Eletr\u00f4nico n\u00ba 48\/2024 Objeto:&nbsp;&nbsp;O presente procedimento tem por objetivo a contrata\u00e7\u00e3o de empresa especializada em servi\u00e7os de manuten\u00e7\u00e3o&hellip;","_links":{"self":[{"href":"https:\/\/goias.gov.br\/administracao\/wp-json\/wp\/v2\/pages\/20531","targetHints":{"allow":["GET"]}}],"collection":[{"href":"https:\/\/goias.gov.br\/administracao\/wp-json\/wp\/v2\/pages"}],"about":[{"href":"https:\/\/goias.gov.br\/administracao\/wp-json\/wp\/v2\/types\/page"}],"author":[{"embeddable":true,"href":"https:\/\/goias.gov.br\/administracao\/wp-json\/wp\/v2\/users\/266"}],"replies":[{"embeddable":true,"href":"https:\/\/goias.gov.br\/administracao\/wp-json\/wp\/v2\/comments?post=20531"}],"version-history":[{"count":2,"href":"https:\/\/goias.gov.br\/administracao\/wp-json\/wp\/v2\/pages\/20531\/revisions"}],"predecessor-version":[{"id":43111,"href":"https:\/\/goias.gov.br\/administracao\/wp-json\/wp\/v2\/pages\/20531\/revisions\/43111"}],"wp:attachment":[{"href":"https:\/\/goias.gov.br\/administracao\/wp-json\/wp\/v2\/media?parent=20531"}],"curies":[{"name":"wp","href":"https:\/\/api.w.org\/{rel}","templated":true}]}}