

{"id":18409,"date":"2023-11-27T15:12:11","date_gmt":"2023-11-27T18:12:11","guid":{"rendered":"https:\/\/siteshom.goias.gov.br\/administracao\/?page_id=18409"},"modified":"2026-02-25T07:46:22","modified_gmt":"2026-02-25T10:46:22","slug":"gestao-de-patrimonio","status":"publish","type":"page","link":"https:\/\/goias.gov.br\/administracao\/gestao-de-patrimonio\/","title":{"rendered":"Gest\u00e3o de Patrim\u00f4nio"},"content":{"rendered":"\t\t<div data-elementor-type=\"wp-page\" data-elementor-id=\"18409\" class=\"elementor elementor-18409\">\n\t\t\t\t<div class=\"elementor-element elementor-element-59009ff e-flex e-con-boxed e-con e-parent\" data-id=\"59009ff\" data-element_type=\"container\" data-e-type=\"container\">\n\t\t\t\t\t<div class=\"e-con-inner\">\n\t\t<div class=\"elementor-element elementor-element-44412c5 e-con-full e-flex e-con e-child\" data-id=\"44412c5\" data-element_type=\"container\" data-e-type=\"container\">\n\t\t\t\t<div class=\"elementor-element elementor-element-093a1bb elementor-widget elementor-widget-shortcode\" data-id=\"093a1bb\" data-element_type=\"widget\" data-e-type=\"widget\" data-widget_type=\"shortcode.default\">\n\t\t\t\t\t\t\t<div class=\"elementor-shortcode\"><div data-post-id=\"1180\" class=\"insert-page insert-page-1180 \"><p>Incumbe &agrave; Superintend&ecirc;ncia de Patrim&ocirc;nio do estado (Supat) administrar o patrim&ocirc;nio do Estado, propondo diretrizes e orienta&ccedil;&otilde;es normativas para nortear a gest&atilde;o do patrim&ocirc;nio m&oacute;vel e im&oacute;vel do Estado, por meio de an&aacute;lise t&eacute;cnica dos processos administrativos e respostas &agrave;s consultas a respeito de quest&otilde;es relativas ao patrim&ocirc;nio m&oacute;vel e im&oacute;vel do Estado, de suas autarquias e funda&ccedil;&otilde;es, sem preju&iacute;zo das atribui&ccedil;&otilde;es de consultoria e assessoramento jur&iacute;dico exercido pela Procuradoria-Geral do Estado.<\/p>\n<h2 class=\"h4\">A Supat trabalha na regulariza&ccedil;&atilde;o<\/h2>\n<p>Tamb&eacute;m s&atilde;o atribui&ccedil;&otilde;es da Superintend&ecirc;ncia, o invent&aacute;rio e cadastramento dos im&oacute;veis estaduais, por meio de registros administrativos e imobili&aacute;rios, guarda, cataloga&ccedil;&atilde;o e restaura&ccedil;&atilde;o de documentos de im&oacute;veis de dom&iacute;nio do Estado e dos que haja interesse p&uacute;blico em sua preserva&ccedil;&atilde;o.<\/p>\n<p>A Supat &eacute; respons&aacute;vel pela manuten&ccedil;&atilde;o do o Sistema de Gest&atilde;o de Patrim&ocirc;nio Im&oacute;vel atualizado quanto &agrave; ocupa&ccedil;&atilde;o, valores e muta&ccedil;&otilde;es f&iacute;sicas, e ainda a promo&ccedil;&atilde;o da guarda e conserva&ccedil;&atilde;o dos im&oacute;veis estaduais sem destino especial ou ainda n&atilde;o efetivamente transferidos &agrave; responsabilidade de outros &oacute;rg&atilde;os ou entidades.<\/p>\n<p>Na Superintend&ecirc;ncia, realizam-se vistorias e avalia&ccedil;&otilde;es dos im&oacute;veis estaduais para as finalidades previstas em lei, bem como, a avalia&ccedil;&atilde;o de im&oacute;veis a serem locados pela administra&ccedil;&atilde;o p&uacute;blica direta, aut&aacute;rquica e fundacional.<\/p>\n<p>Fazem parte da estrutura da Supat: a Ger&ecirc;ncia de Patrim&ocirc;nio Mobili&aacute;rio e Imobili&aacute;rio e a Ger&ecirc;ncia de Vistoria e Avalia&ccedil;&atilde;o.<\/p>\n<h3 class=\"h6\">Nota explicativa sobre o invent&aacute;rio patrimonial<\/h3>\n<p>A <a href=\"http:\/\/www.tesouro.fazenda.gov.br\/documents\/10180\/653221\/Item+1+-+Portaria+548-2015+-+PIPCP.pdf\/094a16c7-930a-47af-87d9-22ce78053514\">Portaria da Secretaria do Tesouro Nacional n&ordm; 548, de 24 de setembro de 2015,<\/a> disp&otilde;e sobre prazos-limites de ado&ccedil;&atilde;o dos procedimentos cont&aacute;beis patrimoniais aplic&aacute;veis aos entes da Federa&ccedil;&atilde;o, com vistas &agrave; consolida&ccedil;&atilde;o das contas p&uacute;blicas da Uni&atilde;o, dos Estados, do Distrito Federal e dos munic&iacute;pios.<\/p>\n<p>O item 7 do Anexo da referida Portaria determina como prazo limite para prepara&ccedil;&atilde;o de sistemas e outras provid&ecirc;ncias de implanta&ccedil;&atilde;o at&eacute; 31\/12\/2018, dos procedimentos cont&aacute;beis patrimoniais de &ldquo;Reconhecimento, mensura&ccedil;&atilde;o e evidencia&ccedil;&atilde;o dos bens m&oacute;veis e im&oacute;veis; respectiva deprecia&ccedil;&atilde;o, amortiza&ccedil;&atilde;o ou exaust&atilde;o; reavalia&ccedil;&atilde;o e redu&ccedil;&atilde;o ao valor recuper&aacute;vel.&rdquo;<\/p>\n<p>Portanto, para fins do pleno atendimento das determina&ccedil;&otilde;es da Secretaria do Tesouro Nacional &#8211; STN, por meio da Portaria STN n&ordm; 548\/2015, os &oacute;rg&atilde;os e entidades do Poder Executivo dever&atilde;o conclui at&eacute; o dia 31\/12\/2018 a atualiza&ccedil;&atilde;o das informa&ccedil;&otilde;es do respectivo patrim&ocirc;nio nos termos do <a href=\"http:\/\/www.gabinetecivil.go.gov.br\/pagina_decretos.php?id=16975\">Decreto Estadual n&ordm; 9.063, de 04 de outubro de 2017<\/a>;<\/p>\n<p>As informa&ccedil;&otilde;es sobre o patrim&ocirc;nio m&oacute;vel devem constar no SPMI e devem estar devidamente atualizadas at&eacute; o dia 31\/12\/2018.<\/p>\n<p>As informa&ccedil;&otilde;es dos im&oacute;veis estaduais ocupados pelos &oacute;rg&atilde;os, entidades e fundos devem ser enviadas &agrave; Superintend&ecirc;ncia de Patrim&ocirc;nio, para cadastramento no Sistema de Patrim&ocirc;nio M&oacute;vel e Im&oacute;vel do Estado de Goi&aacute;s (SPMI), conforme determinam os &sect;&sect; 6&ordm; e 7&ordm; do art. 3&ordm; do Decreto Estadual n&ordm; 9.063, de 04 de outubro de 2017;<\/p>\n<p>As bases de dados do SPMI e do SCG devem estar conciliadas em 31\/12\/2018.<\/p>\n<p>Em cumprimento a Portaria STN n&ordm; 548\/2015, o in&iacute;cio dos registros cont&aacute;beis de todos os procedimentos cont&aacute;beis patrimoniais referentes aos bens m&oacute;veis e im&oacute;veis ocorrer&aacute; a partir do dia 01\/01\/2019.<\/p>\n<p>Em fase final de implanta&ccedil;&atilde;o:<\/p>\n<ul>\n<li style=\"list-style-type: circle;\">Integra&ccedil;&atilde;o entre SPMI e SIOFI at&eacute; o dia 1&ordm; de outubro de 2018, a qual exigir&aacute; em todas as aquisi&ccedil;&otilde;es de natureza 4, o tombamento dos itens constantes em nota fiscal para conseguinte liquida&ccedil;&atilde;o (<a href=\"https:\/\/goias.gov.br\/administracao\/wp-content\/uploads\/sites\/27\/2013\/07\/Apresentacao_aos_orgaos_Reuniao_08_AGO_2018-7e2.pdf\" rel=\"noopener noreferrer\" target=\"_blank\">Fa&ccedil;a download do conte&uacute;do apresentado aos &Oacute;rg&atilde;os em reuni&atilde;o dia 08 de agosto de 2018 [arquivo PDF &#8211; 4mb]<\/a>).<\/li>\n<\/ul>\n<p>Em desenvolvimento<\/p>\n<ul>\n<li style=\"list-style-type: circle;\">Integra&ccedil;&atilde;o do SPMI e SCG, para fins de concilia&ccedil;&atilde;o de todos os registros e movimenta&ccedil;&otilde;es do patrim&ocirc;nio m&oacute;vel e im&oacute;vel do Estado de Goi&aacute;s, com previs&atilde;o de conclus&atilde;o at&eacute; o dia 31 de dezembro de 2018;<\/li>\n<li style=\"list-style-type: circle;\">M&oacute;dulo de Patrim&ocirc;nio Im&oacute;vel;<\/li>\n<li style=\"list-style-type: circle;\">Instru&ccedil;&atilde;o Normativa Conjunta para orienta&ccedil;&atilde;o quanto ao cumprimento do Decreto n&ordm; 9.279\/2018;<\/li>\n<li style=\"list-style-type: circle;\">Manual de Patrim&ocirc;nio Mobili&aacute;rio Estadual;<\/li>\n<\/ul>\n<p style=\"list-style-type: circle;\"><a class=\"btn btn-success\" href=\"https:\/\/goias.gov.br\/administracao\/2018\/11\/22\/obtendo-acesso-ao-spmi\/\">Saiba como obter acesso ao Sistema de Patrim&ocirc;nio M&oacute;vel e Im&oacute;vel do Estado de Goi&aacute;s (SPMI)<\/a><\/p>\n<\/div><\/div>\n\t\t\t\t\t\t<\/div>\n\t\t\t\t<\/div>\n\t\t<div class=\"elementor-element elementor-element-cb22260 e-con-full e-flex e-con e-child\" data-id=\"cb22260\" data-element_type=\"container\" data-e-type=\"container\">\n\t\t\t\t<div class=\"elementor-element elementor-element-fe5d429 elementor-widget elementor-widget-shortcode\" data-id=\"fe5d429\" data-element_type=\"widget\" data-e-type=\"widget\" data-widget_type=\"shortcode.default\">\n\t\t\t\t\t\t\t<div class=\"elementor-shortcode\"><div data-post-id=\"4140\" class=\"insert-page insert-page-4140 \"><h1 class='insert-page-title'>Legisla\u00e7\u00e3o Federal para a Gest\u00e3o de Patrim\u00f4nio<\/h1><ul>\n<li><a href=\"http:\/\/www.planalto.gov.br\/ccivil_03\/Leis\/l4320.htm\">Lei n&ordm; 4.320, de 17 de Mar&ccedil;o de 1964<\/a>&nbsp;&#8211; Estatui Normas Gerais de Direito Financeiro para elabora&ccedil;&atilde;o e controle dos or&ccedil;amentos e balan&ccedil;os da Uni&atilde;o, dos Estados, dos Munic&iacute;pios e do Distrito Federal.<\/li>\n<li><a href=\"http:\/\/www.tesouro.fazenda.gov.br\/documents\/10180\/653221\/Item+1+-+Portaria+548-2015+-+PIPCP.pdf\/094a16c7-930a-47af-87d9-22ce78053514\">Portaria n&ordm; 548, de 24 de Setembro de 2015<\/a>&nbsp;&#8211; Disp&otilde;e sobre prazos-limite de ado&ccedil;&atilde;o dos procedimentos cont&aacute;beis patrimoniais aplic&aacute;veis aos entes da Federa&ccedil;&atilde;o, com vistas &agrave; consolida&ccedil;&atilde;o das contas p&uacute;blicas da Uni&atilde;o, dos estados, do Distrito Federal e dos munic&iacute;pios, sob a mesma base conceitual.<\/li>\n<li><a href=\"http:\/\/www.planalto.gov.br\/ccivil_03\/Leis\/l8666cons.htm\">Lei n&ordm; 8.666, de 21 de Junho de 1993<\/a>&nbsp;&#8211; Regulamenta o art. 37, inciso XXI, da Constitui&ccedil;&atilde;o Federal, institui normas para licita&ccedil;&otilde;es e contratos da Administra&ccedil;&atilde;o P&uacute;blica e d&aacute; outras provid&ecirc;ncias.<\/li>\n<li><a href=\"http:\/\/www.segplan.go.gov.br\/images\/Portaria_STN_n_549_de_7_de_Agosto_de_2018.pdf\" rel=\"noopener noreferrer\" target=\"_blank\">Portaria STN n&ordm; 549, de 07 de Agosto de 2018<\/a>&nbsp;&#8211; Estabelece regras acerca da periodicidade, formato e sistema relativos &agrave; disponibiliza&ccedil;&atilde;o das informa&ccedil;&otilde;es e dos dados cont&aacute;beis, or&ccedil;ament&aacute;rios e fiscais da Uni&atilde;o, dos estados, do Distrito Federal e dos munic&iacute;pios, no exerc&iacute;cio de 2019.&nbsp;<a href=\"http:\/\/www.segplan.go.gov.br\/images\/Portaria_STN_n_549_de_7_de_Agosto_de_2018_-_Anexo_I.pdf\" rel=\"noopener noreferrer\" target=\"_blank\">Anexo I da Portaria STN n&ordm; 549\/2018<\/a>.<\/li>\n<\/ul>\n<ul class='post-meta'>\n<li><span class='post-meta-key'>tpg-post-view-count:<\/span> 297<\/li>\n<\/ul>\n<\/div><\/div>\n\t\t\t\t\t\t<\/div>\n\t\t\t\t<div class=\"elementor-element elementor-element-cdc6fec elementor-widget elementor-widget-shortcode\" data-id=\"cdc6fec\" data-element_type=\"widget\" data-e-type=\"widget\" data-widget_type=\"shortcode.default\">\n\t\t\t\t\t\t\t<div class=\"elementor-shortcode\"><div data-post-id=\"4142\" class=\"insert-page insert-page-4142 \"><h1 class='insert-page-title'>Legisla\u00e7\u00e3o Estadual para a Gest\u00e3o de Patrim\u00f4nio<\/h1><ul>\n<li><a href=\"http:\/\/www.gabinetecivil.go.gov.br\/pagina_decretos.php?id=16975\" rel=\"noopener noreferrer\" target=\"_blank\">Decreto n&ordm; 9.063, de 04 de Outubro de 2017<\/a>&nbsp;&#8211; Disciplina a realiza&ccedil;&atilde;o de invent&aacute;rio dos bens tang&iacute;veis e intang&iacute;veis integrantes do patrim&ocirc;nio p&uacute;blico e a respectiva avalia&ccedil;&atilde;o, no &acirc;mbito da Administra&ccedil;&atilde;o direta, aut&aacute;rquica, fundacional e dos fundos especiais do Poder Executivo.<\/li>\n<li><a href=\"http:\/\/www.gabinetecivil.go.gov.br\/pagina_decretos.php?id=18842\" rel=\"noopener noreferrer\" target=\"_blank\">Decreto n&ordm; 9.279, de 30 de Julho de 2018<\/a>&nbsp;&#8211; Institui a obrigatoriedade de realizar os procedimentos de reavalia&ccedil;&atilde;o, redu&ccedil;&atilde;o ao valor recuper&aacute;vel de ativos, deprecia&ccedil;&atilde;o, amortiza&ccedil;&atilde;o e exaust&atilde;o dos bens do Estado nos casos que especifica<\/li>\n<li><a href=\"http:\/\/www.gabinetecivil.goias.gov.br\/leis_ordinarias\/2017\/lei_19853.htm\">Lei n&ordm; 19.853, de 03 de Outubro de 2017&nbsp;<\/a>&#8211; Autoriza a aliena&ccedil;&atilde;o, por doa&ccedil;&atilde;o n&atilde;o onerosa, de bens m&oacute;veis que comp&otilde;em o acervo patrimonial dos &oacute;rg&atilde;os e das entidades do Poder Executivo, considerados inserv&iacute;veis, para fins de uso de interesse exclusivamente social e d&aacute; outras provid&ecirc;ncias.<\/li>\n<li><a href=\"http:\/\/www.gabinetecivil.go.gov.br\/pagina_leis.php?id=10677\" rel=\"noopener noreferrer\" target=\"_blank\">Lei n&ordm; 7.308, de 07 de maio de 1971<\/a>&nbsp;&#8211; Disp&otilde;e sobre denomina&ccedil;&atilde;o de pr&oacute;prios estaduais e d&aacute; outras provid&ecirc;ncias.<\/li>\n<li><a href=\"http:\/\/www.gabinetecivil.goias.gov.br\/leis_ordinarias\/2012\/lei_17928.htm\" rel=\"noopener noreferrer\" target=\"_blank\">Lei n&ordm; 17.928, de 27 de Dezembro de 2012<\/a>&nbsp;&#8211; Disp&otilde;e sobre normas suplementares de licita&ccedil;&otilde;es e contratos pertinentes a obras, compras e servi&ccedil;os, bem como conv&ecirc;nios, outros ajustes e demais atos administrativos negociais no &acirc;mbito do Estado de Goi&aacute;s.<\/li>\n<li><a href=\"http:\/\/www.gabinetecivil.goias.gov.br\/leis_ordinarias\/2012\/lei_17545.htm\" rel=\"noopener noreferrer\" target=\"_blank\">Lei n&ordm; 17.545, de 11 de Janeiro de 2012<\/a>&nbsp;&#8211; Disp&otilde;e sobre a regulariza&ccedil;&atilde;o de ocupa&ccedil;&atilde;o de im&oacute;veis urbanos de dom&iacute;nio do Estado de Goi&aacute;s e d&aacute; outras provid&ecirc;ncias.<\/li>\n<li><a href=\"http:\/\/www.gabinetecivil.go.gov.br\/pagina_leis.php?id=22878\" rel=\"noopener noreferrer\" target=\"_blank\">Lei n&ordm; 20.229, de 18 de Julho de 2018<\/a>&nbsp;&#8211; Disp&otilde;e sobre a regulariza&ccedil;&atilde;o fundi&aacute;ria de im&oacute;veis urbanos de dom&iacute;nio do Estado de Goi&aacute;s ocupados por organiza&ccedil;&otilde;es religiosas de qualquer culto e d&aacute; outras provid&ecirc;ncias.<\/li>\n<\/ul>\n<ul class='post-meta'>\n<li><span class='post-meta-key'>tpg-post-view-count:<\/span> 1509<\/li>\n<\/ul>\n<\/div><\/div>\n\t\t\t\t\t\t<\/div>\n\t\t\t\t<div class=\"elementor-element elementor-element-2c808cb elementor-widget elementor-widget-shortcode\" data-id=\"2c808cb\" data-element_type=\"widget\" data-e-type=\"widget\" data-widget_type=\"shortcode.default\">\n\t\t\t\t\t\t\t<div class=\"elementor-shortcode\"><div data-post-id=\"4141\" class=\"insert-page insert-page-4141 \"><h1 class='insert-page-title'>Contato SPE<\/h1><p>A Superintend&ecirc;ncia de Patrim&ocirc;nio do Estado &eacute; a unidade respons&aacute;vel pelo apoio a gest&atilde;o do patrim&ocirc;nio do Poder Executivo.<\/p>\n<p><strong>Entre em contato conosco:<\/strong><br \/>\nTelefone: (62) 3201-5073&nbsp;<br \/>\nE-mail: scpatrimonio.sead@goias.gov.br<\/p>\n<ul class='post-meta'>\n<li><span class='post-meta-key'>tpg-post-view-count:<\/span> 306<\/li>\n<\/ul>\n<\/div><\/div>\n\t\t\t\t\t\t<\/div>\n\t\t\t\t<\/div>\n\t\t\t\t\t<\/div>\n\t\t\t\t<\/div>\n\t\t\t\t<\/div>\n\t\t","protected":false},"excerpt":{"rendered":"","protected":false},"author":1,"featured_media":0,"parent":0,"menu_order":0,"comment_status":"closed","ping_status":"closed","template":"","meta":{"footnotes":""},"class_list":["post-18409","page","type-page","status-publish","hentry"],"rttpg_featured_image_url":null,"rttpg_author":{"display_name":"wagner.viana","author_link":"https:\/\/goias.gov.br\/administracao\/author\/wagner-viana\/"},"rttpg_comment":0,"rttpg_category":"","rttpg_excerpt":null,"_links":{"self":[{"href":"https:\/\/goias.gov.br\/administracao\/wp-json\/wp\/v2\/pages\/18409","targetHints":{"allow":["GET"]}}],"collection":[{"href":"https:\/\/goias.gov.br\/administracao\/wp-json\/wp\/v2\/pages"}],"about":[{"href":"https:\/\/goias.gov.br\/administracao\/wp-json\/wp\/v2\/types\/page"}],"author":[{"embeddable":true,"href":"https:\/\/goias.gov.br\/administracao\/wp-json\/wp\/v2\/users\/1"}],"replies":[{"embeddable":true,"href":"https:\/\/goias.gov.br\/administracao\/wp-json\/wp\/v2\/comments?post=18409"}],"version-history":[{"count":2,"href":"https:\/\/goias.gov.br\/administracao\/wp-json\/wp\/v2\/pages\/18409\/revisions"}],"predecessor-version":[{"id":201996,"href":"https:\/\/goias.gov.br\/administracao\/wp-json\/wp\/v2\/pages\/18409\/revisions\/201996"}],"wp:attachment":[{"href":"https:\/\/goias.gov.br\/administracao\/wp-json\/wp\/v2\/media?parent=18409"}],"curies":[{"name":"wp","href":"https:\/\/api.w.org\/{rel}","templated":true}]}}