

{"id":18407,"date":"2023-11-27T15:08:40","date_gmt":"2023-11-27T18:08:40","guid":{"rendered":"https:\/\/siteshom.goias.gov.br\/administracao\/?page_id=18407"},"modified":"2026-02-24T14:23:05","modified_gmt":"2026-02-24T17:23:05","slug":"empresas-estatais","status":"publish","type":"page","link":"https:\/\/goias.gov.br\/administracao\/empresas-estatais\/","title":{"rendered":"Empresas Estatais"},"content":{"rendered":"\t\t<div data-elementor-type=\"wp-page\" data-elementor-id=\"18407\" class=\"elementor elementor-18407\">\n\t\t\t\t<div class=\"elementor-element elementor-element-149bf78 e-flex e-con-boxed e-con e-parent\" data-id=\"149bf78\" data-element_type=\"container\" data-e-type=\"container\">\n\t\t\t\t\t<div class=\"e-con-inner\">\n\t\t<div class=\"elementor-element elementor-element-187877b e-con-full e-flex e-con e-child\" data-id=\"187877b\" data-element_type=\"container\" data-e-type=\"container\">\n\t\t\t\t<div class=\"elementor-element elementor-element-b48624e elementor-widget elementor-widget-shortcode\" data-id=\"b48624e\" data-element_type=\"widget\" data-e-type=\"widget\" data-widget_type=\"shortcode.default\">\n\t\t\t\t\t\t\t<div class=\"elementor-shortcode\"><div data-post-id=\"9974\" class=\"insert-page insert-page-9974 \"><p>Criada em 2019, a Ger\u00eancia de Governan\u00e7a de Estatais tem a miss\u00e3o de coordenar e fortalecer a governan\u00e7a das empresas estatais goianas, assegurando a integra\u00e7\u00e3o de pol\u00edticas institucionais, a ado\u00e7\u00e3o de boas pr\u00e1ticas e o cumprimento dos requisitos legais de transpar\u00eancia, \u00e9tica e gest\u00e3o de riscos.<\/p>\n<p>Vinculada \u00e0 Secretaria de Estado da Administra\u00e7\u00e3o (SEAD), trata-se de uma unidade administrativa central respons\u00e1vel por aprimorar a governan\u00e7a das empresas estatais goianas, abrangendo tanto empresas p\u00fablicas quanto sociedades de economia mista sob controle acion\u00e1rio, direto ou indireto, do Estado de Goi\u00e1s.<\/p>\n<p>Para cumprir esse prop\u00f3sito, a SEAD fomenta a integra\u00e7\u00e3o das diretrizes or\u00e7ament\u00e1rias, financeiras, cont\u00e1beis, patrimoniais e de gest\u00e3o de pessoal entre as estatais, promovendo maior efici\u00eancia e alinhamento estrat\u00e9gico.<\/p>\n<p class=\"x_MsoNormal\"><b>Endere\u00e7o: <\/b>Rua 84, n\u00ba 43, Sala 11, Divisa com Rua 2, \u2013 Setor Central \u2013 CEP: 74.015-120 \u2013 Goi\u00e2nia \u2013 GO<b><br \/>\n<\/b><b>Telefone: <\/b>(62) 3201-7305<b><br \/>\n<\/b><b>E-Mail: <\/b>estatais.administracao@goias.gov.br<\/p>\n<\/div><\/div>\n\t\t\t\t\t\t<\/div>\n\t\t\t\t<\/div>\n\t\t<div class=\"elementor-element elementor-element-3665710 e-con-full e-flex e-con e-child\" data-id=\"3665710\" data-element_type=\"container\" data-e-type=\"container\">\n\t\t\t\t<div class=\"elementor-element elementor-element-c38bde8 elementor-widget elementor-widget-shortcode\" data-id=\"c38bde8\" data-element_type=\"widget\" data-e-type=\"widget\" data-widget_type=\"shortcode.default\">\n\t\t\t\t\t\t\t<div class=\"elementor-shortcode\"><div data-post-id=\"11599\" class=\"insert-page insert-page-11599 \"><h1 class='insert-page-title'>Ger\u00eancia de Governan\u00e7a de Estatais<\/h1><ul>\n<li><a href=\"https:\/\/goias.gov.br\/administracao\/atribuicoes\/\">Atribui\u00e7\u00f5es<\/a><\/li>\n<li><a href=\"https:\/\/goias.gov.br\/administracao\/legislacao-correlata\/\">Legisla\u00e7\u00e3o correlata<\/a><\/li>\n<li><a href=\"https:\/\/goias.gov.br\/administracao\/contato\/\">Contato<\/a><\/li>\n<li><a href=\"https:\/\/goias.gov.br\/administracao\/conheca-as-empresas-estatais\/\">Conhe\u00e7a as empresas estatais<\/a><\/li>\n<li><a href=\"https:\/\/goias.gov.br\/administracao\/publicacao-dos-boletins-das-empresas-estatais\/\">Publica\u00e7\u00e3o dos Boletins das empresas estatais<\/a><\/li>\n<li><a href=\"https:\/\/goias.gov.br\/administracao\/publicacoes-especiais\/\">Publica\u00e7\u00f5es Especiais<\/a><\/li>\n<li><a href=\"https:\/\/app.powerbi.com\/view?r=eyJrIjoiMGJjNjI2OTktYzA0My00ZWExLWJmMzItZWJhYTUxNjU3NTNkIiwidCI6IjY3ZmQ0MzFjLWIyYWQtNDg2Ny04MWJjLWQ3NTYyMjBiNTZkNCJ9\">Painel de BI das Empresas Estatais<\/a><\/li>\n<li><a href=\"https:\/\/docs.google.com\/spreadsheets\/d\/e\/2PACX-1vSRFjTQbS0hA_WzeH6nHDhmT2lzlrkeVAfkJnRaCnO27IPF02sjnID3dAaPEeYMB2RrhzdRLp7b6vyk\/pubhtml#\">Cadastro de Autoridades das Empresas Estatais<\/a><\/li>\n<\/ul>\n\n\n<p><\/p>\n<ul class='post-meta'>\n<li><span class='post-meta-key'>tpg-post-view-count:<\/span> 463<\/li>\n<li><span class='post-meta-key'>rank_math_internal_links_processed:<\/span> 1<\/li>\n<li><span class='post-meta-key'>footnotes:<\/span> <\/li>\n<\/ul>\n<\/div><\/div>\n\t\t\t\t\t\t<\/div>\n\t\t\t\t<\/div>\n\t\t\t\t\t<\/div>\n\t\t\t\t<\/div>\n\t\t\t\t<\/div>\n\t\t","protected":false},"excerpt":{"rendered":"","protected":false},"author":1,"featured_media":0,"parent":0,"menu_order":0,"comment_status":"closed","ping_status":"closed","template":"","meta":{"footnotes":""},"class_list":["post-18407","page","type-page","status-publish","hentry"],"rttpg_featured_image_url":null,"rttpg_author":{"display_name":"wagner.viana","author_link":"https:\/\/goias.gov.br\/administracao\/author\/wagner-viana\/"},"rttpg_comment":0,"rttpg_category":"","rttpg_excerpt":null,"_links":{"self":[{"href":"https:\/\/goias.gov.br\/administracao\/wp-json\/wp\/v2\/pages\/18407","targetHints":{"allow":["GET"]}}],"collection":[{"href":"https:\/\/goias.gov.br\/administracao\/wp-json\/wp\/v2\/pages"}],"about":[{"href":"https:\/\/goias.gov.br\/administracao\/wp-json\/wp\/v2\/types\/page"}],"author":[{"embeddable":true,"href":"https:\/\/goias.gov.br\/administracao\/wp-json\/wp\/v2\/users\/1"}],"replies":[{"embeddable":true,"href":"https:\/\/goias.gov.br\/administracao\/wp-json\/wp\/v2\/comments?post=18407"}],"version-history":[{"count":2,"href":"https:\/\/goias.gov.br\/administracao\/wp-json\/wp\/v2\/pages\/18407\/revisions"}],"predecessor-version":[{"id":200110,"href":"https:\/\/goias.gov.br\/administracao\/wp-json\/wp\/v2\/pages\/18407\/revisions\/200110"}],"wp:attachment":[{"href":"https:\/\/goias.gov.br\/administracao\/wp-json\/wp\/v2\/media?parent=18407"}],"curies":[{"name":"wp","href":"https:\/\/api.w.org\/{rel}","templated":true}]}}