

{"id":18403,"date":"2023-11-27T14:57:53","date_gmt":"2023-11-27T17:57:53","guid":{"rendered":"https:\/\/siteshom.goias.gov.br\/administracao\/?page_id=18403"},"modified":"2026-02-25T10:20:07","modified_gmt":"2026-02-25T13:20:07","slug":"servidor","status":"publish","type":"page","link":"https:\/\/goias.gov.br\/administracao\/servidor\/","title":{"rendered":"Servidor"},"content":{"rendered":"\t\t<div data-elementor-type=\"wp-page\" data-elementor-id=\"18403\" class=\"elementor elementor-18403\">\n\t\t\t\t<div class=\"elementor-element elementor-element-e3f50a7 e-flex e-con-boxed e-con e-parent\" data-id=\"e3f50a7\" data-element_type=\"container\" data-e-type=\"container\">\n\t\t\t\t\t<div class=\"e-con-inner\">\n\t\t<div class=\"elementor-element elementor-element-a6ce094 e-con-full e-flex e-con e-child\" data-id=\"a6ce094\" data-element_type=\"container\" data-e-type=\"container\">\n\t\t\t\t<div class=\"elementor-element elementor-element-eaba6c4 elementor-widget elementor-widget-shortcode\" data-id=\"eaba6c4\" data-element_type=\"widget\" data-e-type=\"widget\" data-widget_type=\"shortcode.default\">\n\t\t\t\t\t\t\t<div class=\"elementor-shortcode\"><div data-post-id=\"4132\" class=\"insert-page insert-page-4132 \"><p style=\"text-align: justify;\">A Secretaria de Estado da Administra&ccedil;&atilde;o (SEAD) &eacute; o &oacute;rg&atilde;o respons&aacute;vel pela gest&atilde;o de pessoas no Poder Executivo Estadual, normatizando o relacionamento entre &oacute;rg&atilde;os e funcion&aacute;rios p&uacute;blicos estaduais, al&eacute;m de definir e implementar as pol&iacute;ticas salariais e de despesa com pessoal.<\/p>\n<p style=\"text-align: justify;\">S&atilde;o oportunizados diversos benef&iacute;cios aos servidores, entre eles&nbsp;a Escola de Governo, que proporciona qualifica&ccedil;&atilde;o de excel&ecirc;ncia com cursos destinados ao desenvolvimento do servi&ccedil;o prestado pelos servidores estaduais.<\/p>\n<p style=\"text-align: justify;\">Os servidores lotados na Secretaria da Administra&ccedil;&atilde;o podem ainda acessar o ambiente da Ger&ecirc;ncia de Gest&atilde;o e Desenvolvimento de Pessoas e conhecer as regras e informa&ccedil;&otilde;es que se aplicam aos procedimentos internos &agrave; Secretaria.<\/p>\n<\/div><\/div>\n\t\t\t\t\t\t<\/div>\n\t\t\t\t<div class=\"elementor-element elementor-element-691c2e4 elementor-widget elementor-widget-shortcode\" data-id=\"691c2e4\" data-element_type=\"widget\" data-e-type=\"widget\" data-widget_type=\"shortcode.default\">\n\t\t\t\t\t\t\t<div class=\"elementor-shortcode\"><div data-post-id=\"4378\" class=\"insert-page insert-page-4378 \"><h1 class='insert-page-title'>Ger\u00eancia de Gest\u00e3o e Desenvolvimento de Pessoas<\/h1><p style=\"text-align: justify;\">Com o objetivo de facilitar o acesso \u00e0s informa\u00e7\u00f5es importantes sobre os assuntos referentes \u00e0 vida funcional do servidor,\u00a0a Ger\u00eancia de Gest\u00e3o e Desenvolvimento de Pessoas da Sead, produziu um Manual intitulado &#8220;Servidor que se orienta&#8221; onde o servidor poder\u00e1 buscar todas quest\u00f5es que envolvem os\u00a0processos em gest\u00e3o de pessoas, o formul\u00e1rio espec\u00edfico para solicita\u00e7\u00e3o de benef\u00edcio, o fluxo do processo, as principais d\u00favidas e legisla\u00e7\u00f5es envolvidas.<\/p>\n<p style=\"text-align: justify;\">As orienta\u00e7\u00f5es contidas aqui devem ser seguidas por todos os servidores do quadro de pessoal da Sead, mesmo que \u00e0 disposi\u00e7\u00e3o de outro \u00f3rg\u00e3o.<\/p>\n<p style=\"text-align: justify;\"><a class=\"btn btn-primary btn-block\" href=\"https:\/\/goias.gov.br\/administracao\/manual-do-servidor\/\" target=\"_blank\" rel=\"noopener noreferrer\">Acesse o\u00a0Manual do Servidor\u00a0da Sead<\/a><\/p>\n<ul class='post-meta'>\n<li><span class='post-meta-key'>tpg-post-view-count:<\/span> 1419<\/li>\n<li><span class='post-meta-key'>rank_math_seo_score:<\/span> 16<\/li>\n<li><span class='post-meta-key'>rank_math_internal_links_processed:<\/span> 1<\/li>\n<\/ul>\n<\/div><\/div>\n\t\t\t\t\t\t<\/div>\n\t\t\t\t<\/div>\n\t\t<div class=\"elementor-element elementor-element-cb53e05 e-con-full e-flex e-con e-child\" data-id=\"cb53e05\" data-element_type=\"container\" data-e-type=\"container\">\n\t\t\t\t<div class=\"elementor-element elementor-element-dda26cf elementor-widget elementor-widget-shortcode\" data-id=\"dda26cf\" data-element_type=\"widget\" data-e-type=\"widget\" data-widget_type=\"shortcode.default\">\n\t\t\t\t\t\t\t<div class=\"elementor-shortcode\"><div data-post-id=\"2522\" class=\"insert-page insert-page-2522 \"><h1 class='insert-page-title'>Servi\u00e7os para Servidores<\/h1><ul>\n<li><a href=\"https:\/\/goias.gov.br\/administracao\/aposentadoria\/\">Aposentadoria<\/a><\/li>\n<li><a href=\"https:\/\/folhapagamento.sistemas.go.gov.br\/folhapagamento\/control?cmd=ConsCedulaC&amp;ambiente=cedulac\" target=\"_blank\" rel=\"noopener noreferrer\">Comprovante de Rendimento<\/a> (Imposto de Renda &#8211; Pessoa F\u00edsica)<\/li>\n<li><a href=\"https:\/\/www.go.gov.br\/servicos-digitais\/sead\/consultar-ficha-financeira-anual\/\" target=\"_blank\" rel=\"noopener noreferrer\">Ficha Financeira Anual<\/a><\/li>\n<li><a href=\"https:\/\/goias.gov.br\/administracao\/consignacoes\/\">Consigna\u00e7\u00f5es<\/a><\/li>\n<li><a href=\"https:\/\/www.go.gov.br\/servicos-digitais\/sead\/consultar-contracheque\" target=\"_blank\" rel=\"noopener noreferrer\">Contracheque<\/a><\/li>\n<li><a href=\"http:\/\/www.transparencia.go.gov.br\/portaldatransparencia\/pessoal\/folha-de-pagamento\" target=\"_blank\" rel=\"noopener noreferrer\">Demonstrativo da Folha de Pagamento dos Servidores Ativos e Inativos do Poder Executivo Estadual<\/a><\/li>\n<li><a href=\"https:\/\/goias.gov.br\/administracao\/diarias-2\/\" target=\"_blank\" rel=\"noopener\">Di\u00e1rias<\/a><\/li>\n<li><a href=\"https:\/\/legisla.casacivil.go.gov.br\/pesquisa_legislacao\/100979\/lei-20756\" target=\"_blank\" rel=\"noopener noreferrer\">Estatuto do Servidor<\/a><\/li>\n<li><a href=\"https:\/\/goias.gov.br\/administracao\/2018\/04\/23\/estagio-probatorio\/\">Est\u00e1gio Probat\u00f3rio<\/a><\/li>\n<li><a href=\"https:\/\/goias.gov.br\/administracao\/principais-servicos-da-desss\/\">Per\u00edcias M\u00e9dicas<\/a><\/li>\n<li><a href=\"https:\/\/goias.gov.br\/administracao\/licencas-e-afastamentos\/\">Sa\u00fade do servidor<\/a><\/li>\n<\/ul>\n<ul class='post-meta'>\n<li><span class='post-meta-key'>tpg-post-view-count:<\/span> 1934<\/li>\n<li><span class='post-meta-key'>rank_math_seo_score:<\/span> 17<\/li>\n<li><span class='post-meta-key'>rank_math_primary_category:<\/span> 118<\/li>\n<li><span class='post-meta-key'>rank_math_internal_links_processed:<\/span> 1<\/li>\n<\/ul>\n<\/div><\/div>\n\t\t\t\t\t\t<\/div>\n\t\t\t\t<\/div>\n\t\t\t\t\t<\/div>\n\t\t\t\t<\/div>\n\t\t\t\t<\/div>\n\t\t","protected":false},"excerpt":{"rendered":"","protected":false},"author":1,"featured_media":0,"parent":0,"menu_order":0,"comment_status":"closed","ping_status":"closed","template":"","meta":{"footnotes":""},"class_list":["post-18403","page","type-page","status-publish","hentry"],"rttpg_featured_image_url":null,"rttpg_author":{"display_name":"wagner.viana","author_link":"https:\/\/goias.gov.br\/administracao\/author\/wagner-viana\/"},"rttpg_comment":0,"rttpg_category":"","rttpg_excerpt":null,"_links":{"self":[{"href":"https:\/\/goias.gov.br\/administracao\/wp-json\/wp\/v2\/pages\/18403","targetHints":{"allow":["GET"]}}],"collection":[{"href":"https:\/\/goias.gov.br\/administracao\/wp-json\/wp\/v2\/pages"}],"about":[{"href":"https:\/\/goias.gov.br\/administracao\/wp-json\/wp\/v2\/types\/page"}],"author":[{"embeddable":true,"href":"https:\/\/goias.gov.br\/administracao\/wp-json\/wp\/v2\/users\/1"}],"replies":[{"embeddable":true,"href":"https:\/\/goias.gov.br\/administracao\/wp-json\/wp\/v2\/comments?post=18403"}],"version-history":[{"count":2,"href":"https:\/\/goias.gov.br\/administracao\/wp-json\/wp\/v2\/pages\/18403\/revisions"}],"predecessor-version":[{"id":203717,"href":"https:\/\/goias.gov.br\/administracao\/wp-json\/wp\/v2\/pages\/18403\/revisions\/203717"}],"wp:attachment":[{"href":"https:\/\/goias.gov.br\/administracao\/wp-json\/wp\/v2\/media?parent=18403"}],"curies":[{"name":"wp","href":"https:\/\/api.w.org\/{rel}","templated":true}]}}