

{"id":18400,"date":"2023-11-27T14:50:58","date_gmt":"2023-11-27T17:50:58","guid":{"rendered":"https:\/\/siteshom.goias.gov.br\/administracao\/?page_id=18400"},"modified":"2026-02-24T14:36:24","modified_gmt":"2026-02-24T17:36:24","slug":"escritorio-de-processos","status":"publish","type":"page","link":"https:\/\/goias.gov.br\/administracao\/escritorio-de-processos\/","title":{"rendered":"Escrit\u00f3rio de Processos"},"content":{"rendered":"\t\t<div data-elementor-type=\"wp-page\" data-elementor-id=\"18400\" class=\"elementor elementor-18400\">\n\t\t\t\t<div class=\"elementor-element elementor-element-f547101 e-flex e-con-boxed e-con e-parent\" data-id=\"f547101\" data-element_type=\"container\" data-e-type=\"container\">\n\t\t\t\t\t<div class=\"e-con-inner\">\n\t\t<div class=\"elementor-element elementor-element-15d26c2 e-con-full e-flex e-con e-child\" data-id=\"15d26c2\" data-element_type=\"container\" data-e-type=\"container\">\n\t\t\t\t<div class=\"elementor-element elementor-element-8fb300d elementor-widget elementor-widget-shortcode\" data-id=\"8fb300d\" data-element_type=\"widget\" data-e-type=\"widget\" data-widget_type=\"shortcode.default\">\n\t\t\t\t\t\t\t<div class=\"elementor-shortcode\"><div data-post-id=\"4152\" class=\"insert-page insert-page-4152 \"><p style=\"text-align: justify\">A <strong>Ger\u00eancia do Escrit\u00f3rio de Processos<\/strong> da Secretaria de Estado da Administra\u00e7\u00e3o \u00e9 uma unidade administrativa central, que possui como objetivo, promover a cultura de gest\u00e3o por processos no \u00e2mbito dos \u00f3rg\u00e3os e entidade do estado de Goi\u00e1s por meio da padroniza\u00e7\u00e3o de metodologias, ferramentas e instrumentos aplic\u00e1veis ao setor p\u00fablico.<\/p>\n<p>Neste contexto, a SEAD aposta na gest\u00e3o por processos como solu\u00e7\u00e3o vi\u00e1vel para a transforma\u00e7\u00e3o organizacional, apoiando os \u00f3rg\u00e3os e entidades do estado a pensarem por processos, a desenvolverem o esp\u00edrito colaborativo e compreenderem que todos s\u00e3o partes integrantes e respons\u00e1veis por um processo maior que \u00e9 o de <strong>\u201csatisfazer o cidad\u00e3o\u201d<\/strong>.<\/p>\n<h4>Acesse tamb\u00e9m<\/h4>\n<h3 class=\"sppb-addon-title\">Conhe\u00e7a as Solu\u00e7\u00f5es para Gest\u00e3o de Processos no Estado de Goi\u00e1s<\/h3>\n<table style=\"width: 100%\" border=\"1\" cellspacing=\"1\" cellpadding=\"1\">\n<tbody>\n<tr>\n<td style=\"width: 25%\">\n<p class=\"pull-center\"><img fetchpriority=\"high\" fetchpriority=\"high\" decoding=\"async\" id=\"\" title=\"\" src=\"https:\/\/goias.gov.br\/administracao\/wp-content\/uploads\/sites\/27\/images\/Transformacao\/Ebook-DiretrizesParaGestaoPorProcessos-Capa.png\" alt=\"\" width=\"359\" height=\"202\" data-image-widget-flowlayout=\"1\" \/><\/p>\n<p style=\"text-align: center\"><a href=\"https:\/\/drive.google.com\/file\/d\/12UmDSkjE_IEMDL430bE5vwoM2usNAcGL\/view?usp=sharing\" target=\"_blank\" rel=\"noopener\">Ebook &#8211; Diretrizes para<br \/>Gest\u00e3o por Processos<\/a><\/p>\n<\/td>\n<td style=\"width: 25%;text-align: center\"><img decoding=\"async\" id=\"\" title=\"\" src=\"https:\/\/goias.gov.br\/administracao\/wp-content\/uploads\/sites\/27\/images\/Transformacao\/Ebook-RepositorioDeProcessos-Capa.png\" alt=\"\" width=\"352\" height=\"198\" \/><a href=\"https:\/\/drive.google.com\/file\/d\/1fr-bEFb9YEP-3_H98rLB2PNSZBYaDrt2\/view?usp=sharing\" target=\"_blank\" rel=\"noopener\">Ebook &#8211; Reposit\u00f3rio Central<br \/>de Processos<\/a><\/td>\n<td style=\"width: 25%;text-align: center\"><img decoding=\"async\" id=\"\" title=\"\" src=\"https:\/\/goias.gov.br\/administracao\/wp-content\/uploads\/sites\/27\/images\/01-03Cadeia-de-Valor-Integrada-de-Goias.png\" alt=\"\" width=\"356\" height=\"196\" \/><a href=\"https:\/\/docs.google.com\/spreadsheets\/d\/1dlzRPspBVdX_dblLRjzFQENg4Rg7tTr0\/edit?usp=sharing&amp;ouid=104548555393979235608&amp;rtpof=true&amp;sd=true\" target=\"_blank\" rel=\"noopener\">Cadeia de Valor Integrada<br \/>do Estado\u00a0de Goi\u00e1s<\/a><\/td>\n<td style=\"width: 25%;text-align: center\"><img loading=\"lazy\" loading=\"lazy\" decoding=\"async\" id=\"\" title=\"\" src=\"https:\/\/goias.gov.br\/administracao\/wp-content\/uploads\/sites\/27\/2025\/05\/cadeira-de-valo.jpg\" alt=\"\" width=\"356\" height=\"196\" \/><a href=\"https:\/\/app.powerbi.com\/view?r=eyJrIjoiZTg1NmI4NDUtMWYwYS00MDYyLWI2MGItZjJkOGFiOGYyNzczIiwidCI6IjY3ZmQ0MzFjLWIyYWQtNDg2Ny04MWJjLWQ3NTYyMjBiNTZkNCJ9\" data-wplink-edit=\"true\">BI de Processos<\/a><\/td>\n<\/tr>\n<\/tbody>\n<\/table>\n\n\n<p><\/p>\n<\/div><\/div>\n\t\t\t\t\t\t<\/div>\n\t\t\t\t<\/div>\n\t\t<div class=\"elementor-element elementor-element-b6c2487 e-con-full e-flex e-con e-child\" data-id=\"b6c2487\" data-element_type=\"container\" data-e-type=\"container\">\n\t\t\t\t<div class=\"elementor-element elementor-element-afb6ef1 elementor-widget elementor-widget-shortcode\" data-id=\"afb6ef1\" data-element_type=\"widget\" data-e-type=\"widget\" data-widget_type=\"shortcode.default\">\n\t\t\t\t\t\t\t<div class=\"elementor-shortcode\"><div data-post-id=\"4137\" class=\"insert-page insert-page-4137 \"><h1 class='insert-page-title'>Contato<\/h1><p class=\"sppb-addon-title\"><strong>Ger\u00eancia do Escrit\u00f3rio de Processos <\/strong><\/p>\n<p><strong>Email:\u00a0escprocessos.administracao@goias.gov.br<\/strong><\/p>\n<p><strong>Telefone:\u00a0(62) 3201-5720\u00a0e 5711<\/strong><\/p>\n<h3 class=\"sppb-addon-title\">Diret\u00f3rio da Rede de Transforma\u00e7\u00e3o &#8211;\u00a0Rede de Gest\u00e3o por Processos<\/h3>\n<p style=\"margin-left: 80px;\">\n<p style=\"text-align: center;\"><a class=\"btn btn-primary\" href=\"https:\/\/docs.google.com\/document\/d\/1TG2mVZ1eFsApPGNQ80t5jNQVzadPTKdl\" target=\"_blank\" rel=\"noopener\">Conhe\u00e7a o\u00a0ambiente clicando aqui<\/a><\/p>\n<ul class='post-meta'>\n<li><span class='post-meta-key'>tpg-post-view-count:<\/span> 201<\/li>\n<li><span class='post-meta-key'>rank_math_primary_category:<\/span> 2<\/li>\n<li><span class='post-meta-key'>rank_math_seo_score:<\/span> 12<\/li>\n<li><span class='post-meta-key'>rank_math_internal_links_processed:<\/span> 1<\/li>\n<\/ul>\n<\/div><\/div>\n\t\t\t\t\t\t<\/div>\n\t\t\t\t<\/div>\n\t\t\t\t\t<\/div>\n\t\t\t\t<\/div>\n\t\t\t\t<\/div>\n\t\t","protected":false},"excerpt":{"rendered":"","protected":false},"author":1,"featured_media":0,"parent":0,"menu_order":0,"comment_status":"closed","ping_status":"closed","template":"","meta":{"footnotes":""},"class_list":["post-18400","page","type-page","status-publish","hentry"],"rttpg_featured_image_url":null,"rttpg_author":{"display_name":"wagner.viana","author_link":"https:\/\/goias.gov.br\/administracao\/author\/wagner-viana\/"},"rttpg_comment":0,"rttpg_category":"","rttpg_excerpt":null,"_links":{"self":[{"href":"https:\/\/goias.gov.br\/administracao\/wp-json\/wp\/v2\/pages\/18400","targetHints":{"allow":["GET"]}}],"collection":[{"href":"https:\/\/goias.gov.br\/administracao\/wp-json\/wp\/v2\/pages"}],"about":[{"href":"https:\/\/goias.gov.br\/administracao\/wp-json\/wp\/v2\/types\/page"}],"author":[{"embeddable":true,"href":"https:\/\/goias.gov.br\/administracao\/wp-json\/wp\/v2\/users\/1"}],"replies":[{"embeddable":true,"href":"https:\/\/goias.gov.br\/administracao\/wp-json\/wp\/v2\/comments?post=18400"}],"version-history":[{"count":2,"href":"https:\/\/goias.gov.br\/administracao\/wp-json\/wp\/v2\/pages\/18400\/revisions"}],"predecessor-version":[{"id":200252,"href":"https:\/\/goias.gov.br\/administracao\/wp-json\/wp\/v2\/pages\/18400\/revisions\/200252"}],"wp:attachment":[{"href":"https:\/\/goias.gov.br\/administracao\/wp-json\/wp\/v2\/media?parent=18400"}],"curies":[{"name":"wp","href":"https:\/\/api.w.org\/{rel}","templated":true}]}}