

{"id":18386,"date":"2023-11-27T14:27:16","date_gmt":"2023-11-27T17:27:16","guid":{"rendered":"https:\/\/siteshom.goias.gov.br\/administracao\/?page_id=18386"},"modified":"2026-02-24T14:53:17","modified_gmt":"2026-02-24T17:53:17","slug":"etica-e-conduta","status":"publish","type":"page","link":"https:\/\/goias.gov.br\/administracao\/etica-e-conduta\/","title":{"rendered":"\u00c9tica e Conduta"},"content":{"rendered":"\t\t<div data-elementor-type=\"wp-page\" data-elementor-id=\"18386\" class=\"elementor elementor-18386\">\n\t\t\t\t<div class=\"elementor-element elementor-element-430f365 e-flex e-con-boxed e-con e-parent\" data-id=\"430f365\" data-element_type=\"container\" data-e-type=\"container\">\n\t\t\t\t\t<div class=\"e-con-inner\">\n\t\t\t\t<div class=\"elementor-element elementor-element-1b7842e elementor-widget elementor-widget-text-editor\" data-id=\"1b7842e\" data-element_type=\"widget\" data-e-type=\"widget\" data-widget_type=\"text-editor.default\">\n\t\t\t\t\t\t\t\t\t<p><strong>ATEN\u00c7\u00c3O SERVIDOR (A)!<\/strong><\/p><p>Neste t\u00f3pico voc\u00ea ver\u00e1 as normas gerais de \u00e9tica e conduta que devem ser cumpridas por todos os servidores em exerc\u00edcio na SEAD.<\/p><p><strong>Leia com aten\u00e7\u00e3o!<\/strong><\/p>\t\t\t\t\t\t\t\t<\/div>\n\t\t\t\t\t<\/div>\n\t\t\t\t<\/div>\n\t\t<div class=\"elementor-element elementor-element-5dd63b9 e-flex e-con-boxed e-con e-parent\" data-id=\"5dd63b9\" data-element_type=\"container\" data-e-type=\"container\">\n\t\t\t\t\t<div class=\"e-con-inner\">\n\t\t\t\t<div class=\"elementor-element elementor-element-412e1f5 elementor-widget elementor-widget-image\" data-id=\"412e1f5\" data-element_type=\"widget\" data-e-type=\"widget\" data-widget_type=\"image.default\">\n\t\t\t\t\t\t\t\t\t\t\t\t\t\t\t\t<a href=\"https:\/\/goias.gov.br\/administracao\/wp-content\/uploads\/sites\/27\/2023\/11\/CODEstado.pdf\" target=\"_blank\">\n\t\t\t\t\t\t\t<img decoding=\"async\" src=\"https:\/\/goias.gov.br\/administracao\/wp-content\/uploads\/sites\/27\/2023\/11\/codigo-estado.png\" title=\"\" alt=\"\" loading=\"lazy\" \/>\t\t\t\t\t\t\t\t<\/a>\n\t\t\t\t\t\t\t\t\t\t\t\t\t\t\t<\/div>\n\t\t\t\t<div class=\"elementor-element elementor-element-d8402a2 elementor-widget elementor-widget-image\" data-id=\"d8402a2\" data-element_type=\"widget\" data-e-type=\"widget\" data-widget_type=\"image.default\">\n\t\t\t\t\t\t\t\t\t\t\t\t\t\t\t\t<a href=\"https:\/\/legisla.casacivil.go.gov.br\/pesquisa_legislacao\/72498\/decreto-9583\" target=\"_blank\">\n\t\t\t\t\t\t\t<img decoding=\"async\" src=\"https:\/\/goias.gov.br\/administracao\/wp-content\/uploads\/sites\/27\/2023\/11\/regulamento-sead.png\" title=\"\" alt=\"\" loading=\"lazy\" \/>\t\t\t\t\t\t\t\t<\/a>\n\t\t\t\t\t\t\t\t\t\t\t\t\t\t\t<\/div>\n\t\t\t\t<div class=\"elementor-element elementor-element-75c81fc elementor-widget elementor-widget-image\" data-id=\"75c81fc\" data-element_type=\"widget\" data-e-type=\"widget\" data-widget_type=\"image.default\">\n\t\t\t\t\t\t\t\t\t\t\t\t\t\t\t\t<a href=\"https:\/\/goias.gov.br\/administracao\/wp-content\/uploads\/sites\/27\/2023\/11\/CODIGODEETICAVAPTVUPT.pdf\" target=\"_blank\">\n\t\t\t\t\t\t\t<img decoding=\"async\" src=\"https:\/\/goias.gov.br\/administracao\/wp-content\/uploads\/sites\/27\/2023\/11\/codigo-vapt.png\" title=\"\" alt=\"\" loading=\"lazy\" \/>\t\t\t\t\t\t\t\t<\/a>\n\t\t\t\t\t\t\t\t\t\t\t\t\t\t\t<\/div>\n\t\t\t\t\t<\/div>\n\t\t\t\t<\/div>\n\t\t<div class=\"elementor-element elementor-element-b3c4013 e-flex e-con-boxed e-con e-parent\" data-id=\"b3c4013\" data-element_type=\"container\" data-e-type=\"container\">\n\t\t\t\t\t<div class=\"e-con-inner\">\n\t\t\t\t<div class=\"elementor-element elementor-element-8948994 elementor-widget elementor-widget-image\" data-id=\"8948994\" data-element_type=\"widget\" data-e-type=\"widget\" data-widget_type=\"image.default\">\n\t\t\t\t\t\t\t\t\t\t\t\t\t\t\t\t<a href=\"\/administracao\/manual-do-servidor\/\">\n\t\t\t\t\t\t\t<img decoding=\"async\" src=\"https:\/\/goias.gov.br\/administracao\/wp-content\/uploads\/sites\/27\/2023\/11\/menu-inicial-oficial.png\" title=\"\" alt=\"\" loading=\"lazy\" \/>\t\t\t\t\t\t\t\t<\/a>\n\t\t\t\t\t\t\t\t\t\t\t\t\t\t\t<\/div>\n\t\t\t\t\t<\/div>\n\t\t\t\t<\/div>\n\t\t\t\t<\/div>\n\t\t","protected":false},"excerpt":{"rendered":"<p>ATEN\u00c7\u00c3O SERVIDOR (A)! Neste t\u00f3pico voc\u00ea ver\u00e1 as normas gerais de \u00e9tica e conduta que devem ser cumpridas por todos os servidores em exerc\u00edcio na SEAD. Leia com aten\u00e7\u00e3o!<\/p>\n","protected":false},"author":1,"featured_media":0,"parent":0,"menu_order":0,"comment_status":"closed","ping_status":"closed","template":"","meta":{"footnotes":""},"class_list":["post-18386","page","type-page","status-publish","hentry"],"rttpg_featured_image_url":null,"rttpg_author":{"display_name":"wagner.viana","author_link":"https:\/\/goias.gov.br\/administracao\/author\/wagner-viana\/"},"rttpg_comment":0,"rttpg_category":null,"rttpg_excerpt":"ATEN\u00c7\u00c3O SERVIDOR (A)! Neste t\u00f3pico voc\u00ea ver\u00e1 as normas gerais de \u00e9tica e conduta que devem ser cumpridas por todos os servidores em exerc\u00edcio na SEAD. Leia com aten\u00e7\u00e3o!","_links":{"self":[{"href":"https:\/\/goias.gov.br\/administracao\/wp-json\/wp\/v2\/pages\/18386","targetHints":{"allow":["GET"]}}],"collection":[{"href":"https:\/\/goias.gov.br\/administracao\/wp-json\/wp\/v2\/pages"}],"about":[{"href":"https:\/\/goias.gov.br\/administracao\/wp-json\/wp\/v2\/types\/page"}],"author":[{"embeddable":true,"href":"https:\/\/goias.gov.br\/administracao\/wp-json\/wp\/v2\/users\/1"}],"replies":[{"embeddable":true,"href":"https:\/\/goias.gov.br\/administracao\/wp-json\/wp\/v2\/comments?post=18386"}],"version-history":[{"count":2,"href":"https:\/\/goias.gov.br\/administracao\/wp-json\/wp\/v2\/pages\/18386\/revisions"}],"predecessor-version":[{"id":200510,"href":"https:\/\/goias.gov.br\/administracao\/wp-json\/wp\/v2\/pages\/18386\/revisions\/200510"}],"wp:attachment":[{"href":"https:\/\/goias.gov.br\/administracao\/wp-json\/wp\/v2\/media?parent=18386"}],"curies":[{"name":"wp","href":"https:\/\/api.w.org\/{rel}","templated":true}]}}