

{"id":18330,"date":"2023-11-27T09:05:38","date_gmt":"2023-11-27T12:05:38","guid":{"rendered":"https:\/\/siteshom.goias.gov.br\/administracao\/?page_id=18330"},"modified":"2026-02-25T09:15:39","modified_gmt":"2026-02-25T12:15:39","slug":"legislacao-e-pareceres","status":"publish","type":"page","link":"https:\/\/goias.gov.br\/administracao\/legislacao-e-pareceres\/","title":{"rendered":"Legisla\u00e7\u00e3o e Pareceres"},"content":{"rendered":"\t\t<div data-elementor-type=\"wp-page\" data-elementor-id=\"18330\" class=\"elementor elementor-18330\">\n\t\t\t\t<div class=\"elementor-element elementor-element-38b5b3a e-flex e-con-boxed e-con e-parent\" data-id=\"38b5b3a\" data-element_type=\"container\" data-e-type=\"container\">\n\t\t\t\t\t<div class=\"e-con-inner\">\n\t\t\t\t<div class=\"elementor-element elementor-element-c8bc96f elementor-widget elementor-widget-text-editor\" data-id=\"c8bc96f\" data-element_type=\"widget\" data-e-type=\"widget\" data-widget_type=\"text-editor.default\">\n\t\t\t\t\t\t\t\t\t<p><strong>Regras gerais aplic\u00e1veis a todos os processos e procedimentos;<\/strong><br \/>Selecione o assunto sobre o qual voc\u00ea deseja acessar as regras processuais:<\/p><p>Abono de Perman\u00eancia;<br \/><a href=\"index.php?option=com_content&amp;view=article&amp;id=22399&amp;catid=456\">Afastamento para Desincompatibiliza\u00e7\u00e3o<\/a>;<br \/>Aposentadoria;<br \/><a href=\"index.php?option=com_content&amp;view=article&amp;id=22336&amp;catid=448\">Assist\u00eancia Pr\u00e9-Escolar<\/a>;<br \/>Atualiza\u00e7\u00e3o GPREV;<br \/><a href=\"index.php?option=com_content&amp;view=article&amp;id=22345&amp;catid=448\">Aux\u00edlio Funeral<\/a>;<br \/>Averba\u00e7\u00e3o de Tempo de Servi\u00e7o;<br \/>Averba\u00e7\u00e3o de Tempo de Contribui\u00e7\u00e3o para Servidores Remanescentes da Extinta CAIXEGO<br \/>Certid\u00e3o COMPREV (Extinta)<br \/>Certid\u00e3o de Tempo de Contribui\u00e7\u00e3o;<br \/>Cess\u00e3o;<br \/>Declara\u00e7\u00e3o de Contribui\u00e7\u00e3o Previdenci\u00e1ria (Anexo VIII)<br \/>Declara\u00e7\u00e3o Funcional;<br \/>Desaverba\u00e7\u00e3o de Tempo de Contribui\u00e7\u00e3o;<br \/>Disposi\u00e7\u00e3o;<br \/>F\u00e9rias;<br \/>Hor\u00e1rio Especial para Servidor Atleta (Revogado);<br \/>Hor\u00e1rio Especial para Servidor com Defici\u00eancia;<br \/>Hor\u00e1rio Especial para Servidor Estudante;<br \/>Licen\u00e7a Decorrente de Acidente de Trabalho ou Doen\u00e7a Profissional;<br \/><a href=\"index.php?option=com_content&amp;view=article&amp;id=22354&amp;catid=456\">Licen\u00e7a para Tratar de Interesses Particulares<\/a>;<br \/>Licen\u00e7a Maternidade;<br \/>Licen\u00e7a Paternidade;<br \/><a href=\"index.php?option=com_content&amp;view=article&amp;id=22397&amp;catid=456\">Licen\u00e7a por Motivo de Afastamento do C\u00f4njuge<\/a>;<br \/><a href=\"index.php?option=com_content&amp;view=article&amp;id=22398&amp;catid=456\">Licen\u00e7a para Atividade Pol\u00edtica<\/a>;<br \/>Licen\u00e7a para Capacita\u00e7\u00e3o;<br \/>Licen\u00e7a para Mandato Classista;<br \/>Licen\u00e7a para Tratamento da Pr\u00f3pria Sa\u00fade;<br \/>Licen\u00e7a por Motivo de Doen\u00e7a em pessoa da Fam\u00edlia;<br \/>Licen\u00e7a Pr\u00eamio;<br \/>Lota\u00e7\u00e3o;<br \/>Movimenta\u00e7\u00e3o;<br \/>Pens\u00e3o C\u00e9sio 137;<br \/>Pens\u00e3o por Morte;<br \/>Redu\u00e7\u00e3o de Carga Hor\u00e1ria com Redu\u00e7\u00e3o de Vencimentos;<\/p>\t\t\t\t\t\t\t\t<\/div>\n\t\t\t\t<div class=\"elementor-element elementor-element-3dd6bf6 elementor-widget elementor-widget-heading\" data-id=\"3dd6bf6\" data-element_type=\"widget\" data-e-type=\"widget\" data-widget_type=\"heading.default\">\n\t\t\t\t\t<h2 class=\"elementor-heading-title elementor-size-default\">Pareceres e Decis\u00f5es<\/h2>\t\t\t\t<\/div>\n\t\t\t\t\t<\/div>\n\t\t\t\t<\/div>\n\t\t<div class=\"elementor-element elementor-element-9025e11 e-flex e-con-boxed e-con e-parent\" data-id=\"9025e11\" data-element_type=\"container\" data-e-type=\"container\">\n\t\t\t\t\t<div class=\"e-con-inner\">\n\t\t<div class=\"elementor-element elementor-element-2e1edf7 e-con-full e-flex e-con e-child\" data-id=\"2e1edf7\" data-element_type=\"container\" data-e-type=\"container\">\n\t\t\t\t<div class=\"elementor-element elementor-element-4311093 elementor-widget elementor-widget-image\" data-id=\"4311093\" data-element_type=\"widget\" data-e-type=\"widget\" data-widget_type=\"image.default\">\n\t\t\t\t\t\t\t\t\t\t\t\t\t\t\t<img decoding=\"async\" src=\"https:\/\/goias.gov.br\/administracao\/wp-content\/uploads\/sites\/27\/2023\/11\/despachos1.png\" title=\"\" alt=\"\" loading=\"lazy\" \/>\t\t\t\t\t\t\t\t\t\t\t\t\t\t\t<\/div>\n\t\t\t\t<\/div>\n\t\t<div class=\"elementor-element elementor-element-c7c42da e-con-full e-flex e-con e-child\" data-id=\"c7c42da\" data-element_type=\"container\" data-e-type=\"container\">\n\t\t\t\t<div class=\"elementor-element elementor-element-a3f33ac elementor-widget elementor-widget-image\" data-id=\"a3f33ac\" data-element_type=\"widget\" data-e-type=\"widget\" data-widget_type=\"image.default\">\n\t\t\t\t\t\t\t\t\t\t\t\t\t\t\t<img decoding=\"async\" src=\"https:\/\/goias.gov.br\/administracao\/wp-content\/uploads\/sites\/27\/2023\/11\/notas-tcnicas1.png\" title=\"\" alt=\"\" loading=\"lazy\" \/>\t\t\t\t\t\t\t\t\t\t\t\t\t\t\t<\/div>\n\t\t\t\t<\/div>\n\t\t<div class=\"elementor-element elementor-element-09843f5 e-con-full e-flex e-con e-child\" data-id=\"09843f5\" data-element_type=\"container\" data-e-type=\"container\">\n\t\t\t\t<div class=\"elementor-element elementor-element-8fedef4 elementor-widget elementor-widget-image\" data-id=\"8fedef4\" data-element_type=\"widget\" data-e-type=\"widget\" data-widget_type=\"image.default\">\n\t\t\t\t\t\t\t\t\t\t\t\t\t\t\t<img decoding=\"async\" src=\"https:\/\/goias.gov.br\/administracao\/wp-content\/uploads\/sites\/27\/2023\/11\/instrues1.png\" title=\"\" alt=\"\" loading=\"lazy\" \/>\t\t\t\t\t\t\t\t\t\t\t\t\t\t\t<\/div>\n\t\t\t\t<\/div>\n\t\t<div class=\"elementor-element elementor-element-1d65071 e-con-full e-flex e-con e-child\" data-id=\"1d65071\" data-element_type=\"container\" data-e-type=\"container\">\n\t\t\t\t<div class=\"elementor-element elementor-element-32ac8cc elementor-widget elementor-widget-image\" data-id=\"32ac8cc\" data-element_type=\"widget\" data-e-type=\"widget\" data-widget_type=\"image.default\">\n\t\t\t\t\t\t\t\t\t\t\t\t\t\t\t<img decoding=\"async\" src=\"https:\/\/goias.gov.br\/administracao\/wp-content\/uploads\/sites\/27\/2023\/11\/pareceres1.png\" title=\"\" alt=\"\" loading=\"lazy\" \/>\t\t\t\t\t\t\t\t\t\t\t\t\t\t\t<\/div>\n\t\t\t\t<\/div>\n\t\t\t\t\t<\/div>\n\t\t\t\t<\/div>\n\t\t<div class=\"elementor-element elementor-element-7e59a5c e-flex e-con-boxed e-con e-parent\" data-id=\"7e59a5c\" data-element_type=\"container\" data-e-type=\"container\">\n\t\t\t\t\t<div class=\"e-con-inner\">\n\t\t\t\t<div class=\"elementor-element elementor-element-195bd98 elementor-widget elementor-widget-image\" data-id=\"195bd98\" data-element_type=\"widget\" data-e-type=\"widget\" data-widget_type=\"image.default\">\n\t\t\t\t\t\t\t\t\t\t\t\t\t\t\t\t<a href=\"\/administracao\/manual-do-servidor\/\">\n\t\t\t\t\t\t\t<img decoding=\"async\" src=\"https:\/\/goias.gov.br\/administracao\/wp-content\/uploads\/sites\/27\/2023\/11\/menu-inicial-oficial.png\" title=\"\" alt=\"\" loading=\"lazy\" \/>\t\t\t\t\t\t\t\t<\/a>\n\t\t\t\t\t\t\t\t\t\t\t\t\t\t\t<\/div>\n\t\t\t\t\t<\/div>\n\t\t\t\t<\/div>\n\t\t\t\t<\/div>\n\t\t","protected":false},"excerpt":{"rendered":"<p>Regras gerais aplic\u00e1veis a todos os processos e procedimentos;Selecione o assunto sobre o qual voc\u00ea deseja acessar as regras processuais: Abono de Perman\u00eancia;Afastamento para Desincompatibiliza\u00e7\u00e3o;Aposentadoria;Assist\u00eancia Pr\u00e9-Escolar;Atualiza\u00e7\u00e3o GPREV;Aux\u00edlio Funeral;Averba\u00e7\u00e3o de Tempo de Servi\u00e7o;Averba\u00e7\u00e3o de Tempo de Contribui\u00e7\u00e3o para Servidores Remanescentes da Extinta CAIXEGOCertid\u00e3o COMPREV (Extinta)Certid\u00e3o de Tempo de Contribui\u00e7\u00e3o;Cess\u00e3o;Declara\u00e7\u00e3o de Contribui\u00e7\u00e3o Previdenci\u00e1ria (Anexo VIII)Declara\u00e7\u00e3o Funcional;Desaverba\u00e7\u00e3o de [&hellip;]<\/p>\n","protected":false},"author":1,"featured_media":0,"parent":0,"menu_order":0,"comment_status":"closed","ping_status":"closed","template":"","meta":{"footnotes":""},"class_list":["post-18330","page","type-page","status-publish","hentry"],"rttpg_featured_image_url":null,"rttpg_author":{"display_name":"wagner.viana","author_link":"https:\/\/goias.gov.br\/administracao\/author\/wagner-viana\/"},"rttpg_comment":0,"rttpg_category":null,"rttpg_excerpt":"Regras gerais aplic\u00e1veis a todos os processos e procedimentos;Selecione o assunto sobre o qual voc\u00ea deseja acessar as regras processuais: Abono de Perman\u00eancia;Afastamento para Desincompatibiliza\u00e7\u00e3o;Aposentadoria;Assist\u00eancia Pr\u00e9-Escolar;Atualiza\u00e7\u00e3o GPREV;Aux\u00edlio Funeral;Averba\u00e7\u00e3o de Tempo de Servi\u00e7o;Averba\u00e7\u00e3o de Tempo de Contribui\u00e7\u00e3o para Servidores Remanescentes da Extinta CAIXEGOCertid\u00e3o COMPREV (Extinta)Certid\u00e3o de Tempo de Contribui\u00e7\u00e3o;Cess\u00e3o;Declara\u00e7\u00e3o de Contribui\u00e7\u00e3o Previdenci\u00e1ria (Anexo VIII)Declara\u00e7\u00e3o Funcional;Desaverba\u00e7\u00e3o de&hellip;","_links":{"self":[{"href":"https:\/\/goias.gov.br\/administracao\/wp-json\/wp\/v2\/pages\/18330","targetHints":{"allow":["GET"]}}],"collection":[{"href":"https:\/\/goias.gov.br\/administracao\/wp-json\/wp\/v2\/pages"}],"about":[{"href":"https:\/\/goias.gov.br\/administracao\/wp-json\/wp\/v2\/types\/page"}],"author":[{"embeddable":true,"href":"https:\/\/goias.gov.br\/administracao\/wp-json\/wp\/v2\/users\/1"}],"replies":[{"embeddable":true,"href":"https:\/\/goias.gov.br\/administracao\/wp-json\/wp\/v2\/comments?post=18330"}],"version-history":[{"count":2,"href":"https:\/\/goias.gov.br\/administracao\/wp-json\/wp\/v2\/pages\/18330\/revisions"}],"predecessor-version":[{"id":202745,"href":"https:\/\/goias.gov.br\/administracao\/wp-json\/wp\/v2\/pages\/18330\/revisions\/202745"}],"wp:attachment":[{"href":"https:\/\/goias.gov.br\/administracao\/wp-json\/wp\/v2\/media?parent=18330"}],"curies":[{"name":"wp","href":"https:\/\/api.w.org\/{rel}","templated":true}]}}