

{"id":17645,"date":"2023-11-17T10:36:58","date_gmt":"2023-11-17T13:36:58","guid":{"rendered":"https:\/\/siteshom.goias.gov.br\/administracao\/?page_id=17645"},"modified":"2026-04-28T11:28:02","modified_gmt":"2026-04-28T14:28:02","slug":"concursos-publicos-e-selecoes","status":"publish","type":"page","link":"https:\/\/goias.gov.br\/administracao\/concursos-publicos-e-selecoes\/","title":{"rendered":"Concursos e Sele\u00e7\u00f5es"},"content":{"rendered":"\t\t<div data-elementor-type=\"wp-page\" data-elementor-id=\"17645\" class=\"elementor elementor-17645\">\n\t\t\t\t<div class=\"elementor-element elementor-element-ea9bdf5 e-flex e-con-boxed e-con e-parent\" data-id=\"ea9bdf5\" data-element_type=\"container\" data-e-type=\"container\">\n\t\t\t\t\t<div class=\"e-con-inner\">\n\t\t<div class=\"elementor-element elementor-element-fc80f1d e-con-full e-flex e-con e-child\" data-id=\"fc80f1d\" data-element_type=\"container\" data-e-type=\"container\">\n\t\t\t\t<div class=\"elementor-element elementor-element-abc3d0b elementor-widget elementor-widget-shortcode\" data-id=\"abc3d0b\" data-element_type=\"widget\" data-e-type=\"widget\" data-widget_type=\"shortcode.default\">\n\t\t\t\t\t\t\t<div class=\"elementor-shortcode\"><div data-post-id=\"17720\" class=\"insert-page insert-page-17720 \"><h1 class='insert-page-title'>Concursos com Inscri\u00e7\u00f5es Abertas<\/h1><p>No momento n\u00e3o h\u00e1 concurso(s) p\u00fablico(s) com inscri\u00e7\u00f5es abertas.<\/p>\n\n\n<p><\/p>\n<ul class='post-meta'>\n<li><span class='post-meta-key'>rank_math_internal_links_processed:<\/span> 1<\/li>\n<li><span class='post-meta-key'>tpg-post-view-count:<\/span> 458<\/li>\n<\/ul>\n<\/div><\/div>\n\t\t\t\t\t\t<\/div>\n\t\t\t\t<div class=\"elementor-element elementor-element-1ba0c55 elementor-widget elementor-widget-shortcode\" data-id=\"1ba0c55\" data-element_type=\"widget\" data-e-type=\"widget\" data-widget_type=\"shortcode.default\">\n\t\t\t\t\t\t\t<div class=\"elementor-shortcode\"><div data-post-id=\"17715\" class=\"insert-page insert-page-17715 \"><h1 class='insert-page-title'>Concursos em andamento<\/h1><p><a href=\"https:\/\/goias.gov.br\/administracao\/edital-001-2026-secretaria-de-estado-da-saude\/\">Edital 001\/2026 \u2013 Secretaria de Estado da Sa\u00fade<\/a><br \/>\nSele\u00e7\u00e3o de 50 (cinquenta) profissionais para a Secretaria de Estado da Sa\u00fade \u2013 SES.<\/p>\n<ul class='post-meta'>\n<li><span class='post-meta-key'>rank_math_internal_links_processed:<\/span> 1<\/li>\n<li><span class='post-meta-key'>tpg-post-view-count:<\/span> 419<\/li>\n<li><span class='post-meta-key'>footnotes:<\/span> <\/li>\n<li><span class='post-meta-key'>rank_math_primary_category:<\/span> 163<\/li>\n<li><span class='post-meta-key'>rank_math_seo_score:<\/span> 11<\/li>\n<li><span class='post-meta-key'>ao_post_optimize:<\/span> a:6:{s:16:\"ao_post_optimize\";s:2:\"on\";s:19:\"ao_post_js_optimize\";s:2:\"on\";s:20:\"ao_post_css_optimize\";s:2:\"on\";s:12:\"ao_post_ccss\";s:2:\"on\";s:16:\"ao_post_lazyload\";s:2:\"on\";s:15:\"ao_post_preload\";s:0:\"\";}<\/li>\n<\/ul>\n<\/div><\/div>\n\t\t\t\t\t\t<\/div>\n\t\t\t\t<div class=\"elementor-element elementor-element-88b4a42 elementor-align-justify elementor-widget elementor-widget-button\" data-id=\"88b4a42\" data-element_type=\"widget\" data-e-type=\"widget\" data-widget_type=\"button.default\">\n\t\t\t\t\t\t\t\t\t\t<a class=\"elementor-button elementor-button-link elementor-size-sm\" href=\"\/administracao\/concursos-publicos\/\">\n\t\t\t\t\t\t<span class=\"elementor-button-content-wrapper\">\n\t\t\t\t\t\t\t\t\t<span class=\"elementor-button-text\">Concursos P\u00fablicos<\/span>\n\t\t\t\t\t<\/span>\n\t\t\t\t\t<\/a>\n\t\t\t\t\t\t\t\t<\/div>\n\t\t\t\t<\/div>\n\t\t<div class=\"elementor-element elementor-element-d7a7d2c e-con-full e-flex e-con e-child\" data-id=\"d7a7d2c\" data-element_type=\"container\" data-e-type=\"container\">\n\t\t\t\t<div class=\"elementor-element elementor-element-fb6ecf0 elementor-widget elementor-widget-shortcode\" data-id=\"fb6ecf0\" data-element_type=\"widget\" data-e-type=\"widget\" data-widget_type=\"shortcode.default\">\n\t\t\t\t\t\t\t<div class=\"elementor-shortcode\"><div data-post-id=\"17728\" class=\"insert-page insert-page-17728 \"><h1 class='insert-page-title'>Processos Seletivos Simplificados com Inscri\u00e7\u00f5es Abertas<\/h1>\n<p><\/p>\n\n\n\n<ul>\n<li><a href=\"https:\/\/selecao.go.gov.br\/edital\/edital-n-0022026seadses_processo-seletivo-simplificado_ses|94\" target=\"_blank\" rel=\"noopener\">Processo Seletivo Simplificado &#8211; Edital n\u00ba 002\/2026-SEAD\/SES<\/a> (inscri\u00e7\u00f5es de 25\/03 a 09\/04\/2026)<br \/>Sele\u00e7\u00e3o de 21 (vinte e um) profissionais para as fun\u00e7\u00f5es de T\u00e9cnico de Enfermagem e<br \/>Enfermeiro, para a Secretaria de Estado da Sa\u00fade (SES).<\/li>\n<\/ul>\n\n\n\n<p><br><\/p>\n\n\n\n<p><\/p>\n<ul class='post-meta'>\n<li><span class='post-meta-key'>rank_math_internal_links_processed:<\/span> 1<\/li>\n<li><span class='post-meta-key'>tpg-post-view-count:<\/span> 2356, 2356<\/li>\n<li><span class='post-meta-key'>footnotes:<\/span> <\/li>\n<li><span class='post-meta-key'>ao_post_optimize:<\/span> a:6:{s:16:\"ao_post_optimize\";s:2:\"on\";s:19:\"ao_post_js_optimize\";s:2:\"on\";s:20:\"ao_post_css_optimize\";s:2:\"on\";s:12:\"ao_post_ccss\";s:2:\"on\";s:16:\"ao_post_lazyload\";s:2:\"on\";s:15:\"ao_post_preload\";s:0:\"\";}<\/li>\n<\/ul>\n<\/div><\/div>\n\t\t\t\t\t\t<\/div>\n\t\t\t\t<div class=\"elementor-element elementor-element-36a85fa elementor-widget elementor-widget-shortcode\" data-id=\"36a85fa\" data-element_type=\"widget\" data-e-type=\"widget\" data-widget_type=\"shortcode.default\">\n\t\t\t\t\t\t\t<div class=\"elementor-shortcode\"><div data-post-id=\"17729\" class=\"insert-page insert-page-17729 \"><h1 class='insert-page-title'>Processos Seletivos Simplificados em Andamento<\/h1>\n\n<p>No momento n\u00e3o h\u00e1 processo(s) seletivo(s) simplificado(s) em andamento.<\/p><ul class='post-meta'>\n<li><span class='post-meta-key'>rank_math_internal_links_processed:<\/span> 1<\/li>\n<li><span class='post-meta-key'>tpg-post-view-count:<\/span> 448, 448<\/li>\n<li><span class='post-meta-key'>rank_math_seo_score:<\/span> 11<\/li>\n<li><span class='post-meta-key'>rank_math_primary_category:<\/span> 163<\/li>\n<\/ul>\n<\/div><\/div>\n\t\t\t\t\t\t<\/div>\n\t\t\t\t<div class=\"elementor-element elementor-element-7270046 elementor-align-justify elementor-widget elementor-widget-button\" data-id=\"7270046\" data-element_type=\"widget\" data-e-type=\"widget\" data-widget_type=\"button.default\">\n\t\t\t\t\t\t\t\t\t\t<a class=\"elementor-button elementor-button-link elementor-size-sm\" href=\"\/administracao\/processos-seletivos-simplificados\/\" target=\"_blank\">\n\t\t\t\t\t\t<span class=\"elementor-button-content-wrapper\">\n\t\t\t\t\t\t\t\t\t<span class=\"elementor-button-text\"> Processos Seletivos Simplificados<\/span>\n\t\t\t\t\t<\/span>\n\t\t\t\t\t<\/a>\n\t\t\t\t\t\t\t\t<\/div>\n\t\t\t\t<\/div>\n\t\t\t\t\t<\/div>\n\t\t\t\t<\/div>\n\t\t<div class=\"elementor-element elementor-element-8d3204f e-flex e-con-boxed e-con e-parent\" data-id=\"8d3204f\" data-element_type=\"container\" data-e-type=\"container\">\n\t\t\t\t\t<div class=\"e-con-inner\">\n\t\t\t\t<div class=\"elementor-element elementor-element-da344a9 elementor-widget elementor-widget-shortcode\" data-id=\"da344a9\" data-element_type=\"widget\" data-e-type=\"widget\" data-widget_type=\"shortcode.default\">\n\t\t\t\t\t\t\t<div class=\"elementor-shortcode\"><div data-post-id=\"17893\" class=\"insert-page insert-page-17893 \"><h1 class='insert-page-title'>Processos Seletivos executados por outros \u00d3rg\u00e3os<\/h1><ul>\n<li><a href=\"https:\/\/goias.gov.br\/social\/seds-abre-processo-seletivo-para-14-vagas-para-psicologos-e-assistentes-sociais\/\" target=\"_blank\" rel=\"noopener\">Processo Seletivo &#8211; Edital n\u00ba 001\/2025 &#8211; SEDS<\/a> &#8211; Sele\u00e7\u00e3o de 14 profissionais para atua\u00e7\u00e3o nas \u00e1reas de psicologia e assist\u00eancia social.<\/li>\n<li><a href=\"https:\/\/goias.gov.br\/educacao\/processos-seletivos-simplificados-com-inscricoes-abertas\/\" target=\"_blank\" rel=\"noopener\">Processo Seletivo &#8211; Edital n\u00ba 004\/2023 &#8211; SEDUC<\/a> &#8211; Sele\u00e7\u00e3o de\u00a0380 professores de Educa\u00e7\u00e3o F\u00edsica\/instrutores esportivos que atuar\u00e3o em treinamentos desportivos e paradesportivos do Projeto Desporto Educa<\/li>\n<\/ul>\n<ul class='post-meta'>\n<li><span class='post-meta-key'>rank_math_internal_links_processed:<\/span> 1<\/li>\n<li><span class='post-meta-key'>tpg-post-view-count:<\/span> 305<\/li>\n<li><span class='post-meta-key'>rank_math_seo_score:<\/span> 8<\/li>\n<li><span class='post-meta-key'>rank_math_primary_category:<\/span> 160<\/li>\n<\/ul>\n<\/div><\/div>\n\t\t\t\t\t\t<\/div>\n\t\t\t\t\t<\/div>\n\t\t\t\t<\/div>\n\t\t<div class=\"elementor-element elementor-element-fba8f19 e-flex e-con-boxed e-con e-parent\" data-id=\"fba8f19\" data-element_type=\"container\" data-e-type=\"container\">\n\t\t\t\t\t<div class=\"e-con-inner\">\n\t\t\t\t<div class=\"elementor-element elementor-element-f68ba27 elementor-widget elementor-widget-shortcode\" data-id=\"f68ba27\" data-element_type=\"widget\" data-e-type=\"widget\" data-widget_type=\"shortcode.default\">\n\t\t\t\t\t\t\t<div class=\"elementor-shortcode\"><div data-post-id=\"17724\" class=\"insert-page insert-page-17724 \"><h1 class='insert-page-title'>Contato &#8211; Concursos e Sele\u00e7\u00f5es<\/h1><p>A Ger\u00eancia de Concursos e Processos Seletivos \u00e9 respons\u00e1vel pela gest\u00e3o desses certames.<\/p>\n<p><strong>Entre em contato conosco:<\/strong><br \/>\n<em>Superintend\u00eancia de Recrutamento e Sele\u00e7\u00e3o &#8211; Ger\u00eancia de Concursos e Processos Seletivos<\/em><br \/>\nRua \u00a023, n\u00ba 63 (esquina c\/Rua 03) \u2013 Centro (antigo\u00a0Col\u00e9gio Estadual Prof. Jos\u00e9 Carlos de Almeida)<br \/>\nCEP: 74.015-120<br \/>\nTelefone: (62) 3201-2815\/ 3602-2990.<br \/>\nE-mails: <a href=\"mailto:concursos.administracao@goias.gov.br\">concursos.administracao@goias.gov.br<\/a> e\u00a0<a href=\"mailto:selecao.administracao@goias.gov.br\">selecao.administracao@goias.gov.br<\/a><\/p>\n<p>Atendimento de <strong>Segunda a\u00a0Sexta das\u00a008:00 \u00e0s 12:00\u00a0e das 14:00 \u00e0s 18:00<\/strong>.<\/p>\n<ul class='post-meta'>\n<li><span class='post-meta-key'>rank_math_internal_links_processed:<\/span> 1<\/li>\n<li><span class='post-meta-key'>tpg-post-view-count:<\/span> 496<\/li>\n<\/ul>\n<\/div><\/div>\n\t\t\t\t\t\t<\/div>\n\t\t\t\t\t<\/div>\n\t\t\t\t<\/div>\n\t\t\t\t<\/div>\n\t\t","protected":false},"excerpt":{"rendered":"<p>Concursos P\u00fablicos Processos Seletivos Simplificados<\/p>\n","protected":false},"author":1,"featured_media":0,"parent":0,"menu_order":0,"comment_status":"closed","ping_status":"closed","template":"","meta":{"footnotes":""},"class_list":["post-17645","page","type-page","status-publish","hentry"],"rttpg_featured_image_url":null,"rttpg_author":{"display_name":"wagner.viana","author_link":"https:\/\/goias.gov.br\/administracao\/author\/wagner-viana\/"},"rttpg_comment":0,"rttpg_category":"","rttpg_excerpt":"Concursos P\u00fablicos Processos Seletivos Simplificados","_links":{"self":[{"href":"https:\/\/goias.gov.br\/administracao\/wp-json\/wp\/v2\/pages\/17645","targetHints":{"allow":["GET"]}}],"collection":[{"href":"https:\/\/goias.gov.br\/administracao\/wp-json\/wp\/v2\/pages"}],"about":[{"href":"https:\/\/goias.gov.br\/administracao\/wp-json\/wp\/v2\/types\/page"}],"author":[{"embeddable":true,"href":"https:\/\/goias.gov.br\/administracao\/wp-json\/wp\/v2\/users\/1"}],"replies":[{"embeddable":true,"href":"https:\/\/goias.gov.br\/administracao\/wp-json\/wp\/v2\/comments?post=17645"}],"version-history":[{"count":2,"href":"https:\/\/goias.gov.br\/administracao\/wp-json\/wp\/v2\/pages\/17645\/revisions"}],"predecessor-version":[{"id":234918,"href":"https:\/\/goias.gov.br\/administracao\/wp-json\/wp\/v2\/pages\/17645\/revisions\/234918"}],"wp:attachment":[{"href":"https:\/\/goias.gov.br\/administracao\/wp-json\/wp\/v2\/media?parent=17645"}],"curies":[{"name":"wp","href":"https:\/\/api.w.org\/{rel}","templated":true}]}}