

{"id":17607,"date":"2023-10-25T15:40:56","date_gmt":"2023-10-25T18:40:56","guid":{"rendered":"https:\/\/siteshom.goias.gov.br\/administracao\/?page_id=17607"},"modified":"2026-02-25T10:09:17","modified_gmt":"2026-02-25T13:09:17","slug":"programa-de-acolhimento-ao-servidor","status":"publish","type":"page","link":"https:\/\/goias.gov.br\/administracao\/programa-de-acolhimento-ao-servidor\/","title":{"rendered":"Programa de Acolhimento ao Servidor"},"content":{"rendered":"\t\t<div data-elementor-type=\"wp-page\" data-elementor-id=\"17607\" class=\"elementor elementor-17607\">\n\t\t\t\t<div class=\"elementor-element elementor-element-f8f544d e-flex e-con-boxed e-con e-parent\" data-id=\"f8f544d\" data-element_type=\"container\" data-e-type=\"container\">\n\t\t\t\t\t<div class=\"e-con-inner\">\n\t\t\t\t<div class=\"elementor-element elementor-element-cc1a45e elementor-widget elementor-widget-shortcode\" data-id=\"cc1a45e\" data-element_type=\"widget\" data-e-type=\"widget\" data-widget_type=\"shortcode.default\">\n\t\t\t\t\t\t\t<div class=\"elementor-shortcode\"><div data-post-id=\"9900\" class=\"insert-page insert-page-9900 \"><h1 class='insert-page-title'>Programa de Acolhimento ao Servidor &#8211; PAS<\/h1><p><strong>Governo de Goi&aacute;s oferece atendimento psicol&oacute;gico on-line para servidores do Estado<\/strong><\/p>\n<p><em>Servi&ccedil;o &eacute; disponibilizado por meio do Programa de Acolhimento ao Servidor<\/em><\/p>\n<p>Os servidores do Poder Executivo Governo de Goi&aacute;s t&ecirc;m acesso ao atendimento psicossocial on-line do Programa de Acolhimento ao Servidor (PAS). O objetivo da a&ccedil;&atilde;o &eacute; a promo&ccedil;&atilde;o de um momento de escuta emp&aacute;tica e apoio emocional, com orienta&ccedil;&otilde;es que favore&ccedil;am o desenvolvimento de estrat&eacute;gias para enfrentamento de momentos dif&iacute;ceis.<\/p>\n<p>O acolhimento &eacute; conduzido por psic&oacute;logos, que garantem o sigilo &eacute;tico e privacidade, com o devido respeito &agrave;s exig&ecirc;ncias do Conselho Federal de Psicologia (CFP).<\/p>\n<p><strong>Plataformas<\/strong><\/p>\n<p>O atendimento &eacute; realizado por videoconfer&ecirc;ncia, preferencialmente por meio do Google Meet. Por&eacute;m outros canais confi&aacute;veis como o Zoom e Whatsapp podem ser utilizados.<\/p>\n<p>Caso surjam problemas t&eacute;cnicos ou dificuldades no uso das ferramentas tecnol&oacute;gicas, outros meios de comunica&ccedil;&atilde;o poder&atilde;o ser apresentados. Esses problemas dever&atilde;o ser comunicados &agrave; Central de Atendimento do PAS, pelo telefone (62) 3201-6828.<\/p>\n<p><strong>Agendamentos<\/strong><\/p>\n<p>Para agendamento e informa&ccedil;&otilde;es, entre em contato com a Central de Atendimento do PAS, pelo <a href=\"http:\/\/api.whatsapp.com\/send?phone=556283280572\">WhatsApp <\/a> ou telefone (62) 3201-6828, das 7h &agrave;s 18h, de segunda a sexta-feira.&nbsp;<\/p>\n<p>Os psic&oacute;logos atendentes estar&atilde;o dispon&iacute;veis das 7h &agrave;s 19h, de segunda a sexta-feira.<\/p>\n<p><strong>Secretaria de Estado da Administra&ccedil;&atilde;o &#8211; Governo de Goi&aacute;s<\/strong><\/p>\n<ul class='post-meta'>\n<li><span class='post-meta-key'>tpg-post-view-count:<\/span> 960<\/li>\n<\/ul>\n<\/div><\/div>\n\t\t\t\t\t\t<\/div>\n\t\t\t\t\t<\/div>\n\t\t\t\t<\/div>\n\t\t<div class=\"elementor-element elementor-element-cfc0fdf e-flex e-con-boxed e-con e-parent\" data-id=\"cfc0fdf\" data-element_type=\"container\" data-e-type=\"container\">\n\t\t\t\t\t<div class=\"e-con-inner\">\n\t\t<div class=\"elementor-element elementor-element-0b5f526 e-con-full e-flex e-con e-child\" data-id=\"0b5f526\" data-element_type=\"container\" data-e-type=\"container\">\n\t\t\t\t<div class=\"elementor-element elementor-element-2f65646 elementor-widget elementor-widget-heading\" data-id=\"2f65646\" data-element_type=\"widget\" data-e-type=\"widget\" data-widget_type=\"heading.default\">\n\t\t\t\t\t<h2 class=\"elementor-heading-title elementor-size-default\">#DicasPAS<\/h2>\t\t\t\t<\/div>\n\t\t\t\t<div class=\"elementor-element elementor-element-6cdeaaa elementor-widget elementor-widget-shortcode\" data-id=\"6cdeaaa\" data-element_type=\"widget\" data-e-type=\"widget\" data-widget_type=\"shortcode.default\">\n\t\t\t\t\t\t\t<div class=\"elementor-shortcode\"><style type='text\/css' media='all'>#rt-tpg-container-613259431 .rt-holder .rt-woo-info .price{color:#0367bf;}body .rt-tpg-container .rt-tpg-isotope-buttons .selected,\n\t\t\t\t\t#rt-tpg-container-613259431 .layout12 .rt-holder:hover .rt-detail,\n\t\t\t\t\t#rt-tpg-container-613259431 .isotope8 .rt-holder:hover .rt-detail,\n\t\t\t\t\t#rt-tpg-container-613259431 .carousel8 .rt-holder:hover .rt-detail,\n\t\t\t\t\t#rt-tpg-container-613259431 .layout13 .rt-holder .overlay .post-info,\n\t\t\t\t\t#rt-tpg-container-613259431 .isotope9 .rt-holder .overlay .post-info,\n\t\t\t\t\t#rt-tpg-container-613259431.rt-tpg-container .layout4 .rt-holder .rt-detail,\n\t\t\t\t\t.rt-modal-613259431 .md-content,\n\t\t\t\t\t.rt-modal-613259431 .md-content > .rt-md-content-holder .rt-md-content,\n\t\t\t\t\t.rt-popup-wrap-613259431.rt-popup-wrap .rt-popup-navigation-wrap,\n\t\t\t\t\t#rt-tpg-container-613259431 .carousel9 .rt-holder .overlay .post-info{background-color:#0367bf;}#rt-tpg-container-613259431 .layout5 .rt-holder .overlay, #rt-tpg-container-613259431 .isotope2 .rt-holder .overlay, #rt-tpg-container-613259431 .carousel2 .rt-holder .overlay,#rt-tpg-container-613259431 .layout15 .rt-holder h3, #rt-tpg-container-613259431 .isotope11 .rt-holder h3, #rt-tpg-container-613259431 .carousel11 .rt-holder h3, #rt-tpg-container-613259431 .layout16 .rt-holder h3,\n\t\t\t\t\t#rt-tpg-container-613259431 .isotope12 .rt-holder h3, #rt-tpg-container-613259431 .carousel12 .rt-holder h3 {background-color:rgba(3,103,191,0.8);}#rt-tpg-container-613259431 .read-more a{border-radius:px;}#rt-tpg-container-613259431 .rt-img-holder img.rt-img-responsive,#rt-tpg-container-613259431 .rt-img-holder,\n\t\t\t\t\t#rt-tpg-container-613259431 .rt-post-overlay .post-img,\n\t\t\t\t\t#rt-tpg-container-613259431 .post-sm .post-img,\n\t\t\t\t\t#rt-tpg-container-613259431 .rt-post-grid .post-img,\n\t\t\t\t\t#rt-tpg-container-613259431 .post-img img {border-radius:px;}<\/style><div class='rt-container-fluid rt-tpg-container tpg-shortcode-main-wrapper magazine' id='rt-tpg-container-613259431'   data-layout='layout1' data-grid-style='even' data-desktop-col='3'  data-tab-col='3'  data-mobile-col='3' data-sc-id='17609'><div data-title='Loading ...' class='rt-row rt-content-loader   layout1 tpg-even '><div class=\"rt-col-md-4 rt-col-sm-4 rt-col-xs-4 even-grid-item rt-grid-item\" data-id=\"10032\"><div class=\"rt-holder\"><div class=\"rt-img-holder\"><a data-id=\"10032\" class=\"\" href=\"https:\/\/goias.gov.br\/administracao\/estabeleca-limites\/\"><img fetchpriority=\"high\" decoding=\"async\" width=\"2240\" height=\"1260\" src=\"https:\/\/goias.gov.br\/administracao\/wp-content\/uploads\/sites\/27\/2020\/11\/09-11d-b52.png\" class=\"rt-img-responsive \" alt=\"\" \/><\/a><\/div><div class='rt-detail'><h3 class=\"entry-title\"><a data-id=\"10032\" class=\"\" href=\"https:\/\/goias.gov.br\/administracao\/estabeleca-limites\/\">Estabele\u00e7a limites<\/a><\/h3><\/div><\/div><\/div><div class=\"rt-col-md-4 rt-col-sm-4 rt-col-xs-4 even-grid-item rt-grid-item\" data-id=\"10030\"><div class=\"rt-holder\"><div class=\"rt-img-holder\"><a data-id=\"10030\" class=\"\" href=\"https:\/\/goias.gov.br\/administracao\/siga-em-frente\/\"><img decoding=\"async\" width=\"2240\" height=\"1260\" src=\"https:\/\/goias.gov.br\/administracao\/wp-content\/uploads\/sites\/27\/2020\/11\/09-11c-070.png\" class=\"rt-img-responsive \" alt=\"\" \/><\/a><\/div><div class='rt-detail'><h3 class=\"entry-title\"><a data-id=\"10030\" class=\"\" href=\"https:\/\/goias.gov.br\/administracao\/siga-em-frente\/\">Siga em frente<\/a><\/h3><\/div><\/div><\/div><div class=\"rt-col-md-4 rt-col-sm-4 rt-col-xs-4 even-grid-item rt-grid-item\" data-id=\"10028\"><div class=\"rt-holder\"><div class=\"rt-img-holder\"><a data-id=\"10028\" class=\"\" href=\"https:\/\/goias.gov.br\/administracao\/divirta-se\/\"><img decoding=\"async\" width=\"2240\" height=\"1260\" src=\"https:\/\/goias.gov.br\/administracao\/wp-content\/uploads\/sites\/27\/2020\/11\/09-11b-3a6.png\" class=\"rt-img-responsive \" alt=\"\" \/><\/a><\/div><div class='rt-detail'><h3 class=\"entry-title\"><a data-id=\"10028\" class=\"\" href=\"https:\/\/goias.gov.br\/administracao\/divirta-se\/\">Divirta-se<\/a><\/h3><\/div><\/div><\/div><div class=\"rt-col-md-4 rt-col-sm-4 rt-col-xs-4 even-grid-item rt-grid-item\" data-id=\"10026\"><div class=\"rt-holder\"><div class=\"rt-img-holder\"><a data-id=\"10026\" class=\"\" href=\"https:\/\/goias.gov.br\/administracao\/todas-as-respostas-entao-em-voce\/\"><img loading=\"lazy\" decoding=\"async\" width=\"2240\" height=\"1260\" src=\"https:\/\/goias.gov.br\/administracao\/wp-content\/uploads\/sites\/27\/2020\/11\/09-11A-bc0.png\" class=\"rt-img-responsive \" alt=\"\" \/><\/a><\/div><div class='rt-detail'><h3 class=\"entry-title\"><a data-id=\"10026\" class=\"\" href=\"https:\/\/goias.gov.br\/administracao\/todas-as-respostas-entao-em-voce\/\">Todas as respostas ent\u00e3o em voc\u00ea<\/a><\/h3><\/div><\/div><\/div><\/div><\/div><\/div>\n\t\t\t\t\t\t<\/div>\n\t\t\t\t<div class=\"elementor-element elementor-element-6eea476 elementor-widget elementor-widget-text-editor\" data-id=\"6eea476\" data-element_type=\"widget\" data-e-type=\"widget\" data-widget_type=\"text-editor.default\">\n\t\t\t\t\t\t\t\t\t<p><a class=\"hasTooltip\" title=\"\" href=\"https:\/\/www.administracao.go.gov.br\/pas\/dicaspas.html\" data-original-title=\"Acesse outras #DicasPas\">Acesse outras #DicasPas\u00a0<\/a><\/p>\t\t\t\t\t\t\t\t<\/div>\n\t\t\t\t<\/div>\n\t\t<div class=\"elementor-element elementor-element-f333196 e-con-full e-flex e-con e-child\" data-id=\"f333196\" data-element_type=\"container\" data-e-type=\"container\">\n\t\t\t\t<div class=\"elementor-element elementor-element-6e7e011 elementor-widget elementor-widget-heading\" data-id=\"6e7e011\" data-element_type=\"widget\" data-e-type=\"widget\" data-widget_type=\"heading.default\">\n\t\t\t\t\t<h2 class=\"elementor-heading-title elementor-size-default\">#DicasPAS<\/h2>\t\t\t\t<\/div>\n\t\t\t\t<div class=\"elementor-element elementor-element-3fc1928 elementor-widget elementor-widget-shortcode\" data-id=\"3fc1928\" data-element_type=\"widget\" data-e-type=\"widget\" data-widget_type=\"shortcode.default\">\n\t\t\t\t\t\t\t<div class=\"elementor-shortcode\"><style type='text\/css' media='all'>#rt-tpg-container-769249996 .rt-holder .rt-woo-info .price{color:#0367bf;}body .rt-tpg-container .rt-tpg-isotope-buttons .selected,\n\t\t\t\t\t#rt-tpg-container-769249996 .layout12 .rt-holder:hover .rt-detail,\n\t\t\t\t\t#rt-tpg-container-769249996 .isotope8 .rt-holder:hover .rt-detail,\n\t\t\t\t\t#rt-tpg-container-769249996 .carousel8 .rt-holder:hover .rt-detail,\n\t\t\t\t\t#rt-tpg-container-769249996 .layout13 .rt-holder .overlay .post-info,\n\t\t\t\t\t#rt-tpg-container-769249996 .isotope9 .rt-holder .overlay .post-info,\n\t\t\t\t\t#rt-tpg-container-769249996.rt-tpg-container .layout4 .rt-holder .rt-detail,\n\t\t\t\t\t.rt-modal-769249996 .md-content,\n\t\t\t\t\t.rt-modal-769249996 .md-content > .rt-md-content-holder .rt-md-content,\n\t\t\t\t\t.rt-popup-wrap-769249996.rt-popup-wrap .rt-popup-navigation-wrap,\n\t\t\t\t\t#rt-tpg-container-769249996 .carousel9 .rt-holder .overlay .post-info{background-color:#0367bf;}#rt-tpg-container-769249996 .layout5 .rt-holder .overlay, #rt-tpg-container-769249996 .isotope2 .rt-holder .overlay, #rt-tpg-container-769249996 .carousel2 .rt-holder .overlay,#rt-tpg-container-769249996 .layout15 .rt-holder h3, #rt-tpg-container-769249996 .isotope11 .rt-holder h3, #rt-tpg-container-769249996 .carousel11 .rt-holder h3, #rt-tpg-container-769249996 .layout16 .rt-holder h3,\n\t\t\t\t\t#rt-tpg-container-769249996 .isotope12 .rt-holder h3, #rt-tpg-container-769249996 .carousel12 .rt-holder h3 {background-color:rgba(3,103,191,0.8);}#rt-tpg-container-769249996 .read-more a{border-radius:px;}#rt-tpg-container-769249996 .rt-img-holder img.rt-img-responsive,#rt-tpg-container-769249996 .rt-img-holder,\n\t\t\t\t\t#rt-tpg-container-769249996 .rt-post-overlay .post-img,\n\t\t\t\t\t#rt-tpg-container-769249996 .post-sm .post-img,\n\t\t\t\t\t#rt-tpg-container-769249996 .rt-post-grid .post-img,\n\t\t\t\t\t#rt-tpg-container-769249996 .post-img img {border-radius:px;}<\/style><div class='rt-container-fluid rt-tpg-container tpg-shortcode-main-wrapper magazine' id='rt-tpg-container-769249996'   data-layout='layout1' data-grid-style='even' data-desktop-col='3'  data-tab-col='2'  data-mobile-col='1' data-sc-id='17611'><div data-title='Loading ...' class='rt-row rt-content-loader   layout1 tpg-even '><div class=\"rt-col-md-4 rt-col-sm-6 rt-col-xs-12 even-grid-item rt-grid-item\" data-id=\"10034\"><div class=\"rt-holder\"><div class=\"rt-img-holder\"><a data-id=\"10034\" class=\"\" href=\"https:\/\/goias.gov.br\/administracao\/preservar-a-vida\/\"><img loading=\"lazy\" decoding=\"async\" width=\"2240\" height=\"1260\" src=\"https:\/\/goias.gov.br\/administracao\/wp-content\/uploads\/sites\/27\/2020\/11\/09-11Live-bd6.png\" class=\"rt-img-responsive \" alt=\"\" \/><\/a><\/div><div class='rt-detail'><h3 class=\"entry-title\"><a data-id=\"10034\" class=\"\" href=\"https:\/\/goias.gov.br\/administracao\/preservar-a-vida\/\">Preservar a vida<\/a><\/h3><\/div><\/div><\/div><div class=\"rt-col-md-4 rt-col-sm-6 rt-col-xs-12 even-grid-item rt-grid-item\" data-id=\"9926\"><div class=\"rt-holder\"><div class=\"rt-img-holder\"><a data-id=\"9926\" class=\"\" href=\"https:\/\/goias.gov.br\/administracao\/a-dor-chegou-e-agora\/\"><img loading=\"lazy\" decoding=\"async\" width=\"2240\" height=\"1260\" src=\"https:\/\/goias.gov.br\/administracao\/wp-content\/uploads\/sites\/27\/2020\/09\/03-09LIVEPAS-509.png\" class=\"rt-img-responsive \" alt=\"\" \/><\/a><\/div><div class='rt-detail'><h3 class=\"entry-title\"><a data-id=\"9926\" class=\"\" href=\"https:\/\/goias.gov.br\/administracao\/a-dor-chegou-e-agora\/\">A dor chegou, e agora?<\/a><\/h3><\/div><\/div><\/div><div class=\"rt-col-md-4 rt-col-sm-6 rt-col-xs-12 even-grid-item rt-grid-item\" data-id=\"9923\"><div class=\"rt-holder\"><div class=\"rt-img-holder\"><a data-id=\"9923\" class=\"\" href=\"https:\/\/goias.gov.br\/administracao\/a-necessidade-do-amor-em-tempos-de-pandemia\/\"><img loading=\"lazy\" decoding=\"async\" width=\"2240\" height=\"1260\" src=\"https:\/\/goias.gov.br\/administracao\/wp-content\/uploads\/sites\/27\/2020\/09\/20-08LivePas-af5.png\" class=\"rt-img-responsive \" alt=\"\" \/><\/a><\/div><div class='rt-detail'><h3 class=\"entry-title\"><a data-id=\"9923\" class=\"\" href=\"https:\/\/goias.gov.br\/administracao\/a-necessidade-do-amor-em-tempos-de-pandemia\/\">A necessidade do amor em tempos de pandemia<\/a><\/h3><\/div><\/div><\/div><div class=\"rt-col-md-4 rt-col-sm-6 rt-col-xs-12 even-grid-item rt-grid-item\" data-id=\"9906\"><div class=\"rt-holder\"><div class=\"rt-img-holder\"><a data-id=\"9906\" class=\"\" href=\"https:\/\/goias.gov.br\/administracao\/live-pas-lideranca-positiva-e-o-tema-da-live-desta-quinta-feira-17\/\"><img loading=\"lazy\" decoding=\"async\" width=\"2240\" height=\"1260\" src=\"https:\/\/goias.gov.br\/administracao\/wp-content\/uploads\/sites\/27\/2020\/09\/17-09LivePasSite-42d.png\" class=\"rt-img-responsive \" alt=\"\" \/><\/a><\/div><div class='rt-detail'><h3 class=\"entry-title\"><a data-id=\"9906\" class=\"\" href=\"https:\/\/goias.gov.br\/administracao\/live-pas-lideranca-positiva-e-o-tema-da-live-desta-quinta-feira-17\/\">Lideran\u00e7a positiva<\/a><\/h3><\/div><\/div><\/div><\/div><\/div><\/div>\n\t\t\t\t\t\t<\/div>\n\t\t\t\t<div class=\"elementor-element elementor-element-3151903 elementor-widget elementor-widget-text-editor\" data-id=\"3151903\" data-element_type=\"widget\" data-e-type=\"widget\" data-widget_type=\"text-editor.default\">\n\t\t\t\t\t\t\t\t\t<p style=\"text-align: right;\"><a class=\"hasTooltip\" title=\"\" href=\"https:\/\/www.administracao.go.gov.br\/pas\/lives-pas.html\" data-original-title=\"Acesse outras #LivesPas\">Acesse outras #LivesPas\u00a0<\/a><\/p>\t\t\t\t\t\t\t\t<\/div>\n\t\t\t\t<\/div>\n\t\t\t\t\t<\/div>\n\t\t\t\t<\/div>\n\t\t<div class=\"elementor-element elementor-element-357f297 e-flex e-con-boxed e-con e-parent\" data-id=\"357f297\" data-element_type=\"container\" data-e-type=\"container\">\n\t\t\t\t\t<div class=\"e-con-inner\">\n\t\t<div class=\"elementor-element elementor-element-ff661b5 e-con-full e-flex e-con e-child\" data-id=\"ff661b5\" data-element_type=\"container\" data-e-type=\"container\">\n\t\t\t\t<div class=\"elementor-element elementor-element-9b26ae5 elementor-widget elementor-widget-heading\" data-id=\"9b26ae5\" data-element_type=\"widget\" data-e-type=\"widget\" data-widget_type=\"heading.default\">\n\t\t\t\t\t<h2 class=\"elementor-heading-title elementor-size-default\">#V\u00eddeosPAS<\/h2>\t\t\t\t<\/div>\n\t\t\t\t<div class=\"elementor-element elementor-element-ee61bee elementor-widget elementor-widget-shortcode\" data-id=\"ee61bee\" data-element_type=\"widget\" data-e-type=\"widget\" data-widget_type=\"shortcode.default\">\n\t\t\t\t\t\t\t<div class=\"elementor-shortcode\"><style type='text\/css' media='all'>#rt-tpg-container-2064097424 .rt-holder .rt-woo-info .price{color:#0367bf;}body .rt-tpg-container .rt-tpg-isotope-buttons .selected,\n\t\t\t\t\t#rt-tpg-container-2064097424 .layout12 .rt-holder:hover .rt-detail,\n\t\t\t\t\t#rt-tpg-container-2064097424 .isotope8 .rt-holder:hover .rt-detail,\n\t\t\t\t\t#rt-tpg-container-2064097424 .carousel8 .rt-holder:hover .rt-detail,\n\t\t\t\t\t#rt-tpg-container-2064097424 .layout13 .rt-holder .overlay .post-info,\n\t\t\t\t\t#rt-tpg-container-2064097424 .isotope9 .rt-holder .overlay .post-info,\n\t\t\t\t\t#rt-tpg-container-2064097424.rt-tpg-container .layout4 .rt-holder .rt-detail,\n\t\t\t\t\t.rt-modal-2064097424 .md-content,\n\t\t\t\t\t.rt-modal-2064097424 .md-content > .rt-md-content-holder .rt-md-content,\n\t\t\t\t\t.rt-popup-wrap-2064097424.rt-popup-wrap .rt-popup-navigation-wrap,\n\t\t\t\t\t#rt-tpg-container-2064097424 .carousel9 .rt-holder .overlay .post-info{background-color:#0367bf;}#rt-tpg-container-2064097424 .layout5 .rt-holder .overlay, #rt-tpg-container-2064097424 .isotope2 .rt-holder .overlay, #rt-tpg-container-2064097424 .carousel2 .rt-holder .overlay,#rt-tpg-container-2064097424 .layout15 .rt-holder h3, #rt-tpg-container-2064097424 .isotope11 .rt-holder h3, #rt-tpg-container-2064097424 .carousel11 .rt-holder h3, #rt-tpg-container-2064097424 .layout16 .rt-holder h3,\n\t\t\t\t\t#rt-tpg-container-2064097424 .isotope12 .rt-holder h3, #rt-tpg-container-2064097424 .carousel12 .rt-holder h3 {background-color:rgba(3,103,191,0.8);}#rt-tpg-container-2064097424 .read-more a{border-radius:px;}#rt-tpg-container-2064097424 .rt-img-holder img.rt-img-responsive,#rt-tpg-container-2064097424 .rt-img-holder,\n\t\t\t\t\t#rt-tpg-container-2064097424 .rt-post-overlay .post-img,\n\t\t\t\t\t#rt-tpg-container-2064097424 .post-sm .post-img,\n\t\t\t\t\t#rt-tpg-container-2064097424 .rt-post-grid .post-img,\n\t\t\t\t\t#rt-tpg-container-2064097424 .post-img img {border-radius:px;}<\/style><div class='rt-container-fluid rt-tpg-container tpg-shortcode-main-wrapper magazine' id='rt-tpg-container-2064097424'   data-layout='layout1' data-grid-style='even' data-desktop-col='3'  data-tab-col='2'  data-mobile-col='1' data-sc-id='17612'><div data-title='Loading ...' class='rt-row rt-content-loader   layout1 tpg-even '><div class=\"rt-col-md-4 rt-col-sm-6 rt-col-xs-12 even-grid-item rt-grid-item\" data-id=\"9914\"><div class=\"rt-holder\"><div class=\"rt-img-holder\"><a data-id=\"9914\" class=\"\" href=\"https:\/\/goias.gov.br\/administracao\/gerenciar-as-emocoes\/\"><img loading=\"lazy\" decoding=\"async\" width=\"2240\" height=\"1260\" src=\"https:\/\/goias.gov.br\/administracao\/wp-content\/uploads\/sites\/27\/2020\/09\/21-09C-33c.png\" class=\"rt-img-responsive \" alt=\"\" \/><\/a><\/div><div class='rt-detail'><h3 class=\"entry-title\"><a data-id=\"9914\" class=\"\" href=\"https:\/\/goias.gov.br\/administracao\/gerenciar-as-emocoes\/\">Gerenciar as emo\u00e7\u00f5es<\/a><\/h3><\/div><\/div><\/div><div class=\"rt-col-md-4 rt-col-sm-6 rt-col-xs-12 even-grid-item rt-grid-item\" data-id=\"9912\"><div class=\"rt-holder\"><div class=\"rt-img-holder\"><a data-id=\"9912\" class=\"\" href=\"https:\/\/goias.gov.br\/administracao\/fortaleca-a-empatia\/\"><img loading=\"lazy\" decoding=\"async\" width=\"2240\" height=\"1260\" src=\"https:\/\/goias.gov.br\/administracao\/wp-content\/uploads\/sites\/27\/2020\/09\/21-09BB-52d.png\" class=\"rt-img-responsive \" alt=\"\" \/><\/a><\/div><div class='rt-detail'><h3 class=\"entry-title\"><a data-id=\"9912\" class=\"\" href=\"https:\/\/goias.gov.br\/administracao\/fortaleca-a-empatia\/\">Fortale\u00e7a a empatia<\/a><\/h3><\/div><\/div><\/div><div class=\"rt-col-md-4 rt-col-sm-6 rt-col-xs-12 even-grid-item rt-grid-item\" data-id=\"9910\"><div class=\"rt-holder\"><div class=\"rt-img-holder\"><a data-id=\"9910\" class=\"\" href=\"https:\/\/goias.gov.br\/administracao\/sera-mais-uma-historia-a-qual-voce-superou\/\"><img loading=\"lazy\" decoding=\"async\" width=\"2240\" height=\"1260\" src=\"https:\/\/goias.gov.br\/administracao\/wp-content\/uploads\/sites\/27\/2020\/09\/21-09AA-93e.png\" class=\"rt-img-responsive \" alt=\"\" \/><\/a><\/div><div class='rt-detail'><h3 class=\"entry-title\"><a data-id=\"9910\" class=\"\" href=\"https:\/\/goias.gov.br\/administracao\/sera-mais-uma-historia-a-qual-voce-superou\/\">Ser\u00e1  mais uma hist\u00f3ria que voc\u00ea superou<\/a><\/h3><\/div><\/div><\/div><div class=\"rt-col-md-4 rt-col-sm-6 rt-col-xs-12 even-grid-item rt-grid-item\" data-id=\"9908\"><div class=\"rt-holder\"><div class=\"rt-img-holder\"><a data-id=\"9908\" class=\"\" href=\"https:\/\/goias.gov.br\/administracao\/a-emocao-chamada-ansiedade\/\"><img loading=\"lazy\" decoding=\"async\" width=\"2240\" height=\"1260\" src=\"https:\/\/goias.gov.br\/administracao\/wp-content\/uploads\/sites\/27\/2020\/09\/21-09VideoPas-2f5.png\" class=\"rt-img-responsive \" alt=\"\" \/><\/a><\/div><div class='rt-detail'><h3 class=\"entry-title\"><a data-id=\"9908\" class=\"\" href=\"https:\/\/goias.gov.br\/administracao\/a-emocao-chamada-ansiedade\/\">A emo\u00e7\u00e3o chamada ansiedade<\/a><\/h3><\/div><\/div><\/div><\/div><\/div><\/div>\n\t\t\t\t\t\t<\/div>\n\t\t\t\t<div class=\"elementor-element elementor-element-51d2480 elementor-widget elementor-widget-text-editor\" data-id=\"51d2480\" data-element_type=\"widget\" data-e-type=\"widget\" data-widget_type=\"text-editor.default\">\n\t\t\t\t\t\t\t\t\t<p><a class=\"hasTooltip\" title=\"\" href=\"https:\/\/www.administracao.go.gov.br\/pas\/video-pas.html\" data-original-title=\"Acesse outras #V\u00eddeoPas\">Acesse outras #V\u00eddeoPas\u00a0<\/a><\/p>\t\t\t\t\t\t\t\t<\/div>\n\t\t\t\t<\/div>\n\t\t\t\t\t<\/div>\n\t\t\t\t<\/div>\n\t\t\t\t<\/div>\n\t\t","protected":false},"excerpt":{"rendered":"<p>#DicasPAS Acesse outras #DicasPas\u00a0 #DicasPAS Acesse outras #LivesPas\u00a0 #V\u00eddeosPAS Acesse outras #V\u00eddeoPas\u00a0<\/p>\n","protected":false},"author":1,"featured_media":0,"parent":0,"menu_order":0,"comment_status":"closed","ping_status":"closed","template":"","meta":{"footnotes":""},"class_list":["post-17607","page","type-page","status-publish","hentry"],"rttpg_featured_image_url":null,"rttpg_author":{"display_name":"wagner.viana","author_link":"https:\/\/goias.gov.br\/administracao\/author\/wagner-viana\/"},"rttpg_comment":0,"rttpg_category":"","rttpg_excerpt":"#DicasPAS Acesse outras #DicasPas\u00a0 #DicasPAS Acesse outras #LivesPas\u00a0 #V\u00eddeosPAS Acesse outras #V\u00eddeoPas\u00a0","_links":{"self":[{"href":"https:\/\/goias.gov.br\/administracao\/wp-json\/wp\/v2\/pages\/17607","targetHints":{"allow":["GET"]}}],"collection":[{"href":"https:\/\/goias.gov.br\/administracao\/wp-json\/wp\/v2\/pages"}],"about":[{"href":"https:\/\/goias.gov.br\/administracao\/wp-json\/wp\/v2\/types\/page"}],"author":[{"embeddable":true,"href":"https:\/\/goias.gov.br\/administracao\/wp-json\/wp\/v2\/users\/1"}],"replies":[{"embeddable":true,"href":"https:\/\/goias.gov.br\/administracao\/wp-json\/wp\/v2\/comments?post=17607"}],"version-history":[{"count":2,"href":"https:\/\/goias.gov.br\/administracao\/wp-json\/wp\/v2\/pages\/17607\/revisions"}],"predecessor-version":[{"id":203535,"href":"https:\/\/goias.gov.br\/administracao\/wp-json\/wp\/v2\/pages\/17607\/revisions\/203535"}],"wp:attachment":[{"href":"https:\/\/goias.gov.br\/administracao\/wp-json\/wp\/v2\/media?parent=17607"}],"curies":[{"name":"wp","href":"https:\/\/api.w.org\/{rel}","templated":true}]}}