

{"id":17585,"date":"2023-10-19T18:04:02","date_gmt":"2023-10-19T21:04:02","guid":{"rendered":"https:\/\/siteshom.goias.gov.br\/administracao\/?page_id=17585"},"modified":"2024-07-08T22:02:12","modified_gmt":"2024-07-09T01:02:12","slug":"mapa-do-site","status":"publish","type":"page","link":"https:\/\/goias.gov.br\/administracao\/mapa-do-site\/","title":{"rendered":"Mapa do Site"},"content":{"rendered":"<div id=\"custom-sitemap\" class=\"sitemap-container\"><div class='sitemap-group'><h3>A<\/h3><ul><li><a href='https:\/\/goias.gov.br\/administracao\/acesso-a\/' target='_blank'>ACESSO \u00c0 INFORMA\u00c7\u00c3O<\/a><\/li><li><a href='https:\/\/www.ovg.org.br\/site\/?page_id=65' target='_blank'>ACESSO \u00c0 INFORMA\u00c7\u00c3O ORGANIZA\u00c7\u00d5ES SOCIAIS<\/a><\/li><li><a href='https:\/\/goias.gov.br\/administracao\/acessibilidade\/' target='_blank'>ACESSIBILIDADE<\/a><\/li><li><a href='https:\/\/goias.gov.br\/administracao\/manual-do-servidor\/' target='_blank'>ACESSE O MANUAL<\/a><\/li><li><a href='https:\/\/goias.gov.br\/administracao\/auxilios\/' target='_blank'>AUXILIOS<\/a><\/li><li><a href='https:\/\/goias.gov.br\/administracao\/aposentadoria\/' target='_blank'>APOSENTADORIAS E PENS\u00d5ES<\/a><\/li><li><a href='https:\/\/portal.al.go.leg.br\/' target='_blank'>ASSEMBLEIA LEGISLATIVA DO ESTADO DE GOI\u00c1S<\/a><\/li><li><a href='https:\/\/goias.gov.br\/administracao\/agenda-de-autoridades\/' target='_blank'>AGENDA DE AUTORIDADES<\/a><\/li><li><a href='https:\/\/www.go.gov.br\/servicos\/servico\/agendar-atendimento-presencial-no-vapt-vupt' target='_blank'>AGENDAMENTO<\/a><\/li><li><a href='https:\/\/goias.gov.br\/administracao\/acordos-sem-transferencia-de-recursos\/' target='_blank'>ACORDOS SEM TRANSFER\u00caNCIA DE RECURSOS<\/a><\/li><li><a href='https:\/\/goias.gov.br\/administracao\/autoridade-de-monitoramento-de-pedidos-de-acesso-a-informacao\/' target='_blank'>AUTORIDADE DE MONITORAMENTO DE APLICA\u00c7\u00c3O DA LAI<\/a><\/li><li><a href='https:\/\/goias.gov.br\/administracao\/audiencias-publicas\/' target='_blank'>AUDI\u00caNCIAS P\u00daBLICAS<\/a><\/li><\/ul><\/div><div class='sitemap-group'><h3>B<\/h3><ul><li><a href='https:\/\/goias.gov.br\/administracao\/wp-content\/uploads\/sites\/27\/2025\/07\/PDF-1-Relatorio_de_Bens_Permanentes.pdf' target='_blank'>BENS M\u00d3VEIS<\/a><\/li><li><a href='https:\/\/www.transparencia.go.gov.br\/wp-content\/uploads\/sites\/2\/painel\/lai.php?painel=bens_imoveis&orgao=sead' target='_blank'>BENS IM\u00d3VEIS<\/a><\/li><li><a href='https:\/\/goias.gov.br\/economia\/prestacao-de-contas-de-governo\/' target='_blank'>BALAN\u00c7O GERAL DO ESTADO<\/a><\/li><\/ul><\/div><div class='sitemap-group'><h3>C<\/h3><ul><li><a href='https:\/\/www.ovg.org.br\/site\/?page_id=65' target='_blank'>CONTRATO DE GEST\u00c3O<\/a><\/li><li><a href='https:\/\/goias.gov.br\/administracao\/contatos-secretaria-de-estado-da-administracao-sead\/' target='_blank'>CONTATOS<\/a><\/li><li><a href='https:\/\/www.go.gov.br\/servicos\/servicos-por-orgao\/secretaria-de-estado-da-administracao' target='_blank'>CARTA DE SERVI\u00c7OS<\/a><\/li><li><a href='https:\/\/goias.gov.br\/administracao\/?p=4377' target='_blank'>CLUBE DE DESCONTO<\/a><\/li><li><a href='https:\/\/goias.gov.br\/administracao\/consignacoes\/' target='_blank'>CONSIGNA\u00c7\u00d5ES<\/a><\/li><li><a href='https:\/\/goias.gov.br\/administracao\/concursos-publicos-e-selecoes\/' target='_blank'>CONCURSOS E SELE\u00c7\u00d5ES<\/a><\/li><li><a href='https:\/\/legisla.casacivil.go.gov.br\/pesquisa_legislacao\/103904\/decreto-9837' target='_blank'>C\u00d3DIGO DE \u00c9TICA<\/a><\/li><li><a href='https:\/\/goias.gov.br\/controladoria' target='_blank'>CONTROLADORIA-GERAL DO ESTADO DE GOI\u00c1S<\/a><\/li><li><a href='https:\/\/goias.gov.br\/governo\/cadastro-de-autoridade\/' target='_blank'>CADASTRO DE AUTORIDADES<\/a><\/li><li><a href='https:\/\/goias.gov.br\/administracao\/competencias-2\/' target='_blank'>COMPET\u00caNCIAS<\/a><\/li><li><a href='\/administracao\/cargos-e-seus-ocupantes\/' target='_blank'>CARGOS DE SEUS OCUPANTES<\/a><\/li><li><a href='https:\/\/www.go.gov.br\/servicos\/servicos-por-orgao\/secretaria-de-estado-da-administracao' target='_blank'>CARTA DE SERVI\u00c7OS <\/a><\/li><li><a href='https:\/\/goias.gov.br\/administracao\/conselho-dos-usuarios-dos-servicos\/' target='_blank'>CONSELHOS<\/a><\/li><li><a href='https:\/\/goias.gov.br\/administracao\/convenios-recebidos\/' target='_blank'>CONV\u00caNIOS RECEBIDOS<\/a><\/li><li><a href='https:\/\/goias.gov.br\/administracao\/convenios-concedidos\/' target='_blank'>CONV\u00caNIOS CONCEDIDOS<\/a><\/li><li><a href='https:\/\/goias.gov.br\/administracao\/concursos-publicos-e-selecoes\/' target='_blank'>CONCURSOS P\u00daBLICOS<\/a><\/li><li><a href='https:\/\/www.comprasnet.go.gov.br\/' target='_blank'>COMPRASNET<\/a><\/li><li><a href='https:\/\/www.transparencia.go.gov.br\/wp-content\/uploads\/sites\/2\/painel\/lai.php?painel=contratos_detalhamento&orgao=sead' target='_blank'>CONTRATOS<\/a><\/li><li><a href='https:\/\/www.transparencia.go.gov.br\/wp-content\/uploads\/sites\/2\/painel\/lai.php?painel=contratos_emergenciais&orgao=sead' target='_blank'>CONTRATOS EMERGENCIAIS<\/a><\/li><li><a href='https:\/\/goias.gov.br\/administracao\/contratos-de-locacao-de-imoveis\/' target='_blank'>CONTRATOS DE LOCA\u00c7\u00c3O DE IM\u00d3VEIS<\/a><\/li><li><a href='https:\/\/goias.gov.br\/administracao\/classificacao-das-informacoes-sigilosas\/' target='_blank'>CLASSIFICA\u00c7\u00c3O DAS INFORMA\u00c7\u00d5ES SIGILOSAS<\/a><\/li><li><a href='https:\/\/goias.gov.br\/administracao\/consultas-publicas\/' target='_blank'>CONSULTAS P\u00daBLICAS<\/a><\/li><\/ul><\/div><div class='sitemap-group'><h3>D<\/h3><ul><li><a href='https:\/\/goias.gov.br\/administracao\/licitacoes-liquidacao-de-estatais\/' target='_blank'>DIRETORIA-EXECUTIVA DE LIQUIDA\u00c7\u00c3O DE ESTATAIS<\/a><\/li><li><a href='https:\/\/goias.gov.br\/administracao\/deveres\/' target='_blank'>DEVERES<\/a><\/li><li><a href='https:\/\/dadosabertos.go.gov.br\/' target='_blank'>DADOS ABERTOS<\/a><\/li><li><a href='https:\/\/www.go.gov.br\/servicos-digitais\/cge\/nova-ouvidoria\/nova-manifestacao\/tela-negativo?orgao=30' target='_blank'>DEN\u00daNCIAS CONTRA CORRUP\u00c7\u00c3O<\/a><\/li><li><a href='http:\/\/diariooficial.abc.go.gov.br\/' target='_blank'>DI\u00c1RIO OFICIAL<\/a><\/li><li><a href='https:\/\/dadosabertos.go.gov.br\/' target='_blank'>DADOS ABERTOS GOI\u00c1S<\/a><\/li><li><a href='https:\/\/goias.gov.br\/administracao\/doacoes-recebidas\/' target='_blank'>DOA\u00c7\u00d5ES<\/a><\/li><li><a href='https:\/\/www.transparencia.go.gov.br\/wp-content\/uploads\/sites\/2\/painel\/lai.php?painel=diarias&orgao=sead' target='_blank'>DI\u00c1RIAS<\/a><\/li><li><a href='https:\/\/dadosabertos.go.gov.br\/organization\/administracao' target='_blank'>DADOS ABERTOS DADOS ABERTOS<\/a><\/li><li><a href='https:\/\/dadosabertos.go.gov.br\/' target='_blank'>DADOS ABERTOS  GOI\u00c1S<\/a><\/li><\/ul><\/div><div class='sitemap-group'><h3>E<\/h3><ul><li><a href='https:\/\/goias.gov.br\/administracao\/escritorio-de-processos\/' target='_blank'>ESCRIT\u00d3RIO DE PROCESSOS<\/a><\/li><li><a href='https:\/\/www.administracao.go.gov.br\/noticias\/23207-a-rede-de-gestao-de-projetos-do-estado-de-goias.html' target='_blank'>ESCRIT\u00d3RIO DE PROJETOS SETORIAL<\/a><\/li><li><a href='https:\/\/goiasgovbr.sharepoint.com\/sites\/sead-gemop\/SitePages\/E-books-da-GEMOP.aspx?startedResponseCatch=true' target='_blank'>EBOOKS DA SGI\/GEMOP<\/a><\/li><li><a href='https:\/\/goias.gov.br\/administracao\/estagiarios\/' target='_blank'>ESTAGI\u00c1RIOS<\/a><\/li><li><a href='https:\/\/goias.gov.br\/administracao\/escola-de-governo\/' target='_blank'>ESCOLA DE GOVERNO<\/a><\/li><li><a href='https:\/\/goias.gov.br\/administracao\/estagio-probatorio\/' target='_blank'>EST\u00c1GIO PROBAT\u00d3RIO<\/a><\/li><li><a href='https:\/\/www.go.gov.br\/servicos-digitais\/cge\/nova-ouvidoria\/pedido-informacao-publica?orgao=30&tipo_manifestacao=7' target='_blank'>E-SIC<\/a><\/li><li><a href='https:\/\/www.go.gov.br\/servicos-digitais\/cge\/nova-ouvidoria\/pedido-informacao-publica?orgao=30&tipo_manifestacao=7' target='_blank'>E-SIC - SERVI\u00c7O ELETR\u00d4NICO DE INFORMA\u00c7\u00c3O AO CIDAD\u00c3O<\/a><\/li><li><a href='https:\/\/www.go.gov.br\/' target='_blank'>EXPRESSO GOI\u00c1S<\/a><\/li><li><a href='https:\/\/portal.go.gov.br\/' target='_blank'>EXPRESSO APLICA\u00c7\u00d5ES<\/a><\/li><li><a href='https:\/\/www.go.gov.br\/' target='_blank'>EXPRESSO SERVIDOR<\/a><\/li><li><a href='https:\/\/goias.gov.br\/administracao\/segplan-1\/' target='_blank'>ESTRUTURA ORGANIZACIONAL<\/a><\/li><li><a href='\/administracao\/lista-unidades-contatos\/' target='_blank'>ENDERE\u00c7OS, TELEFONES, E-MAILS E HOR\u00c1RIOS DE ATENDIMENTO<\/a><\/li><li><a href='https:\/\/goias.gov.br\/administracao\/emendas-parlamentares-estaduais\/' target='_blank'>EMENDAS PARLAMENTARES ESTADUAIS<\/a><\/li><li><a href='https:\/\/goias.gov.br\/administracao\/emendas-parlamentares-federais\/' target='_blank'>EMENDAS PARLAMENTARES FEDERAIS<\/a><\/li><li><a href='https:\/\/www.go.gov.br\/servicos-digitais\/cge\/nova-ouvidoria\/nova-manifestacao?orgao=30' target='_blank'>E- SIC ELETR\u00d4NICO<\/a><\/li><li><a href='https:\/\/goias.gov.br\/administracao\/lei-geral-de-protecao-de-dados-pessoais-lgpd\/' target='_blank'>ENCARREGADO PELO TRATAMENTO DOS DADOS PESSOAIS<\/a><\/li><\/ul><\/div><div class='sitemap-group'><h3>F<\/h3><ul><li><a href='https:\/\/goias.gov.br\/administracao\/cadastro-unificado-de-fornecedores-do-estado-cadfor-2\/' target='_blank'>FORNECEDORES<\/a><\/li><li><a href='https:\/\/goias.gov.br\/administracao\/fale-conosco\/' target='_blank'>FALE CONOSCO<\/a><\/li><li><a href='https:\/\/www.facebook.com\/seadgoias\/' target='_blank'>FACEBOOK<\/a><\/li><li><a href='\/administracao\/fale-conosco-do-vapt-vupt\/' target='_blank'>FALE CONOSCO<\/a><\/li><li><a href='https:\/\/www.transparencia.go.gov.br\/wp-content\/uploads\/sites\/2\/painel\/lai.php?painel=folha_de_pagamento_salarios_de_servidores_ativos&orgao=sead' target='_blank'>FOLHA DE PAGAMENTO<\/a><\/li><\/ul><\/div><div class='sitemap-group'><h3>G<\/h3><ul><li><a href='https:\/\/goias.gov.br\/administracao\/gestao-de-documentos\/' target='_blank'>GEST\u00c3O DE DOCUMENTOS<\/a><\/li><li><a href='https:\/\/goias.gov.br\/administracao\/empresas-estatais\/' target='_blank'>GOVERNAN\u00c7A DE EMPRESAS ESTATAIS<\/a><\/li><li><a href='\/administracao\/gft-gestao-da-forca-de-trabalho\/' target='_blank'>GFT \u2013 GEST\u00c3O DA FOR\u00c7A DE TRABALHO<\/a><\/li><li><a href='https:\/\/goias.gov.br\/administracao\/?page_id=66421&preview=true' target='_blank'>GEST\u00c3O DO CONHECIMENTO<\/a><\/li><li><a href='\/administracao\/govtech\/' target='_blank'>GOV TECH<\/a><\/li><li><a href='https:\/\/www.gov.br\/' target='_blank'>GOVERNO FEDERAL<\/a><\/li><li><a href='http:\/\/www.transparencia.go.gov.br\/' target='_blank'>GOI\u00c1S TRANSPAR\u00caNCIA<\/a><\/li><li><a href='https:\/\/goias.gov.br\/administracao\/governanca\/' target='_blank'>GOVERNAN\u00c7A<\/a><\/li><\/ul><\/div><div class='sitemap-group'><h3>I<\/h3><ul><li><a href='https:\/\/goias.gov.br\/administracao\/institucional\/' target='_blank'>INSTITUCIONAL<\/a><\/li><li><a href='https:\/\/goias.gov.br\/administracao\/inovacao-e-simplificacao\/' target='_blank'>INOVA\u00c7\u00c3O E SIMPLIFICA\u00c7\u00c3O<\/a><\/li><li><a href='https:\/\/goias.gov.br\/administracao\/inovacao-na-gestao-publica\/' target='_blank'>INOVA\u00c7\u00c3O NA GEST\u00c3O P\u00daBLICA<\/a><\/li><li><a href='https:\/\/www.instagram.com\/seadgoias\/' target='_blank'>INSTAGRAM<\/a><\/li><li><a href='https:\/\/goias.gov.br\/administracao\/vaptvupt\/' target='_blank'>IN\u00cdCIO<\/a><\/li><li><a href='https:\/\/www.transparencia.go.gov.br\/wp-content\/uploads\/sites\/2\/painel\/lai.php?painel=pda&orgao=sead' target='_blank'>INVENT\u00c1RIO DE DADOS<\/a><\/li><\/ul><\/div><div class='sitemap-group'><h3>J<\/h3><ul><li><a href='https:\/\/goias.gov.br\/administracao\/principais-servicos-da-desss\/' target='_blank'>JUNTA M\u00c9DICA<\/a><\/li><li><a href='https:\/\/goias.gov.br\/administracao\/julgamento-das-contas-pelo-tce-go\/' target='_blank'>JULGAMENTO DE CONTAS PELO TCE-GO<\/a><\/li><\/ul><\/div><div class='sitemap-group'><h3>L<\/h3><ul><li><a href='https:\/\/goias.gov.br\/administracao\/lei-geral-de-protecao-de-dados-pessoais-lgpd\/' target='_blank'>LGPD<\/a><\/li><li><a href='https:\/\/goias.gov.br\/administracao\/licitacoes-segplan\/' target='_blank'>LICITA\u00c7\u00d5ES SEAD<\/a><\/li><li><a href='https:\/\/goias.gov.br\/administracao\/licencas\/' target='_blank'>LICEN\u00c7AS<\/a><\/li><li><a href='https:\/\/goias.gov.br\/administracao\/legislacao-aplicavel\/' target='_blank'>LEGISLA\u00c7\u00c3O APLIC\u00c1VEL<\/a><\/li><li><a href='https:\/\/www.transparencia.go.gov.br\/wp-content\/uploads\/sites\/2\/painel\/lai.php?painel=folha_de_pagamento_salarios_de_estagiarios_ativos&orgao=sead' target='_blank'>LISTA DE ESTAGI\u00c1RIOS<\/a><\/li><li><a href='https:\/\/www.transparencia.go.gov.br\/wp-content\/uploads\/sites\/2\/painel\/lai.php?painel=licitacoes_licitacoes_concluidas&orgao=sead' target='_blank'>LICITA\u00c7\u00d5ES - COMPRASNET<\/a><\/li><li><a href='https:\/\/www.transparencia.go.gov.br\/wp-content\/uploads\/sites\/2\/painel\/lai.php?painel=licitacoes_concluidas_sislog&orgao=sead' target='_blank'>LICITA\u00c7\u00d5ES - SISLOG<\/a><\/li><li><a href='https:\/\/transparencia.go.gov.br\/fornecedores-impedidos\/' target='_blank'>LICITANTES SANCIONADOS ADMINISTRATIVAMENTE<\/a><\/li><li><a href='https:\/\/transparencia.go.gov.br\/orcamento-e-planejamento-pecas\/' target='_blank'>LDO\/LOA<\/a><\/li><li><a href='http:\/\/legisla.casacivil.go.gov.br\/api\/v2\/pesquisa\/legislacoes\/90142\/pdf' target='_blank'>LEI DE ACESSO \u00c0 INFORMA\u00c7\u00c3O ESTADUAL<\/a><\/li><\/ul><\/div><div class='sitemap-group'><h3>M<\/h3><ul><li><a href='https:\/\/goias.gov.br\/administracao\/governanca-publica\/' target='_blank'>MODELOS ORGANIZACIONAIS<\/a><\/li><li><a href='https:\/\/goias.gov.br\/administracao\/movimentacao-de-pessoal\/' target='_blank'>MOVIMENTA\u00c7\u00c3O DE PESSOAL<\/a><\/li><li><a href='https:\/\/www.mpgo.mp.br\/portal\/' target='_blank'>MINIST\u00c9RIO P\u00daBLICO DO ESTADO DE GOI\u00c1S<\/a><\/li><li><a href='https:\/\/app.powerbi.com\/view?r=eyJrIjoiMTFhMWMwNjMtYmM0Mi00NWEyLTk1NDgtYTA5YjRjODI1ZTE3IiwidCI6IjY3ZmQ0MzFjLWIyYWQtNDg2Ny04MWJjLWQ3NTYyMjBiNTZkNCJ9' target='_blank'>MONITORAMENTO DE PROGRAMAS, PROJETOS, A\u00c7\u00d5ES E ATIVIDADES<\/a><\/li><\/ul><\/div><div class='sitemap-group'><h3>N<\/h3><ul><li><a href='https:\/\/goias.gov.br\/administracao\/categoria\/noticias-novas\/' target='_blank'>NOT\u00cdCIAS<\/a><\/li><li><a href='https:\/\/goias.gov.br\/administracao\/posse-e-provimento-2\/' target='_blank'>NOMEA\u00c7\u00c3O E POSSE<\/a><\/li><\/ul><\/div><div class='sitemap-group'><h3>O<\/h3><ul><li><a href='https:\/\/goias.gov.br\/administracao\/siga-eng\/' target='_blank'>\u00d3RG\u00c3OS DO PODER EXECUTIVO<\/a><\/li><li><a href='https:\/\/www.go.gov.br\/servicos-digitais\/cge\/nova-ouvidoria?orgao=30' target='_blank'>OUVIDORIA<\/a><\/li><li><a href='https:\/\/www.go.gov.br\/servicos-digitais\/cge\/nova-ouvidoria?orgao=30' target='_blank'>OUVIDORIA SETORIAL (EXPRESSO)<\/a><\/li><li><a href='https:\/\/goias.gov.br\/administracao\/ouvidoria-setorial\/' target='_blank'>OUVIDORIA SETORIAL (PRESENCIAL)<\/a><\/li><li><a href='\/administracao\/orgaos-do-vapt-vupt\/' target='_blank'>\u00d3RG\u00c3OS<\/a><\/li><li><a href='https:\/\/www.transparencia.go.gov.br\/wp-content\/uploads\/sites\/2\/painel\/lai.php?painel=ordem_cronologica_despesas&orgao=sead' target='_blank'>ORDEM CRONOL\u00d3GICA DE PAGAMENTOS<\/a><\/li><li><a href='https:\/\/goias.gov.br\/administracao\/wp-content\/uploads\/sites\/27\/2025\/09\/em-obras-informacoes-1.pdf' target='_blank'>OBRAS\u00a0<\/a><\/li><li><a href='https:\/\/goias.gov.br\/administracao\/wp-content\/uploads\/sites\/27\/2025\/09\/em-obras-paralisadas-2.pdf' target='_blank'>OBRAS PARALISADAS<\/a><\/li><li><a href='https:\/\/goias.gov.br\/administracao\/obras-audiencias-consultas-publicas\/' target='_blank'>OBRAS - AUDI\u00caNCIAS \/ CONSULTAS P\u00daBLICAS<\/a><\/li><li><a href='https:\/\/goias.gov.br\/administracao\/ouvidoria-sead\/' target='_blank'>OUVIDORIA - ATENDIMENTO PRESENCIAL<\/a><\/li><\/ul><\/div><div class='sitemap-group'><h3>P<\/h3><ul><li><a href='https:\/\/www.economia.go.gov.br\/planejamento\/plano-plurianual.html' target='_blank'>PLANO PLURIANUAL<\/a><\/li><li><a href='https:\/\/goias.gov.br\/administracao\/promove\/' target='_blank'>PROMOVE<\/a><\/li><li><a href='https:\/\/transparencia.go.gov.br\/' target='_blank'>PORTAL DA TRANSPAR\u00caNCIA<\/a><\/li><li><a href='https:\/\/goias.gov.br\/controladoria\/programa-de-compliance-publico-do-governo-de-goias\/' target='_blank'>PCP<\/a><\/li><li><a href='https:\/\/goias.gov.br\/procuradoria\/' target='_blank'>PROCURADORIA-GERAL DO ESTADO DE GOI\u00c1S<\/a><\/li><li><a href='https:\/\/goias.gov.br\/administracao\/compliance-sead-elementor\/' target='_blank'>PROGRAMA DE COMPLIANCE P\u00daBLIC - PCP<\/a><\/li><li><a href='https:\/\/sislog.go.gov.br\/pca' target='_blank'>PCA - PLANO DE CONTRATA\u00c7\u00d5ES ANUAL<\/a><\/li><li><a href='https:\/\/www.gov.br\/pncp\/pt-br\/acesso-a-informacao\/painel-pncp-em-numeros\/pncp-em-numeros-contratacoes\/pncp-em-numeros-municipio' target='_blank'>PNCP<\/a><\/li><li><a href='https:\/\/goias.gov.br\/administracao\/parcerias-com-oscs\/' target='_blank'>PARCERIAS COM OSCS<\/a><\/li><li><a href='https:\/\/goias.gov.br\/administracao\/wp-content\/uploads\/sites\/27\/2024\/02\/Plano_Estrategico_2023-2026_SEAD.pdf' target='_blank'>PLANO ESTRAT\u00c9GICO INSTITUCIONAL<\/a><\/li><li><a href='https:\/\/ppa.go.gov.br\/' target='_blank'>PPA<\/a><\/li><li><a href='http:\/\/www.planalto.gov.br\/ccivil_03\/_ato2015-2018\/2018\/lei\/l13709.htm' target='_blank'>POL\u00cdTICA DE PRIVACIDADE E PROTE\u00c7\u00c3O DE DADOS<\/a><\/li><li><a href='https:\/\/app.powerbi.com\/view?r=eyJrIjoiNmRhN2MzZmYtMWZkMi00ODdmLWJhNGQtYTJkODcwNDJlMTU4IiwidCI6IjY3ZmQ0MzFjLWIyYWQtNDg2Ny04MWJjLWQ3NTYyMjBiNTZkNCJ9' target='_blank'>PESQUISA DE SATISFA\u00c7\u00c3O<\/a><\/li><li><a href='https:\/\/transparencia.go.gov.br\/' target='_blank'>PORTAL GOI\u00c1S TRANSPARENTE<\/a><\/li><li><a href='https:\/\/goias.gov.br\/administracao\/projetos-de-participacao-social\/' target='_blank'>PROJETOS DE PARTICIPA\u00c7\u00c3O SOCIAL<\/a><\/li><li><a href='https:\/\/goias.gov.br\/administracao\/projetos-de-inovacao-no-servico-publico\/' target='_blank'>PROJETOS DE INOVA\u00c7\u00c3O NO SERVI\u00c7O P\u00daBLICO<\/a><\/li><\/ul><\/div><div class='sitemap-group'><h3>R<\/h3><ul><li><a href='https:\/\/goias.gov.br\/administracao\/rede-gestao-de-pessoas\/' target='_blank'>REDE DE GEST\u00c3O DE PESSOAS<\/a><\/li><li><a href='https:\/\/goias.gov.br\/administracao\/reducao-de-carga-horaria\/' target='_blank'>REDU\u00c7\u00c3O DE CARGA HOR\u00c1RIA<\/a><\/li><li><a href='https:\/\/radardatransparencia.atricon.org.br\/' target='_blank'>RADAR DA TRANSPAR\u00caNCIA<\/a><\/li><li><a href='https:\/\/www.transparencia.go.gov.br\/wp-content\/uploads\/sites\/2\/painel\/lai.php?painel=receitas_estaduais&orgao=sead' target='_blank'>RECEITA ESTADUAL<\/a><\/li><li><a href='https:\/\/goias.gov.br\/administracao\/relacao-de-terceirizados\/' target='_blank'>RELA\u00c7\u00c3O DE TERCEIRIZADOS<\/a><\/li><li><a href='https:\/\/www.transparencia.go.gov.br\/wp-content\/uploads\/sites\/2\/painel\/lai.php?painel=contratos_fiscais_e_gestores&orgao=sead' target='_blank'>RELA\u00c7\u00c3O DOS FISCAIS DOS CONTRATOS<\/a><\/li><li><a href='https:\/\/goias.gov.br\/administracao\/wp-content\/uploads\/sites\/27\/2025\/07\/PDF-2-Relacao-de-Veiculo.pdf' target='_blank'>RELA\u00c7\u00c3O DE VE\u00cdCULOS<\/a><\/li><li><a href='https:\/\/goias.gov.br\/administracao\/relatorio-de-gestao-da-sead\/' target='_blank'>RELAT\u00d3RIO DE GEST\u00c3O OU ATIVIDADES<\/a><\/li><li><a href='https:\/\/transparencia.go.gov.br\/gestao-fiscal-e-governamental-rgf\/.' target='_blank'>RGF<\/a><\/li><li><a href='https:\/\/transparencia.go.gov.br\/rreo\/.' target='_blank'>RREO<\/a><\/li><li><a href='https:\/\/lookerstudio.google.com\/reporting\/e1855586-d209-4c52-b07b-463ade401b13\/page\/p_dgjq1m46bd' target='_blank'>RELAT\u00d3RIO DE RESULTADOS<\/a><\/li><li><a href='https:\/\/www.ouvidoriageral.go.gov.br\/api\/relatorio_gestao.php?tipo=7&orgao=30' target='_blank'>RELAT\u00d3RIO DE PEDIDOS DE ACESSO \u00c0 INFORMA\u00c7\u00c3O<\/a><\/li><li><a href='https:\/\/goias.gov.br\/administracao\/wp-content\/uploads\/sites\/27\/2025\/08\/PDF-3-Relatorio-de-Ouvidoria.pdf' target='_blank'>RELAT\u00d3RIO DE GEST\u00c3O DE OUVIDORIA<\/a><\/li><\/ul><\/div><div class='sitemap-group'><h3>S<\/h3><ul><li><a href='https:\/\/goias.gov.br\/administracao\/servidor\/' target='_blank'>SERVIDOR<\/a><\/li><li><a href='https:\/\/goias.gov.br\/administracao\/selecoes-internas\/' target='_blank'>SELE\u00c7\u00d5ES INTERNAS<\/a><\/li><li><a href='https:\/\/goias.gov.br\/administracao\/siga-eng\/' target='_blank'>SIGA<\/a><\/li><li><a href='https:\/\/www.go.gov.br\/unidadesvaptvupt' target='_blank'>SIC - SERVI\u00c7O DE INFORMA\u00c7\u00c3O AO CIDAD\u00c3O<\/a><\/li><li><a href='https:\/\/sei.go.gov.br\/sei\/modulos\/goias\/login-sei\/MdGoiasLoginSEI.php?acao=md_goias_login_SEI&sigla_orgao_sistema=GOVERNADORIA&sigla_sistema=SEI&infra_url=L3NlaS8=' target='_blank'>SEI GOVERNADORIA<\/a><\/li><li><a href='https:\/\/goias.gov.br\/administracao\/sobre-o-vapt-vupt\/' target='_blank'>SOBRE O VAPT VUPT<\/a><\/li><li><a href='\/administracao\/servicos-do-vapt-vupt\/' target='_blank'>SERVI\u00c7OS<\/a><\/li><li><a href='https:\/\/goias.gov.br\/administracao\/consignacoes-com-seguran\/' target='_blank'>SOBRE EMPR\u00c9STIMO CONSIGNADO<\/a><\/li><li><a href='https:\/\/goias.gov.br\/administracao\/duvidas-frequentes-sobre-pericias-medicas' target='_blank'>SOBRE PER\u00cdCIAS M\u00c9DICAS<\/a><\/li><li><a href='\/administracao\/sobre-o-vapt-vupt-2\/' target='_blank'>SOBRE VAPT VUPT<\/a><\/li><li><a href='http:\/\/go.gov.br\/perguntas-frequentes' target='_blank'>SOBRE O PORTAL EXPRESSO<\/a><\/li><li><a href='https:\/\/www.transparencia.go.gov.br\/wp-content\/uploads\/sites\/2\/painel\/lai.php?painel=empenhos&orgao=sead' target='_blank'>SEAD<\/a><\/li><li><a href='https:\/\/sislog.go.gov.br\/' target='_blank'>SISLOG<\/a><\/li><li><a href='https:\/\/www.go.gov.br\/servicos\/servico\/consultar-unidades-do-vapt-vupt' target='_blank'>SIC F\u00cdSICO - UNIDADES DO VAPT VUPT<\/a><\/li><li><a href='\/administracao\/segplan-1\/' target='_blank'>2700 - SECRETARIA DE ESTADO DA ADMINISTRA\u00c7\u00c3O (SEAD)<\/a><\/li><\/ul><\/div><div class='sitemap-group'><h3>T<\/h3><ul><li><a href='https:\/\/goias.gov.br\/administracao\/transformacao-da-gestao-publicos\/' target='_blank'>TRANSFORMA\u00c7\u00c3O P\u00daBLICA<\/a><\/li><li><a href='https:\/\/www.tjgo.jus.br\/' target='_blank'>TRIBUNAL DE JUSTI\u00c7A DO ESTADO DE GOI\u00c1S<\/a><\/li><\/ul><\/div><div class='sitemap-group'><h3>U<\/h3><ul><li><a href='\/administracao\/unidades-vapt-vupt\/' target='_blank'>UNIDADES<\/a><\/li><\/ul><\/div><\/div>\n","protected":false},"excerpt":{"rendered":"","protected":false},"author":1,"featured_media":0,"parent":0,"menu_order":0,"comment_status":"closed","ping_status":"closed","template":"","meta":{"footnotes":""},"class_list":["post-17585","page","type-page","status-publish","hentry"],"rttpg_featured_image_url":null,"rttpg_author":{"display_name":"wagner.viana","author_link":"https:\/\/goias.gov.br\/administracao\/author\/wagner-viana\/"},"rttpg_comment":0,"rttpg_category":null,"rttpg_excerpt":null,"_links":{"self":[{"href":"https:\/\/goias.gov.br\/administracao\/wp-json\/wp\/v2\/pages\/17585","targetHints":{"allow":["GET"]}}],"collection":[{"href":"https:\/\/goias.gov.br\/administracao\/wp-json\/wp\/v2\/pages"}],"about":[{"href":"https:\/\/goias.gov.br\/administracao\/wp-json\/wp\/v2\/types\/page"}],"author":[{"embeddable":true,"href":"https:\/\/goias.gov.br\/administracao\/wp-json\/wp\/v2\/users\/1"}],"replies":[{"embeddable":true,"href":"https:\/\/goias.gov.br\/administracao\/wp-json\/wp\/v2\/comments?post=17585"}],"version-history":[{"count":2,"href":"https:\/\/goias.gov.br\/administracao\/wp-json\/wp\/v2\/pages\/17585\/revisions"}],"predecessor-version":[{"id":22116,"href":"https:\/\/goias.gov.br\/administracao\/wp-json\/wp\/v2\/pages\/17585\/revisions\/22116"}],"wp:attachment":[{"href":"https:\/\/goias.gov.br\/administracao\/wp-json\/wp\/v2\/media?parent=17585"}],"curies":[{"name":"wp","href":"https:\/\/api.w.org\/{rel}","templated":true}]}}