

{"id":17574,"date":"2023-10-19T11:34:28","date_gmt":"2023-10-19T14:34:28","guid":{"rendered":"https:\/\/siteshom.goias.gov.br\/administracao\/?page_id=17574"},"modified":"2026-02-24T11:43:23","modified_gmt":"2026-02-24T14:43:23","slug":"institucional","status":"publish","type":"page","link":"https:\/\/goias.gov.br\/administracao\/institucional\/","title":{"rendered":"A Secretaria"},"content":{"rendered":"\t\t<div data-elementor-type=\"wp-page\" data-elementor-id=\"17574\" class=\"elementor elementor-17574\">\n\t\t\t\t<div class=\"elementor-element elementor-element-26a9350 e-flex e-con-boxed e-con e-parent\" data-id=\"26a9350\" data-element_type=\"container\" data-e-type=\"container\">\n\t\t\t\t\t<div class=\"e-con-inner\">\n\t\t\t\t<div class=\"elementor-element elementor-element-c28fd83 elementor-widget elementor-widget-shortcode\" data-id=\"c28fd83\" data-element_type=\"widget\" data-e-type=\"widget\" data-widget_type=\"shortcode.default\">\n\t\t\t\t\t\t\t<div class=\"elementor-shortcode\"><div data-post-id=\"2282\" class=\"insert-page insert-page-2282 \"><p>A Secretaria de Estado da Administra&ccedil;&atilde;o (Sead) desenvolve e executa atividades relativas &agrave; administra&ccedil;&atilde;o p&uacute;blica do poder Executivo de Goi&aacute;s e tem como miss&atilde;o planejar e supervisionar as pol&iacute;ticas de gest&atilde;o, al&eacute;m de coordenar o quadro de servidores estaduais estimulando a sua qualifica&ccedil;&atilde;o. A Sead tem como foco fortalecer as pol&iacute;ticas do Estado incentivando o desenvolvimento e a otimiza&ccedil;&atilde;o dos servi&ccedil;os p&uacute;blicos em benef&iacute;cio dos cidad&atilde;os.<\/p>\n<\/div><\/div>\n\t\t\t\t\t\t<\/div>\n\t\t\t\t\t<\/div>\n\t\t\t\t<\/div>\n\t\t<div class=\"elementor-element elementor-element-8dd6adb e-flex e-con-boxed e-con e-parent\" data-id=\"8dd6adb\" data-element_type=\"container\" data-e-type=\"container\">\n\t\t\t\t\t<div class=\"e-con-inner\">\n\t\t<div class=\"elementor-element elementor-element-fc499c2 e-con-full e-flex e-con e-child\" data-id=\"fc499c2\" data-element_type=\"container\" data-e-type=\"container\">\n\t\t\t\t<div class=\"elementor-element elementor-element-138b4ca elementor-widget elementor-widget-shortcode\" data-id=\"138b4ca\" data-element_type=\"widget\" data-e-type=\"widget\" data-widget_type=\"shortcode.default\">\n\t\t\t\t\t\t\t<div class=\"elementor-shortcode\"><div data-post-id=\"4121\" class=\"insert-page insert-page-4121 \"><h1 class='insert-page-title'>Compet\u00eancias<\/h1><p>A SEAD &eacute; o &oacute;rg&atilde;o respons&aacute;vel pela administra&ccedil;&atilde;o do patrim&ocirc;nio, liquida&ccedil;&atilde;o das empresas estatais, moderniza&ccedil;&atilde;o, desburocratiza&ccedil;&atilde;o, gest&atilde;o de pessoal e servi&ccedil;os p&uacute;blicos, forma&ccedil;&atilde;o e capacita&ccedil;&atilde;o dos servidores dos &oacute;rg&atilde;os estaduais.<\/p>\n<p>Entre as principais compet&ecirc;ncias, a SEAD &eacute; encarregada de:<\/p>\n<ul>\n<li>Administrar o patrim&ocirc;nio do Poder Executivo Estadual, inclusive: o invent&aacute;rio, o registro e o cadastro dos im&oacute;veis estaduais; a guarda e a conserva&ccedil;&atilde;o dos bens im&oacute;veis sem destino especial ou, ainda, n&atilde;o efetivamente transferidos &agrave; responsabilidade de outros &oacute;rg&atilde;os da Administra&ccedil;&atilde;o; a guarda, a cataloga&ccedil;&atilde;o e a restaura&ccedil;&atilde;o de documentos de im&oacute;veis do dom&iacute;nio do Estado e daqueles em cuja preserva&ccedil;&atilde;o haja interesse p&uacute;blico;<\/li>\n<li>Supervisionar e acompanhar as liquida&ccedil;&otilde;es de empresas estatais;<\/li>\n<li>Coordenar e executar os programas de apoio &agrave; moderniza&ccedil;&atilde;o e inova&ccedil;&atilde;o da gest&atilde;o e desburocratiza&ccedil;&atilde;o, al&eacute;m da defini&ccedil;&atilde;o das estruturas organizacionais complementares e suas altera&ccedil;&otilde;es, buscando o aumento da efetividade dos programas priorit&aacute;rios do Governo;<\/li>\n<li>Coordenar e supervisionar a gest&atilde;o de pessoal e de servi&ccedil;os p&uacute;blicos, incluindo a implementa&ccedil;&atilde;o e controle de pol&iacute;ticas salariais, cargos e despesa com pessoal, no &acirc;mbito do Poder Executivo, bem como formula&ccedil;&atilde;o e an&aacute;lise de normas de pessoal e planos de carreira;<\/li>\n<li>Promover a forma&ccedil;&atilde;o, capacita&ccedil;&atilde;o, qualifica&ccedil;&atilde;o, difus&atilde;o, inclus&atilde;o e outros processos educacionais voltados para o servi&ccedil;o p&uacute;blico, al&eacute;m de promover a&ccedil;&otilde;es voltadas &agrave; melhoria do atendimento prestado ao cidad&atilde;o;<\/li>\n<li>Realizar de concursos p&uacute;blicos e outros processos seletivos, em car&aacute;ter exclusivo, para os &oacute;rg&atilde;os e as entidades do Poder Executivo, com as exce&ccedil;&otilde;es desta Lei, e facultativo para os demais poderes, &oacute;rg&atilde;os, entidades, esferas de Governo ou institui&ccedil;&otilde;es p&uacute;blicas ou privadas;<\/li>\n<li>Planejar e coordenar as compras corporativas do Poder Executivo, al&eacute;m da fixa&ccedil;&atilde;o e implementa&ccedil;&atilde;o das diretrizes e prioridades nas &aacute;reas administrativas de suprimentos, aquisi&ccedil;&otilde;es, contratos, frotas e log&iacute;stica documental, no &acirc;mbito da administra&ccedil;&atilde;o direta, aut&aacute;rquica e funcional do Poder Executivo;<\/li>\n<li>Executar a gest&atilde;o integrada das prioridades do Governo.<\/li>\n<\/ul>\n<ul class='post-meta'>\n<li><span class='post-meta-key'>tpg-post-view-count:<\/span> 413<\/li>\n<\/ul>\n<\/div><\/div>\n\t\t\t\t\t\t<\/div>\n\t\t\t\t<div class=\"elementor-element elementor-element-e14ae01 elementor-widget elementor-widget-shortcode\" data-id=\"e14ae01\" data-element_type=\"widget\" data-e-type=\"widget\" data-widget_type=\"shortcode.default\">\n\t\t\t\t\t\t\t<div class=\"elementor-shortcode\"><div data-post-id=\"20\" class=\"insert-page insert-page-20 \"><h1 class='insert-page-title'>Canais de Atendimento<\/h1><p>O atendimento presencial acontece das <strong>08h \u00e0s 12h <\/strong>e <strong>14h \u00e0s 18h<\/strong>.<\/p>\n<p>Rua 82, n\u00ba 400 Ed. Pal\u00e1cio Pedro Ludovico Teixeira, 7\u00ba andar, Setor Central &#8211; CEP: 74.015-908 \u2013 Goi\u00e2nia-GO Telefone (62) 3201-5779<\/p>\n<p><span id=\"more-20\"><\/span><\/p>\n<hr \/>\n<p>Para informa\u00e7\u00f5es de imprensa, entre em contato com a <a href=\"https:\/\/goias.gov.br\/administracao\/comunicacao-setorial-segplan\/\">Comunica\u00e7\u00e3o Setorial<\/a>.<\/p>\n<p>Para informa\u00e7\u00f5es de telefones e endere\u00e7os das unidades, <a href=\"https:\/\/goias.gov.br\/administracao\/contatos-secretaria-de-estado-da-administracao-sead\/\">acesse a p\u00e1gina de contatos<\/a>.<\/p>\n<p><span style=\"font-size: 10.5pt;line-height: 115%;font-family: 'Open Sans','sans-serif';color: black\">Caso queria fazer algum pedido\u00a0de informa\u00e7\u00e3o, elogios ou reclama\u00e7\u00f5es,\u00a0<\/span> <a href=\"http:\/\/www.cge.go.gov.br\/ouvidoria\/\" target=\"_blank\" rel=\"noopener\">acesse o p\u00e1gina de ouvidoria da CGE<\/a>.<\/p>\n<ul class='post-meta'>\n<li><span class='post-meta-key'>tpg-post-view-count:<\/span> 278<\/li>\n<li><span class='post-meta-key'>rank_math_internal_links_processed:<\/span> 1<\/li>\n<li><span class='post-meta-key'>footnotes:<\/span> <\/li>\n<\/ul>\n<\/div><\/div>\n\t\t\t\t\t\t<\/div>\n\t\t\t\t<\/div>\n\t\t<div class=\"elementor-element elementor-element-6082fce e-con-full e-flex e-con e-child\" data-id=\"6082fce\" data-element_type=\"container\" data-e-type=\"container\">\n\t\t\t\t<div class=\"elementor-element elementor-element-5ef319b elementor-widget elementor-widget-shortcode\" data-id=\"5ef319b\" data-element_type=\"widget\" data-e-type=\"widget\" data-widget_type=\"shortcode.default\">\n\t\t\t\t\t\t\t<div class=\"elementor-shortcode\"><div data-post-id=\"2281\" class=\"insert-page insert-page-2281 \"><h1 class='insert-page-title'>Perfil do Secret\u00e1rio<\/h1>\n<figure class=\"wp-block-image size-full\"><img fetchpriority=\"high\" fetchpriority=\"high\" decoding=\"async\" width=\"1493\" height=\"1941\" src=\"https:\/\/goias.gov.br\/administracao\/wp-content\/uploads\/sites\/27\/2024\/06\/Alan.Tavares-1.png\" alt=\"\" class=\"wp-image-21504\" \/><\/figure>\n\n\n\n<p class=\"has-text-align-center\">Alan Farias Tavares<br><strong>Secret\u00e1rio da Administra\u00e7\u00e3o<\/strong><\/p>\n\n\n\n<p>Alan Farias Tavares \u00e9 procurador do Estado de Goi\u00e1s desde 2006. Antes de assumir a Sead era membro do Conselho de Supervis\u00e3o do Regime de Recupera\u00e7\u00e3o Fiscal do Estado de Goi\u00e1s, criado pelo Minist\u00e9rio da Economia.<\/p>\n\n\n\n<p>Foi Secret\u00e1rio de Estado da Casa Civil do Estado de Goi\u00e1s, entre 2020 e 2021. Foi tamb\u00e9m procurador-chefe da Procuradoria Setorial da antiga Secretaria de Estado da Fazenda (Sefaz) &#8211; atualmente Secretaria de Estado da Economia, entre 2014 e 2015, e coordenador do N\u00facleo de Execu\u00e7\u00e3o Fiscal da Procuradoria-Geral do Estado de Goi\u00e1s (PGE), entre 2009 e 2011. Na Procuradoria, atuou nas \u00e1reas trabalhista e tribut\u00e1ria, onde permaneceu de 2007 a 2018.<\/p>\n\n\n\n<p>Tem especializa\u00e7\u00e3o em Direito P\u00fablico, Direito Civil e Direito Processual Civil.<\/p>\n\n\n\n<p><a href=\"\/administracao\/agenda-de-autoridades\/\">Agenda de Autoridades<\/a><\/p>\n<ul class='post-meta'>\n<li><span class='post-meta-key'>tpg-post-view-count:<\/span> 1503<\/li>\n<li><span class='post-meta-key'>rank_math_seo_score:<\/span> 10<\/li>\n<li><span class='post-meta-key'>rank_math_internal_links_processed:<\/span> 1<\/li>\n<li><span class='post-meta-key'>ao_post_optimize:<\/span> a:6:{s:16:\"ao_post_optimize\";s:2:\"on\";s:19:\"ao_post_js_optimize\";s:2:\"on\";s:20:\"ao_post_css_optimize\";s:2:\"on\";s:12:\"ao_post_ccss\";s:2:\"on\";s:16:\"ao_post_lazyload\";s:2:\"on\";s:15:\"ao_post_preload\";s:0:\"\";}<\/li>\n<li><span class='post-meta-key'>footnotes:<\/span> <\/li>\n<li><span class='post-meta-key'>rank_math_lock_modified_date:<\/span> <\/li>\n<li><span class='post-meta-key'>rank_math_og_content_image:<\/span> a:2:{s:5:\"check\";s:32:\"ec0f7bf1c38eb868589501bf0661fdd4\";s:6:\"images\";a:1:{i:0;i:21504;}}<\/li>\n<\/ul>\n<\/div><\/div>\n\t\t\t\t\t\t<\/div>\n\t\t\t\t<\/div>\n\t\t\t\t\t<\/div>\n\t\t\t\t<\/div>\n\t\t<div class=\"elementor-element elementor-element-fa03cfa e-flex e-con-boxed e-con e-parent\" data-id=\"fa03cfa\" data-element_type=\"container\" data-e-type=\"container\">\n\t\t\t\t\t<div class=\"e-con-inner\">\n\t\t\t\t<div class=\"elementor-element elementor-element-e8b6cf0 elementor-widget elementor-widget-shortcode\" data-id=\"e8b6cf0\" data-element_type=\"widget\" data-e-type=\"widget\" data-widget_type=\"shortcode.default\">\n\t\t\t\t\t\t\t<div class=\"elementor-shortcode\"><div data-post-id=\"4123\" class=\"insert-page insert-page-4123 \"><h1 class='insert-page-title'>Estrutura Organizacional<\/h1><p>A Secretaria de Estado da Administra\u00e7\u00e3o (Sead) \u00e9 dividida em tr\u00eas subsecretarias, tr\u00eas Diretorias Executivas e onze superintend\u00eancias respons\u00e1veis por planejar e coordenar as pol\u00edticas de gest\u00e3o da administra\u00e7\u00e3o p\u00fablica estadual, visando fortalecer as capacidades do Estado para a promo\u00e7\u00e3o de seu desenvolvimento sustent\u00e1vel e para o aprimoramento da entrega de resultados aos cidad\u00e3os.<\/p>\n<ul class=\"list-unidades\">\n<li>Subsecretaria de Gest\u00e3o e Desenvolvimento de Pessoas\n<ul>\n<li>Superintend\u00eancia Central\u00a0de Desenvolvimento Estrat\u00e9gico de Pessoal<\/li>\n<li>Superintend\u00eancia\u00a0Central de Gest\u00e3o de Pessoal<\/li>\n<li>Superintend\u00eancia de Recrutamento e Sele\u00e7\u00e3o<\/li>\n<\/ul>\n<\/li>\n<li>Subsecretaria\u00a0de Inova\u00e7\u00e3o da Gest\u00e3o e dos Servi\u00e7os P\u00fablicos\n<ul>\n<li>Superintend\u00eancia Central de Transforma\u00e7\u00e3o P\u00fablica<\/li>\n<li>Superintend\u00eancia de Inova\u00e7\u00e3o da Gest\u00e3o P\u00fablica<\/li>\n<li>Superintend\u00eancia da Gest\u00e3o do Atendimento ao Cidad\u00e3o<\/li>\n<\/ul>\n<\/li>\n<li>Subsecretaria de Log\u00edstica e Patrim\u00f4nio\n<ul>\n<li>Superintend\u00eancia Central do Patrim\u00f4nio Imobili\u00e1rio<\/li>\n<li>Superintend\u00eancia Central de Log\u00edstica e Patrim\u00f4nio Mobili\u00e1rio<\/li>\n<li>Superintend\u00eancia Central de Compras e Contratos<\/li>\n<\/ul>\n<\/li>\n<li>Diretoria Executiva da Liquida\u00e7\u00e3o de Estatais<\/li>\n<li>Diretoria Executiva de Sa\u00fade e Seguran\u00e7a do Servidor<\/li>\n<li>Diretoria Executiva da Escola de Governo<\/li>\n<li>Superintend\u00eancia de Gest\u00e3o Integrada<\/li>\n<li>Superintend\u00eancia de Sistemas de Informa\u00e7\u00e3o<\/li>\n<\/ul>\n<p><a href=\"https:\/\/goias.gov.br\/administracao\/wp-content\/uploads\/sites\/27\/2011\/07\/SEAD-4.pdf\">Conhe\u00e7a tamb\u00e9m o nosso organograma<\/a><\/p>\n<p><a href=\"https:\/\/goias.gov.br\/administracao\/cargos-e-seus-ocupantes\/\">Saiba quem \u00e9 quem em Cargos e seus Ocupantes<\/a><\/p>\n<p>Conhe\u00e7a tamb\u00e9m outras entidades que est\u00e3o jurisdicionadas a SEAD:<\/p>\n<ul>\n<li><span style=\"color: #808080;\">Ag\u00eancia Goiana de Regula\u00e7\u00e3o, Controle e Fiscaliza\u00e7\u00e3o de Servi\u00e7os P\u00fablicos &#8211; AGR<\/span><\/li>\n<li><span style=\"color: #808080;\">Goi\u00e1s Previd\u00eancia &#8211; GoiasPrev<\/span><\/li>\n<\/ul>\n<ul class='post-meta'>\n<li><span class='post-meta-key'>tpg-post-view-count:<\/span> 1506<\/li>\n<li><span class='post-meta-key'>footnotes:<\/span> <\/li>\n<li><span class='post-meta-key'>rank_math_internal_links_processed:<\/span> 1<\/li>\n<li><span class='post-meta-key'>rank_math_seo_score:<\/span> 11<\/li>\n<li><span class='post-meta-key'>ao_post_optimize:<\/span> a:6:{s:16:\"ao_post_optimize\";s:2:\"on\";s:19:\"ao_post_js_optimize\";s:2:\"on\";s:20:\"ao_post_css_optimize\";s:2:\"on\";s:12:\"ao_post_ccss\";s:2:\"on\";s:16:\"ao_post_lazyload\";s:2:\"on\";s:15:\"ao_post_preload\";s:0:\"\";}<\/li>\n<\/ul>\n<\/div><\/div>\n\t\t\t\t\t\t<\/div>\n\t\t\t\t\t<\/div>\n\t\t\t\t<\/div>\n\t\t\t\t<\/div>\n\t\t","protected":false},"excerpt":{"rendered":"","protected":false},"author":1,"featured_media":0,"parent":0,"menu_order":0,"comment_status":"closed","ping_status":"closed","template":"","meta":{"footnotes":""},"class_list":["post-17574","page","type-page","status-publish","hentry"],"rttpg_featured_image_url":null,"rttpg_author":{"display_name":"wagner.viana","author_link":"https:\/\/goias.gov.br\/administracao\/author\/wagner-viana\/"},"rttpg_comment":0,"rttpg_category":"","rttpg_excerpt":null,"_links":{"self":[{"href":"https:\/\/goias.gov.br\/administracao\/wp-json\/wp\/v2\/pages\/17574","targetHints":{"allow":["GET"]}}],"collection":[{"href":"https:\/\/goias.gov.br\/administracao\/wp-json\/wp\/v2\/pages"}],"about":[{"href":"https:\/\/goias.gov.br\/administracao\/wp-json\/wp\/v2\/types\/page"}],"author":[{"embeddable":true,"href":"https:\/\/goias.gov.br\/administracao\/wp-json\/wp\/v2\/users\/1"}],"replies":[{"embeddable":true,"href":"https:\/\/goias.gov.br\/administracao\/wp-json\/wp\/v2\/comments?post=17574"}],"version-history":[{"count":2,"href":"https:\/\/goias.gov.br\/administracao\/wp-json\/wp\/v2\/pages\/17574\/revisions"}],"predecessor-version":[{"id":199302,"href":"https:\/\/goias.gov.br\/administracao\/wp-json\/wp\/v2\/pages\/17574\/revisions\/199302"}],"wp:attachment":[{"href":"https:\/\/goias.gov.br\/administracao\/wp-json\/wp\/v2\/media?parent=17574"}],"curies":[{"name":"wp","href":"https:\/\/api.w.org\/{rel}","templated":true}]}}