

{"id":17572,"date":"2023-10-19T11:33:30","date_gmt":"2023-10-19T14:33:30","guid":{"rendered":"https:\/\/siteshom.goias.gov.br\/administracao\/?page_id=17572"},"modified":"2026-02-24T15:12:21","modified_gmt":"2026-02-24T18:12:21","slug":"fale-conosco","status":"publish","type":"page","link":"https:\/\/goias.gov.br\/administracao\/fale-conosco\/","title":{"rendered":"Fale Conosco"},"content":{"rendered":"\t\t<div data-elementor-type=\"wp-page\" data-elementor-id=\"17572\" class=\"elementor elementor-17572\">\n\t\t\t\t<div class=\"elementor-element elementor-element-8d2e23d e-flex e-con-boxed e-con e-parent\" data-id=\"8d2e23d\" data-element_type=\"container\" data-e-type=\"container\">\n\t\t\t\t\t<div class=\"e-con-inner\">\n\t\t<div class=\"elementor-element elementor-element-b57fb3e e-con-full e-flex e-con e-child\" data-id=\"b57fb3e\" data-element_type=\"container\" data-e-type=\"container\">\n\t\t\t\t<div class=\"elementor-element elementor-element-d9f9d8a elementor-widget elementor-widget-shortcode\" data-id=\"d9f9d8a\" data-element_type=\"widget\" data-e-type=\"widget\" data-widget_type=\"shortcode.default\">\n\t\t\t\t\t\t\t<div class=\"elementor-shortcode\">\n<div class=\"wpcf7 no-js\" id=\"wpcf7-f160957-o1\" lang=\"pt-BR\" dir=\"ltr\" data-wpcf7-id=\"160957\">\n<div class=\"screen-reader-response\"><p role=\"status\" aria-live=\"polite\" aria-atomic=\"true\"><\/p> <ul><\/ul><\/div>\n<form action=\"\/administracao\/wp-json\/wp\/v2\/pages\/17572#wpcf7-f160957-o1\" method=\"post\" class=\"wpcf7-form init\" aria-label=\"Formul\u00e1rios de contato\" novalidate=\"novalidate\" data-status=\"init\">\n<fieldset class=\"hidden-fields-container\"><input type=\"hidden\" name=\"_wpcf7\" value=\"160957\" \/><input type=\"hidden\" name=\"_wpcf7_version\" value=\"6.1.5\" \/><input type=\"hidden\" name=\"_wpcf7_locale\" value=\"pt_BR\" \/><input type=\"hidden\" name=\"_wpcf7_unit_tag\" value=\"wpcf7-f160957-o1\" \/><input type=\"hidden\" name=\"_wpcf7_container_post\" value=\"0\" \/><input type=\"hidden\" name=\"_wpcf7_posted_data_hash\" value=\"\" \/>\n<\/fieldset>\n<p><label> Nome<br \/>\n<span class=\"wpcf7-form-control-wrap\" data-name=\"your-name\"><input size=\"40\" maxlength=\"400\" class=\"wpcf7-form-control wpcf7-text wpcf7-validates-as-required\" aria-required=\"true\" aria-invalid=\"false\" value=\"\" type=\"text\" name=\"your-name\" \/><\/span> <\/label>\n<\/p>\n<p><label> E-mail<br \/>\n<span class=\"wpcf7-form-control-wrap\" data-name=\"your-email\"><input size=\"40\" maxlength=\"400\" class=\"wpcf7-form-control wpcf7-email wpcf7-validates-as-required wpcf7-text wpcf7-validates-as-email\" aria-required=\"true\" aria-invalid=\"false\" value=\"\" type=\"email\" name=\"your-email\" \/><\/span> <\/label>\n<\/p>\n<p><label> Assunto<br \/>\n<span class=\"wpcf7-form-control-wrap\" data-name=\"your-subject\"><input size=\"40\" maxlength=\"400\" class=\"wpcf7-form-control wpcf7-text wpcf7-validates-as-required\" aria-required=\"true\" aria-invalid=\"false\" value=\"\" type=\"text\" name=\"your-subject\" \/><\/span> <\/label>\n<\/p>\n<p><label> Mensagem<br \/>\n<span class=\"wpcf7-form-control-wrap\" data-name=\"your-message\"><textarea cols=\"40\" rows=\"10\" maxlength=\"2000\" class=\"wpcf7-form-control wpcf7-textarea wpcf7-validates-as-required\" aria-required=\"true\" aria-invalid=\"false\" name=\"your-message\"><\/textarea><\/span> <\/label>\n<\/p>\n<p><input class=\"wpcf7-form-control wpcf7-submit has-spinner\" type=\"submit\" value=\"Enviar\" \/>\n<\/p><div class=\"wpcf7-response-output\" aria-hidden=\"true\"><\/div>\n<\/form>\n<\/div>\n<\/div>\n\t\t\t\t\t\t<\/div>\n\t\t\t\t<\/div>\n\t\t<div class=\"elementor-element elementor-element-3a59e83 e-con-full e-flex e-con e-child\" data-id=\"3a59e83\" data-element_type=\"container\" data-e-type=\"container\">\n\t\t\t\t<div class=\"elementor-element elementor-element-b53fd03 elementor-widget elementor-widget-shortcode\" data-id=\"b53fd03\" data-element_type=\"widget\" data-e-type=\"widget\" data-widget_type=\"shortcode.default\">\n\t\t\t\t\t\t\t<div class=\"elementor-shortcode\"><div data-post-id=\"20\" class=\"insert-page insert-page-20 \"><p>O atendimento presencial acontece das <strong>08h \u00e0s 12h <\/strong>e <strong>14h \u00e0s 18h<\/strong>.<\/p>\n<p>Rua 82, n\u00ba 400 Ed. Pal\u00e1cio Pedro Ludovico Teixeira, 7\u00ba andar, Setor Central &#8211; CEP: 74.015-908 \u2013 Goi\u00e2nia-GO Telefone (62) 3201-5779<\/p>\n<p><span id=\"more-20\"><\/span><\/p>\n<hr \/>\n<p>Para informa\u00e7\u00f5es de imprensa, entre em contato com a <a href=\"https:\/\/goias.gov.br\/administracao\/comunicacao-setorial-segplan\/\">Comunica\u00e7\u00e3o Setorial<\/a>.<\/p>\n<p>Para informa\u00e7\u00f5es de telefones e endere\u00e7os das unidades, <a href=\"https:\/\/goias.gov.br\/administracao\/contatos-secretaria-de-estado-da-administracao-sead\/\">acesse a p\u00e1gina de contatos<\/a>.<\/p>\n<p><span style=\"font-size: 10.5pt;line-height: 115%;font-family: 'Open Sans','sans-serif';color: black\">Caso queria fazer algum pedido\u00a0de informa\u00e7\u00e3o, elogios ou reclama\u00e7\u00f5es,\u00a0<\/span> <a href=\"http:\/\/www.cge.go.gov.br\/ouvidoria\/\" target=\"_blank\" rel=\"noopener\">acesse o p\u00e1gina de ouvidoria da CGE<\/a>.<\/p>\n<\/div><\/div>\n\t\t\t\t\t\t<\/div>\n\t\t\t\t<\/div>\n\t\t\t\t\t<\/div>\n\t\t\t\t<\/div>\n\t\t\t\t<\/div>\n\t\t","protected":false},"excerpt":{"rendered":"","protected":false},"author":1,"featured_media":0,"parent":0,"menu_order":0,"comment_status":"closed","ping_status":"closed","template":"","meta":{"footnotes":""},"class_list":["post-17572","page","type-page","status-publish","hentry"],"rttpg_featured_image_url":null,"rttpg_author":{"display_name":"wagner.viana","author_link":"https:\/\/goias.gov.br\/administracao\/author\/wagner-viana\/"},"rttpg_comment":0,"rttpg_category":"","rttpg_excerpt":null,"_links":{"self":[{"href":"https:\/\/goias.gov.br\/administracao\/wp-json\/wp\/v2\/pages\/17572","targetHints":{"allow":["GET"]}}],"collection":[{"href":"https:\/\/goias.gov.br\/administracao\/wp-json\/wp\/v2\/pages"}],"about":[{"href":"https:\/\/goias.gov.br\/administracao\/wp-json\/wp\/v2\/types\/page"}],"author":[{"embeddable":true,"href":"https:\/\/goias.gov.br\/administracao\/wp-json\/wp\/v2\/users\/1"}],"replies":[{"embeddable":true,"href":"https:\/\/goias.gov.br\/administracao\/wp-json\/wp\/v2\/comments?post=17572"}],"version-history":[{"count":2,"href":"https:\/\/goias.gov.br\/administracao\/wp-json\/wp\/v2\/pages\/17572\/revisions"}],"predecessor-version":[{"id":200809,"href":"https:\/\/goias.gov.br\/administracao\/wp-json\/wp\/v2\/pages\/17572\/revisions\/200809"}],"wp:attachment":[{"href":"https:\/\/goias.gov.br\/administracao\/wp-json\/wp\/v2\/media?parent=17572"}],"curies":[{"name":"wp","href":"https:\/\/api.w.org\/{rel}","templated":true}]}}