

{"id":149881,"date":"2025-09-11T09:23:13","date_gmt":"2025-09-11T12:23:13","guid":{"rendered":"https:\/\/goias.gov.br\/administracao\/?page_id=149881"},"modified":"2025-09-18T13:46:58","modified_gmt":"2025-09-18T16:46:58","slug":"vaptvupt","status":"publish","type":"page","link":"https:\/\/goias.gov.br\/administracao\/vaptvupt\/","title":{"rendered":"Home Vapt Vupt"},"content":{"rendered":"\t\t<div data-elementor-type=\"wp-page\" data-elementor-id=\"149881\" class=\"elementor elementor-149881\">\n\t\t\t\t<div class=\"elementor-element elementor-element-3da489c e-flex e-con-boxed e-con e-parent\" data-id=\"3da489c\" data-element_type=\"container\" data-e-type=\"container\">\n\t\t\t\t\t<div class=\"e-con-inner\">\n\t\t\t\t<div class=\"elementor-element elementor-element-83a0fc0 elementor-widget elementor-widget-text-editor\" data-id=\"83a0fc0\" data-element_type=\"widget\" data-e-type=\"widget\" data-widget_type=\"text-editor.default\">\n\t\t\t\t\t\t\t\t\t<h3 style=\"text-align: center;\"><strong>SERVI\u00c7OS ATENDIDOS SEM AGENDAMENTO:<\/strong><\/h3><p>1 &#8211; Entrega de Carteira de Identidade (RG), Passaporte da Pol\u00edcia Federal e CNH e PID (confirmar se a CNH\/PID est\u00e1 dispon\u00edvel para entrega atrav\u00e9s do Disque Detran 154 (capital e regi\u00e3o metropolitana) e 62 3269-8800 (interior).<\/p><p>2 &#8211; Intermedia\u00e7\u00e3o de m\u00e3o de obra (vaga de emprego).<\/p><p>3 &#8211; Expresso Balc\u00e3o (Agendamento de vistoria veicular, Cadastro e Consulta de Bolsa Universit\u00e1ria, Registro de Ocorr\u00eancia na Delegacia Virtual, Emiss\u00e3o de Atestado de Antecedentes Criminais, GOIASPREV \u2013 recadastramento de aposentados \/ pensionistas, Posse de servidor e Protocolo (Unidade Pra\u00e7a C\u00edvica) e Emiss\u00e3o de Contracheques e Comprovante de Rendimentos).<\/p><p>4 &#8211; Pedido de acesso \u00e0 informa\u00e7\u00e3o \u2013 LAI.<\/p><p>5 &#8211; Servi\u00e7os Municipais (nas unidades onde houver atendimento), exceto a Prefeitura de Aparecida de Goi\u00e2nia, que possui atendimento agendado.<\/p><p>6 &#8211; Carteira de Identidade Emergencial &#8211; S\u00e3o consideradas urg\u00eancias para requerimento emergencial, devendo ser devidamente comprovadas, apenas as solicita\u00e7\u00f5es em que o requerente necessite do RG em um prazo inferior \u00e0 30 dias, e somente pelos seguintes motivos: Certames p\u00fablicos ou particulares, inscri\u00e7\u00e3o em eventos esportivos (apresentar a Inscri\u00e7\u00e3o); Matr\u00edcula escolar (apresentar documento da institui\u00e7\u00e3o de ensino que informe que \u00e9 necess\u00e1rio apresentar a carteira de identidade para fazer a matr\u00edcula); Vaga de Emprego (apresentar carta de institui\u00e7\u00e3o empregadora); Solicita\u00e7\u00e3o de benef\u00edcios perante \u00f3rg\u00e3os p\u00fablicos (apresentar documento do \u00f3rg\u00e3o); Viagem (apresentar passagem a\u00e9rea, terrestre, reserva de hotel e outros); Solicita\u00e7\u00e3o de exames, cirurgias ou demais casos de sa\u00fade (apresentar a documenta\u00e7\u00e3o que comprove a solicita\u00e7\u00e3o); Abertura de conta (apresentar documento do banco); Requerimento do passaporte (apresentar o agendamento do passaporte).<\/p><p>7 &#8211; Correspondente Banc\u00e1rio da Caixa Econ\u00f4mica Federal.<\/p>\t\t\t\t\t\t\t\t<\/div>\n\t\t\t\t\t<\/div>\n\t\t\t\t<\/div>\n\t\t<div class=\"elementor-element elementor-element-8ff8f96 e-flex e-con-boxed e-con e-parent\" data-id=\"8ff8f96\" data-element_type=\"container\" data-e-type=\"container\">\n\t\t\t\t\t<div class=\"e-con-inner\">\n\t\t\t\t<div class=\"elementor-element elementor-element-f8aaabc elementor-widget elementor-widget-text-editor\" data-id=\"f8aaabc\" data-element_type=\"widget\" data-e-type=\"widget\" data-widget_type=\"text-editor.default\">\n\t\t\t\t\t\t\t\t\t<p style=\"text-align: center;\"><span style=\"text-decoration: underline; color: #3366ff;\"><a style=\"color: #3366ff;\" href=\"https:\/\/goias.gov.br\/administracao\/unidades-vapt-vupt\/\"><strong>Confira nossas Unidades e hor\u00e1rios de funcionamento<\/strong><\/a><\/span><\/p>\t\t\t\t\t\t\t\t<\/div>\n\t\t\t\t\t<\/div>\n\t\t\t\t<\/div>\n\t\t<div class=\"elementor-element elementor-element-d937062 e-flex e-con-boxed e-con e-parent\" data-id=\"d937062\" data-element_type=\"container\" data-e-type=\"container\">\n\t\t\t\t\t<div class=\"e-con-inner\">\n\t\t\t\t<div class=\"elementor-element elementor-element-b6f9a47 elementor-widget elementor-widget-text-editor\" data-id=\"b6f9a47\" data-element_type=\"widget\" data-e-type=\"widget\" data-widget_type=\"text-editor.default\">\n\t\t\t\t\t\t\t\t\t<p><strong>* Havendo necessidade de comunicar fechamento de alguma unidade Vapt Vupt, nossos coordenadores entrar\u00e3o em contato pelo e-mail ou telefone informados no cadastro do agendamento.<\/strong><\/p>\t\t\t\t\t\t\t\t<\/div>\n\t\t\t\t\t<\/div>\n\t\t\t\t<\/div>\n\t\t<div class=\"elementor-element elementor-element-848a480 e-flex e-con-boxed e-con e-parent\" data-id=\"848a480\" data-element_type=\"container\" data-e-type=\"container\">\n\t\t\t\t\t<div class=\"e-con-inner\">\n\t\t<div class=\"elementor-element elementor-element-a475539 e-con-full e-flex e-con e-child\" data-id=\"a475539\" data-element_type=\"container\" data-e-type=\"container\">\n\t\t\t\t<div class=\"elementor-element elementor-element-212b9b6 elementor-view-default elementor-position-block-start elementor-mobile-position-block-start elementor-widget elementor-widget-icon-box\" data-id=\"212b9b6\" data-element_type=\"widget\" data-e-type=\"widget\" data-widget_type=\"icon-box.default\">\n\t\t\t\t\t\t\t<div class=\"elementor-icon-box-wrapper\">\n\n\t\t\t\t\t\t<div class=\"elementor-icon-box-icon\">\n\t\t\t\t<a href=\"https:\/\/www.go.gov.br\/servicos\/servico\/agendar-atendimento-presencial-no-vapt-vupt\" class=\"elementor-icon\" tabindex=\"-1\" aria-label=\"Agendamento para atendimento presencial nas Unidades Vapt Vupt\">\n\t\t\t\t<svg aria-hidden=\"true\" class=\"e-font-icon-svg e-far-calendar-alt\" viewBox=\"0 0 448 512\" xmlns=\"http:\/\/www.w3.org\/2000\/svg\"><path d=\"M148 288h-40c-6.6 0-12-5.4-12-12v-40c0-6.6 5.4-12 12-12h40c6.6 0 12 5.4 12 12v40c0 6.6-5.4 12-12 12zm108-12v-40c0-6.6-5.4-12-12-12h-40c-6.6 0-12 5.4-12 12v40c0 6.6 5.4 12 12 12h40c6.6 0 12-5.4 12-12zm96 0v-40c0-6.6-5.4-12-12-12h-40c-6.6 0-12 5.4-12 12v40c0 6.6 5.4 12 12 12h40c6.6 0 12-5.4 12-12zm-96 96v-40c0-6.6-5.4-12-12-12h-40c-6.6 0-12 5.4-12 12v40c0 6.6 5.4 12 12 12h40c6.6 0 12-5.4 12-12zm-96 0v-40c0-6.6-5.4-12-12-12h-40c-6.6 0-12 5.4-12 12v40c0 6.6 5.4 12 12 12h40c6.6 0 12-5.4 12-12zm192 0v-40c0-6.6-5.4-12-12-12h-40c-6.6 0-12 5.4-12 12v40c0 6.6 5.4 12 12 12h40c6.6 0 12-5.4 12-12zm96-260v352c0 26.5-21.5 48-48 48H48c-26.5 0-48-21.5-48-48V112c0-26.5 21.5-48 48-48h48V12c0-6.6 5.4-12 12-12h40c6.6 0 12 5.4 12 12v52h128V12c0-6.6 5.4-12 12-12h40c6.6 0 12 5.4 12 12v52h48c26.5 0 48 21.5 48 48zm-48 346V160H48v298c0 3.3 2.7 6 6 6h340c3.3 0 6-2.7 6-6z\"><\/path><\/svg>\t\t\t\t<\/a>\n\t\t\t<\/div>\n\t\t\t\n\t\t\t\t\t\t<div class=\"elementor-icon-box-content\">\n\n\t\t\t\t\t\t\t\t\t<h3 class=\"elementor-icon-box-title\">\n\t\t\t\t\t\t<a href=\"https:\/\/www.go.gov.br\/servicos\/servico\/agendar-atendimento-presencial-no-vapt-vupt\" >\n\t\t\t\t\t\t\tAgendamento para atendimento presencial nas Unidades Vapt Vupt\t\t\t\t\t\t<\/a>\n\t\t\t\t\t<\/h3>\n\t\t\t\t\n\t\t\t\t\t\t\t\t\t<p class=\"elementor-icon-box-description\">\n\t\t\t\t\t\tEvite filas agendando seu hor\u00e1rio de atendimento nas Unidades Vapt Vupt. \u00c9 pr\u00e1tico, r\u00e1pido e confi\u00e1vel e voc\u00ea ser\u00e1 atendido na hora certa.\t\t\t\t\t<\/p>\n\t\t\t\t\n\t\t\t<\/div>\n\t\t\t\n\t\t<\/div>\n\t\t\t\t\t\t<\/div>\n\t\t\t\t<\/div>\n\t\t<div class=\"elementor-element elementor-element-f174f7a e-con-full e-flex e-con e-child\" data-id=\"f174f7a\" data-element_type=\"container\" data-e-type=\"container\">\n\t\t\t\t<div class=\"elementor-element elementor-element-d1bdd21 elementor-view-default elementor-position-block-start elementor-mobile-position-block-start elementor-widget elementor-widget-icon-box\" data-id=\"d1bdd21\" data-element_type=\"widget\" data-e-type=\"widget\" data-widget_type=\"icon-box.default\">\n\t\t\t\t\t\t\t<div class=\"elementor-icon-box-wrapper\">\n\n\t\t\t\t\t\t<div class=\"elementor-icon-box-icon\">\n\t\t\t\t<a href=\"https:\/\/goias.gov.br\/administracao\/unidades-vapt-vupt\/\" class=\"elementor-icon\" tabindex=\"-1\" aria-label=\"Endere\u00e7os\">\n\t\t\t\t<svg aria-hidden=\"true\" class=\"e-font-icon-svg e-fas-map-marker-alt\" viewBox=\"0 0 384 512\" xmlns=\"http:\/\/www.w3.org\/2000\/svg\"><path d=\"M172.268 501.67C26.97 291.031 0 269.413 0 192 0 85.961 85.961 0 192 0s192 85.961 192 192c0 77.413-26.97 99.031-172.268 309.67-9.535 13.774-29.93 13.773-39.464 0zM192 272c44.183 0 80-35.817 80-80s-35.817-80-80-80-80 35.817-80 80 35.817 80 80 80z\"><\/path><\/svg>\t\t\t\t<\/a>\n\t\t\t<\/div>\n\t\t\t\n\t\t\t\t\t\t<div class=\"elementor-icon-box-content\">\n\n\t\t\t\t\t\t\t\t\t<h3 class=\"elementor-icon-box-title\">\n\t\t\t\t\t\t<a href=\"https:\/\/goias.gov.br\/administracao\/unidades-vapt-vupt\/\" >\n\t\t\t\t\t\t\tEndere\u00e7os\t\t\t\t\t\t<\/a>\n\t\t\t\t\t<\/h3>\n\t\t\t\t\n\t\t\t\t\t\t\t\t\t<p class=\"elementor-icon-box-description\">\n\t\t\t\t\t\tInforma\u00e7\u00f5es sobre as Unidades Vapt Vupt.\t\t\t\t\t<\/p>\n\t\t\t\t\n\t\t\t<\/div>\n\t\t\t\n\t\t<\/div>\n\t\t\t\t\t\t<\/div>\n\t\t\t\t<\/div>\n\t\t<div class=\"elementor-element elementor-element-308528c e-con-full e-flex e-con e-child\" data-id=\"308528c\" data-element_type=\"container\" data-e-type=\"container\">\n\t\t\t\t<div class=\"elementor-element elementor-element-a35bccf elementor-view-default elementor-position-block-start elementor-mobile-position-block-start elementor-widget elementor-widget-icon-box\" data-id=\"a35bccf\" data-element_type=\"widget\" data-e-type=\"widget\" data-widget_type=\"icon-box.default\">\n\t\t\t\t\t\t\t<div class=\"elementor-icon-box-wrapper\">\n\n\t\t\t\t\t\t<div class=\"elementor-icon-box-icon\">\n\t\t\t\t<a href=\"https:\/\/goias.gov.br\/administracao\/orgaos-do-vapt-vupt\/\" class=\"elementor-icon\" tabindex=\"-1\" aria-label=\"\u00d3rg\u00e3os e Servi\u00e7os do Vapt Vupt\">\n\t\t\t\t<svg aria-hidden=\"true\" class=\"e-font-icon-svg e-fas-building\" viewBox=\"0 0 448 512\" xmlns=\"http:\/\/www.w3.org\/2000\/svg\"><path d=\"M436 480h-20V24c0-13.255-10.745-24-24-24H56C42.745 0 32 10.745 32 24v456H12c-6.627 0-12 5.373-12 12v20h448v-20c0-6.627-5.373-12-12-12zM128 76c0-6.627 5.373-12 12-12h40c6.627 0 12 5.373 12 12v40c0 6.627-5.373 12-12 12h-40c-6.627 0-12-5.373-12-12V76zm0 96c0-6.627 5.373-12 12-12h40c6.627 0 12 5.373 12 12v40c0 6.627-5.373 12-12 12h-40c-6.627 0-12-5.373-12-12v-40zm52 148h-40c-6.627 0-12-5.373-12-12v-40c0-6.627 5.373-12 12-12h40c6.627 0 12 5.373 12 12v40c0 6.627-5.373 12-12 12zm76 160h-64v-84c0-6.627 5.373-12 12-12h40c6.627 0 12 5.373 12 12v84zm64-172c0 6.627-5.373 12-12 12h-40c-6.627 0-12-5.373-12-12v-40c0-6.627 5.373-12 12-12h40c6.627 0 12 5.373 12 12v40zm0-96c0 6.627-5.373 12-12 12h-40c-6.627 0-12-5.373-12-12v-40c0-6.627 5.373-12 12-12h40c6.627 0 12 5.373 12 12v40zm0-96c0 6.627-5.373 12-12 12h-40c-6.627 0-12-5.373-12-12V76c0-6.627 5.373-12 12-12h40c6.627 0 12 5.373 12 12v40z\"><\/path><\/svg>\t\t\t\t<\/a>\n\t\t\t<\/div>\n\t\t\t\n\t\t\t\t\t\t<div class=\"elementor-icon-box-content\">\n\n\t\t\t\t\t\t\t\t\t<h3 class=\"elementor-icon-box-title\">\n\t\t\t\t\t\t<a href=\"https:\/\/goias.gov.br\/administracao\/orgaos-do-vapt-vupt\/\" >\n\t\t\t\t\t\t\t\u00d3rg\u00e3os e Servi\u00e7os do Vapt Vupt\t\t\t\t\t\t<\/a>\n\t\t\t\t\t<\/h3>\n\t\t\t\t\n\t\t\t\t\t\t\t\t\t<p class=\"elementor-icon-box-description\">\n\t\t\t\t\t\tLista de \u00f3rg\u00e3os parceiros e servi\u00e7os oferecidos no Programa Vapt Vupt.\t\t\t\t\t<\/p>\n\t\t\t\t\n\t\t\t<\/div>\n\t\t\t\n\t\t<\/div>\n\t\t\t\t\t\t<\/div>\n\t\t\t\t<\/div>\n\t\t\t\t\t<\/div>\n\t\t\t\t<\/div>\n\t\t\t\t<\/div>\n\t\t","protected":false},"excerpt":{"rendered":"<p>SERVI\u00c7OS ATENDIDOS SEM AGENDAMENTO: 1 &#8211; Entrega de Carteira de Identidade (RG), Passaporte da Pol\u00edcia Federal e CNH e PID (confirmar se a CNH\/PID est\u00e1 dispon\u00edvel para entrega atrav\u00e9s do Disque Detran 154 (capital e regi\u00e3o metropolitana) e 62 3269-8800 (interior). 2 &#8211; Intermedia\u00e7\u00e3o de m\u00e3o de obra (vaga de emprego). 3 &#8211; Expresso Balc\u00e3o [&hellip;]<\/p>\n","protected":false},"author":727,"featured_media":0,"parent":0,"menu_order":0,"comment_status":"closed","ping_status":"closed","template":"wppb_theme_template","meta":{"footnotes":""},"class_list":["post-149881","page","type-page","status-publish","hentry"],"rttpg_featured_image_url":null,"rttpg_author":{"display_name":"moisesmendonca","author_link":"https:\/\/goias.gov.br\/administracao\/author\/moisesmendonca\/"},"rttpg_comment":0,"rttpg_category":null,"rttpg_excerpt":"SERVI\u00c7OS ATENDIDOS SEM AGENDAMENTO: 1 &#8211; Entrega de Carteira de Identidade (RG), Passaporte da Pol\u00edcia Federal e CNH e PID (confirmar se a CNH\/PID est\u00e1 dispon\u00edvel para entrega atrav\u00e9s do Disque Detran 154 (capital e regi\u00e3o metropolitana) e 62 3269-8800 (interior). 2 &#8211; Intermedia\u00e7\u00e3o de m\u00e3o de obra (vaga de emprego). 3 &#8211; Expresso Balc\u00e3o&hellip;","_links":{"self":[{"href":"https:\/\/goias.gov.br\/administracao\/wp-json\/wp\/v2\/pages\/149881","targetHints":{"allow":["GET"]}}],"collection":[{"href":"https:\/\/goias.gov.br\/administracao\/wp-json\/wp\/v2\/pages"}],"about":[{"href":"https:\/\/goias.gov.br\/administracao\/wp-json\/wp\/v2\/types\/page"}],"author":[{"embeddable":true,"href":"https:\/\/goias.gov.br\/administracao\/wp-json\/wp\/v2\/users\/727"}],"replies":[{"embeddable":true,"href":"https:\/\/goias.gov.br\/administracao\/wp-json\/wp\/v2\/comments?post=149881"}],"version-history":[{"count":2,"href":"https:\/\/goias.gov.br\/administracao\/wp-json\/wp\/v2\/pages\/149881\/revisions"}],"predecessor-version":[{"id":153253,"href":"https:\/\/goias.gov.br\/administracao\/wp-json\/wp\/v2\/pages\/149881\/revisions\/153253"}],"wp:attachment":[{"href":"https:\/\/goias.gov.br\/administracao\/wp-json\/wp\/v2\/media?parent=149881"}],"curies":[{"name":"wp","href":"https:\/\/api.w.org\/{rel}","templated":true}]}}