

{"id":106683,"date":"2025-06-09T11:02:33","date_gmt":"2025-06-09T14:02:33","guid":{"rendered":"https:\/\/goias.gov.br\/administracao\/?page_id=106683"},"modified":"2025-06-09T11:07:35","modified_gmt":"2025-06-09T14:07:35","slug":"concorrencia","status":"publish","type":"page","link":"https:\/\/goias.gov.br\/administracao\/concorrencia\/","title":{"rendered":"Concorr\u00eancia &#8211; 2025"},"content":{"rendered":"\n<p><strong>Concorr\u00eancia n\u00ba 001\/2025<\/strong><\/p>\n\n\n\n<p><strong>Objeto:<\/strong>\u00a0\u00a0Contrata\u00e7\u00e3o de empresa para implementa\u00e7\u00e3o de atendimento especializado de homologa\u00e7\u00e3o de atestados m\u00e9dicos relacionados aos transtornos mentais e comportamentais, visando assegurar a an\u00e1lise pericial especializada, no Estado de Goi\u00e1s.<\/p>\n\n\n\n<p><strong>Data de abertura:<\/strong>\u00a007\/07\/2025<\/p>\n\n\n\n<p><strong>Hor\u00e1rio:<\/strong>&nbsp;09:00 horas<\/p>\n\n\n\n<p><strong>Tipo:<\/strong>\u00a0Menor Pre\u00e7o por item<\/p>\n\n\n\n<p><a href=\"https:\/\/goias.gov.br\/administracao\/wp-content\/uploads\/sites\/27\/2025\/06\/Edital-113311.pdf\" data-type=\"link\" data-id=\"https:\/\/goias.gov.br\/administracao\/wp-content\/uploads\/sites\/27\/2025\/06\/Edital-113311.pdf\">Edital<\/a><\/p>\n\n\n\n<p><a href=\"https:\/\/goias.gov.br\/administracao\/wp-content\/uploads\/sites\/27\/2025\/06\/Minuta-contrato-113311.pdf\" data-type=\"link\" data-id=\"https:\/\/goias.gov.br\/administracao\/wp-content\/uploads\/sites\/27\/2025\/06\/Minuta-contrato-113311.pdf\">Minuta contratual<\/a><\/p>\n\n\n\n<p><a href=\"https:\/\/goias.gov.br\/administracao\/wp-content\/uploads\/sites\/27\/2025\/06\/PB-113311.pdf\" data-type=\"link\" data-id=\"https:\/\/goias.gov.br\/administracao\/wp-content\/uploads\/sites\/27\/2025\/06\/PB-113311.pdf\">Projeto b\u00e1sico<\/a><\/p>\n\n\n\n<p><\/p>\n","protected":false},"excerpt":{"rendered":"<p>Concorr\u00eancia n\u00ba 001\/2025 Objeto:\u00a0\u00a0Contrata\u00e7\u00e3o de empresa para implementa\u00e7\u00e3o de atendimento especializado de homologa\u00e7\u00e3o de atestados m\u00e9dicos relacionados aos transtornos mentais e comportamentais, visando assegurar a an\u00e1lise pericial especializada, no Estado de Goi\u00e1s. Data de abertura:\u00a007\/07\/2025 Hor\u00e1rio:&nbsp;09:00 horas Tipo:\u00a0Menor Pre\u00e7o por item Edital Minuta contratual Projeto b\u00e1sico<\/p>\n","protected":false},"author":312,"featured_media":0,"parent":0,"menu_order":0,"comment_status":"closed","ping_status":"closed","template":"","meta":{"footnotes":""},"class_list":["post-106683","page","type-page","status-publish","hentry"],"rttpg_featured_image_url":null,"rttpg_author":{"display_name":"murillossilva","author_link":"https:\/\/goias.gov.br\/administracao\/author\/murillossilva\/"},"rttpg_comment":0,"rttpg_category":null,"rttpg_excerpt":"Concorr\u00eancia n\u00ba 001\/2025 Objeto:\u00a0\u00a0Contrata\u00e7\u00e3o de empresa para implementa\u00e7\u00e3o de atendimento especializado de homologa\u00e7\u00e3o de atestados m\u00e9dicos relacionados aos transtornos mentais e comportamentais, visando assegurar a an\u00e1lise pericial especializada, no Estado de Goi\u00e1s. Data de abertura:\u00a007\/07\/2025 Hor\u00e1rio:&nbsp;09:00 horas Tipo:\u00a0Menor Pre\u00e7o por item Edital Minuta contratual Projeto b\u00e1sico","_links":{"self":[{"href":"https:\/\/goias.gov.br\/administracao\/wp-json\/wp\/v2\/pages\/106683","targetHints":{"allow":["GET"]}}],"collection":[{"href":"https:\/\/goias.gov.br\/administracao\/wp-json\/wp\/v2\/pages"}],"about":[{"href":"https:\/\/goias.gov.br\/administracao\/wp-json\/wp\/v2\/types\/page"}],"author":[{"embeddable":true,"href":"https:\/\/goias.gov.br\/administracao\/wp-json\/wp\/v2\/users\/312"}],"replies":[{"embeddable":true,"href":"https:\/\/goias.gov.br\/administracao\/wp-json\/wp\/v2\/comments?post=106683"}],"version-history":[{"count":2,"href":"https:\/\/goias.gov.br\/administracao\/wp-json\/wp\/v2\/pages\/106683\/revisions"}],"predecessor-version":[{"id":106736,"href":"https:\/\/goias.gov.br\/administracao\/wp-json\/wp\/v2\/pages\/106683\/revisions\/106736"}],"wp:attachment":[{"href":"https:\/\/goias.gov.br\/administracao\/wp-json\/wp\/v2\/media?parent=106683"}],"curies":[{"name":"wp","href":"https:\/\/api.w.org\/{rel}","templated":true}]}}