

{"id":6773,"date":"2023-10-17T15:58:18","date_gmt":"2023-10-17T18:58:18","guid":{"rendered":"https:\/\/siteshom.goias.gov.br\/abc\/?page_id=6773"},"modified":"2025-11-28T14:17:10","modified_gmt":"2025-11-28T17:17:10","slug":"radio-brasil-central","status":"publish","type":"page","link":"https:\/\/goias.gov.br\/abc\/radio-brasil-central\/","title":{"rendered":"R\u00e1dio Brasil Central"},"content":{"rendered":"\t\t<div data-elementor-type=\"wp-page\" data-elementor-id=\"6773\" class=\"elementor elementor-6773\">\n\t\t\t\t<div class=\"elementor-element elementor-element-8b21e1f e-flex e-con-boxed e-con e-parent\" data-id=\"8b21e1f\" data-element_type=\"container\" data-e-type=\"container\">\n\t\t\t\t\t<div class=\"e-con-inner\">\n\t\t<div class=\"elementor-element elementor-element-457a47e e-con-full e-flex e-con e-child\" data-id=\"457a47e\" data-element_type=\"container\" data-e-type=\"container\" data-settings=\"{&quot;background_background&quot;:&quot;classic&quot;}\">\n\t\t\t\t<div class=\"elementor-element elementor-element-bd60bee elementor-widget elementor-widget-heading\" data-id=\"bd60bee\" data-element_type=\"widget\" data-e-type=\"widget\" data-widget_type=\"heading.default\">\n\t\t\t\t\t<h3 class=\"elementor-heading-title elementor-size-default\">Segunda a Sexta<\/h3>\t\t\t\t<\/div>\n\t\t\t\t<div class=\"elementor-element elementor-element-ee1fcc2 elementor-widget elementor-widget-text-editor\" data-id=\"ee1fcc2\" data-element_type=\"widget\" data-e-type=\"widget\" data-widget_type=\"text-editor.default\">\n\t\t\t\t\t\t\t\t\t<p>00h00 &#8211; Programa\u00e7\u00e3o Musical<br \/>07h30 &#8211; O Mundo em Sua Casa<br \/>09h00 &#8211; Vem pra C\u00e1<br \/>11h00 &#8211; Programa\u00e7\u00e3o Musical<br \/>12h00 &#8211; TBC Debate<br \/>13h00 &#8211; TBC Esporte<br \/>14h00 &#8211; Brasil Sertanejo<br \/>17h00 &#8211; A\u00f4 Goi\u00e1s<br \/>19h00 &#8211; Press\u00e3o Sertaneja<br \/>21h00 &#8211; A Voz do Brasil<br \/>22h00 &#8211; Bons Tempos<\/p>\t\t\t\t\t\t\t\t<\/div>\n\t\t\t\t<\/div>\n\t\t<div class=\"elementor-element elementor-element-9ad2879 e-con-full e-flex e-con e-child\" data-id=\"9ad2879\" data-element_type=\"container\" data-e-type=\"container\" data-settings=\"{&quot;background_background&quot;:&quot;classic&quot;}\">\n\t\t\t\t<div class=\"elementor-element elementor-element-f300cb0 elementor-widget elementor-widget-heading\" data-id=\"f300cb0\" data-element_type=\"widget\" data-e-type=\"widget\" data-widget_type=\"heading.default\">\n\t\t\t\t\t<h3 class=\"elementor-heading-title elementor-size-default\">S\u00e1bado<\/h3>\t\t\t\t<\/div>\n\t\t\t\t<div class=\"elementor-element elementor-element-cccb154 elementor-widget elementor-widget-text-editor\" data-id=\"cccb154\" data-element_type=\"widget\" data-e-type=\"widget\" data-widget_type=\"text-editor.default\">\n\t\t\t\t\t\t\t\t\t<p>00h00 &#8211; Madrugada Musical<br \/>08h00 &#8211; Roberto Carlos e Convidados<br \/>11h00 &#8211; Brasil Central Sucessos<br \/>13h00 &#8211; Especial Sertanejo<br \/>22h00 &#8211; Programa\u00e7\u00e3o Musical<\/p>\t\t\t\t\t\t\t\t<\/div>\n\t\t\t\t<\/div>\n\t\t<div class=\"elementor-element elementor-element-3445501 e-con-full e-flex e-con e-child\" data-id=\"3445501\" data-element_type=\"container\" data-e-type=\"container\" data-settings=\"{&quot;background_background&quot;:&quot;classic&quot;}\">\n\t\t\t\t<div class=\"elementor-element elementor-element-d59e6a5 elementor-widget elementor-widget-heading\" data-id=\"d59e6a5\" data-element_type=\"widget\" data-e-type=\"widget\" data-widget_type=\"heading.default\">\n\t\t\t\t\t<h3 class=\"elementor-heading-title elementor-size-default\">Domingo<\/h3>\t\t\t\t<\/div>\n\t\t\t\t<div class=\"elementor-element elementor-element-d5de606 elementor-widget elementor-widget-text-editor\" data-id=\"d5de606\" data-element_type=\"widget\" data-e-type=\"widget\" data-widget_type=\"text-editor.default\">\n\t\t\t\t\t\t\t\t\t<p>00h00 &#8211; Madrugada Musical<br \/>07h00 &#8211; Goi\u00e1s Caboclo<br \/>12h00 &#8211; Especial Sertanejo<br \/>18h00 &#8211; Programa\u00e7\u00e3o Musical<br \/>22h00 &#8211; Seresta Brasil Central<\/p>\t\t\t\t\t\t\t\t<\/div>\n\t\t\t\t<\/div>\n\t\t\t\t\t<\/div>\n\t\t\t\t<\/div>\n\t\t\t\t<\/div>\n\t\t","protected":false},"excerpt":{"rendered":"<p>Segunda a Sexta 00h00 &#8211; Programa\u00e7\u00e3o Musical07h30 &#8211; O Mundo em Sua Casa09h00 &#8211; Vem pra C\u00e111h00 &#8211; Programa\u00e7\u00e3o Musical12h00 &#8211; TBC Debate13h00 &#8211; TBC Esporte14h00 &#8211; Brasil Sertanejo17h00 &#8211; A\u00f4 Goi\u00e1s19h00 &#8211; Press\u00e3o Sertaneja21h00 &#8211; A Voz do Brasil22h00 &#8211; Bons Tempos S\u00e1bado 00h00 &#8211; Madrugada Musical08h00 &#8211; Roberto Carlos e Convidados11h00 &#8211; Brasil [&hellip;]<\/p>\n","protected":false},"author":222,"featured_media":0,"parent":0,"menu_order":0,"comment_status":"closed","ping_status":"closed","template":"wppb_theme_template","meta":{"footnotes":""},"class_list":["post-6773","page","type-page","status-publish","hentry"],"rttpg_featured_image_url":null,"rttpg_author":{"display_name":"diegomsilva","author_link":"https:\/\/goias.gov.br\/abc\/author\/diegomsilva\/"},"rttpg_comment":0,"rttpg_category":null,"rttpg_excerpt":"Segunda a Sexta 00h00 &#8211; Programa\u00e7\u00e3o Musical07h30 &#8211; O Mundo em Sua Casa09h00 &#8211; Vem pra C\u00e111h00 &#8211; Programa\u00e7\u00e3o Musical12h00 &#8211; TBC Debate13h00 &#8211; TBC Esporte14h00 &#8211; Brasil Sertanejo17h00 &#8211; A\u00f4 Goi\u00e1s19h00 &#8211; Press\u00e3o Sertaneja21h00 &#8211; A Voz do Brasil22h00 &#8211; Bons Tempos S\u00e1bado 00h00 &#8211; Madrugada Musical08h00 &#8211; Roberto Carlos e Convidados11h00 &#8211; Brasil&hellip;","_links":{"self":[{"href":"https:\/\/goias.gov.br\/abc\/wp-json\/wp\/v2\/pages\/6773","targetHints":{"allow":["GET"]}}],"collection":[{"href":"https:\/\/goias.gov.br\/abc\/wp-json\/wp\/v2\/pages"}],"about":[{"href":"https:\/\/goias.gov.br\/abc\/wp-json\/wp\/v2\/types\/page"}],"author":[{"embeddable":true,"href":"https:\/\/goias.gov.br\/abc\/wp-json\/wp\/v2\/users\/222"}],"replies":[{"embeddable":true,"href":"https:\/\/goias.gov.br\/abc\/wp-json\/wp\/v2\/comments?post=6773"}],"version-history":[{"count":2,"href":"https:\/\/goias.gov.br\/abc\/wp-json\/wp\/v2\/pages\/6773\/revisions"}],"predecessor-version":[{"id":124831,"href":"https:\/\/goias.gov.br\/abc\/wp-json\/wp\/v2\/pages\/6773\/revisions\/124831"}],"wp:attachment":[{"href":"https:\/\/goias.gov.br\/abc\/wp-json\/wp\/v2\/media?parent=6773"}],"curies":[{"name":"wp","href":"https:\/\/api.w.org\/{rel}","templated":true}]}}