

{"id":6752,"date":"2023-10-17T11:45:39","date_gmt":"2023-10-17T14:45:39","guid":{"rendered":"https:\/\/siteshom.goias.gov.br\/abc\/?page_id=6752"},"modified":"2025-11-28T14:31:15","modified_gmt":"2025-11-28T17:31:15","slug":"tv-brasil-central","status":"publish","type":"page","link":"https:\/\/goias.gov.br\/abc\/tv-brasil-central\/","title":{"rendered":"TV Brasil Central"},"content":{"rendered":"\t\t<div data-elementor-type=\"wp-page\" data-elementor-id=\"6752\" class=\"elementor elementor-6752\">\n\t\t\t\t<div class=\"elementor-element elementor-element-b365af4 e-flex e-con-boxed e-con e-parent\" data-id=\"b365af4\" data-element_type=\"container\" data-e-type=\"container\">\n\t\t\t\t\t<div class=\"e-con-inner\">\n\t\t\t\t<div class=\"elementor-element elementor-element-c6dd31b elementor-widget elementor-widget-image\" data-id=\"c6dd31b\" data-element_type=\"widget\" data-e-type=\"widget\" data-widget_type=\"image.default\">\n\t\t\t\t\t\t\t\t\t\t\t\t\t\t\t\t<a href=\"https:\/\/goias.gov.br\/abc\/wp-content\/uploads\/sites\/23\/files\/stream\/tvbrasilcentral.html\" target=\"_blank\">\n\t\t\t\t\t\t\t<img fetchpriority=\"high\" decoding=\"async\" width=\"1920\" height=\"237\" src=\"https:\/\/goias.gov.br\/abc\/wp-content\/uploads\/sites\/23\/2023\/10\/Banner_TBC_AO_VIVO_ESTATICO-1.png\" class=\"attachment-full size-full wp-image-6755\" alt=\"\" srcset=\"https:\/\/goias.gov.br\/abc\/wp-content\/uploads\/sites\/23\/2023\/10\/Banner_TBC_AO_VIVO_ESTATICO-1.png 1920w, https:\/\/goias.gov.br\/abc\/wp-content\/uploads\/sites\/23\/2023\/10\/Banner_TBC_AO_VIVO_ESTATICO-1-300x37.png 300w, https:\/\/goias.gov.br\/abc\/wp-content\/uploads\/sites\/23\/2023\/10\/Banner_TBC_AO_VIVO_ESTATICO-1-1024x126.png 1024w, https:\/\/goias.gov.br\/abc\/wp-content\/uploads\/sites\/23\/2023\/10\/Banner_TBC_AO_VIVO_ESTATICO-1-768x95.png 768w, https:\/\/goias.gov.br\/abc\/wp-content\/uploads\/sites\/23\/2023\/10\/Banner_TBC_AO_VIVO_ESTATICO-1-1536x190.png 1536w\" sizes=\"(max-width: 1920px) 100vw, 1920px\" \/>\t\t\t\t\t\t\t\t<\/a>\n\t\t\t\t\t\t\t\t\t\t\t\t\t\t\t<\/div>\n\t\t\t\t\t<\/div>\n\t\t\t\t<\/div>\n\t\t<div class=\"elementor-element elementor-element-ac8956c e-flex e-con-boxed e-con e-parent\" data-id=\"ac8956c\" data-element_type=\"container\" data-e-type=\"container\">\n\t\t\t\t\t<div class=\"e-con-inner\">\n\t\t<div class=\"elementor-element elementor-element-6e814b9 e-con-full e-flex e-con e-child\" data-id=\"6e814b9\" data-element_type=\"container\" data-e-type=\"container\">\n\t\t\t\t<div class=\"elementor-element elementor-element-2f9589d elementor-widget elementor-widget-image\" data-id=\"2f9589d\" data-element_type=\"widget\" data-e-type=\"widget\" data-widget_type=\"image.default\">\n\t\t\t\t\t\t\t\t\t\t\t\t\t\t\t\t<a href=\"https:\/\/goias.gov.br\/abc\/grade-de-programacao-tbc\/\">\n\t\t\t\t\t\t\t<img decoding=\"async\" src=\"https:\/\/goias.gov.br\/abc\/wp-content\/uploads\/sites\/23\/elementor\/thumbs\/banner-grade-de-programacao-qktp2psufrp4zu0pzxk3fthq4ruilv9vumkyre5lck.jpg\" title=\"banner&#8212;grade-de-programacao\" alt=\"banner---grade-de-programacao\" loading=\"lazy\" \/>\t\t\t\t\t\t\t\t<\/a>\n\t\t\t\t\t\t\t\t\t\t\t\t\t\t\t<\/div>\n\t\t\t\t<\/div>\n\t\t<div class=\"elementor-element elementor-element-442c180 e-con-full e-flex e-con e-child\" data-id=\"442c180\" data-element_type=\"container\" data-e-type=\"container\">\n\t\t\t\t<div class=\"elementor-element elementor-element-dbe46f6 elementor-widget elementor-widget-image\" data-id=\"dbe46f6\" data-element_type=\"widget\" data-e-type=\"widget\" data-widget_type=\"image.default\">\n\t\t\t\t\t\t\t\t\t\t\t\t\t\t\t\t<a href=\"https:\/\/api.whatsapp.com\/send\/?phone=5562991095099\">\n\t\t\t\t\t\t\t<img decoding=\"async\" width=\"1024\" height=\"341\" src=\"https:\/\/goias.gov.br\/abc\/wp-content\/uploads\/sites\/23\/2024\/05\/WHATSAPP_TBC.png\" class=\"attachment-large size-large wp-image-23267\" alt=\"\" srcset=\"https:\/\/goias.gov.br\/abc\/wp-content\/uploads\/sites\/23\/2024\/05\/WHATSAPP_TBC.png 1200w, https:\/\/goias.gov.br\/abc\/wp-content\/uploads\/sites\/23\/2024\/05\/elementor\/thumbs\/WHATSAPP_TBC-qohor2891kfzpi2g12sacos1vu237zazv5j8siztpy.png 765w\" sizes=\"(max-width: 1024px) 100vw, 1024px\" \/>\t\t\t\t\t\t\t\t<\/a>\n\t\t\t\t\t\t\t\t\t\t\t\t\t\t\t<\/div>\n\t\t\t\t<\/div>\n\t\t\t\t\t<\/div>\n\t\t\t\t<\/div>\n\t\t<div class=\"elementor-element elementor-element-70c5368 e-flex e-con-boxed e-con e-parent\" data-id=\"70c5368\" data-element_type=\"container\" data-e-type=\"container\">\n\t\t\t\t\t<div class=\"e-con-inner\">\n\t\t<div class=\"elementor-element elementor-element-e50994f e-con-full e-flex e-con e-child\" data-id=\"e50994f\" data-element_type=\"container\" data-e-type=\"container\">\n\t\t\t\t<div class=\"elementor-element elementor-element-c09f9ca elementor-widget elementor-widget-image\" data-id=\"c09f9ca\" data-element_type=\"widget\" data-e-type=\"widget\" data-widget_type=\"image.default\">\n\t\t\t\t\t\t\t\t\t\t\t\t\t\t\t<img decoding=\"async\" src=\"https:\/\/goias.gov.br\/abc\/wp-content\/uploads\/sites\/23\/2025\/10\/AGROTALK.jpg\" title=\"\" alt=\"\" loading=\"lazy\" \/>\t\t\t\t\t\t\t\t\t\t\t\t\t\t\t<\/div>\n\t\t\t\t<div class=\"elementor-element elementor-element-8ac0335 elementor-widget elementor-widget-text-editor\" data-id=\"8ac0335\" data-element_type=\"widget\" data-e-type=\"widget\" data-widget_type=\"text-editor.default\">\n\t\t\t\t\t\t\t\t\t<p style=\"text-align: center;\"><span style=\"font-size: 12pt;\">Podcast do agroneg\u00f3cio que estimula a troca de saberes t\u00e9cnicos, de neg\u00f3cios e estrat\u00e9gias para o mundo agro<\/span><br \/><span style=\"font-size: 12pt;\"><strong>S\u00e1bado &#8211; 7h \/ Domingo &#8211; 18h \/ Segunda &#8211; 7h<\/strong><\/span><\/p>\t\t\t\t\t\t\t\t<\/div>\n\t\t\t\t<\/div>\n\t\t<div class=\"elementor-element elementor-element-d2712f3 e-con-full e-flex e-con e-child\" data-id=\"d2712f3\" data-element_type=\"container\" data-e-type=\"container\">\n\t\t\t\t<div class=\"elementor-element elementor-element-ea52596 elementor-widget elementor-widget-image\" data-id=\"ea52596\" data-element_type=\"widget\" data-e-type=\"widget\" data-widget_type=\"image.default\">\n\t\t\t\t\t\t\t\t\t\t\t\t\t\t\t<img decoding=\"async\" src=\"https:\/\/goias.gov.br\/abc\/wp-content\/uploads\/sites\/23\/2025\/10\/BOA_NOITE-1.jpg\" title=\"\" alt=\"\" loading=\"lazy\" \/>\t\t\t\t\t\t\t\t\t\t\t\t\t\t\t<\/div>\n\t\t\t\t<div class=\"elementor-element elementor-element-116cb25 elementor-widget elementor-widget-text-editor\" data-id=\"116cb25\" data-element_type=\"widget\" data-e-type=\"widget\" data-widget_type=\"text-editor.default\">\n\t\t\t\t\t\t\t\t\t<p style=\"text-align: center;\">\u00a0Pol\u00edtica nacional e local em pauta de forma direta, acess\u00edvel e atual, com apresenta\u00e7\u00e3o de Paulo Beringhs<br \/><span style=\"font-size: 12pt;\"><strong>Ter\u00e7a a quinta &#8211; 19h30 \/ Domingo &#8211; 22h<\/strong><\/span><\/p>\t\t\t\t\t\t\t\t<\/div>\n\t\t\t\t<\/div>\n\t\t\t\t\t<\/div>\n\t\t\t\t<\/div>\n\t\t<div class=\"elementor-element elementor-element-f37dd28 e-flex e-con-boxed e-con e-parent\" data-id=\"f37dd28\" data-element_type=\"container\" data-e-type=\"container\">\n\t\t\t\t\t<div class=\"e-con-inner\">\n\t\t<div class=\"elementor-element elementor-element-637b8a6 e-con-full e-flex e-con e-child\" data-id=\"637b8a6\" data-element_type=\"container\" data-e-type=\"container\">\n\t\t\t\t<div class=\"elementor-element elementor-element-2502976 elementor-widget elementor-widget-image\" data-id=\"2502976\" data-element_type=\"widget\" data-e-type=\"widget\" data-widget_type=\"image.default\">\n\t\t\t\t\t\t\t\t\t\t\t\t\t\t\t<img decoding=\"async\" src=\"https:\/\/goias.gov.br\/abc\/wp-content\/uploads\/sites\/23\/2025\/10\/DO_OUTRO_LADO_DA_FRONTEIRA.jpg\" title=\"\" alt=\"\" loading=\"lazy\" \/>\t\t\t\t\t\t\t\t\t\t\t\t\t\t\t<\/div>\n\t\t\t\t<div class=\"elementor-element elementor-element-f6becf6 elementor-widget elementor-widget-text-editor\" data-id=\"f6becf6\" data-element_type=\"widget\" data-e-type=\"widget\" data-widget_type=\"text-editor.default\">\n\t\t\t\t\t\t\t\t\t<p style=\"text-align: center;\">Uma an\u00e1lise aprofundada dos principais acontecimentos da pol\u00edtica internacional em um formato din\u00e2mico e opinativo<br \/><span style=\"font-size: 12pt;\"><strong>Segunda &#8211; 19h30<\/strong><\/span><\/p>\t\t\t\t\t\t\t\t<\/div>\n\t\t\t\t<\/div>\n\t\t<div class=\"elementor-element elementor-element-b6c0e4c e-con-full e-flex e-con e-child\" data-id=\"b6c0e4c\" data-element_type=\"container\" data-e-type=\"container\">\n\t\t\t\t<div class=\"elementor-element elementor-element-d290dd2 elementor-widget elementor-widget-image\" data-id=\"d290dd2\" data-element_type=\"widget\" data-e-type=\"widget\" data-widget_type=\"image.default\">\n\t\t\t\t\t\t\t\t\t\t\t\t\t\t\t<img decoding=\"async\" src=\"https:\/\/goias.gov.br\/abc\/wp-content\/uploads\/sites\/23\/2025\/10\/ESTUDIO_RBC.jpg\" title=\"\" alt=\"\" loading=\"lazy\" \/>\t\t\t\t\t\t\t\t\t\t\t\t\t\t\t<\/div>\n\t\t\t\t<div class=\"elementor-element elementor-element-e01d2f0 elementor-widget elementor-widget-text-editor\" data-id=\"e01d2f0\" data-element_type=\"widget\" data-e-type=\"widget\" data-widget_type=\"text-editor.default\">\n\t\t\t\t\t\t\t\t\t<p style=\"text-align: center;\"><span style=\"color: #000000;\">O espa\u00e7o da m\u00fasica goiana, onde artistas e hist\u00f3rias ganham destaque em entrevistas e performances especiais<\/span><br \/><span style=\"font-size: 12pt; color: #000000;\"><strong>Segunda &#8211; 16h<\/strong><\/span><\/p>\t\t\t\t\t\t\t\t<\/div>\n\t\t\t\t<\/div>\n\t\t\t\t\t<\/div>\n\t\t\t\t<\/div>\n\t\t<div class=\"elementor-element elementor-element-e238485 e-flex e-con-boxed e-con e-parent\" data-id=\"e238485\" data-element_type=\"container\" data-e-type=\"container\">\n\t\t\t\t\t<div class=\"e-con-inner\">\n\t\t<div class=\"elementor-element elementor-element-f4d6dc4 e-con-full e-flex e-con e-child\" data-id=\"f4d6dc4\" data-element_type=\"container\" data-e-type=\"container\">\n\t\t\t\t<div class=\"elementor-element elementor-element-61a40ad elementor-widget elementor-widget-image\" data-id=\"61a40ad\" data-element_type=\"widget\" data-e-type=\"widget\" data-widget_type=\"image.default\">\n\t\t\t\t\t\t\t\t\t\t\t\t\t\t\t<img decoding=\"async\" src=\"https:\/\/goias.gov.br\/abc\/wp-content\/uploads\/sites\/23\/2025\/11\/GOIAS_AGRO.jpg\" title=\"\" alt=\"\" loading=\"lazy\" \/>\t\t\t\t\t\t\t\t\t\t\t\t\t\t\t<\/div>\n\t\t\t\t<div class=\"elementor-element elementor-element-a77b086 elementor-widget elementor-widget-text-editor\" data-id=\"a77b086\" data-element_type=\"widget\" data-e-type=\"widget\" data-widget_type=\"text-editor.default\">\n\t\t\t\t\t\t\t\t\t<p style=\"text-align: center;\">Parceria da Emater Goi\u00e1s com a Brasil Central com os principais temas e tend\u00eancias do agroneg\u00f3cio goiano de forma pr\u00e1tica e acess\u00edvel<br \/><strong>Domingo &#8211; 7h \/ Ter\u00e7a &#8211; 7h \/ S\u00e1bado &#8211; 18h<\/strong><\/p>\t\t\t\t\t\t\t\t<\/div>\n\t\t\t\t<\/div>\n\t\t<div class=\"elementor-element elementor-element-952412a e-con-full e-flex e-con e-child\" data-id=\"952412a\" data-element_type=\"container\" data-e-type=\"container\">\n\t\t\t\t<div class=\"elementor-element elementor-element-5af3d4d elementor-widget elementor-widget-image\" data-id=\"5af3d4d\" data-element_type=\"widget\" data-e-type=\"widget\" data-widget_type=\"image.default\">\n\t\t\t\t\t\t\t\t\t\t\t\t\t\t\t<img decoding=\"async\" src=\"https:\/\/goias.gov.br\/abc\/wp-content\/uploads\/sites\/23\/2025\/10\/JORNAL_BRASIL_CENTRAL.jpg\" title=\"\" alt=\"\" loading=\"lazy\" \/>\t\t\t\t\t\t\t\t\t\t\t\t\t\t\t<\/div>\n\t\t\t\t<div class=\"elementor-element elementor-element-1e1a5da elementor-widget elementor-widget-text-editor\" data-id=\"1e1a5da\" data-element_type=\"widget\" data-e-type=\"widget\" data-widget_type=\"text-editor.default\">\n\t\t\t\t\t\t\t\t\t<p style=\"text-align: center;\">As principais not\u00edcias do dia, informa\u00e7\u00f5es sobre servi\u00e7os e a participa\u00e7\u00e3o do telespectador goiano<br \/><span style=\"font-size: 12pt;\"><strong>Segunda a s\u00e1bado &#8211; 12h<\/strong><\/span><\/p>\t\t\t\t\t\t\t\t<\/div>\n\t\t\t\t<\/div>\n\t\t\t\t\t<\/div>\n\t\t\t\t<\/div>\n\t\t<div class=\"elementor-element elementor-element-e11c129 e-flex e-con-boxed e-con e-parent\" data-id=\"e11c129\" data-element_type=\"container\" data-e-type=\"container\">\n\t\t\t\t\t<div class=\"e-con-inner\">\n\t\t<div class=\"elementor-element elementor-element-4e8e743 e-con-full e-flex e-con e-child\" data-id=\"4e8e743\" data-element_type=\"container\" data-e-type=\"container\">\n\t\t\t\t<div class=\"elementor-element elementor-element-220eb71 elementor-widget elementor-widget-image\" data-id=\"220eb71\" data-element_type=\"widget\" data-e-type=\"widget\" data-widget_type=\"image.default\">\n\t\t\t\t\t\t\t\t\t\t\t\t\t\t\t<img decoding=\"async\" src=\"https:\/\/goias.gov.br\/abc\/wp-content\/uploads\/sites\/23\/2025\/10\/O_MUNDO_EM_SUA_CASA.jpg\" title=\"\" alt=\"\" loading=\"lazy\" \/>\t\t\t\t\t\t\t\t\t\t\t\t\t\t\t<\/div>\n\t\t\t\t<div class=\"elementor-element elementor-element-f8d57b2 elementor-widget elementor-widget-text-editor\" data-id=\"f8d57b2\" data-element_type=\"widget\" data-e-type=\"widget\" data-widget_type=\"text-editor.default\">\n\t\t\t\t\t\t\t\t\t<p style=\"text-align: center;\">Mais de 70 anos de jornalismo com tudo o que \u00e9 destaque na imprensa local, nacional e internacional<br \/><span style=\"font-size: 12pt;\"><strong>Segunda a sexta &#8211; 8h<\/strong><\/span><\/p>\t\t\t\t\t\t\t\t<\/div>\n\t\t\t\t<\/div>\n\t\t<div class=\"elementor-element elementor-element-c0c11e3 e-con-full e-flex e-con e-child\" data-id=\"c0c11e3\" data-element_type=\"container\" data-e-type=\"container\">\n\t\t\t\t<div class=\"elementor-element elementor-element-1668a25 elementor-widget elementor-widget-image\" data-id=\"1668a25\" data-element_type=\"widget\" data-e-type=\"widget\" data-widget_type=\"image.default\">\n\t\t\t\t\t\t\t\t\t\t\t\t\t\t\t<img decoding=\"async\" src=\"https:\/\/goias.gov.br\/abc\/wp-content\/uploads\/sites\/23\/2025\/10\/PROGRAMA_DE_QUINTA.jpg\" title=\"\" alt=\"\" loading=\"lazy\" \/>\t\t\t\t\t\t\t\t\t\t\t\t\t\t\t<\/div>\n\t\t\t\t<div class=\"elementor-element elementor-element-4f03a93 elementor-widget elementor-widget-text-editor\" data-id=\"4f03a93\" data-element_type=\"widget\" data-e-type=\"widget\" data-widget_type=\"text-editor.default\">\n\t\t\t\t\t\t\t\t\t<p style=\"text-align: center;\">Um palco para uma conversa divertida e ampla sobre cultura em todas as suas formas, com espa\u00e7o aos artistas da nossa terra<br \/><span style=\"font-size: 12pt;\"><strong>Quinta &#8211; 16h e 23h<\/strong><\/span><\/p>\t\t\t\t\t\t\t\t<\/div>\n\t\t\t\t<\/div>\n\t\t\t\t\t<\/div>\n\t\t\t\t<\/div>\n\t\t<div class=\"elementor-element elementor-element-d93da87 e-flex e-con-boxed e-con e-parent\" data-id=\"d93da87\" data-element_type=\"container\" data-e-type=\"container\">\n\t\t\t\t\t<div class=\"e-con-inner\">\n\t\t<div class=\"elementor-element elementor-element-b6931d8 e-con-full e-flex e-con e-child\" data-id=\"b6931d8\" data-element_type=\"container\" data-e-type=\"container\">\n\t\t\t\t<div class=\"elementor-element elementor-element-55a79c7 elementor-widget elementor-widget-image\" data-id=\"55a79c7\" data-element_type=\"widget\" data-e-type=\"widget\" data-widget_type=\"image.default\">\n\t\t\t\t\t\t\t\t\t\t\t\t\t\t\t<img decoding=\"async\" src=\"https:\/\/goias.gov.br\/abc\/wp-content\/uploads\/sites\/23\/2025\/10\/TBC.jpg\" title=\"\" alt=\"\" loading=\"lazy\" \/>\t\t\t\t\t\t\t\t\t\t\t\t\t\t\t<\/div>\n\t\t\t\t<div class=\"elementor-element elementor-element-f7d6882 elementor-widget elementor-widget-text-editor\" data-id=\"f7d6882\" data-element_type=\"widget\" data-e-type=\"widget\" data-widget_type=\"text-editor.default\">\n\t\t\t\t\t\t\t\t\t<p style=\"text-align: center;\">Programa de variedades da Brasil Central que conecta o p\u00fablico a temas relevantes e leves para come\u00e7ar bem o dia<br \/><span style=\"font-size: 12pt;\"><strong>Segunda a sexta &#8211; 10h05h<\/strong><\/span><\/p>\t\t\t\t\t\t\t\t<\/div>\n\t\t\t\t<\/div>\n\t\t<div class=\"elementor-element elementor-element-8d9b245 e-con-full e-flex e-con e-child\" data-id=\"8d9b245\" data-element_type=\"container\" data-e-type=\"container\">\n\t\t\t\t<div class=\"elementor-element elementor-element-5de8b04 elementor-widget elementor-widget-image\" data-id=\"5de8b04\" data-element_type=\"widget\" data-e-type=\"widget\" data-widget_type=\"image.default\">\n\t\t\t\t\t\t\t\t\t\t\t\t\t\t\t<img decoding=\"async\" src=\"https:\/\/goias.gov.br\/abc\/wp-content\/uploads\/sites\/23\/2025\/10\/TBC_DEBATE.jpg\" title=\"\" alt=\"\" loading=\"lazy\" \/>\t\t\t\t\t\t\t\t\t\t\t\t\t\t\t<\/div>\n\t\t\t\t<div class=\"elementor-element elementor-element-150ce58 elementor-widget elementor-widget-text-editor\" data-id=\"150ce58\" data-element_type=\"widget\" data-e-type=\"widget\" data-widget_type=\"text-editor.default\">\n\t\t\t\t\t\t\t\t\t<p style=\"text-align: center;\"><span style=\"font-size: 12pt;\">Programa que traz discuss\u00f5es sobre o cen\u00e1rio pol\u00edtico brasileiro, onde quem briga s\u00e3o as ideias e n\u00e3o as pessoas<\/span><br \/><span style=\"font-size: 12pt;\"><strong>Ter\u00e7a a quinta &#8211; 22h e 11h30<\/strong><\/span><\/p>\t\t\t\t\t\t\t\t<\/div>\n\t\t\t\t<\/div>\n\t\t\t\t\t<\/div>\n\t\t\t\t<\/div>\n\t\t<div class=\"elementor-element elementor-element-a620b0c e-flex e-con-boxed e-con e-parent\" data-id=\"a620b0c\" data-element_type=\"container\" data-e-type=\"container\">\n\t\t\t\t\t<div class=\"e-con-inner\">\n\t\t<div class=\"elementor-element elementor-element-93604bc e-con-full e-flex e-con e-child\" data-id=\"93604bc\" data-element_type=\"container\" data-e-type=\"container\">\n\t\t\t\t<div class=\"elementor-element elementor-element-a2d9bd2 elementor-widget elementor-widget-image\" data-id=\"a2d9bd2\" data-element_type=\"widget\" data-e-type=\"widget\" data-widget_type=\"image.default\">\n\t\t\t\t\t\t\t\t\t\t\t\t\t\t\t<img decoding=\"async\" src=\"https:\/\/goias.gov.br\/abc\/wp-content\/uploads\/sites\/23\/2025\/10\/TBC_ESPORTE_1.jpg\" title=\"\" alt=\"\" loading=\"lazy\" \/>\t\t\t\t\t\t\t\t\t\t\t\t\t\t\t<\/div>\n\t\t\t\t<div class=\"elementor-element elementor-element-0437386 elementor-widget elementor-widget-text-editor\" data-id=\"0437386\" data-element_type=\"widget\" data-e-type=\"widget\" data-widget_type=\"text-editor.default\">\n\t\t\t\t\t\t\t\t\t<p style=\"text-align: center;\"><span style=\"font-size: 12pt;\">Sua resenha esportiva no come\u00e7o da tarde, com tudo sobre o esporte local e nacional<\/span><br \/><span style=\"font-size: 12pt;\"><strong>Segunda a sexta &#8211; 13h<\/strong><\/span><\/p>\t\t\t\t\t\t\t\t<\/div>\n\t\t\t\t<\/div>\n\t\t<div class=\"elementor-element elementor-element-1a43b77 e-con-full e-flex e-con e-child\" data-id=\"1a43b77\" data-element_type=\"container\" data-e-type=\"container\">\n\t\t\t\t<div class=\"elementor-element elementor-element-30700a5 elementor-widget elementor-widget-image\" data-id=\"30700a5\" data-element_type=\"widget\" data-e-type=\"widget\" data-widget_type=\"image.default\">\n\t\t\t\t\t\t\t\t\t\t\t\t\t\t\t<img decoding=\"async\" src=\"https:\/\/goias.gov.br\/abc\/wp-content\/uploads\/sites\/23\/2025\/10\/TBC_ESPORTE_2.jpg\" title=\"\" alt=\"\" loading=\"lazy\" \/>\t\t\t\t\t\t\t\t\t\t\t\t\t\t\t<\/div>\n\t\t\t\t<div class=\"elementor-element elementor-element-18018e6 elementor-widget elementor-widget-text-editor\" data-id=\"18018e6\" data-element_type=\"widget\" data-e-type=\"widget\" data-widget_type=\"text-editor.default\">\n\t\t\t\t\t\t\t\t\t<p style=\"text-align: center;\">A faixa nobre da Brasil Central come\u00e7a sempre com a melhor an\u00e1lise e a maior cobertura esportiva<br \/><span style=\"font-size: 12pt;\"><strong>Ter\u00e7a, quarta e quinta &#8211; 19h30<\/strong><\/span><\/p>\t\t\t\t\t\t\t\t<\/div>\n\t\t\t\t<\/div>\n\t\t\t\t\t<\/div>\n\t\t\t\t<\/div>\n\t\t<div class=\"elementor-element elementor-element-3f4dbe5 e-flex e-con-boxed e-con e-parent\" data-id=\"3f4dbe5\" data-element_type=\"container\" data-e-type=\"container\">\n\t\t\t\t\t<div class=\"e-con-inner\">\n\t\t<div class=\"elementor-element elementor-element-d5df05c e-con-full e-flex e-con e-child\" data-id=\"d5df05c\" data-element_type=\"container\" data-e-type=\"container\">\n\t\t\t\t<div class=\"elementor-element elementor-element-37150fb elementor-widget elementor-widget-image\" data-id=\"37150fb\" data-element_type=\"widget\" data-e-type=\"widget\" data-widget_type=\"image.default\">\n\t\t\t\t\t\t\t\t\t\t\t\t\t\t\t<img decoding=\"async\" src=\"https:\/\/goias.gov.br\/abc\/wp-content\/uploads\/sites\/23\/2025\/10\/TBC_NEWS.jpg\" title=\"\" alt=\"\" loading=\"lazy\" \/>\t\t\t\t\t\t\t\t\t\t\t\t\t\t\t<\/div>\n\t\t\t\t<div class=\"elementor-element elementor-element-df2c727 elementor-widget elementor-widget-text-editor\" data-id=\"df2c727\" data-element_type=\"widget\" data-e-type=\"widget\" data-widget_type=\"text-editor.default\">\n\t\t\t\t\t\t\t\t\t<p style=\"text-align: center;\">Para encerrar o dia, um resumo das principais not\u00edcias, com destaque a tudo o que acontece em Goi\u00e1s<br \/><span style=\"font-size: 12pt;\"><strong>Segunda a sexta &#8211; 20h30<\/strong><\/span><\/p>\t\t\t\t\t\t\t\t<\/div>\n\t\t\t\t<\/div>\n\t\t<div class=\"elementor-element elementor-element-51e0357 e-con-full e-flex e-con e-child\" data-id=\"51e0357\" data-element_type=\"container\" data-e-type=\"container\">\n\t\t\t\t<div class=\"elementor-element elementor-element-5c5dada elementor-widget elementor-widget-image\" data-id=\"5c5dada\" data-element_type=\"widget\" data-e-type=\"widget\" data-widget_type=\"image.default\">\n\t\t\t\t\t\t\t\t\t\t\t\t\t\t\t<img decoding=\"async\" src=\"https:\/\/goias.gov.br\/abc\/wp-content\/uploads\/sites\/23\/2025\/10\/TBC_POP.jpg\" title=\"\" alt=\"\" loading=\"lazy\" \/>\t\t\t\t\t\t\t\t\t\t\t\t\t\t\t<\/div>\n\t\t\t\t<div class=\"elementor-element elementor-element-92ee7d3 elementor-widget elementor-widget-text-editor\" data-id=\"92ee7d3\" data-element_type=\"widget\" data-e-type=\"widget\" data-widget_type=\"text-editor.default\">\n\t\t\t\t\t\t\t\t\t<p style=\"text-align: center;\">O melhor do entretenimento, cultura pop e comportamento, com convidados especiais, humor e muita energia<br \/><span style=\"font-size: 12pt;\"><strong>Ter\u00e7a &#8211; 16h e 23h<\/strong><\/span><\/p>\t\t\t\t\t\t\t\t<\/div>\n\t\t\t\t<\/div>\n\t\t\t\t\t<\/div>\n\t\t\t\t<\/div>\n\t\t\t\t<\/div>\n\t\t","protected":false},"excerpt":{"rendered":"<p>Podcast do agroneg\u00f3cio que estimula a troca de saberes t\u00e9cnicos, de neg\u00f3cios e estrat\u00e9gias para o mundo agroS\u00e1bado &#8211; 7h \/ Domingo &#8211; 18h \/ Segunda &#8211; 7h \u00a0Pol\u00edtica nacional e local em pauta de forma direta, acess\u00edvel e atual, com apresenta\u00e7\u00e3o de Paulo BeringhsTer\u00e7a a quinta &#8211; 19h30 \/ Domingo &#8211; 22h Uma an\u00e1lise [&hellip;]<\/p>\n","protected":false},"author":222,"featured_media":0,"parent":0,"menu_order":0,"comment_status":"closed","ping_status":"closed","template":"wppb_theme_template","meta":{"footnotes":""},"class_list":["post-6752","page","type-page","status-publish","hentry"],"rttpg_featured_image_url":null,"rttpg_author":{"display_name":"diegomsilva","author_link":"https:\/\/goias.gov.br\/abc\/author\/diegomsilva\/"},"rttpg_comment":0,"rttpg_category":null,"rttpg_excerpt":"Podcast do agroneg\u00f3cio que estimula a troca de saberes t\u00e9cnicos, de neg\u00f3cios e estrat\u00e9gias para o mundo agroS\u00e1bado &#8211; 7h \/ Domingo &#8211; 18h \/ Segunda &#8211; 7h \u00a0Pol\u00edtica nacional e local em pauta de forma direta, acess\u00edvel e atual, com apresenta\u00e7\u00e3o de Paulo BeringhsTer\u00e7a a quinta &#8211; 19h30 \/ Domingo &#8211; 22h Uma an\u00e1lise&hellip;","_links":{"self":[{"href":"https:\/\/goias.gov.br\/abc\/wp-json\/wp\/v2\/pages\/6752","targetHints":{"allow":["GET"]}}],"collection":[{"href":"https:\/\/goias.gov.br\/abc\/wp-json\/wp\/v2\/pages"}],"about":[{"href":"https:\/\/goias.gov.br\/abc\/wp-json\/wp\/v2\/types\/page"}],"author":[{"embeddable":true,"href":"https:\/\/goias.gov.br\/abc\/wp-json\/wp\/v2\/users\/222"}],"replies":[{"embeddable":true,"href":"https:\/\/goias.gov.br\/abc\/wp-json\/wp\/v2\/comments?post=6752"}],"version-history":[{"count":2,"href":"https:\/\/goias.gov.br\/abc\/wp-json\/wp\/v2\/pages\/6752\/revisions"}],"predecessor-version":[{"id":124967,"href":"https:\/\/goias.gov.br\/abc\/wp-json\/wp\/v2\/pages\/6752\/revisions\/124967"}],"wp:attachment":[{"href":"https:\/\/goias.gov.br\/abc\/wp-json\/wp\/v2\/media?parent=6752"}],"curies":[{"name":"wp","href":"https:\/\/api.w.org\/{rel}","templated":true}]}}