

{"id":6748,"date":"2023-10-17T11:03:44","date_gmt":"2023-10-17T14:03:44","guid":{"rendered":"https:\/\/siteshom.goias.gov.br\/abc\/?page_id=6748"},"modified":"2026-04-14T10:43:08","modified_gmt":"2026-04-14T13:43:08","slug":"grade-de-programacao-tbc","status":"publish","type":"page","link":"https:\/\/goias.gov.br\/abc\/grade-de-programacao-tbc\/","title":{"rendered":"Grade de Programa\u00e7\u00e3o TBC"},"content":{"rendered":"\t\t<div data-elementor-type=\"wp-page\" data-elementor-id=\"6748\" class=\"elementor elementor-6748\">\n\t\t\t\t<div class=\"elementor-element elementor-element-57490b5 e-flex e-con-boxed e-con e-parent\" data-id=\"57490b5\" data-element_type=\"container\" data-e-type=\"container\">\n\t\t\t\t\t<div class=\"e-con-inner\">\n\t\t<div class=\"elementor-element elementor-element-d9f2e9f e-con-full e-flex e-con e-child\" data-id=\"d9f2e9f\" data-element_type=\"container\" data-e-type=\"container\">\n\t\t\t\t<div class=\"elementor-element elementor-element-8758781 elementor-widget elementor-widget-text-editor\" data-id=\"8758781\" data-element_type=\"widget\" data-e-type=\"widget\" data-widget_type=\"text-editor.default\">\n\t\t\t\t\t\t\t\t\t<p>Confira aqui os hor\u00e1rios da programa\u00e7\u00e3o local da TV Brasil Central<\/p>\t\t\t\t\t\t\t\t<\/div>\n\t\t\t\t<\/div>\n\t\t\t\t\t<\/div>\n\t\t\t\t<\/div>\n\t\t<div class=\"elementor-element elementor-element-0b3a50c e-flex e-con-boxed e-con e-parent\" data-id=\"0b3a50c\" data-element_type=\"container\" data-e-type=\"container\">\n\t\t\t\t\t<div class=\"e-con-inner\">\n\t\t<div class=\"elementor-element elementor-element-0cf63aa e-con-full e-flex e-con e-child\" data-id=\"0cf63aa\" data-element_type=\"container\" data-e-type=\"container\">\n\t\t\t\t<div class=\"elementor-element elementor-element-015ba09 elementor-widget elementor-widget-heading\" data-id=\"015ba09\" data-element_type=\"widget\" data-e-type=\"widget\" data-widget_type=\"heading.default\">\n\t\t\t\t\t<h3 class=\"elementor-heading-title elementor-size-default\">Segunda-feira<\/h3>\t\t\t\t<\/div>\n\t\t\t\t<div class=\"elementor-element elementor-element-33feb06 elementor-widget elementor-widget-text-editor\" data-id=\"33feb06\" data-element_type=\"widget\" data-e-type=\"widget\" data-widget_type=\"text-editor.default\">\n\t\t\t\t\t\t\t\t\t<p><strong>13\/04\/2026<\/strong><\/p><p>04h30 &#8211; Museu de S\u00e3o Paulo<br \/>05h00 &#8211; Balaio<br \/>06h00 &#8211; Energia<br \/>06h30 &#8211; Agrocultura<br \/><strong>07h00 &#8211; Agro Talk &#8211; reprise<\/strong><br \/><strong>08h00 &#8211; O Mundo em Sua Casa &#8211; ao vivo<\/strong><br \/>09h00 &#8211; Quintal da Cultura<br \/><strong>12h00 &#8211; Jornal Brasil Central &#8211; ao vivo<\/strong><br \/><strong>13h00 &#8211; TBC Esporte 1\u00aa Edi\u00e7\u00e3o &#8211; ao vivo<\/strong><br \/>14h00 &#8211; Jornal da Tarde<br \/>14h45 &#8211; Quintal da Cultura<br \/><strong>16h00 &#8211; Est\u00fadio RBC<\/strong><br \/>17h00 &#8211; Aninha, A Inf\u00e2ncia de Cora Coralina<br \/>17h15 &#8211; As Aventura de Tintim<br \/>17h45 &#8211; Irm\u00e3o do Jorel<br \/><strong>18h00 &#8211; TBC Esporte 2\u00aa Edi\u00e7\u00e3o &#8211; ao vivo<\/strong><br \/>19h30 &#8211; Mat\u00e9ria de Capa<br \/>20h00 &#8211; Rep\u00f3rter Eco<br \/><strong>20h30 &#8211; TBC News &#8211; ao vivo<\/strong><br \/>21h00 &#8211; Jornal da Cultura<br \/>22h00 &#8211; Roda Viva<br \/>23h30 &#8211; Metr\u00f3polis<br \/>00h00 &#8211; Persona<br \/>01h00 &#8211; Metr\u00f3polis<br \/>01h30 &#8211; Futurando<br \/>02h00 &#8211; Jornal da Cultura<br \/>03h00 &#8211; Cart\u00e3o Verde<br \/>04h00 &#8211; Ingl\u00eas Com M\u00fasica<br \/>05h00 &#8211; Jornal da Cultura<\/p>\t\t\t\t\t\t\t\t<\/div>\n\t\t\t\t<\/div>\n\t\t<div class=\"elementor-element elementor-element-37f0fe1 e-con-full e-flex e-con e-child\" data-id=\"37f0fe1\" data-element_type=\"container\" data-e-type=\"container\">\n\t\t\t\t<div class=\"elementor-element elementor-element-c3fb515 elementor-widget elementor-widget-heading\" data-id=\"c3fb515\" data-element_type=\"widget\" data-e-type=\"widget\" data-widget_type=\"heading.default\">\n\t\t\t\t\t<h3 class=\"elementor-heading-title elementor-size-default\">Ter\u00e7a-feira<\/h3>\t\t\t\t<\/div>\n\t\t\t\t<div class=\"elementor-element elementor-element-eced7dd elementor-widget elementor-widget-text-editor\" data-id=\"eced7dd\" data-element_type=\"widget\" data-e-type=\"widget\" data-widget_type=\"text-editor.default\">\n\t\t\t\t\t\t\t\t\t<p><strong>14\/04\/2026<\/strong><\/p><p>06h00 &#8211; Energia<br \/>06h30 &#8211; Nossa L\u00edngua<br \/><strong>07h00 &#8211; Goi\u00e1s Agro &#8211; reprise<\/strong><br \/><strong>08h00 &#8211; O Mundo em Sua Casa &#8211; ao vivo<\/strong><br \/>09h00 &#8211; Quintal da Cultura<br \/><strong>11h30 &#8211; TBC Debate &#8211; reprise<\/strong><br \/><strong>12h00 &#8211; Jornal Brasil Central &#8211; ao vivo<\/strong><br \/><strong>13h00 &#8211; TBC Esporte 1\u00aa Edi\u00e7\u00e3o &#8211; ao vivo<\/strong><br \/>14h00 &#8211; Jornal da Tarde<br \/>14h45 &#8211; Quintal da Cultura<br \/><strong>16h00 &#8211; TBC Pop<\/strong><br \/>17h00 &#8211; Aninha, A Inf\u00e2ncia de Cora Coralina<br \/>17h15 &#8211; As Aventuras de Tintim<br \/>17h45 &#8211; Irm\u00e3o do Jorel<br \/><strong>18h00 &#8211; TBC Esporte 2\u00aa Edi\u00e7\u00e3o &#8211; ao vivo<\/strong><br \/><strong>19h30 &#8211; Boa Noite &#8211; ao vivo<\/strong><br \/><strong>20h30 &#8211; TBC News &#8211; ao vivo<\/strong><br \/>21h00 &#8211; Jornal da Cultura<br \/><strong>22h00 &#8211; TBC Debate<\/strong><br \/>22h30 &#8211; Mat\u00e9ria de Capa<br \/><strong>23h00 &#8211; TBC Pop &#8211; reprise<\/strong><br \/>00h00 &#8211; Camarote 21<br \/>00h30 &#8211; Metr\u00f3polis<br \/>01h00 &#8211; Caf\u00e9 Filos\u00f3fico<br \/>02h00 &#8211; Jornal da Cultura<br \/>03h00 &#8211; Brasil Jazz Sinf\u00f4nica<br \/>04h00 &#8211; Ingl\u00eas Com M\u00fasica<br \/>05h00 &#8211; Jornal da Cultura<\/p>\t\t\t\t\t\t\t\t<\/div>\n\t\t\t\t<\/div>\n\t\t<div class=\"elementor-element elementor-element-fe44c64 e-con-full e-flex e-con e-child\" data-id=\"fe44c64\" data-element_type=\"container\" data-e-type=\"container\">\n\t\t\t\t<div class=\"elementor-element elementor-element-ba22632 elementor-widget elementor-widget-heading\" data-id=\"ba22632\" data-element_type=\"widget\" data-e-type=\"widget\" data-widget_type=\"heading.default\">\n\t\t\t\t\t<h3 class=\"elementor-heading-title elementor-size-default\">Quarta-feira<\/h3>\t\t\t\t<\/div>\n\t\t\t\t<div class=\"elementor-element elementor-element-c7730fa elementor-widget elementor-widget-text-editor\" data-id=\"c7730fa\" data-element_type=\"widget\" data-e-type=\"widget\" data-widget_type=\"text-editor.default\">\n\t\t\t\t\t\t\t\t\t<p><strong>15\/04\/2026<\/strong><\/p><p>06h00 &#8211; Energia<br \/>06h30 &#8211; Mat\u00e9ria de Capa<br \/>07h00 &#8211; Cocoric\u00f3<br \/>07h15 &#8211; Peppa Pig<br \/>07h30 &#8211; Leo, O Caminh\u00e3o<br \/>07h35 &#8211; Planeta Palavra<br \/>07h45 &#8211; Oi, Duggee!<br \/>07h55 &#8211; Parquinho Jur\u00e1ssico<br \/><strong>08h00 &#8211; O Mundo em Sua Casa &#8211; ao vivo<\/strong><br \/>09h00 &#8211; Quintal da Cultura<br \/><strong>11h30 &#8211; TBC Debate &#8211; reprise<\/strong><br \/><strong>12h00 &#8211; Jornal Brasil Central &#8211; ao vivo<\/strong><br \/><strong>13h00 &#8211; TBC Esporte 1\u00aa Edi\u00e7\u00e3o &#8211; ao vivo<\/strong><br \/>14h00 &#8211; Jornal da Tarde<br \/>14h45 &#8211; Quintal da Cultura<br \/><strong>16h00 &#8211; Hora Extra<\/strong><br \/>16h30 &#8211; Quintal da Cultura<br \/>16h45 &#8211; Manual de Sobreviv\u00eancia da Literatura Brasileira<br \/>17h15 &#8211; As Aventura de Tintim<br \/>17h45 &#8211; Irm\u00e3o do Jorel<br \/><strong>18h00 &#8211; Seguran\u00e7a M\u00e1xima &#8211; ao vivo<br \/>19h00 &#8211; TBC Esporte 2\u00aa Edi\u00e7\u00e3o &#8211; ao vivo<\/strong><br \/><strong>20h00 &#8211; Boa Noite &#8211; ao vivo<\/strong><br \/>21h00 &#8211; Jornal da Cultura<br \/><strong>22h00 &#8211; TBC Debate<\/strong><br \/>22h30 &#8211; Cultura Document\u00e1rio<br \/>23h30 &#8211; Brasil Toca Choro<br \/>00h30 &#8211; Metr\u00f3polis<br \/>01h00 &#8211; Entrelinhas<br \/>02h00 &#8211; Jornal da Cultura<br \/>03h00 &#8211; Provoca<br \/>04h00 &#8211; Ingl\u00eas Com M\u00fasica<br \/>05h00 &#8211; Jornal da Cultura<\/p>\t\t\t\t\t\t\t\t<\/div>\n\t\t\t\t<\/div>\n\t\t\t\t\t<\/div>\n\t\t\t\t<\/div>\n\t\t<div class=\"elementor-element elementor-element-1e92b2d e-flex e-con-boxed e-con e-parent\" data-id=\"1e92b2d\" data-element_type=\"container\" data-e-type=\"container\">\n\t\t\t\t\t<div class=\"e-con-inner\">\n\t\t<div class=\"elementor-element elementor-element-2f063b0 e-con-full e-flex e-con e-child\" data-id=\"2f063b0\" data-element_type=\"container\" data-e-type=\"container\">\n\t\t\t\t<div class=\"elementor-element elementor-element-2f22a36 elementor-widget elementor-widget-heading\" data-id=\"2f22a36\" data-element_type=\"widget\" data-e-type=\"widget\" data-widget_type=\"heading.default\">\n\t\t\t\t\t<h3 class=\"elementor-heading-title elementor-size-default\">Quinta-feira<\/h3>\t\t\t\t<\/div>\n\t\t\t\t<div class=\"elementor-element elementor-element-1ed40a5 elementor-widget elementor-widget-text-editor\" data-id=\"1ed40a5\" data-element_type=\"widget\" data-e-type=\"widget\" data-widget_type=\"text-editor.default\">\n\t\t\t\t\t\t\t\t\t<p><strong>16\/04\/2026<\/strong><\/p><p>06h00 &#8211; Energia<br \/>06h30 &#8211; Negros Focos<br \/>07h00 &#8211; Cocoric\u00f3<br \/>07h15 &#8211; Peppa Pig<br \/>07h30 &#8211; Leo, O Caminh\u00e3o<br \/>07h35 &#8211; Planeta Palavra<br \/>07h45 &#8211; Oi, Duggee!<br \/>07h55 &#8211; Parquinho Jur\u00e1ssico<br \/><strong>08h00 &#8211; O Mundo em Sua Casa &#8211; ao vivo<\/strong><br \/>09h00 &#8211; Quintal da Cultura<br \/><strong>11h30 &#8211; TBC Debate &#8211; reprise<\/strong><br \/><strong>12h00 &#8211; Jornal Brasil Central &#8211; ao vivo<\/strong><br \/><strong>13h00 &#8211; TBC Esporte 1\u00aa Edi\u00e7\u00e3o &#8211; ao vivo<\/strong><br \/>14h00 &#8211; Jornal da Tarde<br \/>14h45 &#8211; Quintal da Cultura<br \/><strong>16h00 &#8211; Programa de Quinta<\/strong><br \/>17h00 &#8211; Aninha, A Inf\u00e2ncia de Cora Coralina<br \/>17h15 &#8211; As Aventuras de Tintim<br \/>17h45 &#8211; Irm\u00e3o do Jorel<br \/><strong>18h00 &#8211; Seguran\u00e7a M\u00e1xima &#8211; ao vivo<\/strong><br \/><strong>19h00 &#8211; TBC Esporte 2\u00aa Edi\u00e7\u00e3o &#8211; ao vivo<\/strong><br \/><strong>20h00 &#8211; Boa Noite &#8211; ao vivo<\/strong><br \/>21h00 &#8211; Jornal da Cultura<br \/><strong>22h00 &#8211; TBC Debate<\/strong><br \/>22h30 &#8211; Rep\u00f3rter Eco<br \/><strong>23h00 &#8211; Programa de Quinta &#8211; reprise<\/strong><br \/>00h00 &#8211; Mat\u00e9ria de Capa<br \/>00h30 &#8211; Metr\u00f3polis<br \/>01h00 &#8211; Cultura Livre<br \/>01h30 &#8211; Museu de S\u00e3o Paulo<br \/>02h00 &#8211; Jornal da Cultura<br \/>03h00 &#8211; Boas Pr\u00e1ticas<br \/>04h00 &#8211; Ingl\u00eas Com M\u00fasica<br \/>05h00 &#8211; Jornal da Cultura<\/p>\t\t\t\t\t\t\t\t<\/div>\n\t\t\t\t<\/div>\n\t\t<div class=\"elementor-element elementor-element-4d4c32f e-con-full e-flex e-con e-child\" data-id=\"4d4c32f\" data-element_type=\"container\" data-e-type=\"container\">\n\t\t\t\t<div class=\"elementor-element elementor-element-ab13d69 elementor-widget elementor-widget-heading\" data-id=\"ab13d69\" data-element_type=\"widget\" data-e-type=\"widget\" data-widget_type=\"heading.default\">\n\t\t\t\t\t<h3 class=\"elementor-heading-title elementor-size-default\">Sexta-feira<\/h3>\t\t\t\t<\/div>\n\t\t\t\t<div class=\"elementor-element elementor-element-dc18091 elementor-widget elementor-widget-text-editor\" data-id=\"dc18091\" data-element_type=\"widget\" data-e-type=\"widget\" data-widget_type=\"text-editor.default\">\n\t\t\t\t\t\t\t\t\t<p><strong>17\/04\/2026<\/strong><\/p><p>06h00 &#8211; Energia<br \/>06h30 &#8211; Opini\u00e3o<br \/>07h00 &#8211; Cocoric\u00f3<br \/>07h15 &#8211; Peppa Pig<br \/>07h30 &#8211; Leo, O Caminh\u00e3o<br \/>07h35 &#8211; Planeta Palavra<br \/>07h45 &#8211; Oi, Duggee!<br \/>07h55 &#8211; Parquinho Jur\u00e1ssico<br \/><strong>08h00 &#8211; O Mundo em Sua Casa &#8211; ao vivo<\/strong><br \/>09h00 &#8211; Quintal da Cultura<br \/><strong>12h00 &#8211; Jornal Brasil Central &#8211; ao vivo<\/strong><br \/><strong>13h00 &#8211; TBC Esporte 1\u00aa Edi\u00e7\u00e3o &#8211; ao vivo<\/strong><br \/>14h00 &#8211; Jornal da Tarde<br \/>16h45 &#8211; Manual de Sobreviv\u00eancia da Literatura Brasileira<br \/>17h15 &#8211; As Aventura de Tintim<br \/>17h45 &#8211; Irm\u00e3o do Jorel<br \/><strong>18h00 &#8211; Seguran\u00e7a M\u00e1xima &#8211; ao vivo<\/strong><br \/><strong>19h00 &#8211; TBC Esporte 2\u00aa Edi\u00e7\u00e3o &#8211; ao vivo<\/strong><br \/>20h00 &#8211; Mat\u00e9ria de Capa<br \/><strong>20h30 &#8211; TBC News &#8211; ao vivo<\/strong><br \/>21h00 &#8211; Jornal da Cultura<br \/>22h00 &#8211; Metr\u00f3polis<br \/>22h30 &#8211; Mat\u00e9ria de Capa<br \/><strong>23h00 &#8211; TBC Mem\u00f3ria<\/strong><br \/>23h30 &#8211; Cultura Mem\u00f3ria<br \/>00h30 &#8211; Metr\u00f3polis<br \/>01h00 &#8211; Linhas Cruzadas<br \/>02h00 &#8211; Jornal da Cultura<br \/>03h00 &#8211; Arena Saberes<br \/>04h00 &#8211; Ingl\u00eas Com M\u00fasica<br \/>05h00 &#8211; Jornal da Cultura<\/p>\t\t\t\t\t\t\t\t<\/div>\n\t\t\t\t<\/div>\n\t\t\t\t\t<\/div>\n\t\t\t\t<\/div>\n\t\t<div class=\"elementor-element elementor-element-7cd93dd e-flex e-con-boxed e-con e-parent\" data-id=\"7cd93dd\" data-element_type=\"container\" data-e-type=\"container\">\n\t\t\t\t\t<div class=\"e-con-inner\">\n\t\t<div class=\"elementor-element elementor-element-47521ae e-con-full e-flex e-con e-child\" data-id=\"47521ae\" data-element_type=\"container\" data-e-type=\"container\">\n\t\t\t\t<div class=\"elementor-element elementor-element-4a6c03c elementor-widget elementor-widget-heading\" data-id=\"4a6c03c\" data-element_type=\"widget\" data-e-type=\"widget\" data-widget_type=\"heading.default\">\n\t\t\t\t\t<h3 class=\"elementor-heading-title elementor-size-default\">S\u00e1bado<\/h3>\t\t\t\t<\/div>\n\t\t\t\t<div class=\"elementor-element elementor-element-7415c29 elementor-widget elementor-widget-text-editor\" data-id=\"7415c29\" data-element_type=\"widget\" data-e-type=\"widget\" data-widget_type=\"text-editor.default\">\n\t\t\t\t\t\t\t\t\t<p><strong>18\/04\/2026<\/strong><\/p><p>06h00 &#8211; Energia<br \/>06h30 &#8211; Vamos Pedalar<br \/><strong>07h00 &#8211; Agro Talk<\/strong><br \/>08h00 &#8211; Palaloos<br \/>08h15 &#8211; Meu Amig\u00e3oz\u00e3o<br \/>08h30 &#8211; Mundo Bita<br \/>08h40 &#8211; Paramigos Impar\u00e1veis<br \/>08h45 &#8211; Bing<br \/>09h00 &#8211; Milo<br \/>09h10 &#8211; PJ Masks<br \/>09h25 &#8211; Bluey<br \/>09h40 &#8211; Viola e Tambor<br \/>09h55 &#8211; Simon, O Super Coelho<br \/>10h05 &#8211; Miss\u00e3o 347<br \/>10h15 &#8211; O Show da Luna<br \/><strong>10h30 &#8211; TBC Mem\u00f3ria &#8211; reprise<\/strong><br \/>11h00 &#8211; Mist\u00e9rios Animais<br \/>11h10 &#8211; Morgana e Celeste<br \/>11h15 &#8211; Weme e a Natureza<br \/>11h35 &#8211; Turma da M\u00f4nica<br \/>11h45 &#8211; Quintal da Cultura<br \/><strong>12h00 &#8211; Jornal Brasil Central &#8211; ao vivo<\/strong><br \/>13h00 &#8211; Palaloos<br \/>13h10 &#8211; L\u00e9o, O Caminh\u00e3o<br \/>13h15 &#8211; Planeta Palavra<br \/>13h25 &#8211; Oi, Duggee!<br \/>13h30 &#8211; Simon, O Supercoelho<br \/>13h40 &#8211; Bing<br \/>13h50 &#8211; Milo<br \/>14h00 &#8211; Meu Amig\u00e3oz\u00e3o<br \/>14h15 &#8211; Contos Assustadores da Masha<br \/>14h30 &#8211; Viola e Tambor<br \/>14h45 &#8211; Sol Em D\u00f3 R\u00e9 Mi<br \/>15h00 &#8211; Passado da Hora<br \/>15h15 &#8211; Bluey<br \/>15h30 &#8211; Pequenos Mestres<br \/>15h45 &#8211; O Show da Luna<br \/>16h00 &#8211; Weme e a natureza<br \/>16h20 &#8211; Turma da M\u00f4nica<br \/>16h30 &#8211; O Morto Mundo de George<br \/>16h45 &#8211; Manual de Sobreviv\u00eancia da Literatura Brasileira<br \/>17h15 &#8211; As Aventuras de tintim<br \/>17h45 &#8211; Irm\u00e3o do Jorel<br \/><strong>18h00 &#8211; Goi\u00e1s Agro &#8211; reprise<\/strong><br \/>19h00 &#8211; Antimat\u00e9ria<br \/>19h30 &#8211; Cultura Livre<br \/>20h00 &#8211; Museu de S\u00e3o Paulo<br \/>20h30 &#8211; Arquivo SP<br \/>21h00 &#8211; Jornal da Cultura<br \/>22h00 &#8211; Arena Saberes<br \/>23h00 &#8211; Cinecult<br \/>00h30 &#8211; Roda Viva<br \/>02h00 &#8211; Jornal da Cultura<br \/>03h00 &#8211; Persona<br \/>04h00 &#8211; Ingl\u00eas Com M\u00fasica<br \/>05h00 &#8211; Jornal da Cultura<\/p>\t\t\t\t\t\t\t\t<\/div>\n\t\t\t\t<\/div>\n\t\t<div class=\"elementor-element elementor-element-652ca2a e-con-full e-flex e-con e-child\" data-id=\"652ca2a\" data-element_type=\"container\" data-e-type=\"container\">\n\t\t\t\t<div class=\"elementor-element elementor-element-59abf20 elementor-widget elementor-widget-heading\" data-id=\"59abf20\" data-element_type=\"widget\" data-e-type=\"widget\" data-widget_type=\"heading.default\">\n\t\t\t\t\t<h3 class=\"elementor-heading-title elementor-size-default\">Domingo<\/h3>\t\t\t\t<\/div>\n\t\t\t\t<div class=\"elementor-element elementor-element-286c8a7 elementor-widget elementor-widget-text-editor\" data-id=\"286c8a7\" data-element_type=\"widget\" data-e-type=\"widget\" data-widget_type=\"text-editor.default\">\n\t\t\t\t\t\t\t\t\t<p><strong>19\/04\/2026<\/strong><\/p><p>06h00 &#8211; Viola Minha Viola<br \/><strong>07h00 &#8211; Goi\u00e1s Agro<\/strong><br \/>08h00 &#8211; Missa de Aparecida<br \/>09h00 &#8211; Balaio<br \/>10h00 &#8211; Agrocultura<br \/>10h30 &#8211; Brasil Mostra a Tua Cara<br \/>11h00 &#8211; Boas Pr\u00e1ticas<br \/>12h00 &#8211; Turma da M\u00f4nica<br \/>12h30 &#8211; Cocoric\u00f3<br \/>12h45 &#8211; Peppa Pig<br \/>13h00 &#8211; Palaloos<br \/>13h10 &#8211; L\u00e9o Caminh\u00e3o<br \/>13h15 &#8211; Planeta Palavra<br \/>13h25 &#8211; Oi, Duggee!<br \/>13h30 &#8211; Simon, O Supercoelho<br \/>13h40 &#8211; Bing<br \/>13h50 &#8211; Milo<br \/>14h00 &#8211; Meu Amig\u00e3oz\u00e3o<br \/>14h15 &#8211; Masha e o Urso<br \/>14h30 &#8211; Viola e Tambor<br \/>14h45 &#8211; Sol Em D\u00f3 R\u00e9 Mi<br \/>15h00 &#8211; Passado da Hora<br \/>15h15 &#8211; Bluey<br \/>15h30 &#8211; Turma da M\u00f4nica<br \/>15h40 &#8211; Weme e a Natureza<br \/>16h00 &#8211; Vamos Pedalar<br \/>16h30 &#8211; Perisc\u00f3pio<br \/>17h00 &#8211; Planeta Terra<br \/>18h00 &#8211; Rep\u00f3rter Eco<br \/><strong>18h30 &#8211; Agro Talk &#8211; reprise<\/strong><br \/>19h30 &#8211; Opini\u00e3o<br \/>20h00 &#8211; Caf\u00e9 Filos\u00f3fico<br \/>21h00 &#8211; Persona<br \/><strong>22h00 &#8211; Boa Noite &#8211; reprise<\/strong><br \/>23h00 &#8211; Mat\u00e9ria de Capa<br \/>23h30 &#8211; #Provoca<br \/>00h30 &#8211; Cl\u00e1ssicos<br \/>02h00 &#8211; Figuras da Dan\u00e7a<br \/>02h30 &#8211; Futurando<br \/>03h00 &#8211; Roda Viva<br \/>04h30 &#8211; Museu de S\u00e3o Paulo<br \/>05h00 &#8211; Balaio<\/p>\t\t\t\t\t\t\t\t<\/div>\n\t\t\t\t<\/div>\n\t\t\t\t\t<\/div>\n\t\t\t\t<\/div>\n\t\t\t\t<\/div>\n\t\t","protected":false},"excerpt":{"rendered":"<p>Confira aqui os hor\u00e1rios da programa\u00e7\u00e3o local da TV Brasil Central Segunda-feira 13\/04\/2026 04h30 &#8211; Museu de S\u00e3o Paulo05h00 &#8211; Balaio06h00 &#8211; Energia06h30 &#8211; Agrocultura07h00 &#8211; Agro Talk &#8211; reprise08h00 &#8211; O Mundo em Sua Casa &#8211; ao vivo09h00 &#8211; Quintal da Cultura12h00 &#8211; Jornal Brasil Central &#8211; ao vivo13h00 &#8211; TBC Esporte 1\u00aa Edi\u00e7\u00e3o [&hellip;]<\/p>\n","protected":false},"author":222,"featured_media":0,"parent":0,"menu_order":0,"comment_status":"closed","ping_status":"closed","template":"","meta":{"footnotes":""},"class_list":["post-6748","page","type-page","status-publish","hentry"],"rttpg_featured_image_url":null,"rttpg_author":{"display_name":"diegomsilva","author_link":"https:\/\/goias.gov.br\/abc\/author\/diegomsilva\/"},"rttpg_comment":0,"rttpg_category":null,"rttpg_excerpt":"Confira aqui os hor\u00e1rios da programa\u00e7\u00e3o local da TV Brasil Central Segunda-feira 13\/04\/2026 04h30 &#8211; Museu de S\u00e3o Paulo05h00 &#8211; Balaio06h00 &#8211; Energia06h30 &#8211; Agrocultura07h00 &#8211; Agro Talk &#8211; reprise08h00 &#8211; O Mundo em Sua Casa &#8211; ao vivo09h00 &#8211; Quintal da Cultura12h00 &#8211; Jornal Brasil Central &#8211; ao vivo13h00 &#8211; TBC Esporte 1\u00aa Edi\u00e7\u00e3o&hellip;","_links":{"self":[{"href":"https:\/\/goias.gov.br\/abc\/wp-json\/wp\/v2\/pages\/6748","targetHints":{"allow":["GET"]}}],"collection":[{"href":"https:\/\/goias.gov.br\/abc\/wp-json\/wp\/v2\/pages"}],"about":[{"href":"https:\/\/goias.gov.br\/abc\/wp-json\/wp\/v2\/types\/page"}],"author":[{"embeddable":true,"href":"https:\/\/goias.gov.br\/abc\/wp-json\/wp\/v2\/users\/222"}],"replies":[{"embeddable":true,"href":"https:\/\/goias.gov.br\/abc\/wp-json\/wp\/v2\/comments?post=6748"}],"version-history":[{"count":2,"href":"https:\/\/goias.gov.br\/abc\/wp-json\/wp\/v2\/pages\/6748\/revisions"}],"predecessor-version":[{"id":162362,"href":"https:\/\/goias.gov.br\/abc\/wp-json\/wp\/v2\/pages\/6748\/revisions\/162362"}],"wp:attachment":[{"href":"https:\/\/goias.gov.br\/abc\/wp-json\/wp\/v2\/media?parent=6748"}],"curies":[{"name":"wp","href":"https:\/\/api.w.org\/{rel}","templated":true}]}}