

{"id":13882,"date":"2023-12-19T15:53:30","date_gmt":"2023-12-19T18:53:30","guid":{"rendered":"https:\/\/siteshom.goias.gov.br\/abc\/?page_id=13882"},"modified":"2025-11-28T13:56:16","modified_gmt":"2025-11-28T16:56:16","slug":"fale-conosco","status":"publish","type":"page","link":"https:\/\/goias.gov.br\/abc\/fale-conosco\/","title":{"rendered":"Fale Conosco"},"content":{"rendered":"\t\t<div data-elementor-type=\"wp-page\" data-elementor-id=\"13882\" class=\"elementor elementor-13882\">\n\t\t\t\t<div class=\"elementor-element elementor-element-e9735b7 e-flex e-con-boxed e-con e-parent\" data-id=\"e9735b7\" data-element_type=\"container\" data-e-type=\"container\">\n\t\t\t\t\t<div class=\"e-con-inner\">\n\t\t<div class=\"elementor-element elementor-element-5d6c99a e-con-full e-flex e-con e-child\" data-id=\"5d6c99a\" data-element_type=\"container\" data-e-type=\"container\">\n\t\t\t\t<div class=\"elementor-element elementor-element-e0bd1aa elementor-widget elementor-widget-shortcode\" data-id=\"e0bd1aa\" data-element_type=\"widget\" data-e-type=\"widget\" data-widget_type=\"shortcode.default\">\n\t\t\t\t\t\t\t<div class=\"elementor-shortcode\">\n<div class=\"wpcf7 no-js\" id=\"wpcf7-f13884-o1\" lang=\"pt-BR\" dir=\"ltr\" data-wpcf7-id=\"13884\">\n<div class=\"screen-reader-response\"><p role=\"status\" aria-live=\"polite\" aria-atomic=\"true\"><\/p> <ul><\/ul><\/div>\n<form action=\"\/abc\/wp-json\/wp\/v2\/pages\/13882#wpcf7-f13884-o1\" method=\"post\" class=\"wpcf7-form init\" aria-label=\"Formul\u00e1rios de contato\" novalidate=\"novalidate\" data-status=\"init\">\n<fieldset class=\"hidden-fields-container\"><input type=\"hidden\" name=\"_wpcf7\" value=\"13884\" \/><input type=\"hidden\" name=\"_wpcf7_version\" value=\"6.1.5\" \/><input type=\"hidden\" name=\"_wpcf7_locale\" value=\"pt_BR\" \/><input type=\"hidden\" name=\"_wpcf7_unit_tag\" value=\"wpcf7-f13884-o1\" \/><input type=\"hidden\" name=\"_wpcf7_container_post\" value=\"0\" \/><input type=\"hidden\" name=\"_wpcf7_posted_data_hash\" value=\"\" \/>\n<\/fieldset>\n<p><label> Nome *<br \/>\n<span class=\"wpcf7-form-control-wrap\" data-name=\"your-name\"><input size=\"40\" maxlength=\"400\" class=\"wpcf7-form-control wpcf7-text wpcf7-validates-as-required\" autocomplete=\"name\" aria-required=\"true\" aria-invalid=\"false\" value=\"\" type=\"text\" name=\"your-name\" \/><\/span> <\/label>\n<\/p>\n<p><label> E-mail *<br \/>\n<span class=\"wpcf7-form-control-wrap\" data-name=\"your-email\"><input size=\"40\" maxlength=\"400\" class=\"wpcf7-form-control wpcf7-email wpcf7-validates-as-required wpcf7-text wpcf7-validates-as-email\" autocomplete=\"email\" aria-required=\"true\" aria-invalid=\"false\" value=\"\" type=\"email\" name=\"your-email\" \/><\/span> <\/label>\n<\/p>\n<p><label> Assunto *<br \/>\n<span class=\"wpcf7-form-control-wrap\" data-name=\"your-subject\"><input size=\"40\" maxlength=\"400\" class=\"wpcf7-form-control wpcf7-text wpcf7-validates-as-required\" aria-required=\"true\" aria-invalid=\"false\" value=\"\" type=\"text\" name=\"your-subject\" \/><\/span> <\/label>\n<\/p>\n<p><label> Mensagem *<br \/>\n<span class=\"wpcf7-form-control-wrap\" data-name=\"your-message\"><textarea cols=\"40\" rows=\"10\" maxlength=\"2000\" class=\"wpcf7-form-control wpcf7-textarea\" aria-invalid=\"false\" name=\"your-message\"><\/textarea><\/span> <\/label>\n<\/p>\n<p><input class=\"wpcf7-form-control wpcf7-submit has-spinner\" type=\"submit\" value=\"Enviar\" \/>\n<\/p><div class=\"wpcf7-response-output\" aria-hidden=\"true\"><\/div>\n<\/form>\n<\/div>\n<\/div>\n\t\t\t\t\t\t<\/div>\n\t\t\t\t<\/div>\n\t\t<div class=\"elementor-element elementor-element-2c29292 e-con-full e-flex e-con e-child\" data-id=\"2c29292\" data-element_type=\"container\" data-e-type=\"container\">\n\t\t\t\t<div class=\"elementor-element elementor-element-82cef49 elementor-widget elementor-widget-image\" data-id=\"82cef49\" data-element_type=\"widget\" data-e-type=\"widget\" data-widget_type=\"image.default\">\n\t\t\t\t\t\t\t\t\t\t\t\t\t\t\t<img decoding=\"async\" width=\"300\" height=\"91\" src=\"https:\/\/goias.gov.br\/abc\/wp-content\/uploads\/sites\/23\/2023\/12\/LOGO_ABC-300x91.png\" class=\"attachment-medium size-medium wp-image-13885\" alt=\"\" srcset=\"https:\/\/goias.gov.br\/abc\/wp-content\/uploads\/sites\/23\/2023\/12\/LOGO_ABC-300x91.png 300w, https:\/\/goias.gov.br\/abc\/wp-content\/uploads\/sites\/23\/2023\/12\/LOGO_ABC-1024x312.png 1024w, https:\/\/goias.gov.br\/abc\/wp-content\/uploads\/sites\/23\/2023\/12\/LOGO_ABC-768x234.png 768w, https:\/\/goias.gov.br\/abc\/wp-content\/uploads\/sites\/23\/2023\/12\/LOGO_ABC.png 1280w\" sizes=\"(max-width: 300px) 100vw, 300px\" \/>\t\t\t\t\t\t\t\t\t\t\t\t\t\t\t<\/div>\n\t\t\t\t<div class=\"elementor-element elementor-element-c4ccbad elementor-widget elementor-widget-shortcode\" data-id=\"c4ccbad\" data-element_type=\"widget\" data-e-type=\"widget\" data-widget_type=\"shortcode.default\">\n\t\t\t\t\t\t\t<div class=\"elementor-shortcode\"><div data-post-id=\"14339\" class=\"insert-page insert-page-14339 \">\n<p>Av. Dep. Jamel Cec\u00edlio, Km 01 <br>Centro Cultural Oscar Niemeyer, 2\u00ba Andar<br>Ch\u00e1caras Alto da Gl\u00f3ria, Goi\u00e2nia\/GO \u2013 CEP: 74891-135<br>Atendimento: 08h \u00e0s 12h e 14h \u00e0s 18h<\/p>\n\n\n\n<p><strong>Atendimento ao Cidad\u00e3o<\/strong><br>E-mail:&nbsp;<a href=\"mailto:%20protocolo.ser@goias.gov.br\">protocolo.ser@goias.gov.br<\/a><br>Telefone: (62) 3235-3350<\/p>\n\n\n\n<p><strong>Ouvidoria Setorial<\/strong><br>E-mail:&nbsp;<a href=\"mailto:ouvidoria.abc@goias.gov.br\">ouvidoria.abc@goias.gov.br<\/a><br>Fone: (62) 99252-5383<\/p>\n\n\n\n<p><strong>Imprensa<\/strong><br>E-mail:&nbsp;<a href=\"maito: comunicacao.abc@goias.gov.br\">comunicacao.abc@goias.gov.br<\/a><br>Telefone: (62) 3201-7655<\/p>\n\n\n\n<h4 class=\"wp-block-heading\"><strong><span style=\"color: #008000;\"><br>Ag\u00eancia Brasil Central<\/span><\/strong><\/h4>\n\n\n\n<p><strong>Presid\u00eancia<br><\/strong>Telefone: (62) 3235-3376<br>Email:&nbsp;<a href=\"mailto:presidencia.abc@goias.gov.br\">presidencia.abc@goias.gov.br<\/a><\/p>\n\n\n\n<p><strong>Diretoria de Telerradiodifus\u00e3o, Imprensa Oficial e Site<br><\/strong>Telefone: (62) 3235-3360<br>Email:\u00a0<a href=\"mailto:mardem.costa@goias.gov.br\">mardem.costa@goias.gov.br<\/a><\/p>\n\n\n\n<p><strong>Diretoria de Gest\u00e3o Integrada<\/strong><br>Telefone: (62) 3235-3395<br>Email:&nbsp;<a href=\"mailto:gestao.abc@goias.gov.br\">gestao.abc@goias.gov.br<\/a><\/p>\n\n\n\n<p><strong>Procuradoria Setorial<br><\/strong>Telefone: (62) 3235-3355<br>Email:&nbsp;<a href=\"mailto:rogerio.soares@pge.go.gov.br\">rogerio.soares@pge.go.gov.br<\/a><\/p>\n\n\n\n<p><strong>Departamento Comercial<br><\/strong>Telefone: (62) 3235-3380<br>Email:&nbsp;<a href=\"mailto:comercial.abc@goias.gov.br\">comercial.abc@goias.gov.br<\/a><br><strong><br>ABC Digital<br><\/strong>Telefone: (62) 3235-3396<br>E-mail: <a href=\"mailto:abcdigital@goias.gov.br\">abcdigital@goias.gov.br<\/a><\/p>\n\n\n\n<h4 class=\"wp-block-heading\"><strong><span style=\"color: #008000;\"><br>TV Brasil Central<\/span><\/strong><\/h4>\n\n\n\n<p>Telefone: (62) 3235-3356 \/ 3235-3387 &#8211; <strong>Jornalismo<\/strong><br>Telefone: (62) 3201-7704 &#8211; <strong>Entretenimento<\/strong><br>E-mail: <a href=\"mailto:tvbrasilcentral@goias.gov.br\">tvbrasilcentral@goias.gov.br<\/a><br>Redes sociais: <a href=\"https:\/\/www.youtube.com\/tvbrasilcentral\" target=\"_blank\" rel=\"noopener\">Youtube<\/a>&nbsp;&#8211;&nbsp;<a href=\"https:\/\/www.instagram.com\/tvbrasilcentral\" target=\"_blank\" rel=\"noopener\">Instagram<\/a>&nbsp;&#8211;&nbsp;<a href=\"https:\/\/www.facebook.com\/tvbrasilcentral\" target=\"_blank\" rel=\"noopener\">Facebook<\/a>&nbsp;&#8211;&nbsp;<a href=\"https:\/\/www.twitter.com\/tvbrasilcentral\" target=\"_blank\" rel=\"noopener\">X<\/a><\/p>\n\n\n\n<h4 class=\"wp-block-heading\"><strong><span style=\"color: #008000;\"><br>R\u00e1dio Brasil Central AM &nbsp;<\/span><\/strong><\/h4>\n\n\n\n<p>Telefone: (62) 3235-3361<br>E-mail: <a href=\"mailto:radiobrasilcentral@goias.gov.br\">radiobrasilcentral@goias.gov.br<\/a><br>Redes sociais: <a href=\"https:\/\/www.instagram.com\/radiobrasilcentralam\" target=\"_blank\" rel=\"noopener\">Instagram<\/a>&nbsp;&#8211;&nbsp;<a href=\"https:\/\/www.facebook.com\/radiobrasilcentralam\" target=\"_blank\" rel=\"noopener\">Facebook<\/a><br><span style=\"color: #008000;\"><strong><br><\/strong><\/span><\/p>\n\n\n\n<h4 class=\"wp-block-heading\"><strong><span style=\"color: #008000;\">RBC FM&nbsp;<\/span><\/strong><\/h4>\n\n\n\n<p>Telefone: (62) 3282-8780<br>E-mail: <a href=\"mailto:rbcfm@goias.gov.br\">rbcfm@goias.gov.br<\/a><br>Redes sociais: <a href=\"https:\/\/www.instagram.com\/rbcfm90.1\" target=\"_blank\" rel=\"noopener\">Instagram<\/a>&nbsp;&#8211;&nbsp;<a href=\"https:\/\/www.facebook.com\/rbcfm90.1\" target=\"_blank\" rel=\"noopener\">Facebook<\/a><\/p>\n\n\n\n<h4 class=\"wp-block-heading\"><strong><span style=\"color: #008000;\"><br>Imprensa Oficial<\/span><\/strong><\/h4>\n\n\n\n<p>Telefone: (62) 3235-3358 \/ 3235-3359<br>E-mail:&nbsp;<a href=\"mailto:diariooficial@goias.gov.br\">diariooficial@goias.gov.br<\/a><br>Site: <a href=\"https:\/\/www.diariooficial.abc.go.gov.br\" target=\"_blank\" rel=\"noopener\">Di\u00e1rio Oficial do Estado de Goi\u00e1s<\/a><\/p>\n<\/div><\/div>\n\t\t\t\t\t\t<\/div>\n\t\t\t\t<\/div>\n\t\t\t\t\t<\/div>\n\t\t\t\t<\/div>\n\t\t\t\t<\/div>\n\t\t","protected":false},"excerpt":{"rendered":"","protected":false},"author":7,"featured_media":0,"parent":0,"menu_order":0,"comment_status":"closed","ping_status":"closed","template":"","meta":{"footnotes":""},"class_list":["post-13882","page","type-page","status-publish","hentry"],"rttpg_featured_image_url":null,"rttpg_author":{"display_name":"gustavogoncalves","author_link":"https:\/\/goias.gov.br\/abc\/author\/gustavogoncalves\/"},"rttpg_comment":0,"rttpg_category":"","rttpg_excerpt":null,"_links":{"self":[{"href":"https:\/\/goias.gov.br\/abc\/wp-json\/wp\/v2\/pages\/13882","targetHints":{"allow":["GET"]}}],"collection":[{"href":"https:\/\/goias.gov.br\/abc\/wp-json\/wp\/v2\/pages"}],"about":[{"href":"https:\/\/goias.gov.br\/abc\/wp-json\/wp\/v2\/types\/page"}],"author":[{"embeddable":true,"href":"https:\/\/goias.gov.br\/abc\/wp-json\/wp\/v2\/users\/7"}],"replies":[{"embeddable":true,"href":"https:\/\/goias.gov.br\/abc\/wp-json\/wp\/v2\/comments?post=13882"}],"version-history":[{"count":2,"href":"https:\/\/goias.gov.br\/abc\/wp-json\/wp\/v2\/pages\/13882\/revisions"}],"predecessor-version":[{"id":124622,"href":"https:\/\/goias.gov.br\/abc\/wp-json\/wp\/v2\/pages\/13882\/revisions\/124622"}],"wp:attachment":[{"href":"https:\/\/goias.gov.br\/abc\/wp-json\/wp\/v2\/media?parent=13882"}],"curies":[{"name":"wp","href":"https:\/\/api.w.org\/{rel}","templated":true}]}}